{"id":9075,"date":"2026-03-12T01:06:04","date_gmt":"2026-03-12T01:06:04","guid":{"rendered":"https:\/\/urban-vitamin.com\/urban-vitamin-saratoga-5-i-1-universell-laddare-svart\/"},"modified":"2026-04-15T01:46:08","modified_gmt":"2026-04-15T01:46:08","slug":"saratoga-5-i-1-universelladdare-svart","status":"publish","type":"product","link":"https:\/\/urban-vitamin.com\/sv\/produkt\/saratoga-5-i-1-universelladdare-svart\/","title":{"rendered":"Saratoga 5-i-1 universelladdare, svart"},"content":{"rendered":"<p>Saratoga 5-i-1 universalladdare \u00e4r den ultimata b\u00e4rbara laddaren, utrustad med utbytbara adaptrar f\u00f6r smidiga resor. Med ett robust 10.000 mAh-batteri ger den l\u00e4ngre anv\u00e4ndningstid f\u00f6r dina enheter. Med supersnabb 15W integrerad magnetisk laddare f\u00f6r de senaste IOS-telefonerna och den senaste generationen Android-telefoner. Dessutom har den en inbyggd kabel anpassad f\u00f6r IOS-enheter och en USB-C-kabel f\u00f6r att underl\u00e4tta laddningen av Android-enheter och den nya generationens IOS-enheter. Med den snabba PD 20W USB-C-kapaciteten kan du ladda din PD-aktiverade enhet upp till 50% p\u00e5 mindre \u00e4n 30 minuter. Adaptrar f\u00f6r AU, EU, UK, USA och Asien ing\u00e5r. Laddaren kan ladda upp till fem enheter samtidigt och powerbanken laddas samtidigt som du laddar dina mobila enheter n\u00e4r den s\u00e4tts i ett eluttag. S\u00e5 vakna alltid p\u00e5 morgonen med en fulladdad telefon och en fulladdad powerbank. Urban Vitamins produkter \u00e4r tillverkade utan PVC och levereras i plastreducerade f\u00f6rpackningar.<\/p>\n","protected":false},"excerpt":{"rendered":"<p>Saratoga 5-i-1 universalladdare \u00e4r den ultimata b\u00e4rbara laddaren, utrustad med utbytbara adaptrar f\u00f6r smidiga resor. Med ett robust 10.000 mAh-batteri ger den l\u00e4ngre anv\u00e4ndningstid f\u00f6r dina enheter. Med supersnabb 15W integrerad magnetisk laddare f\u00f6r de senaste IOS-telefonerna och den senaste generationen Android-telefoner. Dessutom har den en inbyggd kabel anpassad f\u00f6r IOS-enheter och en USB-C-kabel f\u00f6r [&hellip;]<\/p>\n","protected":false},"featured_media":19105,"comment_status":"closed","ping_status":"closed","template":"","meta":{"_acf_changed":false,"om_disable_all_campaigns":false},"product_cat":[86],"product_tag":[],"class_list":["post-9075","product","type-product","status-publish","has-post-thumbnail","hentry","product_cat-laddare","pa_color-black"],"acf":[],"yoast_head":"<!-- This site is optimized with the Yoast SEO plugin v27.0 - https:\/\/yoast.com\/product\/yoast-seo-wordpress\/ -->\n<title>Saratoga 5-i-1 universelladdare, svart - Urban Vitamin<\/title>\n<meta name=\"robots\" content=\"index, follow, max-snippet:-1, max-image-preview:large, max-video-preview:-1\" \/>\n<link rel=\"canonical\" href=\"https:\/\/urban-vitamin.com\/sv\/produkt\/saratoga-5-i-1-universelladdare-svart\/\" \/>\n<meta property=\"og:locale\" content=\"sv_SE\" \/>\n<meta property=\"og:type\" content=\"article\" \/>\n<meta property=\"og:title\" content=\"Saratoga 5-i-1 universelladdare, svart - Urban Vitamin\" \/>\n<meta property=\"og:description\" content=\"Saratoga 5-i-1 universalladdare \u00e4r den ultimata b\u00e4rbara laddaren, utrustad med utbytbara adaptrar f\u00f6r smidiga resor. Med ett robust 10.000 mAh-batteri ger den l\u00e4ngre anv\u00e4ndningstid f\u00f6r dina enheter. Med supersnabb 15W integrerad magnetisk laddare f\u00f6r de senaste IOS-telefonerna och den senaste generationen Android-telefoner. Dessutom har den en inbyggd kabel anpassad f\u00f6r IOS-enheter och en USB-C-kabel f\u00f6r [&hellip;]\" \/>\n<meta property=\"og:url\" content=\"https:\/\/urban-vitamin.com\/sv\/produkt\/saratoga-5-i-1-universelladdare-svart\/\" \/>\n<meta property=\"og:site_name\" content=\"Urban Vitamin\" \/>\n<meta property=\"article:modified_time\" content=\"2026-04-15T01:46:08+00:00\" \/>\n<meta property=\"og:image\" content=\"https:\/\/urban-vitamin.com\/wp-content\/uploads\/sites\/5\/2024\/05\/P301.951__S_0__cc46f53d6f8b4f9e893a9ce0badc3e08.jpg\" \/>\n\t<meta property=\"og:image:width\" content=\"1024\" \/>\n\t<meta property=\"og:image:height\" content=\"1024\" \/>\n\t<meta property=\"og:image:type\" content=\"image\/jpeg\" \/>\n<meta name=\"twitter:card\" content=\"summary_large_image\" \/>\n<meta name=\"twitter:label1\" content=\"Ber\u00e4knad l\u00e4stid\" \/>\n\t<meta name=\"twitter:data1\" content=\"1 minut\" \/>\n<script type=\"application\/ld+json\" class=\"yoast-schema-graph\">{\"@context\":\"https:\/\/schema.org\",\"@graph\":[{\"@type\":\"WebPage\",\"@id\":\"https:\/\/urban-vitamin.com\/sv\/produkt\/saratoga-5-i-1-universelladdare-svart\/\",\"url\":\"https:\/\/urban-vitamin.com\/sv\/produkt\/saratoga-5-i-1-universelladdare-svart\/\",\"name\":\"Saratoga 5-i-1 universelladdare, svart - Urban Vitamin\",\"isPartOf\":{\"@id\":\"https:\/\/urban-vitamin.com\/sv\/#website\"},\"primaryImageOfPage\":{\"@id\":\"https:\/\/urban-vitamin.com\/sv\/produkt\/saratoga-5-i-1-universelladdare-svart\/#primaryimage\"},\"image\":{\"@id\":\"https:\/\/urban-vitamin.com\/sv\/produkt\/saratoga-5-i-1-universelladdare-svart\/#primaryimage\"},\"thumbnailUrl\":\"https:\/\/urban-vitamin.com\/wp-content\/uploads\/sites\/5\/2024\/05\/P301.951__S_0__cc46f53d6f8b4f9e893a9ce0badc3e08.jpg\",\"datePublished\":\"2026-03-12T01:06:04+00:00\",\"dateModified\":\"2026-04-15T01:46:08+00:00\",\"breadcrumb\":{\"@id\":\"https:\/\/urban-vitamin.com\/sv\/produkt\/saratoga-5-i-1-universelladdare-svart\/#breadcrumb\"},\"inLanguage\":\"sv-SE\",\"potentialAction\":[{\"@type\":\"ReadAction\",\"target\":[\"https:\/\/urban-vitamin.com\/sv\/produkt\/saratoga-5-i-1-universelladdare-svart\/\"]}]},{\"@type\":\"ImageObject\",\"inLanguage\":\"sv-SE\",\"@id\":\"https:\/\/urban-vitamin.com\/sv\/produkt\/saratoga-5-i-1-universelladdare-svart\/#primaryimage\",\"url\":\"https:\/\/urban-vitamin.com\/wp-content\/uploads\/sites\/5\/2024\/05\/P301.951__S_0__cc46f53d6f8b4f9e893a9ce0badc3e08.jpg\",\"contentUrl\":\"https:\/\/urban-vitamin.com\/wp-content\/uploads\/sites\/5\/2024\/05\/P301.951__S_0__cc46f53d6f8b4f9e893a9ce0badc3e08.jpg\",\"width\":1024,\"height\":1024},{\"@type\":\"BreadcrumbList\",\"@id\":\"https:\/\/urban-vitamin.com\/sv\/produkt\/saratoga-5-i-1-universelladdare-svart\/#breadcrumb\",\"itemListElement\":[{\"@type\":\"ListItem\",\"position\":1,\"name\":\"Home\",\"item\":\"https:\/\/urban-vitamin.com\/sv\/\"},{\"@type\":\"ListItem\",\"position\":2,\"name\":\"Kollektion\",\"item\":\"https:\/\/urban-vitamin.com\/sv\/kollektion\/\"},{\"@type\":\"ListItem\",\"position\":3,\"name\":\"Saratoga 5-i-1 universelladdare, svart\"}]},{\"@type\":\"WebSite\",\"@id\":\"https:\/\/urban-vitamin.com\/sv\/#website\",\"url\":\"https:\/\/urban-vitamin.com\/sv\/\",\"name\":\"Urban Vitamin\",\"description\":\"Enjoy your daily dose of Urban Vitamin!\",\"potentialAction\":[{\"@type\":\"SearchAction\",\"target\":{\"@type\":\"EntryPoint\",\"urlTemplate\":\"https:\/\/urban-vitamin.com\/sv\/?s={search_term_string}\"},\"query-input\":{\"@type\":\"PropertyValueSpecification\",\"valueRequired\":true,\"valueName\":\"search_term_string\"}}],\"inLanguage\":\"sv-SE\"}]}<\/script>\n<!-- \/ Yoast SEO plugin. -->","yoast_head_json":{"title":"Saratoga 5-i-1 universelladdare, svart - Urban Vitamin","robots":{"index":"index","follow":"follow","max-snippet":"max-snippet:-1","max-image-preview":"max-image-preview:large","max-video-preview":"max-video-preview:-1"},"canonical":"https:\/\/urban-vitamin.com\/sv\/produkt\/saratoga-5-i-1-universelladdare-svart\/","og_locale":"sv_SE","og_type":"article","og_title":"Saratoga 5-i-1 universelladdare, svart - Urban Vitamin","og_description":"Saratoga 5-i-1 universalladdare \u00e4r den ultimata b\u00e4rbara laddaren, utrustad med utbytbara adaptrar f\u00f6r smidiga resor. Med ett robust 10.000 mAh-batteri ger den l\u00e4ngre anv\u00e4ndningstid f\u00f6r dina enheter. Med supersnabb 15W integrerad magnetisk laddare f\u00f6r de senaste IOS-telefonerna och den senaste generationen Android-telefoner. Dessutom har den en inbyggd kabel anpassad f\u00f6r IOS-enheter och en USB-C-kabel f\u00f6r [&hellip;]","og_url":"https:\/\/urban-vitamin.com\/sv\/produkt\/saratoga-5-i-1-universelladdare-svart\/","og_site_name":"Urban Vitamin","article_modified_time":"2026-04-15T01:46:08+00:00","og_image":[{"width":1024,"height":1024,"url":"https:\/\/urban-vitamin.com\/wp-content\/uploads\/sites\/5\/2024\/05\/P301.951__S_0__cc46f53d6f8b4f9e893a9ce0badc3e08.jpg","type":"image\/jpeg"}],"twitter_card":"summary_large_image","twitter_misc":{"Ber\u00e4knad l\u00e4stid":"1 minut"},"schema":{"@context":"https:\/\/schema.org","@graph":[{"@type":"WebPage","@id":"https:\/\/urban-vitamin.com\/sv\/produkt\/saratoga-5-i-1-universelladdare-svart\/","url":"https:\/\/urban-vitamin.com\/sv\/produkt\/saratoga-5-i-1-universelladdare-svart\/","name":"Saratoga 5-i-1 universelladdare, svart - Urban Vitamin","isPartOf":{"@id":"https:\/\/urban-vitamin.com\/sv\/#website"},"primaryImageOfPage":{"@id":"https:\/\/urban-vitamin.com\/sv\/produkt\/saratoga-5-i-1-universelladdare-svart\/#primaryimage"},"image":{"@id":"https:\/\/urban-vitamin.com\/sv\/produkt\/saratoga-5-i-1-universelladdare-svart\/#primaryimage"},"thumbnailUrl":"https:\/\/urban-vitamin.com\/wp-content\/uploads\/sites\/5\/2024\/05\/P301.951__S_0__cc46f53d6f8b4f9e893a9ce0badc3e08.jpg","datePublished":"2026-03-12T01:06:04+00:00","dateModified":"2026-04-15T01:46:08+00:00","breadcrumb":{"@id":"https:\/\/urban-vitamin.com\/sv\/produkt\/saratoga-5-i-1-universelladdare-svart\/#breadcrumb"},"inLanguage":"sv-SE","potentialAction":[{"@type":"ReadAction","target":["https:\/\/urban-vitamin.com\/sv\/produkt\/saratoga-5-i-1-universelladdare-svart\/"]}]},{"@type":"ImageObject","inLanguage":"sv-SE","@id":"https:\/\/urban-vitamin.com\/sv\/produkt\/saratoga-5-i-1-universelladdare-svart\/#primaryimage","url":"https:\/\/urban-vitamin.com\/wp-content\/uploads\/sites\/5\/2024\/05\/P301.951__S_0__cc46f53d6f8b4f9e893a9ce0badc3e08.jpg","contentUrl":"https:\/\/urban-vitamin.com\/wp-content\/uploads\/sites\/5\/2024\/05\/P301.951__S_0__cc46f53d6f8b4f9e893a9ce0badc3e08.jpg","width":1024,"height":1024},{"@type":"BreadcrumbList","@id":"https:\/\/urban-vitamin.com\/sv\/produkt\/saratoga-5-i-1-universelladdare-svart\/#breadcrumb","itemListElement":[{"@type":"ListItem","position":1,"name":"Home","item":"https:\/\/urban-vitamin.com\/sv\/"},{"@type":"ListItem","position":2,"name":"Kollektion","item":"https:\/\/urban-vitamin.com\/sv\/kollektion\/"},{"@type":"ListItem","position":3,"name":"Saratoga 5-i-1 universelladdare, svart"}]},{"@type":"WebSite","@id":"https:\/\/urban-vitamin.com\/sv\/#website","url":"https:\/\/urban-vitamin.com\/sv\/","name":"Urban Vitamin","description":"Enjoy your daily dose of Urban Vitamin!","potentialAction":[{"@type":"SearchAction","target":{"@type":"EntryPoint","urlTemplate":"https:\/\/urban-vitamin.com\/sv\/?s={search_term_string}"},"query-input":{"@type":"PropertyValueSpecification","valueRequired":true,"valueName":"search_term_string"}}],"inLanguage":"sv-SE"}]}},"_links":{"self":[{"href":"https:\/\/urban-vitamin.com\/sv\/wp-json\/wp\/v2\/product\/9075","targetHints":{"allow":["GET"]}}],"collection":[{"href":"https:\/\/urban-vitamin.com\/sv\/wp-json\/wp\/v2\/product"}],"about":[{"href":"https:\/\/urban-vitamin.com\/sv\/wp-json\/wp\/v2\/types\/product"}],"replies":[{"embeddable":true,"href":"https:\/\/urban-vitamin.com\/sv\/wp-json\/wp\/v2\/comments?post=9075"}],"wp:featuredmedia":[{"embeddable":true,"href":"https:\/\/urban-vitamin.com\/sv\/wp-json\/wp\/v2\/media\/19105"}],"wp:attachment":[{"href":"https:\/\/urban-vitamin.com\/sv\/wp-json\/wp\/v2\/media?parent=9075"}],"wp:term":[{"taxonomy":"product_cat","embeddable":true,"href":"https:\/\/urban-vitamin.com\/sv\/wp-json\/wp\/v2\/product_cat?post=9075"},{"taxonomy":"product_tag","embeddable":true,"href":"https:\/\/urban-vitamin.com\/sv\/wp-json\/wp\/v2\/product_tag?post=9075"}],"curies":[{"name":"wp","href":"https:\/\/api.w.org\/{rel}","templated":true}]}}