{"id":8421,"date":"2026-04-16T00:07:00","date_gmt":"2026-04-16T00:07:00","guid":{"rendered":"https:\/\/urban-vitamin.com\/glendale-luftledande-horlurar-rcs-rplast-svart\/"},"modified":"2026-04-16T01:46:38","modified_gmt":"2026-04-16T01:46:38","slug":"glendale-luftledande-horlurar-rcs-plast-svart","status":"publish","type":"product","link":"https:\/\/urban-vitamin.com\/sv\/produkt\/glendale-luftledande-horlurar-rcs-plast-svart\/","title":{"rendered":"Glendale luftledande h\u00f6rlurar RCS plast, svart"},"content":{"rendered":"<p>Glendale, f\u00f6rstklassiga och tekniskt avancerade h\u00f6rlurar. Glendale f\u00f6r\u00e4ndrar s\u00e4ttet du lyssnar p\u00e5 musik och tr\u00e4nar p\u00e5. Den \u00f6ppna designen g\u00f6r att \u00f6ronsn\u00e4ckorna inte sitter i ditt \u00f6ra utan bredvid, vilket skapar kontinuerlig situationsmedvetenhet n\u00e4r du \u00e4r utomhus. Allt detta i f\u00f6rstklassig ljudkvalitet med f\u00f6rst\u00e4rkt bas. H\u00f6rlurarna \u00e4r IPX4 vattent\u00e4ta och passar d\u00e4rf\u00f6r f\u00f6r alla typer av tr\u00e4ningspass. De bekv\u00e4ma och l\u00e4tta \u00f6ronsn\u00e4ckorna \u00e4r perfekta b\u00e5de f\u00f6r daglig anv\u00e4ndning och f\u00f6r tr\u00e4ning. Batteriet ger en speltid p\u00e5 upp till 10 timmar p\u00e5 en enda laddning. Om du har ett inkommande samtal svarar du enkelt med den integrerade mikrofonen. Glendale \u00e4r tillverkade av RCS-certifierad \u00e5tervunnen ABS (Recycled Claim Standard). Totalt \u00e5tervunnet inneh\u00e5ll: 17% baserat p\u00e5 total produktvikt. RCS-certifieringen garanterar en helt certifierad leveranskedja f\u00f6r de \u00e5tervunna materialen. Urban Vitamin-artiklar tillverkas utan PVC och levereras i plastreducerade f\u00f6rpackningar.<\/p>\n","protected":false},"excerpt":{"rendered":"<p>Glendale, f\u00f6rstklassiga och tekniskt avancerade h\u00f6rlurar. Glendale f\u00f6r\u00e4ndrar s\u00e4ttet du lyssnar p\u00e5 musik och tr\u00e4nar p\u00e5. Den \u00f6ppna designen g\u00f6r att \u00f6ronsn\u00e4ckorna inte sitter i ditt \u00f6ra utan bredvid, vilket skapar kontinuerlig situationsmedvetenhet n\u00e4r du \u00e4r utomhus. Allt detta i f\u00f6rstklassig ljudkvalitet med f\u00f6rst\u00e4rkt bas. H\u00f6rlurarna \u00e4r IPX4 vattent\u00e4ta och passar d\u00e4rf\u00f6r f\u00f6r alla typer [&hellip;]<\/p>\n","protected":false},"featured_media":8367,"comment_status":"closed","ping_status":"closed","template":"","meta":{"_acf_changed":false,"om_disable_all_campaigns":false},"product_cat":[81],"product_tag":[],"class_list":["post-8421","product","type-product","status-publish","has-post-thumbnail","hentry","product_cat-tradlosa-horlurar","pa_color-black"],"acf":[],"yoast_head":"<!-- This site is optimized with the Yoast SEO plugin v27.0 - https:\/\/yoast.com\/product\/yoast-seo-wordpress\/ -->\n<title>Glendale luftledande h\u00f6rlurar RCS plast, svart - Urban Vitamin<\/title>\n<meta name=\"robots\" content=\"index, follow, max-snippet:-1, max-image-preview:large, max-video-preview:-1\" \/>\n<link rel=\"canonical\" href=\"https:\/\/urban-vitamin.com\/sv\/produkt\/glendale-luftledande-horlurar-rcs-plast-svart\/\" \/>\n<meta property=\"og:locale\" content=\"sv_SE\" \/>\n<meta property=\"og:type\" content=\"article\" \/>\n<meta property=\"og:title\" content=\"Glendale luftledande h\u00f6rlurar RCS plast, svart - Urban Vitamin\" \/>\n<meta property=\"og:description\" content=\"Glendale, f\u00f6rstklassiga och tekniskt avancerade h\u00f6rlurar. Glendale f\u00f6r\u00e4ndrar s\u00e4ttet du lyssnar p\u00e5 musik och tr\u00e4nar p\u00e5. Den \u00f6ppna designen g\u00f6r att \u00f6ronsn\u00e4ckorna inte sitter i ditt \u00f6ra utan bredvid, vilket skapar kontinuerlig situationsmedvetenhet n\u00e4r du \u00e4r utomhus. Allt detta i f\u00f6rstklassig ljudkvalitet med f\u00f6rst\u00e4rkt bas. H\u00f6rlurarna \u00e4r IPX4 vattent\u00e4ta och passar d\u00e4rf\u00f6r f\u00f6r alla typer [&hellip;]\" \/>\n<meta property=\"og:url\" content=\"https:\/\/urban-vitamin.com\/sv\/produkt\/glendale-luftledande-horlurar-rcs-plast-svart\/\" \/>\n<meta property=\"og:site_name\" content=\"Urban Vitamin\" \/>\n<meta property=\"article:modified_time\" content=\"2026-04-16T01:46:38+00:00\" \/>\n<meta property=\"og:image\" content=\"https:\/\/urban-vitamin.com\/wp-content\/uploads\/sites\/5\/2023\/07\/P331.501__S_0__cfcddeccc2734fe5bde4c1040663fa97.jpg\" \/>\n\t<meta property=\"og:image:width\" content=\"1024\" \/>\n\t<meta property=\"og:image:height\" content=\"1024\" \/>\n\t<meta property=\"og:image:type\" content=\"image\/jpeg\" \/>\n<meta name=\"twitter:card\" content=\"summary_large_image\" \/>\n<meta name=\"twitter:label1\" content=\"Ber\u00e4knad l\u00e4stid\" \/>\n\t<meta name=\"twitter:data1\" content=\"1 minut\" \/>\n<script type=\"application\/ld+json\" class=\"yoast-schema-graph\">{\"@context\":\"https:\/\/schema.org\",\"@graph\":[{\"@type\":\"WebPage\",\"@id\":\"https:\/\/urban-vitamin.com\/sv\/produkt\/glendale-luftledande-horlurar-rcs-plast-svart\/\",\"url\":\"https:\/\/urban-vitamin.com\/sv\/produkt\/glendale-luftledande-horlurar-rcs-plast-svart\/\",\"name\":\"Glendale luftledande h\u00f6rlurar RCS plast, svart - Urban Vitamin\",\"isPartOf\":{\"@id\":\"https:\/\/urban-vitamin.com\/sv\/#website\"},\"primaryImageOfPage\":{\"@id\":\"https:\/\/urban-vitamin.com\/sv\/produkt\/glendale-luftledande-horlurar-rcs-plast-svart\/#primaryimage\"},\"image\":{\"@id\":\"https:\/\/urban-vitamin.com\/sv\/produkt\/glendale-luftledande-horlurar-rcs-plast-svart\/#primaryimage\"},\"thumbnailUrl\":\"https:\/\/urban-vitamin.com\/wp-content\/uploads\/sites\/5\/2023\/07\/P331.501__S_0__cfcddeccc2734fe5bde4c1040663fa97.jpg\",\"datePublished\":\"2026-04-16T00:07:00+00:00\",\"dateModified\":\"2026-04-16T01:46:38+00:00\",\"breadcrumb\":{\"@id\":\"https:\/\/urban-vitamin.com\/sv\/produkt\/glendale-luftledande-horlurar-rcs-plast-svart\/#breadcrumb\"},\"inLanguage\":\"sv-SE\",\"potentialAction\":[{\"@type\":\"ReadAction\",\"target\":[\"https:\/\/urban-vitamin.com\/sv\/produkt\/glendale-luftledande-horlurar-rcs-plast-svart\/\"]}]},{\"@type\":\"ImageObject\",\"inLanguage\":\"sv-SE\",\"@id\":\"https:\/\/urban-vitamin.com\/sv\/produkt\/glendale-luftledande-horlurar-rcs-plast-svart\/#primaryimage\",\"url\":\"https:\/\/urban-vitamin.com\/wp-content\/uploads\/sites\/5\/2023\/07\/P331.501__S_0__cfcddeccc2734fe5bde4c1040663fa97.jpg\",\"contentUrl\":\"https:\/\/urban-vitamin.com\/wp-content\/uploads\/sites\/5\/2023\/07\/P331.501__S_0__cfcddeccc2734fe5bde4c1040663fa97.jpg\",\"width\":1024,\"height\":1024},{\"@type\":\"BreadcrumbList\",\"@id\":\"https:\/\/urban-vitamin.com\/sv\/produkt\/glendale-luftledande-horlurar-rcs-plast-svart\/#breadcrumb\",\"itemListElement\":[{\"@type\":\"ListItem\",\"position\":1,\"name\":\"Home\",\"item\":\"https:\/\/urban-vitamin.com\/sv\/\"},{\"@type\":\"ListItem\",\"position\":2,\"name\":\"Kollektion\",\"item\":\"https:\/\/urban-vitamin.com\/sv\/kollektion\/\"},{\"@type\":\"ListItem\",\"position\":3,\"name\":\"Glendale luftledande h\u00f6rlurar RCS plast, svart\"}]},{\"@type\":\"WebSite\",\"@id\":\"https:\/\/urban-vitamin.com\/sv\/#website\",\"url\":\"https:\/\/urban-vitamin.com\/sv\/\",\"name\":\"Urban Vitamin\",\"description\":\"Enjoy your daily dose of Urban Vitamin!\",\"potentialAction\":[{\"@type\":\"SearchAction\",\"target\":{\"@type\":\"EntryPoint\",\"urlTemplate\":\"https:\/\/urban-vitamin.com\/sv\/?s={search_term_string}\"},\"query-input\":{\"@type\":\"PropertyValueSpecification\",\"valueRequired\":true,\"valueName\":\"search_term_string\"}}],\"inLanguage\":\"sv-SE\"}]}<\/script>\n<!-- \/ Yoast SEO plugin. -->","yoast_head_json":{"title":"Glendale luftledande h\u00f6rlurar RCS plast, svart - Urban Vitamin","robots":{"index":"index","follow":"follow","max-snippet":"max-snippet:-1","max-image-preview":"max-image-preview:large","max-video-preview":"max-video-preview:-1"},"canonical":"https:\/\/urban-vitamin.com\/sv\/produkt\/glendale-luftledande-horlurar-rcs-plast-svart\/","og_locale":"sv_SE","og_type":"article","og_title":"Glendale luftledande h\u00f6rlurar RCS plast, svart - Urban Vitamin","og_description":"Glendale, f\u00f6rstklassiga och tekniskt avancerade h\u00f6rlurar. Glendale f\u00f6r\u00e4ndrar s\u00e4ttet du lyssnar p\u00e5 musik och tr\u00e4nar p\u00e5. Den \u00f6ppna designen g\u00f6r att \u00f6ronsn\u00e4ckorna inte sitter i ditt \u00f6ra utan bredvid, vilket skapar kontinuerlig situationsmedvetenhet n\u00e4r du \u00e4r utomhus. Allt detta i f\u00f6rstklassig ljudkvalitet med f\u00f6rst\u00e4rkt bas. H\u00f6rlurarna \u00e4r IPX4 vattent\u00e4ta och passar d\u00e4rf\u00f6r f\u00f6r alla typer [&hellip;]","og_url":"https:\/\/urban-vitamin.com\/sv\/produkt\/glendale-luftledande-horlurar-rcs-plast-svart\/","og_site_name":"Urban Vitamin","article_modified_time":"2026-04-16T01:46:38+00:00","og_image":[{"width":1024,"height":1024,"url":"https:\/\/urban-vitamin.com\/wp-content\/uploads\/sites\/5\/2023\/07\/P331.501__S_0__cfcddeccc2734fe5bde4c1040663fa97.jpg","type":"image\/jpeg"}],"twitter_card":"summary_large_image","twitter_misc":{"Ber\u00e4knad l\u00e4stid":"1 minut"},"schema":{"@context":"https:\/\/schema.org","@graph":[{"@type":"WebPage","@id":"https:\/\/urban-vitamin.com\/sv\/produkt\/glendale-luftledande-horlurar-rcs-plast-svart\/","url":"https:\/\/urban-vitamin.com\/sv\/produkt\/glendale-luftledande-horlurar-rcs-plast-svart\/","name":"Glendale luftledande h\u00f6rlurar RCS plast, svart - Urban Vitamin","isPartOf":{"@id":"https:\/\/urban-vitamin.com\/sv\/#website"},"primaryImageOfPage":{"@id":"https:\/\/urban-vitamin.com\/sv\/produkt\/glendale-luftledande-horlurar-rcs-plast-svart\/#primaryimage"},"image":{"@id":"https:\/\/urban-vitamin.com\/sv\/produkt\/glendale-luftledande-horlurar-rcs-plast-svart\/#primaryimage"},"thumbnailUrl":"https:\/\/urban-vitamin.com\/wp-content\/uploads\/sites\/5\/2023\/07\/P331.501__S_0__cfcddeccc2734fe5bde4c1040663fa97.jpg","datePublished":"2026-04-16T00:07:00+00:00","dateModified":"2026-04-16T01:46:38+00:00","breadcrumb":{"@id":"https:\/\/urban-vitamin.com\/sv\/produkt\/glendale-luftledande-horlurar-rcs-plast-svart\/#breadcrumb"},"inLanguage":"sv-SE","potentialAction":[{"@type":"ReadAction","target":["https:\/\/urban-vitamin.com\/sv\/produkt\/glendale-luftledande-horlurar-rcs-plast-svart\/"]}]},{"@type":"ImageObject","inLanguage":"sv-SE","@id":"https:\/\/urban-vitamin.com\/sv\/produkt\/glendale-luftledande-horlurar-rcs-plast-svart\/#primaryimage","url":"https:\/\/urban-vitamin.com\/wp-content\/uploads\/sites\/5\/2023\/07\/P331.501__S_0__cfcddeccc2734fe5bde4c1040663fa97.jpg","contentUrl":"https:\/\/urban-vitamin.com\/wp-content\/uploads\/sites\/5\/2023\/07\/P331.501__S_0__cfcddeccc2734fe5bde4c1040663fa97.jpg","width":1024,"height":1024},{"@type":"BreadcrumbList","@id":"https:\/\/urban-vitamin.com\/sv\/produkt\/glendale-luftledande-horlurar-rcs-plast-svart\/#breadcrumb","itemListElement":[{"@type":"ListItem","position":1,"name":"Home","item":"https:\/\/urban-vitamin.com\/sv\/"},{"@type":"ListItem","position":2,"name":"Kollektion","item":"https:\/\/urban-vitamin.com\/sv\/kollektion\/"},{"@type":"ListItem","position":3,"name":"Glendale luftledande h\u00f6rlurar RCS plast, svart"}]},{"@type":"WebSite","@id":"https:\/\/urban-vitamin.com\/sv\/#website","url":"https:\/\/urban-vitamin.com\/sv\/","name":"Urban Vitamin","description":"Enjoy your daily dose of Urban Vitamin!","potentialAction":[{"@type":"SearchAction","target":{"@type":"EntryPoint","urlTemplate":"https:\/\/urban-vitamin.com\/sv\/?s={search_term_string}"},"query-input":{"@type":"PropertyValueSpecification","valueRequired":true,"valueName":"search_term_string"}}],"inLanguage":"sv-SE"}]}},"_links":{"self":[{"href":"https:\/\/urban-vitamin.com\/sv\/wp-json\/wp\/v2\/product\/8421","targetHints":{"allow":["GET"]}}],"collection":[{"href":"https:\/\/urban-vitamin.com\/sv\/wp-json\/wp\/v2\/product"}],"about":[{"href":"https:\/\/urban-vitamin.com\/sv\/wp-json\/wp\/v2\/types\/product"}],"replies":[{"embeddable":true,"href":"https:\/\/urban-vitamin.com\/sv\/wp-json\/wp\/v2\/comments?post=8421"}],"wp:featuredmedia":[{"embeddable":true,"href":"https:\/\/urban-vitamin.com\/sv\/wp-json\/wp\/v2\/media\/8367"}],"wp:attachment":[{"href":"https:\/\/urban-vitamin.com\/sv\/wp-json\/wp\/v2\/media?parent=8421"}],"wp:term":[{"taxonomy":"product_cat","embeddable":true,"href":"https:\/\/urban-vitamin.com\/sv\/wp-json\/wp\/v2\/product_cat?post=8421"},{"taxonomy":"product_tag","embeddable":true,"href":"https:\/\/urban-vitamin.com\/sv\/wp-json\/wp\/v2\/product_tag?post=8421"}],"curies":[{"name":"wp","href":"https:\/\/api.w.org\/{rel}","templated":true}]}}