{"id":5595,"date":"2026-03-12T01:08:24","date_gmt":"2026-03-12T01:08:24","guid":{"rendered":"https:\/\/xdsomename.tempurl.host\/urban-vitamin\/product\/hayward-ipx7-tradlos-hogtalare-svart\/"},"modified":"2026-03-12T02:47:08","modified_gmt":"2026-03-12T02:47:08","slug":"hayward-ipx7-tradlos-hogtalare-svart","status":"publish","type":"product","link":"https:\/\/urban-vitamin.com\/sv\/produkt\/hayward-ipx7-tradlos-hogtalare-svart\/","title":{"rendered":"Hayward IPX7 tr\u00e5dl\u00f6s h\u00f6gtalare, svart"},"content":{"rendered":"<p>Kompakt men kraftig h\u00f6gtalare som du enkelt kan ta med dig. Strandh\u00e4ng? Perfekt! Poolparty? Toppen! En regnskur? Inga problem! Din 5W h\u00f6gtalare \u00e4r IPX7 vattent\u00e4t p\u00e5 upp till 1 meters djup och max 30 minuter! Efter en sandig dag p\u00e5 stranden \u00e4r det bara att sk\u00f6lja av den i duschen. H\u00f6gtalaren har ett sp\u00e4nne s\u00e5 att den kan f\u00e4stas p\u00e5 en ryggs\u00e4ck eller anv\u00e4ndas som st\u00e4ll f\u00f6r h\u00f6gtalaren. Batteriet ger en speltid p\u00e5 upp till 24 timmar s\u00e5 var beredd p\u00e5 att dygna. Om du f\u00e5r ett samtal kan du besvara det med den integrerade mikrofonen. Urban Vitamin produkter \u00e4r PVC-fria och levereras i en plastreducerad f\u00f6rpackning.<\/p>\n","protected":false},"excerpt":{"rendered":"<p>Kompakt men kraftig h\u00f6gtalare som du enkelt kan ta med dig. Strandh\u00e4ng? Perfekt! Poolparty? Toppen! En regnskur? Inga problem! Din 5W h\u00f6gtalare \u00e4r IPX7 vattent\u00e4t p\u00e5 upp till 1 meters djup och max 30 minuter! Efter en sandig dag p\u00e5 stranden \u00e4r det bara att sk\u00f6lja av den i duschen. H\u00f6gtalaren har ett sp\u00e4nne s\u00e5 [&hellip;]<\/p>\n","protected":false},"featured_media":17550,"comment_status":"closed","ping_status":"closed","template":"","meta":{"_acf_changed":false,"om_disable_all_campaigns":false},"product_cat":[83],"product_tag":[],"class_list":["post-5595","product","type-product","status-publish","has-post-thumbnail","hentry","product_cat-hogtalare","pa_color-black"],"acf":[],"yoast_head":"<!-- This site is optimized with the Yoast SEO plugin v27.0 - https:\/\/yoast.com\/product\/yoast-seo-wordpress\/ -->\n<title>Hayward IPX7 tr\u00e5dl\u00f6s h\u00f6gtalare, svart - Urban Vitamin<\/title>\n<meta name=\"robots\" content=\"index, follow, max-snippet:-1, max-image-preview:large, max-video-preview:-1\" \/>\n<link rel=\"canonical\" href=\"https:\/\/urban-vitamin.com\/sv\/produkt\/hayward-ipx7-tradlos-hogtalare-svart\/\" \/>\n<meta property=\"og:locale\" content=\"sv_SE\" \/>\n<meta property=\"og:type\" content=\"article\" \/>\n<meta property=\"og:title\" content=\"Hayward IPX7 tr\u00e5dl\u00f6s h\u00f6gtalare, svart - Urban Vitamin\" \/>\n<meta property=\"og:description\" content=\"Kompakt men kraftig h\u00f6gtalare som du enkelt kan ta med dig. Strandh\u00e4ng? Perfekt! Poolparty? Toppen! En regnskur? Inga problem! Din 5W h\u00f6gtalare \u00e4r IPX7 vattent\u00e4t p\u00e5 upp till 1 meters djup och max 30 minuter! Efter en sandig dag p\u00e5 stranden \u00e4r det bara att sk\u00f6lja av den i duschen. H\u00f6gtalaren har ett sp\u00e4nne s\u00e5 [&hellip;]\" \/>\n<meta property=\"og:url\" content=\"https:\/\/urban-vitamin.com\/sv\/produkt\/hayward-ipx7-tradlos-hogtalare-svart\/\" \/>\n<meta property=\"og:site_name\" content=\"Urban Vitamin\" \/>\n<meta property=\"article:modified_time\" content=\"2026-03-12T02:47:08+00:00\" \/>\n<meta property=\"og:image\" content=\"https:\/\/urban-vitamin.com\/wp-content\/uploads\/sites\/5\/2024\/02\/P329.911__S_0__d4063451e8354bd499c8b58c3353a7de.jpg\" \/>\n\t<meta property=\"og:image:width\" content=\"1024\" \/>\n\t<meta property=\"og:image:height\" content=\"1024\" \/>\n\t<meta property=\"og:image:type\" content=\"image\/jpeg\" \/>\n<meta name=\"twitter:card\" content=\"summary_large_image\" \/>\n<meta name=\"twitter:label1\" content=\"Ber\u00e4knad l\u00e4stid\" \/>\n\t<meta name=\"twitter:data1\" content=\"1 minut\" \/>\n<script type=\"application\/ld+json\" class=\"yoast-schema-graph\">{\"@context\":\"https:\/\/schema.org\",\"@graph\":[{\"@type\":\"WebPage\",\"@id\":\"https:\/\/urban-vitamin.com\/sv\/produkt\/hayward-ipx7-tradlos-hogtalare-svart\/\",\"url\":\"https:\/\/urban-vitamin.com\/sv\/produkt\/hayward-ipx7-tradlos-hogtalare-svart\/\",\"name\":\"Hayward IPX7 tr\u00e5dl\u00f6s h\u00f6gtalare, svart - Urban Vitamin\",\"isPartOf\":{\"@id\":\"https:\/\/urban-vitamin.com\/sv\/#website\"},\"primaryImageOfPage\":{\"@id\":\"https:\/\/urban-vitamin.com\/sv\/produkt\/hayward-ipx7-tradlos-hogtalare-svart\/#primaryimage\"},\"image\":{\"@id\":\"https:\/\/urban-vitamin.com\/sv\/produkt\/hayward-ipx7-tradlos-hogtalare-svart\/#primaryimage\"},\"thumbnailUrl\":\"https:\/\/urban-vitamin.com\/wp-content\/uploads\/sites\/5\/2024\/02\/P329.911__S_0__d4063451e8354bd499c8b58c3353a7de.jpg\",\"datePublished\":\"2026-03-12T01:08:24+00:00\",\"dateModified\":\"2026-03-12T02:47:08+00:00\",\"breadcrumb\":{\"@id\":\"https:\/\/urban-vitamin.com\/sv\/produkt\/hayward-ipx7-tradlos-hogtalare-svart\/#breadcrumb\"},\"inLanguage\":\"sv-SE\",\"potentialAction\":[{\"@type\":\"ReadAction\",\"target\":[\"https:\/\/urban-vitamin.com\/sv\/produkt\/hayward-ipx7-tradlos-hogtalare-svart\/\"]}]},{\"@type\":\"ImageObject\",\"inLanguage\":\"sv-SE\",\"@id\":\"https:\/\/urban-vitamin.com\/sv\/produkt\/hayward-ipx7-tradlos-hogtalare-svart\/#primaryimage\",\"url\":\"https:\/\/urban-vitamin.com\/wp-content\/uploads\/sites\/5\/2024\/02\/P329.911__S_0__d4063451e8354bd499c8b58c3353a7de.jpg\",\"contentUrl\":\"https:\/\/urban-vitamin.com\/wp-content\/uploads\/sites\/5\/2024\/02\/P329.911__S_0__d4063451e8354bd499c8b58c3353a7de.jpg\",\"width\":1024,\"height\":1024},{\"@type\":\"BreadcrumbList\",\"@id\":\"https:\/\/urban-vitamin.com\/sv\/produkt\/hayward-ipx7-tradlos-hogtalare-svart\/#breadcrumb\",\"itemListElement\":[{\"@type\":\"ListItem\",\"position\":1,\"name\":\"Home\",\"item\":\"https:\/\/urban-vitamin.com\/sv\/\"},{\"@type\":\"ListItem\",\"position\":2,\"name\":\"Kollektion\",\"item\":\"https:\/\/urban-vitamin.com\/sv\/kollektion\/\"},{\"@type\":\"ListItem\",\"position\":3,\"name\":\"Hayward IPX7 tr\u00e5dl\u00f6s h\u00f6gtalare, svart\"}]},{\"@type\":\"WebSite\",\"@id\":\"https:\/\/urban-vitamin.com\/sv\/#website\",\"url\":\"https:\/\/urban-vitamin.com\/sv\/\",\"name\":\"Urban Vitamin\",\"description\":\"Enjoy your daily dose of Urban Vitamin!\",\"potentialAction\":[{\"@type\":\"SearchAction\",\"target\":{\"@type\":\"EntryPoint\",\"urlTemplate\":\"https:\/\/urban-vitamin.com\/sv\/?s={search_term_string}\"},\"query-input\":{\"@type\":\"PropertyValueSpecification\",\"valueRequired\":true,\"valueName\":\"search_term_string\"}}],\"inLanguage\":\"sv-SE\"}]}<\/script>\n<!-- \/ Yoast SEO plugin. -->","yoast_head_json":{"title":"Hayward IPX7 tr\u00e5dl\u00f6s h\u00f6gtalare, svart - Urban Vitamin","robots":{"index":"index","follow":"follow","max-snippet":"max-snippet:-1","max-image-preview":"max-image-preview:large","max-video-preview":"max-video-preview:-1"},"canonical":"https:\/\/urban-vitamin.com\/sv\/produkt\/hayward-ipx7-tradlos-hogtalare-svart\/","og_locale":"sv_SE","og_type":"article","og_title":"Hayward IPX7 tr\u00e5dl\u00f6s h\u00f6gtalare, svart - Urban Vitamin","og_description":"Kompakt men kraftig h\u00f6gtalare som du enkelt kan ta med dig. Strandh\u00e4ng? Perfekt! Poolparty? Toppen! En regnskur? Inga problem! Din 5W h\u00f6gtalare \u00e4r IPX7 vattent\u00e4t p\u00e5 upp till 1 meters djup och max 30 minuter! Efter en sandig dag p\u00e5 stranden \u00e4r det bara att sk\u00f6lja av den i duschen. H\u00f6gtalaren har ett sp\u00e4nne s\u00e5 [&hellip;]","og_url":"https:\/\/urban-vitamin.com\/sv\/produkt\/hayward-ipx7-tradlos-hogtalare-svart\/","og_site_name":"Urban Vitamin","article_modified_time":"2026-03-12T02:47:08+00:00","og_image":[{"width":1024,"height":1024,"url":"https:\/\/urban-vitamin.com\/wp-content\/uploads\/sites\/5\/2024\/02\/P329.911__S_0__d4063451e8354bd499c8b58c3353a7de.jpg","type":"image\/jpeg"}],"twitter_card":"summary_large_image","twitter_misc":{"Ber\u00e4knad l\u00e4stid":"1 minut"},"schema":{"@context":"https:\/\/schema.org","@graph":[{"@type":"WebPage","@id":"https:\/\/urban-vitamin.com\/sv\/produkt\/hayward-ipx7-tradlos-hogtalare-svart\/","url":"https:\/\/urban-vitamin.com\/sv\/produkt\/hayward-ipx7-tradlos-hogtalare-svart\/","name":"Hayward IPX7 tr\u00e5dl\u00f6s h\u00f6gtalare, svart - Urban Vitamin","isPartOf":{"@id":"https:\/\/urban-vitamin.com\/sv\/#website"},"primaryImageOfPage":{"@id":"https:\/\/urban-vitamin.com\/sv\/produkt\/hayward-ipx7-tradlos-hogtalare-svart\/#primaryimage"},"image":{"@id":"https:\/\/urban-vitamin.com\/sv\/produkt\/hayward-ipx7-tradlos-hogtalare-svart\/#primaryimage"},"thumbnailUrl":"https:\/\/urban-vitamin.com\/wp-content\/uploads\/sites\/5\/2024\/02\/P329.911__S_0__d4063451e8354bd499c8b58c3353a7de.jpg","datePublished":"2026-03-12T01:08:24+00:00","dateModified":"2026-03-12T02:47:08+00:00","breadcrumb":{"@id":"https:\/\/urban-vitamin.com\/sv\/produkt\/hayward-ipx7-tradlos-hogtalare-svart\/#breadcrumb"},"inLanguage":"sv-SE","potentialAction":[{"@type":"ReadAction","target":["https:\/\/urban-vitamin.com\/sv\/produkt\/hayward-ipx7-tradlos-hogtalare-svart\/"]}]},{"@type":"ImageObject","inLanguage":"sv-SE","@id":"https:\/\/urban-vitamin.com\/sv\/produkt\/hayward-ipx7-tradlos-hogtalare-svart\/#primaryimage","url":"https:\/\/urban-vitamin.com\/wp-content\/uploads\/sites\/5\/2024\/02\/P329.911__S_0__d4063451e8354bd499c8b58c3353a7de.jpg","contentUrl":"https:\/\/urban-vitamin.com\/wp-content\/uploads\/sites\/5\/2024\/02\/P329.911__S_0__d4063451e8354bd499c8b58c3353a7de.jpg","width":1024,"height":1024},{"@type":"BreadcrumbList","@id":"https:\/\/urban-vitamin.com\/sv\/produkt\/hayward-ipx7-tradlos-hogtalare-svart\/#breadcrumb","itemListElement":[{"@type":"ListItem","position":1,"name":"Home","item":"https:\/\/urban-vitamin.com\/sv\/"},{"@type":"ListItem","position":2,"name":"Kollektion","item":"https:\/\/urban-vitamin.com\/sv\/kollektion\/"},{"@type":"ListItem","position":3,"name":"Hayward IPX7 tr\u00e5dl\u00f6s h\u00f6gtalare, svart"}]},{"@type":"WebSite","@id":"https:\/\/urban-vitamin.com\/sv\/#website","url":"https:\/\/urban-vitamin.com\/sv\/","name":"Urban Vitamin","description":"Enjoy your daily dose of Urban Vitamin!","potentialAction":[{"@type":"SearchAction","target":{"@type":"EntryPoint","urlTemplate":"https:\/\/urban-vitamin.com\/sv\/?s={search_term_string}"},"query-input":{"@type":"PropertyValueSpecification","valueRequired":true,"valueName":"search_term_string"}}],"inLanguage":"sv-SE"}]}},"_links":{"self":[{"href":"https:\/\/urban-vitamin.com\/sv\/wp-json\/wp\/v2\/product\/5595","targetHints":{"allow":["GET"]}}],"collection":[{"href":"https:\/\/urban-vitamin.com\/sv\/wp-json\/wp\/v2\/product"}],"about":[{"href":"https:\/\/urban-vitamin.com\/sv\/wp-json\/wp\/v2\/types\/product"}],"replies":[{"embeddable":true,"href":"https:\/\/urban-vitamin.com\/sv\/wp-json\/wp\/v2\/comments?post=5595"}],"wp:featuredmedia":[{"embeddable":true,"href":"https:\/\/urban-vitamin.com\/sv\/wp-json\/wp\/v2\/media\/17550"}],"wp:attachment":[{"href":"https:\/\/urban-vitamin.com\/sv\/wp-json\/wp\/v2\/media?parent=5595"}],"wp:term":[{"taxonomy":"product_cat","embeddable":true,"href":"https:\/\/urban-vitamin.com\/sv\/wp-json\/wp\/v2\/product_cat?post=5595"},{"taxonomy":"product_tag","embeddable":true,"href":"https:\/\/urban-vitamin.com\/sv\/wp-json\/wp\/v2\/product_tag?post=5595"}],"curies":[{"name":"wp","href":"https:\/\/api.w.org\/{rel}","templated":true}]}}