{"id":5591,"date":"2026-04-16T00:07:00","date_gmt":"2026-04-16T00:07:00","guid":{"rendered":"https:\/\/xdsomename.tempurl.host\/urban-vitamin\/product\/palm-springs-enc-oronsnackor-rcs-rplast-svart\/"},"modified":"2026-04-16T01:46:35","modified_gmt":"2026-04-16T01:46:35","slug":"palm-springs-enc-oronsnackor-rcs-rplast-svart","status":"publish","type":"product","link":"https:\/\/urban-vitamin.com\/sv\/produkt\/palm-springs-enc-oronsnackor-rcs-rplast-svart\/","title":{"rendered":"Palm Springs ENC \u00f6ronsn\u00e4ckor RCS rplast, svart"},"content":{"rendered":"<p>N\u00e4r du \u00f6ppnar fodralet och s\u00e4tter in \u00f6ronsn\u00e4ckorna sl\u00e5s du av det intensiva ljudet.  \u00d6ronsn\u00e4ckorna och det b\u00e4rbara laddningsfodralet \u00e4r designade s\u00e5 att du enkelt ska kunna ha dem med dig. De bekv\u00e4ma \u00f6ronsn\u00e4ckorna har upp till 6 timmars lyssningstid och laddningsfodralet ger upp till 20 timmars uppspelning. F\u00e5r du ett samtal s\u00e5 kan du enkelt besvara det i stereoljud tack var den ENC integrerade mikrofonen som ger en perfekt samtalskvalitet. IPX4 klassificeringen g\u00f6r \u00f6ronsn\u00e4ckorna v\u00e4dert\u00e5liga s\u00e5 inga problem att anv\u00e4nda dem utomhus. H\u00f6rlurarna och laddningsfodralet \u00e4r tillverkade av RCS (Recycled Claim Standard) certifierad \u00e5tervunnen ABS. Totalt \u00e5tervunnet inneh\u00e5ll: 55% baserat p\u00e5 total produktvikt. RCS certifiering s\u00e4kerst\u00e4ller en helt certifierad leveranskedja av de \u00e5tervunna materialen. Urban Vitamin produkter \u00e4r PVC-fria och levereras i en plastreducerad f\u00f6rpackning.<\/p>\n","protected":false},"excerpt":{"rendered":"<p>N\u00e4r du \u00f6ppnar fodralet och s\u00e4tter in \u00f6ronsn\u00e4ckorna sl\u00e5s du av det intensiva ljudet. \u00d6ronsn\u00e4ckorna och det b\u00e4rbara laddningsfodralet \u00e4r designade s\u00e5 att du enkelt ska kunna ha dem med dig. De bekv\u00e4ma \u00f6ronsn\u00e4ckorna har upp till 6 timmars lyssningstid och laddningsfodralet ger upp till 20 timmars uppspelning. F\u00e5r du ett samtal s\u00e5 kan du [&hellip;]<\/p>\n","protected":false},"featured_media":27764,"comment_status":"closed","ping_status":"closed","template":"","meta":{"_acf_changed":false,"om_disable_all_campaigns":false},"product_cat":[82],"product_tag":[],"class_list":["post-5591","product","type-product","status-publish","has-post-thumbnail","hentry","product_cat-tradlosa-oronsnackor","pa_color-black"],"acf":[],"yoast_head":"<!-- This site is optimized with the Yoast SEO plugin v27.0 - https:\/\/yoast.com\/product\/yoast-seo-wordpress\/ -->\n<title>Palm Springs ENC \u00f6ronsn\u00e4ckor RCS rplast, svart - Urban Vitamin<\/title>\n<meta name=\"robots\" content=\"index, follow, max-snippet:-1, max-image-preview:large, max-video-preview:-1\" \/>\n<link rel=\"canonical\" href=\"https:\/\/urban-vitamin.com\/sv\/produkt\/palm-springs-enc-oronsnackor-rcs-rplast-svart\/\" \/>\n<meta property=\"og:locale\" content=\"sv_SE\" \/>\n<meta property=\"og:type\" content=\"article\" \/>\n<meta property=\"og:title\" content=\"Palm Springs ENC \u00f6ronsn\u00e4ckor RCS rplast, svart - Urban Vitamin\" \/>\n<meta property=\"og:description\" content=\"N\u00e4r du \u00f6ppnar fodralet och s\u00e4tter in \u00f6ronsn\u00e4ckorna sl\u00e5s du av det intensiva ljudet. \u00d6ronsn\u00e4ckorna och det b\u00e4rbara laddningsfodralet \u00e4r designade s\u00e5 att du enkelt ska kunna ha dem med dig. De bekv\u00e4ma \u00f6ronsn\u00e4ckorna har upp till 6 timmars lyssningstid och laddningsfodralet ger upp till 20 timmars uppspelning. F\u00e5r du ett samtal s\u00e5 kan du [&hellip;]\" \/>\n<meta property=\"og:url\" content=\"https:\/\/urban-vitamin.com\/sv\/produkt\/palm-springs-enc-oronsnackor-rcs-rplast-svart\/\" \/>\n<meta property=\"og:site_name\" content=\"Urban Vitamin\" \/>\n<meta property=\"article:modified_time\" content=\"2026-04-16T01:46:35+00:00\" \/>\n<meta property=\"og:image\" content=\"https:\/\/urban-vitamin.com\/wp-content\/uploads\/sites\/5\/2026\/04\/P329.811__S_0__9d9d0742a2fa4633ba05c732c589de51.jpg\" \/>\n\t<meta property=\"og:image:width\" content=\"1024\" \/>\n\t<meta property=\"og:image:height\" content=\"1024\" \/>\n\t<meta property=\"og:image:type\" content=\"image\/jpeg\" \/>\n<meta name=\"twitter:card\" content=\"summary_large_image\" \/>\n<meta name=\"twitter:label1\" content=\"Ber\u00e4knad l\u00e4stid\" \/>\n\t<meta name=\"twitter:data1\" content=\"1 minut\" \/>\n<script type=\"application\/ld+json\" class=\"yoast-schema-graph\">{\"@context\":\"https:\/\/schema.org\",\"@graph\":[{\"@type\":\"WebPage\",\"@id\":\"https:\/\/urban-vitamin.com\/sv\/produkt\/palm-springs-enc-oronsnackor-rcs-rplast-svart\/\",\"url\":\"https:\/\/urban-vitamin.com\/sv\/produkt\/palm-springs-enc-oronsnackor-rcs-rplast-svart\/\",\"name\":\"Palm Springs ENC \u00f6ronsn\u00e4ckor RCS rplast, svart - Urban Vitamin\",\"isPartOf\":{\"@id\":\"https:\/\/urban-vitamin.com\/sv\/#website\"},\"primaryImageOfPage\":{\"@id\":\"https:\/\/urban-vitamin.com\/sv\/produkt\/palm-springs-enc-oronsnackor-rcs-rplast-svart\/#primaryimage\"},\"image\":{\"@id\":\"https:\/\/urban-vitamin.com\/sv\/produkt\/palm-springs-enc-oronsnackor-rcs-rplast-svart\/#primaryimage\"},\"thumbnailUrl\":\"https:\/\/urban-vitamin.com\/wp-content\/uploads\/sites\/5\/2026\/04\/P329.811__S_0__9d9d0742a2fa4633ba05c732c589de51.jpg\",\"datePublished\":\"2026-04-16T00:07:00+00:00\",\"dateModified\":\"2026-04-16T01:46:35+00:00\",\"breadcrumb\":{\"@id\":\"https:\/\/urban-vitamin.com\/sv\/produkt\/palm-springs-enc-oronsnackor-rcs-rplast-svart\/#breadcrumb\"},\"inLanguage\":\"sv-SE\",\"potentialAction\":[{\"@type\":\"ReadAction\",\"target\":[\"https:\/\/urban-vitamin.com\/sv\/produkt\/palm-springs-enc-oronsnackor-rcs-rplast-svart\/\"]}]},{\"@type\":\"ImageObject\",\"inLanguage\":\"sv-SE\",\"@id\":\"https:\/\/urban-vitamin.com\/sv\/produkt\/palm-springs-enc-oronsnackor-rcs-rplast-svart\/#primaryimage\",\"url\":\"https:\/\/urban-vitamin.com\/wp-content\/uploads\/sites\/5\/2026\/04\/P329.811__S_0__9d9d0742a2fa4633ba05c732c589de51.jpg\",\"contentUrl\":\"https:\/\/urban-vitamin.com\/wp-content\/uploads\/sites\/5\/2026\/04\/P329.811__S_0__9d9d0742a2fa4633ba05c732c589de51.jpg\",\"width\":1024,\"height\":1024},{\"@type\":\"BreadcrumbList\",\"@id\":\"https:\/\/urban-vitamin.com\/sv\/produkt\/palm-springs-enc-oronsnackor-rcs-rplast-svart\/#breadcrumb\",\"itemListElement\":[{\"@type\":\"ListItem\",\"position\":1,\"name\":\"Home\",\"item\":\"https:\/\/urban-vitamin.com\/sv\/\"},{\"@type\":\"ListItem\",\"position\":2,\"name\":\"Kollektion\",\"item\":\"https:\/\/urban-vitamin.com\/sv\/kollektion\/\"},{\"@type\":\"ListItem\",\"position\":3,\"name\":\"Palm Springs ENC \u00f6ronsn\u00e4ckor RCS rplast, svart\"}]},{\"@type\":\"WebSite\",\"@id\":\"https:\/\/urban-vitamin.com\/sv\/#website\",\"url\":\"https:\/\/urban-vitamin.com\/sv\/\",\"name\":\"Urban Vitamin\",\"description\":\"Enjoy your daily dose of Urban Vitamin!\",\"potentialAction\":[{\"@type\":\"SearchAction\",\"target\":{\"@type\":\"EntryPoint\",\"urlTemplate\":\"https:\/\/urban-vitamin.com\/sv\/?s={search_term_string}\"},\"query-input\":{\"@type\":\"PropertyValueSpecification\",\"valueRequired\":true,\"valueName\":\"search_term_string\"}}],\"inLanguage\":\"sv-SE\"}]}<\/script>\n<!-- \/ Yoast SEO plugin. -->","yoast_head_json":{"title":"Palm Springs ENC \u00f6ronsn\u00e4ckor RCS rplast, svart - Urban Vitamin","robots":{"index":"index","follow":"follow","max-snippet":"max-snippet:-1","max-image-preview":"max-image-preview:large","max-video-preview":"max-video-preview:-1"},"canonical":"https:\/\/urban-vitamin.com\/sv\/produkt\/palm-springs-enc-oronsnackor-rcs-rplast-svart\/","og_locale":"sv_SE","og_type":"article","og_title":"Palm Springs ENC \u00f6ronsn\u00e4ckor RCS rplast, svart - Urban Vitamin","og_description":"N\u00e4r du \u00f6ppnar fodralet och s\u00e4tter in \u00f6ronsn\u00e4ckorna sl\u00e5s du av det intensiva ljudet. \u00d6ronsn\u00e4ckorna och det b\u00e4rbara laddningsfodralet \u00e4r designade s\u00e5 att du enkelt ska kunna ha dem med dig. De bekv\u00e4ma \u00f6ronsn\u00e4ckorna har upp till 6 timmars lyssningstid och laddningsfodralet ger upp till 20 timmars uppspelning. F\u00e5r du ett samtal s\u00e5 kan du [&hellip;]","og_url":"https:\/\/urban-vitamin.com\/sv\/produkt\/palm-springs-enc-oronsnackor-rcs-rplast-svart\/","og_site_name":"Urban Vitamin","article_modified_time":"2026-04-16T01:46:35+00:00","og_image":[{"width":1024,"height":1024,"url":"https:\/\/urban-vitamin.com\/wp-content\/uploads\/sites\/5\/2026\/04\/P329.811__S_0__9d9d0742a2fa4633ba05c732c589de51.jpg","type":"image\/jpeg"}],"twitter_card":"summary_large_image","twitter_misc":{"Ber\u00e4knad l\u00e4stid":"1 minut"},"schema":{"@context":"https:\/\/schema.org","@graph":[{"@type":"WebPage","@id":"https:\/\/urban-vitamin.com\/sv\/produkt\/palm-springs-enc-oronsnackor-rcs-rplast-svart\/","url":"https:\/\/urban-vitamin.com\/sv\/produkt\/palm-springs-enc-oronsnackor-rcs-rplast-svart\/","name":"Palm Springs ENC \u00f6ronsn\u00e4ckor RCS rplast, svart - Urban Vitamin","isPartOf":{"@id":"https:\/\/urban-vitamin.com\/sv\/#website"},"primaryImageOfPage":{"@id":"https:\/\/urban-vitamin.com\/sv\/produkt\/palm-springs-enc-oronsnackor-rcs-rplast-svart\/#primaryimage"},"image":{"@id":"https:\/\/urban-vitamin.com\/sv\/produkt\/palm-springs-enc-oronsnackor-rcs-rplast-svart\/#primaryimage"},"thumbnailUrl":"https:\/\/urban-vitamin.com\/wp-content\/uploads\/sites\/5\/2026\/04\/P329.811__S_0__9d9d0742a2fa4633ba05c732c589de51.jpg","datePublished":"2026-04-16T00:07:00+00:00","dateModified":"2026-04-16T01:46:35+00:00","breadcrumb":{"@id":"https:\/\/urban-vitamin.com\/sv\/produkt\/palm-springs-enc-oronsnackor-rcs-rplast-svart\/#breadcrumb"},"inLanguage":"sv-SE","potentialAction":[{"@type":"ReadAction","target":["https:\/\/urban-vitamin.com\/sv\/produkt\/palm-springs-enc-oronsnackor-rcs-rplast-svart\/"]}]},{"@type":"ImageObject","inLanguage":"sv-SE","@id":"https:\/\/urban-vitamin.com\/sv\/produkt\/palm-springs-enc-oronsnackor-rcs-rplast-svart\/#primaryimage","url":"https:\/\/urban-vitamin.com\/wp-content\/uploads\/sites\/5\/2026\/04\/P329.811__S_0__9d9d0742a2fa4633ba05c732c589de51.jpg","contentUrl":"https:\/\/urban-vitamin.com\/wp-content\/uploads\/sites\/5\/2026\/04\/P329.811__S_0__9d9d0742a2fa4633ba05c732c589de51.jpg","width":1024,"height":1024},{"@type":"BreadcrumbList","@id":"https:\/\/urban-vitamin.com\/sv\/produkt\/palm-springs-enc-oronsnackor-rcs-rplast-svart\/#breadcrumb","itemListElement":[{"@type":"ListItem","position":1,"name":"Home","item":"https:\/\/urban-vitamin.com\/sv\/"},{"@type":"ListItem","position":2,"name":"Kollektion","item":"https:\/\/urban-vitamin.com\/sv\/kollektion\/"},{"@type":"ListItem","position":3,"name":"Palm Springs ENC \u00f6ronsn\u00e4ckor RCS rplast, svart"}]},{"@type":"WebSite","@id":"https:\/\/urban-vitamin.com\/sv\/#website","url":"https:\/\/urban-vitamin.com\/sv\/","name":"Urban Vitamin","description":"Enjoy your daily dose of Urban Vitamin!","potentialAction":[{"@type":"SearchAction","target":{"@type":"EntryPoint","urlTemplate":"https:\/\/urban-vitamin.com\/sv\/?s={search_term_string}"},"query-input":{"@type":"PropertyValueSpecification","valueRequired":true,"valueName":"search_term_string"}}],"inLanguage":"sv-SE"}]}},"_links":{"self":[{"href":"https:\/\/urban-vitamin.com\/sv\/wp-json\/wp\/v2\/product\/5591","targetHints":{"allow":["GET"]}}],"collection":[{"href":"https:\/\/urban-vitamin.com\/sv\/wp-json\/wp\/v2\/product"}],"about":[{"href":"https:\/\/urban-vitamin.com\/sv\/wp-json\/wp\/v2\/types\/product"}],"replies":[{"embeddable":true,"href":"https:\/\/urban-vitamin.com\/sv\/wp-json\/wp\/v2\/comments?post=5591"}],"wp:featuredmedia":[{"embeddable":true,"href":"https:\/\/urban-vitamin.com\/sv\/wp-json\/wp\/v2\/media\/27764"}],"wp:attachment":[{"href":"https:\/\/urban-vitamin.com\/sv\/wp-json\/wp\/v2\/media?parent=5591"}],"wp:term":[{"taxonomy":"product_cat","embeddable":true,"href":"https:\/\/urban-vitamin.com\/sv\/wp-json\/wp\/v2\/product_cat?post=5591"},{"taxonomy":"product_tag","embeddable":true,"href":"https:\/\/urban-vitamin.com\/sv\/wp-json\/wp\/v2\/product_tag?post=5591"}],"curies":[{"name":"wp","href":"https:\/\/api.w.org\/{rel}","templated":true}]}}