{"id":5587,"date":"2026-03-12T01:08:24","date_gmt":"2026-03-12T01:08:24","guid":{"rendered":"https:\/\/xdsomename.tempurl.host\/urban-vitamin\/product\/belmont-tradlosa-horlurar-svart\/"},"modified":"2026-03-12T02:47:03","modified_gmt":"2026-03-12T02:47:03","slug":"belmont-tradlosa-horlurar-svart","status":"publish","type":"product","link":"https:\/\/urban-vitamin.com\/sv\/produkt\/belmont-tradlosa-horlurar-svart\/","title":{"rendered":"Belmont tr\u00e5dl\u00f6sa h\u00f6rlurar, svart"},"content":{"rendered":"<p>Basen, du inte bara h\u00f6r den, du k\u00e4nner den. Tryck in basknappen p\u00e5 sidan av h\u00f6rlurarna f\u00f6r att f\u00e5 en extra boost. L\u00e5t dig svepas med av det fylliga och klara ljudet. Ultimata h\u00f6rlurar som h\u00e5ller hela dagen med en imponerande speltid p\u00e5 upp till 35 timmar. Stilig, str\u00f6mlinjeformad over-ear design g\u00f6r h\u00f6rlurarna bekv\u00e4ma att b\u00e4ra hela dagen. H\u00f6rlurarna g\u00e5r att vika ihop s\u00e5 att de enkelt kan tas med i v\u00e4skan eller till och med i jackfickan. Om du f\u00e5r ett samtal kan du besvara det med den integrerade mikrofonen. Urban Vitamin produkter \u00e4r PVC-fria och levereras i en plastreducerad f\u00f6rpackning.<\/p>\n","protected":false},"excerpt":{"rendered":"<p>Basen, du inte bara h\u00f6r den, du k\u00e4nner den. Tryck in basknappen p\u00e5 sidan av h\u00f6rlurarna f\u00f6r att f\u00e5 en extra boost. L\u00e5t dig svepas med av det fylliga och klara ljudet. Ultimata h\u00f6rlurar som h\u00e5ller hela dagen med en imponerande speltid p\u00e5 upp till 35 timmar. Stilig, str\u00f6mlinjeformad over-ear design g\u00f6r h\u00f6rlurarna bekv\u00e4ma att [&hellip;]<\/p>\n","protected":false},"featured_media":16549,"comment_status":"closed","ping_status":"closed","template":"","meta":{"_acf_changed":false,"om_disable_all_campaigns":false},"product_cat":[81],"product_tag":[],"class_list":["post-5587","product","type-product","status-publish","has-post-thumbnail","hentry","product_cat-tradlosa-horlurar","pa_color-black"],"acf":[],"yoast_head":"<!-- This site is optimized with the Yoast SEO plugin v27.0 - https:\/\/yoast.com\/product\/yoast-seo-wordpress\/ -->\n<title>Belmont tr\u00e5dl\u00f6sa h\u00f6rlurar, svart - Urban Vitamin<\/title>\n<meta name=\"robots\" content=\"index, follow, max-snippet:-1, max-image-preview:large, max-video-preview:-1\" \/>\n<link rel=\"canonical\" href=\"https:\/\/urban-vitamin.com\/sv\/produkt\/belmont-tradlosa-horlurar-svart\/\" \/>\n<meta property=\"og:locale\" content=\"sv_SE\" \/>\n<meta property=\"og:type\" content=\"article\" \/>\n<meta property=\"og:title\" content=\"Belmont tr\u00e5dl\u00f6sa h\u00f6rlurar, svart - Urban Vitamin\" \/>\n<meta property=\"og:description\" content=\"Basen, du inte bara h\u00f6r den, du k\u00e4nner den. Tryck in basknappen p\u00e5 sidan av h\u00f6rlurarna f\u00f6r att f\u00e5 en extra boost. L\u00e5t dig svepas med av det fylliga och klara ljudet. Ultimata h\u00f6rlurar som h\u00e5ller hela dagen med en imponerande speltid p\u00e5 upp till 35 timmar. Stilig, str\u00f6mlinjeformad over-ear design g\u00f6r h\u00f6rlurarna bekv\u00e4ma att [&hellip;]\" \/>\n<meta property=\"og:url\" content=\"https:\/\/urban-vitamin.com\/sv\/produkt\/belmont-tradlosa-horlurar-svart\/\" \/>\n<meta property=\"og:site_name\" content=\"Urban Vitamin\" \/>\n<meta property=\"article:modified_time\" content=\"2026-03-12T02:47:03+00:00\" \/>\n<meta property=\"og:image\" content=\"https:\/\/urban-vitamin.com\/wp-content\/uploads\/sites\/5\/2024\/02\/P329.761__S_0__c9214089b06c45fdbc760a3d640bbc5e.jpg\" \/>\n\t<meta property=\"og:image:width\" content=\"1024\" \/>\n\t<meta property=\"og:image:height\" content=\"1024\" \/>\n\t<meta property=\"og:image:type\" content=\"image\/jpeg\" \/>\n<meta name=\"twitter:card\" content=\"summary_large_image\" \/>\n<meta name=\"twitter:label1\" content=\"Ber\u00e4knad l\u00e4stid\" \/>\n\t<meta name=\"twitter:data1\" content=\"1 minut\" \/>\n<script type=\"application\/ld+json\" class=\"yoast-schema-graph\">{\"@context\":\"https:\/\/schema.org\",\"@graph\":[{\"@type\":\"WebPage\",\"@id\":\"https:\/\/urban-vitamin.com\/sv\/produkt\/belmont-tradlosa-horlurar-svart\/\",\"url\":\"https:\/\/urban-vitamin.com\/sv\/produkt\/belmont-tradlosa-horlurar-svart\/\",\"name\":\"Belmont tr\u00e5dl\u00f6sa h\u00f6rlurar, svart - Urban Vitamin\",\"isPartOf\":{\"@id\":\"https:\/\/urban-vitamin.com\/sv\/#website\"},\"primaryImageOfPage\":{\"@id\":\"https:\/\/urban-vitamin.com\/sv\/produkt\/belmont-tradlosa-horlurar-svart\/#primaryimage\"},\"image\":{\"@id\":\"https:\/\/urban-vitamin.com\/sv\/produkt\/belmont-tradlosa-horlurar-svart\/#primaryimage\"},\"thumbnailUrl\":\"https:\/\/urban-vitamin.com\/wp-content\/uploads\/sites\/5\/2024\/02\/P329.761__S_0__c9214089b06c45fdbc760a3d640bbc5e.jpg\",\"datePublished\":\"2026-03-12T01:08:24+00:00\",\"dateModified\":\"2026-03-12T02:47:03+00:00\",\"breadcrumb\":{\"@id\":\"https:\/\/urban-vitamin.com\/sv\/produkt\/belmont-tradlosa-horlurar-svart\/#breadcrumb\"},\"inLanguage\":\"sv-SE\",\"potentialAction\":[{\"@type\":\"ReadAction\",\"target\":[\"https:\/\/urban-vitamin.com\/sv\/produkt\/belmont-tradlosa-horlurar-svart\/\"]}]},{\"@type\":\"ImageObject\",\"inLanguage\":\"sv-SE\",\"@id\":\"https:\/\/urban-vitamin.com\/sv\/produkt\/belmont-tradlosa-horlurar-svart\/#primaryimage\",\"url\":\"https:\/\/urban-vitamin.com\/wp-content\/uploads\/sites\/5\/2024\/02\/P329.761__S_0__c9214089b06c45fdbc760a3d640bbc5e.jpg\",\"contentUrl\":\"https:\/\/urban-vitamin.com\/wp-content\/uploads\/sites\/5\/2024\/02\/P329.761__S_0__c9214089b06c45fdbc760a3d640bbc5e.jpg\",\"width\":1024,\"height\":1024},{\"@type\":\"BreadcrumbList\",\"@id\":\"https:\/\/urban-vitamin.com\/sv\/produkt\/belmont-tradlosa-horlurar-svart\/#breadcrumb\",\"itemListElement\":[{\"@type\":\"ListItem\",\"position\":1,\"name\":\"Home\",\"item\":\"https:\/\/urban-vitamin.com\/sv\/\"},{\"@type\":\"ListItem\",\"position\":2,\"name\":\"Kollektion\",\"item\":\"https:\/\/urban-vitamin.com\/sv\/kollektion\/\"},{\"@type\":\"ListItem\",\"position\":3,\"name\":\"Belmont tr\u00e5dl\u00f6sa h\u00f6rlurar, svart\"}]},{\"@type\":\"WebSite\",\"@id\":\"https:\/\/urban-vitamin.com\/sv\/#website\",\"url\":\"https:\/\/urban-vitamin.com\/sv\/\",\"name\":\"Urban Vitamin\",\"description\":\"Enjoy your daily dose of Urban Vitamin!\",\"potentialAction\":[{\"@type\":\"SearchAction\",\"target\":{\"@type\":\"EntryPoint\",\"urlTemplate\":\"https:\/\/urban-vitamin.com\/sv\/?s={search_term_string}\"},\"query-input\":{\"@type\":\"PropertyValueSpecification\",\"valueRequired\":true,\"valueName\":\"search_term_string\"}}],\"inLanguage\":\"sv-SE\"}]}<\/script>\n<!-- \/ Yoast SEO plugin. -->","yoast_head_json":{"title":"Belmont tr\u00e5dl\u00f6sa h\u00f6rlurar, svart - Urban Vitamin","robots":{"index":"index","follow":"follow","max-snippet":"max-snippet:-1","max-image-preview":"max-image-preview:large","max-video-preview":"max-video-preview:-1"},"canonical":"https:\/\/urban-vitamin.com\/sv\/produkt\/belmont-tradlosa-horlurar-svart\/","og_locale":"sv_SE","og_type":"article","og_title":"Belmont tr\u00e5dl\u00f6sa h\u00f6rlurar, svart - Urban Vitamin","og_description":"Basen, du inte bara h\u00f6r den, du k\u00e4nner den. Tryck in basknappen p\u00e5 sidan av h\u00f6rlurarna f\u00f6r att f\u00e5 en extra boost. L\u00e5t dig svepas med av det fylliga och klara ljudet. Ultimata h\u00f6rlurar som h\u00e5ller hela dagen med en imponerande speltid p\u00e5 upp till 35 timmar. Stilig, str\u00f6mlinjeformad over-ear design g\u00f6r h\u00f6rlurarna bekv\u00e4ma att [&hellip;]","og_url":"https:\/\/urban-vitamin.com\/sv\/produkt\/belmont-tradlosa-horlurar-svart\/","og_site_name":"Urban Vitamin","article_modified_time":"2026-03-12T02:47:03+00:00","og_image":[{"width":1024,"height":1024,"url":"https:\/\/urban-vitamin.com\/wp-content\/uploads\/sites\/5\/2024\/02\/P329.761__S_0__c9214089b06c45fdbc760a3d640bbc5e.jpg","type":"image\/jpeg"}],"twitter_card":"summary_large_image","twitter_misc":{"Ber\u00e4knad l\u00e4stid":"1 minut"},"schema":{"@context":"https:\/\/schema.org","@graph":[{"@type":"WebPage","@id":"https:\/\/urban-vitamin.com\/sv\/produkt\/belmont-tradlosa-horlurar-svart\/","url":"https:\/\/urban-vitamin.com\/sv\/produkt\/belmont-tradlosa-horlurar-svart\/","name":"Belmont tr\u00e5dl\u00f6sa h\u00f6rlurar, svart - Urban Vitamin","isPartOf":{"@id":"https:\/\/urban-vitamin.com\/sv\/#website"},"primaryImageOfPage":{"@id":"https:\/\/urban-vitamin.com\/sv\/produkt\/belmont-tradlosa-horlurar-svart\/#primaryimage"},"image":{"@id":"https:\/\/urban-vitamin.com\/sv\/produkt\/belmont-tradlosa-horlurar-svart\/#primaryimage"},"thumbnailUrl":"https:\/\/urban-vitamin.com\/wp-content\/uploads\/sites\/5\/2024\/02\/P329.761__S_0__c9214089b06c45fdbc760a3d640bbc5e.jpg","datePublished":"2026-03-12T01:08:24+00:00","dateModified":"2026-03-12T02:47:03+00:00","breadcrumb":{"@id":"https:\/\/urban-vitamin.com\/sv\/produkt\/belmont-tradlosa-horlurar-svart\/#breadcrumb"},"inLanguage":"sv-SE","potentialAction":[{"@type":"ReadAction","target":["https:\/\/urban-vitamin.com\/sv\/produkt\/belmont-tradlosa-horlurar-svart\/"]}]},{"@type":"ImageObject","inLanguage":"sv-SE","@id":"https:\/\/urban-vitamin.com\/sv\/produkt\/belmont-tradlosa-horlurar-svart\/#primaryimage","url":"https:\/\/urban-vitamin.com\/wp-content\/uploads\/sites\/5\/2024\/02\/P329.761__S_0__c9214089b06c45fdbc760a3d640bbc5e.jpg","contentUrl":"https:\/\/urban-vitamin.com\/wp-content\/uploads\/sites\/5\/2024\/02\/P329.761__S_0__c9214089b06c45fdbc760a3d640bbc5e.jpg","width":1024,"height":1024},{"@type":"BreadcrumbList","@id":"https:\/\/urban-vitamin.com\/sv\/produkt\/belmont-tradlosa-horlurar-svart\/#breadcrumb","itemListElement":[{"@type":"ListItem","position":1,"name":"Home","item":"https:\/\/urban-vitamin.com\/sv\/"},{"@type":"ListItem","position":2,"name":"Kollektion","item":"https:\/\/urban-vitamin.com\/sv\/kollektion\/"},{"@type":"ListItem","position":3,"name":"Belmont tr\u00e5dl\u00f6sa h\u00f6rlurar, svart"}]},{"@type":"WebSite","@id":"https:\/\/urban-vitamin.com\/sv\/#website","url":"https:\/\/urban-vitamin.com\/sv\/","name":"Urban Vitamin","description":"Enjoy your daily dose of Urban Vitamin!","potentialAction":[{"@type":"SearchAction","target":{"@type":"EntryPoint","urlTemplate":"https:\/\/urban-vitamin.com\/sv\/?s={search_term_string}"},"query-input":{"@type":"PropertyValueSpecification","valueRequired":true,"valueName":"search_term_string"}}],"inLanguage":"sv-SE"}]}},"_links":{"self":[{"href":"https:\/\/urban-vitamin.com\/sv\/wp-json\/wp\/v2\/product\/5587","targetHints":{"allow":["GET"]}}],"collection":[{"href":"https:\/\/urban-vitamin.com\/sv\/wp-json\/wp\/v2\/product"}],"about":[{"href":"https:\/\/urban-vitamin.com\/sv\/wp-json\/wp\/v2\/types\/product"}],"replies":[{"embeddable":true,"href":"https:\/\/urban-vitamin.com\/sv\/wp-json\/wp\/v2\/comments?post=5587"}],"wp:featuredmedia":[{"embeddable":true,"href":"https:\/\/urban-vitamin.com\/sv\/wp-json\/wp\/v2\/media\/16549"}],"wp:attachment":[{"href":"https:\/\/urban-vitamin.com\/sv\/wp-json\/wp\/v2\/media?parent=5587"}],"wp:term":[{"taxonomy":"product_cat","embeddable":true,"href":"https:\/\/urban-vitamin.com\/sv\/wp-json\/wp\/v2\/product_cat?post=5587"},{"taxonomy":"product_tag","embeddable":true,"href":"https:\/\/urban-vitamin.com\/sv\/wp-json\/wp\/v2\/product_tag?post=5587"}],"curies":[{"name":"wp","href":"https:\/\/api.w.org\/{rel}","templated":true}]}}