{"id":5581,"date":"2026-04-16T00:07:00","date_gmt":"2026-04-16T00:07:00","guid":{"rendered":"https:\/\/xdsomename.tempurl.host\/urban-vitamin\/product\/byron-enc-oronsnackor-bla\/"},"modified":"2026-04-16T01:46:32","modified_gmt":"2026-04-16T01:46:32","slug":"byron-enc-oronsnackor-bla","status":"publish","type":"product","link":"https:\/\/urban-vitamin.com\/sv\/produkt\/byron-enc-oronsnackor-bla\/","title":{"rendered":"Byron ENC \u00f6ronsn\u00e4ckor, bl\u00e5"},"content":{"rendered":"<p>\u00c4kta tr\u00e5dl\u00f6sa \u00f6ronsn\u00e4ckor, kompakta men kraftfulla. \u00d6ronsn\u00e4ckorna har spell\u00e4ge med l\u00e5g latens (65 MS) f\u00f6r att minimera ljudf\u00f6rdr\u00f6jningen mellan din sk\u00e4rm och ljudet n\u00e4r man spelar. Tack vare brusreducering\/environment noise cancelling (ENC) \u00e4r dina samtal klara och tydliga eftersom st\u00f6rande ljud filtreras bort. \u00d6ronsn\u00e4ckorna har touch control function s\u00e5 du beh\u00f6ver bara trycka p\u00e5 \u00f6ronsn\u00e4ckan f\u00f6r att svara. De bekv\u00e4ma \u00f6ronsn\u00e4ckorna har upp till 5 timmars lyssningstid och laddningsfodralet ger upp till 18 timmars uppspelning. IPX4 graderingen g\u00f6r \u00f6ronsn\u00e4ckorna v\u00e4der och svett\u00e5liga s\u00e5 inga problem att anv\u00e4nda dem utomhus. Urban Vitamin produkter \u00e4r PVC-fria och levereras i en plastreducerad f\u00f6rpackning.<\/p>\n","protected":false},"excerpt":{"rendered":"<p>\u00c4kta tr\u00e5dl\u00f6sa \u00f6ronsn\u00e4ckor, kompakta men kraftfulla. \u00d6ronsn\u00e4ckorna har spell\u00e4ge med l\u00e5g latens (65 MS) f\u00f6r att minimera ljudf\u00f6rdr\u00f6jningen mellan din sk\u00e4rm och ljudet n\u00e4r man spelar. Tack vare brusreducering\/environment noise cancelling (ENC) \u00e4r dina samtal klara och tydliga eftersom st\u00f6rande ljud filtreras bort. \u00d6ronsn\u00e4ckorna har touch control function s\u00e5 du beh\u00f6ver bara trycka p\u00e5 \u00f6ronsn\u00e4ckan [&hellip;]<\/p>\n","protected":false},"featured_media":27736,"comment_status":"closed","ping_status":"closed","template":"","meta":{"_acf_changed":false,"om_disable_all_campaigns":false},"product_cat":[82],"product_tag":[],"class_list":["post-5581","product","type-product","status-publish","has-post-thumbnail","hentry","product_cat-tradlosa-oronsnackor","pa_color-blue"],"acf":[],"yoast_head":"<!-- This site is optimized with the Yoast SEO plugin v27.0 - https:\/\/yoast.com\/product\/yoast-seo-wordpress\/ -->\n<title>Byron ENC \u00f6ronsn\u00e4ckor, bl\u00e5 - Urban Vitamin<\/title>\n<meta name=\"robots\" content=\"index, follow, max-snippet:-1, max-image-preview:large, max-video-preview:-1\" \/>\n<link rel=\"canonical\" href=\"https:\/\/urban-vitamin.com\/sv\/produkt\/byron-enc-oronsnackor-bla\/\" \/>\n<meta property=\"og:locale\" content=\"sv_SE\" \/>\n<meta property=\"og:type\" content=\"article\" \/>\n<meta property=\"og:title\" content=\"Byron ENC \u00f6ronsn\u00e4ckor, bl\u00e5 - Urban Vitamin\" \/>\n<meta property=\"og:description\" content=\"\u00c4kta tr\u00e5dl\u00f6sa \u00f6ronsn\u00e4ckor, kompakta men kraftfulla. \u00d6ronsn\u00e4ckorna har spell\u00e4ge med l\u00e5g latens (65 MS) f\u00f6r att minimera ljudf\u00f6rdr\u00f6jningen mellan din sk\u00e4rm och ljudet n\u00e4r man spelar. Tack vare brusreducering\/environment noise cancelling (ENC) \u00e4r dina samtal klara och tydliga eftersom st\u00f6rande ljud filtreras bort. \u00d6ronsn\u00e4ckorna har touch control function s\u00e5 du beh\u00f6ver bara trycka p\u00e5 \u00f6ronsn\u00e4ckan [&hellip;]\" \/>\n<meta property=\"og:url\" content=\"https:\/\/urban-vitamin.com\/sv\/produkt\/byron-enc-oronsnackor-bla\/\" \/>\n<meta property=\"og:site_name\" content=\"Urban Vitamin\" \/>\n<meta property=\"article:modified_time\" content=\"2026-04-16T01:46:32+00:00\" \/>\n<meta property=\"og:image\" content=\"https:\/\/urban-vitamin.com\/wp-content\/uploads\/sites\/5\/2026\/04\/P329.735__S_0__ea6050109c3e440f960a825690c0e8c0.jpg\" \/>\n\t<meta property=\"og:image:width\" content=\"1024\" \/>\n\t<meta property=\"og:image:height\" content=\"1024\" \/>\n\t<meta property=\"og:image:type\" content=\"image\/jpeg\" \/>\n<meta name=\"twitter:card\" content=\"summary_large_image\" \/>\n<meta name=\"twitter:label1\" content=\"Ber\u00e4knad l\u00e4stid\" \/>\n\t<meta name=\"twitter:data1\" content=\"1 minut\" \/>\n<script type=\"application\/ld+json\" class=\"yoast-schema-graph\">{\"@context\":\"https:\/\/schema.org\",\"@graph\":[{\"@type\":\"WebPage\",\"@id\":\"https:\/\/urban-vitamin.com\/sv\/produkt\/byron-enc-oronsnackor-bla\/\",\"url\":\"https:\/\/urban-vitamin.com\/sv\/produkt\/byron-enc-oronsnackor-bla\/\",\"name\":\"Byron ENC \u00f6ronsn\u00e4ckor, bl\u00e5 - Urban Vitamin\",\"isPartOf\":{\"@id\":\"https:\/\/urban-vitamin.com\/sv\/#website\"},\"primaryImageOfPage\":{\"@id\":\"https:\/\/urban-vitamin.com\/sv\/produkt\/byron-enc-oronsnackor-bla\/#primaryimage\"},\"image\":{\"@id\":\"https:\/\/urban-vitamin.com\/sv\/produkt\/byron-enc-oronsnackor-bla\/#primaryimage\"},\"thumbnailUrl\":\"https:\/\/urban-vitamin.com\/wp-content\/uploads\/sites\/5\/2026\/04\/P329.735__S_0__ea6050109c3e440f960a825690c0e8c0.jpg\",\"datePublished\":\"2026-04-16T00:07:00+00:00\",\"dateModified\":\"2026-04-16T01:46:32+00:00\",\"breadcrumb\":{\"@id\":\"https:\/\/urban-vitamin.com\/sv\/produkt\/byron-enc-oronsnackor-bla\/#breadcrumb\"},\"inLanguage\":\"sv-SE\",\"potentialAction\":[{\"@type\":\"ReadAction\",\"target\":[\"https:\/\/urban-vitamin.com\/sv\/produkt\/byron-enc-oronsnackor-bla\/\"]}]},{\"@type\":\"ImageObject\",\"inLanguage\":\"sv-SE\",\"@id\":\"https:\/\/urban-vitamin.com\/sv\/produkt\/byron-enc-oronsnackor-bla\/#primaryimage\",\"url\":\"https:\/\/urban-vitamin.com\/wp-content\/uploads\/sites\/5\/2026\/04\/P329.735__S_0__ea6050109c3e440f960a825690c0e8c0.jpg\",\"contentUrl\":\"https:\/\/urban-vitamin.com\/wp-content\/uploads\/sites\/5\/2026\/04\/P329.735__S_0__ea6050109c3e440f960a825690c0e8c0.jpg\",\"width\":1024,\"height\":1024},{\"@type\":\"BreadcrumbList\",\"@id\":\"https:\/\/urban-vitamin.com\/sv\/produkt\/byron-enc-oronsnackor-bla\/#breadcrumb\",\"itemListElement\":[{\"@type\":\"ListItem\",\"position\":1,\"name\":\"Home\",\"item\":\"https:\/\/urban-vitamin.com\/sv\/\"},{\"@type\":\"ListItem\",\"position\":2,\"name\":\"Kollektion\",\"item\":\"https:\/\/urban-vitamin.com\/sv\/kollektion\/\"},{\"@type\":\"ListItem\",\"position\":3,\"name\":\"Byron ENC \u00f6ronsn\u00e4ckor, bl\u00e5\"}]},{\"@type\":\"WebSite\",\"@id\":\"https:\/\/urban-vitamin.com\/sv\/#website\",\"url\":\"https:\/\/urban-vitamin.com\/sv\/\",\"name\":\"Urban Vitamin\",\"description\":\"Enjoy your daily dose of Urban Vitamin!\",\"potentialAction\":[{\"@type\":\"SearchAction\",\"target\":{\"@type\":\"EntryPoint\",\"urlTemplate\":\"https:\/\/urban-vitamin.com\/sv\/?s={search_term_string}\"},\"query-input\":{\"@type\":\"PropertyValueSpecification\",\"valueRequired\":true,\"valueName\":\"search_term_string\"}}],\"inLanguage\":\"sv-SE\"}]}<\/script>\n<!-- \/ Yoast SEO plugin. -->","yoast_head_json":{"title":"Byron ENC \u00f6ronsn\u00e4ckor, bl\u00e5 - Urban Vitamin","robots":{"index":"index","follow":"follow","max-snippet":"max-snippet:-1","max-image-preview":"max-image-preview:large","max-video-preview":"max-video-preview:-1"},"canonical":"https:\/\/urban-vitamin.com\/sv\/produkt\/byron-enc-oronsnackor-bla\/","og_locale":"sv_SE","og_type":"article","og_title":"Byron ENC \u00f6ronsn\u00e4ckor, bl\u00e5 - Urban Vitamin","og_description":"\u00c4kta tr\u00e5dl\u00f6sa \u00f6ronsn\u00e4ckor, kompakta men kraftfulla. \u00d6ronsn\u00e4ckorna har spell\u00e4ge med l\u00e5g latens (65 MS) f\u00f6r att minimera ljudf\u00f6rdr\u00f6jningen mellan din sk\u00e4rm och ljudet n\u00e4r man spelar. Tack vare brusreducering\/environment noise cancelling (ENC) \u00e4r dina samtal klara och tydliga eftersom st\u00f6rande ljud filtreras bort. \u00d6ronsn\u00e4ckorna har touch control function s\u00e5 du beh\u00f6ver bara trycka p\u00e5 \u00f6ronsn\u00e4ckan [&hellip;]","og_url":"https:\/\/urban-vitamin.com\/sv\/produkt\/byron-enc-oronsnackor-bla\/","og_site_name":"Urban Vitamin","article_modified_time":"2026-04-16T01:46:32+00:00","og_image":[{"width":1024,"height":1024,"url":"https:\/\/urban-vitamin.com\/wp-content\/uploads\/sites\/5\/2026\/04\/P329.735__S_0__ea6050109c3e440f960a825690c0e8c0.jpg","type":"image\/jpeg"}],"twitter_card":"summary_large_image","twitter_misc":{"Ber\u00e4knad l\u00e4stid":"1 minut"},"schema":{"@context":"https:\/\/schema.org","@graph":[{"@type":"WebPage","@id":"https:\/\/urban-vitamin.com\/sv\/produkt\/byron-enc-oronsnackor-bla\/","url":"https:\/\/urban-vitamin.com\/sv\/produkt\/byron-enc-oronsnackor-bla\/","name":"Byron ENC \u00f6ronsn\u00e4ckor, bl\u00e5 - Urban Vitamin","isPartOf":{"@id":"https:\/\/urban-vitamin.com\/sv\/#website"},"primaryImageOfPage":{"@id":"https:\/\/urban-vitamin.com\/sv\/produkt\/byron-enc-oronsnackor-bla\/#primaryimage"},"image":{"@id":"https:\/\/urban-vitamin.com\/sv\/produkt\/byron-enc-oronsnackor-bla\/#primaryimage"},"thumbnailUrl":"https:\/\/urban-vitamin.com\/wp-content\/uploads\/sites\/5\/2026\/04\/P329.735__S_0__ea6050109c3e440f960a825690c0e8c0.jpg","datePublished":"2026-04-16T00:07:00+00:00","dateModified":"2026-04-16T01:46:32+00:00","breadcrumb":{"@id":"https:\/\/urban-vitamin.com\/sv\/produkt\/byron-enc-oronsnackor-bla\/#breadcrumb"},"inLanguage":"sv-SE","potentialAction":[{"@type":"ReadAction","target":["https:\/\/urban-vitamin.com\/sv\/produkt\/byron-enc-oronsnackor-bla\/"]}]},{"@type":"ImageObject","inLanguage":"sv-SE","@id":"https:\/\/urban-vitamin.com\/sv\/produkt\/byron-enc-oronsnackor-bla\/#primaryimage","url":"https:\/\/urban-vitamin.com\/wp-content\/uploads\/sites\/5\/2026\/04\/P329.735__S_0__ea6050109c3e440f960a825690c0e8c0.jpg","contentUrl":"https:\/\/urban-vitamin.com\/wp-content\/uploads\/sites\/5\/2026\/04\/P329.735__S_0__ea6050109c3e440f960a825690c0e8c0.jpg","width":1024,"height":1024},{"@type":"BreadcrumbList","@id":"https:\/\/urban-vitamin.com\/sv\/produkt\/byron-enc-oronsnackor-bla\/#breadcrumb","itemListElement":[{"@type":"ListItem","position":1,"name":"Home","item":"https:\/\/urban-vitamin.com\/sv\/"},{"@type":"ListItem","position":2,"name":"Kollektion","item":"https:\/\/urban-vitamin.com\/sv\/kollektion\/"},{"@type":"ListItem","position":3,"name":"Byron ENC \u00f6ronsn\u00e4ckor, bl\u00e5"}]},{"@type":"WebSite","@id":"https:\/\/urban-vitamin.com\/sv\/#website","url":"https:\/\/urban-vitamin.com\/sv\/","name":"Urban Vitamin","description":"Enjoy your daily dose of Urban Vitamin!","potentialAction":[{"@type":"SearchAction","target":{"@type":"EntryPoint","urlTemplate":"https:\/\/urban-vitamin.com\/sv\/?s={search_term_string}"},"query-input":{"@type":"PropertyValueSpecification","valueRequired":true,"valueName":"search_term_string"}}],"inLanguage":"sv-SE"}]}},"_links":{"self":[{"href":"https:\/\/urban-vitamin.com\/sv\/wp-json\/wp\/v2\/product\/5581","targetHints":{"allow":["GET"]}}],"collection":[{"href":"https:\/\/urban-vitamin.com\/sv\/wp-json\/wp\/v2\/product"}],"about":[{"href":"https:\/\/urban-vitamin.com\/sv\/wp-json\/wp\/v2\/types\/product"}],"replies":[{"embeddable":true,"href":"https:\/\/urban-vitamin.com\/sv\/wp-json\/wp\/v2\/comments?post=5581"}],"wp:featuredmedia":[{"embeddable":true,"href":"https:\/\/urban-vitamin.com\/sv\/wp-json\/wp\/v2\/media\/27736"}],"wp:attachment":[{"href":"https:\/\/urban-vitamin.com\/sv\/wp-json\/wp\/v2\/media?parent=5581"}],"wp:term":[{"taxonomy":"product_cat","embeddable":true,"href":"https:\/\/urban-vitamin.com\/sv\/wp-json\/wp\/v2\/product_cat?post=5581"},{"taxonomy":"product_tag","embeddable":true,"href":"https:\/\/urban-vitamin.com\/sv\/wp-json\/wp\/v2\/product_tag?post=5581"}],"curies":[{"name":"wp","href":"https:\/\/api.w.org\/{rel}","templated":true}]}}