{"id":5570,"date":"2026-03-12T01:08:06","date_gmt":"2026-03-12T01:08:06","guid":{"rendered":"https:\/\/xdsomename.tempurl.host\/urban-vitamin\/product\/palo-alto-horlurar-rcs-rplast-svart\/"},"modified":"2026-03-12T02:46:57","modified_gmt":"2026-03-12T02:46:57","slug":"palo-alto-horlurar-rcs-rplast-svart","status":"publish","type":"product","link":"https:\/\/urban-vitamin.com\/sv\/produkt\/palo-alto-horlurar-rcs-rplast-svart\/","title":{"rendered":"Palo Alto h\u00f6rlurar RCS rplast, svart"},"content":{"rendered":"<p>H\u00f6rlurar med mjuka kuddar f\u00f6r maximal b\u00e4rkomfort under en l\u00e4ngre tid. Tack vare den vridbara designen passar de \u00e4nnu b\u00e4ttre och de har ett djupt, klart ljud. Batteriet m\u00f6jligg\u00f6r en speltid p\u00e5 upp till 60 timmar f\u00f6r musik, podcast eller video. Med integrerad mikrofon f\u00f6r att besvara inkommande samtal. H\u00f6rlurarna \u00e4r hopvikbara f\u00f6r smidig f\u00f6rvaring i det medf\u00f6ljande fodralet i rPet med AWARE\u2122 sp\u00e5r\u00e4mne. H\u00f6rlurarna \u00e4r tillverkade av RCS (Recycled Claim Standard) certifierad \u00e5tervunnen ABS. Totalt \u00e5tervunnet inneh\u00e5ll: 63% baserat p\u00e5 total produktvikt. RCS certifiering s\u00e4kerst\u00e4ller en helt certifierad leveranskedja av de \u00e5tervunna materialen. Urban Vitamin produkter \u00e4r PVC-fria och levereras i en plastreducerad f\u00f6rpackning.<\/p>\n","protected":false},"excerpt":{"rendered":"<p>H\u00f6rlurar med mjuka kuddar f\u00f6r maximal b\u00e4rkomfort under en l\u00e4ngre tid. Tack vare den vridbara designen passar de \u00e4nnu b\u00e4ttre och de har ett djupt, klart ljud. Batteriet m\u00f6jligg\u00f6r en speltid p\u00e5 upp till 60 timmar f\u00f6r musik, podcast eller video. Med integrerad mikrofon f\u00f6r att besvara inkommande samtal. H\u00f6rlurarna \u00e4r hopvikbara f\u00f6r smidig f\u00f6rvaring [&hellip;]<\/p>\n","protected":false},"featured_media":14267,"comment_status":"closed","ping_status":"closed","template":"","meta":{"_acf_changed":false,"om_disable_all_campaigns":false},"product_cat":[81],"product_tag":[],"class_list":["post-5570","product","type-product","status-publish","has-post-thumbnail","hentry","product_cat-tradlosa-horlurar","pa_color-black"],"acf":[],"yoast_head":"<!-- This site is optimized with the Yoast SEO plugin v27.0 - https:\/\/yoast.com\/product\/yoast-seo-wordpress\/ -->\n<title>Palo Alto h\u00f6rlurar RCS rplast, svart - Urban Vitamin<\/title>\n<meta name=\"robots\" content=\"index, follow, max-snippet:-1, max-image-preview:large, max-video-preview:-1\" \/>\n<link rel=\"canonical\" href=\"https:\/\/urban-vitamin.com\/sv\/produkt\/palo-alto-horlurar-rcs-rplast-svart\/\" \/>\n<meta property=\"og:locale\" content=\"sv_SE\" \/>\n<meta property=\"og:type\" content=\"article\" \/>\n<meta property=\"og:title\" content=\"Palo Alto h\u00f6rlurar RCS rplast, svart - Urban Vitamin\" \/>\n<meta property=\"og:description\" content=\"H\u00f6rlurar med mjuka kuddar f\u00f6r maximal b\u00e4rkomfort under en l\u00e4ngre tid. Tack vare den vridbara designen passar de \u00e4nnu b\u00e4ttre och de har ett djupt, klart ljud. Batteriet m\u00f6jligg\u00f6r en speltid p\u00e5 upp till 60 timmar f\u00f6r musik, podcast eller video. Med integrerad mikrofon f\u00f6r att besvara inkommande samtal. H\u00f6rlurarna \u00e4r hopvikbara f\u00f6r smidig f\u00f6rvaring [&hellip;]\" \/>\n<meta property=\"og:url\" content=\"https:\/\/urban-vitamin.com\/sv\/produkt\/palo-alto-horlurar-rcs-rplast-svart\/\" \/>\n<meta property=\"og:site_name\" content=\"Urban Vitamin\" \/>\n<meta property=\"article:modified_time\" content=\"2026-03-12T02:46:57+00:00\" \/>\n<meta property=\"og:image\" content=\"https:\/\/urban-vitamin.com\/wp-content\/uploads\/sites\/5\/2024\/02\/P329.491__S_0__904948e49160421ab6f5a5565260d46a.jpg\" \/>\n\t<meta property=\"og:image:width\" content=\"1024\" \/>\n\t<meta property=\"og:image:height\" content=\"1024\" \/>\n\t<meta property=\"og:image:type\" content=\"image\/jpeg\" \/>\n<meta name=\"twitter:card\" content=\"summary_large_image\" \/>\n<meta name=\"twitter:label1\" content=\"Ber\u00e4knad l\u00e4stid\" \/>\n\t<meta name=\"twitter:data1\" content=\"1 minut\" \/>\n<script type=\"application\/ld+json\" class=\"yoast-schema-graph\">{\"@context\":\"https:\/\/schema.org\",\"@graph\":[{\"@type\":\"WebPage\",\"@id\":\"https:\/\/urban-vitamin.com\/sv\/produkt\/palo-alto-horlurar-rcs-rplast-svart\/\",\"url\":\"https:\/\/urban-vitamin.com\/sv\/produkt\/palo-alto-horlurar-rcs-rplast-svart\/\",\"name\":\"Palo Alto h\u00f6rlurar RCS rplast, svart - Urban Vitamin\",\"isPartOf\":{\"@id\":\"https:\/\/urban-vitamin.com\/sv\/#website\"},\"primaryImageOfPage\":{\"@id\":\"https:\/\/urban-vitamin.com\/sv\/produkt\/palo-alto-horlurar-rcs-rplast-svart\/#primaryimage\"},\"image\":{\"@id\":\"https:\/\/urban-vitamin.com\/sv\/produkt\/palo-alto-horlurar-rcs-rplast-svart\/#primaryimage\"},\"thumbnailUrl\":\"https:\/\/urban-vitamin.com\/wp-content\/uploads\/sites\/5\/2024\/02\/P329.491__S_0__904948e49160421ab6f5a5565260d46a.jpg\",\"datePublished\":\"2026-03-12T01:08:06+00:00\",\"dateModified\":\"2026-03-12T02:46:57+00:00\",\"breadcrumb\":{\"@id\":\"https:\/\/urban-vitamin.com\/sv\/produkt\/palo-alto-horlurar-rcs-rplast-svart\/#breadcrumb\"},\"inLanguage\":\"sv-SE\",\"potentialAction\":[{\"@type\":\"ReadAction\",\"target\":[\"https:\/\/urban-vitamin.com\/sv\/produkt\/palo-alto-horlurar-rcs-rplast-svart\/\"]}]},{\"@type\":\"ImageObject\",\"inLanguage\":\"sv-SE\",\"@id\":\"https:\/\/urban-vitamin.com\/sv\/produkt\/palo-alto-horlurar-rcs-rplast-svart\/#primaryimage\",\"url\":\"https:\/\/urban-vitamin.com\/wp-content\/uploads\/sites\/5\/2024\/02\/P329.491__S_0__904948e49160421ab6f5a5565260d46a.jpg\",\"contentUrl\":\"https:\/\/urban-vitamin.com\/wp-content\/uploads\/sites\/5\/2024\/02\/P329.491__S_0__904948e49160421ab6f5a5565260d46a.jpg\",\"width\":1024,\"height\":1024},{\"@type\":\"BreadcrumbList\",\"@id\":\"https:\/\/urban-vitamin.com\/sv\/produkt\/palo-alto-horlurar-rcs-rplast-svart\/#breadcrumb\",\"itemListElement\":[{\"@type\":\"ListItem\",\"position\":1,\"name\":\"Home\",\"item\":\"https:\/\/urban-vitamin.com\/sv\/\"},{\"@type\":\"ListItem\",\"position\":2,\"name\":\"Kollektion\",\"item\":\"https:\/\/urban-vitamin.com\/sv\/kollektion\/\"},{\"@type\":\"ListItem\",\"position\":3,\"name\":\"Palo Alto h\u00f6rlurar RCS rplast, svart\"}]},{\"@type\":\"WebSite\",\"@id\":\"https:\/\/urban-vitamin.com\/sv\/#website\",\"url\":\"https:\/\/urban-vitamin.com\/sv\/\",\"name\":\"Urban Vitamin\",\"description\":\"Enjoy your daily dose of Urban Vitamin!\",\"potentialAction\":[{\"@type\":\"SearchAction\",\"target\":{\"@type\":\"EntryPoint\",\"urlTemplate\":\"https:\/\/urban-vitamin.com\/sv\/?s={search_term_string}\"},\"query-input\":{\"@type\":\"PropertyValueSpecification\",\"valueRequired\":true,\"valueName\":\"search_term_string\"}}],\"inLanguage\":\"sv-SE\"}]}<\/script>\n<!-- \/ Yoast SEO plugin. -->","yoast_head_json":{"title":"Palo Alto h\u00f6rlurar RCS rplast, svart - Urban Vitamin","robots":{"index":"index","follow":"follow","max-snippet":"max-snippet:-1","max-image-preview":"max-image-preview:large","max-video-preview":"max-video-preview:-1"},"canonical":"https:\/\/urban-vitamin.com\/sv\/produkt\/palo-alto-horlurar-rcs-rplast-svart\/","og_locale":"sv_SE","og_type":"article","og_title":"Palo Alto h\u00f6rlurar RCS rplast, svart - Urban Vitamin","og_description":"H\u00f6rlurar med mjuka kuddar f\u00f6r maximal b\u00e4rkomfort under en l\u00e4ngre tid. Tack vare den vridbara designen passar de \u00e4nnu b\u00e4ttre och de har ett djupt, klart ljud. Batteriet m\u00f6jligg\u00f6r en speltid p\u00e5 upp till 60 timmar f\u00f6r musik, podcast eller video. Med integrerad mikrofon f\u00f6r att besvara inkommande samtal. H\u00f6rlurarna \u00e4r hopvikbara f\u00f6r smidig f\u00f6rvaring [&hellip;]","og_url":"https:\/\/urban-vitamin.com\/sv\/produkt\/palo-alto-horlurar-rcs-rplast-svart\/","og_site_name":"Urban Vitamin","article_modified_time":"2026-03-12T02:46:57+00:00","og_image":[{"width":1024,"height":1024,"url":"https:\/\/urban-vitamin.com\/wp-content\/uploads\/sites\/5\/2024\/02\/P329.491__S_0__904948e49160421ab6f5a5565260d46a.jpg","type":"image\/jpeg"}],"twitter_card":"summary_large_image","twitter_misc":{"Ber\u00e4knad l\u00e4stid":"1 minut"},"schema":{"@context":"https:\/\/schema.org","@graph":[{"@type":"WebPage","@id":"https:\/\/urban-vitamin.com\/sv\/produkt\/palo-alto-horlurar-rcs-rplast-svart\/","url":"https:\/\/urban-vitamin.com\/sv\/produkt\/palo-alto-horlurar-rcs-rplast-svart\/","name":"Palo Alto h\u00f6rlurar RCS rplast, svart - Urban Vitamin","isPartOf":{"@id":"https:\/\/urban-vitamin.com\/sv\/#website"},"primaryImageOfPage":{"@id":"https:\/\/urban-vitamin.com\/sv\/produkt\/palo-alto-horlurar-rcs-rplast-svart\/#primaryimage"},"image":{"@id":"https:\/\/urban-vitamin.com\/sv\/produkt\/palo-alto-horlurar-rcs-rplast-svart\/#primaryimage"},"thumbnailUrl":"https:\/\/urban-vitamin.com\/wp-content\/uploads\/sites\/5\/2024\/02\/P329.491__S_0__904948e49160421ab6f5a5565260d46a.jpg","datePublished":"2026-03-12T01:08:06+00:00","dateModified":"2026-03-12T02:46:57+00:00","breadcrumb":{"@id":"https:\/\/urban-vitamin.com\/sv\/produkt\/palo-alto-horlurar-rcs-rplast-svart\/#breadcrumb"},"inLanguage":"sv-SE","potentialAction":[{"@type":"ReadAction","target":["https:\/\/urban-vitamin.com\/sv\/produkt\/palo-alto-horlurar-rcs-rplast-svart\/"]}]},{"@type":"ImageObject","inLanguage":"sv-SE","@id":"https:\/\/urban-vitamin.com\/sv\/produkt\/palo-alto-horlurar-rcs-rplast-svart\/#primaryimage","url":"https:\/\/urban-vitamin.com\/wp-content\/uploads\/sites\/5\/2024\/02\/P329.491__S_0__904948e49160421ab6f5a5565260d46a.jpg","contentUrl":"https:\/\/urban-vitamin.com\/wp-content\/uploads\/sites\/5\/2024\/02\/P329.491__S_0__904948e49160421ab6f5a5565260d46a.jpg","width":1024,"height":1024},{"@type":"BreadcrumbList","@id":"https:\/\/urban-vitamin.com\/sv\/produkt\/palo-alto-horlurar-rcs-rplast-svart\/#breadcrumb","itemListElement":[{"@type":"ListItem","position":1,"name":"Home","item":"https:\/\/urban-vitamin.com\/sv\/"},{"@type":"ListItem","position":2,"name":"Kollektion","item":"https:\/\/urban-vitamin.com\/sv\/kollektion\/"},{"@type":"ListItem","position":3,"name":"Palo Alto h\u00f6rlurar RCS rplast, svart"}]},{"@type":"WebSite","@id":"https:\/\/urban-vitamin.com\/sv\/#website","url":"https:\/\/urban-vitamin.com\/sv\/","name":"Urban Vitamin","description":"Enjoy your daily dose of Urban Vitamin!","potentialAction":[{"@type":"SearchAction","target":{"@type":"EntryPoint","urlTemplate":"https:\/\/urban-vitamin.com\/sv\/?s={search_term_string}"},"query-input":{"@type":"PropertyValueSpecification","valueRequired":true,"valueName":"search_term_string"}}],"inLanguage":"sv-SE"}]}},"_links":{"self":[{"href":"https:\/\/urban-vitamin.com\/sv\/wp-json\/wp\/v2\/product\/5570","targetHints":{"allow":["GET"]}}],"collection":[{"href":"https:\/\/urban-vitamin.com\/sv\/wp-json\/wp\/v2\/product"}],"about":[{"href":"https:\/\/urban-vitamin.com\/sv\/wp-json\/wp\/v2\/types\/product"}],"replies":[{"embeddable":true,"href":"https:\/\/urban-vitamin.com\/sv\/wp-json\/wp\/v2\/comments?post=5570"}],"wp:featuredmedia":[{"embeddable":true,"href":"https:\/\/urban-vitamin.com\/sv\/wp-json\/wp\/v2\/media\/14267"}],"wp:attachment":[{"href":"https:\/\/urban-vitamin.com\/sv\/wp-json\/wp\/v2\/media?parent=5570"}],"wp:term":[{"taxonomy":"product_cat","embeddable":true,"href":"https:\/\/urban-vitamin.com\/sv\/wp-json\/wp\/v2\/product_cat?post=5570"},{"taxonomy":"product_tag","embeddable":true,"href":"https:\/\/urban-vitamin.com\/sv\/wp-json\/wp\/v2\/product_tag?post=5570"}],"curies":[{"name":"wp","href":"https:\/\/api.w.org\/{rel}","templated":true}]}}