{"id":5563,"date":"2026-03-12T01:06:22","date_gmt":"2026-03-12T01:06:22","guid":{"rendered":"https:\/\/xdsomename.tempurl.host\/urban-vitamin\/product\/alameda-10-000-mah-18w-pd-powerbank-svart\/"},"modified":"2026-03-12T02:46:25","modified_gmt":"2026-03-12T02:46:25","slug":"alameda-10-000-mah-18w-pd-powerbank-svart","status":"publish","type":"product","link":"https:\/\/urban-vitamin.com\/sv\/produkt\/alameda-10-000-mah-18w-pd-powerbank-svart\/","title":{"rendered":"Alameda 10.000 mAh 18W PD powerbank, svart"},"content":{"rendered":"<p>Ladda din telefon upp till 2,5 g\u00e5nger med denna snabbladdande powerbank. Tack vare den ultrasnabba type C 18W PD porten laddar powerbanken i rekordfart. Att ladda din telefon 50% tar endast 30 minuter. Att ladda l\u00e5ngsamt tillh\u00f6r det f\u00f6rflutna. Powerbanken har ett l\u00e5ngvarigt A-graderat 10.000 mAh batteri f\u00f6r att ladda alla dina enheter. Den dubbla USB A och type C porten g\u00f6r s\u00e5 att du kan ladda upp till 3 enheter samtidigt. Urban Vitamin produkter \u00e4r PVC-fria och levereras i en plastreducerad f\u00f6rpackning. Type-C Input: 5V\/3A, 9V\/2A; Micro USB Input: 5V\/2A, 9V\/2A; Type-C Output: 5V\/3A, 9V\/2A, 12V\/1.5A; USB Output: 5V\/2.4A, 9V\/2A, 12V\/1.5A<\/p>\n","protected":false},"excerpt":{"rendered":"<p>Ladda din telefon upp till 2,5 g\u00e5nger med denna snabbladdande powerbank. Tack vare den ultrasnabba type C 18W PD porten laddar powerbanken i rekordfart. Att ladda din telefon 50% tar endast 30 minuter. Att ladda l\u00e5ngsamt tillh\u00f6r det f\u00f6rflutna. Powerbanken har ett l\u00e5ngvarigt A-graderat 10.000 mAh batteri f\u00f6r att ladda alla dina enheter. Den dubbla [&hellip;]<\/p>\n","protected":false},"featured_media":12741,"comment_status":"closed","ping_status":"closed","template":"","meta":{"_acf_changed":false,"om_disable_all_campaigns":false},"product_cat":[84],"product_tag":[],"class_list":["post-5563","product","type-product","status-publish","has-post-thumbnail","hentry","product_cat-powerbanks-sv","pa_color-black"],"acf":[],"yoast_head":"<!-- This site is optimized with the Yoast SEO plugin v27.0 - https:\/\/yoast.com\/product\/yoast-seo-wordpress\/ -->\n<title>Alameda 10.000 mAh 18W PD powerbank, svart - Urban Vitamin<\/title>\n<meta name=\"robots\" content=\"index, follow, max-snippet:-1, max-image-preview:large, max-video-preview:-1\" \/>\n<link rel=\"canonical\" href=\"https:\/\/urban-vitamin.com\/sv\/produkt\/alameda-10-000-mah-18w-pd-powerbank-svart\/\" \/>\n<meta property=\"og:locale\" content=\"sv_SE\" \/>\n<meta property=\"og:type\" content=\"article\" \/>\n<meta property=\"og:title\" content=\"Alameda 10.000 mAh 18W PD powerbank, svart - Urban Vitamin\" \/>\n<meta property=\"og:description\" content=\"Ladda din telefon upp till 2,5 g\u00e5nger med denna snabbladdande powerbank. Tack vare den ultrasnabba type C 18W PD porten laddar powerbanken i rekordfart. Att ladda din telefon 50% tar endast 30 minuter. Att ladda l\u00e5ngsamt tillh\u00f6r det f\u00f6rflutna. Powerbanken har ett l\u00e5ngvarigt A-graderat 10.000 mAh batteri f\u00f6r att ladda alla dina enheter. Den dubbla [&hellip;]\" \/>\n<meta property=\"og:url\" content=\"https:\/\/urban-vitamin.com\/sv\/produkt\/alameda-10-000-mah-18w-pd-powerbank-svart\/\" \/>\n<meta property=\"og:site_name\" content=\"Urban Vitamin\" \/>\n<meta property=\"article:modified_time\" content=\"2026-03-12T02:46:25+00:00\" \/>\n<meta property=\"og:image\" content=\"https:\/\/urban-vitamin.com\/wp-content\/uploads\/sites\/5\/2024\/02\/P322.701__S_0__d5b536cf6f744a8489da49f45e3bced3.jpg\" \/>\n\t<meta property=\"og:image:width\" content=\"1024\" \/>\n\t<meta property=\"og:image:height\" content=\"1024\" \/>\n\t<meta property=\"og:image:type\" content=\"image\/jpeg\" \/>\n<meta name=\"twitter:card\" content=\"summary_large_image\" \/>\n<meta name=\"twitter:label1\" content=\"Ber\u00e4knad l\u00e4stid\" \/>\n\t<meta name=\"twitter:data1\" content=\"1 minut\" \/>\n<script type=\"application\/ld+json\" class=\"yoast-schema-graph\">{\"@context\":\"https:\/\/schema.org\",\"@graph\":[{\"@type\":\"WebPage\",\"@id\":\"https:\/\/urban-vitamin.com\/sv\/produkt\/alameda-10-000-mah-18w-pd-powerbank-svart\/\",\"url\":\"https:\/\/urban-vitamin.com\/sv\/produkt\/alameda-10-000-mah-18w-pd-powerbank-svart\/\",\"name\":\"Alameda 10.000 mAh 18W PD powerbank, svart - Urban Vitamin\",\"isPartOf\":{\"@id\":\"https:\/\/urban-vitamin.com\/sv\/#website\"},\"primaryImageOfPage\":{\"@id\":\"https:\/\/urban-vitamin.com\/sv\/produkt\/alameda-10-000-mah-18w-pd-powerbank-svart\/#primaryimage\"},\"image\":{\"@id\":\"https:\/\/urban-vitamin.com\/sv\/produkt\/alameda-10-000-mah-18w-pd-powerbank-svart\/#primaryimage\"},\"thumbnailUrl\":\"https:\/\/urban-vitamin.com\/wp-content\/uploads\/sites\/5\/2024\/02\/P322.701__S_0__d5b536cf6f744a8489da49f45e3bced3.jpg\",\"datePublished\":\"2026-03-12T01:06:22+00:00\",\"dateModified\":\"2026-03-12T02:46:25+00:00\",\"breadcrumb\":{\"@id\":\"https:\/\/urban-vitamin.com\/sv\/produkt\/alameda-10-000-mah-18w-pd-powerbank-svart\/#breadcrumb\"},\"inLanguage\":\"sv-SE\",\"potentialAction\":[{\"@type\":\"ReadAction\",\"target\":[\"https:\/\/urban-vitamin.com\/sv\/produkt\/alameda-10-000-mah-18w-pd-powerbank-svart\/\"]}]},{\"@type\":\"ImageObject\",\"inLanguage\":\"sv-SE\",\"@id\":\"https:\/\/urban-vitamin.com\/sv\/produkt\/alameda-10-000-mah-18w-pd-powerbank-svart\/#primaryimage\",\"url\":\"https:\/\/urban-vitamin.com\/wp-content\/uploads\/sites\/5\/2024\/02\/P322.701__S_0__d5b536cf6f744a8489da49f45e3bced3.jpg\",\"contentUrl\":\"https:\/\/urban-vitamin.com\/wp-content\/uploads\/sites\/5\/2024\/02\/P322.701__S_0__d5b536cf6f744a8489da49f45e3bced3.jpg\",\"width\":1024,\"height\":1024},{\"@type\":\"BreadcrumbList\",\"@id\":\"https:\/\/urban-vitamin.com\/sv\/produkt\/alameda-10-000-mah-18w-pd-powerbank-svart\/#breadcrumb\",\"itemListElement\":[{\"@type\":\"ListItem\",\"position\":1,\"name\":\"Home\",\"item\":\"https:\/\/urban-vitamin.com\/sv\/\"},{\"@type\":\"ListItem\",\"position\":2,\"name\":\"Kollektion\",\"item\":\"https:\/\/urban-vitamin.com\/sv\/kollektion\/\"},{\"@type\":\"ListItem\",\"position\":3,\"name\":\"Alameda 10.000 mAh 18W PD powerbank, svart\"}]},{\"@type\":\"WebSite\",\"@id\":\"https:\/\/urban-vitamin.com\/sv\/#website\",\"url\":\"https:\/\/urban-vitamin.com\/sv\/\",\"name\":\"Urban Vitamin\",\"description\":\"Enjoy your daily dose of Urban Vitamin!\",\"potentialAction\":[{\"@type\":\"SearchAction\",\"target\":{\"@type\":\"EntryPoint\",\"urlTemplate\":\"https:\/\/urban-vitamin.com\/sv\/?s={search_term_string}\"},\"query-input\":{\"@type\":\"PropertyValueSpecification\",\"valueRequired\":true,\"valueName\":\"search_term_string\"}}],\"inLanguage\":\"sv-SE\"}]}<\/script>\n<!-- \/ Yoast SEO plugin. -->","yoast_head_json":{"title":"Alameda 10.000 mAh 18W PD powerbank, svart - Urban Vitamin","robots":{"index":"index","follow":"follow","max-snippet":"max-snippet:-1","max-image-preview":"max-image-preview:large","max-video-preview":"max-video-preview:-1"},"canonical":"https:\/\/urban-vitamin.com\/sv\/produkt\/alameda-10-000-mah-18w-pd-powerbank-svart\/","og_locale":"sv_SE","og_type":"article","og_title":"Alameda 10.000 mAh 18W PD powerbank, svart - Urban Vitamin","og_description":"Ladda din telefon upp till 2,5 g\u00e5nger med denna snabbladdande powerbank. Tack vare den ultrasnabba type C 18W PD porten laddar powerbanken i rekordfart. Att ladda din telefon 50% tar endast 30 minuter. Att ladda l\u00e5ngsamt tillh\u00f6r det f\u00f6rflutna. Powerbanken har ett l\u00e5ngvarigt A-graderat 10.000 mAh batteri f\u00f6r att ladda alla dina enheter. Den dubbla [&hellip;]","og_url":"https:\/\/urban-vitamin.com\/sv\/produkt\/alameda-10-000-mah-18w-pd-powerbank-svart\/","og_site_name":"Urban Vitamin","article_modified_time":"2026-03-12T02:46:25+00:00","og_image":[{"width":1024,"height":1024,"url":"https:\/\/urban-vitamin.com\/wp-content\/uploads\/sites\/5\/2024\/02\/P322.701__S_0__d5b536cf6f744a8489da49f45e3bced3.jpg","type":"image\/jpeg"}],"twitter_card":"summary_large_image","twitter_misc":{"Ber\u00e4knad l\u00e4stid":"1 minut"},"schema":{"@context":"https:\/\/schema.org","@graph":[{"@type":"WebPage","@id":"https:\/\/urban-vitamin.com\/sv\/produkt\/alameda-10-000-mah-18w-pd-powerbank-svart\/","url":"https:\/\/urban-vitamin.com\/sv\/produkt\/alameda-10-000-mah-18w-pd-powerbank-svart\/","name":"Alameda 10.000 mAh 18W PD powerbank, svart - Urban Vitamin","isPartOf":{"@id":"https:\/\/urban-vitamin.com\/sv\/#website"},"primaryImageOfPage":{"@id":"https:\/\/urban-vitamin.com\/sv\/produkt\/alameda-10-000-mah-18w-pd-powerbank-svart\/#primaryimage"},"image":{"@id":"https:\/\/urban-vitamin.com\/sv\/produkt\/alameda-10-000-mah-18w-pd-powerbank-svart\/#primaryimage"},"thumbnailUrl":"https:\/\/urban-vitamin.com\/wp-content\/uploads\/sites\/5\/2024\/02\/P322.701__S_0__d5b536cf6f744a8489da49f45e3bced3.jpg","datePublished":"2026-03-12T01:06:22+00:00","dateModified":"2026-03-12T02:46:25+00:00","breadcrumb":{"@id":"https:\/\/urban-vitamin.com\/sv\/produkt\/alameda-10-000-mah-18w-pd-powerbank-svart\/#breadcrumb"},"inLanguage":"sv-SE","potentialAction":[{"@type":"ReadAction","target":["https:\/\/urban-vitamin.com\/sv\/produkt\/alameda-10-000-mah-18w-pd-powerbank-svart\/"]}]},{"@type":"ImageObject","inLanguage":"sv-SE","@id":"https:\/\/urban-vitamin.com\/sv\/produkt\/alameda-10-000-mah-18w-pd-powerbank-svart\/#primaryimage","url":"https:\/\/urban-vitamin.com\/wp-content\/uploads\/sites\/5\/2024\/02\/P322.701__S_0__d5b536cf6f744a8489da49f45e3bced3.jpg","contentUrl":"https:\/\/urban-vitamin.com\/wp-content\/uploads\/sites\/5\/2024\/02\/P322.701__S_0__d5b536cf6f744a8489da49f45e3bced3.jpg","width":1024,"height":1024},{"@type":"BreadcrumbList","@id":"https:\/\/urban-vitamin.com\/sv\/produkt\/alameda-10-000-mah-18w-pd-powerbank-svart\/#breadcrumb","itemListElement":[{"@type":"ListItem","position":1,"name":"Home","item":"https:\/\/urban-vitamin.com\/sv\/"},{"@type":"ListItem","position":2,"name":"Kollektion","item":"https:\/\/urban-vitamin.com\/sv\/kollektion\/"},{"@type":"ListItem","position":3,"name":"Alameda 10.000 mAh 18W PD powerbank, svart"}]},{"@type":"WebSite","@id":"https:\/\/urban-vitamin.com\/sv\/#website","url":"https:\/\/urban-vitamin.com\/sv\/","name":"Urban Vitamin","description":"Enjoy your daily dose of Urban Vitamin!","potentialAction":[{"@type":"SearchAction","target":{"@type":"EntryPoint","urlTemplate":"https:\/\/urban-vitamin.com\/sv\/?s={search_term_string}"},"query-input":{"@type":"PropertyValueSpecification","valueRequired":true,"valueName":"search_term_string"}}],"inLanguage":"sv-SE"}]}},"_links":{"self":[{"href":"https:\/\/urban-vitamin.com\/sv\/wp-json\/wp\/v2\/product\/5563","targetHints":{"allow":["GET"]}}],"collection":[{"href":"https:\/\/urban-vitamin.com\/sv\/wp-json\/wp\/v2\/product"}],"about":[{"href":"https:\/\/urban-vitamin.com\/sv\/wp-json\/wp\/v2\/types\/product"}],"replies":[{"embeddable":true,"href":"https:\/\/urban-vitamin.com\/sv\/wp-json\/wp\/v2\/comments?post=5563"}],"wp:featuredmedia":[{"embeddable":true,"href":"https:\/\/urban-vitamin.com\/sv\/wp-json\/wp\/v2\/media\/12741"}],"wp:attachment":[{"href":"https:\/\/urban-vitamin.com\/sv\/wp-json\/wp\/v2\/media?parent=5563"}],"wp:term":[{"taxonomy":"product_cat","embeddable":true,"href":"https:\/\/urban-vitamin.com\/sv\/wp-json\/wp\/v2\/product_cat?post=5563"},{"taxonomy":"product_tag","embeddable":true,"href":"https:\/\/urban-vitamin.com\/sv\/wp-json\/wp\/v2\/product_tag?post=5563"}],"curies":[{"name":"wp","href":"https:\/\/api.w.org\/{rel}","templated":true}]}}