{"id":5560,"date":"2026-03-12T01:06:22","date_gmt":"2026-03-12T01:06:22","guid":{"rendered":"https:\/\/xdsomename.tempurl.host\/urban-vitamin\/product\/urban-vitamin-fairfield-3-i-1-laddare-rcs-rplast-svart\/"},"modified":"2026-04-15T01:46:12","modified_gmt":"2026-04-15T01:46:12","slug":"fairfield-3-i-1-laddare-rcs-rplast-svart","status":"publish","type":"product","link":"https:\/\/urban-vitamin.com\/sv\/produkt\/fairfield-3-i-1-laddare-rcs-rplast-svart\/","title":{"rendered":"Fairfield 3-i-1 laddare RCS rplast, svart"},"content":{"rendered":"<p>15W 3 i 1 tr\u00e5dl\u00f6st laddningsst\u00e4ll tillverkat av RCS (Recycled Claim Standard) certifierad \u00e5tervunnen ABS. Totalt \u00e5tervunnet inneh\u00e5ll: 60% baserat p\u00e5 total produktvikt. RCS certifiering s\u00e4kerst\u00e4ller en helt certifierad leveranskedja av de \u00e5tervunna materialen. Med denna tr\u00e5dl\u00f6sa laddare kan du ladda din telefon p\u00e5 snabbast m\u00f6jliga s\u00e4tt. Laddaren har en dubbel spole 15W tr\u00e5dl\u00f6s laddare, 5W tr\u00e5dl\u00f6s laddare p\u00e5 baksidan och p\u00e5 toppen en 3W iWatch laddare. 120cm l\u00e5ng type C laddningskabel i RCS certifierad TPE medf\u00f6ljer. Urban Vitamin produkter \u00e4r PVC-fria och levereras i en plastreducerad f\u00f6rpackning. Input: 5V\/3A, 9V\/2A 5V\/1A, 9V \/1.1A<\/p>\n","protected":false},"excerpt":{"rendered":"<p>15W 3 i 1 tr\u00e5dl\u00f6st laddningsst\u00e4ll tillverkat av RCS (Recycled Claim Standard) certifierad \u00e5tervunnen ABS. Totalt \u00e5tervunnet inneh\u00e5ll: 60% baserat p\u00e5 total produktvikt. RCS certifiering s\u00e4kerst\u00e4ller en helt certifierad leveranskedja av de \u00e5tervunna materialen. Med denna tr\u00e5dl\u00f6sa laddare kan du ladda din telefon p\u00e5 snabbast m\u00f6jliga s\u00e4tt. Laddaren har en dubbel spole 15W tr\u00e5dl\u00f6s laddare, [&hellip;]<\/p>\n","protected":false},"featured_media":12363,"comment_status":"closed","ping_status":"closed","template":"","meta":{"_acf_changed":false,"om_disable_all_campaigns":false},"product_cat":[86],"product_tag":[],"class_list":["post-5560","product","type-product","status-publish","has-post-thumbnail","hentry","product_cat-laddare","pa_color-black"],"acf":[],"yoast_head":"<!-- This site is optimized with the Yoast SEO plugin v27.0 - https:\/\/yoast.com\/product\/yoast-seo-wordpress\/ -->\n<title>Fairfield 3-i-1 laddare RCS rplast, svart - Urban Vitamin<\/title>\n<meta name=\"robots\" content=\"index, follow, max-snippet:-1, max-image-preview:large, max-video-preview:-1\" \/>\n<link rel=\"canonical\" href=\"https:\/\/urban-vitamin.com\/sv\/produkt\/fairfield-3-i-1-laddare-rcs-rplast-svart\/\" \/>\n<meta property=\"og:locale\" content=\"sv_SE\" \/>\n<meta property=\"og:type\" content=\"article\" \/>\n<meta property=\"og:title\" content=\"Fairfield 3-i-1 laddare RCS rplast, svart - Urban Vitamin\" \/>\n<meta property=\"og:description\" content=\"15W 3 i 1 tr\u00e5dl\u00f6st laddningsst\u00e4ll tillverkat av RCS (Recycled Claim Standard) certifierad \u00e5tervunnen ABS. Totalt \u00e5tervunnet inneh\u00e5ll: 60% baserat p\u00e5 total produktvikt. RCS certifiering s\u00e4kerst\u00e4ller en helt certifierad leveranskedja av de \u00e5tervunna materialen. Med denna tr\u00e5dl\u00f6sa laddare kan du ladda din telefon p\u00e5 snabbast m\u00f6jliga s\u00e4tt. Laddaren har en dubbel spole 15W tr\u00e5dl\u00f6s laddare, [&hellip;]\" \/>\n<meta property=\"og:url\" content=\"https:\/\/urban-vitamin.com\/sv\/produkt\/fairfield-3-i-1-laddare-rcs-rplast-svart\/\" \/>\n<meta property=\"og:site_name\" content=\"Urban Vitamin\" \/>\n<meta property=\"article:modified_time\" content=\"2026-04-15T01:46:12+00:00\" \/>\n<meta property=\"og:image\" content=\"https:\/\/urban-vitamin.com\/wp-content\/uploads\/sites\/5\/2024\/02\/P308.361__S_0__ef80acabcb7147ad9ef0d7db47e00146-1.jpg\" \/>\n\t<meta property=\"og:image:width\" content=\"1024\" \/>\n\t<meta property=\"og:image:height\" content=\"1024\" \/>\n\t<meta property=\"og:image:type\" content=\"image\/jpeg\" \/>\n<meta name=\"twitter:card\" content=\"summary_large_image\" \/>\n<meta name=\"twitter:label1\" content=\"Ber\u00e4knad l\u00e4stid\" \/>\n\t<meta name=\"twitter:data1\" content=\"1 minut\" \/>\n<script type=\"application\/ld+json\" class=\"yoast-schema-graph\">{\"@context\":\"https:\/\/schema.org\",\"@graph\":[{\"@type\":\"WebPage\",\"@id\":\"https:\/\/urban-vitamin.com\/sv\/produkt\/fairfield-3-i-1-laddare-rcs-rplast-svart\/\",\"url\":\"https:\/\/urban-vitamin.com\/sv\/produkt\/fairfield-3-i-1-laddare-rcs-rplast-svart\/\",\"name\":\"Fairfield 3-i-1 laddare RCS rplast, svart - Urban Vitamin\",\"isPartOf\":{\"@id\":\"https:\/\/urban-vitamin.com\/sv\/#website\"},\"primaryImageOfPage\":{\"@id\":\"https:\/\/urban-vitamin.com\/sv\/produkt\/fairfield-3-i-1-laddare-rcs-rplast-svart\/#primaryimage\"},\"image\":{\"@id\":\"https:\/\/urban-vitamin.com\/sv\/produkt\/fairfield-3-i-1-laddare-rcs-rplast-svart\/#primaryimage\"},\"thumbnailUrl\":\"https:\/\/urban-vitamin.com\/wp-content\/uploads\/sites\/5\/2024\/02\/P308.361__S_0__ef80acabcb7147ad9ef0d7db47e00146-1.jpg\",\"datePublished\":\"2026-03-12T01:06:22+00:00\",\"dateModified\":\"2026-04-15T01:46:12+00:00\",\"breadcrumb\":{\"@id\":\"https:\/\/urban-vitamin.com\/sv\/produkt\/fairfield-3-i-1-laddare-rcs-rplast-svart\/#breadcrumb\"},\"inLanguage\":\"sv-SE\",\"potentialAction\":[{\"@type\":\"ReadAction\",\"target\":[\"https:\/\/urban-vitamin.com\/sv\/produkt\/fairfield-3-i-1-laddare-rcs-rplast-svart\/\"]}]},{\"@type\":\"ImageObject\",\"inLanguage\":\"sv-SE\",\"@id\":\"https:\/\/urban-vitamin.com\/sv\/produkt\/fairfield-3-i-1-laddare-rcs-rplast-svart\/#primaryimage\",\"url\":\"https:\/\/urban-vitamin.com\/wp-content\/uploads\/sites\/5\/2024\/02\/P308.361__S_0__ef80acabcb7147ad9ef0d7db47e00146-1.jpg\",\"contentUrl\":\"https:\/\/urban-vitamin.com\/wp-content\/uploads\/sites\/5\/2024\/02\/P308.361__S_0__ef80acabcb7147ad9ef0d7db47e00146-1.jpg\",\"width\":1024,\"height\":1024},{\"@type\":\"BreadcrumbList\",\"@id\":\"https:\/\/urban-vitamin.com\/sv\/produkt\/fairfield-3-i-1-laddare-rcs-rplast-svart\/#breadcrumb\",\"itemListElement\":[{\"@type\":\"ListItem\",\"position\":1,\"name\":\"Home\",\"item\":\"https:\/\/urban-vitamin.com\/sv\/\"},{\"@type\":\"ListItem\",\"position\":2,\"name\":\"Kollektion\",\"item\":\"https:\/\/urban-vitamin.com\/sv\/kollektion\/\"},{\"@type\":\"ListItem\",\"position\":3,\"name\":\"Fairfield 3-i-1 laddare RCS rplast, svart\"}]},{\"@type\":\"WebSite\",\"@id\":\"https:\/\/urban-vitamin.com\/sv\/#website\",\"url\":\"https:\/\/urban-vitamin.com\/sv\/\",\"name\":\"Urban Vitamin\",\"description\":\"Enjoy your daily dose of Urban Vitamin!\",\"potentialAction\":[{\"@type\":\"SearchAction\",\"target\":{\"@type\":\"EntryPoint\",\"urlTemplate\":\"https:\/\/urban-vitamin.com\/sv\/?s={search_term_string}\"},\"query-input\":{\"@type\":\"PropertyValueSpecification\",\"valueRequired\":true,\"valueName\":\"search_term_string\"}}],\"inLanguage\":\"sv-SE\"}]}<\/script>\n<!-- \/ Yoast SEO plugin. -->","yoast_head_json":{"title":"Fairfield 3-i-1 laddare RCS rplast, svart - Urban Vitamin","robots":{"index":"index","follow":"follow","max-snippet":"max-snippet:-1","max-image-preview":"max-image-preview:large","max-video-preview":"max-video-preview:-1"},"canonical":"https:\/\/urban-vitamin.com\/sv\/produkt\/fairfield-3-i-1-laddare-rcs-rplast-svart\/","og_locale":"sv_SE","og_type":"article","og_title":"Fairfield 3-i-1 laddare RCS rplast, svart - Urban Vitamin","og_description":"15W 3 i 1 tr\u00e5dl\u00f6st laddningsst\u00e4ll tillverkat av RCS (Recycled Claim Standard) certifierad \u00e5tervunnen ABS. Totalt \u00e5tervunnet inneh\u00e5ll: 60% baserat p\u00e5 total produktvikt. RCS certifiering s\u00e4kerst\u00e4ller en helt certifierad leveranskedja av de \u00e5tervunna materialen. Med denna tr\u00e5dl\u00f6sa laddare kan du ladda din telefon p\u00e5 snabbast m\u00f6jliga s\u00e4tt. Laddaren har en dubbel spole 15W tr\u00e5dl\u00f6s laddare, [&hellip;]","og_url":"https:\/\/urban-vitamin.com\/sv\/produkt\/fairfield-3-i-1-laddare-rcs-rplast-svart\/","og_site_name":"Urban Vitamin","article_modified_time":"2026-04-15T01:46:12+00:00","og_image":[{"width":1024,"height":1024,"url":"https:\/\/urban-vitamin.com\/wp-content\/uploads\/sites\/5\/2024\/02\/P308.361__S_0__ef80acabcb7147ad9ef0d7db47e00146-1.jpg","type":"image\/jpeg"}],"twitter_card":"summary_large_image","twitter_misc":{"Ber\u00e4knad l\u00e4stid":"1 minut"},"schema":{"@context":"https:\/\/schema.org","@graph":[{"@type":"WebPage","@id":"https:\/\/urban-vitamin.com\/sv\/produkt\/fairfield-3-i-1-laddare-rcs-rplast-svart\/","url":"https:\/\/urban-vitamin.com\/sv\/produkt\/fairfield-3-i-1-laddare-rcs-rplast-svart\/","name":"Fairfield 3-i-1 laddare RCS rplast, svart - Urban Vitamin","isPartOf":{"@id":"https:\/\/urban-vitamin.com\/sv\/#website"},"primaryImageOfPage":{"@id":"https:\/\/urban-vitamin.com\/sv\/produkt\/fairfield-3-i-1-laddare-rcs-rplast-svart\/#primaryimage"},"image":{"@id":"https:\/\/urban-vitamin.com\/sv\/produkt\/fairfield-3-i-1-laddare-rcs-rplast-svart\/#primaryimage"},"thumbnailUrl":"https:\/\/urban-vitamin.com\/wp-content\/uploads\/sites\/5\/2024\/02\/P308.361__S_0__ef80acabcb7147ad9ef0d7db47e00146-1.jpg","datePublished":"2026-03-12T01:06:22+00:00","dateModified":"2026-04-15T01:46:12+00:00","breadcrumb":{"@id":"https:\/\/urban-vitamin.com\/sv\/produkt\/fairfield-3-i-1-laddare-rcs-rplast-svart\/#breadcrumb"},"inLanguage":"sv-SE","potentialAction":[{"@type":"ReadAction","target":["https:\/\/urban-vitamin.com\/sv\/produkt\/fairfield-3-i-1-laddare-rcs-rplast-svart\/"]}]},{"@type":"ImageObject","inLanguage":"sv-SE","@id":"https:\/\/urban-vitamin.com\/sv\/produkt\/fairfield-3-i-1-laddare-rcs-rplast-svart\/#primaryimage","url":"https:\/\/urban-vitamin.com\/wp-content\/uploads\/sites\/5\/2024\/02\/P308.361__S_0__ef80acabcb7147ad9ef0d7db47e00146-1.jpg","contentUrl":"https:\/\/urban-vitamin.com\/wp-content\/uploads\/sites\/5\/2024\/02\/P308.361__S_0__ef80acabcb7147ad9ef0d7db47e00146-1.jpg","width":1024,"height":1024},{"@type":"BreadcrumbList","@id":"https:\/\/urban-vitamin.com\/sv\/produkt\/fairfield-3-i-1-laddare-rcs-rplast-svart\/#breadcrumb","itemListElement":[{"@type":"ListItem","position":1,"name":"Home","item":"https:\/\/urban-vitamin.com\/sv\/"},{"@type":"ListItem","position":2,"name":"Kollektion","item":"https:\/\/urban-vitamin.com\/sv\/kollektion\/"},{"@type":"ListItem","position":3,"name":"Fairfield 3-i-1 laddare RCS rplast, svart"}]},{"@type":"WebSite","@id":"https:\/\/urban-vitamin.com\/sv\/#website","url":"https:\/\/urban-vitamin.com\/sv\/","name":"Urban Vitamin","description":"Enjoy your daily dose of Urban Vitamin!","potentialAction":[{"@type":"SearchAction","target":{"@type":"EntryPoint","urlTemplate":"https:\/\/urban-vitamin.com\/sv\/?s={search_term_string}"},"query-input":{"@type":"PropertyValueSpecification","valueRequired":true,"valueName":"search_term_string"}}],"inLanguage":"sv-SE"}]}},"_links":{"self":[{"href":"https:\/\/urban-vitamin.com\/sv\/wp-json\/wp\/v2\/product\/5560","targetHints":{"allow":["GET"]}}],"collection":[{"href":"https:\/\/urban-vitamin.com\/sv\/wp-json\/wp\/v2\/product"}],"about":[{"href":"https:\/\/urban-vitamin.com\/sv\/wp-json\/wp\/v2\/types\/product"}],"replies":[{"embeddable":true,"href":"https:\/\/urban-vitamin.com\/sv\/wp-json\/wp\/v2\/comments?post=5560"}],"wp:featuredmedia":[{"embeddable":true,"href":"https:\/\/urban-vitamin.com\/sv\/wp-json\/wp\/v2\/media\/12363"}],"wp:attachment":[{"href":"https:\/\/urban-vitamin.com\/sv\/wp-json\/wp\/v2\/media?parent=5560"}],"wp:term":[{"taxonomy":"product_cat","embeddable":true,"href":"https:\/\/urban-vitamin.com\/sv\/wp-json\/wp\/v2\/product_cat?post=5560"},{"taxonomy":"product_tag","embeddable":true,"href":"https:\/\/urban-vitamin.com\/sv\/wp-json\/wp\/v2\/product_tag?post=5560"}],"curies":[{"name":"wp","href":"https:\/\/api.w.org\/{rel}","templated":true}]}}