{"id":5559,"date":"2026-03-12T01:06:04","date_gmt":"2026-03-12T01:06:04","guid":{"rendered":"https:\/\/xdsomename.tempurl.host\/urban-vitamin\/product\/oakland-6-i-1-kabel-rcs-atervunnen-rplast-m-snabbladdning-bla\/"},"modified":"2026-03-12T02:46:16","modified_gmt":"2026-03-12T02:46:16","slug":"oakland-6-i-1-kabel-rcs-atervunnen-rplast-m-snabbladdning-bla","status":"publish","type":"product","link":"https:\/\/urban-vitamin.com\/sv\/produkt\/oakland-6-i-1-kabel-rcs-atervunnen-rplast-m-snabbladdning-bla\/","title":{"rendered":"Oakland 6-i-1 kabel RCS \u00e5tervunnen rplast m.  snabbladdning, bl\u00e5"},"content":{"rendered":"<p>Ladda alltid med snabbast m\u00f6jliga hastighet med Oakland kabel med snabbladdning. Tillverkad av certifierade \u00e5tervunna material. H\u00f6ljet \u00e4r tillverkat av 100% RCS certifierad \u00e5tervunnen TPE plast och kabeln fr\u00e5n 100% \u00e5tervunnen TPE innermaterial och 100% \u00e5tervunnen PET yttermaterial. RCS (Recycled Claim Standard) \u00e4r en standard f\u00f6r att verifiera \u00e5tervunnet inneh\u00e5ll i en produkt genom hela leveranskedjan. RCS \u00e4r den standard som anv\u00e4nds n\u00e4r en del av en produkt \u00e4r tillverkad av \u00e5tervunna material. Kabeln \u00e4r 120cm l\u00e5ng och har 5 kontakter USB C in, USB A in, type C out, IOS out och micro USB out. Kabeln kan d\u00e4rmed anv\u00e4ndas b\u00e5de f\u00f6r nyare enheter som endast har type C output samt alla enheter fr\u00e5n alla output-k\u00e4llor tack vare USB A kontakten. Max str\u00f6m type C till ligtning 18W. Max str\u00f6m type C till type C 45W. Urban Vitamin produkter \u00e4r PVC-fria och levereras i en plastreducerad f\u00f6rpackning. Totalt \u00e5tervunnet inneh\u00e5ll: 52% baserat p\u00e5 total produktvikt. B\u00e5de f\u00f6r laddning och synkronisering.<\/p>\n","protected":false},"excerpt":{"rendered":"<p>Ladda alltid med snabbast m\u00f6jliga hastighet med Oakland kabel med snabbladdning. Tillverkad av certifierade \u00e5tervunna material. H\u00f6ljet \u00e4r tillverkat av 100% RCS certifierad \u00e5tervunnen TPE plast och kabeln fr\u00e5n 100% \u00e5tervunnen TPE innermaterial och 100% \u00e5tervunnen PET yttermaterial. RCS (Recycled Claim Standard) \u00e4r en standard f\u00f6r att verifiera \u00e5tervunnet inneh\u00e5ll i en produkt genom hela [&hellip;]<\/p>\n","protected":false},"featured_media":12279,"comment_status":"closed","ping_status":"closed","template":"","meta":{"_acf_changed":false,"om_disable_all_campaigns":false},"product_cat":[87],"product_tag":[],"class_list":["post-5559","product","type-product","status-publish","has-post-thumbnail","hentry","product_cat-kablar","pa_color-blue"],"acf":[],"yoast_head":"<!-- This site is optimized with the Yoast SEO plugin v27.0 - https:\/\/yoast.com\/product\/yoast-seo-wordpress\/ -->\n<title>Oakland 6-i-1 kabel RCS \u00e5tervunnen rplast m. snabbladdning, bl\u00e5 - Urban Vitamin<\/title>\n<meta name=\"robots\" content=\"index, follow, max-snippet:-1, max-image-preview:large, max-video-preview:-1\" \/>\n<link rel=\"canonical\" href=\"https:\/\/urban-vitamin.com\/sv\/produkt\/oakland-6-i-1-kabel-rcs-atervunnen-rplast-m-snabbladdning-bla\/\" \/>\n<meta property=\"og:locale\" content=\"sv_SE\" \/>\n<meta property=\"og:type\" content=\"article\" \/>\n<meta property=\"og:title\" content=\"Oakland 6-i-1 kabel RCS \u00e5tervunnen rplast m. snabbladdning, bl\u00e5 - Urban Vitamin\" \/>\n<meta property=\"og:description\" content=\"Ladda alltid med snabbast m\u00f6jliga hastighet med Oakland kabel med snabbladdning. Tillverkad av certifierade \u00e5tervunna material. H\u00f6ljet \u00e4r tillverkat av 100% RCS certifierad \u00e5tervunnen TPE plast och kabeln fr\u00e5n 100% \u00e5tervunnen TPE innermaterial och 100% \u00e5tervunnen PET yttermaterial. RCS (Recycled Claim Standard) \u00e4r en standard f\u00f6r att verifiera \u00e5tervunnet inneh\u00e5ll i en produkt genom hela [&hellip;]\" \/>\n<meta property=\"og:url\" content=\"https:\/\/urban-vitamin.com\/sv\/produkt\/oakland-6-i-1-kabel-rcs-atervunnen-rplast-m-snabbladdning-bla\/\" \/>\n<meta property=\"og:site_name\" content=\"Urban Vitamin\" \/>\n<meta property=\"article:modified_time\" content=\"2026-03-12T02:46:16+00:00\" \/>\n<meta property=\"og:image\" content=\"https:\/\/urban-vitamin.com\/wp-content\/uploads\/sites\/5\/2024\/02\/P302.705__S_0__fa0f26b4cdd14e3592fa75ecf474a681.jpg\" \/>\n\t<meta property=\"og:image:width\" content=\"1024\" \/>\n\t<meta property=\"og:image:height\" content=\"1024\" \/>\n\t<meta property=\"og:image:type\" content=\"image\/jpeg\" \/>\n<meta name=\"twitter:card\" content=\"summary_large_image\" \/>\n<meta name=\"twitter:label1\" content=\"Ber\u00e4knad l\u00e4stid\" \/>\n\t<meta name=\"twitter:data1\" content=\"1 minut\" \/>\n<script type=\"application\/ld+json\" class=\"yoast-schema-graph\">{\"@context\":\"https:\/\/schema.org\",\"@graph\":[{\"@type\":\"WebPage\",\"@id\":\"https:\/\/urban-vitamin.com\/sv\/produkt\/oakland-6-i-1-kabel-rcs-atervunnen-rplast-m-snabbladdning-bla\/\",\"url\":\"https:\/\/urban-vitamin.com\/sv\/produkt\/oakland-6-i-1-kabel-rcs-atervunnen-rplast-m-snabbladdning-bla\/\",\"name\":\"Oakland 6-i-1 kabel RCS \u00e5tervunnen rplast m. snabbladdning, bl\u00e5 - Urban Vitamin\",\"isPartOf\":{\"@id\":\"https:\/\/urban-vitamin.com\/sv\/#website\"},\"primaryImageOfPage\":{\"@id\":\"https:\/\/urban-vitamin.com\/sv\/produkt\/oakland-6-i-1-kabel-rcs-atervunnen-rplast-m-snabbladdning-bla\/#primaryimage\"},\"image\":{\"@id\":\"https:\/\/urban-vitamin.com\/sv\/produkt\/oakland-6-i-1-kabel-rcs-atervunnen-rplast-m-snabbladdning-bla\/#primaryimage\"},\"thumbnailUrl\":\"https:\/\/urban-vitamin.com\/wp-content\/uploads\/sites\/5\/2024\/02\/P302.705__S_0__fa0f26b4cdd14e3592fa75ecf474a681.jpg\",\"datePublished\":\"2026-03-12T01:06:04+00:00\",\"dateModified\":\"2026-03-12T02:46:16+00:00\",\"breadcrumb\":{\"@id\":\"https:\/\/urban-vitamin.com\/sv\/produkt\/oakland-6-i-1-kabel-rcs-atervunnen-rplast-m-snabbladdning-bla\/#breadcrumb\"},\"inLanguage\":\"sv-SE\",\"potentialAction\":[{\"@type\":\"ReadAction\",\"target\":[\"https:\/\/urban-vitamin.com\/sv\/produkt\/oakland-6-i-1-kabel-rcs-atervunnen-rplast-m-snabbladdning-bla\/\"]}]},{\"@type\":\"ImageObject\",\"inLanguage\":\"sv-SE\",\"@id\":\"https:\/\/urban-vitamin.com\/sv\/produkt\/oakland-6-i-1-kabel-rcs-atervunnen-rplast-m-snabbladdning-bla\/#primaryimage\",\"url\":\"https:\/\/urban-vitamin.com\/wp-content\/uploads\/sites\/5\/2024\/02\/P302.705__S_0__fa0f26b4cdd14e3592fa75ecf474a681.jpg\",\"contentUrl\":\"https:\/\/urban-vitamin.com\/wp-content\/uploads\/sites\/5\/2024\/02\/P302.705__S_0__fa0f26b4cdd14e3592fa75ecf474a681.jpg\",\"width\":1024,\"height\":1024},{\"@type\":\"BreadcrumbList\",\"@id\":\"https:\/\/urban-vitamin.com\/sv\/produkt\/oakland-6-i-1-kabel-rcs-atervunnen-rplast-m-snabbladdning-bla\/#breadcrumb\",\"itemListElement\":[{\"@type\":\"ListItem\",\"position\":1,\"name\":\"Home\",\"item\":\"https:\/\/urban-vitamin.com\/sv\/\"},{\"@type\":\"ListItem\",\"position\":2,\"name\":\"Kollektion\",\"item\":\"https:\/\/urban-vitamin.com\/sv\/kollektion\/\"},{\"@type\":\"ListItem\",\"position\":3,\"name\":\"Oakland 6-i-1 kabel RCS \u00e5tervunnen rplast m. snabbladdning, bl\u00e5\"}]},{\"@type\":\"WebSite\",\"@id\":\"https:\/\/urban-vitamin.com\/sv\/#website\",\"url\":\"https:\/\/urban-vitamin.com\/sv\/\",\"name\":\"Urban Vitamin\",\"description\":\"Enjoy your daily dose of Urban Vitamin!\",\"potentialAction\":[{\"@type\":\"SearchAction\",\"target\":{\"@type\":\"EntryPoint\",\"urlTemplate\":\"https:\/\/urban-vitamin.com\/sv\/?s={search_term_string}\"},\"query-input\":{\"@type\":\"PropertyValueSpecification\",\"valueRequired\":true,\"valueName\":\"search_term_string\"}}],\"inLanguage\":\"sv-SE\"}]}<\/script>\n<!-- \/ Yoast SEO plugin. -->","yoast_head_json":{"title":"Oakland 6-i-1 kabel RCS \u00e5tervunnen rplast m. snabbladdning, bl\u00e5 - Urban Vitamin","robots":{"index":"index","follow":"follow","max-snippet":"max-snippet:-1","max-image-preview":"max-image-preview:large","max-video-preview":"max-video-preview:-1"},"canonical":"https:\/\/urban-vitamin.com\/sv\/produkt\/oakland-6-i-1-kabel-rcs-atervunnen-rplast-m-snabbladdning-bla\/","og_locale":"sv_SE","og_type":"article","og_title":"Oakland 6-i-1 kabel RCS \u00e5tervunnen rplast m. snabbladdning, bl\u00e5 - Urban Vitamin","og_description":"Ladda alltid med snabbast m\u00f6jliga hastighet med Oakland kabel med snabbladdning. Tillverkad av certifierade \u00e5tervunna material. H\u00f6ljet \u00e4r tillverkat av 100% RCS certifierad \u00e5tervunnen TPE plast och kabeln fr\u00e5n 100% \u00e5tervunnen TPE innermaterial och 100% \u00e5tervunnen PET yttermaterial. RCS (Recycled Claim Standard) \u00e4r en standard f\u00f6r att verifiera \u00e5tervunnet inneh\u00e5ll i en produkt genom hela [&hellip;]","og_url":"https:\/\/urban-vitamin.com\/sv\/produkt\/oakland-6-i-1-kabel-rcs-atervunnen-rplast-m-snabbladdning-bla\/","og_site_name":"Urban Vitamin","article_modified_time":"2026-03-12T02:46:16+00:00","og_image":[{"width":1024,"height":1024,"url":"https:\/\/urban-vitamin.com\/wp-content\/uploads\/sites\/5\/2024\/02\/P302.705__S_0__fa0f26b4cdd14e3592fa75ecf474a681.jpg","type":"image\/jpeg"}],"twitter_card":"summary_large_image","twitter_misc":{"Ber\u00e4knad l\u00e4stid":"1 minut"},"schema":{"@context":"https:\/\/schema.org","@graph":[{"@type":"WebPage","@id":"https:\/\/urban-vitamin.com\/sv\/produkt\/oakland-6-i-1-kabel-rcs-atervunnen-rplast-m-snabbladdning-bla\/","url":"https:\/\/urban-vitamin.com\/sv\/produkt\/oakland-6-i-1-kabel-rcs-atervunnen-rplast-m-snabbladdning-bla\/","name":"Oakland 6-i-1 kabel RCS \u00e5tervunnen rplast m. snabbladdning, bl\u00e5 - Urban Vitamin","isPartOf":{"@id":"https:\/\/urban-vitamin.com\/sv\/#website"},"primaryImageOfPage":{"@id":"https:\/\/urban-vitamin.com\/sv\/produkt\/oakland-6-i-1-kabel-rcs-atervunnen-rplast-m-snabbladdning-bla\/#primaryimage"},"image":{"@id":"https:\/\/urban-vitamin.com\/sv\/produkt\/oakland-6-i-1-kabel-rcs-atervunnen-rplast-m-snabbladdning-bla\/#primaryimage"},"thumbnailUrl":"https:\/\/urban-vitamin.com\/wp-content\/uploads\/sites\/5\/2024\/02\/P302.705__S_0__fa0f26b4cdd14e3592fa75ecf474a681.jpg","datePublished":"2026-03-12T01:06:04+00:00","dateModified":"2026-03-12T02:46:16+00:00","breadcrumb":{"@id":"https:\/\/urban-vitamin.com\/sv\/produkt\/oakland-6-i-1-kabel-rcs-atervunnen-rplast-m-snabbladdning-bla\/#breadcrumb"},"inLanguage":"sv-SE","potentialAction":[{"@type":"ReadAction","target":["https:\/\/urban-vitamin.com\/sv\/produkt\/oakland-6-i-1-kabel-rcs-atervunnen-rplast-m-snabbladdning-bla\/"]}]},{"@type":"ImageObject","inLanguage":"sv-SE","@id":"https:\/\/urban-vitamin.com\/sv\/produkt\/oakland-6-i-1-kabel-rcs-atervunnen-rplast-m-snabbladdning-bla\/#primaryimage","url":"https:\/\/urban-vitamin.com\/wp-content\/uploads\/sites\/5\/2024\/02\/P302.705__S_0__fa0f26b4cdd14e3592fa75ecf474a681.jpg","contentUrl":"https:\/\/urban-vitamin.com\/wp-content\/uploads\/sites\/5\/2024\/02\/P302.705__S_0__fa0f26b4cdd14e3592fa75ecf474a681.jpg","width":1024,"height":1024},{"@type":"BreadcrumbList","@id":"https:\/\/urban-vitamin.com\/sv\/produkt\/oakland-6-i-1-kabel-rcs-atervunnen-rplast-m-snabbladdning-bla\/#breadcrumb","itemListElement":[{"@type":"ListItem","position":1,"name":"Home","item":"https:\/\/urban-vitamin.com\/sv\/"},{"@type":"ListItem","position":2,"name":"Kollektion","item":"https:\/\/urban-vitamin.com\/sv\/kollektion\/"},{"@type":"ListItem","position":3,"name":"Oakland 6-i-1 kabel RCS \u00e5tervunnen rplast m. snabbladdning, bl\u00e5"}]},{"@type":"WebSite","@id":"https:\/\/urban-vitamin.com\/sv\/#website","url":"https:\/\/urban-vitamin.com\/sv\/","name":"Urban Vitamin","description":"Enjoy your daily dose of Urban Vitamin!","potentialAction":[{"@type":"SearchAction","target":{"@type":"EntryPoint","urlTemplate":"https:\/\/urban-vitamin.com\/sv\/?s={search_term_string}"},"query-input":{"@type":"PropertyValueSpecification","valueRequired":true,"valueName":"search_term_string"}}],"inLanguage":"sv-SE"}]}},"_links":{"self":[{"href":"https:\/\/urban-vitamin.com\/sv\/wp-json\/wp\/v2\/product\/5559","targetHints":{"allow":["GET"]}}],"collection":[{"href":"https:\/\/urban-vitamin.com\/sv\/wp-json\/wp\/v2\/product"}],"about":[{"href":"https:\/\/urban-vitamin.com\/sv\/wp-json\/wp\/v2\/types\/product"}],"replies":[{"embeddable":true,"href":"https:\/\/urban-vitamin.com\/sv\/wp-json\/wp\/v2\/comments?post=5559"}],"wp:featuredmedia":[{"embeddable":true,"href":"https:\/\/urban-vitamin.com\/sv\/wp-json\/wp\/v2\/media\/12279"}],"wp:attachment":[{"href":"https:\/\/urban-vitamin.com\/sv\/wp-json\/wp\/v2\/media?parent=5559"}],"wp:term":[{"taxonomy":"product_cat","embeddable":true,"href":"https:\/\/urban-vitamin.com\/sv\/wp-json\/wp\/v2\/product_cat?post=5559"},{"taxonomy":"product_tag","embeddable":true,"href":"https:\/\/urban-vitamin.com\/sv\/wp-json\/wp\/v2\/product_tag?post=5559"}],"curies":[{"name":"wp","href":"https:\/\/api.w.org\/{rel}","templated":true}]}}