{"id":27441,"date":"2026-04-30T00:06:11","date_gmt":"2026-04-30T00:06:11","guid":{"rendered":"https:\/\/urban-vitamin.com\/urban-vitamin-ventura-rcs-hybrid-anc-enc-oronsnackor-svart\/"},"modified":"2026-04-30T01:46:15","modified_gmt":"2026-04-30T01:46:15","slug":"ventura-rcs-hybrid-anc-enc-oronsnackor-svart","status":"publish","type":"product","link":"https:\/\/urban-vitamin.com\/sv\/produkt\/ventura-rcs-hybrid-anc-enc-oronsnackor-svart\/","title":{"rendered":"Ventura RCS Hybrid ANC &amp; ENC \u00f6ronsn\u00e4ckor, svart"},"content":{"rendered":"<p>F\u00f6rdjupa dig i en kraftfull, distraktionsfri ljudupplevelse vart livet \u00e4n tar dig. Utrustade med hybrid ANC och brusreducering med dubbla mikrofoner (ENC) ger Ventura-h\u00f6rlurar kristallklara samtal genom att filtrera o\u00f6nskat bakgrundsljud, medan 45 dB aktiv brusreducering blockerar externa ljud \u2013 perfekt f\u00f6r musik, resor och fokuserat arbete. Med en IPX4-st\u00e4nkskyddsklassning \u00e4r Ventura redo f\u00f6r tr\u00e4ning, utomhusbruk och regniga dagar. Ventura har enkel omedelbar automatisk parkoppling \u2013 \u00f6ppna bara fodralet s\u00e5 ansluts h\u00f6rlurarna automatiskt. Spatial ljud skapar en bredare, mer uppslukande lyssningsupplevelse med extra djup i varje sp\u00e5r. Ventura \u00e4r designade f\u00f6r komfort hela dagen och kombinerar mjuka konturer, intuitiva pekkontroller och en raffinerad minimalistisk look f\u00f6r vardagligt bruk. Tillverkade av RCS (Recycled Claim Standard)-certifierad \u00e5tervunnen ABS. Urban Vitamin-produkter \u00e4r tillverkade utan PVC och \u00e4r f\u00f6rpackade i plastreducerad f\u00f6rpackning.<\/p>\n","protected":false},"excerpt":{"rendered":"<p>F\u00f6rdjupa dig i en kraftfull, distraktionsfri ljudupplevelse vart livet \u00e4n tar dig. Utrustade med hybrid ANC och brusreducering med dubbla mikrofoner (ENC) ger Ventura-h\u00f6rlurar kristallklara samtal genom att filtrera o\u00f6nskat bakgrundsljud, medan 45 dB aktiv brusreducering blockerar externa ljud \u2013 perfekt f\u00f6r musik, resor och fokuserat arbete. Med en IPX4-st\u00e4nkskyddsklassning \u00e4r Ventura redo f\u00f6r tr\u00e4ning, [&hellip;]<\/p>\n","protected":false},"featured_media":28066,"comment_status":"closed","ping_status":"closed","template":"","meta":{"_acf_changed":false,"om_disable_all_campaigns":false},"product_cat":[82],"product_tag":[],"class_list":["post-27441","product","type-product","status-publish","has-post-thumbnail","hentry","product_cat-tradlosa-oronsnackor","pa_color-black"],"acf":[],"yoast_head":"<!-- This site is optimized with the Yoast SEO plugin v27.0 - https:\/\/yoast.com\/product\/yoast-seo-wordpress\/ -->\n<title>Ventura RCS Hybrid ANC &amp; ENC \u00f6ronsn\u00e4ckor, svart - Urban Vitamin<\/title>\n<meta name=\"robots\" content=\"index, follow, max-snippet:-1, max-image-preview:large, max-video-preview:-1\" \/>\n<link rel=\"canonical\" href=\"https:\/\/urban-vitamin.com\/sv\/produkt\/ventura-rcs-hybrid-anc-enc-oronsnackor-svart\/\" \/>\n<meta property=\"og:locale\" content=\"sv_SE\" \/>\n<meta property=\"og:type\" content=\"article\" \/>\n<meta property=\"og:title\" content=\"Ventura RCS Hybrid ANC &amp; ENC \u00f6ronsn\u00e4ckor, svart - Urban Vitamin\" \/>\n<meta property=\"og:description\" content=\"F\u00f6rdjupa dig i en kraftfull, distraktionsfri ljudupplevelse vart livet \u00e4n tar dig. Utrustade med hybrid ANC och brusreducering med dubbla mikrofoner (ENC) ger Ventura-h\u00f6rlurar kristallklara samtal genom att filtrera o\u00f6nskat bakgrundsljud, medan 45 dB aktiv brusreducering blockerar externa ljud \u2013 perfekt f\u00f6r musik, resor och fokuserat arbete. Med en IPX4-st\u00e4nkskyddsklassning \u00e4r Ventura redo f\u00f6r tr\u00e4ning, [&hellip;]\" \/>\n<meta property=\"og:url\" content=\"https:\/\/urban-vitamin.com\/sv\/produkt\/ventura-rcs-hybrid-anc-enc-oronsnackor-svart\/\" \/>\n<meta property=\"og:site_name\" content=\"Urban Vitamin\" \/>\n<meta property=\"article:modified_time\" content=\"2026-04-30T01:46:15+00:00\" \/>\n<meta property=\"og:image\" content=\"https:\/\/urban-vitamin.com\/wp-content\/uploads\/sites\/5\/2026\/04\/P331.6001__S_0__c7c9ec78acca4e10a4e5dbf4b8406a49.jpg\" \/>\n\t<meta property=\"og:image:width\" content=\"1024\" \/>\n\t<meta property=\"og:image:height\" content=\"1024\" \/>\n\t<meta property=\"og:image:type\" content=\"image\/jpeg\" \/>\n<meta name=\"twitter:card\" content=\"summary_large_image\" \/>\n<meta name=\"twitter:label1\" content=\"Ber\u00e4knad l\u00e4stid\" \/>\n\t<meta name=\"twitter:data1\" content=\"1 minut\" \/>\n<script type=\"application\/ld+json\" class=\"yoast-schema-graph\">{\"@context\":\"https:\/\/schema.org\",\"@graph\":[{\"@type\":\"WebPage\",\"@id\":\"https:\/\/urban-vitamin.com\/sv\/produkt\/ventura-rcs-hybrid-anc-enc-oronsnackor-svart\/\",\"url\":\"https:\/\/urban-vitamin.com\/sv\/produkt\/ventura-rcs-hybrid-anc-enc-oronsnackor-svart\/\",\"name\":\"Ventura RCS Hybrid ANC &amp; ENC \u00f6ronsn\u00e4ckor, svart - Urban Vitamin\",\"isPartOf\":{\"@id\":\"https:\/\/urban-vitamin.com\/sv\/#website\"},\"primaryImageOfPage\":{\"@id\":\"https:\/\/urban-vitamin.com\/sv\/produkt\/ventura-rcs-hybrid-anc-enc-oronsnackor-svart\/#primaryimage\"},\"image\":{\"@id\":\"https:\/\/urban-vitamin.com\/sv\/produkt\/ventura-rcs-hybrid-anc-enc-oronsnackor-svart\/#primaryimage\"},\"thumbnailUrl\":\"https:\/\/urban-vitamin.com\/wp-content\/uploads\/sites\/5\/2026\/04\/P331.6001__S_0__c7c9ec78acca4e10a4e5dbf4b8406a49.jpg\",\"datePublished\":\"2026-04-30T00:06:11+00:00\",\"dateModified\":\"2026-04-30T01:46:15+00:00\",\"breadcrumb\":{\"@id\":\"https:\/\/urban-vitamin.com\/sv\/produkt\/ventura-rcs-hybrid-anc-enc-oronsnackor-svart\/#breadcrumb\"},\"inLanguage\":\"sv-SE\",\"potentialAction\":[{\"@type\":\"ReadAction\",\"target\":[\"https:\/\/urban-vitamin.com\/sv\/produkt\/ventura-rcs-hybrid-anc-enc-oronsnackor-svart\/\"]}]},{\"@type\":\"ImageObject\",\"inLanguage\":\"sv-SE\",\"@id\":\"https:\/\/urban-vitamin.com\/sv\/produkt\/ventura-rcs-hybrid-anc-enc-oronsnackor-svart\/#primaryimage\",\"url\":\"https:\/\/urban-vitamin.com\/wp-content\/uploads\/sites\/5\/2026\/04\/P331.6001__S_0__c7c9ec78acca4e10a4e5dbf4b8406a49.jpg\",\"contentUrl\":\"https:\/\/urban-vitamin.com\/wp-content\/uploads\/sites\/5\/2026\/04\/P331.6001__S_0__c7c9ec78acca4e10a4e5dbf4b8406a49.jpg\",\"width\":1024,\"height\":1024},{\"@type\":\"BreadcrumbList\",\"@id\":\"https:\/\/urban-vitamin.com\/sv\/produkt\/ventura-rcs-hybrid-anc-enc-oronsnackor-svart\/#breadcrumb\",\"itemListElement\":[{\"@type\":\"ListItem\",\"position\":1,\"name\":\"Home\",\"item\":\"https:\/\/urban-vitamin.com\/sv\/\"},{\"@type\":\"ListItem\",\"position\":2,\"name\":\"Kollektion\",\"item\":\"https:\/\/urban-vitamin.com\/sv\/kollektion\/\"},{\"@type\":\"ListItem\",\"position\":3,\"name\":\"Ventura RCS Hybrid ANC &amp; ENC \u00f6ronsn\u00e4ckor, svart\"}]},{\"@type\":\"WebSite\",\"@id\":\"https:\/\/urban-vitamin.com\/sv\/#website\",\"url\":\"https:\/\/urban-vitamin.com\/sv\/\",\"name\":\"Urban Vitamin\",\"description\":\"Enjoy your daily dose of Urban Vitamin!\",\"potentialAction\":[{\"@type\":\"SearchAction\",\"target\":{\"@type\":\"EntryPoint\",\"urlTemplate\":\"https:\/\/urban-vitamin.com\/sv\/?s={search_term_string}\"},\"query-input\":{\"@type\":\"PropertyValueSpecification\",\"valueRequired\":true,\"valueName\":\"search_term_string\"}}],\"inLanguage\":\"sv-SE\"}]}<\/script>\n<!-- \/ Yoast SEO plugin. -->","yoast_head_json":{"title":"Ventura RCS Hybrid ANC &amp; ENC \u00f6ronsn\u00e4ckor, svart - Urban Vitamin","robots":{"index":"index","follow":"follow","max-snippet":"max-snippet:-1","max-image-preview":"max-image-preview:large","max-video-preview":"max-video-preview:-1"},"canonical":"https:\/\/urban-vitamin.com\/sv\/produkt\/ventura-rcs-hybrid-anc-enc-oronsnackor-svart\/","og_locale":"sv_SE","og_type":"article","og_title":"Ventura RCS Hybrid ANC &amp; ENC \u00f6ronsn\u00e4ckor, svart - Urban Vitamin","og_description":"F\u00f6rdjupa dig i en kraftfull, distraktionsfri ljudupplevelse vart livet \u00e4n tar dig. Utrustade med hybrid ANC och brusreducering med dubbla mikrofoner (ENC) ger Ventura-h\u00f6rlurar kristallklara samtal genom att filtrera o\u00f6nskat bakgrundsljud, medan 45 dB aktiv brusreducering blockerar externa ljud \u2013 perfekt f\u00f6r musik, resor och fokuserat arbete. Med en IPX4-st\u00e4nkskyddsklassning \u00e4r Ventura redo f\u00f6r tr\u00e4ning, [&hellip;]","og_url":"https:\/\/urban-vitamin.com\/sv\/produkt\/ventura-rcs-hybrid-anc-enc-oronsnackor-svart\/","og_site_name":"Urban Vitamin","article_modified_time":"2026-04-30T01:46:15+00:00","og_image":[{"width":1024,"height":1024,"url":"https:\/\/urban-vitamin.com\/wp-content\/uploads\/sites\/5\/2026\/04\/P331.6001__S_0__c7c9ec78acca4e10a4e5dbf4b8406a49.jpg","type":"image\/jpeg"}],"twitter_card":"summary_large_image","twitter_misc":{"Ber\u00e4knad l\u00e4stid":"1 minut"},"schema":{"@context":"https:\/\/schema.org","@graph":[{"@type":"WebPage","@id":"https:\/\/urban-vitamin.com\/sv\/produkt\/ventura-rcs-hybrid-anc-enc-oronsnackor-svart\/","url":"https:\/\/urban-vitamin.com\/sv\/produkt\/ventura-rcs-hybrid-anc-enc-oronsnackor-svart\/","name":"Ventura RCS Hybrid ANC &amp; ENC \u00f6ronsn\u00e4ckor, svart - Urban Vitamin","isPartOf":{"@id":"https:\/\/urban-vitamin.com\/sv\/#website"},"primaryImageOfPage":{"@id":"https:\/\/urban-vitamin.com\/sv\/produkt\/ventura-rcs-hybrid-anc-enc-oronsnackor-svart\/#primaryimage"},"image":{"@id":"https:\/\/urban-vitamin.com\/sv\/produkt\/ventura-rcs-hybrid-anc-enc-oronsnackor-svart\/#primaryimage"},"thumbnailUrl":"https:\/\/urban-vitamin.com\/wp-content\/uploads\/sites\/5\/2026\/04\/P331.6001__S_0__c7c9ec78acca4e10a4e5dbf4b8406a49.jpg","datePublished":"2026-04-30T00:06:11+00:00","dateModified":"2026-04-30T01:46:15+00:00","breadcrumb":{"@id":"https:\/\/urban-vitamin.com\/sv\/produkt\/ventura-rcs-hybrid-anc-enc-oronsnackor-svart\/#breadcrumb"},"inLanguage":"sv-SE","potentialAction":[{"@type":"ReadAction","target":["https:\/\/urban-vitamin.com\/sv\/produkt\/ventura-rcs-hybrid-anc-enc-oronsnackor-svart\/"]}]},{"@type":"ImageObject","inLanguage":"sv-SE","@id":"https:\/\/urban-vitamin.com\/sv\/produkt\/ventura-rcs-hybrid-anc-enc-oronsnackor-svart\/#primaryimage","url":"https:\/\/urban-vitamin.com\/wp-content\/uploads\/sites\/5\/2026\/04\/P331.6001__S_0__c7c9ec78acca4e10a4e5dbf4b8406a49.jpg","contentUrl":"https:\/\/urban-vitamin.com\/wp-content\/uploads\/sites\/5\/2026\/04\/P331.6001__S_0__c7c9ec78acca4e10a4e5dbf4b8406a49.jpg","width":1024,"height":1024},{"@type":"BreadcrumbList","@id":"https:\/\/urban-vitamin.com\/sv\/produkt\/ventura-rcs-hybrid-anc-enc-oronsnackor-svart\/#breadcrumb","itemListElement":[{"@type":"ListItem","position":1,"name":"Home","item":"https:\/\/urban-vitamin.com\/sv\/"},{"@type":"ListItem","position":2,"name":"Kollektion","item":"https:\/\/urban-vitamin.com\/sv\/kollektion\/"},{"@type":"ListItem","position":3,"name":"Ventura RCS Hybrid ANC &amp; ENC \u00f6ronsn\u00e4ckor, svart"}]},{"@type":"WebSite","@id":"https:\/\/urban-vitamin.com\/sv\/#website","url":"https:\/\/urban-vitamin.com\/sv\/","name":"Urban Vitamin","description":"Enjoy your daily dose of Urban Vitamin!","potentialAction":[{"@type":"SearchAction","target":{"@type":"EntryPoint","urlTemplate":"https:\/\/urban-vitamin.com\/sv\/?s={search_term_string}"},"query-input":{"@type":"PropertyValueSpecification","valueRequired":true,"valueName":"search_term_string"}}],"inLanguage":"sv-SE"}]}},"_links":{"self":[{"href":"https:\/\/urban-vitamin.com\/sv\/wp-json\/wp\/v2\/product\/27441","targetHints":{"allow":["GET"]}}],"collection":[{"href":"https:\/\/urban-vitamin.com\/sv\/wp-json\/wp\/v2\/product"}],"about":[{"href":"https:\/\/urban-vitamin.com\/sv\/wp-json\/wp\/v2\/types\/product"}],"replies":[{"embeddable":true,"href":"https:\/\/urban-vitamin.com\/sv\/wp-json\/wp\/v2\/comments?post=27441"}],"wp:featuredmedia":[{"embeddable":true,"href":"https:\/\/urban-vitamin.com\/sv\/wp-json\/wp\/v2\/media\/28066"}],"wp:attachment":[{"href":"https:\/\/urban-vitamin.com\/sv\/wp-json\/wp\/v2\/media?parent=27441"}],"wp:term":[{"taxonomy":"product_cat","embeddable":true,"href":"https:\/\/urban-vitamin.com\/sv\/wp-json\/wp\/v2\/product_cat?post=27441"},{"taxonomy":"product_tag","embeddable":true,"href":"https:\/\/urban-vitamin.com\/sv\/wp-json\/wp\/v2\/product_tag?post=27441"}],"curies":[{"name":"wp","href":"https:\/\/api.w.org\/{rel}","templated":true}]}}