{"id":27438,"date":"2026-04-30T00:06:11","date_gmt":"2026-04-30T00:06:11","guid":{"rendered":"https:\/\/urban-vitamin.com\/urban-vitamin-santa-clara-enc-rplast-oronsnackor-svart\/"},"modified":"2026-04-30T01:46:13","modified_gmt":"2026-04-30T01:46:13","slug":"santa-clara-enc-rplast-oronsnackor-svart","status":"publish","type":"product","link":"https:\/\/urban-vitamin.com\/sv\/produkt\/santa-clara-enc-rplast-oronsnackor-svart\/","title":{"rendered":"Santa Clara ENC rplast \u00f6ronsn\u00e4ckor, svart"},"content":{"rendered":"<p>F\u00f6rdjupa dig i kristallklart ljud var livet \u00e4n tar dig. Med dubbelmikrofon ENC brusreducering levererar Santa Clara ENC-h\u00f6rlurar kristallklara samtal genom att filtrera bort o\u00f6nskat bakgrundsljud, b\u00e5de din r\u00f6st och musiken l\u00e5ter skarpa och naturliga. Med IPX4-klassning \u00e4r de l\u00e4mpade f\u00f6r tr\u00e4ning, utomhusaktiviteter och l\u00e4tt regn. Drivna av det senaste BT 6.0-chippet erbjuder de en snabb och stabil anslutning med utm\u00e4rkt energieffektivitet. Upp till 6 timmars speltid, medan det kompakta laddningsfodralet f\u00f6rl\u00e4nger den totala lyssningstiden upp till 24 timmar. H\u00f6rlurarna har automatisk parkoppling \u2013 \u00f6ppna bara fodralet s\u00e5 ansluter de automatiskt, du kan b\u00f6rja lyssna direkt. Designade f\u00f6r komfort hela dagen har de mjuka konturer, intuitiv touchkontroll och en ren, minimalistisk finish, skapad f\u00f6r ett liv i r\u00f6relse. Tillverkade av \u00e5tervunnen RCS certifierad ABS (Recycled Claim Standard). Urban Vitamin-produkter \u00e4r PVC-fria och levereras i f\u00f6rpackningar med minskad plastanv\u00e4ndning.<\/p>\n","protected":false},"excerpt":{"rendered":"<p>F\u00f6rdjupa dig i kristallklart ljud var livet \u00e4n tar dig. Med dubbelmikrofon ENC brusreducering levererar Santa Clara ENC-h\u00f6rlurar kristallklara samtal genom att filtrera bort o\u00f6nskat bakgrundsljud, b\u00e5de din r\u00f6st och musiken l\u00e5ter skarpa och naturliga. Med IPX4-klassning \u00e4r de l\u00e4mpade f\u00f6r tr\u00e4ning, utomhusaktiviteter och l\u00e4tt regn. Drivna av det senaste BT 6.0-chippet erbjuder de en [&hellip;]<\/p>\n","protected":false},"featured_media":28045,"comment_status":"closed","ping_status":"closed","template":"","meta":{"_acf_changed":false,"om_disable_all_campaigns":false},"product_cat":[82],"product_tag":[],"class_list":["post-27438","product","type-product","status-publish","has-post-thumbnail","hentry","product_cat-tradlosa-oronsnackor","pa_color-black"],"acf":[],"yoast_head":"<!-- This site is optimized with the Yoast SEO plugin v27.0 - https:\/\/yoast.com\/product\/yoast-seo-wordpress\/ -->\n<title>Santa Clara ENC rplast \u00f6ronsn\u00e4ckor, svart - Urban Vitamin<\/title>\n<meta name=\"robots\" content=\"index, follow, max-snippet:-1, max-image-preview:large, max-video-preview:-1\" \/>\n<link rel=\"canonical\" href=\"https:\/\/urban-vitamin.com\/sv\/produkt\/santa-clara-enc-rplast-oronsnackor-svart\/\" \/>\n<meta property=\"og:locale\" content=\"sv_SE\" \/>\n<meta property=\"og:type\" content=\"article\" \/>\n<meta property=\"og:title\" content=\"Santa Clara ENC rplast \u00f6ronsn\u00e4ckor, svart - Urban Vitamin\" \/>\n<meta property=\"og:description\" content=\"F\u00f6rdjupa dig i kristallklart ljud var livet \u00e4n tar dig. Med dubbelmikrofon ENC brusreducering levererar Santa Clara ENC-h\u00f6rlurar kristallklara samtal genom att filtrera bort o\u00f6nskat bakgrundsljud, b\u00e5de din r\u00f6st och musiken l\u00e5ter skarpa och naturliga. Med IPX4-klassning \u00e4r de l\u00e4mpade f\u00f6r tr\u00e4ning, utomhusaktiviteter och l\u00e4tt regn. Drivna av det senaste BT 6.0-chippet erbjuder de en [&hellip;]\" \/>\n<meta property=\"og:url\" content=\"https:\/\/urban-vitamin.com\/sv\/produkt\/santa-clara-enc-rplast-oronsnackor-svart\/\" \/>\n<meta property=\"og:site_name\" content=\"Urban Vitamin\" \/>\n<meta property=\"article:modified_time\" content=\"2026-04-30T01:46:13+00:00\" \/>\n<meta property=\"og:image\" content=\"https:\/\/urban-vitamin.com\/wp-content\/uploads\/sites\/5\/2026\/04\/P331.5901__S_0__193c02cc45934420bb3d13284054bae3.jpg\" \/>\n\t<meta property=\"og:image:width\" content=\"1024\" \/>\n\t<meta property=\"og:image:height\" content=\"1024\" \/>\n\t<meta property=\"og:image:type\" content=\"image\/jpeg\" \/>\n<meta name=\"twitter:card\" content=\"summary_large_image\" \/>\n<meta name=\"twitter:label1\" content=\"Ber\u00e4knad l\u00e4stid\" \/>\n\t<meta name=\"twitter:data1\" content=\"1 minut\" \/>\n<script type=\"application\/ld+json\" class=\"yoast-schema-graph\">{\"@context\":\"https:\/\/schema.org\",\"@graph\":[{\"@type\":\"WebPage\",\"@id\":\"https:\/\/urban-vitamin.com\/sv\/produkt\/santa-clara-enc-rplast-oronsnackor-svart\/\",\"url\":\"https:\/\/urban-vitamin.com\/sv\/produkt\/santa-clara-enc-rplast-oronsnackor-svart\/\",\"name\":\"Santa Clara ENC rplast \u00f6ronsn\u00e4ckor, svart - Urban Vitamin\",\"isPartOf\":{\"@id\":\"https:\/\/urban-vitamin.com\/sv\/#website\"},\"primaryImageOfPage\":{\"@id\":\"https:\/\/urban-vitamin.com\/sv\/produkt\/santa-clara-enc-rplast-oronsnackor-svart\/#primaryimage\"},\"image\":{\"@id\":\"https:\/\/urban-vitamin.com\/sv\/produkt\/santa-clara-enc-rplast-oronsnackor-svart\/#primaryimage\"},\"thumbnailUrl\":\"https:\/\/urban-vitamin.com\/wp-content\/uploads\/sites\/5\/2026\/04\/P331.5901__S_0__193c02cc45934420bb3d13284054bae3.jpg\",\"datePublished\":\"2026-04-30T00:06:11+00:00\",\"dateModified\":\"2026-04-30T01:46:13+00:00\",\"breadcrumb\":{\"@id\":\"https:\/\/urban-vitamin.com\/sv\/produkt\/santa-clara-enc-rplast-oronsnackor-svart\/#breadcrumb\"},\"inLanguage\":\"sv-SE\",\"potentialAction\":[{\"@type\":\"ReadAction\",\"target\":[\"https:\/\/urban-vitamin.com\/sv\/produkt\/santa-clara-enc-rplast-oronsnackor-svart\/\"]}]},{\"@type\":\"ImageObject\",\"inLanguage\":\"sv-SE\",\"@id\":\"https:\/\/urban-vitamin.com\/sv\/produkt\/santa-clara-enc-rplast-oronsnackor-svart\/#primaryimage\",\"url\":\"https:\/\/urban-vitamin.com\/wp-content\/uploads\/sites\/5\/2026\/04\/P331.5901__S_0__193c02cc45934420bb3d13284054bae3.jpg\",\"contentUrl\":\"https:\/\/urban-vitamin.com\/wp-content\/uploads\/sites\/5\/2026\/04\/P331.5901__S_0__193c02cc45934420bb3d13284054bae3.jpg\",\"width\":1024,\"height\":1024},{\"@type\":\"BreadcrumbList\",\"@id\":\"https:\/\/urban-vitamin.com\/sv\/produkt\/santa-clara-enc-rplast-oronsnackor-svart\/#breadcrumb\",\"itemListElement\":[{\"@type\":\"ListItem\",\"position\":1,\"name\":\"Home\",\"item\":\"https:\/\/urban-vitamin.com\/sv\/\"},{\"@type\":\"ListItem\",\"position\":2,\"name\":\"Kollektion\",\"item\":\"https:\/\/urban-vitamin.com\/sv\/kollektion\/\"},{\"@type\":\"ListItem\",\"position\":3,\"name\":\"Santa Clara ENC rplast \u00f6ronsn\u00e4ckor, svart\"}]},{\"@type\":\"WebSite\",\"@id\":\"https:\/\/urban-vitamin.com\/sv\/#website\",\"url\":\"https:\/\/urban-vitamin.com\/sv\/\",\"name\":\"Urban Vitamin\",\"description\":\"Enjoy your daily dose of Urban Vitamin!\",\"potentialAction\":[{\"@type\":\"SearchAction\",\"target\":{\"@type\":\"EntryPoint\",\"urlTemplate\":\"https:\/\/urban-vitamin.com\/sv\/?s={search_term_string}\"},\"query-input\":{\"@type\":\"PropertyValueSpecification\",\"valueRequired\":true,\"valueName\":\"search_term_string\"}}],\"inLanguage\":\"sv-SE\"}]}<\/script>\n<!-- \/ Yoast SEO plugin. -->","yoast_head_json":{"title":"Santa Clara ENC rplast \u00f6ronsn\u00e4ckor, svart - Urban Vitamin","robots":{"index":"index","follow":"follow","max-snippet":"max-snippet:-1","max-image-preview":"max-image-preview:large","max-video-preview":"max-video-preview:-1"},"canonical":"https:\/\/urban-vitamin.com\/sv\/produkt\/santa-clara-enc-rplast-oronsnackor-svart\/","og_locale":"sv_SE","og_type":"article","og_title":"Santa Clara ENC rplast \u00f6ronsn\u00e4ckor, svart - Urban Vitamin","og_description":"F\u00f6rdjupa dig i kristallklart ljud var livet \u00e4n tar dig. Med dubbelmikrofon ENC brusreducering levererar Santa Clara ENC-h\u00f6rlurar kristallklara samtal genom att filtrera bort o\u00f6nskat bakgrundsljud, b\u00e5de din r\u00f6st och musiken l\u00e5ter skarpa och naturliga. Med IPX4-klassning \u00e4r de l\u00e4mpade f\u00f6r tr\u00e4ning, utomhusaktiviteter och l\u00e4tt regn. Drivna av det senaste BT 6.0-chippet erbjuder de en [&hellip;]","og_url":"https:\/\/urban-vitamin.com\/sv\/produkt\/santa-clara-enc-rplast-oronsnackor-svart\/","og_site_name":"Urban Vitamin","article_modified_time":"2026-04-30T01:46:13+00:00","og_image":[{"width":1024,"height":1024,"url":"https:\/\/urban-vitamin.com\/wp-content\/uploads\/sites\/5\/2026\/04\/P331.5901__S_0__193c02cc45934420bb3d13284054bae3.jpg","type":"image\/jpeg"}],"twitter_card":"summary_large_image","twitter_misc":{"Ber\u00e4knad l\u00e4stid":"1 minut"},"schema":{"@context":"https:\/\/schema.org","@graph":[{"@type":"WebPage","@id":"https:\/\/urban-vitamin.com\/sv\/produkt\/santa-clara-enc-rplast-oronsnackor-svart\/","url":"https:\/\/urban-vitamin.com\/sv\/produkt\/santa-clara-enc-rplast-oronsnackor-svart\/","name":"Santa Clara ENC rplast \u00f6ronsn\u00e4ckor, svart - Urban Vitamin","isPartOf":{"@id":"https:\/\/urban-vitamin.com\/sv\/#website"},"primaryImageOfPage":{"@id":"https:\/\/urban-vitamin.com\/sv\/produkt\/santa-clara-enc-rplast-oronsnackor-svart\/#primaryimage"},"image":{"@id":"https:\/\/urban-vitamin.com\/sv\/produkt\/santa-clara-enc-rplast-oronsnackor-svart\/#primaryimage"},"thumbnailUrl":"https:\/\/urban-vitamin.com\/wp-content\/uploads\/sites\/5\/2026\/04\/P331.5901__S_0__193c02cc45934420bb3d13284054bae3.jpg","datePublished":"2026-04-30T00:06:11+00:00","dateModified":"2026-04-30T01:46:13+00:00","breadcrumb":{"@id":"https:\/\/urban-vitamin.com\/sv\/produkt\/santa-clara-enc-rplast-oronsnackor-svart\/#breadcrumb"},"inLanguage":"sv-SE","potentialAction":[{"@type":"ReadAction","target":["https:\/\/urban-vitamin.com\/sv\/produkt\/santa-clara-enc-rplast-oronsnackor-svart\/"]}]},{"@type":"ImageObject","inLanguage":"sv-SE","@id":"https:\/\/urban-vitamin.com\/sv\/produkt\/santa-clara-enc-rplast-oronsnackor-svart\/#primaryimage","url":"https:\/\/urban-vitamin.com\/wp-content\/uploads\/sites\/5\/2026\/04\/P331.5901__S_0__193c02cc45934420bb3d13284054bae3.jpg","contentUrl":"https:\/\/urban-vitamin.com\/wp-content\/uploads\/sites\/5\/2026\/04\/P331.5901__S_0__193c02cc45934420bb3d13284054bae3.jpg","width":1024,"height":1024},{"@type":"BreadcrumbList","@id":"https:\/\/urban-vitamin.com\/sv\/produkt\/santa-clara-enc-rplast-oronsnackor-svart\/#breadcrumb","itemListElement":[{"@type":"ListItem","position":1,"name":"Home","item":"https:\/\/urban-vitamin.com\/sv\/"},{"@type":"ListItem","position":2,"name":"Kollektion","item":"https:\/\/urban-vitamin.com\/sv\/kollektion\/"},{"@type":"ListItem","position":3,"name":"Santa Clara ENC rplast \u00f6ronsn\u00e4ckor, svart"}]},{"@type":"WebSite","@id":"https:\/\/urban-vitamin.com\/sv\/#website","url":"https:\/\/urban-vitamin.com\/sv\/","name":"Urban Vitamin","description":"Enjoy your daily dose of Urban Vitamin!","potentialAction":[{"@type":"SearchAction","target":{"@type":"EntryPoint","urlTemplate":"https:\/\/urban-vitamin.com\/sv\/?s={search_term_string}"},"query-input":{"@type":"PropertyValueSpecification","valueRequired":true,"valueName":"search_term_string"}}],"inLanguage":"sv-SE"}]}},"_links":{"self":[{"href":"https:\/\/urban-vitamin.com\/sv\/wp-json\/wp\/v2\/product\/27438","targetHints":{"allow":["GET"]}}],"collection":[{"href":"https:\/\/urban-vitamin.com\/sv\/wp-json\/wp\/v2\/product"}],"about":[{"href":"https:\/\/urban-vitamin.com\/sv\/wp-json\/wp\/v2\/types\/product"}],"replies":[{"embeddable":true,"href":"https:\/\/urban-vitamin.com\/sv\/wp-json\/wp\/v2\/comments?post=27438"}],"wp:featuredmedia":[{"embeddable":true,"href":"https:\/\/urban-vitamin.com\/sv\/wp-json\/wp\/v2\/media\/28045"}],"wp:attachment":[{"href":"https:\/\/urban-vitamin.com\/sv\/wp-json\/wp\/v2\/media?parent=27438"}],"wp:term":[{"taxonomy":"product_cat","embeddable":true,"href":"https:\/\/urban-vitamin.com\/sv\/wp-json\/wp\/v2\/product_cat?post=27438"},{"taxonomy":"product_tag","embeddable":true,"href":"https:\/\/urban-vitamin.com\/sv\/wp-json\/wp\/v2\/product_tag?post=27438"}],"curies":[{"name":"wp","href":"https:\/\/api.w.org\/{rel}","templated":true}]}}