{"id":27436,"date":"2026-03-25T01:06:10","date_gmt":"2026-03-25T01:06:10","guid":{"rendered":"https:\/\/urban-vitamin.com\/urban-vitamin-pomona-5000-mah-qi2-2-25w-magnetisk-powerbank-silver\/"},"modified":"2026-03-25T02:46:11","modified_gmt":"2026-03-25T02:46:11","slug":"urban-vitamin-pomona-5000-mah-qi2-2-25w-magnetisk-powerbank-silver","status":"publish","type":"product","link":"https:\/\/urban-vitamin.com\/sv\/produkt\/urban-vitamin-pomona-5000-mah-qi2-2-25w-magnetisk-powerbank-silver\/","title":{"rendered":"Urban Vitamin Pomona 5000 mAh Qi2.2 25W magnetisk powerbank, silver"},"content":{"rendered":"<p>Pomonas avancerade Qi2.2-magnetiska teknik f\u00e4ster s\u00e4kert p\u00e5 alla Qi2-aktiverade enheter och levererar ultrasnabb tr\u00e5sl\u00f6s laddning p\u00e5 25W med s\u00f6ml\u00f6s precision. F\u00f6r extra kraft erbjuder Pomona 30W USB-C kabelansluten utg\u00e5ng och 20W snabbladdning f\u00f6r att snabbt ladda upp powerbanken sj\u00e4lv. Klicka bara fast Pomona s\u00e5 startar laddningen direkt.<br \/>\nDen enhetsv\u00e4nda sidan \u00e4r t\u00e4ckt med supermjuk silikon f\u00f6r att h\u00e5lla din enhet fri fr\u00e5n repor, medan baksidan i premiumaluminium skapar en elegant och superslimmad design p\u00e5 endast 8,3 mm som \u00e4r enkel att b\u00e4ra med sig. Det h\u00f6gkvalitativa 5000 mAh halvsolida batteriet med 100 % kobolt ger f\u00f6rb\u00e4ttrad s\u00e4kerhet, stabil prestanda och upp till 1000 laddningscykler. Pomona \u00e4r dessutom fullt godk\u00e4nd f\u00f6r handbagage p\u00e5 alla flyg.<br \/>\nTillverkad av RCS (Recycled Claim Standard) certifierad \u00e5tervunnen aluminium, \u00e5tervunnet silikon och \u00e5tervunnen PC. Urban Vitamin-produkter \u00e4r fria fr\u00e5n PVC och f\u00f6rpackas i plastreducerade f\u00f6rpackningar.<\/p>\n","protected":false},"excerpt":{"rendered":"<p>Pomonas avancerade Qi2.2-magnetiska teknik f\u00e4ster s\u00e4kert p\u00e5 alla Qi2-aktiverade enheter och levererar ultrasnabb tr\u00e5sl\u00f6s laddning p\u00e5 25W med s\u00f6ml\u00f6s precision. F\u00f6r extra kraft erbjuder Pomona 30W USB-C kabelansluten utg\u00e5ng och 20W snabbladdning f\u00f6r att snabbt ladda upp powerbanken sj\u00e4lv. Klicka bara fast Pomona s\u00e5 startar laddningen direkt. Den enhetsv\u00e4nda sidan \u00e4r t\u00e4ckt med supermjuk silikon [&hellip;]<\/p>\n","protected":false},"featured_media":27455,"comment_status":"closed","ping_status":"closed","template":"","meta":{"_acf_changed":false,"om_disable_all_campaigns":false},"product_cat":[88],"product_tag":[],"class_list":["post-27436","product","type-product","status-publish","has-post-thumbnail","hentry","product_cat-uncategorized","pa_color-silver"],"acf":[],"yoast_head":"<!-- This site is optimized with the Yoast SEO plugin v27.0 - https:\/\/yoast.com\/product\/yoast-seo-wordpress\/ -->\n<title>Urban Vitamin Pomona 5000 mAh Qi2.2 25W magnetisk powerbank, silver - Urban Vitamin<\/title>\n<meta name=\"robots\" content=\"index, follow, max-snippet:-1, max-image-preview:large, max-video-preview:-1\" \/>\n<link rel=\"canonical\" href=\"https:\/\/urban-vitamin.com\/sv\/produkt\/urban-vitamin-pomona-5000-mah-qi2-2-25w-magnetisk-powerbank-silver\/\" \/>\n<meta property=\"og:locale\" content=\"sv_SE\" \/>\n<meta property=\"og:type\" content=\"article\" \/>\n<meta property=\"og:title\" content=\"Urban Vitamin Pomona 5000 mAh Qi2.2 25W magnetisk powerbank, silver - Urban Vitamin\" \/>\n<meta property=\"og:description\" content=\"Pomonas avancerade Qi2.2-magnetiska teknik f\u00e4ster s\u00e4kert p\u00e5 alla Qi2-aktiverade enheter och levererar ultrasnabb tr\u00e5sl\u00f6s laddning p\u00e5 25W med s\u00f6ml\u00f6s precision. F\u00f6r extra kraft erbjuder Pomona 30W USB-C kabelansluten utg\u00e5ng och 20W snabbladdning f\u00f6r att snabbt ladda upp powerbanken sj\u00e4lv. Klicka bara fast Pomona s\u00e5 startar laddningen direkt. Den enhetsv\u00e4nda sidan \u00e4r t\u00e4ckt med supermjuk silikon [&hellip;]\" \/>\n<meta property=\"og:url\" content=\"https:\/\/urban-vitamin.com\/sv\/produkt\/urban-vitamin-pomona-5000-mah-qi2-2-25w-magnetisk-powerbank-silver\/\" \/>\n<meta property=\"og:site_name\" content=\"Urban Vitamin\" \/>\n<meta property=\"article:modified_time\" content=\"2026-03-25T02:46:11+00:00\" \/>\n<meta property=\"og:image\" content=\"https:\/\/urban-vitamin.com\/wp-content\/uploads\/sites\/5\/2026\/03\/P322.9202__S_0__855697ceda144c769fc159d438f47953.jpg\" \/>\n\t<meta property=\"og:image:width\" content=\"1024\" \/>\n\t<meta property=\"og:image:height\" content=\"1024\" \/>\n\t<meta property=\"og:image:type\" content=\"image\/jpeg\" \/>\n<meta name=\"twitter:card\" content=\"summary_large_image\" \/>\n<meta name=\"twitter:label1\" content=\"Ber\u00e4knad l\u00e4stid\" \/>\n\t<meta name=\"twitter:data1\" content=\"1 minut\" \/>\n<script type=\"application\/ld+json\" class=\"yoast-schema-graph\">{\"@context\":\"https:\/\/schema.org\",\"@graph\":[{\"@type\":\"WebPage\",\"@id\":\"https:\/\/urban-vitamin.com\/sv\/produkt\/urban-vitamin-pomona-5000-mah-qi2-2-25w-magnetisk-powerbank-silver\/\",\"url\":\"https:\/\/urban-vitamin.com\/sv\/produkt\/urban-vitamin-pomona-5000-mah-qi2-2-25w-magnetisk-powerbank-silver\/\",\"name\":\"Urban Vitamin Pomona 5000 mAh Qi2.2 25W magnetisk powerbank, silver - Urban Vitamin\",\"isPartOf\":{\"@id\":\"https:\/\/urban-vitamin.com\/sv\/#website\"},\"primaryImageOfPage\":{\"@id\":\"https:\/\/urban-vitamin.com\/sv\/produkt\/urban-vitamin-pomona-5000-mah-qi2-2-25w-magnetisk-powerbank-silver\/#primaryimage\"},\"image\":{\"@id\":\"https:\/\/urban-vitamin.com\/sv\/produkt\/urban-vitamin-pomona-5000-mah-qi2-2-25w-magnetisk-powerbank-silver\/#primaryimage\"},\"thumbnailUrl\":\"https:\/\/urban-vitamin.com\/wp-content\/uploads\/sites\/5\/2026\/03\/P322.9202__S_0__855697ceda144c769fc159d438f47953.jpg\",\"datePublished\":\"2026-03-25T01:06:10+00:00\",\"dateModified\":\"2026-03-25T02:46:11+00:00\",\"breadcrumb\":{\"@id\":\"https:\/\/urban-vitamin.com\/sv\/produkt\/urban-vitamin-pomona-5000-mah-qi2-2-25w-magnetisk-powerbank-silver\/#breadcrumb\"},\"inLanguage\":\"sv-SE\",\"potentialAction\":[{\"@type\":\"ReadAction\",\"target\":[\"https:\/\/urban-vitamin.com\/sv\/produkt\/urban-vitamin-pomona-5000-mah-qi2-2-25w-magnetisk-powerbank-silver\/\"]}]},{\"@type\":\"ImageObject\",\"inLanguage\":\"sv-SE\",\"@id\":\"https:\/\/urban-vitamin.com\/sv\/produkt\/urban-vitamin-pomona-5000-mah-qi2-2-25w-magnetisk-powerbank-silver\/#primaryimage\",\"url\":\"https:\/\/urban-vitamin.com\/wp-content\/uploads\/sites\/5\/2026\/03\/P322.9202__S_0__855697ceda144c769fc159d438f47953.jpg\",\"contentUrl\":\"https:\/\/urban-vitamin.com\/wp-content\/uploads\/sites\/5\/2026\/03\/P322.9202__S_0__855697ceda144c769fc159d438f47953.jpg\",\"width\":1024,\"height\":1024},{\"@type\":\"BreadcrumbList\",\"@id\":\"https:\/\/urban-vitamin.com\/sv\/produkt\/urban-vitamin-pomona-5000-mah-qi2-2-25w-magnetisk-powerbank-silver\/#breadcrumb\",\"itemListElement\":[{\"@type\":\"ListItem\",\"position\":1,\"name\":\"Home\",\"item\":\"https:\/\/urban-vitamin.com\/sv\/\"},{\"@type\":\"ListItem\",\"position\":2,\"name\":\"Kollektion\",\"item\":\"https:\/\/urban-vitamin.com\/sv\/kollektion\/\"},{\"@type\":\"ListItem\",\"position\":3,\"name\":\"Urban Vitamin Pomona 5000 mAh Qi2.2 25W magnetisk powerbank, silver\"}]},{\"@type\":\"WebSite\",\"@id\":\"https:\/\/urban-vitamin.com\/sv\/#website\",\"url\":\"https:\/\/urban-vitamin.com\/sv\/\",\"name\":\"Urban Vitamin\",\"description\":\"Enjoy your daily dose of Urban Vitamin!\",\"potentialAction\":[{\"@type\":\"SearchAction\",\"target\":{\"@type\":\"EntryPoint\",\"urlTemplate\":\"https:\/\/urban-vitamin.com\/sv\/?s={search_term_string}\"},\"query-input\":{\"@type\":\"PropertyValueSpecification\",\"valueRequired\":true,\"valueName\":\"search_term_string\"}}],\"inLanguage\":\"sv-SE\"}]}<\/script>\n<!-- \/ Yoast SEO plugin. -->","yoast_head_json":{"title":"Urban Vitamin Pomona 5000 mAh Qi2.2 25W magnetisk powerbank, silver - Urban Vitamin","robots":{"index":"index","follow":"follow","max-snippet":"max-snippet:-1","max-image-preview":"max-image-preview:large","max-video-preview":"max-video-preview:-1"},"canonical":"https:\/\/urban-vitamin.com\/sv\/produkt\/urban-vitamin-pomona-5000-mah-qi2-2-25w-magnetisk-powerbank-silver\/","og_locale":"sv_SE","og_type":"article","og_title":"Urban Vitamin Pomona 5000 mAh Qi2.2 25W magnetisk powerbank, silver - Urban Vitamin","og_description":"Pomonas avancerade Qi2.2-magnetiska teknik f\u00e4ster s\u00e4kert p\u00e5 alla Qi2-aktiverade enheter och levererar ultrasnabb tr\u00e5sl\u00f6s laddning p\u00e5 25W med s\u00f6ml\u00f6s precision. F\u00f6r extra kraft erbjuder Pomona 30W USB-C kabelansluten utg\u00e5ng och 20W snabbladdning f\u00f6r att snabbt ladda upp powerbanken sj\u00e4lv. Klicka bara fast Pomona s\u00e5 startar laddningen direkt. Den enhetsv\u00e4nda sidan \u00e4r t\u00e4ckt med supermjuk silikon [&hellip;]","og_url":"https:\/\/urban-vitamin.com\/sv\/produkt\/urban-vitamin-pomona-5000-mah-qi2-2-25w-magnetisk-powerbank-silver\/","og_site_name":"Urban Vitamin","article_modified_time":"2026-03-25T02:46:11+00:00","og_image":[{"width":1024,"height":1024,"url":"https:\/\/urban-vitamin.com\/wp-content\/uploads\/sites\/5\/2026\/03\/P322.9202__S_0__855697ceda144c769fc159d438f47953.jpg","type":"image\/jpeg"}],"twitter_card":"summary_large_image","twitter_misc":{"Ber\u00e4knad l\u00e4stid":"1 minut"},"schema":{"@context":"https:\/\/schema.org","@graph":[{"@type":"WebPage","@id":"https:\/\/urban-vitamin.com\/sv\/produkt\/urban-vitamin-pomona-5000-mah-qi2-2-25w-magnetisk-powerbank-silver\/","url":"https:\/\/urban-vitamin.com\/sv\/produkt\/urban-vitamin-pomona-5000-mah-qi2-2-25w-magnetisk-powerbank-silver\/","name":"Urban Vitamin Pomona 5000 mAh Qi2.2 25W magnetisk powerbank, silver - Urban Vitamin","isPartOf":{"@id":"https:\/\/urban-vitamin.com\/sv\/#website"},"primaryImageOfPage":{"@id":"https:\/\/urban-vitamin.com\/sv\/produkt\/urban-vitamin-pomona-5000-mah-qi2-2-25w-magnetisk-powerbank-silver\/#primaryimage"},"image":{"@id":"https:\/\/urban-vitamin.com\/sv\/produkt\/urban-vitamin-pomona-5000-mah-qi2-2-25w-magnetisk-powerbank-silver\/#primaryimage"},"thumbnailUrl":"https:\/\/urban-vitamin.com\/wp-content\/uploads\/sites\/5\/2026\/03\/P322.9202__S_0__855697ceda144c769fc159d438f47953.jpg","datePublished":"2026-03-25T01:06:10+00:00","dateModified":"2026-03-25T02:46:11+00:00","breadcrumb":{"@id":"https:\/\/urban-vitamin.com\/sv\/produkt\/urban-vitamin-pomona-5000-mah-qi2-2-25w-magnetisk-powerbank-silver\/#breadcrumb"},"inLanguage":"sv-SE","potentialAction":[{"@type":"ReadAction","target":["https:\/\/urban-vitamin.com\/sv\/produkt\/urban-vitamin-pomona-5000-mah-qi2-2-25w-magnetisk-powerbank-silver\/"]}]},{"@type":"ImageObject","inLanguage":"sv-SE","@id":"https:\/\/urban-vitamin.com\/sv\/produkt\/urban-vitamin-pomona-5000-mah-qi2-2-25w-magnetisk-powerbank-silver\/#primaryimage","url":"https:\/\/urban-vitamin.com\/wp-content\/uploads\/sites\/5\/2026\/03\/P322.9202__S_0__855697ceda144c769fc159d438f47953.jpg","contentUrl":"https:\/\/urban-vitamin.com\/wp-content\/uploads\/sites\/5\/2026\/03\/P322.9202__S_0__855697ceda144c769fc159d438f47953.jpg","width":1024,"height":1024},{"@type":"BreadcrumbList","@id":"https:\/\/urban-vitamin.com\/sv\/produkt\/urban-vitamin-pomona-5000-mah-qi2-2-25w-magnetisk-powerbank-silver\/#breadcrumb","itemListElement":[{"@type":"ListItem","position":1,"name":"Home","item":"https:\/\/urban-vitamin.com\/sv\/"},{"@type":"ListItem","position":2,"name":"Kollektion","item":"https:\/\/urban-vitamin.com\/sv\/kollektion\/"},{"@type":"ListItem","position":3,"name":"Urban Vitamin Pomona 5000 mAh Qi2.2 25W magnetisk powerbank, silver"}]},{"@type":"WebSite","@id":"https:\/\/urban-vitamin.com\/sv\/#website","url":"https:\/\/urban-vitamin.com\/sv\/","name":"Urban Vitamin","description":"Enjoy your daily dose of Urban Vitamin!","potentialAction":[{"@type":"SearchAction","target":{"@type":"EntryPoint","urlTemplate":"https:\/\/urban-vitamin.com\/sv\/?s={search_term_string}"},"query-input":{"@type":"PropertyValueSpecification","valueRequired":true,"valueName":"search_term_string"}}],"inLanguage":"sv-SE"}]}},"_links":{"self":[{"href":"https:\/\/urban-vitamin.com\/sv\/wp-json\/wp\/v2\/product\/27436","targetHints":{"allow":["GET"]}}],"collection":[{"href":"https:\/\/urban-vitamin.com\/sv\/wp-json\/wp\/v2\/product"}],"about":[{"href":"https:\/\/urban-vitamin.com\/sv\/wp-json\/wp\/v2\/types\/product"}],"replies":[{"embeddable":true,"href":"https:\/\/urban-vitamin.com\/sv\/wp-json\/wp\/v2\/comments?post=27436"}],"wp:featuredmedia":[{"embeddable":true,"href":"https:\/\/urban-vitamin.com\/sv\/wp-json\/wp\/v2\/media\/27455"}],"wp:attachment":[{"href":"https:\/\/urban-vitamin.com\/sv\/wp-json\/wp\/v2\/media?parent=27436"}],"wp:term":[{"taxonomy":"product_cat","embeddable":true,"href":"https:\/\/urban-vitamin.com\/sv\/wp-json\/wp\/v2\/product_cat?post=27436"},{"taxonomy":"product_tag","embeddable":true,"href":"https:\/\/urban-vitamin.com\/sv\/wp-json\/wp\/v2\/product_tag?post=27436"}],"curies":[{"name":"wp","href":"https:\/\/api.w.org\/{rel}","templated":true}]}}