{"id":26767,"date":"2026-03-12T01:06:37","date_gmt":"2026-03-12T01:06:37","guid":{"rendered":"https:\/\/urban-vitamin.com\/urban-vitamin-san-mateo-45w-20-000-mah-powerbank-svart\/"},"modified":"2026-03-12T02:46:31","modified_gmt":"2026-03-12T02:46:31","slug":"san-mateo-45w-20-000-mah-powerbank-svart","status":"publish","type":"product","link":"https:\/\/urban-vitamin.com\/sv\/produkt\/san-mateo-45w-20-000-mah-powerbank-svart\/","title":{"rendered":"San Mateo 45W 20 000 mAh Powerbank, svart"},"content":{"rendered":"<p>Din kabel \u00e4r alltid med dig \u2013 och str\u00f6mmen ocks\u00e5. San Mateo \u00e4r en powerbank p\u00e5 20 000 mAh som l\u00e5ter dig ladda alla dina mobila enheter med h\u00f6gsta hastighet \u2013 med ultimat bekv\u00e4mlighet. Tack vare den integrerade utdragbara USB-C-kabeln p\u00e5 70 cm beh\u00f6ver du aldrig mer leta efter en kabel. San Mateo laddar inte bara blixtsnabbt, du kan fulladda den p\u00e5 bara n\u00e5gra timmar. Den har dubbla USB-C-utg\u00e5ngar och en USB A-utg\u00e5ng, s\u00e5 att du kan ladda tre enheter samtidigt. Tv\u00e5 via USB-C\/USB A-portarna och en med den inbyggda kabeln. B\u00e5da USB C-portarna st\u00f6der supersnabb PD-laddning upp till 45 W, vilket g\u00f6r den tillr\u00e4ckligt kraftfull \u00e4ven f\u00f6r enheter som beh\u00f6ver lite mer str\u00f6m. Tillverkad av RCS-certifierad (Recycled Claim Standard) \u00e5tervunnen ABS och PC. Totalt \u00e5tervunnet inneh\u00e5ll: 19 % baserat p\u00e5 produktens totala vikt. Urban Vitamin-produkter \u00e4r tillverkade utan PVC och f\u00f6rpackade i f\u00f6rpackningar med minskad plastanv\u00e4ndning..<\/p>\n","protected":false},"excerpt":{"rendered":"<p>Din kabel \u00e4r alltid med dig \u2013 och str\u00f6mmen ocks\u00e5. San Mateo \u00e4r en powerbank p\u00e5 20 000 mAh som l\u00e5ter dig ladda alla dina mobila enheter med h\u00f6gsta hastighet \u2013 med ultimat bekv\u00e4mlighet. Tack vare den integrerade utdragbara USB-C-kabeln p\u00e5 70 cm beh\u00f6ver du aldrig mer leta efter en kabel. San Mateo laddar inte [&hellip;]<\/p>\n","protected":false},"featured_media":26800,"comment_status":"closed","ping_status":"closed","template":"","meta":{"_acf_changed":false,"om_disable_all_campaigns":false},"product_cat":[84],"product_tag":[],"class_list":["post-26767","product","type-product","status-publish","has-post-thumbnail","hentry","product_cat-powerbanks-sv","pa_color-black"],"acf":[],"yoast_head":"<!-- This site is optimized with the Yoast SEO plugin v27.0 - https:\/\/yoast.com\/product\/yoast-seo-wordpress\/ -->\n<title>San Mateo 45W 20 000 mAh Powerbank, svart - Urban Vitamin<\/title>\n<meta name=\"robots\" content=\"index, follow, max-snippet:-1, max-image-preview:large, max-video-preview:-1\" \/>\n<link rel=\"canonical\" href=\"https:\/\/urban-vitamin.com\/sv\/produkt\/san-mateo-45w-20-000-mah-powerbank-svart\/\" \/>\n<meta property=\"og:locale\" content=\"sv_SE\" \/>\n<meta property=\"og:type\" content=\"article\" \/>\n<meta property=\"og:title\" content=\"San Mateo 45W 20 000 mAh Powerbank, svart - Urban Vitamin\" \/>\n<meta property=\"og:description\" content=\"Din kabel \u00e4r alltid med dig \u2013 och str\u00f6mmen ocks\u00e5. San Mateo \u00e4r en powerbank p\u00e5 20 000 mAh som l\u00e5ter dig ladda alla dina mobila enheter med h\u00f6gsta hastighet \u2013 med ultimat bekv\u00e4mlighet. Tack vare den integrerade utdragbara USB-C-kabeln p\u00e5 70 cm beh\u00f6ver du aldrig mer leta efter en kabel. San Mateo laddar inte [&hellip;]\" \/>\n<meta property=\"og:url\" content=\"https:\/\/urban-vitamin.com\/sv\/produkt\/san-mateo-45w-20-000-mah-powerbank-svart\/\" \/>\n<meta property=\"og:site_name\" content=\"Urban Vitamin\" \/>\n<meta property=\"article:modified_time\" content=\"2026-03-12T02:46:31+00:00\" \/>\n<meta property=\"og:image\" content=\"https:\/\/urban-vitamin.com\/wp-content\/uploads\/sites\/5\/2026\/01\/P322.7401__S_0__e1380b90a03c4d9d8fe3d9da1c0b9b67.jpg\" \/>\n\t<meta property=\"og:image:width\" content=\"1024\" \/>\n\t<meta property=\"og:image:height\" content=\"1024\" \/>\n\t<meta property=\"og:image:type\" content=\"image\/jpeg\" \/>\n<meta name=\"twitter:card\" content=\"summary_large_image\" \/>\n<meta name=\"twitter:label1\" content=\"Ber\u00e4knad l\u00e4stid\" \/>\n\t<meta name=\"twitter:data1\" content=\"1 minut\" \/>\n<script type=\"application\/ld+json\" class=\"yoast-schema-graph\">{\"@context\":\"https:\/\/schema.org\",\"@graph\":[{\"@type\":\"WebPage\",\"@id\":\"https:\/\/urban-vitamin.com\/sv\/produkt\/san-mateo-45w-20-000-mah-powerbank-svart\/\",\"url\":\"https:\/\/urban-vitamin.com\/sv\/produkt\/san-mateo-45w-20-000-mah-powerbank-svart\/\",\"name\":\"San Mateo 45W 20 000 mAh Powerbank, svart - Urban Vitamin\",\"isPartOf\":{\"@id\":\"https:\/\/urban-vitamin.com\/sv\/#website\"},\"primaryImageOfPage\":{\"@id\":\"https:\/\/urban-vitamin.com\/sv\/produkt\/san-mateo-45w-20-000-mah-powerbank-svart\/#primaryimage\"},\"image\":{\"@id\":\"https:\/\/urban-vitamin.com\/sv\/produkt\/san-mateo-45w-20-000-mah-powerbank-svart\/#primaryimage\"},\"thumbnailUrl\":\"https:\/\/urban-vitamin.com\/wp-content\/uploads\/sites\/5\/2026\/01\/P322.7401__S_0__e1380b90a03c4d9d8fe3d9da1c0b9b67.jpg\",\"datePublished\":\"2026-03-12T01:06:37+00:00\",\"dateModified\":\"2026-03-12T02:46:31+00:00\",\"breadcrumb\":{\"@id\":\"https:\/\/urban-vitamin.com\/sv\/produkt\/san-mateo-45w-20-000-mah-powerbank-svart\/#breadcrumb\"},\"inLanguage\":\"sv-SE\",\"potentialAction\":[{\"@type\":\"ReadAction\",\"target\":[\"https:\/\/urban-vitamin.com\/sv\/produkt\/san-mateo-45w-20-000-mah-powerbank-svart\/\"]}]},{\"@type\":\"ImageObject\",\"inLanguage\":\"sv-SE\",\"@id\":\"https:\/\/urban-vitamin.com\/sv\/produkt\/san-mateo-45w-20-000-mah-powerbank-svart\/#primaryimage\",\"url\":\"https:\/\/urban-vitamin.com\/wp-content\/uploads\/sites\/5\/2026\/01\/P322.7401__S_0__e1380b90a03c4d9d8fe3d9da1c0b9b67.jpg\",\"contentUrl\":\"https:\/\/urban-vitamin.com\/wp-content\/uploads\/sites\/5\/2026\/01\/P322.7401__S_0__e1380b90a03c4d9d8fe3d9da1c0b9b67.jpg\",\"width\":1024,\"height\":1024},{\"@type\":\"BreadcrumbList\",\"@id\":\"https:\/\/urban-vitamin.com\/sv\/produkt\/san-mateo-45w-20-000-mah-powerbank-svart\/#breadcrumb\",\"itemListElement\":[{\"@type\":\"ListItem\",\"position\":1,\"name\":\"Home\",\"item\":\"https:\/\/urban-vitamin.com\/sv\/\"},{\"@type\":\"ListItem\",\"position\":2,\"name\":\"Kollektion\",\"item\":\"https:\/\/urban-vitamin.com\/sv\/kollektion\/\"},{\"@type\":\"ListItem\",\"position\":3,\"name\":\"San Mateo 45W 20 000 mAh Powerbank, svart\"}]},{\"@type\":\"WebSite\",\"@id\":\"https:\/\/urban-vitamin.com\/sv\/#website\",\"url\":\"https:\/\/urban-vitamin.com\/sv\/\",\"name\":\"Urban Vitamin\",\"description\":\"Enjoy your daily dose of Urban Vitamin!\",\"potentialAction\":[{\"@type\":\"SearchAction\",\"target\":{\"@type\":\"EntryPoint\",\"urlTemplate\":\"https:\/\/urban-vitamin.com\/sv\/?s={search_term_string}\"},\"query-input\":{\"@type\":\"PropertyValueSpecification\",\"valueRequired\":true,\"valueName\":\"search_term_string\"}}],\"inLanguage\":\"sv-SE\"}]}<\/script>\n<!-- \/ Yoast SEO plugin. -->","yoast_head_json":{"title":"San Mateo 45W 20 000 mAh Powerbank, svart - Urban Vitamin","robots":{"index":"index","follow":"follow","max-snippet":"max-snippet:-1","max-image-preview":"max-image-preview:large","max-video-preview":"max-video-preview:-1"},"canonical":"https:\/\/urban-vitamin.com\/sv\/produkt\/san-mateo-45w-20-000-mah-powerbank-svart\/","og_locale":"sv_SE","og_type":"article","og_title":"San Mateo 45W 20 000 mAh Powerbank, svart - Urban Vitamin","og_description":"Din kabel \u00e4r alltid med dig \u2013 och str\u00f6mmen ocks\u00e5. San Mateo \u00e4r en powerbank p\u00e5 20 000 mAh som l\u00e5ter dig ladda alla dina mobila enheter med h\u00f6gsta hastighet \u2013 med ultimat bekv\u00e4mlighet. Tack vare den integrerade utdragbara USB-C-kabeln p\u00e5 70 cm beh\u00f6ver du aldrig mer leta efter en kabel. San Mateo laddar inte [&hellip;]","og_url":"https:\/\/urban-vitamin.com\/sv\/produkt\/san-mateo-45w-20-000-mah-powerbank-svart\/","og_site_name":"Urban Vitamin","article_modified_time":"2026-03-12T02:46:31+00:00","og_image":[{"width":1024,"height":1024,"url":"https:\/\/urban-vitamin.com\/wp-content\/uploads\/sites\/5\/2026\/01\/P322.7401__S_0__e1380b90a03c4d9d8fe3d9da1c0b9b67.jpg","type":"image\/jpeg"}],"twitter_card":"summary_large_image","twitter_misc":{"Ber\u00e4knad l\u00e4stid":"1 minut"},"schema":{"@context":"https:\/\/schema.org","@graph":[{"@type":"WebPage","@id":"https:\/\/urban-vitamin.com\/sv\/produkt\/san-mateo-45w-20-000-mah-powerbank-svart\/","url":"https:\/\/urban-vitamin.com\/sv\/produkt\/san-mateo-45w-20-000-mah-powerbank-svart\/","name":"San Mateo 45W 20 000 mAh Powerbank, svart - Urban Vitamin","isPartOf":{"@id":"https:\/\/urban-vitamin.com\/sv\/#website"},"primaryImageOfPage":{"@id":"https:\/\/urban-vitamin.com\/sv\/produkt\/san-mateo-45w-20-000-mah-powerbank-svart\/#primaryimage"},"image":{"@id":"https:\/\/urban-vitamin.com\/sv\/produkt\/san-mateo-45w-20-000-mah-powerbank-svart\/#primaryimage"},"thumbnailUrl":"https:\/\/urban-vitamin.com\/wp-content\/uploads\/sites\/5\/2026\/01\/P322.7401__S_0__e1380b90a03c4d9d8fe3d9da1c0b9b67.jpg","datePublished":"2026-03-12T01:06:37+00:00","dateModified":"2026-03-12T02:46:31+00:00","breadcrumb":{"@id":"https:\/\/urban-vitamin.com\/sv\/produkt\/san-mateo-45w-20-000-mah-powerbank-svart\/#breadcrumb"},"inLanguage":"sv-SE","potentialAction":[{"@type":"ReadAction","target":["https:\/\/urban-vitamin.com\/sv\/produkt\/san-mateo-45w-20-000-mah-powerbank-svart\/"]}]},{"@type":"ImageObject","inLanguage":"sv-SE","@id":"https:\/\/urban-vitamin.com\/sv\/produkt\/san-mateo-45w-20-000-mah-powerbank-svart\/#primaryimage","url":"https:\/\/urban-vitamin.com\/wp-content\/uploads\/sites\/5\/2026\/01\/P322.7401__S_0__e1380b90a03c4d9d8fe3d9da1c0b9b67.jpg","contentUrl":"https:\/\/urban-vitamin.com\/wp-content\/uploads\/sites\/5\/2026\/01\/P322.7401__S_0__e1380b90a03c4d9d8fe3d9da1c0b9b67.jpg","width":1024,"height":1024},{"@type":"BreadcrumbList","@id":"https:\/\/urban-vitamin.com\/sv\/produkt\/san-mateo-45w-20-000-mah-powerbank-svart\/#breadcrumb","itemListElement":[{"@type":"ListItem","position":1,"name":"Home","item":"https:\/\/urban-vitamin.com\/sv\/"},{"@type":"ListItem","position":2,"name":"Kollektion","item":"https:\/\/urban-vitamin.com\/sv\/kollektion\/"},{"@type":"ListItem","position":3,"name":"San Mateo 45W 20 000 mAh Powerbank, svart"}]},{"@type":"WebSite","@id":"https:\/\/urban-vitamin.com\/sv\/#website","url":"https:\/\/urban-vitamin.com\/sv\/","name":"Urban Vitamin","description":"Enjoy your daily dose of Urban Vitamin!","potentialAction":[{"@type":"SearchAction","target":{"@type":"EntryPoint","urlTemplate":"https:\/\/urban-vitamin.com\/sv\/?s={search_term_string}"},"query-input":{"@type":"PropertyValueSpecification","valueRequired":true,"valueName":"search_term_string"}}],"inLanguage":"sv-SE"}]}},"_links":{"self":[{"href":"https:\/\/urban-vitamin.com\/sv\/wp-json\/wp\/v2\/product\/26767","targetHints":{"allow":["GET"]}}],"collection":[{"href":"https:\/\/urban-vitamin.com\/sv\/wp-json\/wp\/v2\/product"}],"about":[{"href":"https:\/\/urban-vitamin.com\/sv\/wp-json\/wp\/v2\/types\/product"}],"replies":[{"embeddable":true,"href":"https:\/\/urban-vitamin.com\/sv\/wp-json\/wp\/v2\/comments?post=26767"}],"wp:featuredmedia":[{"embeddable":true,"href":"https:\/\/urban-vitamin.com\/sv\/wp-json\/wp\/v2\/media\/26800"}],"wp:attachment":[{"href":"https:\/\/urban-vitamin.com\/sv\/wp-json\/wp\/v2\/media?parent=26767"}],"wp:term":[{"taxonomy":"product_cat","embeddable":true,"href":"https:\/\/urban-vitamin.com\/sv\/wp-json\/wp\/v2\/product_cat?post=26767"},{"taxonomy":"product_tag","embeddable":true,"href":"https:\/\/urban-vitamin.com\/sv\/wp-json\/wp\/v2\/product_tag?post=26767"}],"curies":[{"name":"wp","href":"https:\/\/api.w.org\/{rel}","templated":true}]}}