{"id":25284,"date":"2026-03-12T01:06:37","date_gmt":"2026-03-12T01:06:37","guid":{"rendered":"https:\/\/urban-vitamin.com\/urban-vitamin-stanford-165-w-20-000-mah-powerbank-gra\/"},"modified":"2026-03-12T02:46:37","modified_gmt":"2026-03-12T02:46:37","slug":"stanford-165-w-20-000-mah-powerbank-gra","status":"publish","type":"product","link":"https:\/\/urban-vitamin.com\/sv\/produkt\/stanford-165-w-20-000-mah-powerbank-gra\/","title":{"rendered":"Stanford 165 W 20 000 mAh powerbank, gr\u00e5"},"content":{"rendered":"<p>Urban Vitamin Stanford powerbank \u00e4r det ultimata inom avancerad laddningsteknik och erbjuder o\u00f6vertr\u00e4ffad prestanda f\u00f6r dig som kr\u00e4ver det b\u00e4sta. Med en robust kapacitet p\u00e5 20 000 mAh st\u00f6der Stanford en otrolig 165 W megasnabb laddning, vilket s\u00e4kerst\u00e4ller att dina enheter, inklusive flera b\u00e4rbara datorer och MacBooks, laddas samtidigt och blixtsnabbt. Stanford \u00e4r utrustad med tre utg\u00e5ngsalternativ: tv\u00e5 USB-C och en USB-A, och \u00e4r utformad f\u00f6r maximal m\u00e5ngsidighet. Den har ocks\u00e5 en unik integrerad 70 cm l\u00e5ng, utdragbar USB-C-kabel med 100 W snabb laddning, vilket minskar behovet av att ta med extra tillbeh\u00f6r. Den h\u00f6gkvalitativa TFT-f\u00e4rgsk\u00e4rmen ger uppdateringar i realtid om laddningshastighet och enhetsstatus, s\u00e5 att du alltid \u00e4r informerad under varje laddning. Stanford \u00e4r tillverkad med ett h\u00e5llbart aluminiumh\u00f6lje och har ett premiumutseende och -k\u00e4nsla samtidigt som den \u00e4r l\u00e4tt och b\u00e4rbar. Urban Vitamin-produkter \u00e4r tillverkade utan PVC och f\u00f6rpackade i plastreducerade f\u00f6rpackningar.<\/p>\n","protected":false},"excerpt":{"rendered":"<p>Urban Vitamin Stanford powerbank \u00e4r det ultimata inom avancerad laddningsteknik och erbjuder o\u00f6vertr\u00e4ffad prestanda f\u00f6r dig som kr\u00e4ver det b\u00e4sta. Med en robust kapacitet p\u00e5 20 000 mAh st\u00f6der Stanford en otrolig 165 W megasnabb laddning, vilket s\u00e4kerst\u00e4ller att dina enheter, inklusive flera b\u00e4rbara datorer och MacBooks, laddas samtidigt och blixtsnabbt. Stanford \u00e4r utrustad med [&hellip;]<\/p>\n","protected":false},"featured_media":26763,"comment_status":"closed","ping_status":"closed","template":"","meta":{"_acf_changed":false,"om_disable_all_campaigns":false},"product_cat":[84],"product_tag":[],"class_list":["post-25284","product","type-product","status-publish","has-post-thumbnail","hentry","product_cat-powerbanks-sv","pa_color-grey"],"acf":[],"yoast_head":"<!-- This site is optimized with the Yoast SEO plugin v27.0 - https:\/\/yoast.com\/product\/yoast-seo-wordpress\/ -->\n<title>Stanford 165 W 20 000 mAh powerbank, gr\u00e5 - Urban Vitamin<\/title>\n<meta name=\"robots\" content=\"index, follow, max-snippet:-1, max-image-preview:large, max-video-preview:-1\" \/>\n<link rel=\"canonical\" href=\"https:\/\/urban-vitamin.com\/sv\/produkt\/stanford-165-w-20-000-mah-powerbank-gra\/\" \/>\n<meta property=\"og:locale\" content=\"sv_SE\" \/>\n<meta property=\"og:type\" content=\"article\" \/>\n<meta property=\"og:title\" content=\"Stanford 165 W 20 000 mAh powerbank, gr\u00e5 - Urban Vitamin\" \/>\n<meta property=\"og:description\" content=\"Urban Vitamin Stanford powerbank \u00e4r det ultimata inom avancerad laddningsteknik och erbjuder o\u00f6vertr\u00e4ffad prestanda f\u00f6r dig som kr\u00e4ver det b\u00e4sta. Med en robust kapacitet p\u00e5 20 000 mAh st\u00f6der Stanford en otrolig 165 W megasnabb laddning, vilket s\u00e4kerst\u00e4ller att dina enheter, inklusive flera b\u00e4rbara datorer och MacBooks, laddas samtidigt och blixtsnabbt. Stanford \u00e4r utrustad med [&hellip;]\" \/>\n<meta property=\"og:url\" content=\"https:\/\/urban-vitamin.com\/sv\/produkt\/stanford-165-w-20-000-mah-powerbank-gra\/\" \/>\n<meta property=\"og:site_name\" content=\"Urban Vitamin\" \/>\n<meta property=\"article:modified_time\" content=\"2026-03-12T02:46:37+00:00\" \/>\n<meta property=\"og:image\" content=\"https:\/\/urban-vitamin.com\/wp-content\/uploads\/sites\/5\/2025\/10\/P322.7802__S_0__5cc27688b69241369b431cd93714361f.jpg\" \/>\n\t<meta property=\"og:image:width\" content=\"1024\" \/>\n\t<meta property=\"og:image:height\" content=\"1024\" \/>\n\t<meta property=\"og:image:type\" content=\"image\/jpeg\" \/>\n<meta name=\"twitter:card\" content=\"summary_large_image\" \/>\n<meta name=\"twitter:label1\" content=\"Ber\u00e4knad l\u00e4stid\" \/>\n\t<meta name=\"twitter:data1\" content=\"1 minut\" \/>\n<script type=\"application\/ld+json\" class=\"yoast-schema-graph\">{\"@context\":\"https:\/\/schema.org\",\"@graph\":[{\"@type\":\"WebPage\",\"@id\":\"https:\/\/urban-vitamin.com\/sv\/produkt\/stanford-165-w-20-000-mah-powerbank-gra\/\",\"url\":\"https:\/\/urban-vitamin.com\/sv\/produkt\/stanford-165-w-20-000-mah-powerbank-gra\/\",\"name\":\"Stanford 165 W 20 000 mAh powerbank, gr\u00e5 - Urban Vitamin\",\"isPartOf\":{\"@id\":\"https:\/\/urban-vitamin.com\/sv\/#website\"},\"primaryImageOfPage\":{\"@id\":\"https:\/\/urban-vitamin.com\/sv\/produkt\/stanford-165-w-20-000-mah-powerbank-gra\/#primaryimage\"},\"image\":{\"@id\":\"https:\/\/urban-vitamin.com\/sv\/produkt\/stanford-165-w-20-000-mah-powerbank-gra\/#primaryimage\"},\"thumbnailUrl\":\"https:\/\/urban-vitamin.com\/wp-content\/uploads\/sites\/5\/2025\/10\/P322.7802__S_0__5cc27688b69241369b431cd93714361f.jpg\",\"datePublished\":\"2026-03-12T01:06:37+00:00\",\"dateModified\":\"2026-03-12T02:46:37+00:00\",\"breadcrumb\":{\"@id\":\"https:\/\/urban-vitamin.com\/sv\/produkt\/stanford-165-w-20-000-mah-powerbank-gra\/#breadcrumb\"},\"inLanguage\":\"sv-SE\",\"potentialAction\":[{\"@type\":\"ReadAction\",\"target\":[\"https:\/\/urban-vitamin.com\/sv\/produkt\/stanford-165-w-20-000-mah-powerbank-gra\/\"]}]},{\"@type\":\"ImageObject\",\"inLanguage\":\"sv-SE\",\"@id\":\"https:\/\/urban-vitamin.com\/sv\/produkt\/stanford-165-w-20-000-mah-powerbank-gra\/#primaryimage\",\"url\":\"https:\/\/urban-vitamin.com\/wp-content\/uploads\/sites\/5\/2025\/10\/P322.7802__S_0__5cc27688b69241369b431cd93714361f.jpg\",\"contentUrl\":\"https:\/\/urban-vitamin.com\/wp-content\/uploads\/sites\/5\/2025\/10\/P322.7802__S_0__5cc27688b69241369b431cd93714361f.jpg\",\"width\":1024,\"height\":1024},{\"@type\":\"BreadcrumbList\",\"@id\":\"https:\/\/urban-vitamin.com\/sv\/produkt\/stanford-165-w-20-000-mah-powerbank-gra\/#breadcrumb\",\"itemListElement\":[{\"@type\":\"ListItem\",\"position\":1,\"name\":\"Home\",\"item\":\"https:\/\/urban-vitamin.com\/sv\/\"},{\"@type\":\"ListItem\",\"position\":2,\"name\":\"Kollektion\",\"item\":\"https:\/\/urban-vitamin.com\/sv\/kollektion\/\"},{\"@type\":\"ListItem\",\"position\":3,\"name\":\"Stanford 165 W 20 000 mAh powerbank, gr\u00e5\"}]},{\"@type\":\"WebSite\",\"@id\":\"https:\/\/urban-vitamin.com\/sv\/#website\",\"url\":\"https:\/\/urban-vitamin.com\/sv\/\",\"name\":\"Urban Vitamin\",\"description\":\"Enjoy your daily dose of Urban Vitamin!\",\"potentialAction\":[{\"@type\":\"SearchAction\",\"target\":{\"@type\":\"EntryPoint\",\"urlTemplate\":\"https:\/\/urban-vitamin.com\/sv\/?s={search_term_string}\"},\"query-input\":{\"@type\":\"PropertyValueSpecification\",\"valueRequired\":true,\"valueName\":\"search_term_string\"}}],\"inLanguage\":\"sv-SE\"}]}<\/script>\n<!-- \/ Yoast SEO plugin. -->","yoast_head_json":{"title":"Stanford 165 W 20 000 mAh powerbank, gr\u00e5 - Urban Vitamin","robots":{"index":"index","follow":"follow","max-snippet":"max-snippet:-1","max-image-preview":"max-image-preview:large","max-video-preview":"max-video-preview:-1"},"canonical":"https:\/\/urban-vitamin.com\/sv\/produkt\/stanford-165-w-20-000-mah-powerbank-gra\/","og_locale":"sv_SE","og_type":"article","og_title":"Stanford 165 W 20 000 mAh powerbank, gr\u00e5 - Urban Vitamin","og_description":"Urban Vitamin Stanford powerbank \u00e4r det ultimata inom avancerad laddningsteknik och erbjuder o\u00f6vertr\u00e4ffad prestanda f\u00f6r dig som kr\u00e4ver det b\u00e4sta. Med en robust kapacitet p\u00e5 20 000 mAh st\u00f6der Stanford en otrolig 165 W megasnabb laddning, vilket s\u00e4kerst\u00e4ller att dina enheter, inklusive flera b\u00e4rbara datorer och MacBooks, laddas samtidigt och blixtsnabbt. Stanford \u00e4r utrustad med [&hellip;]","og_url":"https:\/\/urban-vitamin.com\/sv\/produkt\/stanford-165-w-20-000-mah-powerbank-gra\/","og_site_name":"Urban Vitamin","article_modified_time":"2026-03-12T02:46:37+00:00","og_image":[{"width":1024,"height":1024,"url":"https:\/\/urban-vitamin.com\/wp-content\/uploads\/sites\/5\/2025\/10\/P322.7802__S_0__5cc27688b69241369b431cd93714361f.jpg","type":"image\/jpeg"}],"twitter_card":"summary_large_image","twitter_misc":{"Ber\u00e4knad l\u00e4stid":"1 minut"},"schema":{"@context":"https:\/\/schema.org","@graph":[{"@type":"WebPage","@id":"https:\/\/urban-vitamin.com\/sv\/produkt\/stanford-165-w-20-000-mah-powerbank-gra\/","url":"https:\/\/urban-vitamin.com\/sv\/produkt\/stanford-165-w-20-000-mah-powerbank-gra\/","name":"Stanford 165 W 20 000 mAh powerbank, gr\u00e5 - Urban Vitamin","isPartOf":{"@id":"https:\/\/urban-vitamin.com\/sv\/#website"},"primaryImageOfPage":{"@id":"https:\/\/urban-vitamin.com\/sv\/produkt\/stanford-165-w-20-000-mah-powerbank-gra\/#primaryimage"},"image":{"@id":"https:\/\/urban-vitamin.com\/sv\/produkt\/stanford-165-w-20-000-mah-powerbank-gra\/#primaryimage"},"thumbnailUrl":"https:\/\/urban-vitamin.com\/wp-content\/uploads\/sites\/5\/2025\/10\/P322.7802__S_0__5cc27688b69241369b431cd93714361f.jpg","datePublished":"2026-03-12T01:06:37+00:00","dateModified":"2026-03-12T02:46:37+00:00","breadcrumb":{"@id":"https:\/\/urban-vitamin.com\/sv\/produkt\/stanford-165-w-20-000-mah-powerbank-gra\/#breadcrumb"},"inLanguage":"sv-SE","potentialAction":[{"@type":"ReadAction","target":["https:\/\/urban-vitamin.com\/sv\/produkt\/stanford-165-w-20-000-mah-powerbank-gra\/"]}]},{"@type":"ImageObject","inLanguage":"sv-SE","@id":"https:\/\/urban-vitamin.com\/sv\/produkt\/stanford-165-w-20-000-mah-powerbank-gra\/#primaryimage","url":"https:\/\/urban-vitamin.com\/wp-content\/uploads\/sites\/5\/2025\/10\/P322.7802__S_0__5cc27688b69241369b431cd93714361f.jpg","contentUrl":"https:\/\/urban-vitamin.com\/wp-content\/uploads\/sites\/5\/2025\/10\/P322.7802__S_0__5cc27688b69241369b431cd93714361f.jpg","width":1024,"height":1024},{"@type":"BreadcrumbList","@id":"https:\/\/urban-vitamin.com\/sv\/produkt\/stanford-165-w-20-000-mah-powerbank-gra\/#breadcrumb","itemListElement":[{"@type":"ListItem","position":1,"name":"Home","item":"https:\/\/urban-vitamin.com\/sv\/"},{"@type":"ListItem","position":2,"name":"Kollektion","item":"https:\/\/urban-vitamin.com\/sv\/kollektion\/"},{"@type":"ListItem","position":3,"name":"Stanford 165 W 20 000 mAh powerbank, gr\u00e5"}]},{"@type":"WebSite","@id":"https:\/\/urban-vitamin.com\/sv\/#website","url":"https:\/\/urban-vitamin.com\/sv\/","name":"Urban Vitamin","description":"Enjoy your daily dose of Urban Vitamin!","potentialAction":[{"@type":"SearchAction","target":{"@type":"EntryPoint","urlTemplate":"https:\/\/urban-vitamin.com\/sv\/?s={search_term_string}"},"query-input":{"@type":"PropertyValueSpecification","valueRequired":true,"valueName":"search_term_string"}}],"inLanguage":"sv-SE"}]}},"_links":{"self":[{"href":"https:\/\/urban-vitamin.com\/sv\/wp-json\/wp\/v2\/product\/25284","targetHints":{"allow":["GET"]}}],"collection":[{"href":"https:\/\/urban-vitamin.com\/sv\/wp-json\/wp\/v2\/product"}],"about":[{"href":"https:\/\/urban-vitamin.com\/sv\/wp-json\/wp\/v2\/types\/product"}],"replies":[{"embeddable":true,"href":"https:\/\/urban-vitamin.com\/sv\/wp-json\/wp\/v2\/comments?post=25284"}],"wp:featuredmedia":[{"embeddable":true,"href":"https:\/\/urban-vitamin.com\/sv\/wp-json\/wp\/v2\/media\/26763"}],"wp:attachment":[{"href":"https:\/\/urban-vitamin.com\/sv\/wp-json\/wp\/v2\/media?parent=25284"}],"wp:term":[{"taxonomy":"product_cat","embeddable":true,"href":"https:\/\/urban-vitamin.com\/sv\/wp-json\/wp\/v2\/product_cat?post=25284"},{"taxonomy":"product_tag","embeddable":true,"href":"https:\/\/urban-vitamin.com\/sv\/wp-json\/wp\/v2\/product_tag?post=25284"}],"curies":[{"name":"wp","href":"https:\/\/api.w.org\/{rel}","templated":true}]}}