{"id":25282,"date":"2026-03-12T01:06:37","date_gmt":"2026-03-12T01:06:37","guid":{"rendered":"https:\/\/urban-vitamin.com\/urban-vitamin-campbell-55-w-10-000-mah-powerbank-fickformat-gra\/"},"modified":"2026-03-12T02:46:35","modified_gmt":"2026-03-12T02:46:35","slug":"campbell-55-w-10-000-mah-powerbank-fickformat-gra","status":"publish","type":"product","link":"https:\/\/urban-vitamin.com\/sv\/produkt\/campbell-55-w-10-000-mah-powerbank-fickformat-gra\/","title":{"rendered":"Campbell 55 W 10 000 mAh powerbank, fickformat, gr\u00e5"},"content":{"rendered":"<p>Urban Vitamin Campbell powerbank \u00e4r en toppmodern laddningsl\u00f6sning som \u00e4r utformad f\u00f6r att h\u00e5lla dig laddad n\u00e4r du \u00e4r p\u00e5 spr\u00e5ng. Med en kraftfull kapacitet p\u00e5 10 000 mAh i fickformatsdesign ser denna laddare till att dina enheter alltid \u00e4r redo n\u00e4r du beh\u00f6ver dem. Campbell har en h\u00f6gkvalitativ TFT-f\u00e4rgsk\u00e4rm som visar information i realtid om laddningshastighet och andra viktiga detaljer, vilket ger dig fullst\u00e4ndig kontroll och insikt. Den \u00e4r utrustad med tre utg\u00e5ngar i form av tv\u00e5 USB-C och en USB-A. Den levererar imponerande 55 W effekt, vilket g\u00f6r att den kan ladda smartphones, surfplattor och till och med b\u00e4rbara datorer och MacBooks med full hastighet. Den \u00e4r tillverkad av h\u00e5llbart aluminium och kombinerar premiumestetik med en robust konstruktion, vilket g\u00f6r den till ett snyggt och p\u00e5litligt tillbeh\u00f6r f\u00f6r en modern livsstil. Urban Vitamins produkter \u00e4r tillverkade utan PVC och f\u00f6rpackade i plastreducerade f\u00f6rpackningar.<\/p>\n","protected":false},"excerpt":{"rendered":"<p>Urban Vitamin Campbell powerbank \u00e4r en toppmodern laddningsl\u00f6sning som \u00e4r utformad f\u00f6r att h\u00e5lla dig laddad n\u00e4r du \u00e4r p\u00e5 spr\u00e5ng. Med en kraftfull kapacitet p\u00e5 10 000 mAh i fickformatsdesign ser denna laddare till att dina enheter alltid \u00e4r redo n\u00e4r du beh\u00f6ver dem. Campbell har en h\u00f6gkvalitativ TFT-f\u00e4rgsk\u00e4rm som visar information i realtid [&hellip;]<\/p>\n","protected":false},"featured_media":26749,"comment_status":"closed","ping_status":"closed","template":"","meta":{"_acf_changed":false,"om_disable_all_campaigns":false},"product_cat":[84],"product_tag":[],"class_list":["post-25282","product","type-product","status-publish","has-post-thumbnail","hentry","product_cat-powerbanks-sv","pa_color-grey"],"acf":[],"yoast_head":"<!-- This site is optimized with the Yoast SEO plugin v27.0 - https:\/\/yoast.com\/product\/yoast-seo-wordpress\/ -->\n<title>Campbell 55 W 10 000 mAh powerbank, fickformat, gr\u00e5 - Urban Vitamin<\/title>\n<meta name=\"robots\" content=\"index, follow, max-snippet:-1, max-image-preview:large, max-video-preview:-1\" \/>\n<link rel=\"canonical\" href=\"https:\/\/urban-vitamin.com\/sv\/produkt\/campbell-55-w-10-000-mah-powerbank-fickformat-gra\/\" \/>\n<meta property=\"og:locale\" content=\"sv_SE\" \/>\n<meta property=\"og:type\" content=\"article\" \/>\n<meta property=\"og:title\" content=\"Campbell 55 W 10 000 mAh powerbank, fickformat, gr\u00e5 - Urban Vitamin\" \/>\n<meta property=\"og:description\" content=\"Urban Vitamin Campbell powerbank \u00e4r en toppmodern laddningsl\u00f6sning som \u00e4r utformad f\u00f6r att h\u00e5lla dig laddad n\u00e4r du \u00e4r p\u00e5 spr\u00e5ng. Med en kraftfull kapacitet p\u00e5 10 000 mAh i fickformatsdesign ser denna laddare till att dina enheter alltid \u00e4r redo n\u00e4r du beh\u00f6ver dem. Campbell har en h\u00f6gkvalitativ TFT-f\u00e4rgsk\u00e4rm som visar information i realtid [&hellip;]\" \/>\n<meta property=\"og:url\" content=\"https:\/\/urban-vitamin.com\/sv\/produkt\/campbell-55-w-10-000-mah-powerbank-fickformat-gra\/\" \/>\n<meta property=\"og:site_name\" content=\"Urban Vitamin\" \/>\n<meta property=\"article:modified_time\" content=\"2026-03-12T02:46:35+00:00\" \/>\n<meta property=\"og:image\" content=\"https:\/\/urban-vitamin.com\/wp-content\/uploads\/sites\/5\/2025\/10\/P322.7602__S_0__22c56369d8224053a539ee70485895cc.jpg\" \/>\n\t<meta property=\"og:image:width\" content=\"1024\" \/>\n\t<meta property=\"og:image:height\" content=\"1024\" \/>\n\t<meta property=\"og:image:type\" content=\"image\/jpeg\" \/>\n<meta name=\"twitter:card\" content=\"summary_large_image\" \/>\n<meta name=\"twitter:label1\" content=\"Ber\u00e4knad l\u00e4stid\" \/>\n\t<meta name=\"twitter:data1\" content=\"1 minut\" \/>\n<script type=\"application\/ld+json\" class=\"yoast-schema-graph\">{\"@context\":\"https:\/\/schema.org\",\"@graph\":[{\"@type\":\"WebPage\",\"@id\":\"https:\/\/urban-vitamin.com\/sv\/produkt\/campbell-55-w-10-000-mah-powerbank-fickformat-gra\/\",\"url\":\"https:\/\/urban-vitamin.com\/sv\/produkt\/campbell-55-w-10-000-mah-powerbank-fickformat-gra\/\",\"name\":\"Campbell 55 W 10 000 mAh powerbank, fickformat, gr\u00e5 - Urban Vitamin\",\"isPartOf\":{\"@id\":\"https:\/\/urban-vitamin.com\/sv\/#website\"},\"primaryImageOfPage\":{\"@id\":\"https:\/\/urban-vitamin.com\/sv\/produkt\/campbell-55-w-10-000-mah-powerbank-fickformat-gra\/#primaryimage\"},\"image\":{\"@id\":\"https:\/\/urban-vitamin.com\/sv\/produkt\/campbell-55-w-10-000-mah-powerbank-fickformat-gra\/#primaryimage\"},\"thumbnailUrl\":\"https:\/\/urban-vitamin.com\/wp-content\/uploads\/sites\/5\/2025\/10\/P322.7602__S_0__22c56369d8224053a539ee70485895cc.jpg\",\"datePublished\":\"2026-03-12T01:06:37+00:00\",\"dateModified\":\"2026-03-12T02:46:35+00:00\",\"breadcrumb\":{\"@id\":\"https:\/\/urban-vitamin.com\/sv\/produkt\/campbell-55-w-10-000-mah-powerbank-fickformat-gra\/#breadcrumb\"},\"inLanguage\":\"sv-SE\",\"potentialAction\":[{\"@type\":\"ReadAction\",\"target\":[\"https:\/\/urban-vitamin.com\/sv\/produkt\/campbell-55-w-10-000-mah-powerbank-fickformat-gra\/\"]}]},{\"@type\":\"ImageObject\",\"inLanguage\":\"sv-SE\",\"@id\":\"https:\/\/urban-vitamin.com\/sv\/produkt\/campbell-55-w-10-000-mah-powerbank-fickformat-gra\/#primaryimage\",\"url\":\"https:\/\/urban-vitamin.com\/wp-content\/uploads\/sites\/5\/2025\/10\/P322.7602__S_0__22c56369d8224053a539ee70485895cc.jpg\",\"contentUrl\":\"https:\/\/urban-vitamin.com\/wp-content\/uploads\/sites\/5\/2025\/10\/P322.7602__S_0__22c56369d8224053a539ee70485895cc.jpg\",\"width\":1024,\"height\":1024},{\"@type\":\"BreadcrumbList\",\"@id\":\"https:\/\/urban-vitamin.com\/sv\/produkt\/campbell-55-w-10-000-mah-powerbank-fickformat-gra\/#breadcrumb\",\"itemListElement\":[{\"@type\":\"ListItem\",\"position\":1,\"name\":\"Home\",\"item\":\"https:\/\/urban-vitamin.com\/sv\/\"},{\"@type\":\"ListItem\",\"position\":2,\"name\":\"Kollektion\",\"item\":\"https:\/\/urban-vitamin.com\/sv\/kollektion\/\"},{\"@type\":\"ListItem\",\"position\":3,\"name\":\"Campbell 55 W 10 000 mAh powerbank, fickformat, gr\u00e5\"}]},{\"@type\":\"WebSite\",\"@id\":\"https:\/\/urban-vitamin.com\/sv\/#website\",\"url\":\"https:\/\/urban-vitamin.com\/sv\/\",\"name\":\"Urban Vitamin\",\"description\":\"Enjoy your daily dose of Urban Vitamin!\",\"potentialAction\":[{\"@type\":\"SearchAction\",\"target\":{\"@type\":\"EntryPoint\",\"urlTemplate\":\"https:\/\/urban-vitamin.com\/sv\/?s={search_term_string}\"},\"query-input\":{\"@type\":\"PropertyValueSpecification\",\"valueRequired\":true,\"valueName\":\"search_term_string\"}}],\"inLanguage\":\"sv-SE\"}]}<\/script>\n<!-- \/ Yoast SEO plugin. -->","yoast_head_json":{"title":"Campbell 55 W 10 000 mAh powerbank, fickformat, gr\u00e5 - Urban Vitamin","robots":{"index":"index","follow":"follow","max-snippet":"max-snippet:-1","max-image-preview":"max-image-preview:large","max-video-preview":"max-video-preview:-1"},"canonical":"https:\/\/urban-vitamin.com\/sv\/produkt\/campbell-55-w-10-000-mah-powerbank-fickformat-gra\/","og_locale":"sv_SE","og_type":"article","og_title":"Campbell 55 W 10 000 mAh powerbank, fickformat, gr\u00e5 - Urban Vitamin","og_description":"Urban Vitamin Campbell powerbank \u00e4r en toppmodern laddningsl\u00f6sning som \u00e4r utformad f\u00f6r att h\u00e5lla dig laddad n\u00e4r du \u00e4r p\u00e5 spr\u00e5ng. Med en kraftfull kapacitet p\u00e5 10 000 mAh i fickformatsdesign ser denna laddare till att dina enheter alltid \u00e4r redo n\u00e4r du beh\u00f6ver dem. Campbell har en h\u00f6gkvalitativ TFT-f\u00e4rgsk\u00e4rm som visar information i realtid [&hellip;]","og_url":"https:\/\/urban-vitamin.com\/sv\/produkt\/campbell-55-w-10-000-mah-powerbank-fickformat-gra\/","og_site_name":"Urban Vitamin","article_modified_time":"2026-03-12T02:46:35+00:00","og_image":[{"width":1024,"height":1024,"url":"https:\/\/urban-vitamin.com\/wp-content\/uploads\/sites\/5\/2025\/10\/P322.7602__S_0__22c56369d8224053a539ee70485895cc.jpg","type":"image\/jpeg"}],"twitter_card":"summary_large_image","twitter_misc":{"Ber\u00e4knad l\u00e4stid":"1 minut"},"schema":{"@context":"https:\/\/schema.org","@graph":[{"@type":"WebPage","@id":"https:\/\/urban-vitamin.com\/sv\/produkt\/campbell-55-w-10-000-mah-powerbank-fickformat-gra\/","url":"https:\/\/urban-vitamin.com\/sv\/produkt\/campbell-55-w-10-000-mah-powerbank-fickformat-gra\/","name":"Campbell 55 W 10 000 mAh powerbank, fickformat, gr\u00e5 - Urban Vitamin","isPartOf":{"@id":"https:\/\/urban-vitamin.com\/sv\/#website"},"primaryImageOfPage":{"@id":"https:\/\/urban-vitamin.com\/sv\/produkt\/campbell-55-w-10-000-mah-powerbank-fickformat-gra\/#primaryimage"},"image":{"@id":"https:\/\/urban-vitamin.com\/sv\/produkt\/campbell-55-w-10-000-mah-powerbank-fickformat-gra\/#primaryimage"},"thumbnailUrl":"https:\/\/urban-vitamin.com\/wp-content\/uploads\/sites\/5\/2025\/10\/P322.7602__S_0__22c56369d8224053a539ee70485895cc.jpg","datePublished":"2026-03-12T01:06:37+00:00","dateModified":"2026-03-12T02:46:35+00:00","breadcrumb":{"@id":"https:\/\/urban-vitamin.com\/sv\/produkt\/campbell-55-w-10-000-mah-powerbank-fickformat-gra\/#breadcrumb"},"inLanguage":"sv-SE","potentialAction":[{"@type":"ReadAction","target":["https:\/\/urban-vitamin.com\/sv\/produkt\/campbell-55-w-10-000-mah-powerbank-fickformat-gra\/"]}]},{"@type":"ImageObject","inLanguage":"sv-SE","@id":"https:\/\/urban-vitamin.com\/sv\/produkt\/campbell-55-w-10-000-mah-powerbank-fickformat-gra\/#primaryimage","url":"https:\/\/urban-vitamin.com\/wp-content\/uploads\/sites\/5\/2025\/10\/P322.7602__S_0__22c56369d8224053a539ee70485895cc.jpg","contentUrl":"https:\/\/urban-vitamin.com\/wp-content\/uploads\/sites\/5\/2025\/10\/P322.7602__S_0__22c56369d8224053a539ee70485895cc.jpg","width":1024,"height":1024},{"@type":"BreadcrumbList","@id":"https:\/\/urban-vitamin.com\/sv\/produkt\/campbell-55-w-10-000-mah-powerbank-fickformat-gra\/#breadcrumb","itemListElement":[{"@type":"ListItem","position":1,"name":"Home","item":"https:\/\/urban-vitamin.com\/sv\/"},{"@type":"ListItem","position":2,"name":"Kollektion","item":"https:\/\/urban-vitamin.com\/sv\/kollektion\/"},{"@type":"ListItem","position":3,"name":"Campbell 55 W 10 000 mAh powerbank, fickformat, gr\u00e5"}]},{"@type":"WebSite","@id":"https:\/\/urban-vitamin.com\/sv\/#website","url":"https:\/\/urban-vitamin.com\/sv\/","name":"Urban Vitamin","description":"Enjoy your daily dose of Urban Vitamin!","potentialAction":[{"@type":"SearchAction","target":{"@type":"EntryPoint","urlTemplate":"https:\/\/urban-vitamin.com\/sv\/?s={search_term_string}"},"query-input":{"@type":"PropertyValueSpecification","valueRequired":true,"valueName":"search_term_string"}}],"inLanguage":"sv-SE"}]}},"_links":{"self":[{"href":"https:\/\/urban-vitamin.com\/sv\/wp-json\/wp\/v2\/product\/25282","targetHints":{"allow":["GET"]}}],"collection":[{"href":"https:\/\/urban-vitamin.com\/sv\/wp-json\/wp\/v2\/product"}],"about":[{"href":"https:\/\/urban-vitamin.com\/sv\/wp-json\/wp\/v2\/types\/product"}],"replies":[{"embeddable":true,"href":"https:\/\/urban-vitamin.com\/sv\/wp-json\/wp\/v2\/comments?post=25282"}],"wp:featuredmedia":[{"embeddable":true,"href":"https:\/\/urban-vitamin.com\/sv\/wp-json\/wp\/v2\/media\/26749"}],"wp:attachment":[{"href":"https:\/\/urban-vitamin.com\/sv\/wp-json\/wp\/v2\/media?parent=25282"}],"wp:term":[{"taxonomy":"product_cat","embeddable":true,"href":"https:\/\/urban-vitamin.com\/sv\/wp-json\/wp\/v2\/product_cat?post=25282"},{"taxonomy":"product_tag","embeddable":true,"href":"https:\/\/urban-vitamin.com\/sv\/wp-json\/wp\/v2\/product_tag?post=25282"}],"curies":[{"name":"wp","href":"https:\/\/api.w.org\/{rel}","templated":true}]}}