{"id":25281,"date":"2026-03-12T01:06:22","date_gmt":"2026-03-12T01:06:22","guid":{"rendered":"https:\/\/urban-vitamin.com\/urban-vitamin-goleta-2-i-1-15-w-magnetisk-tradlos-laddare-svart\/"},"modified":"2026-03-12T02:46:23","modified_gmt":"2026-03-12T02:46:23","slug":"goleta-2-i-1-15-w-magnetisk-tradlos-laddare-svart","status":"publish","type":"product","link":"https:\/\/urban-vitamin.com\/sv\/produkt\/goleta-2-i-1-15-w-magnetisk-tradlos-laddare-svart\/","title":{"rendered":"Goleta 2-i-1 15 W magnetisk tr\u00e5dl\u00f6s laddare, svart"},"content":{"rendered":"<p>Laddningskraft i en elegant design. Urban Vitamin Goleta \u00e4r en 2-i-1 magnetisk tr\u00e5dl\u00f6s laddare p\u00e5 15 W med en utdragbar USB-C-kabel p\u00e5 65 cm, som kombinerar tr\u00e5dl\u00f6s laddning och tr\u00e5dl\u00f6s bekv\u00e4mlighet i en kompakt, b\u00e4rbar l\u00f6sning. Oavsett om du laddar din telefon, iWatch eller b\u00e5da, erbjuder Goleta den flexibilitet och effektivitet du beh\u00f6ver. Med en superstark magnetisk anslutning som h\u00e5ller din telefon s\u00e4kert p\u00e5 plats samtidigt du kan ladda tr\u00e5dl\u00f6s p\u00e5 upp till 15 W f\u00f6r telefoner, med flera utg\u00e5ngsalternativ (10 W, 7,5 W, 5 W) beroende p\u00e5 din enhet. Den tr\u00e5dl\u00f6sa utg\u00e5ngen p\u00e5 2,5 W f\u00f6r iWatch s\u00e4kerst\u00e4ller att din smartwatch ocks\u00e5 f\u00f6rblir laddad. Den utdragbara RTPE-kabeln garanterar trasselfri, enkel f\u00f6rvaring medan du laddar, och med en ing\u00e5ng p\u00e5 9 V\/3 A USB-C levererar den effektiv str\u00f6m till alla dina enheter. Goleta \u00e4r tillverkad av RCS-certifierade (Recycled Claim Standard) RABS-material. Urban Vitamin-produkter \u00e4r tillverkade utan PVC och f\u00f6rpackade i plastreducerade f\u00f6rpackningar.<\/p>\n","protected":false},"excerpt":{"rendered":"<p>Laddningskraft i en elegant design. Urban Vitamin Goleta \u00e4r en 2-i-1 magnetisk tr\u00e5dl\u00f6s laddare p\u00e5 15 W med en utdragbar USB-C-kabel p\u00e5 65 cm, som kombinerar tr\u00e5dl\u00f6s laddning och tr\u00e5dl\u00f6s bekv\u00e4mlighet i en kompakt, b\u00e4rbar l\u00f6sning. Oavsett om du laddar din telefon, iWatch eller b\u00e5da, erbjuder Goleta den flexibilitet och effektivitet du beh\u00f6ver. Med en [&hellip;]<\/p>\n","protected":false},"featured_media":26733,"comment_status":"closed","ping_status":"closed","template":"","meta":{"_acf_changed":false,"om_disable_all_campaigns":false},"product_cat":[86],"product_tag":[],"class_list":["post-25281","product","type-product","status-publish","has-post-thumbnail","hentry","product_cat-laddare","pa_color-black"],"acf":[],"yoast_head":"<!-- This site is optimized with the Yoast SEO plugin v27.0 - https:\/\/yoast.com\/product\/yoast-seo-wordpress\/ -->\n<title>Goleta 2-i-1 15 W magnetisk tr\u00e5dl\u00f6s laddare, svart - Urban Vitamin<\/title>\n<meta name=\"robots\" content=\"index, follow, max-snippet:-1, max-image-preview:large, max-video-preview:-1\" \/>\n<link rel=\"canonical\" href=\"https:\/\/urban-vitamin.com\/sv\/produkt\/goleta-2-i-1-15-w-magnetisk-tradlos-laddare-svart\/\" \/>\n<meta property=\"og:locale\" content=\"sv_SE\" \/>\n<meta property=\"og:type\" content=\"article\" \/>\n<meta property=\"og:title\" content=\"Goleta 2-i-1 15 W magnetisk tr\u00e5dl\u00f6s laddare, svart - Urban Vitamin\" \/>\n<meta property=\"og:description\" content=\"Laddningskraft i en elegant design. Urban Vitamin Goleta \u00e4r en 2-i-1 magnetisk tr\u00e5dl\u00f6s laddare p\u00e5 15 W med en utdragbar USB-C-kabel p\u00e5 65 cm, som kombinerar tr\u00e5dl\u00f6s laddning och tr\u00e5dl\u00f6s bekv\u00e4mlighet i en kompakt, b\u00e4rbar l\u00f6sning. Oavsett om du laddar din telefon, iWatch eller b\u00e5da, erbjuder Goleta den flexibilitet och effektivitet du beh\u00f6ver. Med en [&hellip;]\" \/>\n<meta property=\"og:url\" content=\"https:\/\/urban-vitamin.com\/sv\/produkt\/goleta-2-i-1-15-w-magnetisk-tradlos-laddare-svart\/\" \/>\n<meta property=\"og:site_name\" content=\"Urban Vitamin\" \/>\n<meta property=\"article:modified_time\" content=\"2026-03-12T02:46:23+00:00\" \/>\n<meta property=\"og:image\" content=\"https:\/\/urban-vitamin.com\/wp-content\/uploads\/sites\/5\/2025\/10\/P309.5301__S_0__d8a3702e2ccf46be92b682855798e42a.jpg\" \/>\n\t<meta property=\"og:image:width\" content=\"1024\" \/>\n\t<meta property=\"og:image:height\" content=\"1024\" \/>\n\t<meta property=\"og:image:type\" content=\"image\/jpeg\" \/>\n<meta name=\"twitter:card\" content=\"summary_large_image\" \/>\n<meta name=\"twitter:label1\" content=\"Ber\u00e4knad l\u00e4stid\" \/>\n\t<meta name=\"twitter:data1\" content=\"1 minut\" \/>\n<script type=\"application\/ld+json\" class=\"yoast-schema-graph\">{\"@context\":\"https:\/\/schema.org\",\"@graph\":[{\"@type\":\"WebPage\",\"@id\":\"https:\/\/urban-vitamin.com\/sv\/produkt\/goleta-2-i-1-15-w-magnetisk-tradlos-laddare-svart\/\",\"url\":\"https:\/\/urban-vitamin.com\/sv\/produkt\/goleta-2-i-1-15-w-magnetisk-tradlos-laddare-svart\/\",\"name\":\"Goleta 2-i-1 15 W magnetisk tr\u00e5dl\u00f6s laddare, svart - Urban Vitamin\",\"isPartOf\":{\"@id\":\"https:\/\/urban-vitamin.com\/sv\/#website\"},\"primaryImageOfPage\":{\"@id\":\"https:\/\/urban-vitamin.com\/sv\/produkt\/goleta-2-i-1-15-w-magnetisk-tradlos-laddare-svart\/#primaryimage\"},\"image\":{\"@id\":\"https:\/\/urban-vitamin.com\/sv\/produkt\/goleta-2-i-1-15-w-magnetisk-tradlos-laddare-svart\/#primaryimage\"},\"thumbnailUrl\":\"https:\/\/urban-vitamin.com\/wp-content\/uploads\/sites\/5\/2025\/10\/P309.5301__S_0__d8a3702e2ccf46be92b682855798e42a.jpg\",\"datePublished\":\"2026-03-12T01:06:22+00:00\",\"dateModified\":\"2026-03-12T02:46:23+00:00\",\"breadcrumb\":{\"@id\":\"https:\/\/urban-vitamin.com\/sv\/produkt\/goleta-2-i-1-15-w-magnetisk-tradlos-laddare-svart\/#breadcrumb\"},\"inLanguage\":\"sv-SE\",\"potentialAction\":[{\"@type\":\"ReadAction\",\"target\":[\"https:\/\/urban-vitamin.com\/sv\/produkt\/goleta-2-i-1-15-w-magnetisk-tradlos-laddare-svart\/\"]}]},{\"@type\":\"ImageObject\",\"inLanguage\":\"sv-SE\",\"@id\":\"https:\/\/urban-vitamin.com\/sv\/produkt\/goleta-2-i-1-15-w-magnetisk-tradlos-laddare-svart\/#primaryimage\",\"url\":\"https:\/\/urban-vitamin.com\/wp-content\/uploads\/sites\/5\/2025\/10\/P309.5301__S_0__d8a3702e2ccf46be92b682855798e42a.jpg\",\"contentUrl\":\"https:\/\/urban-vitamin.com\/wp-content\/uploads\/sites\/5\/2025\/10\/P309.5301__S_0__d8a3702e2ccf46be92b682855798e42a.jpg\",\"width\":1024,\"height\":1024},{\"@type\":\"BreadcrumbList\",\"@id\":\"https:\/\/urban-vitamin.com\/sv\/produkt\/goleta-2-i-1-15-w-magnetisk-tradlos-laddare-svart\/#breadcrumb\",\"itemListElement\":[{\"@type\":\"ListItem\",\"position\":1,\"name\":\"Home\",\"item\":\"https:\/\/urban-vitamin.com\/sv\/\"},{\"@type\":\"ListItem\",\"position\":2,\"name\":\"Kollektion\",\"item\":\"https:\/\/urban-vitamin.com\/sv\/kollektion\/\"},{\"@type\":\"ListItem\",\"position\":3,\"name\":\"Goleta 2-i-1 15 W magnetisk tr\u00e5dl\u00f6s laddare, svart\"}]},{\"@type\":\"WebSite\",\"@id\":\"https:\/\/urban-vitamin.com\/sv\/#website\",\"url\":\"https:\/\/urban-vitamin.com\/sv\/\",\"name\":\"Urban Vitamin\",\"description\":\"Enjoy your daily dose of Urban Vitamin!\",\"potentialAction\":[{\"@type\":\"SearchAction\",\"target\":{\"@type\":\"EntryPoint\",\"urlTemplate\":\"https:\/\/urban-vitamin.com\/sv\/?s={search_term_string}\"},\"query-input\":{\"@type\":\"PropertyValueSpecification\",\"valueRequired\":true,\"valueName\":\"search_term_string\"}}],\"inLanguage\":\"sv-SE\"}]}<\/script>\n<!-- \/ Yoast SEO plugin. -->","yoast_head_json":{"title":"Goleta 2-i-1 15 W magnetisk tr\u00e5dl\u00f6s laddare, svart - Urban Vitamin","robots":{"index":"index","follow":"follow","max-snippet":"max-snippet:-1","max-image-preview":"max-image-preview:large","max-video-preview":"max-video-preview:-1"},"canonical":"https:\/\/urban-vitamin.com\/sv\/produkt\/goleta-2-i-1-15-w-magnetisk-tradlos-laddare-svart\/","og_locale":"sv_SE","og_type":"article","og_title":"Goleta 2-i-1 15 W magnetisk tr\u00e5dl\u00f6s laddare, svart - Urban Vitamin","og_description":"Laddningskraft i en elegant design. Urban Vitamin Goleta \u00e4r en 2-i-1 magnetisk tr\u00e5dl\u00f6s laddare p\u00e5 15 W med en utdragbar USB-C-kabel p\u00e5 65 cm, som kombinerar tr\u00e5dl\u00f6s laddning och tr\u00e5dl\u00f6s bekv\u00e4mlighet i en kompakt, b\u00e4rbar l\u00f6sning. Oavsett om du laddar din telefon, iWatch eller b\u00e5da, erbjuder Goleta den flexibilitet och effektivitet du beh\u00f6ver. Med en [&hellip;]","og_url":"https:\/\/urban-vitamin.com\/sv\/produkt\/goleta-2-i-1-15-w-magnetisk-tradlos-laddare-svart\/","og_site_name":"Urban Vitamin","article_modified_time":"2026-03-12T02:46:23+00:00","og_image":[{"width":1024,"height":1024,"url":"https:\/\/urban-vitamin.com\/wp-content\/uploads\/sites\/5\/2025\/10\/P309.5301__S_0__d8a3702e2ccf46be92b682855798e42a.jpg","type":"image\/jpeg"}],"twitter_card":"summary_large_image","twitter_misc":{"Ber\u00e4knad l\u00e4stid":"1 minut"},"schema":{"@context":"https:\/\/schema.org","@graph":[{"@type":"WebPage","@id":"https:\/\/urban-vitamin.com\/sv\/produkt\/goleta-2-i-1-15-w-magnetisk-tradlos-laddare-svart\/","url":"https:\/\/urban-vitamin.com\/sv\/produkt\/goleta-2-i-1-15-w-magnetisk-tradlos-laddare-svart\/","name":"Goleta 2-i-1 15 W magnetisk tr\u00e5dl\u00f6s laddare, svart - Urban Vitamin","isPartOf":{"@id":"https:\/\/urban-vitamin.com\/sv\/#website"},"primaryImageOfPage":{"@id":"https:\/\/urban-vitamin.com\/sv\/produkt\/goleta-2-i-1-15-w-magnetisk-tradlos-laddare-svart\/#primaryimage"},"image":{"@id":"https:\/\/urban-vitamin.com\/sv\/produkt\/goleta-2-i-1-15-w-magnetisk-tradlos-laddare-svart\/#primaryimage"},"thumbnailUrl":"https:\/\/urban-vitamin.com\/wp-content\/uploads\/sites\/5\/2025\/10\/P309.5301__S_0__d8a3702e2ccf46be92b682855798e42a.jpg","datePublished":"2026-03-12T01:06:22+00:00","dateModified":"2026-03-12T02:46:23+00:00","breadcrumb":{"@id":"https:\/\/urban-vitamin.com\/sv\/produkt\/goleta-2-i-1-15-w-magnetisk-tradlos-laddare-svart\/#breadcrumb"},"inLanguage":"sv-SE","potentialAction":[{"@type":"ReadAction","target":["https:\/\/urban-vitamin.com\/sv\/produkt\/goleta-2-i-1-15-w-magnetisk-tradlos-laddare-svart\/"]}]},{"@type":"ImageObject","inLanguage":"sv-SE","@id":"https:\/\/urban-vitamin.com\/sv\/produkt\/goleta-2-i-1-15-w-magnetisk-tradlos-laddare-svart\/#primaryimage","url":"https:\/\/urban-vitamin.com\/wp-content\/uploads\/sites\/5\/2025\/10\/P309.5301__S_0__d8a3702e2ccf46be92b682855798e42a.jpg","contentUrl":"https:\/\/urban-vitamin.com\/wp-content\/uploads\/sites\/5\/2025\/10\/P309.5301__S_0__d8a3702e2ccf46be92b682855798e42a.jpg","width":1024,"height":1024},{"@type":"BreadcrumbList","@id":"https:\/\/urban-vitamin.com\/sv\/produkt\/goleta-2-i-1-15-w-magnetisk-tradlos-laddare-svart\/#breadcrumb","itemListElement":[{"@type":"ListItem","position":1,"name":"Home","item":"https:\/\/urban-vitamin.com\/sv\/"},{"@type":"ListItem","position":2,"name":"Kollektion","item":"https:\/\/urban-vitamin.com\/sv\/kollektion\/"},{"@type":"ListItem","position":3,"name":"Goleta 2-i-1 15 W magnetisk tr\u00e5dl\u00f6s laddare, svart"}]},{"@type":"WebSite","@id":"https:\/\/urban-vitamin.com\/sv\/#website","url":"https:\/\/urban-vitamin.com\/sv\/","name":"Urban Vitamin","description":"Enjoy your daily dose of Urban Vitamin!","potentialAction":[{"@type":"SearchAction","target":{"@type":"EntryPoint","urlTemplate":"https:\/\/urban-vitamin.com\/sv\/?s={search_term_string}"},"query-input":{"@type":"PropertyValueSpecification","valueRequired":true,"valueName":"search_term_string"}}],"inLanguage":"sv-SE"}]}},"_links":{"self":[{"href":"https:\/\/urban-vitamin.com\/sv\/wp-json\/wp\/v2\/product\/25281","targetHints":{"allow":["GET"]}}],"collection":[{"href":"https:\/\/urban-vitamin.com\/sv\/wp-json\/wp\/v2\/product"}],"about":[{"href":"https:\/\/urban-vitamin.com\/sv\/wp-json\/wp\/v2\/types\/product"}],"replies":[{"embeddable":true,"href":"https:\/\/urban-vitamin.com\/sv\/wp-json\/wp\/v2\/comments?post=25281"}],"wp:featuredmedia":[{"embeddable":true,"href":"https:\/\/urban-vitamin.com\/sv\/wp-json\/wp\/v2\/media\/26733"}],"wp:attachment":[{"href":"https:\/\/urban-vitamin.com\/sv\/wp-json\/wp\/v2\/media?parent=25281"}],"wp:term":[{"taxonomy":"product_cat","embeddable":true,"href":"https:\/\/urban-vitamin.com\/sv\/wp-json\/wp\/v2\/product_cat?post=25281"},{"taxonomy":"product_tag","embeddable":true,"href":"https:\/\/urban-vitamin.com\/sv\/wp-json\/wp\/v2\/product_tag?post=25281"}],"curies":[{"name":"wp","href":"https:\/\/api.w.org\/{rel}","templated":true}]}}