{"id":25280,"date":"2026-03-12T01:06:22","date_gmt":"2026-03-12T01:06:22","guid":{"rendered":"https:\/\/urban-vitamin.com\/urban-vitamin-arcadia-rcs-rplastic-15w-3i1-magnetisk-laddare-svart\/"},"modified":"2026-03-12T02:46:22","modified_gmt":"2026-03-12T02:46:22","slug":"arcadia-rcs-rplastic-15w-3i1-magnetisk-laddare-svart","status":"publish","type":"product","link":"https:\/\/urban-vitamin.com\/sv\/produkt\/arcadia-rcs-rplastic-15w-3i1-magnetisk-laddare-svart\/","title":{"rendered":"Arcadia RCS rplastic 15W 3i1 magnetisk laddare, svart"},"content":{"rendered":"<p>Beh\u00f6ver du ladda alla dina enheter samtidigt med full hastighet? Arcadia har l\u00f6sningen med sin ultrasnabba 15W magnetladdare. Den h\u00e4r kompakta tr\u00e5dl\u00f6sa laddaren kan anv\u00e4ndas p\u00e5 skrivbordet eller nattduksbordet, men \u00e4r ocks\u00e5 mycket enkel att f\u00e4lla ihop och ta med p\u00e5 resan.  Anv\u00e4nd den som stativ f\u00f6r att ladda telefoner med magnetisk laddning Baksidan har en 5 W laddningsplatta som g\u00f6r att du kan ladda en andra telefon eller \u00f6ronsn\u00e4ckor. Du kan dessutom anv\u00e4nda klockladdaren f\u00f6r att ladda de senaste generationerna av iWatch. Arcadia levereras med en 120 cm l\u00e5ng \u00e5tervunnen TPE-kabel f\u00f6r enkel installation var du \u00e4n vill. Anslut den helt enkelt till en snabbladdande str\u00f6mk\u00e4lla (minst 9V\/2A) f\u00f6r att komma ig\u00e5ng. Den \u00e4r tillverkad av RCS-certifierad (Recycled Claim Standard) \u00e5tervunnen ABS, med 34 % \u00e5tervunnet inneh\u00e5ll baserat p\u00e5 den totala vikten. Urban Vitamin-artiklar \u00e4r tillverkade utan PVC och f\u00f6rpackade i plastreducerade f\u00f6rpackningar.<\/p>\n","protected":false},"excerpt":{"rendered":"<p>Beh\u00f6ver du ladda alla dina enheter samtidigt med full hastighet? Arcadia har l\u00f6sningen med sin ultrasnabba 15W magnetladdare. Den h\u00e4r kompakta tr\u00e5dl\u00f6sa laddaren kan anv\u00e4ndas p\u00e5 skrivbordet eller nattduksbordet, men \u00e4r ocks\u00e5 mycket enkel att f\u00e4lla ihop och ta med p\u00e5 resan. Anv\u00e4nd den som stativ f\u00f6r att ladda telefoner med magnetisk laddning Baksidan har [&hellip;]<\/p>\n","protected":false},"featured_media":26726,"comment_status":"closed","ping_status":"closed","template":"","meta":{"_acf_changed":false,"om_disable_all_campaigns":false},"product_cat":[86],"product_tag":[],"class_list":["post-25280","product","type-product","status-publish","has-post-thumbnail","hentry","product_cat-laddare","pa_color-black"],"acf":[],"yoast_head":"<!-- This site is optimized with the Yoast SEO plugin v27.0 - https:\/\/yoast.com\/product\/yoast-seo-wordpress\/ -->\n<title>Arcadia RCS rplastic 15W 3i1 magnetisk laddare, svart - Urban Vitamin<\/title>\n<meta name=\"robots\" content=\"index, follow, max-snippet:-1, max-image-preview:large, max-video-preview:-1\" \/>\n<link rel=\"canonical\" href=\"https:\/\/urban-vitamin.com\/sv\/produkt\/arcadia-rcs-rplastic-15w-3i1-magnetisk-laddare-svart\/\" \/>\n<meta property=\"og:locale\" content=\"sv_SE\" \/>\n<meta property=\"og:type\" content=\"article\" \/>\n<meta property=\"og:title\" content=\"Arcadia RCS rplastic 15W 3i1 magnetisk laddare, svart - Urban Vitamin\" \/>\n<meta property=\"og:description\" content=\"Beh\u00f6ver du ladda alla dina enheter samtidigt med full hastighet? Arcadia har l\u00f6sningen med sin ultrasnabba 15W magnetladdare. Den h\u00e4r kompakta tr\u00e5dl\u00f6sa laddaren kan anv\u00e4ndas p\u00e5 skrivbordet eller nattduksbordet, men \u00e4r ocks\u00e5 mycket enkel att f\u00e4lla ihop och ta med p\u00e5 resan. Anv\u00e4nd den som stativ f\u00f6r att ladda telefoner med magnetisk laddning Baksidan har [&hellip;]\" \/>\n<meta property=\"og:url\" content=\"https:\/\/urban-vitamin.com\/sv\/produkt\/arcadia-rcs-rplastic-15w-3i1-magnetisk-laddare-svart\/\" \/>\n<meta property=\"og:site_name\" content=\"Urban Vitamin\" \/>\n<meta property=\"article:modified_time\" content=\"2026-03-12T02:46:22+00:00\" \/>\n<meta property=\"og:image\" content=\"https:\/\/urban-vitamin.com\/wp-content\/uploads\/sites\/5\/2025\/10\/P309.5101__S_0__6c77397fa5004cc4980e50391c139e20.jpg\" \/>\n\t<meta property=\"og:image:width\" content=\"1024\" \/>\n\t<meta property=\"og:image:height\" content=\"1024\" \/>\n\t<meta property=\"og:image:type\" content=\"image\/jpeg\" \/>\n<meta name=\"twitter:card\" content=\"summary_large_image\" \/>\n<meta name=\"twitter:label1\" content=\"Ber\u00e4knad l\u00e4stid\" \/>\n\t<meta name=\"twitter:data1\" content=\"1 minut\" \/>\n<script type=\"application\/ld+json\" class=\"yoast-schema-graph\">{\"@context\":\"https:\/\/schema.org\",\"@graph\":[{\"@type\":\"WebPage\",\"@id\":\"https:\/\/urban-vitamin.com\/sv\/produkt\/arcadia-rcs-rplastic-15w-3i1-magnetisk-laddare-svart\/\",\"url\":\"https:\/\/urban-vitamin.com\/sv\/produkt\/arcadia-rcs-rplastic-15w-3i1-magnetisk-laddare-svart\/\",\"name\":\"Arcadia RCS rplastic 15W 3i1 magnetisk laddare, svart - Urban Vitamin\",\"isPartOf\":{\"@id\":\"https:\/\/urban-vitamin.com\/sv\/#website\"},\"primaryImageOfPage\":{\"@id\":\"https:\/\/urban-vitamin.com\/sv\/produkt\/arcadia-rcs-rplastic-15w-3i1-magnetisk-laddare-svart\/#primaryimage\"},\"image\":{\"@id\":\"https:\/\/urban-vitamin.com\/sv\/produkt\/arcadia-rcs-rplastic-15w-3i1-magnetisk-laddare-svart\/#primaryimage\"},\"thumbnailUrl\":\"https:\/\/urban-vitamin.com\/wp-content\/uploads\/sites\/5\/2025\/10\/P309.5101__S_0__6c77397fa5004cc4980e50391c139e20.jpg\",\"datePublished\":\"2026-03-12T01:06:22+00:00\",\"dateModified\":\"2026-03-12T02:46:22+00:00\",\"breadcrumb\":{\"@id\":\"https:\/\/urban-vitamin.com\/sv\/produkt\/arcadia-rcs-rplastic-15w-3i1-magnetisk-laddare-svart\/#breadcrumb\"},\"inLanguage\":\"sv-SE\",\"potentialAction\":[{\"@type\":\"ReadAction\",\"target\":[\"https:\/\/urban-vitamin.com\/sv\/produkt\/arcadia-rcs-rplastic-15w-3i1-magnetisk-laddare-svart\/\"]}]},{\"@type\":\"ImageObject\",\"inLanguage\":\"sv-SE\",\"@id\":\"https:\/\/urban-vitamin.com\/sv\/produkt\/arcadia-rcs-rplastic-15w-3i1-magnetisk-laddare-svart\/#primaryimage\",\"url\":\"https:\/\/urban-vitamin.com\/wp-content\/uploads\/sites\/5\/2025\/10\/P309.5101__S_0__6c77397fa5004cc4980e50391c139e20.jpg\",\"contentUrl\":\"https:\/\/urban-vitamin.com\/wp-content\/uploads\/sites\/5\/2025\/10\/P309.5101__S_0__6c77397fa5004cc4980e50391c139e20.jpg\",\"width\":1024,\"height\":1024},{\"@type\":\"BreadcrumbList\",\"@id\":\"https:\/\/urban-vitamin.com\/sv\/produkt\/arcadia-rcs-rplastic-15w-3i1-magnetisk-laddare-svart\/#breadcrumb\",\"itemListElement\":[{\"@type\":\"ListItem\",\"position\":1,\"name\":\"Home\",\"item\":\"https:\/\/urban-vitamin.com\/sv\/\"},{\"@type\":\"ListItem\",\"position\":2,\"name\":\"Kollektion\",\"item\":\"https:\/\/urban-vitamin.com\/sv\/kollektion\/\"},{\"@type\":\"ListItem\",\"position\":3,\"name\":\"Arcadia RCS rplastic 15W 3i1 magnetisk laddare, svart\"}]},{\"@type\":\"WebSite\",\"@id\":\"https:\/\/urban-vitamin.com\/sv\/#website\",\"url\":\"https:\/\/urban-vitamin.com\/sv\/\",\"name\":\"Urban Vitamin\",\"description\":\"Enjoy your daily dose of Urban Vitamin!\",\"potentialAction\":[{\"@type\":\"SearchAction\",\"target\":{\"@type\":\"EntryPoint\",\"urlTemplate\":\"https:\/\/urban-vitamin.com\/sv\/?s={search_term_string}\"},\"query-input\":{\"@type\":\"PropertyValueSpecification\",\"valueRequired\":true,\"valueName\":\"search_term_string\"}}],\"inLanguage\":\"sv-SE\"}]}<\/script>\n<!-- \/ Yoast SEO plugin. -->","yoast_head_json":{"title":"Arcadia RCS rplastic 15W 3i1 magnetisk laddare, svart - Urban Vitamin","robots":{"index":"index","follow":"follow","max-snippet":"max-snippet:-1","max-image-preview":"max-image-preview:large","max-video-preview":"max-video-preview:-1"},"canonical":"https:\/\/urban-vitamin.com\/sv\/produkt\/arcadia-rcs-rplastic-15w-3i1-magnetisk-laddare-svart\/","og_locale":"sv_SE","og_type":"article","og_title":"Arcadia RCS rplastic 15W 3i1 magnetisk laddare, svart - Urban Vitamin","og_description":"Beh\u00f6ver du ladda alla dina enheter samtidigt med full hastighet? Arcadia har l\u00f6sningen med sin ultrasnabba 15W magnetladdare. Den h\u00e4r kompakta tr\u00e5dl\u00f6sa laddaren kan anv\u00e4ndas p\u00e5 skrivbordet eller nattduksbordet, men \u00e4r ocks\u00e5 mycket enkel att f\u00e4lla ihop och ta med p\u00e5 resan. Anv\u00e4nd den som stativ f\u00f6r att ladda telefoner med magnetisk laddning Baksidan har [&hellip;]","og_url":"https:\/\/urban-vitamin.com\/sv\/produkt\/arcadia-rcs-rplastic-15w-3i1-magnetisk-laddare-svart\/","og_site_name":"Urban Vitamin","article_modified_time":"2026-03-12T02:46:22+00:00","og_image":[{"width":1024,"height":1024,"url":"https:\/\/urban-vitamin.com\/wp-content\/uploads\/sites\/5\/2025\/10\/P309.5101__S_0__6c77397fa5004cc4980e50391c139e20.jpg","type":"image\/jpeg"}],"twitter_card":"summary_large_image","twitter_misc":{"Ber\u00e4knad l\u00e4stid":"1 minut"},"schema":{"@context":"https:\/\/schema.org","@graph":[{"@type":"WebPage","@id":"https:\/\/urban-vitamin.com\/sv\/produkt\/arcadia-rcs-rplastic-15w-3i1-magnetisk-laddare-svart\/","url":"https:\/\/urban-vitamin.com\/sv\/produkt\/arcadia-rcs-rplastic-15w-3i1-magnetisk-laddare-svart\/","name":"Arcadia RCS rplastic 15W 3i1 magnetisk laddare, svart - Urban Vitamin","isPartOf":{"@id":"https:\/\/urban-vitamin.com\/sv\/#website"},"primaryImageOfPage":{"@id":"https:\/\/urban-vitamin.com\/sv\/produkt\/arcadia-rcs-rplastic-15w-3i1-magnetisk-laddare-svart\/#primaryimage"},"image":{"@id":"https:\/\/urban-vitamin.com\/sv\/produkt\/arcadia-rcs-rplastic-15w-3i1-magnetisk-laddare-svart\/#primaryimage"},"thumbnailUrl":"https:\/\/urban-vitamin.com\/wp-content\/uploads\/sites\/5\/2025\/10\/P309.5101__S_0__6c77397fa5004cc4980e50391c139e20.jpg","datePublished":"2026-03-12T01:06:22+00:00","dateModified":"2026-03-12T02:46:22+00:00","breadcrumb":{"@id":"https:\/\/urban-vitamin.com\/sv\/produkt\/arcadia-rcs-rplastic-15w-3i1-magnetisk-laddare-svart\/#breadcrumb"},"inLanguage":"sv-SE","potentialAction":[{"@type":"ReadAction","target":["https:\/\/urban-vitamin.com\/sv\/produkt\/arcadia-rcs-rplastic-15w-3i1-magnetisk-laddare-svart\/"]}]},{"@type":"ImageObject","inLanguage":"sv-SE","@id":"https:\/\/urban-vitamin.com\/sv\/produkt\/arcadia-rcs-rplastic-15w-3i1-magnetisk-laddare-svart\/#primaryimage","url":"https:\/\/urban-vitamin.com\/wp-content\/uploads\/sites\/5\/2025\/10\/P309.5101__S_0__6c77397fa5004cc4980e50391c139e20.jpg","contentUrl":"https:\/\/urban-vitamin.com\/wp-content\/uploads\/sites\/5\/2025\/10\/P309.5101__S_0__6c77397fa5004cc4980e50391c139e20.jpg","width":1024,"height":1024},{"@type":"BreadcrumbList","@id":"https:\/\/urban-vitamin.com\/sv\/produkt\/arcadia-rcs-rplastic-15w-3i1-magnetisk-laddare-svart\/#breadcrumb","itemListElement":[{"@type":"ListItem","position":1,"name":"Home","item":"https:\/\/urban-vitamin.com\/sv\/"},{"@type":"ListItem","position":2,"name":"Kollektion","item":"https:\/\/urban-vitamin.com\/sv\/kollektion\/"},{"@type":"ListItem","position":3,"name":"Arcadia RCS rplastic 15W 3i1 magnetisk laddare, svart"}]},{"@type":"WebSite","@id":"https:\/\/urban-vitamin.com\/sv\/#website","url":"https:\/\/urban-vitamin.com\/sv\/","name":"Urban Vitamin","description":"Enjoy your daily dose of Urban Vitamin!","potentialAction":[{"@type":"SearchAction","target":{"@type":"EntryPoint","urlTemplate":"https:\/\/urban-vitamin.com\/sv\/?s={search_term_string}"},"query-input":{"@type":"PropertyValueSpecification","valueRequired":true,"valueName":"search_term_string"}}],"inLanguage":"sv-SE"}]}},"_links":{"self":[{"href":"https:\/\/urban-vitamin.com\/sv\/wp-json\/wp\/v2\/product\/25280","targetHints":{"allow":["GET"]}}],"collection":[{"href":"https:\/\/urban-vitamin.com\/sv\/wp-json\/wp\/v2\/product"}],"about":[{"href":"https:\/\/urban-vitamin.com\/sv\/wp-json\/wp\/v2\/types\/product"}],"replies":[{"embeddable":true,"href":"https:\/\/urban-vitamin.com\/sv\/wp-json\/wp\/v2\/comments?post=25280"}],"wp:featuredmedia":[{"embeddable":true,"href":"https:\/\/urban-vitamin.com\/sv\/wp-json\/wp\/v2\/media\/26726"}],"wp:attachment":[{"href":"https:\/\/urban-vitamin.com\/sv\/wp-json\/wp\/v2\/media?parent=25280"}],"wp:term":[{"taxonomy":"product_cat","embeddable":true,"href":"https:\/\/urban-vitamin.com\/sv\/wp-json\/wp\/v2\/product_cat?post=25280"},{"taxonomy":"product_tag","embeddable":true,"href":"https:\/\/urban-vitamin.com\/sv\/wp-json\/wp\/v2\/product_tag?post=25280"}],"curies":[{"name":"wp","href":"https:\/\/api.w.org\/{rel}","templated":true}]}}