{"id":25279,"date":"2026-03-12T01:06:22","date_gmt":"2026-03-12T01:06:22","guid":{"rendered":"https:\/\/urban-vitamin.com\/urban-vitamin-san-jose-100w-stativ-med-infallbar-kabel-svart\/"},"modified":"2026-03-12T02:46:19","modified_gmt":"2026-03-12T02:46:19","slug":"san-jose-100w-stativ-med-infallbar-kabel-svart","status":"publish","type":"product","link":"https:\/\/urban-vitamin.com\/sv\/produkt\/san-jose-100w-stativ-med-infallbar-kabel-svart\/","title":{"rendered":"San Jose 100W stativ med inf\u00e4llbar kabel, svart"},"content":{"rendered":"<p>Den ultimata allt-i-ett-laddningsl\u00f6sningen. San Jose \u00e4r en 100 W telefonh\u00e5llare med en integrerad utdragbar laddningskabel som ger supersnabb laddning och bekv\u00e4mlighet. Med sitt magnetiska telefonstativ och st\u00f6dben h\u00e5ller San Jose din telefon s\u00e4kert p\u00e5 plats och i perfekt vinkel f\u00f6r handsfree-anv\u00e4ndning. Den utdragbara RTPE-kabeln kan f\u00f6rl\u00e4ngas upp till 100 cm och erbjuder supersnabb laddning med st\u00f6d f\u00f6r upp till 100 W str\u00f6mf\u00f6rs\u00f6rjning med USB-C till USB-C-kabeln. Den levereras ocks\u00e5 med USB-A till USB-C- och USB-A till iOS-kontakter, vilket g\u00f6r den tillr\u00e4ckligt m\u00e5ngsidig f\u00f6r att ladda en rad olika enheter. Dessutom st\u00f6der den data\u00f6verf\u00f6ring f\u00f6r smidig filsynkronisering medan du laddar. San Jose \u00e4r tillverkad av RCS-certifierade (Recycled Claim Standard) RABS- och RTPE-material. Totalt \u00e5tervunnet inneh\u00e5ll 59 % baserat p\u00e5 produktens vikt. Urban Vitamin-produkter \u00e4r tillverkade utan PVC och f\u00f6rpackade i plastreducerade f\u00f6rpackningar. St\u00f6der Carplay.<\/p>\n","protected":false},"excerpt":{"rendered":"<p>Den ultimata allt-i-ett-laddningsl\u00f6sningen. San Jose \u00e4r en 100 W telefonh\u00e5llare med en integrerad utdragbar laddningskabel som ger supersnabb laddning och bekv\u00e4mlighet. Med sitt magnetiska telefonstativ och st\u00f6dben h\u00e5ller San Jose din telefon s\u00e4kert p\u00e5 plats och i perfekt vinkel f\u00f6r handsfree-anv\u00e4ndning. Den utdragbara RTPE-kabeln kan f\u00f6rl\u00e4ngas upp till 100 cm och erbjuder supersnabb laddning med [&hellip;]<\/p>\n","protected":false},"featured_media":26719,"comment_status":"closed","ping_status":"closed","template":"","meta":{"_acf_changed":false,"om_disable_all_campaigns":false},"product_cat":[86],"product_tag":[],"class_list":["post-25279","product","type-product","status-publish","has-post-thumbnail","hentry","product_cat-laddare","pa_color-black"],"acf":[],"yoast_head":"<!-- This site is optimized with the Yoast SEO plugin v27.0 - https:\/\/yoast.com\/product\/yoast-seo-wordpress\/ -->\n<title>San Jose 100W stativ med inf\u00e4llbar kabel, svart - Urban Vitamin<\/title>\n<meta name=\"robots\" content=\"index, follow, max-snippet:-1, max-image-preview:large, max-video-preview:-1\" \/>\n<link rel=\"canonical\" href=\"https:\/\/urban-vitamin.com\/sv\/produkt\/san-jose-100w-stativ-med-infallbar-kabel-svart\/\" \/>\n<meta property=\"og:locale\" content=\"sv_SE\" \/>\n<meta property=\"og:type\" content=\"article\" \/>\n<meta property=\"og:title\" content=\"San Jose 100W stativ med inf\u00e4llbar kabel, svart - Urban Vitamin\" \/>\n<meta property=\"og:description\" content=\"Den ultimata allt-i-ett-laddningsl\u00f6sningen. San Jose \u00e4r en 100 W telefonh\u00e5llare med en integrerad utdragbar laddningskabel som ger supersnabb laddning och bekv\u00e4mlighet. Med sitt magnetiska telefonstativ och st\u00f6dben h\u00e5ller San Jose din telefon s\u00e4kert p\u00e5 plats och i perfekt vinkel f\u00f6r handsfree-anv\u00e4ndning. Den utdragbara RTPE-kabeln kan f\u00f6rl\u00e4ngas upp till 100 cm och erbjuder supersnabb laddning med [&hellip;]\" \/>\n<meta property=\"og:url\" content=\"https:\/\/urban-vitamin.com\/sv\/produkt\/san-jose-100w-stativ-med-infallbar-kabel-svart\/\" \/>\n<meta property=\"og:site_name\" content=\"Urban Vitamin\" \/>\n<meta property=\"article:modified_time\" content=\"2026-03-12T02:46:19+00:00\" \/>\n<meta property=\"og:image\" content=\"https:\/\/urban-vitamin.com\/wp-content\/uploads\/sites\/5\/2025\/10\/P302.7201__S_0__f5c83506e2e34851b1ba28dba518e332.jpg\" \/>\n\t<meta property=\"og:image:width\" content=\"1024\" \/>\n\t<meta property=\"og:image:height\" content=\"1024\" \/>\n\t<meta property=\"og:image:type\" content=\"image\/jpeg\" \/>\n<meta name=\"twitter:card\" content=\"summary_large_image\" \/>\n<meta name=\"twitter:label1\" content=\"Ber\u00e4knad l\u00e4stid\" \/>\n\t<meta name=\"twitter:data1\" content=\"1 minut\" \/>\n<script type=\"application\/ld+json\" class=\"yoast-schema-graph\">{\"@context\":\"https:\/\/schema.org\",\"@graph\":[{\"@type\":\"WebPage\",\"@id\":\"https:\/\/urban-vitamin.com\/sv\/produkt\/san-jose-100w-stativ-med-infallbar-kabel-svart\/\",\"url\":\"https:\/\/urban-vitamin.com\/sv\/produkt\/san-jose-100w-stativ-med-infallbar-kabel-svart\/\",\"name\":\"San Jose 100W stativ med inf\u00e4llbar kabel, svart - Urban Vitamin\",\"isPartOf\":{\"@id\":\"https:\/\/urban-vitamin.com\/sv\/#website\"},\"primaryImageOfPage\":{\"@id\":\"https:\/\/urban-vitamin.com\/sv\/produkt\/san-jose-100w-stativ-med-infallbar-kabel-svart\/#primaryimage\"},\"image\":{\"@id\":\"https:\/\/urban-vitamin.com\/sv\/produkt\/san-jose-100w-stativ-med-infallbar-kabel-svart\/#primaryimage\"},\"thumbnailUrl\":\"https:\/\/urban-vitamin.com\/wp-content\/uploads\/sites\/5\/2025\/10\/P302.7201__S_0__f5c83506e2e34851b1ba28dba518e332.jpg\",\"datePublished\":\"2026-03-12T01:06:22+00:00\",\"dateModified\":\"2026-03-12T02:46:19+00:00\",\"breadcrumb\":{\"@id\":\"https:\/\/urban-vitamin.com\/sv\/produkt\/san-jose-100w-stativ-med-infallbar-kabel-svart\/#breadcrumb\"},\"inLanguage\":\"sv-SE\",\"potentialAction\":[{\"@type\":\"ReadAction\",\"target\":[\"https:\/\/urban-vitamin.com\/sv\/produkt\/san-jose-100w-stativ-med-infallbar-kabel-svart\/\"]}]},{\"@type\":\"ImageObject\",\"inLanguage\":\"sv-SE\",\"@id\":\"https:\/\/urban-vitamin.com\/sv\/produkt\/san-jose-100w-stativ-med-infallbar-kabel-svart\/#primaryimage\",\"url\":\"https:\/\/urban-vitamin.com\/wp-content\/uploads\/sites\/5\/2025\/10\/P302.7201__S_0__f5c83506e2e34851b1ba28dba518e332.jpg\",\"contentUrl\":\"https:\/\/urban-vitamin.com\/wp-content\/uploads\/sites\/5\/2025\/10\/P302.7201__S_0__f5c83506e2e34851b1ba28dba518e332.jpg\",\"width\":1024,\"height\":1024},{\"@type\":\"BreadcrumbList\",\"@id\":\"https:\/\/urban-vitamin.com\/sv\/produkt\/san-jose-100w-stativ-med-infallbar-kabel-svart\/#breadcrumb\",\"itemListElement\":[{\"@type\":\"ListItem\",\"position\":1,\"name\":\"Home\",\"item\":\"https:\/\/urban-vitamin.com\/sv\/\"},{\"@type\":\"ListItem\",\"position\":2,\"name\":\"Kollektion\",\"item\":\"https:\/\/urban-vitamin.com\/sv\/kollektion\/\"},{\"@type\":\"ListItem\",\"position\":3,\"name\":\"San Jose 100W stativ med inf\u00e4llbar kabel, svart\"}]},{\"@type\":\"WebSite\",\"@id\":\"https:\/\/urban-vitamin.com\/sv\/#website\",\"url\":\"https:\/\/urban-vitamin.com\/sv\/\",\"name\":\"Urban Vitamin\",\"description\":\"Enjoy your daily dose of Urban Vitamin!\",\"potentialAction\":[{\"@type\":\"SearchAction\",\"target\":{\"@type\":\"EntryPoint\",\"urlTemplate\":\"https:\/\/urban-vitamin.com\/sv\/?s={search_term_string}\"},\"query-input\":{\"@type\":\"PropertyValueSpecification\",\"valueRequired\":true,\"valueName\":\"search_term_string\"}}],\"inLanguage\":\"sv-SE\"}]}<\/script>\n<!-- \/ Yoast SEO plugin. -->","yoast_head_json":{"title":"San Jose 100W stativ med inf\u00e4llbar kabel, svart - Urban Vitamin","robots":{"index":"index","follow":"follow","max-snippet":"max-snippet:-1","max-image-preview":"max-image-preview:large","max-video-preview":"max-video-preview:-1"},"canonical":"https:\/\/urban-vitamin.com\/sv\/produkt\/san-jose-100w-stativ-med-infallbar-kabel-svart\/","og_locale":"sv_SE","og_type":"article","og_title":"San Jose 100W stativ med inf\u00e4llbar kabel, svart - Urban Vitamin","og_description":"Den ultimata allt-i-ett-laddningsl\u00f6sningen. San Jose \u00e4r en 100 W telefonh\u00e5llare med en integrerad utdragbar laddningskabel som ger supersnabb laddning och bekv\u00e4mlighet. Med sitt magnetiska telefonstativ och st\u00f6dben h\u00e5ller San Jose din telefon s\u00e4kert p\u00e5 plats och i perfekt vinkel f\u00f6r handsfree-anv\u00e4ndning. Den utdragbara RTPE-kabeln kan f\u00f6rl\u00e4ngas upp till 100 cm och erbjuder supersnabb laddning med [&hellip;]","og_url":"https:\/\/urban-vitamin.com\/sv\/produkt\/san-jose-100w-stativ-med-infallbar-kabel-svart\/","og_site_name":"Urban Vitamin","article_modified_time":"2026-03-12T02:46:19+00:00","og_image":[{"width":1024,"height":1024,"url":"https:\/\/urban-vitamin.com\/wp-content\/uploads\/sites\/5\/2025\/10\/P302.7201__S_0__f5c83506e2e34851b1ba28dba518e332.jpg","type":"image\/jpeg"}],"twitter_card":"summary_large_image","twitter_misc":{"Ber\u00e4knad l\u00e4stid":"1 minut"},"schema":{"@context":"https:\/\/schema.org","@graph":[{"@type":"WebPage","@id":"https:\/\/urban-vitamin.com\/sv\/produkt\/san-jose-100w-stativ-med-infallbar-kabel-svart\/","url":"https:\/\/urban-vitamin.com\/sv\/produkt\/san-jose-100w-stativ-med-infallbar-kabel-svart\/","name":"San Jose 100W stativ med inf\u00e4llbar kabel, svart - Urban Vitamin","isPartOf":{"@id":"https:\/\/urban-vitamin.com\/sv\/#website"},"primaryImageOfPage":{"@id":"https:\/\/urban-vitamin.com\/sv\/produkt\/san-jose-100w-stativ-med-infallbar-kabel-svart\/#primaryimage"},"image":{"@id":"https:\/\/urban-vitamin.com\/sv\/produkt\/san-jose-100w-stativ-med-infallbar-kabel-svart\/#primaryimage"},"thumbnailUrl":"https:\/\/urban-vitamin.com\/wp-content\/uploads\/sites\/5\/2025\/10\/P302.7201__S_0__f5c83506e2e34851b1ba28dba518e332.jpg","datePublished":"2026-03-12T01:06:22+00:00","dateModified":"2026-03-12T02:46:19+00:00","breadcrumb":{"@id":"https:\/\/urban-vitamin.com\/sv\/produkt\/san-jose-100w-stativ-med-infallbar-kabel-svart\/#breadcrumb"},"inLanguage":"sv-SE","potentialAction":[{"@type":"ReadAction","target":["https:\/\/urban-vitamin.com\/sv\/produkt\/san-jose-100w-stativ-med-infallbar-kabel-svart\/"]}]},{"@type":"ImageObject","inLanguage":"sv-SE","@id":"https:\/\/urban-vitamin.com\/sv\/produkt\/san-jose-100w-stativ-med-infallbar-kabel-svart\/#primaryimage","url":"https:\/\/urban-vitamin.com\/wp-content\/uploads\/sites\/5\/2025\/10\/P302.7201__S_0__f5c83506e2e34851b1ba28dba518e332.jpg","contentUrl":"https:\/\/urban-vitamin.com\/wp-content\/uploads\/sites\/5\/2025\/10\/P302.7201__S_0__f5c83506e2e34851b1ba28dba518e332.jpg","width":1024,"height":1024},{"@type":"BreadcrumbList","@id":"https:\/\/urban-vitamin.com\/sv\/produkt\/san-jose-100w-stativ-med-infallbar-kabel-svart\/#breadcrumb","itemListElement":[{"@type":"ListItem","position":1,"name":"Home","item":"https:\/\/urban-vitamin.com\/sv\/"},{"@type":"ListItem","position":2,"name":"Kollektion","item":"https:\/\/urban-vitamin.com\/sv\/kollektion\/"},{"@type":"ListItem","position":3,"name":"San Jose 100W stativ med inf\u00e4llbar kabel, svart"}]},{"@type":"WebSite","@id":"https:\/\/urban-vitamin.com\/sv\/#website","url":"https:\/\/urban-vitamin.com\/sv\/","name":"Urban Vitamin","description":"Enjoy your daily dose of Urban Vitamin!","potentialAction":[{"@type":"SearchAction","target":{"@type":"EntryPoint","urlTemplate":"https:\/\/urban-vitamin.com\/sv\/?s={search_term_string}"},"query-input":{"@type":"PropertyValueSpecification","valueRequired":true,"valueName":"search_term_string"}}],"inLanguage":"sv-SE"}]}},"_links":{"self":[{"href":"https:\/\/urban-vitamin.com\/sv\/wp-json\/wp\/v2\/product\/25279","targetHints":{"allow":["GET"]}}],"collection":[{"href":"https:\/\/urban-vitamin.com\/sv\/wp-json\/wp\/v2\/product"}],"about":[{"href":"https:\/\/urban-vitamin.com\/sv\/wp-json\/wp\/v2\/types\/product"}],"replies":[{"embeddable":true,"href":"https:\/\/urban-vitamin.com\/sv\/wp-json\/wp\/v2\/comments?post=25279"}],"wp:featuredmedia":[{"embeddable":true,"href":"https:\/\/urban-vitamin.com\/sv\/wp-json\/wp\/v2\/media\/26719"}],"wp:attachment":[{"href":"https:\/\/urban-vitamin.com\/sv\/wp-json\/wp\/v2\/media?parent=25279"}],"wp:term":[{"taxonomy":"product_cat","embeddable":true,"href":"https:\/\/urban-vitamin.com\/sv\/wp-json\/wp\/v2\/product_cat?post=25279"},{"taxonomy":"product_tag","embeddable":true,"href":"https:\/\/urban-vitamin.com\/sv\/wp-json\/wp\/v2\/product_tag?post=25279"}],"curies":[{"name":"wp","href":"https:\/\/api.w.org\/{rel}","templated":true}]}}