{"id":25278,"date":"2026-03-12T01:06:04","date_gmt":"2026-03-12T01:06:04","guid":{"rendered":"https:\/\/urban-vitamin.com\/urban-vitamin-mendocino-65w-gan-laddare-med-utdragbar-kabel-svart\/"},"modified":"2026-03-12T02:46:09","modified_gmt":"2026-03-12T02:46:09","slug":"mendocino-65w-gan-laddare-med-utdragbar-kabe-svart","status":"publish","type":"product","link":"https:\/\/urban-vitamin.com\/sv\/produkt\/mendocino-65w-gan-laddare-med-utdragbar-kabe-svart\/","title":{"rendered":"Mendocino 65W GaN-laddare med utdragbar kabe, svart"},"content":{"rendered":"<p>Mendocino \u00e4r en 65 W PD GaN-laddare med en inbyggd 80 cm l\u00e5ng utdragbar USB-C-kabel \u2013 s\u00e5 att du kan ladda utan att beh\u00f6va leta efter en separat kabel. Den levereras ocks\u00e5 med utbytbara EU- och UK-kontakter, vilket g\u00f6r den till den perfekta resekompanjonen. GaN \u00e4r en laddningsteknik av n\u00e4sta generation som m\u00f6jligg\u00f6r en mer kompakt storlek, mindre v\u00e4rmeutveckling och h\u00f6gre energieffektivitet. Mendocino laddar alla dina enheter med full hastighet, inklusive b\u00e4rbara datorer, surfplattor och telefoner \u2013 och den kan ladda upp till tre enheter samtidigt tack vare sina extra USB-C-portar och USB-A-utg\u00e5ng. Mendocino \u00e4r tillverkad av RCS-certifierad (Recycled Claim Standard) \u00e5tervunnen brands\u00e4ker PC. Totalt \u00e5tervunnet inneh\u00e5ll: 18 % baserat p\u00e5 produktens totala vikt. Urban Vitamin-produkter \u00e4r tillverkade utan PVC och f\u00f6rpackade i f\u00f6rpackningar med minskad plastanv\u00e4ndning<\/p>\n","protected":false},"excerpt":{"rendered":"<p>Mendocino \u00e4r en 65 W PD GaN-laddare med en inbyggd 80 cm l\u00e5ng utdragbar USB-C-kabel \u2013 s\u00e5 att du kan ladda utan att beh\u00f6va leta efter en separat kabel. Den levereras ocks\u00e5 med utbytbara EU- och UK-kontakter, vilket g\u00f6r den till den perfekta resekompanjonen. GaN \u00e4r en laddningsteknik av n\u00e4sta generation som m\u00f6jligg\u00f6r en mer [&hellip;]<\/p>\n","protected":false},"featured_media":26712,"comment_status":"closed","ping_status":"closed","template":"","meta":{"_acf_changed":false,"om_disable_all_campaigns":false},"product_cat":[86],"product_tag":[],"class_list":["post-25278","product","type-product","status-publish","has-post-thumbnail","hentry","product_cat-laddare","pa_color-black"],"acf":[],"yoast_head":"<!-- This site is optimized with the Yoast SEO plugin v27.0 - https:\/\/yoast.com\/product\/yoast-seo-wordpress\/ -->\n<title>Mendocino 65W GaN-laddare med utdragbar kabe, svart - Urban Vitamin<\/title>\n<meta name=\"robots\" content=\"index, follow, max-snippet:-1, max-image-preview:large, max-video-preview:-1\" \/>\n<link rel=\"canonical\" href=\"https:\/\/urban-vitamin.com\/sv\/produkt\/mendocino-65w-gan-laddare-med-utdragbar-kabe-svart\/\" \/>\n<meta property=\"og:locale\" content=\"sv_SE\" \/>\n<meta property=\"og:type\" content=\"article\" \/>\n<meta property=\"og:title\" content=\"Mendocino 65W GaN-laddare med utdragbar kabe, svart - Urban Vitamin\" \/>\n<meta property=\"og:description\" content=\"Mendocino \u00e4r en 65 W PD GaN-laddare med en inbyggd 80 cm l\u00e5ng utdragbar USB-C-kabel \u2013 s\u00e5 att du kan ladda utan att beh\u00f6va leta efter en separat kabel. Den levereras ocks\u00e5 med utbytbara EU- och UK-kontakter, vilket g\u00f6r den till den perfekta resekompanjonen. GaN \u00e4r en laddningsteknik av n\u00e4sta generation som m\u00f6jligg\u00f6r en mer [&hellip;]\" \/>\n<meta property=\"og:url\" content=\"https:\/\/urban-vitamin.com\/sv\/produkt\/mendocino-65w-gan-laddare-med-utdragbar-kabe-svart\/\" \/>\n<meta property=\"og:site_name\" content=\"Urban Vitamin\" \/>\n<meta property=\"article:modified_time\" content=\"2026-03-12T02:46:09+00:00\" \/>\n<meta property=\"og:image\" content=\"https:\/\/urban-vitamin.com\/wp-content\/uploads\/sites\/5\/2025\/10\/P301.2701__S_0__73003593ba03419e88af5098c8cc9b26.jpg\" \/>\n\t<meta property=\"og:image:width\" content=\"1024\" \/>\n\t<meta property=\"og:image:height\" content=\"1024\" \/>\n\t<meta property=\"og:image:type\" content=\"image\/jpeg\" \/>\n<meta name=\"twitter:card\" content=\"summary_large_image\" \/>\n<meta name=\"twitter:label1\" content=\"Ber\u00e4knad l\u00e4stid\" \/>\n\t<meta name=\"twitter:data1\" content=\"1 minut\" \/>\n<script type=\"application\/ld+json\" class=\"yoast-schema-graph\">{\"@context\":\"https:\/\/schema.org\",\"@graph\":[{\"@type\":\"WebPage\",\"@id\":\"https:\/\/urban-vitamin.com\/sv\/produkt\/mendocino-65w-gan-laddare-med-utdragbar-kabe-svart\/\",\"url\":\"https:\/\/urban-vitamin.com\/sv\/produkt\/mendocino-65w-gan-laddare-med-utdragbar-kabe-svart\/\",\"name\":\"Mendocino 65W GaN-laddare med utdragbar kabe, svart - Urban Vitamin\",\"isPartOf\":{\"@id\":\"https:\/\/urban-vitamin.com\/sv\/#website\"},\"primaryImageOfPage\":{\"@id\":\"https:\/\/urban-vitamin.com\/sv\/produkt\/mendocino-65w-gan-laddare-med-utdragbar-kabe-svart\/#primaryimage\"},\"image\":{\"@id\":\"https:\/\/urban-vitamin.com\/sv\/produkt\/mendocino-65w-gan-laddare-med-utdragbar-kabe-svart\/#primaryimage\"},\"thumbnailUrl\":\"https:\/\/urban-vitamin.com\/wp-content\/uploads\/sites\/5\/2025\/10\/P301.2701__S_0__73003593ba03419e88af5098c8cc9b26.jpg\",\"datePublished\":\"2026-03-12T01:06:04+00:00\",\"dateModified\":\"2026-03-12T02:46:09+00:00\",\"breadcrumb\":{\"@id\":\"https:\/\/urban-vitamin.com\/sv\/produkt\/mendocino-65w-gan-laddare-med-utdragbar-kabe-svart\/#breadcrumb\"},\"inLanguage\":\"sv-SE\",\"potentialAction\":[{\"@type\":\"ReadAction\",\"target\":[\"https:\/\/urban-vitamin.com\/sv\/produkt\/mendocino-65w-gan-laddare-med-utdragbar-kabe-svart\/\"]}]},{\"@type\":\"ImageObject\",\"inLanguage\":\"sv-SE\",\"@id\":\"https:\/\/urban-vitamin.com\/sv\/produkt\/mendocino-65w-gan-laddare-med-utdragbar-kabe-svart\/#primaryimage\",\"url\":\"https:\/\/urban-vitamin.com\/wp-content\/uploads\/sites\/5\/2025\/10\/P301.2701__S_0__73003593ba03419e88af5098c8cc9b26.jpg\",\"contentUrl\":\"https:\/\/urban-vitamin.com\/wp-content\/uploads\/sites\/5\/2025\/10\/P301.2701__S_0__73003593ba03419e88af5098c8cc9b26.jpg\",\"width\":1024,\"height\":1024},{\"@type\":\"BreadcrumbList\",\"@id\":\"https:\/\/urban-vitamin.com\/sv\/produkt\/mendocino-65w-gan-laddare-med-utdragbar-kabe-svart\/#breadcrumb\",\"itemListElement\":[{\"@type\":\"ListItem\",\"position\":1,\"name\":\"Home\",\"item\":\"https:\/\/urban-vitamin.com\/sv\/\"},{\"@type\":\"ListItem\",\"position\":2,\"name\":\"Kollektion\",\"item\":\"https:\/\/urban-vitamin.com\/sv\/kollektion\/\"},{\"@type\":\"ListItem\",\"position\":3,\"name\":\"Mendocino 65W GaN-laddare med utdragbar kabe, svart\"}]},{\"@type\":\"WebSite\",\"@id\":\"https:\/\/urban-vitamin.com\/sv\/#website\",\"url\":\"https:\/\/urban-vitamin.com\/sv\/\",\"name\":\"Urban Vitamin\",\"description\":\"Enjoy your daily dose of Urban Vitamin!\",\"potentialAction\":[{\"@type\":\"SearchAction\",\"target\":{\"@type\":\"EntryPoint\",\"urlTemplate\":\"https:\/\/urban-vitamin.com\/sv\/?s={search_term_string}\"},\"query-input\":{\"@type\":\"PropertyValueSpecification\",\"valueRequired\":true,\"valueName\":\"search_term_string\"}}],\"inLanguage\":\"sv-SE\"}]}<\/script>\n<!-- \/ Yoast SEO plugin. -->","yoast_head_json":{"title":"Mendocino 65W GaN-laddare med utdragbar kabe, svart - Urban Vitamin","robots":{"index":"index","follow":"follow","max-snippet":"max-snippet:-1","max-image-preview":"max-image-preview:large","max-video-preview":"max-video-preview:-1"},"canonical":"https:\/\/urban-vitamin.com\/sv\/produkt\/mendocino-65w-gan-laddare-med-utdragbar-kabe-svart\/","og_locale":"sv_SE","og_type":"article","og_title":"Mendocino 65W GaN-laddare med utdragbar kabe, svart - Urban Vitamin","og_description":"Mendocino \u00e4r en 65 W PD GaN-laddare med en inbyggd 80 cm l\u00e5ng utdragbar USB-C-kabel \u2013 s\u00e5 att du kan ladda utan att beh\u00f6va leta efter en separat kabel. Den levereras ocks\u00e5 med utbytbara EU- och UK-kontakter, vilket g\u00f6r den till den perfekta resekompanjonen. GaN \u00e4r en laddningsteknik av n\u00e4sta generation som m\u00f6jligg\u00f6r en mer [&hellip;]","og_url":"https:\/\/urban-vitamin.com\/sv\/produkt\/mendocino-65w-gan-laddare-med-utdragbar-kabe-svart\/","og_site_name":"Urban Vitamin","article_modified_time":"2026-03-12T02:46:09+00:00","og_image":[{"width":1024,"height":1024,"url":"https:\/\/urban-vitamin.com\/wp-content\/uploads\/sites\/5\/2025\/10\/P301.2701__S_0__73003593ba03419e88af5098c8cc9b26.jpg","type":"image\/jpeg"}],"twitter_card":"summary_large_image","twitter_misc":{"Ber\u00e4knad l\u00e4stid":"1 minut"},"schema":{"@context":"https:\/\/schema.org","@graph":[{"@type":"WebPage","@id":"https:\/\/urban-vitamin.com\/sv\/produkt\/mendocino-65w-gan-laddare-med-utdragbar-kabe-svart\/","url":"https:\/\/urban-vitamin.com\/sv\/produkt\/mendocino-65w-gan-laddare-med-utdragbar-kabe-svart\/","name":"Mendocino 65W GaN-laddare med utdragbar kabe, svart - Urban Vitamin","isPartOf":{"@id":"https:\/\/urban-vitamin.com\/sv\/#website"},"primaryImageOfPage":{"@id":"https:\/\/urban-vitamin.com\/sv\/produkt\/mendocino-65w-gan-laddare-med-utdragbar-kabe-svart\/#primaryimage"},"image":{"@id":"https:\/\/urban-vitamin.com\/sv\/produkt\/mendocino-65w-gan-laddare-med-utdragbar-kabe-svart\/#primaryimage"},"thumbnailUrl":"https:\/\/urban-vitamin.com\/wp-content\/uploads\/sites\/5\/2025\/10\/P301.2701__S_0__73003593ba03419e88af5098c8cc9b26.jpg","datePublished":"2026-03-12T01:06:04+00:00","dateModified":"2026-03-12T02:46:09+00:00","breadcrumb":{"@id":"https:\/\/urban-vitamin.com\/sv\/produkt\/mendocino-65w-gan-laddare-med-utdragbar-kabe-svart\/#breadcrumb"},"inLanguage":"sv-SE","potentialAction":[{"@type":"ReadAction","target":["https:\/\/urban-vitamin.com\/sv\/produkt\/mendocino-65w-gan-laddare-med-utdragbar-kabe-svart\/"]}]},{"@type":"ImageObject","inLanguage":"sv-SE","@id":"https:\/\/urban-vitamin.com\/sv\/produkt\/mendocino-65w-gan-laddare-med-utdragbar-kabe-svart\/#primaryimage","url":"https:\/\/urban-vitamin.com\/wp-content\/uploads\/sites\/5\/2025\/10\/P301.2701__S_0__73003593ba03419e88af5098c8cc9b26.jpg","contentUrl":"https:\/\/urban-vitamin.com\/wp-content\/uploads\/sites\/5\/2025\/10\/P301.2701__S_0__73003593ba03419e88af5098c8cc9b26.jpg","width":1024,"height":1024},{"@type":"BreadcrumbList","@id":"https:\/\/urban-vitamin.com\/sv\/produkt\/mendocino-65w-gan-laddare-med-utdragbar-kabe-svart\/#breadcrumb","itemListElement":[{"@type":"ListItem","position":1,"name":"Home","item":"https:\/\/urban-vitamin.com\/sv\/"},{"@type":"ListItem","position":2,"name":"Kollektion","item":"https:\/\/urban-vitamin.com\/sv\/kollektion\/"},{"@type":"ListItem","position":3,"name":"Mendocino 65W GaN-laddare med utdragbar kabe, svart"}]},{"@type":"WebSite","@id":"https:\/\/urban-vitamin.com\/sv\/#website","url":"https:\/\/urban-vitamin.com\/sv\/","name":"Urban Vitamin","description":"Enjoy your daily dose of Urban Vitamin!","potentialAction":[{"@type":"SearchAction","target":{"@type":"EntryPoint","urlTemplate":"https:\/\/urban-vitamin.com\/sv\/?s={search_term_string}"},"query-input":{"@type":"PropertyValueSpecification","valueRequired":true,"valueName":"search_term_string"}}],"inLanguage":"sv-SE"}]}},"_links":{"self":[{"href":"https:\/\/urban-vitamin.com\/sv\/wp-json\/wp\/v2\/product\/25278","targetHints":{"allow":["GET"]}}],"collection":[{"href":"https:\/\/urban-vitamin.com\/sv\/wp-json\/wp\/v2\/product"}],"about":[{"href":"https:\/\/urban-vitamin.com\/sv\/wp-json\/wp\/v2\/types\/product"}],"replies":[{"embeddable":true,"href":"https:\/\/urban-vitamin.com\/sv\/wp-json\/wp\/v2\/comments?post=25278"}],"wp:featuredmedia":[{"embeddable":true,"href":"https:\/\/urban-vitamin.com\/sv\/wp-json\/wp\/v2\/media\/26712"}],"wp:attachment":[{"href":"https:\/\/urban-vitamin.com\/sv\/wp-json\/wp\/v2\/media?parent=25278"}],"wp:term":[{"taxonomy":"product_cat","embeddable":true,"href":"https:\/\/urban-vitamin.com\/sv\/wp-json\/wp\/v2\/product_cat?post=25278"},{"taxonomy":"product_tag","embeddable":true,"href":"https:\/\/urban-vitamin.com\/sv\/wp-json\/wp\/v2\/product_tag?post=25278"}],"curies":[{"name":"wp","href":"https:\/\/api.w.org\/{rel}","templated":true}]}}