{"id":24564,"date":"2026-03-12T01:06:37","date_gmt":"2026-03-12T01:06:37","guid":{"rendered":"https:\/\/urban-vitamin.com\/urban-vitamin-redwood-5in1-5000mah-20wpd-magnetisk-powerbank-svart\/"},"modified":"2026-03-12T02:46:28","modified_gmt":"2026-03-12T02:46:28","slug":"redwood-5in1-5000mah-20wpd-magnetisk-powerbank-svart","status":"publish","type":"product","link":"https:\/\/urban-vitamin.com\/sv\/produkt\/redwood-5in1-5000mah-20wpd-magnetisk-powerbank-svart\/","title":{"rendered":"Redwood 5in1 5000mah 20WPD magnetisk powerbank, svart"},"content":{"rendered":"<p>Alla laddningsalternativ du beh\u00f6ver i en powerbank med slimmad design. M\u00f6t Redwood, en 5000mAh 5-i-1 20W PD snabbladdande powerbank. Den \u00e4r utrustad med en superstark 15W magnetisk tr\u00e5dl\u00f6s laddare, som tr\u00e5dl\u00f6st kan ladda din telefon med maximal hastighet. Samma laddare kan ocks\u00e5 ladda dina AirPods eller Apple Watch. Beh\u00f6ver du en \u00e4nnu snabbare boost f\u00f6r att ta dig igenom dagen? Redwood st\u00f6der blixtsnabb 20W-laddning via USB-C-porten, b\u00e5de f\u00f6r att fylla p\u00e5 powerbanken och f\u00f6r att ladda din enhet. Den har \u00e4ven en integrerad snabbladdande USB-C-kabel och en inbyggd lightning-kabel f\u00f6r att ladda nyare iPhone-modeller. Med ett integrerat kickstand kan du montera din telefon under laddning f\u00f6r att titta p\u00e5 filmer eller annat inneh\u00e5ll. Tillverkad med RCS (Recycled Claim Standard) certifierad \u00e5tervunnen ABS och \u00e5tervunnen PC-plast, det totala \u00e5tervunna inneh\u00e5llet \u00e4r 24% baserat p\u00e5 den totala artikelvikten. Urban Vitamin-produkter \u00e4r tillverkade utan PVC och f\u00f6rpackas i plastreducerade f\u00f6rpackn<\/p>\n","protected":false},"excerpt":{"rendered":"<p>Alla laddningsalternativ du beh\u00f6ver i en powerbank med slimmad design. M\u00f6t Redwood, en 5000mAh 5-i-1 20W PD snabbladdande powerbank. Den \u00e4r utrustad med en superstark 15W magnetisk tr\u00e5dl\u00f6s laddare, som tr\u00e5dl\u00f6st kan ladda din telefon med maximal hastighet. Samma laddare kan ocks\u00e5 ladda dina AirPods eller Apple Watch. Beh\u00f6ver du en \u00e4nnu snabbare boost f\u00f6r [&hellip;]<\/p>\n","protected":false},"featured_media":24427,"comment_status":"closed","ping_status":"closed","template":"","meta":{"_acf_changed":false,"om_disable_all_campaigns":false},"product_cat":[84],"product_tag":[],"class_list":["post-24564","product","type-product","status-publish","has-post-thumbnail","hentry","product_cat-powerbanks-sv","pa_color-black"],"acf":[],"yoast_head":"<!-- This site is optimized with the Yoast SEO plugin v27.0 - https:\/\/yoast.com\/product\/yoast-seo-wordpress\/ -->\n<title>Redwood 5in1 5000mah 20WPD magnetisk powerbank, svart - Urban Vitamin<\/title>\n<meta name=\"robots\" content=\"index, follow, max-snippet:-1, max-image-preview:large, max-video-preview:-1\" \/>\n<link rel=\"canonical\" href=\"https:\/\/urban-vitamin.com\/sv\/produkt\/redwood-5in1-5000mah-20wpd-magnetisk-powerbank-svart\/\" \/>\n<meta property=\"og:locale\" content=\"sv_SE\" \/>\n<meta property=\"og:type\" content=\"article\" \/>\n<meta property=\"og:title\" content=\"Redwood 5in1 5000mah 20WPD magnetisk powerbank, svart - Urban Vitamin\" \/>\n<meta property=\"og:description\" content=\"Alla laddningsalternativ du beh\u00f6ver i en powerbank med slimmad design. M\u00f6t Redwood, en 5000mAh 5-i-1 20W PD snabbladdande powerbank. Den \u00e4r utrustad med en superstark 15W magnetisk tr\u00e5dl\u00f6s laddare, som tr\u00e5dl\u00f6st kan ladda din telefon med maximal hastighet. Samma laddare kan ocks\u00e5 ladda dina AirPods eller Apple Watch. Beh\u00f6ver du en \u00e4nnu snabbare boost f\u00f6r [&hellip;]\" \/>\n<meta property=\"og:url\" content=\"https:\/\/urban-vitamin.com\/sv\/produkt\/redwood-5in1-5000mah-20wpd-magnetisk-powerbank-svart\/\" \/>\n<meta property=\"og:site_name\" content=\"Urban Vitamin\" \/>\n<meta property=\"article:modified_time\" content=\"2026-03-12T02:46:28+00:00\" \/>\n<meta property=\"og:image\" content=\"https:\/\/urban-vitamin.com\/wp-content\/uploads\/sites\/5\/2025\/04\/P322.7101__S_0__401bfb7e51eb4547a6ae6c6d29542e0b.jpg\" \/>\n\t<meta property=\"og:image:width\" content=\"1024\" \/>\n\t<meta property=\"og:image:height\" content=\"1024\" \/>\n\t<meta property=\"og:image:type\" content=\"image\/jpeg\" \/>\n<meta name=\"twitter:card\" content=\"summary_large_image\" \/>\n<meta name=\"twitter:label1\" content=\"Ber\u00e4knad l\u00e4stid\" \/>\n\t<meta name=\"twitter:data1\" content=\"1 minut\" \/>\n<script type=\"application\/ld+json\" class=\"yoast-schema-graph\">{\"@context\":\"https:\/\/schema.org\",\"@graph\":[{\"@type\":\"WebPage\",\"@id\":\"https:\/\/urban-vitamin.com\/sv\/produkt\/redwood-5in1-5000mah-20wpd-magnetisk-powerbank-svart\/\",\"url\":\"https:\/\/urban-vitamin.com\/sv\/produkt\/redwood-5in1-5000mah-20wpd-magnetisk-powerbank-svart\/\",\"name\":\"Redwood 5in1 5000mah 20WPD magnetisk powerbank, svart - Urban Vitamin\",\"isPartOf\":{\"@id\":\"https:\/\/urban-vitamin.com\/sv\/#website\"},\"primaryImageOfPage\":{\"@id\":\"https:\/\/urban-vitamin.com\/sv\/produkt\/redwood-5in1-5000mah-20wpd-magnetisk-powerbank-svart\/#primaryimage\"},\"image\":{\"@id\":\"https:\/\/urban-vitamin.com\/sv\/produkt\/redwood-5in1-5000mah-20wpd-magnetisk-powerbank-svart\/#primaryimage\"},\"thumbnailUrl\":\"https:\/\/urban-vitamin.com\/wp-content\/uploads\/sites\/5\/2025\/04\/P322.7101__S_0__401bfb7e51eb4547a6ae6c6d29542e0b.jpg\",\"datePublished\":\"2026-03-12T01:06:37+00:00\",\"dateModified\":\"2026-03-12T02:46:28+00:00\",\"breadcrumb\":{\"@id\":\"https:\/\/urban-vitamin.com\/sv\/produkt\/redwood-5in1-5000mah-20wpd-magnetisk-powerbank-svart\/#breadcrumb\"},\"inLanguage\":\"sv-SE\",\"potentialAction\":[{\"@type\":\"ReadAction\",\"target\":[\"https:\/\/urban-vitamin.com\/sv\/produkt\/redwood-5in1-5000mah-20wpd-magnetisk-powerbank-svart\/\"]}]},{\"@type\":\"ImageObject\",\"inLanguage\":\"sv-SE\",\"@id\":\"https:\/\/urban-vitamin.com\/sv\/produkt\/redwood-5in1-5000mah-20wpd-magnetisk-powerbank-svart\/#primaryimage\",\"url\":\"https:\/\/urban-vitamin.com\/wp-content\/uploads\/sites\/5\/2025\/04\/P322.7101__S_0__401bfb7e51eb4547a6ae6c6d29542e0b.jpg\",\"contentUrl\":\"https:\/\/urban-vitamin.com\/wp-content\/uploads\/sites\/5\/2025\/04\/P322.7101__S_0__401bfb7e51eb4547a6ae6c6d29542e0b.jpg\",\"width\":1024,\"height\":1024},{\"@type\":\"BreadcrumbList\",\"@id\":\"https:\/\/urban-vitamin.com\/sv\/produkt\/redwood-5in1-5000mah-20wpd-magnetisk-powerbank-svart\/#breadcrumb\",\"itemListElement\":[{\"@type\":\"ListItem\",\"position\":1,\"name\":\"Home\",\"item\":\"https:\/\/urban-vitamin.com\/sv\/\"},{\"@type\":\"ListItem\",\"position\":2,\"name\":\"Kollektion\",\"item\":\"https:\/\/urban-vitamin.com\/sv\/kollektion\/\"},{\"@type\":\"ListItem\",\"position\":3,\"name\":\"Redwood 5in1 5000mah 20WPD magnetisk powerbank, svart\"}]},{\"@type\":\"WebSite\",\"@id\":\"https:\/\/urban-vitamin.com\/sv\/#website\",\"url\":\"https:\/\/urban-vitamin.com\/sv\/\",\"name\":\"Urban Vitamin\",\"description\":\"Enjoy your daily dose of Urban Vitamin!\",\"potentialAction\":[{\"@type\":\"SearchAction\",\"target\":{\"@type\":\"EntryPoint\",\"urlTemplate\":\"https:\/\/urban-vitamin.com\/sv\/?s={search_term_string}\"},\"query-input\":{\"@type\":\"PropertyValueSpecification\",\"valueRequired\":true,\"valueName\":\"search_term_string\"}}],\"inLanguage\":\"sv-SE\"}]}<\/script>\n<!-- \/ Yoast SEO plugin. -->","yoast_head_json":{"title":"Redwood 5in1 5000mah 20WPD magnetisk powerbank, svart - Urban Vitamin","robots":{"index":"index","follow":"follow","max-snippet":"max-snippet:-1","max-image-preview":"max-image-preview:large","max-video-preview":"max-video-preview:-1"},"canonical":"https:\/\/urban-vitamin.com\/sv\/produkt\/redwood-5in1-5000mah-20wpd-magnetisk-powerbank-svart\/","og_locale":"sv_SE","og_type":"article","og_title":"Redwood 5in1 5000mah 20WPD magnetisk powerbank, svart - Urban Vitamin","og_description":"Alla laddningsalternativ du beh\u00f6ver i en powerbank med slimmad design. M\u00f6t Redwood, en 5000mAh 5-i-1 20W PD snabbladdande powerbank. Den \u00e4r utrustad med en superstark 15W magnetisk tr\u00e5dl\u00f6s laddare, som tr\u00e5dl\u00f6st kan ladda din telefon med maximal hastighet. Samma laddare kan ocks\u00e5 ladda dina AirPods eller Apple Watch. Beh\u00f6ver du en \u00e4nnu snabbare boost f\u00f6r [&hellip;]","og_url":"https:\/\/urban-vitamin.com\/sv\/produkt\/redwood-5in1-5000mah-20wpd-magnetisk-powerbank-svart\/","og_site_name":"Urban Vitamin","article_modified_time":"2026-03-12T02:46:28+00:00","og_image":[{"width":1024,"height":1024,"url":"https:\/\/urban-vitamin.com\/wp-content\/uploads\/sites\/5\/2025\/04\/P322.7101__S_0__401bfb7e51eb4547a6ae6c6d29542e0b.jpg","type":"image\/jpeg"}],"twitter_card":"summary_large_image","twitter_misc":{"Ber\u00e4knad l\u00e4stid":"1 minut"},"schema":{"@context":"https:\/\/schema.org","@graph":[{"@type":"WebPage","@id":"https:\/\/urban-vitamin.com\/sv\/produkt\/redwood-5in1-5000mah-20wpd-magnetisk-powerbank-svart\/","url":"https:\/\/urban-vitamin.com\/sv\/produkt\/redwood-5in1-5000mah-20wpd-magnetisk-powerbank-svart\/","name":"Redwood 5in1 5000mah 20WPD magnetisk powerbank, svart - Urban Vitamin","isPartOf":{"@id":"https:\/\/urban-vitamin.com\/sv\/#website"},"primaryImageOfPage":{"@id":"https:\/\/urban-vitamin.com\/sv\/produkt\/redwood-5in1-5000mah-20wpd-magnetisk-powerbank-svart\/#primaryimage"},"image":{"@id":"https:\/\/urban-vitamin.com\/sv\/produkt\/redwood-5in1-5000mah-20wpd-magnetisk-powerbank-svart\/#primaryimage"},"thumbnailUrl":"https:\/\/urban-vitamin.com\/wp-content\/uploads\/sites\/5\/2025\/04\/P322.7101__S_0__401bfb7e51eb4547a6ae6c6d29542e0b.jpg","datePublished":"2026-03-12T01:06:37+00:00","dateModified":"2026-03-12T02:46:28+00:00","breadcrumb":{"@id":"https:\/\/urban-vitamin.com\/sv\/produkt\/redwood-5in1-5000mah-20wpd-magnetisk-powerbank-svart\/#breadcrumb"},"inLanguage":"sv-SE","potentialAction":[{"@type":"ReadAction","target":["https:\/\/urban-vitamin.com\/sv\/produkt\/redwood-5in1-5000mah-20wpd-magnetisk-powerbank-svart\/"]}]},{"@type":"ImageObject","inLanguage":"sv-SE","@id":"https:\/\/urban-vitamin.com\/sv\/produkt\/redwood-5in1-5000mah-20wpd-magnetisk-powerbank-svart\/#primaryimage","url":"https:\/\/urban-vitamin.com\/wp-content\/uploads\/sites\/5\/2025\/04\/P322.7101__S_0__401bfb7e51eb4547a6ae6c6d29542e0b.jpg","contentUrl":"https:\/\/urban-vitamin.com\/wp-content\/uploads\/sites\/5\/2025\/04\/P322.7101__S_0__401bfb7e51eb4547a6ae6c6d29542e0b.jpg","width":1024,"height":1024},{"@type":"BreadcrumbList","@id":"https:\/\/urban-vitamin.com\/sv\/produkt\/redwood-5in1-5000mah-20wpd-magnetisk-powerbank-svart\/#breadcrumb","itemListElement":[{"@type":"ListItem","position":1,"name":"Home","item":"https:\/\/urban-vitamin.com\/sv\/"},{"@type":"ListItem","position":2,"name":"Kollektion","item":"https:\/\/urban-vitamin.com\/sv\/kollektion\/"},{"@type":"ListItem","position":3,"name":"Redwood 5in1 5000mah 20WPD magnetisk powerbank, svart"}]},{"@type":"WebSite","@id":"https:\/\/urban-vitamin.com\/sv\/#website","url":"https:\/\/urban-vitamin.com\/sv\/","name":"Urban Vitamin","description":"Enjoy your daily dose of Urban Vitamin!","potentialAction":[{"@type":"SearchAction","target":{"@type":"EntryPoint","urlTemplate":"https:\/\/urban-vitamin.com\/sv\/?s={search_term_string}"},"query-input":{"@type":"PropertyValueSpecification","valueRequired":true,"valueName":"search_term_string"}}],"inLanguage":"sv-SE"}]}},"_links":{"self":[{"href":"https:\/\/urban-vitamin.com\/sv\/wp-json\/wp\/v2\/product\/24564","targetHints":{"allow":["GET"]}}],"collection":[{"href":"https:\/\/urban-vitamin.com\/sv\/wp-json\/wp\/v2\/product"}],"about":[{"href":"https:\/\/urban-vitamin.com\/sv\/wp-json\/wp\/v2\/types\/product"}],"replies":[{"embeddable":true,"href":"https:\/\/urban-vitamin.com\/sv\/wp-json\/wp\/v2\/comments?post=24564"}],"wp:featuredmedia":[{"embeddable":true,"href":"https:\/\/urban-vitamin.com\/sv\/wp-json\/wp\/v2\/media\/24427"}],"wp:attachment":[{"href":"https:\/\/urban-vitamin.com\/sv\/wp-json\/wp\/v2\/media?parent=24564"}],"wp:term":[{"taxonomy":"product_cat","embeddable":true,"href":"https:\/\/urban-vitamin.com\/sv\/wp-json\/wp\/v2\/product_cat?post=24564"},{"taxonomy":"product_tag","embeddable":true,"href":"https:\/\/urban-vitamin.com\/sv\/wp-json\/wp\/v2\/product_tag?post=24564"}],"curies":[{"name":"wp","href":"https:\/\/api.w.org\/{rel}","templated":true}]}}