{"id":22157,"date":"2026-03-12T01:08:40","date_gmt":"2026-03-12T01:08:40","guid":{"rendered":"https:\/\/urban-vitamin.com\/anaheim-rcs-atervunnen-10w-hogtalare-15w-laddare-svart\/"},"modified":"2026-03-12T02:48:14","modified_gmt":"2026-03-12T02:48:14","slug":"anaheim-rcs-atervunnen-10w-hogtalare-15w-laddare-svart","status":"publish","type":"product","link":"https:\/\/urban-vitamin.com\/sv\/produkt\/anaheim-rcs-atervunnen-10w-hogtalare-15w-laddare-svart\/","title":{"rendered":"Anaheim RCS \u00e5tervunnen 10W h\u00f6gtalare 15W laddare, svart"},"content":{"rendered":"<p>Rocka loss med Urban Vitamin Anaheim! Denna 10 W-h\u00f6gtalare ger ett fantastiskt ljud och upp till 8 timmars speltid. Dessutom har den en 15W magnetisk tr\u00e5dl\u00f6s laddare f\u00f6r att ladda dina enheter medan du lyssnar. Beh\u00f6ver du ta ett samtal? Den inbyggda mikrofonen hj\u00e4lper dig. Tillverkad av RCS RPET-tyg och \u00e5tervunnen ABS, \u00e4r den b\u00e5de snygg och milj\u00f6v\u00e4nlig med 37% \u00e5tervunnet inneh\u00e5ll och RCS-certifiering. Det ing\u00e5r ocks\u00e5 en 120 cm \u00e5tervunnen USB-C-kabel, allt i en plastreducerad f\u00f6rpackning &#8211; och den \u00e4r PVC-fri.<\/p>\n","protected":false},"excerpt":{"rendered":"<p>Rocka loss med Urban Vitamin Anaheim! Denna 10 W-h\u00f6gtalare ger ett fantastiskt ljud och upp till 8 timmars speltid. Dessutom har den en 15W magnetisk tr\u00e5dl\u00f6s laddare f\u00f6r att ladda dina enheter medan du lyssnar. Beh\u00f6ver du ta ett samtal? Den inbyggda mikrofonen hj\u00e4lper dig. Tillverkad av RCS RPET-tyg och \u00e5tervunnen ABS, \u00e4r den b\u00e5de [&hellip;]<\/p>\n","protected":false},"featured_media":23384,"comment_status":"closed","ping_status":"closed","template":"","meta":{"_acf_changed":false,"om_disable_all_campaigns":false},"product_cat":[83],"product_tag":[],"class_list":["post-22157","product","type-product","status-publish","has-post-thumbnail","hentry","product_cat-hogtalare","pa_color-black"],"acf":[],"yoast_head":"<!-- This site is optimized with the Yoast SEO plugin v27.0 - https:\/\/yoast.com\/product\/yoast-seo-wordpress\/ -->\n<title>Anaheim RCS \u00e5tervunnen 10W h\u00f6gtalare 15W laddare, svart - Urban Vitamin<\/title>\n<meta name=\"robots\" content=\"index, follow, max-snippet:-1, max-image-preview:large, max-video-preview:-1\" \/>\n<link rel=\"canonical\" href=\"https:\/\/urban-vitamin.com\/sv\/produkt\/anaheim-rcs-atervunnen-10w-hogtalare-15w-laddare-svart\/\" \/>\n<meta property=\"og:locale\" content=\"sv_SE\" \/>\n<meta property=\"og:type\" content=\"article\" \/>\n<meta property=\"og:title\" content=\"Anaheim RCS \u00e5tervunnen 10W h\u00f6gtalare 15W laddare, svart - Urban Vitamin\" \/>\n<meta property=\"og:description\" content=\"Rocka loss med Urban Vitamin Anaheim! Denna 10 W-h\u00f6gtalare ger ett fantastiskt ljud och upp till 8 timmars speltid. Dessutom har den en 15W magnetisk tr\u00e5dl\u00f6s laddare f\u00f6r att ladda dina enheter medan du lyssnar. Beh\u00f6ver du ta ett samtal? Den inbyggda mikrofonen hj\u00e4lper dig. Tillverkad av RCS RPET-tyg och \u00e5tervunnen ABS, \u00e4r den b\u00e5de [&hellip;]\" \/>\n<meta property=\"og:url\" content=\"https:\/\/urban-vitamin.com\/sv\/produkt\/anaheim-rcs-atervunnen-10w-hogtalare-15w-laddare-svart\/\" \/>\n<meta property=\"og:site_name\" content=\"Urban Vitamin\" \/>\n<meta property=\"article:modified_time\" content=\"2026-03-12T02:48:14+00:00\" \/>\n<meta property=\"og:image\" content=\"https:\/\/urban-vitamin.com\/wp-content\/uploads\/sites\/5\/2025\/02\/P331.5801__S_0__7d1ee70b390a423885139042e37abd40.jpg\" \/>\n\t<meta property=\"og:image:width\" content=\"1024\" \/>\n\t<meta property=\"og:image:height\" content=\"1024\" \/>\n\t<meta property=\"og:image:type\" content=\"image\/jpeg\" \/>\n<meta name=\"twitter:card\" content=\"summary_large_image\" \/>\n<script type=\"application\/ld+json\" class=\"yoast-schema-graph\">{\"@context\":\"https:\/\/schema.org\",\"@graph\":[{\"@type\":\"WebPage\",\"@id\":\"https:\/\/urban-vitamin.com\/sv\/produkt\/anaheim-rcs-atervunnen-10w-hogtalare-15w-laddare-svart\/\",\"url\":\"https:\/\/urban-vitamin.com\/sv\/produkt\/anaheim-rcs-atervunnen-10w-hogtalare-15w-laddare-svart\/\",\"name\":\"Anaheim RCS \u00e5tervunnen 10W h\u00f6gtalare 15W laddare, svart - Urban Vitamin\",\"isPartOf\":{\"@id\":\"https:\/\/urban-vitamin.com\/sv\/#website\"},\"primaryImageOfPage\":{\"@id\":\"https:\/\/urban-vitamin.com\/sv\/produkt\/anaheim-rcs-atervunnen-10w-hogtalare-15w-laddare-svart\/#primaryimage\"},\"image\":{\"@id\":\"https:\/\/urban-vitamin.com\/sv\/produkt\/anaheim-rcs-atervunnen-10w-hogtalare-15w-laddare-svart\/#primaryimage\"},\"thumbnailUrl\":\"https:\/\/urban-vitamin.com\/wp-content\/uploads\/sites\/5\/2025\/02\/P331.5801__S_0__7d1ee70b390a423885139042e37abd40.jpg\",\"datePublished\":\"2026-03-12T01:08:40+00:00\",\"dateModified\":\"2026-03-12T02:48:14+00:00\",\"breadcrumb\":{\"@id\":\"https:\/\/urban-vitamin.com\/sv\/produkt\/anaheim-rcs-atervunnen-10w-hogtalare-15w-laddare-svart\/#breadcrumb\"},\"inLanguage\":\"sv-SE\",\"potentialAction\":[{\"@type\":\"ReadAction\",\"target\":[\"https:\/\/urban-vitamin.com\/sv\/produkt\/anaheim-rcs-atervunnen-10w-hogtalare-15w-laddare-svart\/\"]}]},{\"@type\":\"ImageObject\",\"inLanguage\":\"sv-SE\",\"@id\":\"https:\/\/urban-vitamin.com\/sv\/produkt\/anaheim-rcs-atervunnen-10w-hogtalare-15w-laddare-svart\/#primaryimage\",\"url\":\"https:\/\/urban-vitamin.com\/wp-content\/uploads\/sites\/5\/2025\/02\/P331.5801__S_0__7d1ee70b390a423885139042e37abd40.jpg\",\"contentUrl\":\"https:\/\/urban-vitamin.com\/wp-content\/uploads\/sites\/5\/2025\/02\/P331.5801__S_0__7d1ee70b390a423885139042e37abd40.jpg\",\"width\":1024,\"height\":1024},{\"@type\":\"BreadcrumbList\",\"@id\":\"https:\/\/urban-vitamin.com\/sv\/produkt\/anaheim-rcs-atervunnen-10w-hogtalare-15w-laddare-svart\/#breadcrumb\",\"itemListElement\":[{\"@type\":\"ListItem\",\"position\":1,\"name\":\"Home\",\"item\":\"https:\/\/urban-vitamin.com\/sv\/\"},{\"@type\":\"ListItem\",\"position\":2,\"name\":\"Kollektion\",\"item\":\"https:\/\/urban-vitamin.com\/sv\/kollektion\/\"},{\"@type\":\"ListItem\",\"position\":3,\"name\":\"Anaheim RCS \u00e5tervunnen 10W h\u00f6gtalare 15W laddare, svart\"}]},{\"@type\":\"WebSite\",\"@id\":\"https:\/\/urban-vitamin.com\/sv\/#website\",\"url\":\"https:\/\/urban-vitamin.com\/sv\/\",\"name\":\"Urban Vitamin\",\"description\":\"Enjoy your daily dose of Urban Vitamin!\",\"potentialAction\":[{\"@type\":\"SearchAction\",\"target\":{\"@type\":\"EntryPoint\",\"urlTemplate\":\"https:\/\/urban-vitamin.com\/sv\/?s={search_term_string}\"},\"query-input\":{\"@type\":\"PropertyValueSpecification\",\"valueRequired\":true,\"valueName\":\"search_term_string\"}}],\"inLanguage\":\"sv-SE\"}]}<\/script>\n<!-- \/ Yoast SEO plugin. -->","yoast_head_json":{"title":"Anaheim RCS \u00e5tervunnen 10W h\u00f6gtalare 15W laddare, svart - Urban Vitamin","robots":{"index":"index","follow":"follow","max-snippet":"max-snippet:-1","max-image-preview":"max-image-preview:large","max-video-preview":"max-video-preview:-1"},"canonical":"https:\/\/urban-vitamin.com\/sv\/produkt\/anaheim-rcs-atervunnen-10w-hogtalare-15w-laddare-svart\/","og_locale":"sv_SE","og_type":"article","og_title":"Anaheim RCS \u00e5tervunnen 10W h\u00f6gtalare 15W laddare, svart - Urban Vitamin","og_description":"Rocka loss med Urban Vitamin Anaheim! Denna 10 W-h\u00f6gtalare ger ett fantastiskt ljud och upp till 8 timmars speltid. Dessutom har den en 15W magnetisk tr\u00e5dl\u00f6s laddare f\u00f6r att ladda dina enheter medan du lyssnar. Beh\u00f6ver du ta ett samtal? Den inbyggda mikrofonen hj\u00e4lper dig. Tillverkad av RCS RPET-tyg och \u00e5tervunnen ABS, \u00e4r den b\u00e5de [&hellip;]","og_url":"https:\/\/urban-vitamin.com\/sv\/produkt\/anaheim-rcs-atervunnen-10w-hogtalare-15w-laddare-svart\/","og_site_name":"Urban Vitamin","article_modified_time":"2026-03-12T02:48:14+00:00","og_image":[{"width":1024,"height":1024,"url":"https:\/\/urban-vitamin.com\/wp-content\/uploads\/sites\/5\/2025\/02\/P331.5801__S_0__7d1ee70b390a423885139042e37abd40.jpg","type":"image\/jpeg"}],"twitter_card":"summary_large_image","schema":{"@context":"https:\/\/schema.org","@graph":[{"@type":"WebPage","@id":"https:\/\/urban-vitamin.com\/sv\/produkt\/anaheim-rcs-atervunnen-10w-hogtalare-15w-laddare-svart\/","url":"https:\/\/urban-vitamin.com\/sv\/produkt\/anaheim-rcs-atervunnen-10w-hogtalare-15w-laddare-svart\/","name":"Anaheim RCS \u00e5tervunnen 10W h\u00f6gtalare 15W laddare, svart - Urban Vitamin","isPartOf":{"@id":"https:\/\/urban-vitamin.com\/sv\/#website"},"primaryImageOfPage":{"@id":"https:\/\/urban-vitamin.com\/sv\/produkt\/anaheim-rcs-atervunnen-10w-hogtalare-15w-laddare-svart\/#primaryimage"},"image":{"@id":"https:\/\/urban-vitamin.com\/sv\/produkt\/anaheim-rcs-atervunnen-10w-hogtalare-15w-laddare-svart\/#primaryimage"},"thumbnailUrl":"https:\/\/urban-vitamin.com\/wp-content\/uploads\/sites\/5\/2025\/02\/P331.5801__S_0__7d1ee70b390a423885139042e37abd40.jpg","datePublished":"2026-03-12T01:08:40+00:00","dateModified":"2026-03-12T02:48:14+00:00","breadcrumb":{"@id":"https:\/\/urban-vitamin.com\/sv\/produkt\/anaheim-rcs-atervunnen-10w-hogtalare-15w-laddare-svart\/#breadcrumb"},"inLanguage":"sv-SE","potentialAction":[{"@type":"ReadAction","target":["https:\/\/urban-vitamin.com\/sv\/produkt\/anaheim-rcs-atervunnen-10w-hogtalare-15w-laddare-svart\/"]}]},{"@type":"ImageObject","inLanguage":"sv-SE","@id":"https:\/\/urban-vitamin.com\/sv\/produkt\/anaheim-rcs-atervunnen-10w-hogtalare-15w-laddare-svart\/#primaryimage","url":"https:\/\/urban-vitamin.com\/wp-content\/uploads\/sites\/5\/2025\/02\/P331.5801__S_0__7d1ee70b390a423885139042e37abd40.jpg","contentUrl":"https:\/\/urban-vitamin.com\/wp-content\/uploads\/sites\/5\/2025\/02\/P331.5801__S_0__7d1ee70b390a423885139042e37abd40.jpg","width":1024,"height":1024},{"@type":"BreadcrumbList","@id":"https:\/\/urban-vitamin.com\/sv\/produkt\/anaheim-rcs-atervunnen-10w-hogtalare-15w-laddare-svart\/#breadcrumb","itemListElement":[{"@type":"ListItem","position":1,"name":"Home","item":"https:\/\/urban-vitamin.com\/sv\/"},{"@type":"ListItem","position":2,"name":"Kollektion","item":"https:\/\/urban-vitamin.com\/sv\/kollektion\/"},{"@type":"ListItem","position":3,"name":"Anaheim RCS \u00e5tervunnen 10W h\u00f6gtalare 15W laddare, svart"}]},{"@type":"WebSite","@id":"https:\/\/urban-vitamin.com\/sv\/#website","url":"https:\/\/urban-vitamin.com\/sv\/","name":"Urban Vitamin","description":"Enjoy your daily dose of Urban Vitamin!","potentialAction":[{"@type":"SearchAction","target":{"@type":"EntryPoint","urlTemplate":"https:\/\/urban-vitamin.com\/sv\/?s={search_term_string}"},"query-input":{"@type":"PropertyValueSpecification","valueRequired":true,"valueName":"search_term_string"}}],"inLanguage":"sv-SE"}]}},"_links":{"self":[{"href":"https:\/\/urban-vitamin.com\/sv\/wp-json\/wp\/v2\/product\/22157","targetHints":{"allow":["GET"]}}],"collection":[{"href":"https:\/\/urban-vitamin.com\/sv\/wp-json\/wp\/v2\/product"}],"about":[{"href":"https:\/\/urban-vitamin.com\/sv\/wp-json\/wp\/v2\/types\/product"}],"replies":[{"embeddable":true,"href":"https:\/\/urban-vitamin.com\/sv\/wp-json\/wp\/v2\/comments?post=22157"}],"wp:featuredmedia":[{"embeddable":true,"href":"https:\/\/urban-vitamin.com\/sv\/wp-json\/wp\/v2\/media\/23384"}],"wp:attachment":[{"href":"https:\/\/urban-vitamin.com\/sv\/wp-json\/wp\/v2\/media?parent=22157"}],"wp:term":[{"taxonomy":"product_cat","embeddable":true,"href":"https:\/\/urban-vitamin.com\/sv\/wp-json\/wp\/v2\/product_cat?post=22157"},{"taxonomy":"product_tag","embeddable":true,"href":"https:\/\/urban-vitamin.com\/sv\/wp-json\/wp\/v2\/product_tag?post=22157"}],"curies":[{"name":"wp","href":"https:\/\/api.w.org\/{rel}","templated":true}]}}