{"id":22156,"date":"2026-03-12T01:08:40","date_gmt":"2026-03-12T01:08:40","guid":{"rendered":"https:\/\/urban-vitamin.com\/oceanside-rcs-3w-hogtalare-i-atervunnen-plast-svart\/"},"modified":"2026-03-12T02:48:13","modified_gmt":"2026-03-12T02:48:13","slug":"oceanside-rcs-3w-hogtalare-i-atervunnen-plast-svart","status":"publish","type":"product","link":"https:\/\/urban-vitamin.com\/sv\/produkt\/oceanside-rcs-3w-hogtalare-i-atervunnen-plast-svart\/","title":{"rendered":"Oceanside RCS 3W h\u00f6gtalare i \u00e5tervunnen plast, svart"},"content":{"rendered":"<p>Titta p\u00e5 ut \u00f6ver Ocean sidan. Denna 3 W-h\u00f6gtalare \u00e4r i fickformat men skapar ett kraftfullt ljud vart du \u00e4n g\u00e5r! Var kommer den d\u00e4r basen ifr\u00e5n? Oceanside kommer \u00e4ven att leverera den till dig med sin lilla men kraftfulla subwoofer. Till skillnad fr\u00e5n m\u00e5nga andra sm\u00e5 h\u00f6gtalare spelar Oceanside i upp till 17 timmar (vid 50 % volym), vilket g\u00f6r att du kan h\u00e5lla ig\u00e5ng i timmar. Oceanside \u00e4r tillverkad av RCS-certifierad (Recycled Claim Standard) \u00e5tervunnen ABS och \u00e5tervunnen PET. Totalt \u00e5tervunnet inneh\u00e5ll: 39% baserat p\u00e5 artikelns totala vikt. Urban Vitamin-artiklarna \u00e4r tillverkade utan PVC och f\u00f6rpackade i plastreducerade f\u00f6rpackning.<\/p>\n","protected":false},"excerpt":{"rendered":"<p>Titta p\u00e5 ut \u00f6ver Ocean sidan. Denna 3 W-h\u00f6gtalare \u00e4r i fickformat men skapar ett kraftfullt ljud vart du \u00e4n g\u00e5r! Var kommer den d\u00e4r basen ifr\u00e5n? Oceanside kommer \u00e4ven att leverera den till dig med sin lilla men kraftfulla subwoofer. Till skillnad fr\u00e5n m\u00e5nga andra sm\u00e5 h\u00f6gtalare spelar Oceanside i upp till 17 timmar [&hellip;]<\/p>\n","protected":false},"featured_media":23377,"comment_status":"closed","ping_status":"closed","template":"","meta":{"_acf_changed":false,"om_disable_all_campaigns":false},"product_cat":[83],"product_tag":[],"class_list":["post-22156","product","type-product","status-publish","has-post-thumbnail","hentry","product_cat-hogtalare","pa_color-black"],"acf":[],"yoast_head":"<!-- This site is optimized with the Yoast SEO plugin v27.0 - https:\/\/yoast.com\/product\/yoast-seo-wordpress\/ -->\n<title>Oceanside RCS 3W h\u00f6gtalare i \u00e5tervunnen plast, svart - Urban Vitamin<\/title>\n<meta name=\"robots\" content=\"index, follow, max-snippet:-1, max-image-preview:large, max-video-preview:-1\" \/>\n<link rel=\"canonical\" href=\"https:\/\/urban-vitamin.com\/sv\/produkt\/oceanside-rcs-3w-hogtalare-i-atervunnen-plast-svart\/\" \/>\n<meta property=\"og:locale\" content=\"sv_SE\" \/>\n<meta property=\"og:type\" content=\"article\" \/>\n<meta property=\"og:title\" content=\"Oceanside RCS 3W h\u00f6gtalare i \u00e5tervunnen plast, svart - Urban Vitamin\" \/>\n<meta property=\"og:description\" content=\"Titta p\u00e5 ut \u00f6ver Ocean sidan. Denna 3 W-h\u00f6gtalare \u00e4r i fickformat men skapar ett kraftfullt ljud vart du \u00e4n g\u00e5r! Var kommer den d\u00e4r basen ifr\u00e5n? Oceanside kommer \u00e4ven att leverera den till dig med sin lilla men kraftfulla subwoofer. Till skillnad fr\u00e5n m\u00e5nga andra sm\u00e5 h\u00f6gtalare spelar Oceanside i upp till 17 timmar [&hellip;]\" \/>\n<meta property=\"og:url\" content=\"https:\/\/urban-vitamin.com\/sv\/produkt\/oceanside-rcs-3w-hogtalare-i-atervunnen-plast-svart\/\" \/>\n<meta property=\"og:site_name\" content=\"Urban Vitamin\" \/>\n<meta property=\"article:modified_time\" content=\"2026-03-12T02:48:13+00:00\" \/>\n<meta property=\"og:image\" content=\"https:\/\/urban-vitamin.com\/wp-content\/uploads\/sites\/5\/2025\/02\/P331.5701__S_0__2be532a1f7ad4607a8279cf6c90b3e57.jpg\" \/>\n\t<meta property=\"og:image:width\" content=\"1024\" \/>\n\t<meta property=\"og:image:height\" content=\"1024\" \/>\n\t<meta property=\"og:image:type\" content=\"image\/jpeg\" \/>\n<meta name=\"twitter:card\" content=\"summary_large_image\" \/>\n<meta name=\"twitter:label1\" content=\"Ber\u00e4knad l\u00e4stid\" \/>\n\t<meta name=\"twitter:data1\" content=\"1 minut\" \/>\n<script type=\"application\/ld+json\" class=\"yoast-schema-graph\">{\"@context\":\"https:\/\/schema.org\",\"@graph\":[{\"@type\":\"WebPage\",\"@id\":\"https:\/\/urban-vitamin.com\/sv\/produkt\/oceanside-rcs-3w-hogtalare-i-atervunnen-plast-svart\/\",\"url\":\"https:\/\/urban-vitamin.com\/sv\/produkt\/oceanside-rcs-3w-hogtalare-i-atervunnen-plast-svart\/\",\"name\":\"Oceanside RCS 3W h\u00f6gtalare i \u00e5tervunnen plast, svart - Urban Vitamin\",\"isPartOf\":{\"@id\":\"https:\/\/urban-vitamin.com\/sv\/#website\"},\"primaryImageOfPage\":{\"@id\":\"https:\/\/urban-vitamin.com\/sv\/produkt\/oceanside-rcs-3w-hogtalare-i-atervunnen-plast-svart\/#primaryimage\"},\"image\":{\"@id\":\"https:\/\/urban-vitamin.com\/sv\/produkt\/oceanside-rcs-3w-hogtalare-i-atervunnen-plast-svart\/#primaryimage\"},\"thumbnailUrl\":\"https:\/\/urban-vitamin.com\/wp-content\/uploads\/sites\/5\/2025\/02\/P331.5701__S_0__2be532a1f7ad4607a8279cf6c90b3e57.jpg\",\"datePublished\":\"2026-03-12T01:08:40+00:00\",\"dateModified\":\"2026-03-12T02:48:13+00:00\",\"breadcrumb\":{\"@id\":\"https:\/\/urban-vitamin.com\/sv\/produkt\/oceanside-rcs-3w-hogtalare-i-atervunnen-plast-svart\/#breadcrumb\"},\"inLanguage\":\"sv-SE\",\"potentialAction\":[{\"@type\":\"ReadAction\",\"target\":[\"https:\/\/urban-vitamin.com\/sv\/produkt\/oceanside-rcs-3w-hogtalare-i-atervunnen-plast-svart\/\"]}]},{\"@type\":\"ImageObject\",\"inLanguage\":\"sv-SE\",\"@id\":\"https:\/\/urban-vitamin.com\/sv\/produkt\/oceanside-rcs-3w-hogtalare-i-atervunnen-plast-svart\/#primaryimage\",\"url\":\"https:\/\/urban-vitamin.com\/wp-content\/uploads\/sites\/5\/2025\/02\/P331.5701__S_0__2be532a1f7ad4607a8279cf6c90b3e57.jpg\",\"contentUrl\":\"https:\/\/urban-vitamin.com\/wp-content\/uploads\/sites\/5\/2025\/02\/P331.5701__S_0__2be532a1f7ad4607a8279cf6c90b3e57.jpg\",\"width\":1024,\"height\":1024},{\"@type\":\"BreadcrumbList\",\"@id\":\"https:\/\/urban-vitamin.com\/sv\/produkt\/oceanside-rcs-3w-hogtalare-i-atervunnen-plast-svart\/#breadcrumb\",\"itemListElement\":[{\"@type\":\"ListItem\",\"position\":1,\"name\":\"Home\",\"item\":\"https:\/\/urban-vitamin.com\/sv\/\"},{\"@type\":\"ListItem\",\"position\":2,\"name\":\"Kollektion\",\"item\":\"https:\/\/urban-vitamin.com\/sv\/kollektion\/\"},{\"@type\":\"ListItem\",\"position\":3,\"name\":\"Oceanside RCS 3W h\u00f6gtalare i \u00e5tervunnen plast, svart\"}]},{\"@type\":\"WebSite\",\"@id\":\"https:\/\/urban-vitamin.com\/sv\/#website\",\"url\":\"https:\/\/urban-vitamin.com\/sv\/\",\"name\":\"Urban Vitamin\",\"description\":\"Enjoy your daily dose of Urban Vitamin!\",\"potentialAction\":[{\"@type\":\"SearchAction\",\"target\":{\"@type\":\"EntryPoint\",\"urlTemplate\":\"https:\/\/urban-vitamin.com\/sv\/?s={search_term_string}\"},\"query-input\":{\"@type\":\"PropertyValueSpecification\",\"valueRequired\":true,\"valueName\":\"search_term_string\"}}],\"inLanguage\":\"sv-SE\"}]}<\/script>\n<!-- \/ Yoast SEO plugin. -->","yoast_head_json":{"title":"Oceanside RCS 3W h\u00f6gtalare i \u00e5tervunnen plast, svart - Urban Vitamin","robots":{"index":"index","follow":"follow","max-snippet":"max-snippet:-1","max-image-preview":"max-image-preview:large","max-video-preview":"max-video-preview:-1"},"canonical":"https:\/\/urban-vitamin.com\/sv\/produkt\/oceanside-rcs-3w-hogtalare-i-atervunnen-plast-svart\/","og_locale":"sv_SE","og_type":"article","og_title":"Oceanside RCS 3W h\u00f6gtalare i \u00e5tervunnen plast, svart - Urban Vitamin","og_description":"Titta p\u00e5 ut \u00f6ver Ocean sidan. Denna 3 W-h\u00f6gtalare \u00e4r i fickformat men skapar ett kraftfullt ljud vart du \u00e4n g\u00e5r! Var kommer den d\u00e4r basen ifr\u00e5n? Oceanside kommer \u00e4ven att leverera den till dig med sin lilla men kraftfulla subwoofer. Till skillnad fr\u00e5n m\u00e5nga andra sm\u00e5 h\u00f6gtalare spelar Oceanside i upp till 17 timmar [&hellip;]","og_url":"https:\/\/urban-vitamin.com\/sv\/produkt\/oceanside-rcs-3w-hogtalare-i-atervunnen-plast-svart\/","og_site_name":"Urban Vitamin","article_modified_time":"2026-03-12T02:48:13+00:00","og_image":[{"width":1024,"height":1024,"url":"https:\/\/urban-vitamin.com\/wp-content\/uploads\/sites\/5\/2025\/02\/P331.5701__S_0__2be532a1f7ad4607a8279cf6c90b3e57.jpg","type":"image\/jpeg"}],"twitter_card":"summary_large_image","twitter_misc":{"Ber\u00e4knad l\u00e4stid":"1 minut"},"schema":{"@context":"https:\/\/schema.org","@graph":[{"@type":"WebPage","@id":"https:\/\/urban-vitamin.com\/sv\/produkt\/oceanside-rcs-3w-hogtalare-i-atervunnen-plast-svart\/","url":"https:\/\/urban-vitamin.com\/sv\/produkt\/oceanside-rcs-3w-hogtalare-i-atervunnen-plast-svart\/","name":"Oceanside RCS 3W h\u00f6gtalare i \u00e5tervunnen plast, svart - Urban Vitamin","isPartOf":{"@id":"https:\/\/urban-vitamin.com\/sv\/#website"},"primaryImageOfPage":{"@id":"https:\/\/urban-vitamin.com\/sv\/produkt\/oceanside-rcs-3w-hogtalare-i-atervunnen-plast-svart\/#primaryimage"},"image":{"@id":"https:\/\/urban-vitamin.com\/sv\/produkt\/oceanside-rcs-3w-hogtalare-i-atervunnen-plast-svart\/#primaryimage"},"thumbnailUrl":"https:\/\/urban-vitamin.com\/wp-content\/uploads\/sites\/5\/2025\/02\/P331.5701__S_0__2be532a1f7ad4607a8279cf6c90b3e57.jpg","datePublished":"2026-03-12T01:08:40+00:00","dateModified":"2026-03-12T02:48:13+00:00","breadcrumb":{"@id":"https:\/\/urban-vitamin.com\/sv\/produkt\/oceanside-rcs-3w-hogtalare-i-atervunnen-plast-svart\/#breadcrumb"},"inLanguage":"sv-SE","potentialAction":[{"@type":"ReadAction","target":["https:\/\/urban-vitamin.com\/sv\/produkt\/oceanside-rcs-3w-hogtalare-i-atervunnen-plast-svart\/"]}]},{"@type":"ImageObject","inLanguage":"sv-SE","@id":"https:\/\/urban-vitamin.com\/sv\/produkt\/oceanside-rcs-3w-hogtalare-i-atervunnen-plast-svart\/#primaryimage","url":"https:\/\/urban-vitamin.com\/wp-content\/uploads\/sites\/5\/2025\/02\/P331.5701__S_0__2be532a1f7ad4607a8279cf6c90b3e57.jpg","contentUrl":"https:\/\/urban-vitamin.com\/wp-content\/uploads\/sites\/5\/2025\/02\/P331.5701__S_0__2be532a1f7ad4607a8279cf6c90b3e57.jpg","width":1024,"height":1024},{"@type":"BreadcrumbList","@id":"https:\/\/urban-vitamin.com\/sv\/produkt\/oceanside-rcs-3w-hogtalare-i-atervunnen-plast-svart\/#breadcrumb","itemListElement":[{"@type":"ListItem","position":1,"name":"Home","item":"https:\/\/urban-vitamin.com\/sv\/"},{"@type":"ListItem","position":2,"name":"Kollektion","item":"https:\/\/urban-vitamin.com\/sv\/kollektion\/"},{"@type":"ListItem","position":3,"name":"Oceanside RCS 3W h\u00f6gtalare i \u00e5tervunnen plast, svart"}]},{"@type":"WebSite","@id":"https:\/\/urban-vitamin.com\/sv\/#website","url":"https:\/\/urban-vitamin.com\/sv\/","name":"Urban Vitamin","description":"Enjoy your daily dose of Urban Vitamin!","potentialAction":[{"@type":"SearchAction","target":{"@type":"EntryPoint","urlTemplate":"https:\/\/urban-vitamin.com\/sv\/?s={search_term_string}"},"query-input":{"@type":"PropertyValueSpecification","valueRequired":true,"valueName":"search_term_string"}}],"inLanguage":"sv-SE"}]}},"_links":{"self":[{"href":"https:\/\/urban-vitamin.com\/sv\/wp-json\/wp\/v2\/product\/22156","targetHints":{"allow":["GET"]}}],"collection":[{"href":"https:\/\/urban-vitamin.com\/sv\/wp-json\/wp\/v2\/product"}],"about":[{"href":"https:\/\/urban-vitamin.com\/sv\/wp-json\/wp\/v2\/types\/product"}],"replies":[{"embeddable":true,"href":"https:\/\/urban-vitamin.com\/sv\/wp-json\/wp\/v2\/comments?post=22156"}],"wp:featuredmedia":[{"embeddable":true,"href":"https:\/\/urban-vitamin.com\/sv\/wp-json\/wp\/v2\/media\/23377"}],"wp:attachment":[{"href":"https:\/\/urban-vitamin.com\/sv\/wp-json\/wp\/v2\/media?parent=22156"}],"wp:term":[{"taxonomy":"product_cat","embeddable":true,"href":"https:\/\/urban-vitamin.com\/sv\/wp-json\/wp\/v2\/product_cat?post=22156"},{"taxonomy":"product_tag","embeddable":true,"href":"https:\/\/urban-vitamin.com\/sv\/wp-json\/wp\/v2\/product_tag?post=22156"}],"curies":[{"name":"wp","href":"https:\/\/api.w.org\/{rel}","templated":true}]}}