{"id":22155,"date":"2026-03-12T01:08:40","date_gmt":"2026-03-12T01:08:40","guid":{"rendered":"https:\/\/urban-vitamin.com\/long-beach-enc-rplastiska-tradlosa-oronsnackor-svart\/"},"modified":"2026-03-12T02:48:12","modified_gmt":"2026-03-12T02:48:12","slug":"long-beach-enc-rplastiska-tradlosa-oronsnackor-svart","status":"publish","type":"product","link":"https:\/\/urban-vitamin.com\/sv\/produkt\/long-beach-enc-rplastiska-tradlosa-oronsnackor-svart\/","title":{"rendered":"Long Beach ENC rplastiska tr\u00e5dl\u00f6sa \u00f6ronsn\u00e4ckor, svart"},"content":{"rendered":"<p>M\u00f6t en ny generation av snygga \u00f6ronsn\u00e4ckor med Long Beach \u00f6ppna tr\u00e5dl\u00f6sa \u00f6ronsn\u00e4ckor. Dessa \u00f6ronsn\u00e4ckor g\u00e5r inte in i \u00f6rat utan f\u00e4sts p\u00e5 \u00f6rat s\u00e5 att de sitter perfekt p\u00e5 plats. P\u00e5 s\u00e5 s\u00e4tt kan du njuta av din favoritmusik men ocks\u00e5 h\u00f6ra v\u00e4rlden runt omkring dig.  Lyssna p\u00e5 musik och livet samtidigt i ett rikt, privat ljud. Eftersom \u00f6ronsn\u00e4ckorna inte g\u00e5r in i \u00f6rat \u00e4r de mycket bekv\u00e4ma att b\u00e4ra. Med smidig kontroll f\u00f6r enkel anv\u00e4ndning Batteritid 6,5 timmar f\u00f6r \u00f6ronsn\u00e4ckan och 20 timmar f\u00f6r fodralet. Med ENC f\u00f6r att se till att alla dina samtal \u00e4r i kristallklar kvalitet. IPX 4 vattent\u00e4t. Long Beach open-\u00f6ronsn\u00e4ckorna \u00e4r tillverkade av RCS-certifierad \u00e5tervunnen ABS (Recycled Claim Standard). Totalt \u00e5tervunnet inneh\u00e5ll: 15% baserat p\u00e5 artikelns totala vikt. Urban Vitamin-artiklar \u00e4r tillverkade utan PVC och f\u00f6rpackade i plastreducerade f\u00f6rpackningar<\/p>\n","protected":false},"excerpt":{"rendered":"<p>M\u00f6t en ny generation av snygga \u00f6ronsn\u00e4ckor med Long Beach \u00f6ppna tr\u00e5dl\u00f6sa \u00f6ronsn\u00e4ckor. Dessa \u00f6ronsn\u00e4ckor g\u00e5r inte in i \u00f6rat utan f\u00e4sts p\u00e5 \u00f6rat s\u00e5 att de sitter perfekt p\u00e5 plats. P\u00e5 s\u00e5 s\u00e4tt kan du njuta av din favoritmusik men ocks\u00e5 h\u00f6ra v\u00e4rlden runt omkring dig. Lyssna p\u00e5 musik och livet samtidigt i ett [&hellip;]<\/p>\n","protected":false},"featured_media":23370,"comment_status":"closed","ping_status":"closed","template":"","meta":{"_acf_changed":false,"om_disable_all_campaigns":false},"product_cat":[82],"product_tag":[],"class_list":["post-22155","product","type-product","status-publish","has-post-thumbnail","hentry","product_cat-tradlosa-oronsnackor","pa_color-black"],"acf":[],"yoast_head":"<!-- This site is optimized with the Yoast SEO plugin v27.0 - https:\/\/yoast.com\/product\/yoast-seo-wordpress\/ -->\n<title>Long Beach ENC rplastiska tr\u00e5dl\u00f6sa \u00f6ronsn\u00e4ckor, svart - Urban Vitamin<\/title>\n<meta name=\"robots\" content=\"index, follow, max-snippet:-1, max-image-preview:large, max-video-preview:-1\" \/>\n<link rel=\"canonical\" href=\"https:\/\/urban-vitamin.com\/sv\/produkt\/long-beach-enc-rplastiska-tradlosa-oronsnackor-svart\/\" \/>\n<meta property=\"og:locale\" content=\"sv_SE\" \/>\n<meta property=\"og:type\" content=\"article\" \/>\n<meta property=\"og:title\" content=\"Long Beach ENC rplastiska tr\u00e5dl\u00f6sa \u00f6ronsn\u00e4ckor, svart - Urban Vitamin\" \/>\n<meta property=\"og:description\" content=\"M\u00f6t en ny generation av snygga \u00f6ronsn\u00e4ckor med Long Beach \u00f6ppna tr\u00e5dl\u00f6sa \u00f6ronsn\u00e4ckor. Dessa \u00f6ronsn\u00e4ckor g\u00e5r inte in i \u00f6rat utan f\u00e4sts p\u00e5 \u00f6rat s\u00e5 att de sitter perfekt p\u00e5 plats. P\u00e5 s\u00e5 s\u00e4tt kan du njuta av din favoritmusik men ocks\u00e5 h\u00f6ra v\u00e4rlden runt omkring dig. Lyssna p\u00e5 musik och livet samtidigt i ett [&hellip;]\" \/>\n<meta property=\"og:url\" content=\"https:\/\/urban-vitamin.com\/sv\/produkt\/long-beach-enc-rplastiska-tradlosa-oronsnackor-svart\/\" \/>\n<meta property=\"og:site_name\" content=\"Urban Vitamin\" \/>\n<meta property=\"article:modified_time\" content=\"2026-03-12T02:48:12+00:00\" \/>\n<meta property=\"og:image\" content=\"https:\/\/urban-vitamin.com\/wp-content\/uploads\/sites\/5\/2025\/02\/P331.5601__S_0__2d8a9028a0c34affa25c3778ab6822f6.jpg\" \/>\n\t<meta property=\"og:image:width\" content=\"1024\" \/>\n\t<meta property=\"og:image:height\" content=\"1024\" \/>\n\t<meta property=\"og:image:type\" content=\"image\/jpeg\" \/>\n<meta name=\"twitter:card\" content=\"summary_large_image\" \/>\n<meta name=\"twitter:label1\" content=\"Ber\u00e4knad l\u00e4stid\" \/>\n\t<meta name=\"twitter:data1\" content=\"1 minut\" \/>\n<script type=\"application\/ld+json\" class=\"yoast-schema-graph\">{\"@context\":\"https:\/\/schema.org\",\"@graph\":[{\"@type\":\"WebPage\",\"@id\":\"https:\/\/urban-vitamin.com\/sv\/produkt\/long-beach-enc-rplastiska-tradlosa-oronsnackor-svart\/\",\"url\":\"https:\/\/urban-vitamin.com\/sv\/produkt\/long-beach-enc-rplastiska-tradlosa-oronsnackor-svart\/\",\"name\":\"Long Beach ENC rplastiska tr\u00e5dl\u00f6sa \u00f6ronsn\u00e4ckor, svart - Urban Vitamin\",\"isPartOf\":{\"@id\":\"https:\/\/urban-vitamin.com\/sv\/#website\"},\"primaryImageOfPage\":{\"@id\":\"https:\/\/urban-vitamin.com\/sv\/produkt\/long-beach-enc-rplastiska-tradlosa-oronsnackor-svart\/#primaryimage\"},\"image\":{\"@id\":\"https:\/\/urban-vitamin.com\/sv\/produkt\/long-beach-enc-rplastiska-tradlosa-oronsnackor-svart\/#primaryimage\"},\"thumbnailUrl\":\"https:\/\/urban-vitamin.com\/wp-content\/uploads\/sites\/5\/2025\/02\/P331.5601__S_0__2d8a9028a0c34affa25c3778ab6822f6.jpg\",\"datePublished\":\"2026-03-12T01:08:40+00:00\",\"dateModified\":\"2026-03-12T02:48:12+00:00\",\"breadcrumb\":{\"@id\":\"https:\/\/urban-vitamin.com\/sv\/produkt\/long-beach-enc-rplastiska-tradlosa-oronsnackor-svart\/#breadcrumb\"},\"inLanguage\":\"sv-SE\",\"potentialAction\":[{\"@type\":\"ReadAction\",\"target\":[\"https:\/\/urban-vitamin.com\/sv\/produkt\/long-beach-enc-rplastiska-tradlosa-oronsnackor-svart\/\"]}]},{\"@type\":\"ImageObject\",\"inLanguage\":\"sv-SE\",\"@id\":\"https:\/\/urban-vitamin.com\/sv\/produkt\/long-beach-enc-rplastiska-tradlosa-oronsnackor-svart\/#primaryimage\",\"url\":\"https:\/\/urban-vitamin.com\/wp-content\/uploads\/sites\/5\/2025\/02\/P331.5601__S_0__2d8a9028a0c34affa25c3778ab6822f6.jpg\",\"contentUrl\":\"https:\/\/urban-vitamin.com\/wp-content\/uploads\/sites\/5\/2025\/02\/P331.5601__S_0__2d8a9028a0c34affa25c3778ab6822f6.jpg\",\"width\":1024,\"height\":1024},{\"@type\":\"BreadcrumbList\",\"@id\":\"https:\/\/urban-vitamin.com\/sv\/produkt\/long-beach-enc-rplastiska-tradlosa-oronsnackor-svart\/#breadcrumb\",\"itemListElement\":[{\"@type\":\"ListItem\",\"position\":1,\"name\":\"Home\",\"item\":\"https:\/\/urban-vitamin.com\/sv\/\"},{\"@type\":\"ListItem\",\"position\":2,\"name\":\"Kollektion\",\"item\":\"https:\/\/urban-vitamin.com\/sv\/kollektion\/\"},{\"@type\":\"ListItem\",\"position\":3,\"name\":\"Long Beach ENC rplastiska tr\u00e5dl\u00f6sa \u00f6ronsn\u00e4ckor, svart\"}]},{\"@type\":\"WebSite\",\"@id\":\"https:\/\/urban-vitamin.com\/sv\/#website\",\"url\":\"https:\/\/urban-vitamin.com\/sv\/\",\"name\":\"Urban Vitamin\",\"description\":\"Enjoy your daily dose of Urban Vitamin!\",\"potentialAction\":[{\"@type\":\"SearchAction\",\"target\":{\"@type\":\"EntryPoint\",\"urlTemplate\":\"https:\/\/urban-vitamin.com\/sv\/?s={search_term_string}\"},\"query-input\":{\"@type\":\"PropertyValueSpecification\",\"valueRequired\":true,\"valueName\":\"search_term_string\"}}],\"inLanguage\":\"sv-SE\"}]}<\/script>\n<!-- \/ Yoast SEO plugin. -->","yoast_head_json":{"title":"Long Beach ENC rplastiska tr\u00e5dl\u00f6sa \u00f6ronsn\u00e4ckor, svart - Urban Vitamin","robots":{"index":"index","follow":"follow","max-snippet":"max-snippet:-1","max-image-preview":"max-image-preview:large","max-video-preview":"max-video-preview:-1"},"canonical":"https:\/\/urban-vitamin.com\/sv\/produkt\/long-beach-enc-rplastiska-tradlosa-oronsnackor-svart\/","og_locale":"sv_SE","og_type":"article","og_title":"Long Beach ENC rplastiska tr\u00e5dl\u00f6sa \u00f6ronsn\u00e4ckor, svart - Urban Vitamin","og_description":"M\u00f6t en ny generation av snygga \u00f6ronsn\u00e4ckor med Long Beach \u00f6ppna tr\u00e5dl\u00f6sa \u00f6ronsn\u00e4ckor. Dessa \u00f6ronsn\u00e4ckor g\u00e5r inte in i \u00f6rat utan f\u00e4sts p\u00e5 \u00f6rat s\u00e5 att de sitter perfekt p\u00e5 plats. P\u00e5 s\u00e5 s\u00e4tt kan du njuta av din favoritmusik men ocks\u00e5 h\u00f6ra v\u00e4rlden runt omkring dig. Lyssna p\u00e5 musik och livet samtidigt i ett [&hellip;]","og_url":"https:\/\/urban-vitamin.com\/sv\/produkt\/long-beach-enc-rplastiska-tradlosa-oronsnackor-svart\/","og_site_name":"Urban Vitamin","article_modified_time":"2026-03-12T02:48:12+00:00","og_image":[{"width":1024,"height":1024,"url":"https:\/\/urban-vitamin.com\/wp-content\/uploads\/sites\/5\/2025\/02\/P331.5601__S_0__2d8a9028a0c34affa25c3778ab6822f6.jpg","type":"image\/jpeg"}],"twitter_card":"summary_large_image","twitter_misc":{"Ber\u00e4knad l\u00e4stid":"1 minut"},"schema":{"@context":"https:\/\/schema.org","@graph":[{"@type":"WebPage","@id":"https:\/\/urban-vitamin.com\/sv\/produkt\/long-beach-enc-rplastiska-tradlosa-oronsnackor-svart\/","url":"https:\/\/urban-vitamin.com\/sv\/produkt\/long-beach-enc-rplastiska-tradlosa-oronsnackor-svart\/","name":"Long Beach ENC rplastiska tr\u00e5dl\u00f6sa \u00f6ronsn\u00e4ckor, svart - Urban Vitamin","isPartOf":{"@id":"https:\/\/urban-vitamin.com\/sv\/#website"},"primaryImageOfPage":{"@id":"https:\/\/urban-vitamin.com\/sv\/produkt\/long-beach-enc-rplastiska-tradlosa-oronsnackor-svart\/#primaryimage"},"image":{"@id":"https:\/\/urban-vitamin.com\/sv\/produkt\/long-beach-enc-rplastiska-tradlosa-oronsnackor-svart\/#primaryimage"},"thumbnailUrl":"https:\/\/urban-vitamin.com\/wp-content\/uploads\/sites\/5\/2025\/02\/P331.5601__S_0__2d8a9028a0c34affa25c3778ab6822f6.jpg","datePublished":"2026-03-12T01:08:40+00:00","dateModified":"2026-03-12T02:48:12+00:00","breadcrumb":{"@id":"https:\/\/urban-vitamin.com\/sv\/produkt\/long-beach-enc-rplastiska-tradlosa-oronsnackor-svart\/#breadcrumb"},"inLanguage":"sv-SE","potentialAction":[{"@type":"ReadAction","target":["https:\/\/urban-vitamin.com\/sv\/produkt\/long-beach-enc-rplastiska-tradlosa-oronsnackor-svart\/"]}]},{"@type":"ImageObject","inLanguage":"sv-SE","@id":"https:\/\/urban-vitamin.com\/sv\/produkt\/long-beach-enc-rplastiska-tradlosa-oronsnackor-svart\/#primaryimage","url":"https:\/\/urban-vitamin.com\/wp-content\/uploads\/sites\/5\/2025\/02\/P331.5601__S_0__2d8a9028a0c34affa25c3778ab6822f6.jpg","contentUrl":"https:\/\/urban-vitamin.com\/wp-content\/uploads\/sites\/5\/2025\/02\/P331.5601__S_0__2d8a9028a0c34affa25c3778ab6822f6.jpg","width":1024,"height":1024},{"@type":"BreadcrumbList","@id":"https:\/\/urban-vitamin.com\/sv\/produkt\/long-beach-enc-rplastiska-tradlosa-oronsnackor-svart\/#breadcrumb","itemListElement":[{"@type":"ListItem","position":1,"name":"Home","item":"https:\/\/urban-vitamin.com\/sv\/"},{"@type":"ListItem","position":2,"name":"Kollektion","item":"https:\/\/urban-vitamin.com\/sv\/kollektion\/"},{"@type":"ListItem","position":3,"name":"Long Beach ENC rplastiska tr\u00e5dl\u00f6sa \u00f6ronsn\u00e4ckor, svart"}]},{"@type":"WebSite","@id":"https:\/\/urban-vitamin.com\/sv\/#website","url":"https:\/\/urban-vitamin.com\/sv\/","name":"Urban Vitamin","description":"Enjoy your daily dose of Urban Vitamin!","potentialAction":[{"@type":"SearchAction","target":{"@type":"EntryPoint","urlTemplate":"https:\/\/urban-vitamin.com\/sv\/?s={search_term_string}"},"query-input":{"@type":"PropertyValueSpecification","valueRequired":true,"valueName":"search_term_string"}}],"inLanguage":"sv-SE"}]}},"_links":{"self":[{"href":"https:\/\/urban-vitamin.com\/sv\/wp-json\/wp\/v2\/product\/22155","targetHints":{"allow":["GET"]}}],"collection":[{"href":"https:\/\/urban-vitamin.com\/sv\/wp-json\/wp\/v2\/product"}],"about":[{"href":"https:\/\/urban-vitamin.com\/sv\/wp-json\/wp\/v2\/types\/product"}],"replies":[{"embeddable":true,"href":"https:\/\/urban-vitamin.com\/sv\/wp-json\/wp\/v2\/comments?post=22155"}],"wp:featuredmedia":[{"embeddable":true,"href":"https:\/\/urban-vitamin.com\/sv\/wp-json\/wp\/v2\/media\/23370"}],"wp:attachment":[{"href":"https:\/\/urban-vitamin.com\/sv\/wp-json\/wp\/v2\/media?parent=22155"}],"wp:term":[{"taxonomy":"product_cat","embeddable":true,"href":"https:\/\/urban-vitamin.com\/sv\/wp-json\/wp\/v2\/product_cat?post=22155"},{"taxonomy":"product_tag","embeddable":true,"href":"https:\/\/urban-vitamin.com\/sv\/wp-json\/wp\/v2\/product_tag?post=22155"}],"curies":[{"name":"wp","href":"https:\/\/api.w.org\/{rel}","templated":true}]}}