{"id":22154,"date":"2026-03-12T01:08:06","date_gmt":"2026-03-12T01:08:06","guid":{"rendered":"https:\/\/urban-vitamin.com\/menlo-park-rcs-rplastic-20-000-20wpd-powerbank-svart\/"},"modified":"2026-03-12T02:46:51","modified_gmt":"2026-03-12T02:46:51","slug":"menlo-park-rcs-rplastic-20-000-20wpd-powerbank-svart","status":"publish","type":"product","link":"https:\/\/urban-vitamin.com\/sv\/produkt\/menlo-park-rcs-rplastic-20-000-20wpd-powerbank-svart\/","title":{"rendered":"Menlo Park RCS rplastic 20.000 20WPD powerbank, svart"},"content":{"rendered":"<p>M\u00f6t den nya standarden f\u00f6r portabel laddning. Menlo Park \u00e4r en 20.000 mAh powerbank som g\u00f6r att du kan ladda alla dina mobila enheter med h\u00f6gsta hastighet. Menlo Park laddar inte bara med h\u00f6gsta hastighet, den erbjuder ocks\u00e5 snabbast m\u00f6jliga s\u00e4tt att ladda powerbanken. Menlo Park levereras med dubbla USB-utg\u00e5ngar s\u00e5 att du kan ladda tv\u00e5 enheter samtidigt. En via typ C-port och en med typ C-kabel. B\u00e5da erbjuder supersnabb PD-laddning p\u00e5 upp till 20 W. Menlo Park \u00e4r tillverkad av RCS-certifierad \u00e5tervunnen ABS och PC (Recycled Claim Standard). Totalt \u00e5tervunnet inneh\u00e5ll: 20% baserat p\u00e5 artikelns totala vikt. Urban Vitamin-artiklarna \u00e4r tillverkade utan PVC och f\u00f6rpackade i plastreducerade f\u00f6rpackningar<\/p>\n","protected":false},"excerpt":{"rendered":"<p>M\u00f6t den nya standarden f\u00f6r portabel laddning. Menlo Park \u00e4r en 20.000 mAh powerbank som g\u00f6r att du kan ladda alla dina mobila enheter med h\u00f6gsta hastighet. Menlo Park laddar inte bara med h\u00f6gsta hastighet, den erbjuder ocks\u00e5 snabbast m\u00f6jliga s\u00e4tt att ladda powerbanken. Menlo Park levereras med dubbla USB-utg\u00e5ngar s\u00e5 att du kan ladda [&hellip;]<\/p>\n","protected":false},"featured_media":23363,"comment_status":"closed","ping_status":"closed","template":"","meta":{"_acf_changed":false,"om_disable_all_campaigns":false},"product_cat":[84],"product_tag":[],"class_list":["post-22154","product","type-product","status-publish","has-post-thumbnail","hentry","product_cat-powerbanks-sv","pa_color-black"],"acf":[],"yoast_head":"<!-- This site is optimized with the Yoast SEO plugin v27.0 - https:\/\/yoast.com\/product\/yoast-seo-wordpress\/ -->\n<title>Menlo Park RCS rplastic 20.000 20WPD powerbank, svart - Urban Vitamin<\/title>\n<meta name=\"robots\" content=\"index, follow, max-snippet:-1, max-image-preview:large, max-video-preview:-1\" \/>\n<link rel=\"canonical\" href=\"https:\/\/urban-vitamin.com\/sv\/produkt\/menlo-park-rcs-rplastic-20-000-20wpd-powerbank-svart\/\" \/>\n<meta property=\"og:locale\" content=\"sv_SE\" \/>\n<meta property=\"og:type\" content=\"article\" \/>\n<meta property=\"og:title\" content=\"Menlo Park RCS rplastic 20.000 20WPD powerbank, svart - Urban Vitamin\" \/>\n<meta property=\"og:description\" content=\"M\u00f6t den nya standarden f\u00f6r portabel laddning. Menlo Park \u00e4r en 20.000 mAh powerbank som g\u00f6r att du kan ladda alla dina mobila enheter med h\u00f6gsta hastighet. Menlo Park laddar inte bara med h\u00f6gsta hastighet, den erbjuder ocks\u00e5 snabbast m\u00f6jliga s\u00e4tt att ladda powerbanken. Menlo Park levereras med dubbla USB-utg\u00e5ngar s\u00e5 att du kan ladda [&hellip;]\" \/>\n<meta property=\"og:url\" content=\"https:\/\/urban-vitamin.com\/sv\/produkt\/menlo-park-rcs-rplastic-20-000-20wpd-powerbank-svart\/\" \/>\n<meta property=\"og:site_name\" content=\"Urban Vitamin\" \/>\n<meta property=\"article:modified_time\" content=\"2026-03-12T02:46:51+00:00\" \/>\n<meta property=\"og:image\" content=\"https:\/\/urban-vitamin.com\/wp-content\/uploads\/sites\/5\/2025\/02\/P322.8801__S_0__a0af84d8d40041d18ab35029cfaf621a.jpg\" \/>\n\t<meta property=\"og:image:width\" content=\"1024\" \/>\n\t<meta property=\"og:image:height\" content=\"1024\" \/>\n\t<meta property=\"og:image:type\" content=\"image\/jpeg\" \/>\n<meta name=\"twitter:card\" content=\"summary_large_image\" \/>\n<meta name=\"twitter:label1\" content=\"Ber\u00e4knad l\u00e4stid\" \/>\n\t<meta name=\"twitter:data1\" content=\"1 minut\" \/>\n<script type=\"application\/ld+json\" class=\"yoast-schema-graph\">{\"@context\":\"https:\/\/schema.org\",\"@graph\":[{\"@type\":\"WebPage\",\"@id\":\"https:\/\/urban-vitamin.com\/sv\/produkt\/menlo-park-rcs-rplastic-20-000-20wpd-powerbank-svart\/\",\"url\":\"https:\/\/urban-vitamin.com\/sv\/produkt\/menlo-park-rcs-rplastic-20-000-20wpd-powerbank-svart\/\",\"name\":\"Menlo Park RCS rplastic 20.000 20WPD powerbank, svart - Urban Vitamin\",\"isPartOf\":{\"@id\":\"https:\/\/urban-vitamin.com\/sv\/#website\"},\"primaryImageOfPage\":{\"@id\":\"https:\/\/urban-vitamin.com\/sv\/produkt\/menlo-park-rcs-rplastic-20-000-20wpd-powerbank-svart\/#primaryimage\"},\"image\":{\"@id\":\"https:\/\/urban-vitamin.com\/sv\/produkt\/menlo-park-rcs-rplastic-20-000-20wpd-powerbank-svart\/#primaryimage\"},\"thumbnailUrl\":\"https:\/\/urban-vitamin.com\/wp-content\/uploads\/sites\/5\/2025\/02\/P322.8801__S_0__a0af84d8d40041d18ab35029cfaf621a.jpg\",\"datePublished\":\"2026-03-12T01:08:06+00:00\",\"dateModified\":\"2026-03-12T02:46:51+00:00\",\"breadcrumb\":{\"@id\":\"https:\/\/urban-vitamin.com\/sv\/produkt\/menlo-park-rcs-rplastic-20-000-20wpd-powerbank-svart\/#breadcrumb\"},\"inLanguage\":\"sv-SE\",\"potentialAction\":[{\"@type\":\"ReadAction\",\"target\":[\"https:\/\/urban-vitamin.com\/sv\/produkt\/menlo-park-rcs-rplastic-20-000-20wpd-powerbank-svart\/\"]}]},{\"@type\":\"ImageObject\",\"inLanguage\":\"sv-SE\",\"@id\":\"https:\/\/urban-vitamin.com\/sv\/produkt\/menlo-park-rcs-rplastic-20-000-20wpd-powerbank-svart\/#primaryimage\",\"url\":\"https:\/\/urban-vitamin.com\/wp-content\/uploads\/sites\/5\/2025\/02\/P322.8801__S_0__a0af84d8d40041d18ab35029cfaf621a.jpg\",\"contentUrl\":\"https:\/\/urban-vitamin.com\/wp-content\/uploads\/sites\/5\/2025\/02\/P322.8801__S_0__a0af84d8d40041d18ab35029cfaf621a.jpg\",\"width\":1024,\"height\":1024},{\"@type\":\"BreadcrumbList\",\"@id\":\"https:\/\/urban-vitamin.com\/sv\/produkt\/menlo-park-rcs-rplastic-20-000-20wpd-powerbank-svart\/#breadcrumb\",\"itemListElement\":[{\"@type\":\"ListItem\",\"position\":1,\"name\":\"Home\",\"item\":\"https:\/\/urban-vitamin.com\/sv\/\"},{\"@type\":\"ListItem\",\"position\":2,\"name\":\"Kollektion\",\"item\":\"https:\/\/urban-vitamin.com\/sv\/kollektion\/\"},{\"@type\":\"ListItem\",\"position\":3,\"name\":\"Menlo Park RCS rplastic 20.000 20WPD powerbank, svart\"}]},{\"@type\":\"WebSite\",\"@id\":\"https:\/\/urban-vitamin.com\/sv\/#website\",\"url\":\"https:\/\/urban-vitamin.com\/sv\/\",\"name\":\"Urban Vitamin\",\"description\":\"Enjoy your daily dose of Urban Vitamin!\",\"potentialAction\":[{\"@type\":\"SearchAction\",\"target\":{\"@type\":\"EntryPoint\",\"urlTemplate\":\"https:\/\/urban-vitamin.com\/sv\/?s={search_term_string}\"},\"query-input\":{\"@type\":\"PropertyValueSpecification\",\"valueRequired\":true,\"valueName\":\"search_term_string\"}}],\"inLanguage\":\"sv-SE\"}]}<\/script>\n<!-- \/ Yoast SEO plugin. -->","yoast_head_json":{"title":"Menlo Park RCS rplastic 20.000 20WPD powerbank, svart - Urban Vitamin","robots":{"index":"index","follow":"follow","max-snippet":"max-snippet:-1","max-image-preview":"max-image-preview:large","max-video-preview":"max-video-preview:-1"},"canonical":"https:\/\/urban-vitamin.com\/sv\/produkt\/menlo-park-rcs-rplastic-20-000-20wpd-powerbank-svart\/","og_locale":"sv_SE","og_type":"article","og_title":"Menlo Park RCS rplastic 20.000 20WPD powerbank, svart - Urban Vitamin","og_description":"M\u00f6t den nya standarden f\u00f6r portabel laddning. Menlo Park \u00e4r en 20.000 mAh powerbank som g\u00f6r att du kan ladda alla dina mobila enheter med h\u00f6gsta hastighet. Menlo Park laddar inte bara med h\u00f6gsta hastighet, den erbjuder ocks\u00e5 snabbast m\u00f6jliga s\u00e4tt att ladda powerbanken. Menlo Park levereras med dubbla USB-utg\u00e5ngar s\u00e5 att du kan ladda [&hellip;]","og_url":"https:\/\/urban-vitamin.com\/sv\/produkt\/menlo-park-rcs-rplastic-20-000-20wpd-powerbank-svart\/","og_site_name":"Urban Vitamin","article_modified_time":"2026-03-12T02:46:51+00:00","og_image":[{"width":1024,"height":1024,"url":"https:\/\/urban-vitamin.com\/wp-content\/uploads\/sites\/5\/2025\/02\/P322.8801__S_0__a0af84d8d40041d18ab35029cfaf621a.jpg","type":"image\/jpeg"}],"twitter_card":"summary_large_image","twitter_misc":{"Ber\u00e4knad l\u00e4stid":"1 minut"},"schema":{"@context":"https:\/\/schema.org","@graph":[{"@type":"WebPage","@id":"https:\/\/urban-vitamin.com\/sv\/produkt\/menlo-park-rcs-rplastic-20-000-20wpd-powerbank-svart\/","url":"https:\/\/urban-vitamin.com\/sv\/produkt\/menlo-park-rcs-rplastic-20-000-20wpd-powerbank-svart\/","name":"Menlo Park RCS rplastic 20.000 20WPD powerbank, svart - Urban Vitamin","isPartOf":{"@id":"https:\/\/urban-vitamin.com\/sv\/#website"},"primaryImageOfPage":{"@id":"https:\/\/urban-vitamin.com\/sv\/produkt\/menlo-park-rcs-rplastic-20-000-20wpd-powerbank-svart\/#primaryimage"},"image":{"@id":"https:\/\/urban-vitamin.com\/sv\/produkt\/menlo-park-rcs-rplastic-20-000-20wpd-powerbank-svart\/#primaryimage"},"thumbnailUrl":"https:\/\/urban-vitamin.com\/wp-content\/uploads\/sites\/5\/2025\/02\/P322.8801__S_0__a0af84d8d40041d18ab35029cfaf621a.jpg","datePublished":"2026-03-12T01:08:06+00:00","dateModified":"2026-03-12T02:46:51+00:00","breadcrumb":{"@id":"https:\/\/urban-vitamin.com\/sv\/produkt\/menlo-park-rcs-rplastic-20-000-20wpd-powerbank-svart\/#breadcrumb"},"inLanguage":"sv-SE","potentialAction":[{"@type":"ReadAction","target":["https:\/\/urban-vitamin.com\/sv\/produkt\/menlo-park-rcs-rplastic-20-000-20wpd-powerbank-svart\/"]}]},{"@type":"ImageObject","inLanguage":"sv-SE","@id":"https:\/\/urban-vitamin.com\/sv\/produkt\/menlo-park-rcs-rplastic-20-000-20wpd-powerbank-svart\/#primaryimage","url":"https:\/\/urban-vitamin.com\/wp-content\/uploads\/sites\/5\/2025\/02\/P322.8801__S_0__a0af84d8d40041d18ab35029cfaf621a.jpg","contentUrl":"https:\/\/urban-vitamin.com\/wp-content\/uploads\/sites\/5\/2025\/02\/P322.8801__S_0__a0af84d8d40041d18ab35029cfaf621a.jpg","width":1024,"height":1024},{"@type":"BreadcrumbList","@id":"https:\/\/urban-vitamin.com\/sv\/produkt\/menlo-park-rcs-rplastic-20-000-20wpd-powerbank-svart\/#breadcrumb","itemListElement":[{"@type":"ListItem","position":1,"name":"Home","item":"https:\/\/urban-vitamin.com\/sv\/"},{"@type":"ListItem","position":2,"name":"Kollektion","item":"https:\/\/urban-vitamin.com\/sv\/kollektion\/"},{"@type":"ListItem","position":3,"name":"Menlo Park RCS rplastic 20.000 20WPD powerbank, svart"}]},{"@type":"WebSite","@id":"https:\/\/urban-vitamin.com\/sv\/#website","url":"https:\/\/urban-vitamin.com\/sv\/","name":"Urban Vitamin","description":"Enjoy your daily dose of Urban Vitamin!","potentialAction":[{"@type":"SearchAction","target":{"@type":"EntryPoint","urlTemplate":"https:\/\/urban-vitamin.com\/sv\/?s={search_term_string}"},"query-input":{"@type":"PropertyValueSpecification","valueRequired":true,"valueName":"search_term_string"}}],"inLanguage":"sv-SE"}]}},"_links":{"self":[{"href":"https:\/\/urban-vitamin.com\/sv\/wp-json\/wp\/v2\/product\/22154","targetHints":{"allow":["GET"]}}],"collection":[{"href":"https:\/\/urban-vitamin.com\/sv\/wp-json\/wp\/v2\/product"}],"about":[{"href":"https:\/\/urban-vitamin.com\/sv\/wp-json\/wp\/v2\/types\/product"}],"replies":[{"embeddable":true,"href":"https:\/\/urban-vitamin.com\/sv\/wp-json\/wp\/v2\/comments?post=22154"}],"wp:featuredmedia":[{"embeddable":true,"href":"https:\/\/urban-vitamin.com\/sv\/wp-json\/wp\/v2\/media\/23363"}],"wp:attachment":[{"href":"https:\/\/urban-vitamin.com\/sv\/wp-json\/wp\/v2\/media?parent=22154"}],"wp:term":[{"taxonomy":"product_cat","embeddable":true,"href":"https:\/\/urban-vitamin.com\/sv\/wp-json\/wp\/v2\/product_cat?post=22154"},{"taxonomy":"product_tag","embeddable":true,"href":"https:\/\/urban-vitamin.com\/sv\/wp-json\/wp\/v2\/product_tag?post=22154"}],"curies":[{"name":"wp","href":"https:\/\/api.w.org\/{rel}","templated":true}]}}