{"id":22152,"date":"2026-03-12T01:06:22","date_gmt":"2026-03-12T01:06:22","guid":{"rendered":"https:\/\/urban-vitamin.com\/torrance-3-i-1-magnetisk-15w-laddare-svart\/"},"modified":"2026-03-12T02:46:21","modified_gmt":"2026-03-12T02:46:21","slug":"torrance-3-i-1-magnetisk-15w-laddare-svart","status":"publish","type":"product","link":"https:\/\/urban-vitamin.com\/sv\/produkt\/torrance-3-i-1-magnetisk-15w-laddare-svart\/","title":{"rendered":"Torrance 3-i-1 magnetisk 15W-laddare, svart"},"content":{"rendered":"<p>Beh\u00f6ver du ladda alla dina enheter samtidigt och med full hastighet?  Torrance har l\u00f6sningen med sin ultrasnabba 15W magnetladdare. Den tr\u00e5dl\u00f6sa laddaren kan anv\u00e4ndas b\u00e5de som stativ eller platt. Anv\u00e4nd den som stativ f\u00f6r att ladda telefoner med magnetisk laddning eller anv\u00e4nd den som platt f\u00f6r andra tr\u00e5dl\u00f6sa telefoner. Anv\u00e4nd den mellersta 5 W-laddningsplattan f\u00f6r att ladda en andra telefon eller \u00f6ronsn\u00e4ckor. Som pricken \u00f6ver i:et kan du anv\u00e4nda klockladdaren f\u00f6r att ladda de senaste generationerna av iWatch. Torrance levereras med en 120 cm l\u00e5ng \u00e5tervunnen TPE-kabel som g\u00f6r den enkel att installera p\u00e5 skrivbordet eller nattduksbordet. Anslut den helt enkelt till en snabbladdande str\u00f6mk\u00e4lla (minst 9V\/2A) f\u00f6r att komma ig\u00e5ng. Torrance \u00e4r tillverkad av RCS-certifierad \u00e5tervunnen ABS (Recycled Claim Standard). Totalt \u00e5tervunnet inneh\u00e5ll:37%baserat p\u00e5 artikelns totala vikt. Urban Vitamin-artiklar \u00e4r tillverkade utan PVC och f\u00f6rpackade i plastreducerade f\u00f6rpackningar<\/p>\n<p>Translated with Dee<\/p>\n","protected":false},"excerpt":{"rendered":"<p>Beh\u00f6ver du ladda alla dina enheter samtidigt och med full hastighet? Torrance har l\u00f6sningen med sin ultrasnabba 15W magnetladdare. Den tr\u00e5dl\u00f6sa laddaren kan anv\u00e4ndas b\u00e5de som stativ eller platt. Anv\u00e4nd den som stativ f\u00f6r att ladda telefoner med magnetisk laddning eller anv\u00e4nd den som platt f\u00f6r andra tr\u00e5dl\u00f6sa telefoner. Anv\u00e4nd den mellersta 5 W-laddningsplattan f\u00f6r [&hellip;]<\/p>\n","protected":false},"featured_media":23349,"comment_status":"closed","ping_status":"closed","template":"","meta":{"_acf_changed":false,"om_disable_all_campaigns":false},"product_cat":[86],"product_tag":[],"class_list":["post-22152","product","type-product","status-publish","has-post-thumbnail","hentry","product_cat-laddare","pa_color-black"],"acf":[],"yoast_head":"<!-- This site is optimized with the Yoast SEO plugin v27.0 - https:\/\/yoast.com\/product\/yoast-seo-wordpress\/ -->\n<title>Torrance 3-i-1 magnetisk 15W-laddare, svart - Urban Vitamin<\/title>\n<meta name=\"robots\" content=\"index, follow, max-snippet:-1, max-image-preview:large, max-video-preview:-1\" \/>\n<link rel=\"canonical\" href=\"https:\/\/urban-vitamin.com\/sv\/produkt\/torrance-3-i-1-magnetisk-15w-laddare-svart\/\" \/>\n<meta property=\"og:locale\" content=\"sv_SE\" \/>\n<meta property=\"og:type\" content=\"article\" \/>\n<meta property=\"og:title\" content=\"Torrance 3-i-1 magnetisk 15W-laddare, svart - Urban Vitamin\" \/>\n<meta property=\"og:description\" content=\"Beh\u00f6ver du ladda alla dina enheter samtidigt och med full hastighet? Torrance har l\u00f6sningen med sin ultrasnabba 15W magnetladdare. Den tr\u00e5dl\u00f6sa laddaren kan anv\u00e4ndas b\u00e5de som stativ eller platt. Anv\u00e4nd den som stativ f\u00f6r att ladda telefoner med magnetisk laddning eller anv\u00e4nd den som platt f\u00f6r andra tr\u00e5dl\u00f6sa telefoner. Anv\u00e4nd den mellersta 5 W-laddningsplattan f\u00f6r [&hellip;]\" \/>\n<meta property=\"og:url\" content=\"https:\/\/urban-vitamin.com\/sv\/produkt\/torrance-3-i-1-magnetisk-15w-laddare-svart\/\" \/>\n<meta property=\"og:site_name\" content=\"Urban Vitamin\" \/>\n<meta property=\"article:modified_time\" content=\"2026-03-12T02:46:21+00:00\" \/>\n<meta property=\"og:image\" content=\"https:\/\/urban-vitamin.com\/wp-content\/uploads\/sites\/5\/2025\/02\/P309.5001__S_0__4408df0962104331a5cef513a00424ff.jpg\" \/>\n\t<meta property=\"og:image:width\" content=\"1024\" \/>\n\t<meta property=\"og:image:height\" content=\"1024\" \/>\n\t<meta property=\"og:image:type\" content=\"image\/jpeg\" \/>\n<meta name=\"twitter:card\" content=\"summary_large_image\" \/>\n<meta name=\"twitter:label1\" content=\"Ber\u00e4knad l\u00e4stid\" \/>\n\t<meta name=\"twitter:data1\" content=\"1 minut\" \/>\n<script type=\"application\/ld+json\" class=\"yoast-schema-graph\">{\"@context\":\"https:\/\/schema.org\",\"@graph\":[{\"@type\":\"WebPage\",\"@id\":\"https:\/\/urban-vitamin.com\/sv\/produkt\/torrance-3-i-1-magnetisk-15w-laddare-svart\/\",\"url\":\"https:\/\/urban-vitamin.com\/sv\/produkt\/torrance-3-i-1-magnetisk-15w-laddare-svart\/\",\"name\":\"Torrance 3-i-1 magnetisk 15W-laddare, svart - Urban Vitamin\",\"isPartOf\":{\"@id\":\"https:\/\/urban-vitamin.com\/sv\/#website\"},\"primaryImageOfPage\":{\"@id\":\"https:\/\/urban-vitamin.com\/sv\/produkt\/torrance-3-i-1-magnetisk-15w-laddare-svart\/#primaryimage\"},\"image\":{\"@id\":\"https:\/\/urban-vitamin.com\/sv\/produkt\/torrance-3-i-1-magnetisk-15w-laddare-svart\/#primaryimage\"},\"thumbnailUrl\":\"https:\/\/urban-vitamin.com\/wp-content\/uploads\/sites\/5\/2025\/02\/P309.5001__S_0__4408df0962104331a5cef513a00424ff.jpg\",\"datePublished\":\"2026-03-12T01:06:22+00:00\",\"dateModified\":\"2026-03-12T02:46:21+00:00\",\"breadcrumb\":{\"@id\":\"https:\/\/urban-vitamin.com\/sv\/produkt\/torrance-3-i-1-magnetisk-15w-laddare-svart\/#breadcrumb\"},\"inLanguage\":\"sv-SE\",\"potentialAction\":[{\"@type\":\"ReadAction\",\"target\":[\"https:\/\/urban-vitamin.com\/sv\/produkt\/torrance-3-i-1-magnetisk-15w-laddare-svart\/\"]}]},{\"@type\":\"ImageObject\",\"inLanguage\":\"sv-SE\",\"@id\":\"https:\/\/urban-vitamin.com\/sv\/produkt\/torrance-3-i-1-magnetisk-15w-laddare-svart\/#primaryimage\",\"url\":\"https:\/\/urban-vitamin.com\/wp-content\/uploads\/sites\/5\/2025\/02\/P309.5001__S_0__4408df0962104331a5cef513a00424ff.jpg\",\"contentUrl\":\"https:\/\/urban-vitamin.com\/wp-content\/uploads\/sites\/5\/2025\/02\/P309.5001__S_0__4408df0962104331a5cef513a00424ff.jpg\",\"width\":1024,\"height\":1024},{\"@type\":\"BreadcrumbList\",\"@id\":\"https:\/\/urban-vitamin.com\/sv\/produkt\/torrance-3-i-1-magnetisk-15w-laddare-svart\/#breadcrumb\",\"itemListElement\":[{\"@type\":\"ListItem\",\"position\":1,\"name\":\"Home\",\"item\":\"https:\/\/urban-vitamin.com\/sv\/\"},{\"@type\":\"ListItem\",\"position\":2,\"name\":\"Kollektion\",\"item\":\"https:\/\/urban-vitamin.com\/sv\/kollektion\/\"},{\"@type\":\"ListItem\",\"position\":3,\"name\":\"Torrance 3-i-1 magnetisk 15W-laddare, svart\"}]},{\"@type\":\"WebSite\",\"@id\":\"https:\/\/urban-vitamin.com\/sv\/#website\",\"url\":\"https:\/\/urban-vitamin.com\/sv\/\",\"name\":\"Urban Vitamin\",\"description\":\"Enjoy your daily dose of Urban Vitamin!\",\"potentialAction\":[{\"@type\":\"SearchAction\",\"target\":{\"@type\":\"EntryPoint\",\"urlTemplate\":\"https:\/\/urban-vitamin.com\/sv\/?s={search_term_string}\"},\"query-input\":{\"@type\":\"PropertyValueSpecification\",\"valueRequired\":true,\"valueName\":\"search_term_string\"}}],\"inLanguage\":\"sv-SE\"}]}<\/script>\n<!-- \/ Yoast SEO plugin. -->","yoast_head_json":{"title":"Torrance 3-i-1 magnetisk 15W-laddare, svart - Urban Vitamin","robots":{"index":"index","follow":"follow","max-snippet":"max-snippet:-1","max-image-preview":"max-image-preview:large","max-video-preview":"max-video-preview:-1"},"canonical":"https:\/\/urban-vitamin.com\/sv\/produkt\/torrance-3-i-1-magnetisk-15w-laddare-svart\/","og_locale":"sv_SE","og_type":"article","og_title":"Torrance 3-i-1 magnetisk 15W-laddare, svart - Urban Vitamin","og_description":"Beh\u00f6ver du ladda alla dina enheter samtidigt och med full hastighet? Torrance har l\u00f6sningen med sin ultrasnabba 15W magnetladdare. Den tr\u00e5dl\u00f6sa laddaren kan anv\u00e4ndas b\u00e5de som stativ eller platt. Anv\u00e4nd den som stativ f\u00f6r att ladda telefoner med magnetisk laddning eller anv\u00e4nd den som platt f\u00f6r andra tr\u00e5dl\u00f6sa telefoner. Anv\u00e4nd den mellersta 5 W-laddningsplattan f\u00f6r [&hellip;]","og_url":"https:\/\/urban-vitamin.com\/sv\/produkt\/torrance-3-i-1-magnetisk-15w-laddare-svart\/","og_site_name":"Urban Vitamin","article_modified_time":"2026-03-12T02:46:21+00:00","og_image":[{"width":1024,"height":1024,"url":"https:\/\/urban-vitamin.com\/wp-content\/uploads\/sites\/5\/2025\/02\/P309.5001__S_0__4408df0962104331a5cef513a00424ff.jpg","type":"image\/jpeg"}],"twitter_card":"summary_large_image","twitter_misc":{"Ber\u00e4knad l\u00e4stid":"1 minut"},"schema":{"@context":"https:\/\/schema.org","@graph":[{"@type":"WebPage","@id":"https:\/\/urban-vitamin.com\/sv\/produkt\/torrance-3-i-1-magnetisk-15w-laddare-svart\/","url":"https:\/\/urban-vitamin.com\/sv\/produkt\/torrance-3-i-1-magnetisk-15w-laddare-svart\/","name":"Torrance 3-i-1 magnetisk 15W-laddare, svart - Urban Vitamin","isPartOf":{"@id":"https:\/\/urban-vitamin.com\/sv\/#website"},"primaryImageOfPage":{"@id":"https:\/\/urban-vitamin.com\/sv\/produkt\/torrance-3-i-1-magnetisk-15w-laddare-svart\/#primaryimage"},"image":{"@id":"https:\/\/urban-vitamin.com\/sv\/produkt\/torrance-3-i-1-magnetisk-15w-laddare-svart\/#primaryimage"},"thumbnailUrl":"https:\/\/urban-vitamin.com\/wp-content\/uploads\/sites\/5\/2025\/02\/P309.5001__S_0__4408df0962104331a5cef513a00424ff.jpg","datePublished":"2026-03-12T01:06:22+00:00","dateModified":"2026-03-12T02:46:21+00:00","breadcrumb":{"@id":"https:\/\/urban-vitamin.com\/sv\/produkt\/torrance-3-i-1-magnetisk-15w-laddare-svart\/#breadcrumb"},"inLanguage":"sv-SE","potentialAction":[{"@type":"ReadAction","target":["https:\/\/urban-vitamin.com\/sv\/produkt\/torrance-3-i-1-magnetisk-15w-laddare-svart\/"]}]},{"@type":"ImageObject","inLanguage":"sv-SE","@id":"https:\/\/urban-vitamin.com\/sv\/produkt\/torrance-3-i-1-magnetisk-15w-laddare-svart\/#primaryimage","url":"https:\/\/urban-vitamin.com\/wp-content\/uploads\/sites\/5\/2025\/02\/P309.5001__S_0__4408df0962104331a5cef513a00424ff.jpg","contentUrl":"https:\/\/urban-vitamin.com\/wp-content\/uploads\/sites\/5\/2025\/02\/P309.5001__S_0__4408df0962104331a5cef513a00424ff.jpg","width":1024,"height":1024},{"@type":"BreadcrumbList","@id":"https:\/\/urban-vitamin.com\/sv\/produkt\/torrance-3-i-1-magnetisk-15w-laddare-svart\/#breadcrumb","itemListElement":[{"@type":"ListItem","position":1,"name":"Home","item":"https:\/\/urban-vitamin.com\/sv\/"},{"@type":"ListItem","position":2,"name":"Kollektion","item":"https:\/\/urban-vitamin.com\/sv\/kollektion\/"},{"@type":"ListItem","position":3,"name":"Torrance 3-i-1 magnetisk 15W-laddare, svart"}]},{"@type":"WebSite","@id":"https:\/\/urban-vitamin.com\/sv\/#website","url":"https:\/\/urban-vitamin.com\/sv\/","name":"Urban Vitamin","description":"Enjoy your daily dose of Urban Vitamin!","potentialAction":[{"@type":"SearchAction","target":{"@type":"EntryPoint","urlTemplate":"https:\/\/urban-vitamin.com\/sv\/?s={search_term_string}"},"query-input":{"@type":"PropertyValueSpecification","valueRequired":true,"valueName":"search_term_string"}}],"inLanguage":"sv-SE"}]}},"_links":{"self":[{"href":"https:\/\/urban-vitamin.com\/sv\/wp-json\/wp\/v2\/product\/22152","targetHints":{"allow":["GET"]}}],"collection":[{"href":"https:\/\/urban-vitamin.com\/sv\/wp-json\/wp\/v2\/product"}],"about":[{"href":"https:\/\/urban-vitamin.com\/sv\/wp-json\/wp\/v2\/types\/product"}],"replies":[{"embeddable":true,"href":"https:\/\/urban-vitamin.com\/sv\/wp-json\/wp\/v2\/comments?post=22152"}],"wp:featuredmedia":[{"embeddable":true,"href":"https:\/\/urban-vitamin.com\/sv\/wp-json\/wp\/v2\/media\/23349"}],"wp:attachment":[{"href":"https:\/\/urban-vitamin.com\/sv\/wp-json\/wp\/v2\/media?parent=22152"}],"wp:term":[{"taxonomy":"product_cat","embeddable":true,"href":"https:\/\/urban-vitamin.com\/sv\/wp-json\/wp\/v2\/product_cat?post=22152"},{"taxonomy":"product_tag","embeddable":true,"href":"https:\/\/urban-vitamin.com\/sv\/wp-json\/wp\/v2\/product_tag?post=22152"}],"curies":[{"name":"wp","href":"https:\/\/api.w.org\/{rel}","templated":true}]}}