{"id":22151,"date":"2026-03-12T01:06:04","date_gmt":"2026-03-12T01:06:04","guid":{"rendered":"https:\/\/urban-vitamin.com\/santa-cruz-rcs-rplast-70w-gan-laddare-svart\/"},"modified":"2026-03-12T02:46:12","modified_gmt":"2026-03-12T02:46:12","slug":"santa-cruz-rcs-rplast-70w-gan-laddare-svart","status":"publish","type":"product","link":"https:\/\/urban-vitamin.com\/sv\/produkt\/santa-cruz-rcs-rplast-70w-gan-laddare-svart\/","title":{"rendered":"Santa Cruz RCS rplast 70W GaN-laddare, svart"},"content":{"rendered":"<p>M\u00f6t den mest avancerade 70 W-laddaren du kan t\u00e4nka dig. Santa Cruz \u00e4r en 70W PD GAN-laddare med EU, USA och UK-kontakt som levereras med en supersnabb typ C-port och ytterligare en USB A-port f\u00f6r ultimat m\u00e5ngsidighet.  GAN \u00e4r en ny laddningsteknik som m\u00f6jligg\u00f6r en mycket mindre storlek f\u00f6r kraftfulla adaptrar, mindre v\u00e4rme s\u00e5 mycket s\u00e4krare och en h\u00f6gre energieffektivitet s\u00e5 att mindre energi g\u00e5r f\u00f6rlorad i laddningsprocessen. Den laddar alla enheter med full hastighet, \u00e4ven b\u00e4rbara datorer Monterey \u00e4r tillverkad av RCS-certifierad (Recycled Claim Standard) \u00e5tervunnen brands\u00e4ker PC. Totalt \u00e5tervunnet inneh\u00e5ll: 19% baserat p\u00e5 artikelns totala vikt. Urban Vitamin-artiklarna \u00e4r tillverkade utan PVC och f\u00f6rpackade i plastreducerade f\u00f6rpackningar.<\/p>\n","protected":false},"excerpt":{"rendered":"<p>M\u00f6t den mest avancerade 70 W-laddaren du kan t\u00e4nka dig. Santa Cruz \u00e4r en 70W PD GAN-laddare med EU, USA och UK-kontakt som levereras med en supersnabb typ C-port och ytterligare en USB A-port f\u00f6r ultimat m\u00e5ngsidighet. GAN \u00e4r en ny laddningsteknik som m\u00f6jligg\u00f6r en mycket mindre storlek f\u00f6r kraftfulla adaptrar, mindre v\u00e4rme s\u00e5 mycket [&hellip;]<\/p>\n","protected":false},"featured_media":23335,"comment_status":"closed","ping_status":"closed","template":"","meta":{"_acf_changed":false,"om_disable_all_campaigns":false},"product_cat":[86],"product_tag":[],"class_list":["post-22151","product","type-product","status-publish","has-post-thumbnail","hentry","product_cat-laddare","pa_color-black"],"acf":[],"yoast_head":"<!-- This site is optimized with the Yoast SEO plugin v27.0 - https:\/\/yoast.com\/product\/yoast-seo-wordpress\/ -->\n<title>Santa Cruz RCS rplast 70W GaN-laddare, svart - Urban Vitamin<\/title>\n<meta name=\"robots\" content=\"index, follow, max-snippet:-1, max-image-preview:large, max-video-preview:-1\" \/>\n<link rel=\"canonical\" href=\"https:\/\/urban-vitamin.com\/sv\/produkt\/santa-cruz-rcs-rplast-70w-gan-laddare-svart\/\" \/>\n<meta property=\"og:locale\" content=\"sv_SE\" \/>\n<meta property=\"og:type\" content=\"article\" \/>\n<meta property=\"og:title\" content=\"Santa Cruz RCS rplast 70W GaN-laddare, svart - Urban Vitamin\" \/>\n<meta property=\"og:description\" content=\"M\u00f6t den mest avancerade 70 W-laddaren du kan t\u00e4nka dig. Santa Cruz \u00e4r en 70W PD GAN-laddare med EU, USA och UK-kontakt som levereras med en supersnabb typ C-port och ytterligare en USB A-port f\u00f6r ultimat m\u00e5ngsidighet. GAN \u00e4r en ny laddningsteknik som m\u00f6jligg\u00f6r en mycket mindre storlek f\u00f6r kraftfulla adaptrar, mindre v\u00e4rme s\u00e5 mycket [&hellip;]\" \/>\n<meta property=\"og:url\" content=\"https:\/\/urban-vitamin.com\/sv\/produkt\/santa-cruz-rcs-rplast-70w-gan-laddare-svart\/\" \/>\n<meta property=\"og:site_name\" content=\"Urban Vitamin\" \/>\n<meta property=\"article:modified_time\" content=\"2026-03-12T02:46:12+00:00\" \/>\n<meta property=\"og:image\" content=\"https:\/\/urban-vitamin.com\/wp-content\/uploads\/sites\/5\/2025\/02\/P301.9801__S_0__2aa56b89a74a477ebb26492b90070f81.jpg\" \/>\n\t<meta property=\"og:image:width\" content=\"1024\" \/>\n\t<meta property=\"og:image:height\" content=\"1024\" \/>\n\t<meta property=\"og:image:type\" content=\"image\/jpeg\" \/>\n<meta name=\"twitter:card\" content=\"summary_large_image\" \/>\n<meta name=\"twitter:label1\" content=\"Ber\u00e4knad l\u00e4stid\" \/>\n\t<meta name=\"twitter:data1\" content=\"1 minut\" \/>\n<script type=\"application\/ld+json\" class=\"yoast-schema-graph\">{\"@context\":\"https:\/\/schema.org\",\"@graph\":[{\"@type\":\"WebPage\",\"@id\":\"https:\/\/urban-vitamin.com\/sv\/produkt\/santa-cruz-rcs-rplast-70w-gan-laddare-svart\/\",\"url\":\"https:\/\/urban-vitamin.com\/sv\/produkt\/santa-cruz-rcs-rplast-70w-gan-laddare-svart\/\",\"name\":\"Santa Cruz RCS rplast 70W GaN-laddare, svart - Urban Vitamin\",\"isPartOf\":{\"@id\":\"https:\/\/urban-vitamin.com\/sv\/#website\"},\"primaryImageOfPage\":{\"@id\":\"https:\/\/urban-vitamin.com\/sv\/produkt\/santa-cruz-rcs-rplast-70w-gan-laddare-svart\/#primaryimage\"},\"image\":{\"@id\":\"https:\/\/urban-vitamin.com\/sv\/produkt\/santa-cruz-rcs-rplast-70w-gan-laddare-svart\/#primaryimage\"},\"thumbnailUrl\":\"https:\/\/urban-vitamin.com\/wp-content\/uploads\/sites\/5\/2025\/02\/P301.9801__S_0__2aa56b89a74a477ebb26492b90070f81.jpg\",\"datePublished\":\"2026-03-12T01:06:04+00:00\",\"dateModified\":\"2026-03-12T02:46:12+00:00\",\"breadcrumb\":{\"@id\":\"https:\/\/urban-vitamin.com\/sv\/produkt\/santa-cruz-rcs-rplast-70w-gan-laddare-svart\/#breadcrumb\"},\"inLanguage\":\"sv-SE\",\"potentialAction\":[{\"@type\":\"ReadAction\",\"target\":[\"https:\/\/urban-vitamin.com\/sv\/produkt\/santa-cruz-rcs-rplast-70w-gan-laddare-svart\/\"]}]},{\"@type\":\"ImageObject\",\"inLanguage\":\"sv-SE\",\"@id\":\"https:\/\/urban-vitamin.com\/sv\/produkt\/santa-cruz-rcs-rplast-70w-gan-laddare-svart\/#primaryimage\",\"url\":\"https:\/\/urban-vitamin.com\/wp-content\/uploads\/sites\/5\/2025\/02\/P301.9801__S_0__2aa56b89a74a477ebb26492b90070f81.jpg\",\"contentUrl\":\"https:\/\/urban-vitamin.com\/wp-content\/uploads\/sites\/5\/2025\/02\/P301.9801__S_0__2aa56b89a74a477ebb26492b90070f81.jpg\",\"width\":1024,\"height\":1024},{\"@type\":\"BreadcrumbList\",\"@id\":\"https:\/\/urban-vitamin.com\/sv\/produkt\/santa-cruz-rcs-rplast-70w-gan-laddare-svart\/#breadcrumb\",\"itemListElement\":[{\"@type\":\"ListItem\",\"position\":1,\"name\":\"Home\",\"item\":\"https:\/\/urban-vitamin.com\/sv\/\"},{\"@type\":\"ListItem\",\"position\":2,\"name\":\"Kollektion\",\"item\":\"https:\/\/urban-vitamin.com\/sv\/kollektion\/\"},{\"@type\":\"ListItem\",\"position\":3,\"name\":\"Santa Cruz RCS rplast 70W GaN-laddare, svart\"}]},{\"@type\":\"WebSite\",\"@id\":\"https:\/\/urban-vitamin.com\/sv\/#website\",\"url\":\"https:\/\/urban-vitamin.com\/sv\/\",\"name\":\"Urban Vitamin\",\"description\":\"Enjoy your daily dose of Urban Vitamin!\",\"potentialAction\":[{\"@type\":\"SearchAction\",\"target\":{\"@type\":\"EntryPoint\",\"urlTemplate\":\"https:\/\/urban-vitamin.com\/sv\/?s={search_term_string}\"},\"query-input\":{\"@type\":\"PropertyValueSpecification\",\"valueRequired\":true,\"valueName\":\"search_term_string\"}}],\"inLanguage\":\"sv-SE\"}]}<\/script>\n<!-- \/ Yoast SEO plugin. -->","yoast_head_json":{"title":"Santa Cruz RCS rplast 70W GaN-laddare, svart - Urban Vitamin","robots":{"index":"index","follow":"follow","max-snippet":"max-snippet:-1","max-image-preview":"max-image-preview:large","max-video-preview":"max-video-preview:-1"},"canonical":"https:\/\/urban-vitamin.com\/sv\/produkt\/santa-cruz-rcs-rplast-70w-gan-laddare-svart\/","og_locale":"sv_SE","og_type":"article","og_title":"Santa Cruz RCS rplast 70W GaN-laddare, svart - Urban Vitamin","og_description":"M\u00f6t den mest avancerade 70 W-laddaren du kan t\u00e4nka dig. Santa Cruz \u00e4r en 70W PD GAN-laddare med EU, USA och UK-kontakt som levereras med en supersnabb typ C-port och ytterligare en USB A-port f\u00f6r ultimat m\u00e5ngsidighet. GAN \u00e4r en ny laddningsteknik som m\u00f6jligg\u00f6r en mycket mindre storlek f\u00f6r kraftfulla adaptrar, mindre v\u00e4rme s\u00e5 mycket [&hellip;]","og_url":"https:\/\/urban-vitamin.com\/sv\/produkt\/santa-cruz-rcs-rplast-70w-gan-laddare-svart\/","og_site_name":"Urban Vitamin","article_modified_time":"2026-03-12T02:46:12+00:00","og_image":[{"width":1024,"height":1024,"url":"https:\/\/urban-vitamin.com\/wp-content\/uploads\/sites\/5\/2025\/02\/P301.9801__S_0__2aa56b89a74a477ebb26492b90070f81.jpg","type":"image\/jpeg"}],"twitter_card":"summary_large_image","twitter_misc":{"Ber\u00e4knad l\u00e4stid":"1 minut"},"schema":{"@context":"https:\/\/schema.org","@graph":[{"@type":"WebPage","@id":"https:\/\/urban-vitamin.com\/sv\/produkt\/santa-cruz-rcs-rplast-70w-gan-laddare-svart\/","url":"https:\/\/urban-vitamin.com\/sv\/produkt\/santa-cruz-rcs-rplast-70w-gan-laddare-svart\/","name":"Santa Cruz RCS rplast 70W GaN-laddare, svart - Urban Vitamin","isPartOf":{"@id":"https:\/\/urban-vitamin.com\/sv\/#website"},"primaryImageOfPage":{"@id":"https:\/\/urban-vitamin.com\/sv\/produkt\/santa-cruz-rcs-rplast-70w-gan-laddare-svart\/#primaryimage"},"image":{"@id":"https:\/\/urban-vitamin.com\/sv\/produkt\/santa-cruz-rcs-rplast-70w-gan-laddare-svart\/#primaryimage"},"thumbnailUrl":"https:\/\/urban-vitamin.com\/wp-content\/uploads\/sites\/5\/2025\/02\/P301.9801__S_0__2aa56b89a74a477ebb26492b90070f81.jpg","datePublished":"2026-03-12T01:06:04+00:00","dateModified":"2026-03-12T02:46:12+00:00","breadcrumb":{"@id":"https:\/\/urban-vitamin.com\/sv\/produkt\/santa-cruz-rcs-rplast-70w-gan-laddare-svart\/#breadcrumb"},"inLanguage":"sv-SE","potentialAction":[{"@type":"ReadAction","target":["https:\/\/urban-vitamin.com\/sv\/produkt\/santa-cruz-rcs-rplast-70w-gan-laddare-svart\/"]}]},{"@type":"ImageObject","inLanguage":"sv-SE","@id":"https:\/\/urban-vitamin.com\/sv\/produkt\/santa-cruz-rcs-rplast-70w-gan-laddare-svart\/#primaryimage","url":"https:\/\/urban-vitamin.com\/wp-content\/uploads\/sites\/5\/2025\/02\/P301.9801__S_0__2aa56b89a74a477ebb26492b90070f81.jpg","contentUrl":"https:\/\/urban-vitamin.com\/wp-content\/uploads\/sites\/5\/2025\/02\/P301.9801__S_0__2aa56b89a74a477ebb26492b90070f81.jpg","width":1024,"height":1024},{"@type":"BreadcrumbList","@id":"https:\/\/urban-vitamin.com\/sv\/produkt\/santa-cruz-rcs-rplast-70w-gan-laddare-svart\/#breadcrumb","itemListElement":[{"@type":"ListItem","position":1,"name":"Home","item":"https:\/\/urban-vitamin.com\/sv\/"},{"@type":"ListItem","position":2,"name":"Kollektion","item":"https:\/\/urban-vitamin.com\/sv\/kollektion\/"},{"@type":"ListItem","position":3,"name":"Santa Cruz RCS rplast 70W GaN-laddare, svart"}]},{"@type":"WebSite","@id":"https:\/\/urban-vitamin.com\/sv\/#website","url":"https:\/\/urban-vitamin.com\/sv\/","name":"Urban Vitamin","description":"Enjoy your daily dose of Urban Vitamin!","potentialAction":[{"@type":"SearchAction","target":{"@type":"EntryPoint","urlTemplate":"https:\/\/urban-vitamin.com\/sv\/?s={search_term_string}"},"query-input":{"@type":"PropertyValueSpecification","valueRequired":true,"valueName":"search_term_string"}}],"inLanguage":"sv-SE"}]}},"_links":{"self":[{"href":"https:\/\/urban-vitamin.com\/sv\/wp-json\/wp\/v2\/product\/22151","targetHints":{"allow":["GET"]}}],"collection":[{"href":"https:\/\/urban-vitamin.com\/sv\/wp-json\/wp\/v2\/product"}],"about":[{"href":"https:\/\/urban-vitamin.com\/sv\/wp-json\/wp\/v2\/types\/product"}],"replies":[{"embeddable":true,"href":"https:\/\/urban-vitamin.com\/sv\/wp-json\/wp\/v2\/comments?post=22151"}],"wp:featuredmedia":[{"embeddable":true,"href":"https:\/\/urban-vitamin.com\/sv\/wp-json\/wp\/v2\/media\/23335"}],"wp:attachment":[{"href":"https:\/\/urban-vitamin.com\/sv\/wp-json\/wp\/v2\/media?parent=22151"}],"wp:term":[{"taxonomy":"product_cat","embeddable":true,"href":"https:\/\/urban-vitamin.com\/sv\/wp-json\/wp\/v2\/product_cat?post=22151"},{"taxonomy":"product_tag","embeddable":true,"href":"https:\/\/urban-vitamin.com\/sv\/wp-json\/wp\/v2\/product_tag?post=22151"}],"curies":[{"name":"wp","href":"https:\/\/api.w.org\/{rel}","templated":true}]}}