{"id":21252,"date":"2026-03-12T01:08:06","date_gmt":"2026-03-12T01:08:06","guid":{"rendered":"https:\/\/urban-vitamin.com\/urban-vitamin-san-diego-20w-pd-powerbank-i-rcs-rplastic-bla\/"},"modified":"2026-03-12T02:46:50","modified_gmt":"2026-03-12T02:46:50","slug":"san-diego-20w-pd-powerbank-i-rcs-plast-bla","status":"publish","type":"product","link":"https:\/\/urban-vitamin.com\/sv\/produkt\/san-diego-20w-pd-powerbank-i-rcs-plast-bla\/","title":{"rendered":"San Diego 20W PD powerbank i RCS plast, bl\u00e5"},"content":{"rendered":"<p>B\u00e4r med dig 20W b\u00e4rbar str\u00f6m i fickan, Urban Vitamin San Diego \u00e4r en l\u00e4ttviktig men kraftfull 5000mAh powerbank. Med dubbla snabbladdningsalternativ f\u00f6r att ladda via den integrerade iOS-kontakten (f\u00f6r iPhone 14 och \u00e4ldre modeller) och den toppmoderna Type-C-utg\u00e5ngen kan du ladda din telefon utan att beh\u00f6va ta med n\u00e5gra kablar! Du kan till och med ladda tv\u00e5 enheter samtidigt. Alla utg\u00e5ngar erbjuder ultrasnabb 20W-laddning f\u00f6r att ladda upp till 50% p\u00e5 mindre \u00e4n 30 minuter.  Powebanken har tv\u00e5 intregerade kablar oc en integrerad klockladdare f\u00f6r att ladda alla nyare Apple Watch-modeller. Den har ocks\u00e5 ett integrerat stativ f\u00f6r att ladda din telefon medan du tittar p\u00e5 film eller lyssnar p\u00e5 musik. Tillverkad av RCS-\u00e5tervunnen ABS och \u00e5tervunnen PC, det totala \u00e5tervunna inneh\u00e5llet \u00e4r 24% baserat p\u00e5 total produktvikt.  Tillverkad utan PVC och levereras i plastreducerad f\u00f6rpackning.<\/p>\n","protected":false},"excerpt":{"rendered":"<p>B\u00e4r med dig 20W b\u00e4rbar str\u00f6m i fickan, Urban Vitamin San Diego \u00e4r en l\u00e4ttviktig men kraftfull 5000mAh powerbank. Med dubbla snabbladdningsalternativ f\u00f6r att ladda via den integrerade iOS-kontakten (f\u00f6r iPhone 14 och \u00e4ldre modeller) och den toppmoderna Type-C-utg\u00e5ngen kan du ladda din telefon utan att beh\u00f6va ta med n\u00e5gra kablar! Du kan till och [&hellip;]<\/p>\n","protected":false},"featured_media":22179,"comment_status":"closed","ping_status":"closed","template":"","meta":{"_acf_changed":false,"om_disable_all_campaigns":false},"product_cat":[84],"product_tag":[],"class_list":["post-21252","product","type-product","status-publish","has-post-thumbnail","hentry","product_cat-powerbanks-sv","pa_color-blue"],"acf":[],"yoast_head":"<!-- This site is optimized with the Yoast SEO plugin v27.0 - https:\/\/yoast.com\/product\/yoast-seo-wordpress\/ -->\n<title>San Diego 20W PD powerbank i RCS plast, bl\u00e5 - Urban Vitamin<\/title>\n<meta name=\"robots\" content=\"index, follow, max-snippet:-1, max-image-preview:large, max-video-preview:-1\" \/>\n<link rel=\"canonical\" href=\"https:\/\/urban-vitamin.com\/sv\/produkt\/san-diego-20w-pd-powerbank-i-rcs-plast-bla\/\" \/>\n<meta property=\"og:locale\" content=\"sv_SE\" \/>\n<meta property=\"og:type\" content=\"article\" \/>\n<meta property=\"og:title\" content=\"San Diego 20W PD powerbank i RCS plast, bl\u00e5 - Urban Vitamin\" \/>\n<meta property=\"og:description\" content=\"B\u00e4r med dig 20W b\u00e4rbar str\u00f6m i fickan, Urban Vitamin San Diego \u00e4r en l\u00e4ttviktig men kraftfull 5000mAh powerbank. Med dubbla snabbladdningsalternativ f\u00f6r att ladda via den integrerade iOS-kontakten (f\u00f6r iPhone 14 och \u00e4ldre modeller) och den toppmoderna Type-C-utg\u00e5ngen kan du ladda din telefon utan att beh\u00f6va ta med n\u00e5gra kablar! Du kan till och [&hellip;]\" \/>\n<meta property=\"og:url\" content=\"https:\/\/urban-vitamin.com\/sv\/produkt\/san-diego-20w-pd-powerbank-i-rcs-plast-bla\/\" \/>\n<meta property=\"og:site_name\" content=\"Urban Vitamin\" \/>\n<meta property=\"article:modified_time\" content=\"2026-03-12T02:46:50+00:00\" \/>\n<meta property=\"og:image\" content=\"https:\/\/urban-vitamin.com\/wp-content\/uploads\/sites\/5\/2025\/01\/P322.8605__S_0__819e598143744ba0920ceaad7f4ff8fb.jpg\" \/>\n\t<meta property=\"og:image:width\" content=\"1024\" \/>\n\t<meta property=\"og:image:height\" content=\"1024\" \/>\n\t<meta property=\"og:image:type\" content=\"image\/jpeg\" \/>\n<meta name=\"twitter:card\" content=\"summary_large_image\" \/>\n<meta name=\"twitter:label1\" content=\"Ber\u00e4knad l\u00e4stid\" \/>\n\t<meta name=\"twitter:data1\" content=\"1 minut\" \/>\n<script type=\"application\/ld+json\" class=\"yoast-schema-graph\">{\"@context\":\"https:\/\/schema.org\",\"@graph\":[{\"@type\":\"WebPage\",\"@id\":\"https:\/\/urban-vitamin.com\/sv\/produkt\/san-diego-20w-pd-powerbank-i-rcs-plast-bla\/\",\"url\":\"https:\/\/urban-vitamin.com\/sv\/produkt\/san-diego-20w-pd-powerbank-i-rcs-plast-bla\/\",\"name\":\"San Diego 20W PD powerbank i RCS plast, bl\u00e5 - Urban Vitamin\",\"isPartOf\":{\"@id\":\"https:\/\/urban-vitamin.com\/sv\/#website\"},\"primaryImageOfPage\":{\"@id\":\"https:\/\/urban-vitamin.com\/sv\/produkt\/san-diego-20w-pd-powerbank-i-rcs-plast-bla\/#primaryimage\"},\"image\":{\"@id\":\"https:\/\/urban-vitamin.com\/sv\/produkt\/san-diego-20w-pd-powerbank-i-rcs-plast-bla\/#primaryimage\"},\"thumbnailUrl\":\"https:\/\/urban-vitamin.com\/wp-content\/uploads\/sites\/5\/2025\/01\/P322.8605__S_0__819e598143744ba0920ceaad7f4ff8fb.jpg\",\"datePublished\":\"2026-03-12T01:08:06+00:00\",\"dateModified\":\"2026-03-12T02:46:50+00:00\",\"breadcrumb\":{\"@id\":\"https:\/\/urban-vitamin.com\/sv\/produkt\/san-diego-20w-pd-powerbank-i-rcs-plast-bla\/#breadcrumb\"},\"inLanguage\":\"sv-SE\",\"potentialAction\":[{\"@type\":\"ReadAction\",\"target\":[\"https:\/\/urban-vitamin.com\/sv\/produkt\/san-diego-20w-pd-powerbank-i-rcs-plast-bla\/\"]}]},{\"@type\":\"ImageObject\",\"inLanguage\":\"sv-SE\",\"@id\":\"https:\/\/urban-vitamin.com\/sv\/produkt\/san-diego-20w-pd-powerbank-i-rcs-plast-bla\/#primaryimage\",\"url\":\"https:\/\/urban-vitamin.com\/wp-content\/uploads\/sites\/5\/2025\/01\/P322.8605__S_0__819e598143744ba0920ceaad7f4ff8fb.jpg\",\"contentUrl\":\"https:\/\/urban-vitamin.com\/wp-content\/uploads\/sites\/5\/2025\/01\/P322.8605__S_0__819e598143744ba0920ceaad7f4ff8fb.jpg\",\"width\":1024,\"height\":1024},{\"@type\":\"BreadcrumbList\",\"@id\":\"https:\/\/urban-vitamin.com\/sv\/produkt\/san-diego-20w-pd-powerbank-i-rcs-plast-bla\/#breadcrumb\",\"itemListElement\":[{\"@type\":\"ListItem\",\"position\":1,\"name\":\"Home\",\"item\":\"https:\/\/urban-vitamin.com\/sv\/\"},{\"@type\":\"ListItem\",\"position\":2,\"name\":\"Kollektion\",\"item\":\"https:\/\/urban-vitamin.com\/sv\/kollektion\/\"},{\"@type\":\"ListItem\",\"position\":3,\"name\":\"San Diego 20W PD powerbank i RCS plast, bl\u00e5\"}]},{\"@type\":\"WebSite\",\"@id\":\"https:\/\/urban-vitamin.com\/sv\/#website\",\"url\":\"https:\/\/urban-vitamin.com\/sv\/\",\"name\":\"Urban Vitamin\",\"description\":\"Enjoy your daily dose of Urban Vitamin!\",\"potentialAction\":[{\"@type\":\"SearchAction\",\"target\":{\"@type\":\"EntryPoint\",\"urlTemplate\":\"https:\/\/urban-vitamin.com\/sv\/?s={search_term_string}\"},\"query-input\":{\"@type\":\"PropertyValueSpecification\",\"valueRequired\":true,\"valueName\":\"search_term_string\"}}],\"inLanguage\":\"sv-SE\"}]}<\/script>\n<!-- \/ Yoast SEO plugin. -->","yoast_head_json":{"title":"San Diego 20W PD powerbank i RCS plast, bl\u00e5 - Urban Vitamin","robots":{"index":"index","follow":"follow","max-snippet":"max-snippet:-1","max-image-preview":"max-image-preview:large","max-video-preview":"max-video-preview:-1"},"canonical":"https:\/\/urban-vitamin.com\/sv\/produkt\/san-diego-20w-pd-powerbank-i-rcs-plast-bla\/","og_locale":"sv_SE","og_type":"article","og_title":"San Diego 20W PD powerbank i RCS plast, bl\u00e5 - Urban Vitamin","og_description":"B\u00e4r med dig 20W b\u00e4rbar str\u00f6m i fickan, Urban Vitamin San Diego \u00e4r en l\u00e4ttviktig men kraftfull 5000mAh powerbank. Med dubbla snabbladdningsalternativ f\u00f6r att ladda via den integrerade iOS-kontakten (f\u00f6r iPhone 14 och \u00e4ldre modeller) och den toppmoderna Type-C-utg\u00e5ngen kan du ladda din telefon utan att beh\u00f6va ta med n\u00e5gra kablar! Du kan till och [&hellip;]","og_url":"https:\/\/urban-vitamin.com\/sv\/produkt\/san-diego-20w-pd-powerbank-i-rcs-plast-bla\/","og_site_name":"Urban Vitamin","article_modified_time":"2026-03-12T02:46:50+00:00","og_image":[{"width":1024,"height":1024,"url":"https:\/\/urban-vitamin.com\/wp-content\/uploads\/sites\/5\/2025\/01\/P322.8605__S_0__819e598143744ba0920ceaad7f4ff8fb.jpg","type":"image\/jpeg"}],"twitter_card":"summary_large_image","twitter_misc":{"Ber\u00e4knad l\u00e4stid":"1 minut"},"schema":{"@context":"https:\/\/schema.org","@graph":[{"@type":"WebPage","@id":"https:\/\/urban-vitamin.com\/sv\/produkt\/san-diego-20w-pd-powerbank-i-rcs-plast-bla\/","url":"https:\/\/urban-vitamin.com\/sv\/produkt\/san-diego-20w-pd-powerbank-i-rcs-plast-bla\/","name":"San Diego 20W PD powerbank i RCS plast, bl\u00e5 - Urban Vitamin","isPartOf":{"@id":"https:\/\/urban-vitamin.com\/sv\/#website"},"primaryImageOfPage":{"@id":"https:\/\/urban-vitamin.com\/sv\/produkt\/san-diego-20w-pd-powerbank-i-rcs-plast-bla\/#primaryimage"},"image":{"@id":"https:\/\/urban-vitamin.com\/sv\/produkt\/san-diego-20w-pd-powerbank-i-rcs-plast-bla\/#primaryimage"},"thumbnailUrl":"https:\/\/urban-vitamin.com\/wp-content\/uploads\/sites\/5\/2025\/01\/P322.8605__S_0__819e598143744ba0920ceaad7f4ff8fb.jpg","datePublished":"2026-03-12T01:08:06+00:00","dateModified":"2026-03-12T02:46:50+00:00","breadcrumb":{"@id":"https:\/\/urban-vitamin.com\/sv\/produkt\/san-diego-20w-pd-powerbank-i-rcs-plast-bla\/#breadcrumb"},"inLanguage":"sv-SE","potentialAction":[{"@type":"ReadAction","target":["https:\/\/urban-vitamin.com\/sv\/produkt\/san-diego-20w-pd-powerbank-i-rcs-plast-bla\/"]}]},{"@type":"ImageObject","inLanguage":"sv-SE","@id":"https:\/\/urban-vitamin.com\/sv\/produkt\/san-diego-20w-pd-powerbank-i-rcs-plast-bla\/#primaryimage","url":"https:\/\/urban-vitamin.com\/wp-content\/uploads\/sites\/5\/2025\/01\/P322.8605__S_0__819e598143744ba0920ceaad7f4ff8fb.jpg","contentUrl":"https:\/\/urban-vitamin.com\/wp-content\/uploads\/sites\/5\/2025\/01\/P322.8605__S_0__819e598143744ba0920ceaad7f4ff8fb.jpg","width":1024,"height":1024},{"@type":"BreadcrumbList","@id":"https:\/\/urban-vitamin.com\/sv\/produkt\/san-diego-20w-pd-powerbank-i-rcs-plast-bla\/#breadcrumb","itemListElement":[{"@type":"ListItem","position":1,"name":"Home","item":"https:\/\/urban-vitamin.com\/sv\/"},{"@type":"ListItem","position":2,"name":"Kollektion","item":"https:\/\/urban-vitamin.com\/sv\/kollektion\/"},{"@type":"ListItem","position":3,"name":"San Diego 20W PD powerbank i RCS plast, bl\u00e5"}]},{"@type":"WebSite","@id":"https:\/\/urban-vitamin.com\/sv\/#website","url":"https:\/\/urban-vitamin.com\/sv\/","name":"Urban Vitamin","description":"Enjoy your daily dose of Urban Vitamin!","potentialAction":[{"@type":"SearchAction","target":{"@type":"EntryPoint","urlTemplate":"https:\/\/urban-vitamin.com\/sv\/?s={search_term_string}"},"query-input":{"@type":"PropertyValueSpecification","valueRequired":true,"valueName":"search_term_string"}}],"inLanguage":"sv-SE"}]}},"_links":{"self":[{"href":"https:\/\/urban-vitamin.com\/sv\/wp-json\/wp\/v2\/product\/21252","targetHints":{"allow":["GET"]}}],"collection":[{"href":"https:\/\/urban-vitamin.com\/sv\/wp-json\/wp\/v2\/product"}],"about":[{"href":"https:\/\/urban-vitamin.com\/sv\/wp-json\/wp\/v2\/types\/product"}],"replies":[{"embeddable":true,"href":"https:\/\/urban-vitamin.com\/sv\/wp-json\/wp\/v2\/comments?post=21252"}],"wp:featuredmedia":[{"embeddable":true,"href":"https:\/\/urban-vitamin.com\/sv\/wp-json\/wp\/v2\/media\/22179"}],"wp:attachment":[{"href":"https:\/\/urban-vitamin.com\/sv\/wp-json\/wp\/v2\/media?parent=21252"}],"wp:term":[{"taxonomy":"product_cat","embeddable":true,"href":"https:\/\/urban-vitamin.com\/sv\/wp-json\/wp\/v2\/product_cat?post=21252"},{"taxonomy":"product_tag","embeddable":true,"href":"https:\/\/urban-vitamin.com\/sv\/wp-json\/wp\/v2\/product_tag?post=21252"}],"curies":[{"name":"wp","href":"https:\/\/api.w.org\/{rel}","templated":true}]}}