{"id":21249,"date":"2026-03-12T01:06:52","date_gmt":"2026-03-12T01:06:52","guid":{"rendered":"https:\/\/urban-vitamin.com\/urban-vitamin-los-angeles-20w-pd-powerbank-i-rcs-rplast-bla\/"},"modified":"2026-03-12T02:46:47","modified_gmt":"2026-03-12T02:46:47","slug":"los-angeles-20w-pd-powerbank-i-rcs-plast-bla","status":"publish","type":"product","link":"https:\/\/urban-vitamin.com\/sv\/produkt\/los-angeles-20w-pd-powerbank-i-rcs-plast-bla\/","title":{"rendered":"Los Angeles 20W PD powerbank i RCS plast, bl\u00e5"},"content":{"rendered":"<p>B\u00e4r med dig 20W b\u00e4rbar str\u00f6m i fickan och var redo att snabbladda n\u00e4r du \u00e4r p\u00e5 spr\u00e5ng, var du \u00e4n \u00e4r! Urban Vitamin Los Angeles \u00e4r en l\u00e4ttviktig men kraftfull 5000mAh powerbank. Med dubbla snabbladdningsalternativ f\u00f6r att ladda via den integrerade iOS-kontakten (f\u00f6r iPhone 14 och \u00e4ldre modeller) och Type-C-utg\u00e5ngen kan du ladda din telefon utan att beh\u00f6va ta med n\u00e5gra kablar! Du kan till och med ladda tv\u00e5 enheter samtidigt. Alla utg\u00e5ngar erbjuder ultrasnabb 20W-laddning f\u00f6r att ladda upp till 50% p\u00e5 mindre \u00e4n 30 minuter. F\u00f6rutom tv\u00e5 integrerade kontakter har produkten \u00e4ven en USB C-utg\u00e5ng om du vill anv\u00e4nda din egen kabel eller snabbladda powerbanken. Den har ocks\u00e5 ett integrerat stativ f\u00f6r att ladda din telefon medan du tittar p\u00e5 film eller lyssnar p\u00e5 musik. Tillverkad med RCS-\u00e5tervunnen ABS och \u00e5tervunnen PC, det totala \u00e5tervunna inneh\u00e5llet \u00e4r 24% baserat p\u00e5 total produktvikt. Urban Vitamin-artiklar \u00e4r tillverkade utan PVC och levereras i plastreducerade f\u00f6rpackningar.<\/p>\n","protected":false},"excerpt":{"rendered":"<p>B\u00e4r med dig 20W b\u00e4rbar str\u00f6m i fickan och var redo att snabbladda n\u00e4r du \u00e4r p\u00e5 spr\u00e5ng, var du \u00e4n \u00e4r! Urban Vitamin Los Angeles \u00e4r en l\u00e4ttviktig men kraftfull 5000mAh powerbank. Med dubbla snabbladdningsalternativ f\u00f6r att ladda via den integrerade iOS-kontakten (f\u00f6r iPhone 14 och \u00e4ldre modeller) och Type-C-utg\u00e5ngen kan du ladda din [&hellip;]<\/p>\n","protected":false},"featured_media":22735,"comment_status":"closed","ping_status":"closed","template":"","meta":{"_acf_changed":false,"om_disable_all_campaigns":false},"product_cat":[84],"product_tag":[],"class_list":["post-21249","product","type-product","status-publish","has-post-thumbnail","hentry","product_cat-powerbanks-sv","pa_color-blue"],"acf":[],"yoast_head":"<!-- This site is optimized with the Yoast SEO plugin v27.0 - https:\/\/yoast.com\/product\/yoast-seo-wordpress\/ -->\n<title>Los Angeles 20W PD powerbank i RCS plast, bl\u00e5 - Urban Vitamin<\/title>\n<meta name=\"robots\" content=\"index, follow, max-snippet:-1, max-image-preview:large, max-video-preview:-1\" \/>\n<link rel=\"canonical\" href=\"https:\/\/urban-vitamin.com\/sv\/produkt\/los-angeles-20w-pd-powerbank-i-rcs-plast-bla\/\" \/>\n<meta property=\"og:locale\" content=\"sv_SE\" \/>\n<meta property=\"og:type\" content=\"article\" \/>\n<meta property=\"og:title\" content=\"Los Angeles 20W PD powerbank i RCS plast, bl\u00e5 - Urban Vitamin\" \/>\n<meta property=\"og:description\" content=\"B\u00e4r med dig 20W b\u00e4rbar str\u00f6m i fickan och var redo att snabbladda n\u00e4r du \u00e4r p\u00e5 spr\u00e5ng, var du \u00e4n \u00e4r! Urban Vitamin Los Angeles \u00e4r en l\u00e4ttviktig men kraftfull 5000mAh powerbank. Med dubbla snabbladdningsalternativ f\u00f6r att ladda via den integrerade iOS-kontakten (f\u00f6r iPhone 14 och \u00e4ldre modeller) och Type-C-utg\u00e5ngen kan du ladda din [&hellip;]\" \/>\n<meta property=\"og:url\" content=\"https:\/\/urban-vitamin.com\/sv\/produkt\/los-angeles-20w-pd-powerbank-i-rcs-plast-bla\/\" \/>\n<meta property=\"og:site_name\" content=\"Urban Vitamin\" \/>\n<meta property=\"article:modified_time\" content=\"2026-03-12T02:46:47+00:00\" \/>\n<meta property=\"og:image\" content=\"https:\/\/urban-vitamin.com\/wp-content\/uploads\/sites\/5\/2025\/01\/P322.8505__S_0__7489c8482b944f578142f08d5efe3066.jpg\" \/>\n\t<meta property=\"og:image:width\" content=\"1024\" \/>\n\t<meta property=\"og:image:height\" content=\"1024\" \/>\n\t<meta property=\"og:image:type\" content=\"image\/jpeg\" \/>\n<meta name=\"twitter:card\" content=\"summary_large_image\" \/>\n<meta name=\"twitter:label1\" content=\"Ber\u00e4knad l\u00e4stid\" \/>\n\t<meta name=\"twitter:data1\" content=\"1 minut\" \/>\n<script type=\"application\/ld+json\" class=\"yoast-schema-graph\">{\"@context\":\"https:\/\/schema.org\",\"@graph\":[{\"@type\":\"WebPage\",\"@id\":\"https:\/\/urban-vitamin.com\/sv\/produkt\/los-angeles-20w-pd-powerbank-i-rcs-plast-bla\/\",\"url\":\"https:\/\/urban-vitamin.com\/sv\/produkt\/los-angeles-20w-pd-powerbank-i-rcs-plast-bla\/\",\"name\":\"Los Angeles 20W PD powerbank i RCS plast, bl\u00e5 - Urban Vitamin\",\"isPartOf\":{\"@id\":\"https:\/\/urban-vitamin.com\/sv\/#website\"},\"primaryImageOfPage\":{\"@id\":\"https:\/\/urban-vitamin.com\/sv\/produkt\/los-angeles-20w-pd-powerbank-i-rcs-plast-bla\/#primaryimage\"},\"image\":{\"@id\":\"https:\/\/urban-vitamin.com\/sv\/produkt\/los-angeles-20w-pd-powerbank-i-rcs-plast-bla\/#primaryimage\"},\"thumbnailUrl\":\"https:\/\/urban-vitamin.com\/wp-content\/uploads\/sites\/5\/2025\/01\/P322.8505__S_0__7489c8482b944f578142f08d5efe3066.jpg\",\"datePublished\":\"2026-03-12T01:06:52+00:00\",\"dateModified\":\"2026-03-12T02:46:47+00:00\",\"breadcrumb\":{\"@id\":\"https:\/\/urban-vitamin.com\/sv\/produkt\/los-angeles-20w-pd-powerbank-i-rcs-plast-bla\/#breadcrumb\"},\"inLanguage\":\"sv-SE\",\"potentialAction\":[{\"@type\":\"ReadAction\",\"target\":[\"https:\/\/urban-vitamin.com\/sv\/produkt\/los-angeles-20w-pd-powerbank-i-rcs-plast-bla\/\"]}]},{\"@type\":\"ImageObject\",\"inLanguage\":\"sv-SE\",\"@id\":\"https:\/\/urban-vitamin.com\/sv\/produkt\/los-angeles-20w-pd-powerbank-i-rcs-plast-bla\/#primaryimage\",\"url\":\"https:\/\/urban-vitamin.com\/wp-content\/uploads\/sites\/5\/2025\/01\/P322.8505__S_0__7489c8482b944f578142f08d5efe3066.jpg\",\"contentUrl\":\"https:\/\/urban-vitamin.com\/wp-content\/uploads\/sites\/5\/2025\/01\/P322.8505__S_0__7489c8482b944f578142f08d5efe3066.jpg\",\"width\":1024,\"height\":1024},{\"@type\":\"BreadcrumbList\",\"@id\":\"https:\/\/urban-vitamin.com\/sv\/produkt\/los-angeles-20w-pd-powerbank-i-rcs-plast-bla\/#breadcrumb\",\"itemListElement\":[{\"@type\":\"ListItem\",\"position\":1,\"name\":\"Home\",\"item\":\"https:\/\/urban-vitamin.com\/sv\/\"},{\"@type\":\"ListItem\",\"position\":2,\"name\":\"Kollektion\",\"item\":\"https:\/\/urban-vitamin.com\/sv\/kollektion\/\"},{\"@type\":\"ListItem\",\"position\":3,\"name\":\"Los Angeles 20W PD powerbank i RCS plast, bl\u00e5\"}]},{\"@type\":\"WebSite\",\"@id\":\"https:\/\/urban-vitamin.com\/sv\/#website\",\"url\":\"https:\/\/urban-vitamin.com\/sv\/\",\"name\":\"Urban Vitamin\",\"description\":\"Enjoy your daily dose of Urban Vitamin!\",\"potentialAction\":[{\"@type\":\"SearchAction\",\"target\":{\"@type\":\"EntryPoint\",\"urlTemplate\":\"https:\/\/urban-vitamin.com\/sv\/?s={search_term_string}\"},\"query-input\":{\"@type\":\"PropertyValueSpecification\",\"valueRequired\":true,\"valueName\":\"search_term_string\"}}],\"inLanguage\":\"sv-SE\"}]}<\/script>\n<!-- \/ Yoast SEO plugin. -->","yoast_head_json":{"title":"Los Angeles 20W PD powerbank i RCS plast, bl\u00e5 - Urban Vitamin","robots":{"index":"index","follow":"follow","max-snippet":"max-snippet:-1","max-image-preview":"max-image-preview:large","max-video-preview":"max-video-preview:-1"},"canonical":"https:\/\/urban-vitamin.com\/sv\/produkt\/los-angeles-20w-pd-powerbank-i-rcs-plast-bla\/","og_locale":"sv_SE","og_type":"article","og_title":"Los Angeles 20W PD powerbank i RCS plast, bl\u00e5 - Urban Vitamin","og_description":"B\u00e4r med dig 20W b\u00e4rbar str\u00f6m i fickan och var redo att snabbladda n\u00e4r du \u00e4r p\u00e5 spr\u00e5ng, var du \u00e4n \u00e4r! Urban Vitamin Los Angeles \u00e4r en l\u00e4ttviktig men kraftfull 5000mAh powerbank. Med dubbla snabbladdningsalternativ f\u00f6r att ladda via den integrerade iOS-kontakten (f\u00f6r iPhone 14 och \u00e4ldre modeller) och Type-C-utg\u00e5ngen kan du ladda din [&hellip;]","og_url":"https:\/\/urban-vitamin.com\/sv\/produkt\/los-angeles-20w-pd-powerbank-i-rcs-plast-bla\/","og_site_name":"Urban Vitamin","article_modified_time":"2026-03-12T02:46:47+00:00","og_image":[{"width":1024,"height":1024,"url":"https:\/\/urban-vitamin.com\/wp-content\/uploads\/sites\/5\/2025\/01\/P322.8505__S_0__7489c8482b944f578142f08d5efe3066.jpg","type":"image\/jpeg"}],"twitter_card":"summary_large_image","twitter_misc":{"Ber\u00e4knad l\u00e4stid":"1 minut"},"schema":{"@context":"https:\/\/schema.org","@graph":[{"@type":"WebPage","@id":"https:\/\/urban-vitamin.com\/sv\/produkt\/los-angeles-20w-pd-powerbank-i-rcs-plast-bla\/","url":"https:\/\/urban-vitamin.com\/sv\/produkt\/los-angeles-20w-pd-powerbank-i-rcs-plast-bla\/","name":"Los Angeles 20W PD powerbank i RCS plast, bl\u00e5 - Urban Vitamin","isPartOf":{"@id":"https:\/\/urban-vitamin.com\/sv\/#website"},"primaryImageOfPage":{"@id":"https:\/\/urban-vitamin.com\/sv\/produkt\/los-angeles-20w-pd-powerbank-i-rcs-plast-bla\/#primaryimage"},"image":{"@id":"https:\/\/urban-vitamin.com\/sv\/produkt\/los-angeles-20w-pd-powerbank-i-rcs-plast-bla\/#primaryimage"},"thumbnailUrl":"https:\/\/urban-vitamin.com\/wp-content\/uploads\/sites\/5\/2025\/01\/P322.8505__S_0__7489c8482b944f578142f08d5efe3066.jpg","datePublished":"2026-03-12T01:06:52+00:00","dateModified":"2026-03-12T02:46:47+00:00","breadcrumb":{"@id":"https:\/\/urban-vitamin.com\/sv\/produkt\/los-angeles-20w-pd-powerbank-i-rcs-plast-bla\/#breadcrumb"},"inLanguage":"sv-SE","potentialAction":[{"@type":"ReadAction","target":["https:\/\/urban-vitamin.com\/sv\/produkt\/los-angeles-20w-pd-powerbank-i-rcs-plast-bla\/"]}]},{"@type":"ImageObject","inLanguage":"sv-SE","@id":"https:\/\/urban-vitamin.com\/sv\/produkt\/los-angeles-20w-pd-powerbank-i-rcs-plast-bla\/#primaryimage","url":"https:\/\/urban-vitamin.com\/wp-content\/uploads\/sites\/5\/2025\/01\/P322.8505__S_0__7489c8482b944f578142f08d5efe3066.jpg","contentUrl":"https:\/\/urban-vitamin.com\/wp-content\/uploads\/sites\/5\/2025\/01\/P322.8505__S_0__7489c8482b944f578142f08d5efe3066.jpg","width":1024,"height":1024},{"@type":"BreadcrumbList","@id":"https:\/\/urban-vitamin.com\/sv\/produkt\/los-angeles-20w-pd-powerbank-i-rcs-plast-bla\/#breadcrumb","itemListElement":[{"@type":"ListItem","position":1,"name":"Home","item":"https:\/\/urban-vitamin.com\/sv\/"},{"@type":"ListItem","position":2,"name":"Kollektion","item":"https:\/\/urban-vitamin.com\/sv\/kollektion\/"},{"@type":"ListItem","position":3,"name":"Los Angeles 20W PD powerbank i RCS plast, bl\u00e5"}]},{"@type":"WebSite","@id":"https:\/\/urban-vitamin.com\/sv\/#website","url":"https:\/\/urban-vitamin.com\/sv\/","name":"Urban Vitamin","description":"Enjoy your daily dose of Urban Vitamin!","potentialAction":[{"@type":"SearchAction","target":{"@type":"EntryPoint","urlTemplate":"https:\/\/urban-vitamin.com\/sv\/?s={search_term_string}"},"query-input":{"@type":"PropertyValueSpecification","valueRequired":true,"valueName":"search_term_string"}}],"inLanguage":"sv-SE"}]}},"_links":{"self":[{"href":"https:\/\/urban-vitamin.com\/sv\/wp-json\/wp\/v2\/product\/21249","targetHints":{"allow":["GET"]}}],"collection":[{"href":"https:\/\/urban-vitamin.com\/sv\/wp-json\/wp\/v2\/product"}],"about":[{"href":"https:\/\/urban-vitamin.com\/sv\/wp-json\/wp\/v2\/types\/product"}],"replies":[{"embeddable":true,"href":"https:\/\/urban-vitamin.com\/sv\/wp-json\/wp\/v2\/comments?post=21249"}],"wp:featuredmedia":[{"embeddable":true,"href":"https:\/\/urban-vitamin.com\/sv\/wp-json\/wp\/v2\/media\/22735"}],"wp:attachment":[{"href":"https:\/\/urban-vitamin.com\/sv\/wp-json\/wp\/v2\/media?parent=21249"}],"wp:term":[{"taxonomy":"product_cat","embeddable":true,"href":"https:\/\/urban-vitamin.com\/sv\/wp-json\/wp\/v2\/product_cat?post=21249"},{"taxonomy":"product_tag","embeddable":true,"href":"https:\/\/urban-vitamin.com\/sv\/wp-json\/wp\/v2\/product_tag?post=21249"}],"curies":[{"name":"wp","href":"https:\/\/api.w.org\/{rel}","templated":true}]}}