{"id":20013,"date":"2026-03-12T01:08:40","date_gmt":"2026-03-12T01:08:40","guid":{"rendered":"https:\/\/urban-vitamin.com\/lakewood-rcs-atervunna-och-reparerbara-tradlosa-oronsnackor-svart\/"},"modified":"2026-03-12T02:48:11","modified_gmt":"2026-03-12T02:48:11","slug":"lakewood-rcs-atervunna-och-reparerbara-tradlosa-oronsnackor-svart","status":"publish","type":"product","link":"https:\/\/urban-vitamin.com\/sv\/produkt\/lakewood-rcs-atervunna-och-reparerbara-tradlosa-oronsnackor-svart\/","title":{"rendered":"Lakewood RCS \u00e5tervunna och reparerbara tr\u00e5dl\u00f6sa \u00f6ronsn\u00e4ckor, svart"},"content":{"rendered":"<p>Lakewood-\u00f6ronsn\u00e4ckorna levererar en f\u00f6rstklassig Hi-FI-ljudkvalitet. Med ANC av h\u00f6gsta kvalitet (32 DB) och ENC-l\u00e4ge f\u00f6r supertydliga samtal. Utrustad med 6 mikrofoner och r\u00f6stassistans f\u00f6r att f\u00f6rb\u00e4ttra samtalskvaliteten \u00e4nnu mer. ANC-funktionen kan ocks\u00e5 st\u00e4ngas av i transparensl\u00e4ge.  H\u00f6ljet p\u00e5 Lakewood \u00e4r utformat med ett l\u00f6stagbart batteri som enkelt kan bytas ut vid behov f\u00f6r att f\u00f6rl\u00e4nga \u00f6ronsn\u00e4ckornas livsl\u00e4ngd. Med dubbelt anslutningsl\u00e4ge f\u00f6r att ansluta till flera enheter. Lakewood ger 6 timmars lyssning p\u00e5 en laddning och 20 timmar extra i fodralet. \u00d6ronsn\u00e4ckorna \u00e4r IPX5, vilket inneb\u00e4r att de \u00e4r v\u00e4derbest\u00e4ndiga och l\u00e4mpliga f\u00f6r sport. F\u00f6rutom att de g\u00e5r att reparera \u00e4r \u00f6ronsn\u00e4ckorna tillverkade av \u00e5tervunnen PC-plast. Totalt \u00e5tervunnet inneh\u00e5ll: 36% baserat p\u00e5 artikelns totala vikt. RCS-certifiering s\u00e4kerst\u00e4ller en helt certifierad leveranskedja f\u00f6r \u00e5tervunnet material. PVC-fria.<\/p>\n","protected":false},"excerpt":{"rendered":"<p>Lakewood-\u00f6ronsn\u00e4ckorna levererar en f\u00f6rstklassig Hi-FI-ljudkvalitet. Med ANC av h\u00f6gsta kvalitet (32 DB) och ENC-l\u00e4ge f\u00f6r supertydliga samtal. Utrustad med 6 mikrofoner och r\u00f6stassistans f\u00f6r att f\u00f6rb\u00e4ttra samtalskvaliteten \u00e4nnu mer. ANC-funktionen kan ocks\u00e5 st\u00e4ngas av i transparensl\u00e4ge. H\u00f6ljet p\u00e5 Lakewood \u00e4r utformat med ett l\u00f6stagbart batteri som enkelt kan bytas ut vid behov f\u00f6r att f\u00f6rl\u00e4nga [&hellip;]<\/p>\n","protected":false},"featured_media":22186,"comment_status":"closed","ping_status":"closed","template":"","meta":{"_acf_changed":false,"om_disable_all_campaigns":false},"product_cat":[116,82],"product_tag":[],"class_list":["post-20013","product","type-product","status-publish","has-post-thumbnail","hentry","product_cat-repairables-sv","product_cat-tradlosa-oronsnackor","pa_color-black"],"acf":[],"yoast_head":"<!-- This site is optimized with the Yoast SEO plugin v27.0 - https:\/\/yoast.com\/product\/yoast-seo-wordpress\/ -->\n<title>Lakewood RCS \u00e5tervunna och reparerbara tr\u00e5dl\u00f6sa \u00f6ronsn\u00e4ckor, svart - Urban Vitamin<\/title>\n<meta name=\"robots\" content=\"index, follow, max-snippet:-1, max-image-preview:large, max-video-preview:-1\" \/>\n<link rel=\"canonical\" href=\"https:\/\/urban-vitamin.com\/sv\/produkt\/lakewood-rcs-atervunna-och-reparerbara-tradlosa-oronsnackor-svart\/\" \/>\n<meta property=\"og:locale\" content=\"sv_SE\" \/>\n<meta property=\"og:type\" content=\"article\" \/>\n<meta property=\"og:title\" content=\"Lakewood RCS \u00e5tervunna och reparerbara tr\u00e5dl\u00f6sa \u00f6ronsn\u00e4ckor, svart - Urban Vitamin\" \/>\n<meta property=\"og:description\" content=\"Lakewood-\u00f6ronsn\u00e4ckorna levererar en f\u00f6rstklassig Hi-FI-ljudkvalitet. Med ANC av h\u00f6gsta kvalitet (32 DB) och ENC-l\u00e4ge f\u00f6r supertydliga samtal. Utrustad med 6 mikrofoner och r\u00f6stassistans f\u00f6r att f\u00f6rb\u00e4ttra samtalskvaliteten \u00e4nnu mer. ANC-funktionen kan ocks\u00e5 st\u00e4ngas av i transparensl\u00e4ge. H\u00f6ljet p\u00e5 Lakewood \u00e4r utformat med ett l\u00f6stagbart batteri som enkelt kan bytas ut vid behov f\u00f6r att f\u00f6rl\u00e4nga [&hellip;]\" \/>\n<meta property=\"og:url\" content=\"https:\/\/urban-vitamin.com\/sv\/produkt\/lakewood-rcs-atervunna-och-reparerbara-tradlosa-oronsnackor-svart\/\" \/>\n<meta property=\"og:site_name\" content=\"Urban Vitamin\" \/>\n<meta property=\"article:modified_time\" content=\"2026-03-12T02:48:11+00:00\" \/>\n<meta property=\"og:image\" content=\"https:\/\/urban-vitamin.com\/wp-content\/uploads\/sites\/5\/2025\/01\/P331.5401__S_0__11ab462f68f0444e8d97114079137294.jpg\" \/>\n\t<meta property=\"og:image:width\" content=\"1024\" \/>\n\t<meta property=\"og:image:height\" content=\"1024\" \/>\n\t<meta property=\"og:image:type\" content=\"image\/jpeg\" \/>\n<meta name=\"twitter:card\" content=\"summary_large_image\" \/>\n<meta name=\"twitter:label1\" content=\"Ber\u00e4knad l\u00e4stid\" \/>\n\t<meta name=\"twitter:data1\" content=\"1 minut\" \/>\n<script type=\"application\/ld+json\" class=\"yoast-schema-graph\">{\"@context\":\"https:\/\/schema.org\",\"@graph\":[{\"@type\":\"WebPage\",\"@id\":\"https:\/\/urban-vitamin.com\/sv\/produkt\/lakewood-rcs-atervunna-och-reparerbara-tradlosa-oronsnackor-svart\/\",\"url\":\"https:\/\/urban-vitamin.com\/sv\/produkt\/lakewood-rcs-atervunna-och-reparerbara-tradlosa-oronsnackor-svart\/\",\"name\":\"Lakewood RCS \u00e5tervunna och reparerbara tr\u00e5dl\u00f6sa \u00f6ronsn\u00e4ckor, svart - Urban Vitamin\",\"isPartOf\":{\"@id\":\"https:\/\/urban-vitamin.com\/sv\/#website\"},\"primaryImageOfPage\":{\"@id\":\"https:\/\/urban-vitamin.com\/sv\/produkt\/lakewood-rcs-atervunna-och-reparerbara-tradlosa-oronsnackor-svart\/#primaryimage\"},\"image\":{\"@id\":\"https:\/\/urban-vitamin.com\/sv\/produkt\/lakewood-rcs-atervunna-och-reparerbara-tradlosa-oronsnackor-svart\/#primaryimage\"},\"thumbnailUrl\":\"https:\/\/urban-vitamin.com\/wp-content\/uploads\/sites\/5\/2025\/01\/P331.5401__S_0__11ab462f68f0444e8d97114079137294.jpg\",\"datePublished\":\"2026-03-12T01:08:40+00:00\",\"dateModified\":\"2026-03-12T02:48:11+00:00\",\"breadcrumb\":{\"@id\":\"https:\/\/urban-vitamin.com\/sv\/produkt\/lakewood-rcs-atervunna-och-reparerbara-tradlosa-oronsnackor-svart\/#breadcrumb\"},\"inLanguage\":\"sv-SE\",\"potentialAction\":[{\"@type\":\"ReadAction\",\"target\":[\"https:\/\/urban-vitamin.com\/sv\/produkt\/lakewood-rcs-atervunna-och-reparerbara-tradlosa-oronsnackor-svart\/\"]}]},{\"@type\":\"ImageObject\",\"inLanguage\":\"sv-SE\",\"@id\":\"https:\/\/urban-vitamin.com\/sv\/produkt\/lakewood-rcs-atervunna-och-reparerbara-tradlosa-oronsnackor-svart\/#primaryimage\",\"url\":\"https:\/\/urban-vitamin.com\/wp-content\/uploads\/sites\/5\/2025\/01\/P331.5401__S_0__11ab462f68f0444e8d97114079137294.jpg\",\"contentUrl\":\"https:\/\/urban-vitamin.com\/wp-content\/uploads\/sites\/5\/2025\/01\/P331.5401__S_0__11ab462f68f0444e8d97114079137294.jpg\",\"width\":1024,\"height\":1024},{\"@type\":\"BreadcrumbList\",\"@id\":\"https:\/\/urban-vitamin.com\/sv\/produkt\/lakewood-rcs-atervunna-och-reparerbara-tradlosa-oronsnackor-svart\/#breadcrumb\",\"itemListElement\":[{\"@type\":\"ListItem\",\"position\":1,\"name\":\"Home\",\"item\":\"https:\/\/urban-vitamin.com\/sv\/\"},{\"@type\":\"ListItem\",\"position\":2,\"name\":\"Kollektion\",\"item\":\"https:\/\/urban-vitamin.com\/sv\/kollektion\/\"},{\"@type\":\"ListItem\",\"position\":3,\"name\":\"Lakewood RCS \u00e5tervunna och reparerbara tr\u00e5dl\u00f6sa \u00f6ronsn\u00e4ckor, svart\"}]},{\"@type\":\"WebSite\",\"@id\":\"https:\/\/urban-vitamin.com\/sv\/#website\",\"url\":\"https:\/\/urban-vitamin.com\/sv\/\",\"name\":\"Urban Vitamin\",\"description\":\"Enjoy your daily dose of Urban Vitamin!\",\"potentialAction\":[{\"@type\":\"SearchAction\",\"target\":{\"@type\":\"EntryPoint\",\"urlTemplate\":\"https:\/\/urban-vitamin.com\/sv\/?s={search_term_string}\"},\"query-input\":{\"@type\":\"PropertyValueSpecification\",\"valueRequired\":true,\"valueName\":\"search_term_string\"}}],\"inLanguage\":\"sv-SE\"}]}<\/script>\n<!-- \/ Yoast SEO plugin. -->","yoast_head_json":{"title":"Lakewood RCS \u00e5tervunna och reparerbara tr\u00e5dl\u00f6sa \u00f6ronsn\u00e4ckor, svart - Urban Vitamin","robots":{"index":"index","follow":"follow","max-snippet":"max-snippet:-1","max-image-preview":"max-image-preview:large","max-video-preview":"max-video-preview:-1"},"canonical":"https:\/\/urban-vitamin.com\/sv\/produkt\/lakewood-rcs-atervunna-och-reparerbara-tradlosa-oronsnackor-svart\/","og_locale":"sv_SE","og_type":"article","og_title":"Lakewood RCS \u00e5tervunna och reparerbara tr\u00e5dl\u00f6sa \u00f6ronsn\u00e4ckor, svart - Urban Vitamin","og_description":"Lakewood-\u00f6ronsn\u00e4ckorna levererar en f\u00f6rstklassig Hi-FI-ljudkvalitet. Med ANC av h\u00f6gsta kvalitet (32 DB) och ENC-l\u00e4ge f\u00f6r supertydliga samtal. Utrustad med 6 mikrofoner och r\u00f6stassistans f\u00f6r att f\u00f6rb\u00e4ttra samtalskvaliteten \u00e4nnu mer. ANC-funktionen kan ocks\u00e5 st\u00e4ngas av i transparensl\u00e4ge. H\u00f6ljet p\u00e5 Lakewood \u00e4r utformat med ett l\u00f6stagbart batteri som enkelt kan bytas ut vid behov f\u00f6r att f\u00f6rl\u00e4nga [&hellip;]","og_url":"https:\/\/urban-vitamin.com\/sv\/produkt\/lakewood-rcs-atervunna-och-reparerbara-tradlosa-oronsnackor-svart\/","og_site_name":"Urban Vitamin","article_modified_time":"2026-03-12T02:48:11+00:00","og_image":[{"width":1024,"height":1024,"url":"https:\/\/urban-vitamin.com\/wp-content\/uploads\/sites\/5\/2025\/01\/P331.5401__S_0__11ab462f68f0444e8d97114079137294.jpg","type":"image\/jpeg"}],"twitter_card":"summary_large_image","twitter_misc":{"Ber\u00e4knad l\u00e4stid":"1 minut"},"schema":{"@context":"https:\/\/schema.org","@graph":[{"@type":"WebPage","@id":"https:\/\/urban-vitamin.com\/sv\/produkt\/lakewood-rcs-atervunna-och-reparerbara-tradlosa-oronsnackor-svart\/","url":"https:\/\/urban-vitamin.com\/sv\/produkt\/lakewood-rcs-atervunna-och-reparerbara-tradlosa-oronsnackor-svart\/","name":"Lakewood RCS \u00e5tervunna och reparerbara tr\u00e5dl\u00f6sa \u00f6ronsn\u00e4ckor, svart - Urban Vitamin","isPartOf":{"@id":"https:\/\/urban-vitamin.com\/sv\/#website"},"primaryImageOfPage":{"@id":"https:\/\/urban-vitamin.com\/sv\/produkt\/lakewood-rcs-atervunna-och-reparerbara-tradlosa-oronsnackor-svart\/#primaryimage"},"image":{"@id":"https:\/\/urban-vitamin.com\/sv\/produkt\/lakewood-rcs-atervunna-och-reparerbara-tradlosa-oronsnackor-svart\/#primaryimage"},"thumbnailUrl":"https:\/\/urban-vitamin.com\/wp-content\/uploads\/sites\/5\/2025\/01\/P331.5401__S_0__11ab462f68f0444e8d97114079137294.jpg","datePublished":"2026-03-12T01:08:40+00:00","dateModified":"2026-03-12T02:48:11+00:00","breadcrumb":{"@id":"https:\/\/urban-vitamin.com\/sv\/produkt\/lakewood-rcs-atervunna-och-reparerbara-tradlosa-oronsnackor-svart\/#breadcrumb"},"inLanguage":"sv-SE","potentialAction":[{"@type":"ReadAction","target":["https:\/\/urban-vitamin.com\/sv\/produkt\/lakewood-rcs-atervunna-och-reparerbara-tradlosa-oronsnackor-svart\/"]}]},{"@type":"ImageObject","inLanguage":"sv-SE","@id":"https:\/\/urban-vitamin.com\/sv\/produkt\/lakewood-rcs-atervunna-och-reparerbara-tradlosa-oronsnackor-svart\/#primaryimage","url":"https:\/\/urban-vitamin.com\/wp-content\/uploads\/sites\/5\/2025\/01\/P331.5401__S_0__11ab462f68f0444e8d97114079137294.jpg","contentUrl":"https:\/\/urban-vitamin.com\/wp-content\/uploads\/sites\/5\/2025\/01\/P331.5401__S_0__11ab462f68f0444e8d97114079137294.jpg","width":1024,"height":1024},{"@type":"BreadcrumbList","@id":"https:\/\/urban-vitamin.com\/sv\/produkt\/lakewood-rcs-atervunna-och-reparerbara-tradlosa-oronsnackor-svart\/#breadcrumb","itemListElement":[{"@type":"ListItem","position":1,"name":"Home","item":"https:\/\/urban-vitamin.com\/sv\/"},{"@type":"ListItem","position":2,"name":"Kollektion","item":"https:\/\/urban-vitamin.com\/sv\/kollektion\/"},{"@type":"ListItem","position":3,"name":"Lakewood RCS \u00e5tervunna och reparerbara tr\u00e5dl\u00f6sa \u00f6ronsn\u00e4ckor, svart"}]},{"@type":"WebSite","@id":"https:\/\/urban-vitamin.com\/sv\/#website","url":"https:\/\/urban-vitamin.com\/sv\/","name":"Urban Vitamin","description":"Enjoy your daily dose of Urban Vitamin!","potentialAction":[{"@type":"SearchAction","target":{"@type":"EntryPoint","urlTemplate":"https:\/\/urban-vitamin.com\/sv\/?s={search_term_string}"},"query-input":{"@type":"PropertyValueSpecification","valueRequired":true,"valueName":"search_term_string"}}],"inLanguage":"sv-SE"}]}},"_links":{"self":[{"href":"https:\/\/urban-vitamin.com\/sv\/wp-json\/wp\/v2\/product\/20013","targetHints":{"allow":["GET"]}}],"collection":[{"href":"https:\/\/urban-vitamin.com\/sv\/wp-json\/wp\/v2\/product"}],"about":[{"href":"https:\/\/urban-vitamin.com\/sv\/wp-json\/wp\/v2\/types\/product"}],"replies":[{"embeddable":true,"href":"https:\/\/urban-vitamin.com\/sv\/wp-json\/wp\/v2\/comments?post=20013"}],"wp:featuredmedia":[{"embeddable":true,"href":"https:\/\/urban-vitamin.com\/sv\/wp-json\/wp\/v2\/media\/22186"}],"wp:attachment":[{"href":"https:\/\/urban-vitamin.com\/sv\/wp-json\/wp\/v2\/media?parent=20013"}],"wp:term":[{"taxonomy":"product_cat","embeddable":true,"href":"https:\/\/urban-vitamin.com\/sv\/wp-json\/wp\/v2\/product_cat?post=20013"},{"taxonomy":"product_tag","embeddable":true,"href":"https:\/\/urban-vitamin.com\/sv\/wp-json\/wp\/v2\/product_tag?post=20013"}],"curies":[{"name":"wp","href":"https:\/\/api.w.org\/{rel}","templated":true}]}}