{"id":20012,"date":"2026-03-12T01:08:40","date_gmt":"2026-03-12T01:08:40","guid":{"rendered":"https:\/\/urban-vitamin.com\/p331-53-product-variation\/"},"modified":"2026-03-12T02:48:10","modified_gmt":"2026-03-12T02:48:10","slug":"irvine-rcs-atervunna-och-reparerbara-tradlosa-horlurar-svart","status":"publish","type":"product","link":"https:\/\/urban-vitamin.com\/sv\/produkt\/irvine-rcs-atervunna-och-reparerbara-tradlosa-horlurar-svart\/","title":{"rendered":"Irvine RCS \u00e5tervunna och reparerbara tr\u00e5dl\u00f6sa h\u00f6rlurar, svart"},"content":{"rendered":"<p>Fantastisk ljudkvalitet och h\u00e5llbar design som g\u00e5r att reparera m\u00f6ts i Irvine-h\u00f6rlurarna. Irvine \u00e4r en premium HI-FI-ljudkvalitetsh\u00f6rlur som \u00e4r utformad f\u00f6r att h\u00e5lla l\u00e4ngre \u00e4n en genomsnittlig h\u00f6rlur. Irvine \u00e4r tillverkad p\u00e5 ett s\u00e4tt som g\u00f6r att du med en enkel reparation kan byta ut \u00f6ronkuddarna, huvudbandet och till och med batteriet vid behov. Med toppmodernt ANC-l\u00e4ge som ocks\u00e5 kan st\u00e4ngas av till transparensl\u00e4ge med ett enkelt klick. Utrustad med 5 ENC-mikrofoner och r\u00f6stassistans f\u00f6r att f\u00f6rb\u00e4ttra samtalskvaliteten \u00e4nnu mer. Med dubbelt anslutningsl\u00e4ge f\u00f6r att ansluta till flera enheter samtidigt. Spel- och samtalstid upp till 40 timmar p\u00e5 en laddning. F\u00f6rutom att \u00f6ronsn\u00e4ckorna g\u00e5r att reparera \u00e4r de tillverkade av \u00e5tervunnen PC-plast. Totalt \u00e5tervunnet inneh\u00e5ll: 32% baserat p\u00e5 artikelns totala vikt. RCS-certifiering s\u00e4kerst\u00e4ller en helt certifierad leveranskedja f\u00f6r de \u00e5tervunna materialen. Urban Vitamin-artiklar \u00e4r tillverkade utan PVC och f\u00f6rpackade i plastreducerade f\u00f6rpackni<\/p>\n","protected":false},"excerpt":{"rendered":"<p>Fantastisk ljudkvalitet och h\u00e5llbar design som g\u00e5r att reparera m\u00f6ts i Irvine-h\u00f6rlurarna. Irvine \u00e4r en premium HI-FI-ljudkvalitetsh\u00f6rlur som \u00e4r utformad f\u00f6r att h\u00e5lla l\u00e4ngre \u00e4n en genomsnittlig h\u00f6rlur. Irvine \u00e4r tillverkad p\u00e5 ett s\u00e4tt som g\u00f6r att du med en enkel reparation kan byta ut \u00f6ronkuddarna, huvudbandet och till och med batteriet vid behov. Med [&hellip;]<\/p>\n","protected":false},"featured_media":19661,"comment_status":"closed","ping_status":"closed","template":"","meta":{"_acf_changed":false,"om_disable_all_campaigns":false},"product_cat":[116,81],"product_tag":[],"class_list":["post-20012","product","type-product","status-publish","has-post-thumbnail","hentry","product_cat-repairables-sv","product_cat-tradlosa-horlurar","pa_color-black"],"acf":[],"yoast_head":"<!-- This site is optimized with the Yoast SEO plugin v27.0 - https:\/\/yoast.com\/product\/yoast-seo-wordpress\/ -->\n<title>Irvine RCS \u00e5tervunna och reparerbara tr\u00e5dl\u00f6sa h\u00f6rlurar, svart - Urban Vitamin<\/title>\n<meta name=\"robots\" content=\"index, follow, max-snippet:-1, max-image-preview:large, max-video-preview:-1\" \/>\n<link rel=\"canonical\" href=\"https:\/\/urban-vitamin.com\/sv\/produkt\/irvine-rcs-atervunna-och-reparerbara-tradlosa-horlurar-svart\/\" \/>\n<meta property=\"og:locale\" content=\"sv_SE\" \/>\n<meta property=\"og:type\" content=\"article\" \/>\n<meta property=\"og:title\" content=\"Irvine RCS \u00e5tervunna och reparerbara tr\u00e5dl\u00f6sa h\u00f6rlurar, svart - Urban Vitamin\" \/>\n<meta property=\"og:description\" content=\"Fantastisk ljudkvalitet och h\u00e5llbar design som g\u00e5r att reparera m\u00f6ts i Irvine-h\u00f6rlurarna. Irvine \u00e4r en premium HI-FI-ljudkvalitetsh\u00f6rlur som \u00e4r utformad f\u00f6r att h\u00e5lla l\u00e4ngre \u00e4n en genomsnittlig h\u00f6rlur. Irvine \u00e4r tillverkad p\u00e5 ett s\u00e4tt som g\u00f6r att du med en enkel reparation kan byta ut \u00f6ronkuddarna, huvudbandet och till och med batteriet vid behov. Med [&hellip;]\" \/>\n<meta property=\"og:url\" content=\"https:\/\/urban-vitamin.com\/sv\/produkt\/irvine-rcs-atervunna-och-reparerbara-tradlosa-horlurar-svart\/\" \/>\n<meta property=\"og:site_name\" content=\"Urban Vitamin\" \/>\n<meta property=\"article:modified_time\" content=\"2026-03-12T02:48:10+00:00\" \/>\n<meta property=\"og:image\" content=\"https:\/\/urban-vitamin.com\/wp-content\/uploads\/sites\/5\/2024\/08\/P331.5301__S_0__774454a96d384ed183d22a8cafbb874d.jpg\" \/>\n\t<meta property=\"og:image:width\" content=\"1024\" \/>\n\t<meta property=\"og:image:height\" content=\"1024\" \/>\n\t<meta property=\"og:image:type\" content=\"image\/jpeg\" \/>\n<meta name=\"twitter:card\" content=\"summary_large_image\" \/>\n<meta name=\"twitter:label1\" content=\"Ber\u00e4knad l\u00e4stid\" \/>\n\t<meta name=\"twitter:data1\" content=\"1 minut\" \/>\n<script type=\"application\/ld+json\" class=\"yoast-schema-graph\">{\"@context\":\"https:\/\/schema.org\",\"@graph\":[{\"@type\":\"WebPage\",\"@id\":\"https:\/\/urban-vitamin.com\/sv\/produkt\/irvine-rcs-atervunna-och-reparerbara-tradlosa-horlurar-svart\/\",\"url\":\"https:\/\/urban-vitamin.com\/sv\/produkt\/irvine-rcs-atervunna-och-reparerbara-tradlosa-horlurar-svart\/\",\"name\":\"Irvine RCS \u00e5tervunna och reparerbara tr\u00e5dl\u00f6sa h\u00f6rlurar, svart - Urban Vitamin\",\"isPartOf\":{\"@id\":\"https:\/\/urban-vitamin.com\/sv\/#website\"},\"primaryImageOfPage\":{\"@id\":\"https:\/\/urban-vitamin.com\/sv\/produkt\/irvine-rcs-atervunna-och-reparerbara-tradlosa-horlurar-svart\/#primaryimage\"},\"image\":{\"@id\":\"https:\/\/urban-vitamin.com\/sv\/produkt\/irvine-rcs-atervunna-och-reparerbara-tradlosa-horlurar-svart\/#primaryimage\"},\"thumbnailUrl\":\"https:\/\/urban-vitamin.com\/wp-content\/uploads\/sites\/5\/2024\/08\/P331.5301__S_0__774454a96d384ed183d22a8cafbb874d.jpg\",\"datePublished\":\"2026-03-12T01:08:40+00:00\",\"dateModified\":\"2026-03-12T02:48:10+00:00\",\"breadcrumb\":{\"@id\":\"https:\/\/urban-vitamin.com\/sv\/produkt\/irvine-rcs-atervunna-och-reparerbara-tradlosa-horlurar-svart\/#breadcrumb\"},\"inLanguage\":\"sv-SE\",\"potentialAction\":[{\"@type\":\"ReadAction\",\"target\":[\"https:\/\/urban-vitamin.com\/sv\/produkt\/irvine-rcs-atervunna-och-reparerbara-tradlosa-horlurar-svart\/\"]}]},{\"@type\":\"ImageObject\",\"inLanguage\":\"sv-SE\",\"@id\":\"https:\/\/urban-vitamin.com\/sv\/produkt\/irvine-rcs-atervunna-och-reparerbara-tradlosa-horlurar-svart\/#primaryimage\",\"url\":\"https:\/\/urban-vitamin.com\/wp-content\/uploads\/sites\/5\/2024\/08\/P331.5301__S_0__774454a96d384ed183d22a8cafbb874d.jpg\",\"contentUrl\":\"https:\/\/urban-vitamin.com\/wp-content\/uploads\/sites\/5\/2024\/08\/P331.5301__S_0__774454a96d384ed183d22a8cafbb874d.jpg\",\"width\":1024,\"height\":1024},{\"@type\":\"BreadcrumbList\",\"@id\":\"https:\/\/urban-vitamin.com\/sv\/produkt\/irvine-rcs-atervunna-och-reparerbara-tradlosa-horlurar-svart\/#breadcrumb\",\"itemListElement\":[{\"@type\":\"ListItem\",\"position\":1,\"name\":\"Home\",\"item\":\"https:\/\/urban-vitamin.com\/sv\/\"},{\"@type\":\"ListItem\",\"position\":2,\"name\":\"Kollektion\",\"item\":\"https:\/\/urban-vitamin.com\/sv\/kollektion\/\"},{\"@type\":\"ListItem\",\"position\":3,\"name\":\"Irvine RCS \u00e5tervunna och reparerbara tr\u00e5dl\u00f6sa h\u00f6rlurar, svart\"}]},{\"@type\":\"WebSite\",\"@id\":\"https:\/\/urban-vitamin.com\/sv\/#website\",\"url\":\"https:\/\/urban-vitamin.com\/sv\/\",\"name\":\"Urban Vitamin\",\"description\":\"Enjoy your daily dose of Urban Vitamin!\",\"potentialAction\":[{\"@type\":\"SearchAction\",\"target\":{\"@type\":\"EntryPoint\",\"urlTemplate\":\"https:\/\/urban-vitamin.com\/sv\/?s={search_term_string}\"},\"query-input\":{\"@type\":\"PropertyValueSpecification\",\"valueRequired\":true,\"valueName\":\"search_term_string\"}}],\"inLanguage\":\"sv-SE\"}]}<\/script>\n<!-- \/ Yoast SEO plugin. -->","yoast_head_json":{"title":"Irvine RCS \u00e5tervunna och reparerbara tr\u00e5dl\u00f6sa h\u00f6rlurar, svart - Urban Vitamin","robots":{"index":"index","follow":"follow","max-snippet":"max-snippet:-1","max-image-preview":"max-image-preview:large","max-video-preview":"max-video-preview:-1"},"canonical":"https:\/\/urban-vitamin.com\/sv\/produkt\/irvine-rcs-atervunna-och-reparerbara-tradlosa-horlurar-svart\/","og_locale":"sv_SE","og_type":"article","og_title":"Irvine RCS \u00e5tervunna och reparerbara tr\u00e5dl\u00f6sa h\u00f6rlurar, svart - Urban Vitamin","og_description":"Fantastisk ljudkvalitet och h\u00e5llbar design som g\u00e5r att reparera m\u00f6ts i Irvine-h\u00f6rlurarna. Irvine \u00e4r en premium HI-FI-ljudkvalitetsh\u00f6rlur som \u00e4r utformad f\u00f6r att h\u00e5lla l\u00e4ngre \u00e4n en genomsnittlig h\u00f6rlur. Irvine \u00e4r tillverkad p\u00e5 ett s\u00e4tt som g\u00f6r att du med en enkel reparation kan byta ut \u00f6ronkuddarna, huvudbandet och till och med batteriet vid behov. Med [&hellip;]","og_url":"https:\/\/urban-vitamin.com\/sv\/produkt\/irvine-rcs-atervunna-och-reparerbara-tradlosa-horlurar-svart\/","og_site_name":"Urban Vitamin","article_modified_time":"2026-03-12T02:48:10+00:00","og_image":[{"width":1024,"height":1024,"url":"https:\/\/urban-vitamin.com\/wp-content\/uploads\/sites\/5\/2024\/08\/P331.5301__S_0__774454a96d384ed183d22a8cafbb874d.jpg","type":"image\/jpeg"}],"twitter_card":"summary_large_image","twitter_misc":{"Ber\u00e4knad l\u00e4stid":"1 minut"},"schema":{"@context":"https:\/\/schema.org","@graph":[{"@type":"WebPage","@id":"https:\/\/urban-vitamin.com\/sv\/produkt\/irvine-rcs-atervunna-och-reparerbara-tradlosa-horlurar-svart\/","url":"https:\/\/urban-vitamin.com\/sv\/produkt\/irvine-rcs-atervunna-och-reparerbara-tradlosa-horlurar-svart\/","name":"Irvine RCS \u00e5tervunna och reparerbara tr\u00e5dl\u00f6sa h\u00f6rlurar, svart - Urban Vitamin","isPartOf":{"@id":"https:\/\/urban-vitamin.com\/sv\/#website"},"primaryImageOfPage":{"@id":"https:\/\/urban-vitamin.com\/sv\/produkt\/irvine-rcs-atervunna-och-reparerbara-tradlosa-horlurar-svart\/#primaryimage"},"image":{"@id":"https:\/\/urban-vitamin.com\/sv\/produkt\/irvine-rcs-atervunna-och-reparerbara-tradlosa-horlurar-svart\/#primaryimage"},"thumbnailUrl":"https:\/\/urban-vitamin.com\/wp-content\/uploads\/sites\/5\/2024\/08\/P331.5301__S_0__774454a96d384ed183d22a8cafbb874d.jpg","datePublished":"2026-03-12T01:08:40+00:00","dateModified":"2026-03-12T02:48:10+00:00","breadcrumb":{"@id":"https:\/\/urban-vitamin.com\/sv\/produkt\/irvine-rcs-atervunna-och-reparerbara-tradlosa-horlurar-svart\/#breadcrumb"},"inLanguage":"sv-SE","potentialAction":[{"@type":"ReadAction","target":["https:\/\/urban-vitamin.com\/sv\/produkt\/irvine-rcs-atervunna-och-reparerbara-tradlosa-horlurar-svart\/"]}]},{"@type":"ImageObject","inLanguage":"sv-SE","@id":"https:\/\/urban-vitamin.com\/sv\/produkt\/irvine-rcs-atervunna-och-reparerbara-tradlosa-horlurar-svart\/#primaryimage","url":"https:\/\/urban-vitamin.com\/wp-content\/uploads\/sites\/5\/2024\/08\/P331.5301__S_0__774454a96d384ed183d22a8cafbb874d.jpg","contentUrl":"https:\/\/urban-vitamin.com\/wp-content\/uploads\/sites\/5\/2024\/08\/P331.5301__S_0__774454a96d384ed183d22a8cafbb874d.jpg","width":1024,"height":1024},{"@type":"BreadcrumbList","@id":"https:\/\/urban-vitamin.com\/sv\/produkt\/irvine-rcs-atervunna-och-reparerbara-tradlosa-horlurar-svart\/#breadcrumb","itemListElement":[{"@type":"ListItem","position":1,"name":"Home","item":"https:\/\/urban-vitamin.com\/sv\/"},{"@type":"ListItem","position":2,"name":"Kollektion","item":"https:\/\/urban-vitamin.com\/sv\/kollektion\/"},{"@type":"ListItem","position":3,"name":"Irvine RCS \u00e5tervunna och reparerbara tr\u00e5dl\u00f6sa h\u00f6rlurar, svart"}]},{"@type":"WebSite","@id":"https:\/\/urban-vitamin.com\/sv\/#website","url":"https:\/\/urban-vitamin.com\/sv\/","name":"Urban Vitamin","description":"Enjoy your daily dose of Urban Vitamin!","potentialAction":[{"@type":"SearchAction","target":{"@type":"EntryPoint","urlTemplate":"https:\/\/urban-vitamin.com\/sv\/?s={search_term_string}"},"query-input":{"@type":"PropertyValueSpecification","valueRequired":true,"valueName":"search_term_string"}}],"inLanguage":"sv-SE"}]}},"_links":{"self":[{"href":"https:\/\/urban-vitamin.com\/sv\/wp-json\/wp\/v2\/product\/20012","targetHints":{"allow":["GET"]}}],"collection":[{"href":"https:\/\/urban-vitamin.com\/sv\/wp-json\/wp\/v2\/product"}],"about":[{"href":"https:\/\/urban-vitamin.com\/sv\/wp-json\/wp\/v2\/types\/product"}],"replies":[{"embeddable":true,"href":"https:\/\/urban-vitamin.com\/sv\/wp-json\/wp\/v2\/comments?post=20012"}],"wp:featuredmedia":[{"embeddable":true,"href":"https:\/\/urban-vitamin.com\/sv\/wp-json\/wp\/v2\/media\/19661"}],"wp:attachment":[{"href":"https:\/\/urban-vitamin.com\/sv\/wp-json\/wp\/v2\/media?parent=20012"}],"wp:term":[{"taxonomy":"product_cat","embeddable":true,"href":"https:\/\/urban-vitamin.com\/sv\/wp-json\/wp\/v2\/product_cat?post=20012"},{"taxonomy":"product_tag","embeddable":true,"href":"https:\/\/urban-vitamin.com\/sv\/wp-json\/wp\/v2\/product_tag?post=20012"}],"curies":[{"name":"wp","href":"https:\/\/api.w.org\/{rel}","templated":true}]}}