{"id":18879,"date":"2026-03-12T01:06:22","date_gmt":"2026-03-12T01:06:22","guid":{"rendered":"https:\/\/urban-vitamin.com\/urban-vitamin-stockton-65w-atervunnen-magnetkabel-i-rtpe-pet-vit\/"},"modified":"2026-03-12T02:46:18","modified_gmt":"2026-03-12T02:46:18","slug":"stockton-65w-magnetkabel-i-atervunnen-rtpe-pet-vit","status":"publish","type":"product","link":"https:\/\/urban-vitamin.com\/sv\/produkt\/stockton-65w-magnetkabel-i-atervunnen-rtpe-pet-vit\/","title":{"rendered":"Stockton 65W magnetkabel i \u00e5tervunnen rTPE\/PET, vit"},"content":{"rendered":"<p>Stockton 120 cm magnetisk laddkabel, uformad f\u00f6r att revolutionera din laddningsup. Den magnetiska designen g\u00f6r det enkelt att organisera kablarna, undvika trassliga kablar och \u00e4r b\u00e4rbar s\u00e5 att du kan ta med den \u00f6verallt. Stockton passar din livsstil p\u00e5 spr\u00e5ng och erbjuder b\u00e5de USB Type-C- och USB-A-ing\u00e5ngar, vilket s\u00e4kerst\u00e4ller kompatibilitet med olika enheter. Med iOS- och Type-C-utg\u00e5ngar \u00e4r den tillr\u00e4ckligt m\u00e5ngsidig f\u00f6r att ladda din iPhone, Android-enhet eller laptop !Stockton \u00e4r inte bara en laddningskabel; den \u00e4r din go-to f\u00f6r s\u00f6ml\u00f6s data\u00f6verf\u00f6ring, synkronisering av filer, foton och musik mellan enheter med blixtens hastighet. Med en robust laddningskapacitet p\u00e5 65 W f\u00f6r\u00e4ndrar den spelreglerna f\u00f6r b\u00e5de mobila enheter och b\u00e4rbara datorer. Stockton \u00e4r tillverkad av RCS-certifierad (Recycled Claim Standard) \u00e5tervunnen ABS. Totalt \u00e5tervunnet inneh\u00e5ll: 30 % baserat p\u00e5 artikelns totala vikt. Urban Vitamin-artiklar \u00e4r tillverkade utan PVC och f\u00f6rpackade i plastreducerade f\u00f6rpackningar<\/p>\n","protected":false},"excerpt":{"rendered":"<p>Stockton 120 cm magnetisk laddkabel, uformad f\u00f6r att revolutionera din laddningsup. Den magnetiska designen g\u00f6r det enkelt att organisera kablarna, undvika trassliga kablar och \u00e4r b\u00e4rbar s\u00e5 att du kan ta med den \u00f6verallt. Stockton passar din livsstil p\u00e5 spr\u00e5ng och erbjuder b\u00e5de USB Type-C- och USB-A-ing\u00e5ngar, vilket s\u00e4kerst\u00e4ller kompatibilitet med olika enheter. Med iOS- [&hellip;]<\/p>\n","protected":false},"featured_media":19175,"comment_status":"closed","ping_status":"closed","template":"","meta":{"_acf_changed":false,"om_disable_all_campaigns":false},"product_cat":[87],"product_tag":[],"class_list":["post-18879","product","type-product","status-publish","has-post-thumbnail","hentry","product_cat-kablar","pa_color-white"],"acf":[],"yoast_head":"<!-- This site is optimized with the Yoast SEO plugin v27.0 - https:\/\/yoast.com\/product\/yoast-seo-wordpress\/ -->\n<title>Stockton 65W magnetkabel i \u00e5tervunnen rTPE\/PET, vit - Urban Vitamin<\/title>\n<meta name=\"robots\" content=\"index, follow, max-snippet:-1, max-image-preview:large, max-video-preview:-1\" \/>\n<link rel=\"canonical\" href=\"https:\/\/urban-vitamin.com\/sv\/produkt\/stockton-65w-magnetkabel-i-atervunnen-rtpe-pet-vit\/\" \/>\n<meta property=\"og:locale\" content=\"sv_SE\" \/>\n<meta property=\"og:type\" content=\"article\" \/>\n<meta property=\"og:title\" content=\"Stockton 65W magnetkabel i \u00e5tervunnen rTPE\/PET, vit - Urban Vitamin\" \/>\n<meta property=\"og:description\" content=\"Stockton 120 cm magnetisk laddkabel, uformad f\u00f6r att revolutionera din laddningsup. Den magnetiska designen g\u00f6r det enkelt att organisera kablarna, undvika trassliga kablar och \u00e4r b\u00e4rbar s\u00e5 att du kan ta med den \u00f6verallt. Stockton passar din livsstil p\u00e5 spr\u00e5ng och erbjuder b\u00e5de USB Type-C- och USB-A-ing\u00e5ngar, vilket s\u00e4kerst\u00e4ller kompatibilitet med olika enheter. Med iOS- [&hellip;]\" \/>\n<meta property=\"og:url\" content=\"https:\/\/urban-vitamin.com\/sv\/produkt\/stockton-65w-magnetkabel-i-atervunnen-rtpe-pet-vit\/\" \/>\n<meta property=\"og:site_name\" content=\"Urban Vitamin\" \/>\n<meta property=\"article:modified_time\" content=\"2026-03-12T02:46:18+00:00\" \/>\n<meta property=\"og:image\" content=\"https:\/\/urban-vitamin.com\/wp-content\/uploads\/sites\/5\/2024\/05\/P302.7103__S_0__0ab979dcfd3942d6a9cadcdd4755dde5.jpg\" \/>\n\t<meta property=\"og:image:width\" content=\"1024\" \/>\n\t<meta property=\"og:image:height\" content=\"1024\" \/>\n\t<meta property=\"og:image:type\" content=\"image\/jpeg\" \/>\n<meta name=\"twitter:card\" content=\"summary_large_image\" \/>\n<meta name=\"twitter:label1\" content=\"Ber\u00e4knad l\u00e4stid\" \/>\n\t<meta name=\"twitter:data1\" content=\"1 minut\" \/>\n<script type=\"application\/ld+json\" class=\"yoast-schema-graph\">{\"@context\":\"https:\/\/schema.org\",\"@graph\":[{\"@type\":\"WebPage\",\"@id\":\"https:\/\/urban-vitamin.com\/sv\/produkt\/stockton-65w-magnetkabel-i-atervunnen-rtpe-pet-vit\/\",\"url\":\"https:\/\/urban-vitamin.com\/sv\/produkt\/stockton-65w-magnetkabel-i-atervunnen-rtpe-pet-vit\/\",\"name\":\"Stockton 65W magnetkabel i \u00e5tervunnen rTPE\/PET, vit - Urban Vitamin\",\"isPartOf\":{\"@id\":\"https:\/\/urban-vitamin.com\/sv\/#website\"},\"primaryImageOfPage\":{\"@id\":\"https:\/\/urban-vitamin.com\/sv\/produkt\/stockton-65w-magnetkabel-i-atervunnen-rtpe-pet-vit\/#primaryimage\"},\"image\":{\"@id\":\"https:\/\/urban-vitamin.com\/sv\/produkt\/stockton-65w-magnetkabel-i-atervunnen-rtpe-pet-vit\/#primaryimage\"},\"thumbnailUrl\":\"https:\/\/urban-vitamin.com\/wp-content\/uploads\/sites\/5\/2024\/05\/P302.7103__S_0__0ab979dcfd3942d6a9cadcdd4755dde5.jpg\",\"datePublished\":\"2026-03-12T01:06:22+00:00\",\"dateModified\":\"2026-03-12T02:46:18+00:00\",\"breadcrumb\":{\"@id\":\"https:\/\/urban-vitamin.com\/sv\/produkt\/stockton-65w-magnetkabel-i-atervunnen-rtpe-pet-vit\/#breadcrumb\"},\"inLanguage\":\"sv-SE\",\"potentialAction\":[{\"@type\":\"ReadAction\",\"target\":[\"https:\/\/urban-vitamin.com\/sv\/produkt\/stockton-65w-magnetkabel-i-atervunnen-rtpe-pet-vit\/\"]}]},{\"@type\":\"ImageObject\",\"inLanguage\":\"sv-SE\",\"@id\":\"https:\/\/urban-vitamin.com\/sv\/produkt\/stockton-65w-magnetkabel-i-atervunnen-rtpe-pet-vit\/#primaryimage\",\"url\":\"https:\/\/urban-vitamin.com\/wp-content\/uploads\/sites\/5\/2024\/05\/P302.7103__S_0__0ab979dcfd3942d6a9cadcdd4755dde5.jpg\",\"contentUrl\":\"https:\/\/urban-vitamin.com\/wp-content\/uploads\/sites\/5\/2024\/05\/P302.7103__S_0__0ab979dcfd3942d6a9cadcdd4755dde5.jpg\",\"width\":1024,\"height\":1024},{\"@type\":\"BreadcrumbList\",\"@id\":\"https:\/\/urban-vitamin.com\/sv\/produkt\/stockton-65w-magnetkabel-i-atervunnen-rtpe-pet-vit\/#breadcrumb\",\"itemListElement\":[{\"@type\":\"ListItem\",\"position\":1,\"name\":\"Home\",\"item\":\"https:\/\/urban-vitamin.com\/sv\/\"},{\"@type\":\"ListItem\",\"position\":2,\"name\":\"Kollektion\",\"item\":\"https:\/\/urban-vitamin.com\/sv\/kollektion\/\"},{\"@type\":\"ListItem\",\"position\":3,\"name\":\"Stockton 65W magnetkabel i \u00e5tervunnen rTPE\/PET, vit\"}]},{\"@type\":\"WebSite\",\"@id\":\"https:\/\/urban-vitamin.com\/sv\/#website\",\"url\":\"https:\/\/urban-vitamin.com\/sv\/\",\"name\":\"Urban Vitamin\",\"description\":\"Enjoy your daily dose of Urban Vitamin!\",\"potentialAction\":[{\"@type\":\"SearchAction\",\"target\":{\"@type\":\"EntryPoint\",\"urlTemplate\":\"https:\/\/urban-vitamin.com\/sv\/?s={search_term_string}\"},\"query-input\":{\"@type\":\"PropertyValueSpecification\",\"valueRequired\":true,\"valueName\":\"search_term_string\"}}],\"inLanguage\":\"sv-SE\"}]}<\/script>\n<!-- \/ Yoast SEO plugin. -->","yoast_head_json":{"title":"Stockton 65W magnetkabel i \u00e5tervunnen rTPE\/PET, vit - Urban Vitamin","robots":{"index":"index","follow":"follow","max-snippet":"max-snippet:-1","max-image-preview":"max-image-preview:large","max-video-preview":"max-video-preview:-1"},"canonical":"https:\/\/urban-vitamin.com\/sv\/produkt\/stockton-65w-magnetkabel-i-atervunnen-rtpe-pet-vit\/","og_locale":"sv_SE","og_type":"article","og_title":"Stockton 65W magnetkabel i \u00e5tervunnen rTPE\/PET, vit - Urban Vitamin","og_description":"Stockton 120 cm magnetisk laddkabel, uformad f\u00f6r att revolutionera din laddningsup. Den magnetiska designen g\u00f6r det enkelt att organisera kablarna, undvika trassliga kablar och \u00e4r b\u00e4rbar s\u00e5 att du kan ta med den \u00f6verallt. Stockton passar din livsstil p\u00e5 spr\u00e5ng och erbjuder b\u00e5de USB Type-C- och USB-A-ing\u00e5ngar, vilket s\u00e4kerst\u00e4ller kompatibilitet med olika enheter. Med iOS- [&hellip;]","og_url":"https:\/\/urban-vitamin.com\/sv\/produkt\/stockton-65w-magnetkabel-i-atervunnen-rtpe-pet-vit\/","og_site_name":"Urban Vitamin","article_modified_time":"2026-03-12T02:46:18+00:00","og_image":[{"width":1024,"height":1024,"url":"https:\/\/urban-vitamin.com\/wp-content\/uploads\/sites\/5\/2024\/05\/P302.7103__S_0__0ab979dcfd3942d6a9cadcdd4755dde5.jpg","type":"image\/jpeg"}],"twitter_card":"summary_large_image","twitter_misc":{"Ber\u00e4knad l\u00e4stid":"1 minut"},"schema":{"@context":"https:\/\/schema.org","@graph":[{"@type":"WebPage","@id":"https:\/\/urban-vitamin.com\/sv\/produkt\/stockton-65w-magnetkabel-i-atervunnen-rtpe-pet-vit\/","url":"https:\/\/urban-vitamin.com\/sv\/produkt\/stockton-65w-magnetkabel-i-atervunnen-rtpe-pet-vit\/","name":"Stockton 65W magnetkabel i \u00e5tervunnen rTPE\/PET, vit - Urban Vitamin","isPartOf":{"@id":"https:\/\/urban-vitamin.com\/sv\/#website"},"primaryImageOfPage":{"@id":"https:\/\/urban-vitamin.com\/sv\/produkt\/stockton-65w-magnetkabel-i-atervunnen-rtpe-pet-vit\/#primaryimage"},"image":{"@id":"https:\/\/urban-vitamin.com\/sv\/produkt\/stockton-65w-magnetkabel-i-atervunnen-rtpe-pet-vit\/#primaryimage"},"thumbnailUrl":"https:\/\/urban-vitamin.com\/wp-content\/uploads\/sites\/5\/2024\/05\/P302.7103__S_0__0ab979dcfd3942d6a9cadcdd4755dde5.jpg","datePublished":"2026-03-12T01:06:22+00:00","dateModified":"2026-03-12T02:46:18+00:00","breadcrumb":{"@id":"https:\/\/urban-vitamin.com\/sv\/produkt\/stockton-65w-magnetkabel-i-atervunnen-rtpe-pet-vit\/#breadcrumb"},"inLanguage":"sv-SE","potentialAction":[{"@type":"ReadAction","target":["https:\/\/urban-vitamin.com\/sv\/produkt\/stockton-65w-magnetkabel-i-atervunnen-rtpe-pet-vit\/"]}]},{"@type":"ImageObject","inLanguage":"sv-SE","@id":"https:\/\/urban-vitamin.com\/sv\/produkt\/stockton-65w-magnetkabel-i-atervunnen-rtpe-pet-vit\/#primaryimage","url":"https:\/\/urban-vitamin.com\/wp-content\/uploads\/sites\/5\/2024\/05\/P302.7103__S_0__0ab979dcfd3942d6a9cadcdd4755dde5.jpg","contentUrl":"https:\/\/urban-vitamin.com\/wp-content\/uploads\/sites\/5\/2024\/05\/P302.7103__S_0__0ab979dcfd3942d6a9cadcdd4755dde5.jpg","width":1024,"height":1024},{"@type":"BreadcrumbList","@id":"https:\/\/urban-vitamin.com\/sv\/produkt\/stockton-65w-magnetkabel-i-atervunnen-rtpe-pet-vit\/#breadcrumb","itemListElement":[{"@type":"ListItem","position":1,"name":"Home","item":"https:\/\/urban-vitamin.com\/sv\/"},{"@type":"ListItem","position":2,"name":"Kollektion","item":"https:\/\/urban-vitamin.com\/sv\/kollektion\/"},{"@type":"ListItem","position":3,"name":"Stockton 65W magnetkabel i \u00e5tervunnen rTPE\/PET, vit"}]},{"@type":"WebSite","@id":"https:\/\/urban-vitamin.com\/sv\/#website","url":"https:\/\/urban-vitamin.com\/sv\/","name":"Urban Vitamin","description":"Enjoy your daily dose of Urban Vitamin!","potentialAction":[{"@type":"SearchAction","target":{"@type":"EntryPoint","urlTemplate":"https:\/\/urban-vitamin.com\/sv\/?s={search_term_string}"},"query-input":{"@type":"PropertyValueSpecification","valueRequired":true,"valueName":"search_term_string"}}],"inLanguage":"sv-SE"}]}},"_links":{"self":[{"href":"https:\/\/urban-vitamin.com\/sv\/wp-json\/wp\/v2\/product\/18879","targetHints":{"allow":["GET"]}}],"collection":[{"href":"https:\/\/urban-vitamin.com\/sv\/wp-json\/wp\/v2\/product"}],"about":[{"href":"https:\/\/urban-vitamin.com\/sv\/wp-json\/wp\/v2\/types\/product"}],"replies":[{"embeddable":true,"href":"https:\/\/urban-vitamin.com\/sv\/wp-json\/wp\/v2\/comments?post=18879"}],"wp:featuredmedia":[{"embeddable":true,"href":"https:\/\/urban-vitamin.com\/sv\/wp-json\/wp\/v2\/media\/19175"}],"wp:attachment":[{"href":"https:\/\/urban-vitamin.com\/sv\/wp-json\/wp\/v2\/media?parent=18879"}],"wp:term":[{"taxonomy":"product_cat","embeddable":true,"href":"https:\/\/urban-vitamin.com\/sv\/wp-json\/wp\/v2\/product_cat?post=18879"},{"taxonomy":"product_tag","embeddable":true,"href":"https:\/\/urban-vitamin.com\/sv\/wp-json\/wp\/v2\/product_tag?post=18879"}],"curies":[{"name":"wp","href":"https:\/\/api.w.org\/{rel}","templated":true}]}}