{"id":11464,"date":"2026-03-12T01:08:40","date_gmt":"2026-03-12T01:08:40","guid":{"rendered":"https:\/\/urban-vitamin.com\/p331-52-product-variation\/"},"modified":"2026-04-15T01:46:39","modified_gmt":"2026-04-15T01:46:39","slug":"palmdale-16w-hogtalare-ipx7-rcs-rplast-svart","status":"publish","type":"product","link":"https:\/\/urban-vitamin.com\/sv\/produkt\/palmdale-16w-hogtalare-ipx7-rcs-rplast-svart\/","title":{"rendered":"Palmdale 16W h\u00f6gtalare IPX7 RCS rplast, svart"},"content":{"rendered":"<p>Palmdale tr\u00e5dl\u00f6sa h\u00f6gtalare ger dig friheten att njuta av din musik utan n\u00e5gra begr\u00e4nsningar. Denna robusta 16W-h\u00f6gtalare \u00e4r gjord f\u00f6r att klara olika f\u00f6rh\u00e5llanden och erbjuder allt du beh\u00f6ver f\u00f6r en uppslukande musikupplevelse. Det praktiska integrerade nyckelbandet och den h\u00e5llbara, IPX 7-vattent\u00e5liga designen g\u00f6r att du kan ta med dig dina favoritl\u00e5tar vart du \u00e4n g\u00e5r. Dessutom har du m\u00f6jlighet att ansluta tv\u00e5 h\u00f6gtalare tillsammans med stereoparningsfunktionen, vilket skapar en autentisk stereoljudsupplevelse. Speltid i upp till 10 timmar p\u00e5 en enda laddning. De dubbla subwoofrarna ger dig en o\u00f6vertr\u00e4ffad basupplevelse. Palmdale \u00e4r tillverkad av RCS-certifierad (Recycled Claim Standard) \u00e5tervunnen ABS och \u00e5tervunnen PET. Totalt \u00e5tervunnet inneh\u00e5ll: 38% baserat p\u00e5 total produktvikt. RCS-certifiering s\u00e4kerst\u00e4ller en helt certifierad leveranskedja av de \u00e5tervunna materialen. Urban Vitamin produkter \u00e4r PVC-fria och levereras i en plastreducerad f\u00f6rpackning.<\/p>\n","protected":false},"excerpt":{"rendered":"<p>Palmdale tr\u00e5dl\u00f6sa h\u00f6gtalare ger dig friheten att njuta av din musik utan n\u00e5gra begr\u00e4nsningar. Denna robusta 16W-h\u00f6gtalare \u00e4r gjord f\u00f6r att klara olika f\u00f6rh\u00e5llanden och erbjuder allt du beh\u00f6ver f\u00f6r en uppslukande musikupplevelse. Det praktiska integrerade nyckelbandet och den h\u00e5llbara, IPX 7-vattent\u00e5liga designen g\u00f6r att du kan ta med dig dina favoritl\u00e5tar vart du \u00e4n [&hellip;]<\/p>\n","protected":false},"featured_media":19084,"comment_status":"closed","ping_status":"closed","template":"","meta":{"_acf_changed":false,"om_disable_all_campaigns":false},"product_cat":[83],"product_tag":[],"class_list":["post-11464","product","type-product","status-publish","has-post-thumbnail","hentry","product_cat-hogtalare","pa_color-black"],"acf":[],"yoast_head":"<!-- This site is optimized with the Yoast SEO plugin v27.0 - https:\/\/yoast.com\/product\/yoast-seo-wordpress\/ -->\n<title>Palmdale 16W h\u00f6gtalare IPX7 RCS rplast, svart - Urban Vitamin<\/title>\n<meta name=\"robots\" content=\"index, follow, max-snippet:-1, max-image-preview:large, max-video-preview:-1\" \/>\n<link rel=\"canonical\" href=\"https:\/\/urban-vitamin.com\/sv\/produkt\/palmdale-16w-hogtalare-ipx7-rcs-rplast-svart\/\" \/>\n<meta property=\"og:locale\" content=\"sv_SE\" \/>\n<meta property=\"og:type\" content=\"article\" \/>\n<meta property=\"og:title\" content=\"Palmdale 16W h\u00f6gtalare IPX7 RCS rplast, svart - Urban Vitamin\" \/>\n<meta property=\"og:description\" content=\"Palmdale tr\u00e5dl\u00f6sa h\u00f6gtalare ger dig friheten att njuta av din musik utan n\u00e5gra begr\u00e4nsningar. Denna robusta 16W-h\u00f6gtalare \u00e4r gjord f\u00f6r att klara olika f\u00f6rh\u00e5llanden och erbjuder allt du beh\u00f6ver f\u00f6r en uppslukande musikupplevelse. Det praktiska integrerade nyckelbandet och den h\u00e5llbara, IPX 7-vattent\u00e5liga designen g\u00f6r att du kan ta med dig dina favoritl\u00e5tar vart du \u00e4n [&hellip;]\" \/>\n<meta property=\"og:url\" content=\"https:\/\/urban-vitamin.com\/sv\/produkt\/palmdale-16w-hogtalare-ipx7-rcs-rplast-svart\/\" \/>\n<meta property=\"og:site_name\" content=\"Urban Vitamin\" \/>\n<meta property=\"article:modified_time\" content=\"2026-04-15T01:46:39+00:00\" \/>\n<meta property=\"og:image\" content=\"https:\/\/urban-vitamin.com\/wp-content\/uploads\/sites\/5\/2024\/05\/P331.521__S_0__bd1502e3bc8c4e5e9bc914b252fe4d7c.jpg\" \/>\n\t<meta property=\"og:image:width\" content=\"1024\" \/>\n\t<meta property=\"og:image:height\" content=\"1024\" \/>\n\t<meta property=\"og:image:type\" content=\"image\/jpeg\" \/>\n<meta name=\"twitter:card\" content=\"summary_large_image\" \/>\n<meta name=\"twitter:label1\" content=\"Ber\u00e4knad l\u00e4stid\" \/>\n\t<meta name=\"twitter:data1\" content=\"1 minut\" \/>\n<script type=\"application\/ld+json\" class=\"yoast-schema-graph\">{\"@context\":\"https:\/\/schema.org\",\"@graph\":[{\"@type\":\"WebPage\",\"@id\":\"https:\/\/urban-vitamin.com\/sv\/produkt\/palmdale-16w-hogtalare-ipx7-rcs-rplast-svart\/\",\"url\":\"https:\/\/urban-vitamin.com\/sv\/produkt\/palmdale-16w-hogtalare-ipx7-rcs-rplast-svart\/\",\"name\":\"Palmdale 16W h\u00f6gtalare IPX7 RCS rplast, svart - Urban Vitamin\",\"isPartOf\":{\"@id\":\"https:\/\/urban-vitamin.com\/sv\/#website\"},\"primaryImageOfPage\":{\"@id\":\"https:\/\/urban-vitamin.com\/sv\/produkt\/palmdale-16w-hogtalare-ipx7-rcs-rplast-svart\/#primaryimage\"},\"image\":{\"@id\":\"https:\/\/urban-vitamin.com\/sv\/produkt\/palmdale-16w-hogtalare-ipx7-rcs-rplast-svart\/#primaryimage\"},\"thumbnailUrl\":\"https:\/\/urban-vitamin.com\/wp-content\/uploads\/sites\/5\/2024\/05\/P331.521__S_0__bd1502e3bc8c4e5e9bc914b252fe4d7c.jpg\",\"datePublished\":\"2026-03-12T01:08:40+00:00\",\"dateModified\":\"2026-04-15T01:46:39+00:00\",\"breadcrumb\":{\"@id\":\"https:\/\/urban-vitamin.com\/sv\/produkt\/palmdale-16w-hogtalare-ipx7-rcs-rplast-svart\/#breadcrumb\"},\"inLanguage\":\"sv-SE\",\"potentialAction\":[{\"@type\":\"ReadAction\",\"target\":[\"https:\/\/urban-vitamin.com\/sv\/produkt\/palmdale-16w-hogtalare-ipx7-rcs-rplast-svart\/\"]}]},{\"@type\":\"ImageObject\",\"inLanguage\":\"sv-SE\",\"@id\":\"https:\/\/urban-vitamin.com\/sv\/produkt\/palmdale-16w-hogtalare-ipx7-rcs-rplast-svart\/#primaryimage\",\"url\":\"https:\/\/urban-vitamin.com\/wp-content\/uploads\/sites\/5\/2024\/05\/P331.521__S_0__bd1502e3bc8c4e5e9bc914b252fe4d7c.jpg\",\"contentUrl\":\"https:\/\/urban-vitamin.com\/wp-content\/uploads\/sites\/5\/2024\/05\/P331.521__S_0__bd1502e3bc8c4e5e9bc914b252fe4d7c.jpg\",\"width\":1024,\"height\":1024},{\"@type\":\"BreadcrumbList\",\"@id\":\"https:\/\/urban-vitamin.com\/sv\/produkt\/palmdale-16w-hogtalare-ipx7-rcs-rplast-svart\/#breadcrumb\",\"itemListElement\":[{\"@type\":\"ListItem\",\"position\":1,\"name\":\"Home\",\"item\":\"https:\/\/urban-vitamin.com\/sv\/\"},{\"@type\":\"ListItem\",\"position\":2,\"name\":\"Kollektion\",\"item\":\"https:\/\/urban-vitamin.com\/sv\/kollektion\/\"},{\"@type\":\"ListItem\",\"position\":3,\"name\":\"Palmdale 16W h\u00f6gtalare IPX7 RCS rplast, svart\"}]},{\"@type\":\"WebSite\",\"@id\":\"https:\/\/urban-vitamin.com\/sv\/#website\",\"url\":\"https:\/\/urban-vitamin.com\/sv\/\",\"name\":\"Urban Vitamin\",\"description\":\"Enjoy your daily dose of Urban Vitamin!\",\"potentialAction\":[{\"@type\":\"SearchAction\",\"target\":{\"@type\":\"EntryPoint\",\"urlTemplate\":\"https:\/\/urban-vitamin.com\/sv\/?s={search_term_string}\"},\"query-input\":{\"@type\":\"PropertyValueSpecification\",\"valueRequired\":true,\"valueName\":\"search_term_string\"}}],\"inLanguage\":\"sv-SE\"}]}<\/script>\n<!-- \/ Yoast SEO plugin. -->","yoast_head_json":{"title":"Palmdale 16W h\u00f6gtalare IPX7 RCS rplast, svart - Urban Vitamin","robots":{"index":"index","follow":"follow","max-snippet":"max-snippet:-1","max-image-preview":"max-image-preview:large","max-video-preview":"max-video-preview:-1"},"canonical":"https:\/\/urban-vitamin.com\/sv\/produkt\/palmdale-16w-hogtalare-ipx7-rcs-rplast-svart\/","og_locale":"sv_SE","og_type":"article","og_title":"Palmdale 16W h\u00f6gtalare IPX7 RCS rplast, svart - Urban Vitamin","og_description":"Palmdale tr\u00e5dl\u00f6sa h\u00f6gtalare ger dig friheten att njuta av din musik utan n\u00e5gra begr\u00e4nsningar. Denna robusta 16W-h\u00f6gtalare \u00e4r gjord f\u00f6r att klara olika f\u00f6rh\u00e5llanden och erbjuder allt du beh\u00f6ver f\u00f6r en uppslukande musikupplevelse. Det praktiska integrerade nyckelbandet och den h\u00e5llbara, IPX 7-vattent\u00e5liga designen g\u00f6r att du kan ta med dig dina favoritl\u00e5tar vart du \u00e4n [&hellip;]","og_url":"https:\/\/urban-vitamin.com\/sv\/produkt\/palmdale-16w-hogtalare-ipx7-rcs-rplast-svart\/","og_site_name":"Urban Vitamin","article_modified_time":"2026-04-15T01:46:39+00:00","og_image":[{"width":1024,"height":1024,"url":"https:\/\/urban-vitamin.com\/wp-content\/uploads\/sites\/5\/2024\/05\/P331.521__S_0__bd1502e3bc8c4e5e9bc914b252fe4d7c.jpg","type":"image\/jpeg"}],"twitter_card":"summary_large_image","twitter_misc":{"Ber\u00e4knad l\u00e4stid":"1 minut"},"schema":{"@context":"https:\/\/schema.org","@graph":[{"@type":"WebPage","@id":"https:\/\/urban-vitamin.com\/sv\/produkt\/palmdale-16w-hogtalare-ipx7-rcs-rplast-svart\/","url":"https:\/\/urban-vitamin.com\/sv\/produkt\/palmdale-16w-hogtalare-ipx7-rcs-rplast-svart\/","name":"Palmdale 16W h\u00f6gtalare IPX7 RCS rplast, svart - Urban Vitamin","isPartOf":{"@id":"https:\/\/urban-vitamin.com\/sv\/#website"},"primaryImageOfPage":{"@id":"https:\/\/urban-vitamin.com\/sv\/produkt\/palmdale-16w-hogtalare-ipx7-rcs-rplast-svart\/#primaryimage"},"image":{"@id":"https:\/\/urban-vitamin.com\/sv\/produkt\/palmdale-16w-hogtalare-ipx7-rcs-rplast-svart\/#primaryimage"},"thumbnailUrl":"https:\/\/urban-vitamin.com\/wp-content\/uploads\/sites\/5\/2024\/05\/P331.521__S_0__bd1502e3bc8c4e5e9bc914b252fe4d7c.jpg","datePublished":"2026-03-12T01:08:40+00:00","dateModified":"2026-04-15T01:46:39+00:00","breadcrumb":{"@id":"https:\/\/urban-vitamin.com\/sv\/produkt\/palmdale-16w-hogtalare-ipx7-rcs-rplast-svart\/#breadcrumb"},"inLanguage":"sv-SE","potentialAction":[{"@type":"ReadAction","target":["https:\/\/urban-vitamin.com\/sv\/produkt\/palmdale-16w-hogtalare-ipx7-rcs-rplast-svart\/"]}]},{"@type":"ImageObject","inLanguage":"sv-SE","@id":"https:\/\/urban-vitamin.com\/sv\/produkt\/palmdale-16w-hogtalare-ipx7-rcs-rplast-svart\/#primaryimage","url":"https:\/\/urban-vitamin.com\/wp-content\/uploads\/sites\/5\/2024\/05\/P331.521__S_0__bd1502e3bc8c4e5e9bc914b252fe4d7c.jpg","contentUrl":"https:\/\/urban-vitamin.com\/wp-content\/uploads\/sites\/5\/2024\/05\/P331.521__S_0__bd1502e3bc8c4e5e9bc914b252fe4d7c.jpg","width":1024,"height":1024},{"@type":"BreadcrumbList","@id":"https:\/\/urban-vitamin.com\/sv\/produkt\/palmdale-16w-hogtalare-ipx7-rcs-rplast-svart\/#breadcrumb","itemListElement":[{"@type":"ListItem","position":1,"name":"Home","item":"https:\/\/urban-vitamin.com\/sv\/"},{"@type":"ListItem","position":2,"name":"Kollektion","item":"https:\/\/urban-vitamin.com\/sv\/kollektion\/"},{"@type":"ListItem","position":3,"name":"Palmdale 16W h\u00f6gtalare IPX7 RCS rplast, svart"}]},{"@type":"WebSite","@id":"https:\/\/urban-vitamin.com\/sv\/#website","url":"https:\/\/urban-vitamin.com\/sv\/","name":"Urban Vitamin","description":"Enjoy your daily dose of Urban Vitamin!","potentialAction":[{"@type":"SearchAction","target":{"@type":"EntryPoint","urlTemplate":"https:\/\/urban-vitamin.com\/sv\/?s={search_term_string}"},"query-input":{"@type":"PropertyValueSpecification","valueRequired":true,"valueName":"search_term_string"}}],"inLanguage":"sv-SE"}]}},"_links":{"self":[{"href":"https:\/\/urban-vitamin.com\/sv\/wp-json\/wp\/v2\/product\/11464","targetHints":{"allow":["GET"]}}],"collection":[{"href":"https:\/\/urban-vitamin.com\/sv\/wp-json\/wp\/v2\/product"}],"about":[{"href":"https:\/\/urban-vitamin.com\/sv\/wp-json\/wp\/v2\/types\/product"}],"replies":[{"embeddable":true,"href":"https:\/\/urban-vitamin.com\/sv\/wp-json\/wp\/v2\/comments?post=11464"}],"wp:featuredmedia":[{"embeddable":true,"href":"https:\/\/urban-vitamin.com\/sv\/wp-json\/wp\/v2\/media\/19084"}],"wp:attachment":[{"href":"https:\/\/urban-vitamin.com\/sv\/wp-json\/wp\/v2\/media?parent=11464"}],"wp:term":[{"taxonomy":"product_cat","embeddable":true,"href":"https:\/\/urban-vitamin.com\/sv\/wp-json\/wp\/v2\/product_cat?post=11464"},{"taxonomy":"product_tag","embeddable":true,"href":"https:\/\/urban-vitamin.com\/sv\/wp-json\/wp\/v2\/product_tag?post=11464"}],"curies":[{"name":"wp","href":"https:\/\/api.w.org\/{rel}","templated":true}]}}