{"id":10561,"date":"2026-03-12T01:06:52","date_gmt":"2026-03-12T01:06:52","guid":{"rendered":"https:\/\/urban-vitamin.com\/urban-vitamin-compton-rcs-plast-aluminium-10000mah-powerbank-svart\/"},"modified":"2026-03-12T02:46:43","modified_gmt":"2026-03-12T02:46:43","slug":"compton-rcs-plast-aluminium-10000mah-powerbank-svart","status":"publish","type":"product","link":"https:\/\/urban-vitamin.com\/sv\/produkt\/compton-rcs-plast-aluminium-10000mah-powerbank-svart\/","title":{"rendered":"Compton RCS plast\/aluminium 10000mAh powerbank, svart"},"content":{"rendered":"<p>Comptons magnetiska teknik f\u00e4ster enkelt p\u00e5 din iPhone 12 och nyare modeller, s\u00e5v\u00e4l som p\u00e5 Android-telefoner av nya generationen, och s\u00e4kerst\u00e4ller en s\u00f6ml\u00f6s anslutning f\u00f6r blixtsnabb 15W laddning. Beh\u00f6ver du snabbt extra kraft f\u00f6r att klara dagen? Compton st\u00f6der superrask 20W snabbladdning via sin Type-C port, b\u00e5de f\u00f6r att ladda upp powerbanken sj\u00e4lv och f\u00f6r att ladda din enhet superraskt. Det kan inte bli enklare &#8211; klicka helt enkelt p\u00e5 Compton p\u00e5 din telefon och se magin ske! V\u00e5r intelligenta design startar automatiskt laddningen s\u00e5 snart den \u00e4r ansluten, vilket s\u00e4kerst\u00e4ller att dina enheter alltid \u00e4r laddade n\u00e4r du beh\u00f6ver dem. Vi tror p\u00e5 kvalitet som varar, d\u00e4rf\u00f6r \u00e4r Compton utrustad med ett h\u00f6gkvalitativt 10 000 mAh 100% koboltbatteri (1200 cykler). Denna kraftpaket varar l\u00e4ngre och presterar b\u00e4ttre \u00e4n vanliga litiumbatterier, vilket ger dig p\u00e5litlig och l\u00e5ngvarig kraft. Tillverkad med \u00e5tervunnet aluminium och ABS.<\/p>\n","protected":false},"excerpt":{"rendered":"<p>Comptons magnetiska teknik f\u00e4ster enkelt p\u00e5 din iPhone 12 och nyare modeller, s\u00e5v\u00e4l som p\u00e5 Android-telefoner av nya generationen, och s\u00e4kerst\u00e4ller en s\u00f6ml\u00f6s anslutning f\u00f6r blixtsnabb 15W laddning. Beh\u00f6ver du snabbt extra kraft f\u00f6r att klara dagen? Compton st\u00f6der superrask 20W snabbladdning via sin Type-C port, b\u00e5de f\u00f6r att ladda upp powerbanken sj\u00e4lv och f\u00f6r [&hellip;]<\/p>\n","protected":false},"featured_media":13917,"comment_status":"closed","ping_status":"closed","template":"","meta":{"_acf_changed":false,"om_disable_all_campaigns":false},"product_cat":[84],"product_tag":[],"class_list":["post-10561","product","type-product","status-publish","has-post-thumbnail","hentry","product_cat-powerbanks-sv","pa_color-black"],"acf":[],"yoast_head":"<!-- This site is optimized with the Yoast SEO plugin v27.0 - https:\/\/yoast.com\/product\/yoast-seo-wordpress\/ -->\n<title>Compton RCS plast\/aluminium 10000mAh powerbank, svart - Urban Vitamin<\/title>\n<meta name=\"robots\" content=\"index, follow, max-snippet:-1, max-image-preview:large, max-video-preview:-1\" \/>\n<link rel=\"canonical\" href=\"https:\/\/urban-vitamin.com\/sv\/produkt\/compton-rcs-plast-aluminium-10000mah-powerbank-svart\/\" \/>\n<meta property=\"og:locale\" content=\"sv_SE\" \/>\n<meta property=\"og:type\" content=\"article\" \/>\n<meta property=\"og:title\" content=\"Compton RCS plast\/aluminium 10000mAh powerbank, svart - Urban Vitamin\" \/>\n<meta property=\"og:description\" content=\"Comptons magnetiska teknik f\u00e4ster enkelt p\u00e5 din iPhone 12 och nyare modeller, s\u00e5v\u00e4l som p\u00e5 Android-telefoner av nya generationen, och s\u00e4kerst\u00e4ller en s\u00f6ml\u00f6s anslutning f\u00f6r blixtsnabb 15W laddning. Beh\u00f6ver du snabbt extra kraft f\u00f6r att klara dagen? Compton st\u00f6der superrask 20W snabbladdning via sin Type-C port, b\u00e5de f\u00f6r att ladda upp powerbanken sj\u00e4lv och f\u00f6r [&hellip;]\" \/>\n<meta property=\"og:url\" content=\"https:\/\/urban-vitamin.com\/sv\/produkt\/compton-rcs-plast-aluminium-10000mah-powerbank-svart\/\" \/>\n<meta property=\"og:site_name\" content=\"Urban Vitamin\" \/>\n<meta property=\"article:modified_time\" content=\"2026-03-12T02:46:43+00:00\" \/>\n<meta property=\"og:image\" content=\"https:\/\/urban-vitamin.com\/wp-content\/uploads\/sites\/5\/2024\/02\/P322.841__S_0__ee1b3d0149b8423bb657aae8b0b0f4bf.jpg\" \/>\n\t<meta property=\"og:image:width\" content=\"1024\" \/>\n\t<meta property=\"og:image:height\" content=\"1024\" \/>\n\t<meta property=\"og:image:type\" content=\"image\/jpeg\" \/>\n<meta name=\"twitter:card\" content=\"summary_large_image\" \/>\n<meta name=\"twitter:label1\" content=\"Ber\u00e4knad l\u00e4stid\" \/>\n\t<meta name=\"twitter:data1\" content=\"1 minut\" \/>\n<script type=\"application\/ld+json\" class=\"yoast-schema-graph\">{\"@context\":\"https:\/\/schema.org\",\"@graph\":[{\"@type\":\"WebPage\",\"@id\":\"https:\/\/urban-vitamin.com\/sv\/produkt\/compton-rcs-plast-aluminium-10000mah-powerbank-svart\/\",\"url\":\"https:\/\/urban-vitamin.com\/sv\/produkt\/compton-rcs-plast-aluminium-10000mah-powerbank-svart\/\",\"name\":\"Compton RCS plast\/aluminium 10000mAh powerbank, svart - Urban Vitamin\",\"isPartOf\":{\"@id\":\"https:\/\/urban-vitamin.com\/sv\/#website\"},\"primaryImageOfPage\":{\"@id\":\"https:\/\/urban-vitamin.com\/sv\/produkt\/compton-rcs-plast-aluminium-10000mah-powerbank-svart\/#primaryimage\"},\"image\":{\"@id\":\"https:\/\/urban-vitamin.com\/sv\/produkt\/compton-rcs-plast-aluminium-10000mah-powerbank-svart\/#primaryimage\"},\"thumbnailUrl\":\"https:\/\/urban-vitamin.com\/wp-content\/uploads\/sites\/5\/2024\/02\/P322.841__S_0__ee1b3d0149b8423bb657aae8b0b0f4bf.jpg\",\"datePublished\":\"2026-03-12T01:06:52+00:00\",\"dateModified\":\"2026-03-12T02:46:43+00:00\",\"breadcrumb\":{\"@id\":\"https:\/\/urban-vitamin.com\/sv\/produkt\/compton-rcs-plast-aluminium-10000mah-powerbank-svart\/#breadcrumb\"},\"inLanguage\":\"sv-SE\",\"potentialAction\":[{\"@type\":\"ReadAction\",\"target\":[\"https:\/\/urban-vitamin.com\/sv\/produkt\/compton-rcs-plast-aluminium-10000mah-powerbank-svart\/\"]}]},{\"@type\":\"ImageObject\",\"inLanguage\":\"sv-SE\",\"@id\":\"https:\/\/urban-vitamin.com\/sv\/produkt\/compton-rcs-plast-aluminium-10000mah-powerbank-svart\/#primaryimage\",\"url\":\"https:\/\/urban-vitamin.com\/wp-content\/uploads\/sites\/5\/2024\/02\/P322.841__S_0__ee1b3d0149b8423bb657aae8b0b0f4bf.jpg\",\"contentUrl\":\"https:\/\/urban-vitamin.com\/wp-content\/uploads\/sites\/5\/2024\/02\/P322.841__S_0__ee1b3d0149b8423bb657aae8b0b0f4bf.jpg\",\"width\":1024,\"height\":1024},{\"@type\":\"BreadcrumbList\",\"@id\":\"https:\/\/urban-vitamin.com\/sv\/produkt\/compton-rcs-plast-aluminium-10000mah-powerbank-svart\/#breadcrumb\",\"itemListElement\":[{\"@type\":\"ListItem\",\"position\":1,\"name\":\"Home\",\"item\":\"https:\/\/urban-vitamin.com\/sv\/\"},{\"@type\":\"ListItem\",\"position\":2,\"name\":\"Kollektion\",\"item\":\"https:\/\/urban-vitamin.com\/sv\/kollektion\/\"},{\"@type\":\"ListItem\",\"position\":3,\"name\":\"Compton RCS plast\/aluminium 10000mAh powerbank, svart\"}]},{\"@type\":\"WebSite\",\"@id\":\"https:\/\/urban-vitamin.com\/sv\/#website\",\"url\":\"https:\/\/urban-vitamin.com\/sv\/\",\"name\":\"Urban Vitamin\",\"description\":\"Enjoy your daily dose of Urban Vitamin!\",\"potentialAction\":[{\"@type\":\"SearchAction\",\"target\":{\"@type\":\"EntryPoint\",\"urlTemplate\":\"https:\/\/urban-vitamin.com\/sv\/?s={search_term_string}\"},\"query-input\":{\"@type\":\"PropertyValueSpecification\",\"valueRequired\":true,\"valueName\":\"search_term_string\"}}],\"inLanguage\":\"sv-SE\"}]}<\/script>\n<!-- \/ Yoast SEO plugin. -->","yoast_head_json":{"title":"Compton RCS plast\/aluminium 10000mAh powerbank, svart - Urban Vitamin","robots":{"index":"index","follow":"follow","max-snippet":"max-snippet:-1","max-image-preview":"max-image-preview:large","max-video-preview":"max-video-preview:-1"},"canonical":"https:\/\/urban-vitamin.com\/sv\/produkt\/compton-rcs-plast-aluminium-10000mah-powerbank-svart\/","og_locale":"sv_SE","og_type":"article","og_title":"Compton RCS plast\/aluminium 10000mAh powerbank, svart - Urban Vitamin","og_description":"Comptons magnetiska teknik f\u00e4ster enkelt p\u00e5 din iPhone 12 och nyare modeller, s\u00e5v\u00e4l som p\u00e5 Android-telefoner av nya generationen, och s\u00e4kerst\u00e4ller en s\u00f6ml\u00f6s anslutning f\u00f6r blixtsnabb 15W laddning. Beh\u00f6ver du snabbt extra kraft f\u00f6r att klara dagen? Compton st\u00f6der superrask 20W snabbladdning via sin Type-C port, b\u00e5de f\u00f6r att ladda upp powerbanken sj\u00e4lv och f\u00f6r [&hellip;]","og_url":"https:\/\/urban-vitamin.com\/sv\/produkt\/compton-rcs-plast-aluminium-10000mah-powerbank-svart\/","og_site_name":"Urban Vitamin","article_modified_time":"2026-03-12T02:46:43+00:00","og_image":[{"width":1024,"height":1024,"url":"https:\/\/urban-vitamin.com\/wp-content\/uploads\/sites\/5\/2024\/02\/P322.841__S_0__ee1b3d0149b8423bb657aae8b0b0f4bf.jpg","type":"image\/jpeg"}],"twitter_card":"summary_large_image","twitter_misc":{"Ber\u00e4knad l\u00e4stid":"1 minut"},"schema":{"@context":"https:\/\/schema.org","@graph":[{"@type":"WebPage","@id":"https:\/\/urban-vitamin.com\/sv\/produkt\/compton-rcs-plast-aluminium-10000mah-powerbank-svart\/","url":"https:\/\/urban-vitamin.com\/sv\/produkt\/compton-rcs-plast-aluminium-10000mah-powerbank-svart\/","name":"Compton RCS plast\/aluminium 10000mAh powerbank, svart - Urban Vitamin","isPartOf":{"@id":"https:\/\/urban-vitamin.com\/sv\/#website"},"primaryImageOfPage":{"@id":"https:\/\/urban-vitamin.com\/sv\/produkt\/compton-rcs-plast-aluminium-10000mah-powerbank-svart\/#primaryimage"},"image":{"@id":"https:\/\/urban-vitamin.com\/sv\/produkt\/compton-rcs-plast-aluminium-10000mah-powerbank-svart\/#primaryimage"},"thumbnailUrl":"https:\/\/urban-vitamin.com\/wp-content\/uploads\/sites\/5\/2024\/02\/P322.841__S_0__ee1b3d0149b8423bb657aae8b0b0f4bf.jpg","datePublished":"2026-03-12T01:06:52+00:00","dateModified":"2026-03-12T02:46:43+00:00","breadcrumb":{"@id":"https:\/\/urban-vitamin.com\/sv\/produkt\/compton-rcs-plast-aluminium-10000mah-powerbank-svart\/#breadcrumb"},"inLanguage":"sv-SE","potentialAction":[{"@type":"ReadAction","target":["https:\/\/urban-vitamin.com\/sv\/produkt\/compton-rcs-plast-aluminium-10000mah-powerbank-svart\/"]}]},{"@type":"ImageObject","inLanguage":"sv-SE","@id":"https:\/\/urban-vitamin.com\/sv\/produkt\/compton-rcs-plast-aluminium-10000mah-powerbank-svart\/#primaryimage","url":"https:\/\/urban-vitamin.com\/wp-content\/uploads\/sites\/5\/2024\/02\/P322.841__S_0__ee1b3d0149b8423bb657aae8b0b0f4bf.jpg","contentUrl":"https:\/\/urban-vitamin.com\/wp-content\/uploads\/sites\/5\/2024\/02\/P322.841__S_0__ee1b3d0149b8423bb657aae8b0b0f4bf.jpg","width":1024,"height":1024},{"@type":"BreadcrumbList","@id":"https:\/\/urban-vitamin.com\/sv\/produkt\/compton-rcs-plast-aluminium-10000mah-powerbank-svart\/#breadcrumb","itemListElement":[{"@type":"ListItem","position":1,"name":"Home","item":"https:\/\/urban-vitamin.com\/sv\/"},{"@type":"ListItem","position":2,"name":"Kollektion","item":"https:\/\/urban-vitamin.com\/sv\/kollektion\/"},{"@type":"ListItem","position":3,"name":"Compton RCS plast\/aluminium 10000mAh powerbank, svart"}]},{"@type":"WebSite","@id":"https:\/\/urban-vitamin.com\/sv\/#website","url":"https:\/\/urban-vitamin.com\/sv\/","name":"Urban Vitamin","description":"Enjoy your daily dose of Urban Vitamin!","potentialAction":[{"@type":"SearchAction","target":{"@type":"EntryPoint","urlTemplate":"https:\/\/urban-vitamin.com\/sv\/?s={search_term_string}"},"query-input":{"@type":"PropertyValueSpecification","valueRequired":true,"valueName":"search_term_string"}}],"inLanguage":"sv-SE"}]}},"_links":{"self":[{"href":"https:\/\/urban-vitamin.com\/sv\/wp-json\/wp\/v2\/product\/10561","targetHints":{"allow":["GET"]}}],"collection":[{"href":"https:\/\/urban-vitamin.com\/sv\/wp-json\/wp\/v2\/product"}],"about":[{"href":"https:\/\/urban-vitamin.com\/sv\/wp-json\/wp\/v2\/types\/product"}],"replies":[{"embeddable":true,"href":"https:\/\/urban-vitamin.com\/sv\/wp-json\/wp\/v2\/comments?post=10561"}],"wp:featuredmedia":[{"embeddable":true,"href":"https:\/\/urban-vitamin.com\/sv\/wp-json\/wp\/v2\/media\/13917"}],"wp:attachment":[{"href":"https:\/\/urban-vitamin.com\/sv\/wp-json\/wp\/v2\/media?parent=10561"}],"wp:term":[{"taxonomy":"product_cat","embeddable":true,"href":"https:\/\/urban-vitamin.com\/sv\/wp-json\/wp\/v2\/product_cat?post=10561"},{"taxonomy":"product_tag","embeddable":true,"href":"https:\/\/urban-vitamin.com\/sv\/wp-json\/wp\/v2\/product_tag?post=10561"}],"curies":[{"name":"wp","href":"https:\/\/api.w.org\/{rel}","templated":true}]}}