{"id":10559,"date":"2026-03-12T01:06:52","date_gmt":"2026-03-12T01:06:52","guid":{"rendered":"https:\/\/urban-vitamin.com\/urban-vitamin-richmond-5-000mah-powerbank-rcs-plast-alu-silver\/"},"modified":"2026-03-12T02:46:41","modified_gmt":"2026-03-12T02:46:41","slug":"richmond-5-000mah-powerbank-rcs-plast-aluminium-silver","status":"publish","type":"product","link":"https:\/\/urban-vitamin.com\/sv\/produkt\/richmond-5-000mah-powerbank-rcs-plast-aluminium-silver\/","title":{"rendered":"Richmond 5.000mAh powerbank RCS plast\/aluminium, silver"},"content":{"rendered":"<p>Med Richmonds magnetiska teknik f\u00e4ster du enkelt din iPhone 12 och upp\u00e5t, samt den nya generationens Android-telefoner, och s\u00e4kerst\u00e4ller en perfekt anslutning f\u00f6r blixtsnabb 15W-laddning. Beh\u00f6ver du en snabb boost f\u00f6r att ta dig igenom dagen? Richmond har st\u00f6d f\u00f6r blixtsnabb 20W snabbladdning via Type-C-porten, b\u00e5de f\u00f6r laddning av sj\u00e4lva powerbanken och f\u00f6r att ladda din enhet. Inget mer v\u00e4ntande &#8211; \u00e5terg\u00e5 till det som \u00e4r viktigast p\u00e5 nolltid! Det kan inte bli enklare &#8211; klicka bara p\u00e5 Richmond p\u00e5 din telefon och se magin h\u00e4nda! V\u00e5r intelligenta design startar automatiskt laddningen s\u00e5 fort den ansluts, s\u00e5 att dina enheter alltid \u00e4r laddade n\u00e4r du beh\u00f6ver dem.Vi tror p\u00e5 kvalitet som h\u00e5ller, vilket \u00e4r anledningen till att Richmond \u00e4r utrustad med ett h\u00f6gkvalitativt 5000 mah 100% koboltbatteri. Detta kraftpaket h\u00e5ller l\u00e4ngre och presterar b\u00e4ttre \u00e4n vanliga litiumbatterier, vilket ger dig p\u00e5litlig, l\u00e5ngvarig energi. Tillverkad av RCS-certifierad (Recycled Claim Standard) \u00e5tervunnen alumini<\/p>\n","protected":false},"excerpt":{"rendered":"<p>Med Richmonds magnetiska teknik f\u00e4ster du enkelt din iPhone 12 och upp\u00e5t, samt den nya generationens Android-telefoner, och s\u00e4kerst\u00e4ller en perfekt anslutning f\u00f6r blixtsnabb 15W-laddning. Beh\u00f6ver du en snabb boost f\u00f6r att ta dig igenom dagen? Richmond har st\u00f6d f\u00f6r blixtsnabb 20W snabbladdning via Type-C-porten, b\u00e5de f\u00f6r laddning av sj\u00e4lva powerbanken och f\u00f6r att ladda [&hellip;]<\/p>\n","protected":false},"featured_media":13623,"comment_status":"closed","ping_status":"closed","template":"","meta":{"_acf_changed":false,"om_disable_all_campaigns":false},"product_cat":[84],"product_tag":[],"class_list":["post-10559","product","type-product","status-publish","has-post-thumbnail","hentry","product_cat-powerbanks-sv","pa_color-silver"],"acf":[],"yoast_head":"<!-- This site is optimized with the Yoast SEO plugin v27.0 - https:\/\/yoast.com\/product\/yoast-seo-wordpress\/ -->\n<title>Richmond 5.000mAh powerbank RCS plast\/aluminium, silver - Urban Vitamin<\/title>\n<meta name=\"robots\" content=\"index, follow, max-snippet:-1, max-image-preview:large, max-video-preview:-1\" \/>\n<link rel=\"canonical\" href=\"https:\/\/urban-vitamin.com\/sv\/produkt\/richmond-5-000mah-powerbank-rcs-plast-aluminium-silver\/\" \/>\n<meta property=\"og:locale\" content=\"sv_SE\" \/>\n<meta property=\"og:type\" content=\"article\" \/>\n<meta property=\"og:title\" content=\"Richmond 5.000mAh powerbank RCS plast\/aluminium, silver - Urban Vitamin\" \/>\n<meta property=\"og:description\" content=\"Med Richmonds magnetiska teknik f\u00e4ster du enkelt din iPhone 12 och upp\u00e5t, samt den nya generationens Android-telefoner, och s\u00e4kerst\u00e4ller en perfekt anslutning f\u00f6r blixtsnabb 15W-laddning. Beh\u00f6ver du en snabb boost f\u00f6r att ta dig igenom dagen? Richmond har st\u00f6d f\u00f6r blixtsnabb 20W snabbladdning via Type-C-porten, b\u00e5de f\u00f6r laddning av sj\u00e4lva powerbanken och f\u00f6r att ladda [&hellip;]\" \/>\n<meta property=\"og:url\" content=\"https:\/\/urban-vitamin.com\/sv\/produkt\/richmond-5-000mah-powerbank-rcs-plast-aluminium-silver\/\" \/>\n<meta property=\"og:site_name\" content=\"Urban Vitamin\" \/>\n<meta property=\"article:modified_time\" content=\"2026-03-12T02:46:41+00:00\" \/>\n<meta property=\"og:image\" content=\"https:\/\/urban-vitamin.com\/wp-content\/uploads\/sites\/5\/2024\/02\/P322.822__S_0__cd7be8b5230340ce8f1ba4493f68c230.jpg\" \/>\n\t<meta property=\"og:image:width\" content=\"1024\" \/>\n\t<meta property=\"og:image:height\" content=\"1024\" \/>\n\t<meta property=\"og:image:type\" content=\"image\/jpeg\" \/>\n<meta name=\"twitter:card\" content=\"summary_large_image\" \/>\n<meta name=\"twitter:label1\" content=\"Ber\u00e4knad l\u00e4stid\" \/>\n\t<meta name=\"twitter:data1\" content=\"1 minut\" \/>\n<script type=\"application\/ld+json\" class=\"yoast-schema-graph\">{\"@context\":\"https:\/\/schema.org\",\"@graph\":[{\"@type\":\"WebPage\",\"@id\":\"https:\/\/urban-vitamin.com\/sv\/produkt\/richmond-5-000mah-powerbank-rcs-plast-aluminium-silver\/\",\"url\":\"https:\/\/urban-vitamin.com\/sv\/produkt\/richmond-5-000mah-powerbank-rcs-plast-aluminium-silver\/\",\"name\":\"Richmond 5.000mAh powerbank RCS plast\/aluminium, silver - Urban Vitamin\",\"isPartOf\":{\"@id\":\"https:\/\/urban-vitamin.com\/sv\/#website\"},\"primaryImageOfPage\":{\"@id\":\"https:\/\/urban-vitamin.com\/sv\/produkt\/richmond-5-000mah-powerbank-rcs-plast-aluminium-silver\/#primaryimage\"},\"image\":{\"@id\":\"https:\/\/urban-vitamin.com\/sv\/produkt\/richmond-5-000mah-powerbank-rcs-plast-aluminium-silver\/#primaryimage\"},\"thumbnailUrl\":\"https:\/\/urban-vitamin.com\/wp-content\/uploads\/sites\/5\/2024\/02\/P322.822__S_0__cd7be8b5230340ce8f1ba4493f68c230.jpg\",\"datePublished\":\"2026-03-12T01:06:52+00:00\",\"dateModified\":\"2026-03-12T02:46:41+00:00\",\"breadcrumb\":{\"@id\":\"https:\/\/urban-vitamin.com\/sv\/produkt\/richmond-5-000mah-powerbank-rcs-plast-aluminium-silver\/#breadcrumb\"},\"inLanguage\":\"sv-SE\",\"potentialAction\":[{\"@type\":\"ReadAction\",\"target\":[\"https:\/\/urban-vitamin.com\/sv\/produkt\/richmond-5-000mah-powerbank-rcs-plast-aluminium-silver\/\"]}]},{\"@type\":\"ImageObject\",\"inLanguage\":\"sv-SE\",\"@id\":\"https:\/\/urban-vitamin.com\/sv\/produkt\/richmond-5-000mah-powerbank-rcs-plast-aluminium-silver\/#primaryimage\",\"url\":\"https:\/\/urban-vitamin.com\/wp-content\/uploads\/sites\/5\/2024\/02\/P322.822__S_0__cd7be8b5230340ce8f1ba4493f68c230.jpg\",\"contentUrl\":\"https:\/\/urban-vitamin.com\/wp-content\/uploads\/sites\/5\/2024\/02\/P322.822__S_0__cd7be8b5230340ce8f1ba4493f68c230.jpg\",\"width\":1024,\"height\":1024},{\"@type\":\"BreadcrumbList\",\"@id\":\"https:\/\/urban-vitamin.com\/sv\/produkt\/richmond-5-000mah-powerbank-rcs-plast-aluminium-silver\/#breadcrumb\",\"itemListElement\":[{\"@type\":\"ListItem\",\"position\":1,\"name\":\"Home\",\"item\":\"https:\/\/urban-vitamin.com\/sv\/\"},{\"@type\":\"ListItem\",\"position\":2,\"name\":\"Kollektion\",\"item\":\"https:\/\/urban-vitamin.com\/sv\/kollektion\/\"},{\"@type\":\"ListItem\",\"position\":3,\"name\":\"Richmond 5.000mAh powerbank RCS plast\/aluminium, silver\"}]},{\"@type\":\"WebSite\",\"@id\":\"https:\/\/urban-vitamin.com\/sv\/#website\",\"url\":\"https:\/\/urban-vitamin.com\/sv\/\",\"name\":\"Urban Vitamin\",\"description\":\"Enjoy your daily dose of Urban Vitamin!\",\"potentialAction\":[{\"@type\":\"SearchAction\",\"target\":{\"@type\":\"EntryPoint\",\"urlTemplate\":\"https:\/\/urban-vitamin.com\/sv\/?s={search_term_string}\"},\"query-input\":{\"@type\":\"PropertyValueSpecification\",\"valueRequired\":true,\"valueName\":\"search_term_string\"}}],\"inLanguage\":\"sv-SE\"}]}<\/script>\n<!-- \/ Yoast SEO plugin. -->","yoast_head_json":{"title":"Richmond 5.000mAh powerbank RCS plast\/aluminium, silver - Urban Vitamin","robots":{"index":"index","follow":"follow","max-snippet":"max-snippet:-1","max-image-preview":"max-image-preview:large","max-video-preview":"max-video-preview:-1"},"canonical":"https:\/\/urban-vitamin.com\/sv\/produkt\/richmond-5-000mah-powerbank-rcs-plast-aluminium-silver\/","og_locale":"sv_SE","og_type":"article","og_title":"Richmond 5.000mAh powerbank RCS plast\/aluminium, silver - Urban Vitamin","og_description":"Med Richmonds magnetiska teknik f\u00e4ster du enkelt din iPhone 12 och upp\u00e5t, samt den nya generationens Android-telefoner, och s\u00e4kerst\u00e4ller en perfekt anslutning f\u00f6r blixtsnabb 15W-laddning. Beh\u00f6ver du en snabb boost f\u00f6r att ta dig igenom dagen? Richmond har st\u00f6d f\u00f6r blixtsnabb 20W snabbladdning via Type-C-porten, b\u00e5de f\u00f6r laddning av sj\u00e4lva powerbanken och f\u00f6r att ladda [&hellip;]","og_url":"https:\/\/urban-vitamin.com\/sv\/produkt\/richmond-5-000mah-powerbank-rcs-plast-aluminium-silver\/","og_site_name":"Urban Vitamin","article_modified_time":"2026-03-12T02:46:41+00:00","og_image":[{"width":1024,"height":1024,"url":"https:\/\/urban-vitamin.com\/wp-content\/uploads\/sites\/5\/2024\/02\/P322.822__S_0__cd7be8b5230340ce8f1ba4493f68c230.jpg","type":"image\/jpeg"}],"twitter_card":"summary_large_image","twitter_misc":{"Ber\u00e4knad l\u00e4stid":"1 minut"},"schema":{"@context":"https:\/\/schema.org","@graph":[{"@type":"WebPage","@id":"https:\/\/urban-vitamin.com\/sv\/produkt\/richmond-5-000mah-powerbank-rcs-plast-aluminium-silver\/","url":"https:\/\/urban-vitamin.com\/sv\/produkt\/richmond-5-000mah-powerbank-rcs-plast-aluminium-silver\/","name":"Richmond 5.000mAh powerbank RCS plast\/aluminium, silver - Urban Vitamin","isPartOf":{"@id":"https:\/\/urban-vitamin.com\/sv\/#website"},"primaryImageOfPage":{"@id":"https:\/\/urban-vitamin.com\/sv\/produkt\/richmond-5-000mah-powerbank-rcs-plast-aluminium-silver\/#primaryimage"},"image":{"@id":"https:\/\/urban-vitamin.com\/sv\/produkt\/richmond-5-000mah-powerbank-rcs-plast-aluminium-silver\/#primaryimage"},"thumbnailUrl":"https:\/\/urban-vitamin.com\/wp-content\/uploads\/sites\/5\/2024\/02\/P322.822__S_0__cd7be8b5230340ce8f1ba4493f68c230.jpg","datePublished":"2026-03-12T01:06:52+00:00","dateModified":"2026-03-12T02:46:41+00:00","breadcrumb":{"@id":"https:\/\/urban-vitamin.com\/sv\/produkt\/richmond-5-000mah-powerbank-rcs-plast-aluminium-silver\/#breadcrumb"},"inLanguage":"sv-SE","potentialAction":[{"@type":"ReadAction","target":["https:\/\/urban-vitamin.com\/sv\/produkt\/richmond-5-000mah-powerbank-rcs-plast-aluminium-silver\/"]}]},{"@type":"ImageObject","inLanguage":"sv-SE","@id":"https:\/\/urban-vitamin.com\/sv\/produkt\/richmond-5-000mah-powerbank-rcs-plast-aluminium-silver\/#primaryimage","url":"https:\/\/urban-vitamin.com\/wp-content\/uploads\/sites\/5\/2024\/02\/P322.822__S_0__cd7be8b5230340ce8f1ba4493f68c230.jpg","contentUrl":"https:\/\/urban-vitamin.com\/wp-content\/uploads\/sites\/5\/2024\/02\/P322.822__S_0__cd7be8b5230340ce8f1ba4493f68c230.jpg","width":1024,"height":1024},{"@type":"BreadcrumbList","@id":"https:\/\/urban-vitamin.com\/sv\/produkt\/richmond-5-000mah-powerbank-rcs-plast-aluminium-silver\/#breadcrumb","itemListElement":[{"@type":"ListItem","position":1,"name":"Home","item":"https:\/\/urban-vitamin.com\/sv\/"},{"@type":"ListItem","position":2,"name":"Kollektion","item":"https:\/\/urban-vitamin.com\/sv\/kollektion\/"},{"@type":"ListItem","position":3,"name":"Richmond 5.000mAh powerbank RCS plast\/aluminium, silver"}]},{"@type":"WebSite","@id":"https:\/\/urban-vitamin.com\/sv\/#website","url":"https:\/\/urban-vitamin.com\/sv\/","name":"Urban Vitamin","description":"Enjoy your daily dose of Urban Vitamin!","potentialAction":[{"@type":"SearchAction","target":{"@type":"EntryPoint","urlTemplate":"https:\/\/urban-vitamin.com\/sv\/?s={search_term_string}"},"query-input":{"@type":"PropertyValueSpecification","valueRequired":true,"valueName":"search_term_string"}}],"inLanguage":"sv-SE"}]}},"_links":{"self":[{"href":"https:\/\/urban-vitamin.com\/sv\/wp-json\/wp\/v2\/product\/10559","targetHints":{"allow":["GET"]}}],"collection":[{"href":"https:\/\/urban-vitamin.com\/sv\/wp-json\/wp\/v2\/product"}],"about":[{"href":"https:\/\/urban-vitamin.com\/sv\/wp-json\/wp\/v2\/types\/product"}],"replies":[{"embeddable":true,"href":"https:\/\/urban-vitamin.com\/sv\/wp-json\/wp\/v2\/comments?post=10559"}],"wp:featuredmedia":[{"embeddable":true,"href":"https:\/\/urban-vitamin.com\/sv\/wp-json\/wp\/v2\/media\/13623"}],"wp:attachment":[{"href":"https:\/\/urban-vitamin.com\/sv\/wp-json\/wp\/v2\/media?parent=10559"}],"wp:term":[{"taxonomy":"product_cat","embeddable":true,"href":"https:\/\/urban-vitamin.com\/sv\/wp-json\/wp\/v2\/product_cat?post=10559"},{"taxonomy":"product_tag","embeddable":true,"href":"https:\/\/urban-vitamin.com\/sv\/wp-json\/wp\/v2\/product_tag?post=10559"}],"curies":[{"name":"wp","href":"https:\/\/api.w.org\/{rel}","templated":true}]}}