{"id":8417,"date":"2026-04-16T00:07:00","date_gmt":"2026-04-16T00:07:00","guid":{"rendered":"https:\/\/urban-vitamin.com\/glendale-rcs-gerecycled-plastic-hoofdtelefoon-zwart\/"},"modified":"2026-04-16T00:26:40","modified_gmt":"2026-04-16T00:26:40","slug":"glendale-rcs-gerecycled-plastic-hoofdtelefoon-zwart","status":"publish","type":"product","link":"https:\/\/urban-vitamin.com\/nl\/glendale-rcs-gerecycled-plastic-hoofdtelefoon-zwart\/","title":{"rendered":"Glendale RCS gerecycled plastic hoofdtelefoon, zwart"},"content":{"rendered":"<p>Maak kennis met Glendale, de meest premium en technologisch geavanceerde hoofdtelefoon ooit. Glendale verandert de manier waarop je naar muziek luistert en traint. Het unieke open ontwerp plaatst de oordopjes niet \u00edn je oor, maar ernaast, wat zorgt voor continue omgevingsbewustzijn wanneer je buiten bent. Dit alles in premium geluidskwaliteit met verbeterde bass. De oordopjes zijn IPX4 waterdicht, dus geschikt voor elke training. De comfortabele en lichtgewicht oordopjes zijn perfect voor dagelijks gebruik en workouts. De batterij gaat tot wel 10 uur mee op \u00e9\u00e9n enkele lading. Als je een inkomende oproep hebt, beantwoord je deze eenvoudig met de ge\u00efntegreerde microfoon. Glendale is gemaakt van RCS (Recycled Claim Standard) gecertificeerd gerecycled ABS. Het totale gerecyclede gehalte is 17% op basis van het totale gewicht van het artikel. De RCS-certificering zorgt voor een volledig gecertificeerde toeleveringsketen van de gerecyclede materialen. Urban Vitamin-items zijn PVC-vrij<\/p>\n","protected":false},"excerpt":{"rendered":"<p>Maak kennis met Glendale, de meest premium en technologisch geavanceerde hoofdtelefoon ooit. Glendale verandert de manier waarop je naar muziek luistert en traint. Het unieke open ontwerp plaatst de oordopjes niet \u00edn je oor, maar ernaast, wat zorgt voor continue omgevingsbewustzijn wanneer je buiten bent. Dit alles in premium geluidskwaliteit met verbeterde bass. De oordopjes [&hellip;]<\/p>\n","protected":false},"featured_media":8362,"comment_status":"closed","ping_status":"closed","template":"","meta":{"_acf_changed":false,"om_disable_all_campaigns":false},"product_cat":[59],"product_tag":[],"class_list":["post-8417","product","type-product","status-publish","has-post-thumbnail","hentry","product_cat-draadloze-hoofdtelefoons","pa_color-black"],"acf":[],"yoast_head":"<!-- This site is optimized with the Yoast SEO plugin v27.0 - https:\/\/yoast.com\/product\/yoast-seo-wordpress\/ -->\n<title>Glendale RCS gerecycled plastic hoofdtelefoon, zwart - Urban Vitamin<\/title>\n<meta name=\"robots\" content=\"index, follow, max-snippet:-1, max-image-preview:large, max-video-preview:-1\" \/>\n<link rel=\"canonical\" href=\"https:\/\/urban-vitamin.com\/nl\/glendale-rcs-gerecycled-plastic-hoofdtelefoon-zwart\/\" \/>\n<meta property=\"og:locale\" content=\"nl_NL\" \/>\n<meta property=\"og:type\" content=\"article\" \/>\n<meta property=\"og:title\" content=\"Glendale RCS gerecycled plastic hoofdtelefoon, zwart - Urban Vitamin\" \/>\n<meta property=\"og:description\" content=\"Maak kennis met Glendale, de meest premium en technologisch geavanceerde hoofdtelefoon ooit. Glendale verandert de manier waarop je naar muziek luistert en traint. Het unieke open ontwerp plaatst de oordopjes niet \u00edn je oor, maar ernaast, wat zorgt voor continue omgevingsbewustzijn wanneer je buiten bent. Dit alles in premium geluidskwaliteit met verbeterde bass. De oordopjes [&hellip;]\" \/>\n<meta property=\"og:url\" content=\"https:\/\/urban-vitamin.com\/nl\/glendale-rcs-gerecycled-plastic-hoofdtelefoon-zwart\/\" \/>\n<meta property=\"og:site_name\" content=\"Urban Vitamin\" \/>\n<meta property=\"article:modified_time\" content=\"2026-04-16T00:26:40+00:00\" \/>\n<meta property=\"og:image\" content=\"https:\/\/urban-vitamin.com\/wp-content\/uploads\/sites\/5\/2023\/07\/P331.501__S_0__cfcddeccc2734fe5bde4c1040663fa97.jpg\" \/>\n\t<meta property=\"og:image:width\" content=\"1024\" \/>\n\t<meta property=\"og:image:height\" content=\"1024\" \/>\n\t<meta property=\"og:image:type\" content=\"image\/jpeg\" \/>\n<meta name=\"twitter:card\" content=\"summary_large_image\" \/>\n<meta name=\"twitter:label1\" content=\"Geschatte leestijd\" \/>\n\t<meta name=\"twitter:data1\" content=\"1 minuut\" \/>\n<script type=\"application\/ld+json\" class=\"yoast-schema-graph\">{\"@context\":\"https:\/\/schema.org\",\"@graph\":[{\"@type\":\"WebPage\",\"@id\":\"https:\/\/urban-vitamin.com\/nl\/glendale-rcs-gerecycled-plastic-hoofdtelefoon-zwart\/\",\"url\":\"https:\/\/urban-vitamin.com\/nl\/glendale-rcs-gerecycled-plastic-hoofdtelefoon-zwart\/\",\"name\":\"Glendale RCS gerecycled plastic hoofdtelefoon, zwart - Urban Vitamin\",\"isPartOf\":{\"@id\":\"https:\/\/urban-vitamin.com\/nl\/#website\"},\"primaryImageOfPage\":{\"@id\":\"https:\/\/urban-vitamin.com\/nl\/glendale-rcs-gerecycled-plastic-hoofdtelefoon-zwart\/#primaryimage\"},\"image\":{\"@id\":\"https:\/\/urban-vitamin.com\/nl\/glendale-rcs-gerecycled-plastic-hoofdtelefoon-zwart\/#primaryimage\"},\"thumbnailUrl\":\"https:\/\/urban-vitamin.com\/wp-content\/uploads\/sites\/5\/2023\/07\/P331.501__S_0__cfcddeccc2734fe5bde4c1040663fa97.jpg\",\"datePublished\":\"2026-04-16T00:07:00+00:00\",\"dateModified\":\"2026-04-16T00:26:40+00:00\",\"breadcrumb\":{\"@id\":\"https:\/\/urban-vitamin.com\/nl\/glendale-rcs-gerecycled-plastic-hoofdtelefoon-zwart\/#breadcrumb\"},\"inLanguage\":\"nl-NL\",\"potentialAction\":[{\"@type\":\"ReadAction\",\"target\":[\"https:\/\/urban-vitamin.com\/nl\/glendale-rcs-gerecycled-plastic-hoofdtelefoon-zwart\/\"]}]},{\"@type\":\"ImageObject\",\"inLanguage\":\"nl-NL\",\"@id\":\"https:\/\/urban-vitamin.com\/nl\/glendale-rcs-gerecycled-plastic-hoofdtelefoon-zwart\/#primaryimage\",\"url\":\"https:\/\/urban-vitamin.com\/wp-content\/uploads\/sites\/5\/2023\/07\/P331.501__S_0__cfcddeccc2734fe5bde4c1040663fa97.jpg\",\"contentUrl\":\"https:\/\/urban-vitamin.com\/wp-content\/uploads\/sites\/5\/2023\/07\/P331.501__S_0__cfcddeccc2734fe5bde4c1040663fa97.jpg\",\"width\":1024,\"height\":1024},{\"@type\":\"BreadcrumbList\",\"@id\":\"https:\/\/urban-vitamin.com\/nl\/glendale-rcs-gerecycled-plastic-hoofdtelefoon-zwart\/#breadcrumb\",\"itemListElement\":[{\"@type\":\"ListItem\",\"position\":1,\"name\":\"Home\",\"item\":\"https:\/\/urban-vitamin.com\/nl\/\"},{\"@type\":\"ListItem\",\"position\":2,\"name\":\"Collectie\",\"item\":\"https:\/\/urban-vitamin.com\/nl\/collectie\/\"},{\"@type\":\"ListItem\",\"position\":3,\"name\":\"Glendale RCS gerecycled plastic hoofdtelefoon, zwart\"}]},{\"@type\":\"WebSite\",\"@id\":\"https:\/\/urban-vitamin.com\/nl\/#website\",\"url\":\"https:\/\/urban-vitamin.com\/nl\/\",\"name\":\"Urban Vitamin\",\"description\":\"Enjoy your daily dose of Urban Vitamin!\",\"potentialAction\":[{\"@type\":\"SearchAction\",\"target\":{\"@type\":\"EntryPoint\",\"urlTemplate\":\"https:\/\/urban-vitamin.com\/nl\/?s={search_term_string}\"},\"query-input\":{\"@type\":\"PropertyValueSpecification\",\"valueRequired\":true,\"valueName\":\"search_term_string\"}}],\"inLanguage\":\"nl-NL\"}]}<\/script>\n<!-- \/ Yoast SEO plugin. -->","yoast_head_json":{"title":"Glendale RCS gerecycled plastic hoofdtelefoon, zwart - Urban Vitamin","robots":{"index":"index","follow":"follow","max-snippet":"max-snippet:-1","max-image-preview":"max-image-preview:large","max-video-preview":"max-video-preview:-1"},"canonical":"https:\/\/urban-vitamin.com\/nl\/glendale-rcs-gerecycled-plastic-hoofdtelefoon-zwart\/","og_locale":"nl_NL","og_type":"article","og_title":"Glendale RCS gerecycled plastic hoofdtelefoon, zwart - Urban Vitamin","og_description":"Maak kennis met Glendale, de meest premium en technologisch geavanceerde hoofdtelefoon ooit. Glendale verandert de manier waarop je naar muziek luistert en traint. Het unieke open ontwerp plaatst de oordopjes niet \u00edn je oor, maar ernaast, wat zorgt voor continue omgevingsbewustzijn wanneer je buiten bent. Dit alles in premium geluidskwaliteit met verbeterde bass. De oordopjes [&hellip;]","og_url":"https:\/\/urban-vitamin.com\/nl\/glendale-rcs-gerecycled-plastic-hoofdtelefoon-zwart\/","og_site_name":"Urban Vitamin","article_modified_time":"2026-04-16T00:26:40+00:00","og_image":[{"width":1024,"height":1024,"url":"https:\/\/urban-vitamin.com\/wp-content\/uploads\/sites\/5\/2023\/07\/P331.501__S_0__cfcddeccc2734fe5bde4c1040663fa97.jpg","type":"image\/jpeg"}],"twitter_card":"summary_large_image","twitter_misc":{"Geschatte leestijd":"1 minuut"},"schema":{"@context":"https:\/\/schema.org","@graph":[{"@type":"WebPage","@id":"https:\/\/urban-vitamin.com\/nl\/glendale-rcs-gerecycled-plastic-hoofdtelefoon-zwart\/","url":"https:\/\/urban-vitamin.com\/nl\/glendale-rcs-gerecycled-plastic-hoofdtelefoon-zwart\/","name":"Glendale RCS gerecycled plastic hoofdtelefoon, zwart - Urban Vitamin","isPartOf":{"@id":"https:\/\/urban-vitamin.com\/nl\/#website"},"primaryImageOfPage":{"@id":"https:\/\/urban-vitamin.com\/nl\/glendale-rcs-gerecycled-plastic-hoofdtelefoon-zwart\/#primaryimage"},"image":{"@id":"https:\/\/urban-vitamin.com\/nl\/glendale-rcs-gerecycled-plastic-hoofdtelefoon-zwart\/#primaryimage"},"thumbnailUrl":"https:\/\/urban-vitamin.com\/wp-content\/uploads\/sites\/5\/2023\/07\/P331.501__S_0__cfcddeccc2734fe5bde4c1040663fa97.jpg","datePublished":"2026-04-16T00:07:00+00:00","dateModified":"2026-04-16T00:26:40+00:00","breadcrumb":{"@id":"https:\/\/urban-vitamin.com\/nl\/glendale-rcs-gerecycled-plastic-hoofdtelefoon-zwart\/#breadcrumb"},"inLanguage":"nl-NL","potentialAction":[{"@type":"ReadAction","target":["https:\/\/urban-vitamin.com\/nl\/glendale-rcs-gerecycled-plastic-hoofdtelefoon-zwart\/"]}]},{"@type":"ImageObject","inLanguage":"nl-NL","@id":"https:\/\/urban-vitamin.com\/nl\/glendale-rcs-gerecycled-plastic-hoofdtelefoon-zwart\/#primaryimage","url":"https:\/\/urban-vitamin.com\/wp-content\/uploads\/sites\/5\/2023\/07\/P331.501__S_0__cfcddeccc2734fe5bde4c1040663fa97.jpg","contentUrl":"https:\/\/urban-vitamin.com\/wp-content\/uploads\/sites\/5\/2023\/07\/P331.501__S_0__cfcddeccc2734fe5bde4c1040663fa97.jpg","width":1024,"height":1024},{"@type":"BreadcrumbList","@id":"https:\/\/urban-vitamin.com\/nl\/glendale-rcs-gerecycled-plastic-hoofdtelefoon-zwart\/#breadcrumb","itemListElement":[{"@type":"ListItem","position":1,"name":"Home","item":"https:\/\/urban-vitamin.com\/nl\/"},{"@type":"ListItem","position":2,"name":"Collectie","item":"https:\/\/urban-vitamin.com\/nl\/collectie\/"},{"@type":"ListItem","position":3,"name":"Glendale RCS gerecycled plastic hoofdtelefoon, zwart"}]},{"@type":"WebSite","@id":"https:\/\/urban-vitamin.com\/nl\/#website","url":"https:\/\/urban-vitamin.com\/nl\/","name":"Urban Vitamin","description":"Enjoy your daily dose of Urban Vitamin!","potentialAction":[{"@type":"SearchAction","target":{"@type":"EntryPoint","urlTemplate":"https:\/\/urban-vitamin.com\/nl\/?s={search_term_string}"},"query-input":{"@type":"PropertyValueSpecification","valueRequired":true,"valueName":"search_term_string"}}],"inLanguage":"nl-NL"}]}},"_links":{"self":[{"href":"https:\/\/urban-vitamin.com\/nl\/wp-json\/wp\/v2\/product\/8417","targetHints":{"allow":["GET"]}}],"collection":[{"href":"https:\/\/urban-vitamin.com\/nl\/wp-json\/wp\/v2\/product"}],"about":[{"href":"https:\/\/urban-vitamin.com\/nl\/wp-json\/wp\/v2\/types\/product"}],"replies":[{"embeddable":true,"href":"https:\/\/urban-vitamin.com\/nl\/wp-json\/wp\/v2\/comments?post=8417"}],"wp:featuredmedia":[{"embeddable":true,"href":"https:\/\/urban-vitamin.com\/nl\/wp-json\/wp\/v2\/media\/8362"}],"wp:attachment":[{"href":"https:\/\/urban-vitamin.com\/nl\/wp-json\/wp\/v2\/media?parent=8417"}],"wp:term":[{"taxonomy":"product_cat","embeddable":true,"href":"https:\/\/urban-vitamin.com\/nl\/wp-json\/wp\/v2\/product_cat?post=8417"},{"taxonomy":"product_tag","embeddable":true,"href":"https:\/\/urban-vitamin.com\/nl\/wp-json\/wp\/v2\/product_tag?post=8417"}],"curies":[{"name":"wp","href":"https:\/\/api.w.org\/{rel}","templated":true}]}}