{"id":26604,"date":"2026-03-12T01:06:37","date_gmt":"2026-03-12T01:06:37","guid":{"rendered":"https:\/\/urban-vitamin.com\/urban-vitamin-emeryville-20w-10-000-mah-powerbank-zwart\/"},"modified":"2026-03-12T01:26:30","modified_gmt":"2026-03-12T01:26:30","slug":"emeryville-20w-10-000-mah-powerbank-zwart","status":"publish","type":"product","link":"https:\/\/urban-vitamin.com\/nl\/emeryville-20w-10-000-mah-powerbank-zwart\/","title":{"rendered":"Emeryville 20W 10.000 mAh powerbank, zwart"},"content":{"rendered":"<p>Je kabel heb je altijd bij je \u2013 en stroom ook. Emeryville is een powerbank van 10.000 mAh waarmee je al je mobiele apparaten razendsnel kunt opladen \u2013 met ultiem gemak. Dankzij de ge\u00efntegreerde, intrekbare USB-C-kabel van 70 cm hoef je nooit meer te zoeken naar een kabel. Emeryville laadt niet alleen razendsnel op, maar biedt ook de snelst mogelijke manier om de powerbank zelf op te laden \u2013 volledig opgeladen in slechts 2 uur. Hij beschikt over een dubbele USB-C-uitgang, zodat je twee apparaten tegelijk kunt opladen. E\u00e9n via de USB-C-poort en \u00e9\u00e9n via de ingebouwde kabel. Beide ondersteunen supersnel PD-laden tot 20 W. Emeryville is gemaakt met RCS (Recycled Claim Standard) gecertificeerd gerecycled ABS en PC. Totaal gerecycled materiaal: 24% gebaseerd op het totale artikelgewicht. Urban Vitamin-artikelen zijn gemaakt zonder PVC en verpakt in plasticarme verpakkingen<\/p>\n","protected":false},"excerpt":{"rendered":"<p>Je kabel heb je altijd bij je \u2013 en stroom ook. Emeryville is een powerbank van 10.000 mAh waarmee je al je mobiele apparaten razendsnel kunt opladen \u2013 met ultiem gemak. Dankzij de ge\u00efntegreerde, intrekbare USB-C-kabel van 70 cm hoef je nooit meer te zoeken naar een kabel. Emeryville laadt niet alleen razendsnel op, maar [&hellip;]<\/p>\n","protected":false},"featured_media":26788,"comment_status":"closed","ping_status":"closed","template":"","meta":{"_acf_changed":false,"om_disable_all_campaigns":false},"product_cat":[55],"product_tag":[],"class_list":["post-26604","product","type-product","status-publish","has-post-thumbnail","hentry","product_cat-powerbanks-nl","pa_color-black"],"acf":[],"yoast_head":"<!-- This site is optimized with the Yoast SEO plugin v27.0 - https:\/\/yoast.com\/product\/yoast-seo-wordpress\/ -->\n<title>Emeryville 20W 10.000 mAh powerbank, zwart - Urban Vitamin<\/title>\n<meta name=\"robots\" content=\"index, follow, max-snippet:-1, max-image-preview:large, max-video-preview:-1\" \/>\n<link rel=\"canonical\" href=\"https:\/\/urban-vitamin.com\/nl\/emeryville-20w-10-000-mah-powerbank-zwart\/\" \/>\n<meta property=\"og:locale\" content=\"nl_NL\" \/>\n<meta property=\"og:type\" content=\"article\" \/>\n<meta property=\"og:title\" content=\"Emeryville 20W 10.000 mAh powerbank, zwart - Urban Vitamin\" \/>\n<meta property=\"og:description\" content=\"Je kabel heb je altijd bij je \u2013 en stroom ook. Emeryville is een powerbank van 10.000 mAh waarmee je al je mobiele apparaten razendsnel kunt opladen \u2013 met ultiem gemak. Dankzij de ge\u00efntegreerde, intrekbare USB-C-kabel van 70 cm hoef je nooit meer te zoeken naar een kabel. Emeryville laadt niet alleen razendsnel op, maar [&hellip;]\" \/>\n<meta property=\"og:url\" content=\"https:\/\/urban-vitamin.com\/nl\/emeryville-20w-10-000-mah-powerbank-zwart\/\" \/>\n<meta property=\"og:site_name\" content=\"Urban Vitamin\" \/>\n<meta property=\"article:modified_time\" content=\"2026-03-12T01:26:30+00:00\" \/>\n<meta property=\"og:image\" content=\"https:\/\/urban-vitamin.com\/wp-content\/uploads\/sites\/5\/2026\/01\/P322.7301__S_0__d858ee8231e14471a3a2441a4bc72396.jpg\" \/>\n\t<meta property=\"og:image:width\" content=\"1024\" \/>\n\t<meta property=\"og:image:height\" content=\"1024\" \/>\n\t<meta property=\"og:image:type\" content=\"image\/jpeg\" \/>\n<meta name=\"twitter:card\" content=\"summary_large_image\" \/>\n<meta name=\"twitter:label1\" content=\"Geschatte leestijd\" \/>\n\t<meta name=\"twitter:data1\" content=\"1 minuut\" \/>\n<script type=\"application\/ld+json\" class=\"yoast-schema-graph\">{\"@context\":\"https:\/\/schema.org\",\"@graph\":[{\"@type\":\"WebPage\",\"@id\":\"https:\/\/urban-vitamin.com\/nl\/emeryville-20w-10-000-mah-powerbank-zwart\/\",\"url\":\"https:\/\/urban-vitamin.com\/nl\/emeryville-20w-10-000-mah-powerbank-zwart\/\",\"name\":\"Emeryville 20W 10.000 mAh powerbank, zwart - Urban Vitamin\",\"isPartOf\":{\"@id\":\"https:\/\/urban-vitamin.com\/nl\/#website\"},\"primaryImageOfPage\":{\"@id\":\"https:\/\/urban-vitamin.com\/nl\/emeryville-20w-10-000-mah-powerbank-zwart\/#primaryimage\"},\"image\":{\"@id\":\"https:\/\/urban-vitamin.com\/nl\/emeryville-20w-10-000-mah-powerbank-zwart\/#primaryimage\"},\"thumbnailUrl\":\"https:\/\/urban-vitamin.com\/wp-content\/uploads\/sites\/5\/2026\/01\/P322.7301__S_0__d858ee8231e14471a3a2441a4bc72396.jpg\",\"datePublished\":\"2026-03-12T01:06:37+00:00\",\"dateModified\":\"2026-03-12T01:26:30+00:00\",\"breadcrumb\":{\"@id\":\"https:\/\/urban-vitamin.com\/nl\/emeryville-20w-10-000-mah-powerbank-zwart\/#breadcrumb\"},\"inLanguage\":\"nl-NL\",\"potentialAction\":[{\"@type\":\"ReadAction\",\"target\":[\"https:\/\/urban-vitamin.com\/nl\/emeryville-20w-10-000-mah-powerbank-zwart\/\"]}]},{\"@type\":\"ImageObject\",\"inLanguage\":\"nl-NL\",\"@id\":\"https:\/\/urban-vitamin.com\/nl\/emeryville-20w-10-000-mah-powerbank-zwart\/#primaryimage\",\"url\":\"https:\/\/urban-vitamin.com\/wp-content\/uploads\/sites\/5\/2026\/01\/P322.7301__S_0__d858ee8231e14471a3a2441a4bc72396.jpg\",\"contentUrl\":\"https:\/\/urban-vitamin.com\/wp-content\/uploads\/sites\/5\/2026\/01\/P322.7301__S_0__d858ee8231e14471a3a2441a4bc72396.jpg\",\"width\":1024,\"height\":1024},{\"@type\":\"BreadcrumbList\",\"@id\":\"https:\/\/urban-vitamin.com\/nl\/emeryville-20w-10-000-mah-powerbank-zwart\/#breadcrumb\",\"itemListElement\":[{\"@type\":\"ListItem\",\"position\":1,\"name\":\"Home\",\"item\":\"https:\/\/urban-vitamin.com\/nl\/\"},{\"@type\":\"ListItem\",\"position\":2,\"name\":\"Collectie\",\"item\":\"https:\/\/urban-vitamin.com\/nl\/collectie\/\"},{\"@type\":\"ListItem\",\"position\":3,\"name\":\"Emeryville 20W 10.000 mAh powerbank, zwart\"}]},{\"@type\":\"WebSite\",\"@id\":\"https:\/\/urban-vitamin.com\/nl\/#website\",\"url\":\"https:\/\/urban-vitamin.com\/nl\/\",\"name\":\"Urban Vitamin\",\"description\":\"Enjoy your daily dose of Urban Vitamin!\",\"potentialAction\":[{\"@type\":\"SearchAction\",\"target\":{\"@type\":\"EntryPoint\",\"urlTemplate\":\"https:\/\/urban-vitamin.com\/nl\/?s={search_term_string}\"},\"query-input\":{\"@type\":\"PropertyValueSpecification\",\"valueRequired\":true,\"valueName\":\"search_term_string\"}}],\"inLanguage\":\"nl-NL\"}]}<\/script>\n<!-- \/ Yoast SEO plugin. -->","yoast_head_json":{"title":"Emeryville 20W 10.000 mAh powerbank, zwart - Urban Vitamin","robots":{"index":"index","follow":"follow","max-snippet":"max-snippet:-1","max-image-preview":"max-image-preview:large","max-video-preview":"max-video-preview:-1"},"canonical":"https:\/\/urban-vitamin.com\/nl\/emeryville-20w-10-000-mah-powerbank-zwart\/","og_locale":"nl_NL","og_type":"article","og_title":"Emeryville 20W 10.000 mAh powerbank, zwart - Urban Vitamin","og_description":"Je kabel heb je altijd bij je \u2013 en stroom ook. Emeryville is een powerbank van 10.000 mAh waarmee je al je mobiele apparaten razendsnel kunt opladen \u2013 met ultiem gemak. Dankzij de ge\u00efntegreerde, intrekbare USB-C-kabel van 70 cm hoef je nooit meer te zoeken naar een kabel. Emeryville laadt niet alleen razendsnel op, maar [&hellip;]","og_url":"https:\/\/urban-vitamin.com\/nl\/emeryville-20w-10-000-mah-powerbank-zwart\/","og_site_name":"Urban Vitamin","article_modified_time":"2026-03-12T01:26:30+00:00","og_image":[{"width":1024,"height":1024,"url":"https:\/\/urban-vitamin.com\/wp-content\/uploads\/sites\/5\/2026\/01\/P322.7301__S_0__d858ee8231e14471a3a2441a4bc72396.jpg","type":"image\/jpeg"}],"twitter_card":"summary_large_image","twitter_misc":{"Geschatte leestijd":"1 minuut"},"schema":{"@context":"https:\/\/schema.org","@graph":[{"@type":"WebPage","@id":"https:\/\/urban-vitamin.com\/nl\/emeryville-20w-10-000-mah-powerbank-zwart\/","url":"https:\/\/urban-vitamin.com\/nl\/emeryville-20w-10-000-mah-powerbank-zwart\/","name":"Emeryville 20W 10.000 mAh powerbank, zwart - Urban Vitamin","isPartOf":{"@id":"https:\/\/urban-vitamin.com\/nl\/#website"},"primaryImageOfPage":{"@id":"https:\/\/urban-vitamin.com\/nl\/emeryville-20w-10-000-mah-powerbank-zwart\/#primaryimage"},"image":{"@id":"https:\/\/urban-vitamin.com\/nl\/emeryville-20w-10-000-mah-powerbank-zwart\/#primaryimage"},"thumbnailUrl":"https:\/\/urban-vitamin.com\/wp-content\/uploads\/sites\/5\/2026\/01\/P322.7301__S_0__d858ee8231e14471a3a2441a4bc72396.jpg","datePublished":"2026-03-12T01:06:37+00:00","dateModified":"2026-03-12T01:26:30+00:00","breadcrumb":{"@id":"https:\/\/urban-vitamin.com\/nl\/emeryville-20w-10-000-mah-powerbank-zwart\/#breadcrumb"},"inLanguage":"nl-NL","potentialAction":[{"@type":"ReadAction","target":["https:\/\/urban-vitamin.com\/nl\/emeryville-20w-10-000-mah-powerbank-zwart\/"]}]},{"@type":"ImageObject","inLanguage":"nl-NL","@id":"https:\/\/urban-vitamin.com\/nl\/emeryville-20w-10-000-mah-powerbank-zwart\/#primaryimage","url":"https:\/\/urban-vitamin.com\/wp-content\/uploads\/sites\/5\/2026\/01\/P322.7301__S_0__d858ee8231e14471a3a2441a4bc72396.jpg","contentUrl":"https:\/\/urban-vitamin.com\/wp-content\/uploads\/sites\/5\/2026\/01\/P322.7301__S_0__d858ee8231e14471a3a2441a4bc72396.jpg","width":1024,"height":1024},{"@type":"BreadcrumbList","@id":"https:\/\/urban-vitamin.com\/nl\/emeryville-20w-10-000-mah-powerbank-zwart\/#breadcrumb","itemListElement":[{"@type":"ListItem","position":1,"name":"Home","item":"https:\/\/urban-vitamin.com\/nl\/"},{"@type":"ListItem","position":2,"name":"Collectie","item":"https:\/\/urban-vitamin.com\/nl\/collectie\/"},{"@type":"ListItem","position":3,"name":"Emeryville 20W 10.000 mAh powerbank, zwart"}]},{"@type":"WebSite","@id":"https:\/\/urban-vitamin.com\/nl\/#website","url":"https:\/\/urban-vitamin.com\/nl\/","name":"Urban Vitamin","description":"Enjoy your daily dose of Urban Vitamin!","potentialAction":[{"@type":"SearchAction","target":{"@type":"EntryPoint","urlTemplate":"https:\/\/urban-vitamin.com\/nl\/?s={search_term_string}"},"query-input":{"@type":"PropertyValueSpecification","valueRequired":true,"valueName":"search_term_string"}}],"inLanguage":"nl-NL"}]}},"_links":{"self":[{"href":"https:\/\/urban-vitamin.com\/nl\/wp-json\/wp\/v2\/product\/26604","targetHints":{"allow":["GET"]}}],"collection":[{"href":"https:\/\/urban-vitamin.com\/nl\/wp-json\/wp\/v2\/product"}],"about":[{"href":"https:\/\/urban-vitamin.com\/nl\/wp-json\/wp\/v2\/types\/product"}],"replies":[{"embeddable":true,"href":"https:\/\/urban-vitamin.com\/nl\/wp-json\/wp\/v2\/comments?post=26604"}],"wp:featuredmedia":[{"embeddable":true,"href":"https:\/\/urban-vitamin.com\/nl\/wp-json\/wp\/v2\/media\/26788"}],"wp:attachment":[{"href":"https:\/\/urban-vitamin.com\/nl\/wp-json\/wp\/v2\/media?parent=26604"}],"wp:term":[{"taxonomy":"product_cat","embeddable":true,"href":"https:\/\/urban-vitamin.com\/nl\/wp-json\/wp\/v2\/product_cat?post=26604"},{"taxonomy":"product_tag","embeddable":true,"href":"https:\/\/urban-vitamin.com\/nl\/wp-json\/wp\/v2\/product_tag?post=26604"}],"curies":[{"name":"wp","href":"https:\/\/api.w.org\/{rel}","templated":true}]}}