{"id":25221,"date":"2026-03-12T01:06:37","date_gmt":"2026-03-12T01:06:37","guid":{"rendered":"https:\/\/urban-vitamin.com\/urban-vitamin-stanford-165w-20-000-mah-powerbank-grijs\/"},"modified":"2026-03-12T01:26:36","modified_gmt":"2026-03-12T01:26:36","slug":"stanford-165w-20-000-mah-powerbank-grijs","status":"publish","type":"product","link":"https:\/\/urban-vitamin.com\/nl\/stanford-165w-20-000-mah-powerbank-grijs\/","title":{"rendered":"Stanford 165W 20.000 mAh powerbank, grijs"},"content":{"rendered":"<p>De Urban Vitamin Stanford powerbank is het toppunt van geavanceerde oplaadtechnologie en biedt onge\u00ebvenaarde prestaties voor wie het beste eist. Met een robuuste capaciteit van 20.000 mAh ondersteunt de Stanford een ongelooflijke 165W megasnelle oplading, waardoor je apparaten, waaronder meerdere laptops en MacBooks, tegelijkertijd razendsnel worden opgeladen. Uitgerust met drie uitvoeropties: twee USB-C en \u00e9\u00e9n USB-A, is de Stanford ontworpen voor maximale veelzijdigheid. Hij beschikt ook over een unieke, ge\u00efntegreerde, intrekbare USB-C-kabel van 70 cm (100W), waardoor je geen extra accessoires hoeft mee te nemen. Het hoogwaardige TFT-kleurendisplay biedt realtime updates over de laadsnelheid en de status van het apparaat, zodat je tijdens elke oplaadbeurt volledig op de hoogte blijft. De Stanford heeft een duurzame aluminium behuizing en biedt een premium look-and-feel, maar is tegelijkertijd lichtgewicht en draagbaar. Urban Vitamin-producten zijn gemaakt zonder PVC .<\/p>\n","protected":false},"excerpt":{"rendered":"<p>De Urban Vitamin Stanford powerbank is het toppunt van geavanceerde oplaadtechnologie en biedt onge\u00ebvenaarde prestaties voor wie het beste eist. Met een robuuste capaciteit van 20.000 mAh ondersteunt de Stanford een ongelooflijke 165W megasnelle oplading, waardoor je apparaten, waaronder meerdere laptops en MacBooks, tegelijkertijd razendsnel worden opgeladen. Uitgerust met drie uitvoeropties: twee USB-C en \u00e9\u00e9n [&hellip;]<\/p>\n","protected":false},"featured_media":26758,"comment_status":"closed","ping_status":"closed","template":"","meta":{"_acf_changed":false,"om_disable_all_campaigns":false},"product_cat":[55],"product_tag":[],"class_list":["post-25221","product","type-product","status-publish","has-post-thumbnail","hentry","product_cat-powerbanks-nl","pa_color-grey"],"acf":[],"yoast_head":"<!-- This site is optimized with the Yoast SEO plugin v27.0 - https:\/\/yoast.com\/product\/yoast-seo-wordpress\/ -->\n<title>Stanford 165W 20.000 mAh powerbank, grijs - Urban Vitamin<\/title>\n<meta name=\"robots\" content=\"index, follow, max-snippet:-1, max-image-preview:large, max-video-preview:-1\" \/>\n<link rel=\"canonical\" href=\"https:\/\/urban-vitamin.com\/nl\/stanford-165w-20-000-mah-powerbank-grijs\/\" \/>\n<meta property=\"og:locale\" content=\"nl_NL\" \/>\n<meta property=\"og:type\" content=\"article\" \/>\n<meta property=\"og:title\" content=\"Stanford 165W 20.000 mAh powerbank, grijs - Urban Vitamin\" \/>\n<meta property=\"og:description\" content=\"De Urban Vitamin Stanford powerbank is het toppunt van geavanceerde oplaadtechnologie en biedt onge\u00ebvenaarde prestaties voor wie het beste eist. Met een robuuste capaciteit van 20.000 mAh ondersteunt de Stanford een ongelooflijke 165W megasnelle oplading, waardoor je apparaten, waaronder meerdere laptops en MacBooks, tegelijkertijd razendsnel worden opgeladen. Uitgerust met drie uitvoeropties: twee USB-C en \u00e9\u00e9n [&hellip;]\" \/>\n<meta property=\"og:url\" content=\"https:\/\/urban-vitamin.com\/nl\/stanford-165w-20-000-mah-powerbank-grijs\/\" \/>\n<meta property=\"og:site_name\" content=\"Urban Vitamin\" \/>\n<meta property=\"article:modified_time\" content=\"2026-03-12T01:26:36+00:00\" \/>\n<meta property=\"og:image\" content=\"https:\/\/urban-vitamin.com\/wp-content\/uploads\/sites\/5\/2025\/10\/P322.7802__S_0__5cc27688b69241369b431cd93714361f.jpg\" \/>\n\t<meta property=\"og:image:width\" content=\"1024\" \/>\n\t<meta property=\"og:image:height\" content=\"1024\" \/>\n\t<meta property=\"og:image:type\" content=\"image\/jpeg\" \/>\n<meta name=\"twitter:card\" content=\"summary_large_image\" \/>\n<meta name=\"twitter:label1\" content=\"Geschatte leestijd\" \/>\n\t<meta name=\"twitter:data1\" content=\"1 minuut\" \/>\n<script type=\"application\/ld+json\" class=\"yoast-schema-graph\">{\"@context\":\"https:\/\/schema.org\",\"@graph\":[{\"@type\":\"WebPage\",\"@id\":\"https:\/\/urban-vitamin.com\/nl\/stanford-165w-20-000-mah-powerbank-grijs\/\",\"url\":\"https:\/\/urban-vitamin.com\/nl\/stanford-165w-20-000-mah-powerbank-grijs\/\",\"name\":\"Stanford 165W 20.000 mAh powerbank, grijs - Urban Vitamin\",\"isPartOf\":{\"@id\":\"https:\/\/urban-vitamin.com\/nl\/#website\"},\"primaryImageOfPage\":{\"@id\":\"https:\/\/urban-vitamin.com\/nl\/stanford-165w-20-000-mah-powerbank-grijs\/#primaryimage\"},\"image\":{\"@id\":\"https:\/\/urban-vitamin.com\/nl\/stanford-165w-20-000-mah-powerbank-grijs\/#primaryimage\"},\"thumbnailUrl\":\"https:\/\/urban-vitamin.com\/wp-content\/uploads\/sites\/5\/2025\/10\/P322.7802__S_0__5cc27688b69241369b431cd93714361f.jpg\",\"datePublished\":\"2026-03-12T01:06:37+00:00\",\"dateModified\":\"2026-03-12T01:26:36+00:00\",\"breadcrumb\":{\"@id\":\"https:\/\/urban-vitamin.com\/nl\/stanford-165w-20-000-mah-powerbank-grijs\/#breadcrumb\"},\"inLanguage\":\"nl-NL\",\"potentialAction\":[{\"@type\":\"ReadAction\",\"target\":[\"https:\/\/urban-vitamin.com\/nl\/stanford-165w-20-000-mah-powerbank-grijs\/\"]}]},{\"@type\":\"ImageObject\",\"inLanguage\":\"nl-NL\",\"@id\":\"https:\/\/urban-vitamin.com\/nl\/stanford-165w-20-000-mah-powerbank-grijs\/#primaryimage\",\"url\":\"https:\/\/urban-vitamin.com\/wp-content\/uploads\/sites\/5\/2025\/10\/P322.7802__S_0__5cc27688b69241369b431cd93714361f.jpg\",\"contentUrl\":\"https:\/\/urban-vitamin.com\/wp-content\/uploads\/sites\/5\/2025\/10\/P322.7802__S_0__5cc27688b69241369b431cd93714361f.jpg\",\"width\":1024,\"height\":1024},{\"@type\":\"BreadcrumbList\",\"@id\":\"https:\/\/urban-vitamin.com\/nl\/stanford-165w-20-000-mah-powerbank-grijs\/#breadcrumb\",\"itemListElement\":[{\"@type\":\"ListItem\",\"position\":1,\"name\":\"Home\",\"item\":\"https:\/\/urban-vitamin.com\/nl\/\"},{\"@type\":\"ListItem\",\"position\":2,\"name\":\"Collectie\",\"item\":\"https:\/\/urban-vitamin.com\/nl\/collectie\/\"},{\"@type\":\"ListItem\",\"position\":3,\"name\":\"Stanford 165W 20.000 mAh powerbank, grijs\"}]},{\"@type\":\"WebSite\",\"@id\":\"https:\/\/urban-vitamin.com\/nl\/#website\",\"url\":\"https:\/\/urban-vitamin.com\/nl\/\",\"name\":\"Urban Vitamin\",\"description\":\"Enjoy your daily dose of Urban Vitamin!\",\"potentialAction\":[{\"@type\":\"SearchAction\",\"target\":{\"@type\":\"EntryPoint\",\"urlTemplate\":\"https:\/\/urban-vitamin.com\/nl\/?s={search_term_string}\"},\"query-input\":{\"@type\":\"PropertyValueSpecification\",\"valueRequired\":true,\"valueName\":\"search_term_string\"}}],\"inLanguage\":\"nl-NL\"}]}<\/script>\n<!-- \/ Yoast SEO plugin. -->","yoast_head_json":{"title":"Stanford 165W 20.000 mAh powerbank, grijs - Urban Vitamin","robots":{"index":"index","follow":"follow","max-snippet":"max-snippet:-1","max-image-preview":"max-image-preview:large","max-video-preview":"max-video-preview:-1"},"canonical":"https:\/\/urban-vitamin.com\/nl\/stanford-165w-20-000-mah-powerbank-grijs\/","og_locale":"nl_NL","og_type":"article","og_title":"Stanford 165W 20.000 mAh powerbank, grijs - Urban Vitamin","og_description":"De Urban Vitamin Stanford powerbank is het toppunt van geavanceerde oplaadtechnologie en biedt onge\u00ebvenaarde prestaties voor wie het beste eist. Met een robuuste capaciteit van 20.000 mAh ondersteunt de Stanford een ongelooflijke 165W megasnelle oplading, waardoor je apparaten, waaronder meerdere laptops en MacBooks, tegelijkertijd razendsnel worden opgeladen. Uitgerust met drie uitvoeropties: twee USB-C en \u00e9\u00e9n [&hellip;]","og_url":"https:\/\/urban-vitamin.com\/nl\/stanford-165w-20-000-mah-powerbank-grijs\/","og_site_name":"Urban Vitamin","article_modified_time":"2026-03-12T01:26:36+00:00","og_image":[{"width":1024,"height":1024,"url":"https:\/\/urban-vitamin.com\/wp-content\/uploads\/sites\/5\/2025\/10\/P322.7802__S_0__5cc27688b69241369b431cd93714361f.jpg","type":"image\/jpeg"}],"twitter_card":"summary_large_image","twitter_misc":{"Geschatte leestijd":"1 minuut"},"schema":{"@context":"https:\/\/schema.org","@graph":[{"@type":"WebPage","@id":"https:\/\/urban-vitamin.com\/nl\/stanford-165w-20-000-mah-powerbank-grijs\/","url":"https:\/\/urban-vitamin.com\/nl\/stanford-165w-20-000-mah-powerbank-grijs\/","name":"Stanford 165W 20.000 mAh powerbank, grijs - Urban Vitamin","isPartOf":{"@id":"https:\/\/urban-vitamin.com\/nl\/#website"},"primaryImageOfPage":{"@id":"https:\/\/urban-vitamin.com\/nl\/stanford-165w-20-000-mah-powerbank-grijs\/#primaryimage"},"image":{"@id":"https:\/\/urban-vitamin.com\/nl\/stanford-165w-20-000-mah-powerbank-grijs\/#primaryimage"},"thumbnailUrl":"https:\/\/urban-vitamin.com\/wp-content\/uploads\/sites\/5\/2025\/10\/P322.7802__S_0__5cc27688b69241369b431cd93714361f.jpg","datePublished":"2026-03-12T01:06:37+00:00","dateModified":"2026-03-12T01:26:36+00:00","breadcrumb":{"@id":"https:\/\/urban-vitamin.com\/nl\/stanford-165w-20-000-mah-powerbank-grijs\/#breadcrumb"},"inLanguage":"nl-NL","potentialAction":[{"@type":"ReadAction","target":["https:\/\/urban-vitamin.com\/nl\/stanford-165w-20-000-mah-powerbank-grijs\/"]}]},{"@type":"ImageObject","inLanguage":"nl-NL","@id":"https:\/\/urban-vitamin.com\/nl\/stanford-165w-20-000-mah-powerbank-grijs\/#primaryimage","url":"https:\/\/urban-vitamin.com\/wp-content\/uploads\/sites\/5\/2025\/10\/P322.7802__S_0__5cc27688b69241369b431cd93714361f.jpg","contentUrl":"https:\/\/urban-vitamin.com\/wp-content\/uploads\/sites\/5\/2025\/10\/P322.7802__S_0__5cc27688b69241369b431cd93714361f.jpg","width":1024,"height":1024},{"@type":"BreadcrumbList","@id":"https:\/\/urban-vitamin.com\/nl\/stanford-165w-20-000-mah-powerbank-grijs\/#breadcrumb","itemListElement":[{"@type":"ListItem","position":1,"name":"Home","item":"https:\/\/urban-vitamin.com\/nl\/"},{"@type":"ListItem","position":2,"name":"Collectie","item":"https:\/\/urban-vitamin.com\/nl\/collectie\/"},{"@type":"ListItem","position":3,"name":"Stanford 165W 20.000 mAh powerbank, grijs"}]},{"@type":"WebSite","@id":"https:\/\/urban-vitamin.com\/nl\/#website","url":"https:\/\/urban-vitamin.com\/nl\/","name":"Urban Vitamin","description":"Enjoy your daily dose of Urban Vitamin!","potentialAction":[{"@type":"SearchAction","target":{"@type":"EntryPoint","urlTemplate":"https:\/\/urban-vitamin.com\/nl\/?s={search_term_string}"},"query-input":{"@type":"PropertyValueSpecification","valueRequired":true,"valueName":"search_term_string"}}],"inLanguage":"nl-NL"}]}},"_links":{"self":[{"href":"https:\/\/urban-vitamin.com\/nl\/wp-json\/wp\/v2\/product\/25221","targetHints":{"allow":["GET"]}}],"collection":[{"href":"https:\/\/urban-vitamin.com\/nl\/wp-json\/wp\/v2\/product"}],"about":[{"href":"https:\/\/urban-vitamin.com\/nl\/wp-json\/wp\/v2\/types\/product"}],"replies":[{"embeddable":true,"href":"https:\/\/urban-vitamin.com\/nl\/wp-json\/wp\/v2\/comments?post=25221"}],"wp:featuredmedia":[{"embeddable":true,"href":"https:\/\/urban-vitamin.com\/nl\/wp-json\/wp\/v2\/media\/26758"}],"wp:attachment":[{"href":"https:\/\/urban-vitamin.com\/nl\/wp-json\/wp\/v2\/media?parent=25221"}],"wp:term":[{"taxonomy":"product_cat","embeddable":true,"href":"https:\/\/urban-vitamin.com\/nl\/wp-json\/wp\/v2\/product_cat?post=25221"},{"taxonomy":"product_tag","embeddable":true,"href":"https:\/\/urban-vitamin.com\/nl\/wp-json\/wp\/v2\/product_tag?post=25221"}],"curies":[{"name":"wp","href":"https:\/\/api.w.org\/{rel}","templated":true}]}}