{"id":25085,"date":"2026-03-12T01:06:22","date_gmt":"2026-03-12T01:06:22","guid":{"rendered":"https:\/\/urban-vitamin.com\/urban-vitamin-goleta-2-in-1-15-w-magn-draadloze-oplader-zwart\/"},"modified":"2026-03-12T01:26:23","modified_gmt":"2026-03-12T01:26:23","slug":"goleta-2-in-1-15-w-magn-draadloze-oplader-zwart","status":"publish","type":"product","link":"https:\/\/urban-vitamin.com\/nl\/goleta-2-in-1-15-w-magn-draadloze-oplader-zwart\/","title":{"rendered":"Goleta 2-in-1 15 W magn. draadloze oplader, zwart"},"content":{"rendered":"<p>De kracht om op te laden, alles in \u00e9\u00e9n strak design. De Urban Vitamin Goleta is een 2-in-1 15W magnetische draadloze oplader met een intrekbare USB-C-kabel van 65 cm. Hij combineert draadloos opladen met het gemak van bekabeld opladen in \u00e9\u00e9n compacte, draagbare oplossing. Of u nu uw telefoon, iWatch of beide oplaadt, Goleta biedt de flexibiliteit en effici\u00ebntie die u nodig hebt. De Goleta is ontworpen met een supersterke magnetische verbinding en houdt uw telefoon stevig op zijn plaats terwijl hij draadloos oplaadt tot 15W voor telefoons, met meerdere uitgangsvermogens (10W, 7,5W, 5W), afhankelijk van uw apparaat. De draadloze 2,5W-uitgang voor iWatch zorgt ervoor dat uw smartwatch ook van stroom blijft. De intrekbare RTPE-kabel zorgt voor knoopvrije, eenvoudige opslag tijdens het opladen, en met een 9V\/3A USB-C-ingang levert hij effici\u00ebnte stroom voor al uw apparaten. Goleta is gemaakt met RCS (Recycled Claim Standard) gecertificeerde RABS-materialen. Urban Vitamin-artikelen zijn gema<\/p>\n","protected":false},"excerpt":{"rendered":"<p>De kracht om op te laden, alles in \u00e9\u00e9n strak design. De Urban Vitamin Goleta is een 2-in-1 15W magnetische draadloze oplader met een intrekbare USB-C-kabel van 65 cm. Hij combineert draadloos opladen met het gemak van bekabeld opladen in \u00e9\u00e9n compacte, draagbare oplossing. Of u nu uw telefoon, iWatch of beide oplaadt, Goleta biedt [&hellip;]<\/p>\n","protected":false},"featured_media":26728,"comment_status":"closed","ping_status":"closed","template":"","meta":{"_acf_changed":false,"om_disable_all_campaigns":false},"product_cat":[57],"product_tag":[],"class_list":["post-25085","product","type-product","status-publish","has-post-thumbnail","hentry","product_cat-opladers","pa_color-black"],"acf":[],"yoast_head":"<!-- This site is optimized with the Yoast SEO plugin v27.0 - https:\/\/yoast.com\/product\/yoast-seo-wordpress\/ -->\n<title>Goleta 2-in-1 15 W magn. draadloze oplader, zwart - Urban Vitamin<\/title>\n<meta name=\"robots\" content=\"index, follow, max-snippet:-1, max-image-preview:large, max-video-preview:-1\" \/>\n<link rel=\"canonical\" href=\"https:\/\/urban-vitamin.com\/nl\/goleta-2-in-1-15-w-magn-draadloze-oplader-zwart\/\" \/>\n<meta property=\"og:locale\" content=\"nl_NL\" \/>\n<meta property=\"og:type\" content=\"article\" \/>\n<meta property=\"og:title\" content=\"Goleta 2-in-1 15 W magn. draadloze oplader, zwart - Urban Vitamin\" \/>\n<meta property=\"og:description\" content=\"De kracht om op te laden, alles in \u00e9\u00e9n strak design. De Urban Vitamin Goleta is een 2-in-1 15W magnetische draadloze oplader met een intrekbare USB-C-kabel van 65 cm. Hij combineert draadloos opladen met het gemak van bekabeld opladen in \u00e9\u00e9n compacte, draagbare oplossing. Of u nu uw telefoon, iWatch of beide oplaadt, Goleta biedt [&hellip;]\" \/>\n<meta property=\"og:url\" content=\"https:\/\/urban-vitamin.com\/nl\/goleta-2-in-1-15-w-magn-draadloze-oplader-zwart\/\" \/>\n<meta property=\"og:site_name\" content=\"Urban Vitamin\" \/>\n<meta property=\"article:modified_time\" content=\"2026-03-12T01:26:23+00:00\" \/>\n<meta property=\"og:image\" content=\"https:\/\/urban-vitamin.com\/wp-content\/uploads\/sites\/5\/2025\/10\/P309.5301__S_0__d8a3702e2ccf46be92b682855798e42a.jpg\" \/>\n\t<meta property=\"og:image:width\" content=\"1024\" \/>\n\t<meta property=\"og:image:height\" content=\"1024\" \/>\n\t<meta property=\"og:image:type\" content=\"image\/jpeg\" \/>\n<meta name=\"twitter:card\" content=\"summary_large_image\" \/>\n<meta name=\"twitter:label1\" content=\"Geschatte leestijd\" \/>\n\t<meta name=\"twitter:data1\" content=\"1 minuut\" \/>\n<script type=\"application\/ld+json\" class=\"yoast-schema-graph\">{\"@context\":\"https:\/\/schema.org\",\"@graph\":[{\"@type\":\"WebPage\",\"@id\":\"https:\/\/urban-vitamin.com\/nl\/goleta-2-in-1-15-w-magn-draadloze-oplader-zwart\/\",\"url\":\"https:\/\/urban-vitamin.com\/nl\/goleta-2-in-1-15-w-magn-draadloze-oplader-zwart\/\",\"name\":\"Goleta 2-in-1 15 W magn. draadloze oplader, zwart - Urban Vitamin\",\"isPartOf\":{\"@id\":\"https:\/\/urban-vitamin.com\/nl\/#website\"},\"primaryImageOfPage\":{\"@id\":\"https:\/\/urban-vitamin.com\/nl\/goleta-2-in-1-15-w-magn-draadloze-oplader-zwart\/#primaryimage\"},\"image\":{\"@id\":\"https:\/\/urban-vitamin.com\/nl\/goleta-2-in-1-15-w-magn-draadloze-oplader-zwart\/#primaryimage\"},\"thumbnailUrl\":\"https:\/\/urban-vitamin.com\/wp-content\/uploads\/sites\/5\/2025\/10\/P309.5301__S_0__d8a3702e2ccf46be92b682855798e42a.jpg\",\"datePublished\":\"2026-03-12T01:06:22+00:00\",\"dateModified\":\"2026-03-12T01:26:23+00:00\",\"breadcrumb\":{\"@id\":\"https:\/\/urban-vitamin.com\/nl\/goleta-2-in-1-15-w-magn-draadloze-oplader-zwart\/#breadcrumb\"},\"inLanguage\":\"nl-NL\",\"potentialAction\":[{\"@type\":\"ReadAction\",\"target\":[\"https:\/\/urban-vitamin.com\/nl\/goleta-2-in-1-15-w-magn-draadloze-oplader-zwart\/\"]}]},{\"@type\":\"ImageObject\",\"inLanguage\":\"nl-NL\",\"@id\":\"https:\/\/urban-vitamin.com\/nl\/goleta-2-in-1-15-w-magn-draadloze-oplader-zwart\/#primaryimage\",\"url\":\"https:\/\/urban-vitamin.com\/wp-content\/uploads\/sites\/5\/2025\/10\/P309.5301__S_0__d8a3702e2ccf46be92b682855798e42a.jpg\",\"contentUrl\":\"https:\/\/urban-vitamin.com\/wp-content\/uploads\/sites\/5\/2025\/10\/P309.5301__S_0__d8a3702e2ccf46be92b682855798e42a.jpg\",\"width\":1024,\"height\":1024},{\"@type\":\"BreadcrumbList\",\"@id\":\"https:\/\/urban-vitamin.com\/nl\/goleta-2-in-1-15-w-magn-draadloze-oplader-zwart\/#breadcrumb\",\"itemListElement\":[{\"@type\":\"ListItem\",\"position\":1,\"name\":\"Home\",\"item\":\"https:\/\/urban-vitamin.com\/nl\/\"},{\"@type\":\"ListItem\",\"position\":2,\"name\":\"Collectie\",\"item\":\"https:\/\/urban-vitamin.com\/nl\/collectie\/\"},{\"@type\":\"ListItem\",\"position\":3,\"name\":\"Goleta 2-in-1 15 W magn. draadloze oplader, zwart\"}]},{\"@type\":\"WebSite\",\"@id\":\"https:\/\/urban-vitamin.com\/nl\/#website\",\"url\":\"https:\/\/urban-vitamin.com\/nl\/\",\"name\":\"Urban Vitamin\",\"description\":\"Enjoy your daily dose of Urban Vitamin!\",\"potentialAction\":[{\"@type\":\"SearchAction\",\"target\":{\"@type\":\"EntryPoint\",\"urlTemplate\":\"https:\/\/urban-vitamin.com\/nl\/?s={search_term_string}\"},\"query-input\":{\"@type\":\"PropertyValueSpecification\",\"valueRequired\":true,\"valueName\":\"search_term_string\"}}],\"inLanguage\":\"nl-NL\"}]}<\/script>\n<!-- \/ Yoast SEO plugin. -->","yoast_head_json":{"title":"Goleta 2-in-1 15 W magn. draadloze oplader, zwart - Urban Vitamin","robots":{"index":"index","follow":"follow","max-snippet":"max-snippet:-1","max-image-preview":"max-image-preview:large","max-video-preview":"max-video-preview:-1"},"canonical":"https:\/\/urban-vitamin.com\/nl\/goleta-2-in-1-15-w-magn-draadloze-oplader-zwart\/","og_locale":"nl_NL","og_type":"article","og_title":"Goleta 2-in-1 15 W magn. draadloze oplader, zwart - Urban Vitamin","og_description":"De kracht om op te laden, alles in \u00e9\u00e9n strak design. De Urban Vitamin Goleta is een 2-in-1 15W magnetische draadloze oplader met een intrekbare USB-C-kabel van 65 cm. Hij combineert draadloos opladen met het gemak van bekabeld opladen in \u00e9\u00e9n compacte, draagbare oplossing. Of u nu uw telefoon, iWatch of beide oplaadt, Goleta biedt [&hellip;]","og_url":"https:\/\/urban-vitamin.com\/nl\/goleta-2-in-1-15-w-magn-draadloze-oplader-zwart\/","og_site_name":"Urban Vitamin","article_modified_time":"2026-03-12T01:26:23+00:00","og_image":[{"width":1024,"height":1024,"url":"https:\/\/urban-vitamin.com\/wp-content\/uploads\/sites\/5\/2025\/10\/P309.5301__S_0__d8a3702e2ccf46be92b682855798e42a.jpg","type":"image\/jpeg"}],"twitter_card":"summary_large_image","twitter_misc":{"Geschatte leestijd":"1 minuut"},"schema":{"@context":"https:\/\/schema.org","@graph":[{"@type":"WebPage","@id":"https:\/\/urban-vitamin.com\/nl\/goleta-2-in-1-15-w-magn-draadloze-oplader-zwart\/","url":"https:\/\/urban-vitamin.com\/nl\/goleta-2-in-1-15-w-magn-draadloze-oplader-zwart\/","name":"Goleta 2-in-1 15 W magn. draadloze oplader, zwart - Urban Vitamin","isPartOf":{"@id":"https:\/\/urban-vitamin.com\/nl\/#website"},"primaryImageOfPage":{"@id":"https:\/\/urban-vitamin.com\/nl\/goleta-2-in-1-15-w-magn-draadloze-oplader-zwart\/#primaryimage"},"image":{"@id":"https:\/\/urban-vitamin.com\/nl\/goleta-2-in-1-15-w-magn-draadloze-oplader-zwart\/#primaryimage"},"thumbnailUrl":"https:\/\/urban-vitamin.com\/wp-content\/uploads\/sites\/5\/2025\/10\/P309.5301__S_0__d8a3702e2ccf46be92b682855798e42a.jpg","datePublished":"2026-03-12T01:06:22+00:00","dateModified":"2026-03-12T01:26:23+00:00","breadcrumb":{"@id":"https:\/\/urban-vitamin.com\/nl\/goleta-2-in-1-15-w-magn-draadloze-oplader-zwart\/#breadcrumb"},"inLanguage":"nl-NL","potentialAction":[{"@type":"ReadAction","target":["https:\/\/urban-vitamin.com\/nl\/goleta-2-in-1-15-w-magn-draadloze-oplader-zwart\/"]}]},{"@type":"ImageObject","inLanguage":"nl-NL","@id":"https:\/\/urban-vitamin.com\/nl\/goleta-2-in-1-15-w-magn-draadloze-oplader-zwart\/#primaryimage","url":"https:\/\/urban-vitamin.com\/wp-content\/uploads\/sites\/5\/2025\/10\/P309.5301__S_0__d8a3702e2ccf46be92b682855798e42a.jpg","contentUrl":"https:\/\/urban-vitamin.com\/wp-content\/uploads\/sites\/5\/2025\/10\/P309.5301__S_0__d8a3702e2ccf46be92b682855798e42a.jpg","width":1024,"height":1024},{"@type":"BreadcrumbList","@id":"https:\/\/urban-vitamin.com\/nl\/goleta-2-in-1-15-w-magn-draadloze-oplader-zwart\/#breadcrumb","itemListElement":[{"@type":"ListItem","position":1,"name":"Home","item":"https:\/\/urban-vitamin.com\/nl\/"},{"@type":"ListItem","position":2,"name":"Collectie","item":"https:\/\/urban-vitamin.com\/nl\/collectie\/"},{"@type":"ListItem","position":3,"name":"Goleta 2-in-1 15 W magn. draadloze oplader, zwart"}]},{"@type":"WebSite","@id":"https:\/\/urban-vitamin.com\/nl\/#website","url":"https:\/\/urban-vitamin.com\/nl\/","name":"Urban Vitamin","description":"Enjoy your daily dose of Urban Vitamin!","potentialAction":[{"@type":"SearchAction","target":{"@type":"EntryPoint","urlTemplate":"https:\/\/urban-vitamin.com\/nl\/?s={search_term_string}"},"query-input":{"@type":"PropertyValueSpecification","valueRequired":true,"valueName":"search_term_string"}}],"inLanguage":"nl-NL"}]}},"_links":{"self":[{"href":"https:\/\/urban-vitamin.com\/nl\/wp-json\/wp\/v2\/product\/25085","targetHints":{"allow":["GET"]}}],"collection":[{"href":"https:\/\/urban-vitamin.com\/nl\/wp-json\/wp\/v2\/product"}],"about":[{"href":"https:\/\/urban-vitamin.com\/nl\/wp-json\/wp\/v2\/types\/product"}],"replies":[{"embeddable":true,"href":"https:\/\/urban-vitamin.com\/nl\/wp-json\/wp\/v2\/comments?post=25085"}],"wp:featuredmedia":[{"embeddable":true,"href":"https:\/\/urban-vitamin.com\/nl\/wp-json\/wp\/v2\/media\/26728"}],"wp:attachment":[{"href":"https:\/\/urban-vitamin.com\/nl\/wp-json\/wp\/v2\/media?parent=25085"}],"wp:term":[{"taxonomy":"product_cat","embeddable":true,"href":"https:\/\/urban-vitamin.com\/nl\/wp-json\/wp\/v2\/product_cat?post=25085"},{"taxonomy":"product_tag","embeddable":true,"href":"https:\/\/urban-vitamin.com\/nl\/wp-json\/wp\/v2\/product_tag?post=25085"}],"curies":[{"name":"wp","href":"https:\/\/api.w.org\/{rel}","templated":true}]}}