{"id":24908,"date":"2026-03-12T01:06:22","date_gmt":"2026-03-12T01:06:22","guid":{"rendered":"https:\/\/urban-vitamin.com\/urban-vitamin-san-jose-100w-standaard-met-uittrekbare-kabel-zwart\/"},"modified":"2026-03-12T01:26:19","modified_gmt":"2026-03-12T01:26:19","slug":"san-jose-100w-standaard-met-uittrekbare-kabel-zwart","status":"publish","type":"product","link":"https:\/\/urban-vitamin.com\/nl\/san-jose-100w-standaard-met-uittrekbare-kabel-zwart\/","title":{"rendered":"San Jose 100W standaard met uittrekbare kabel, zwart"},"content":{"rendered":"<p>De ultieme alles-in-\u00e9\u00e9n oplaadoplossing. San Jose is een 100W telefoonhouder met een ge\u00efntegreerde intrekbare oplaadkabel die supersnelle stroom en gemak levert. Met zijn magnetische telefoonhouder en kickstand houdt de San Jose je telefoon veilig en rechtop in de perfecte hoek voor handsfree gebruik &#8211; of je nu video&#8217;s bekijkt, videogesprekken voert of CarPlay gebruikt. De intrekbare RTPE-kabel is tot 100 cm uittrekbaar en biedt supersnel opladen, met ondersteuning voor een vermogen tot 100 W met de USB-C naar USB-C-kabel. Hij wordt ook geleverd met USB-A naar USB-C en USB-A naar iOS-connectoren, waardoor hij veelzijdig genoeg is om een \u200b\u200bbreed scala aan apparaten op te laden. Bovendien ondersteunt het gegevensoverdracht voor naadloze bestandssynchronisatie tijdens het opladen. San Jose is gemaakt met RCS (Recycled Claim Standard) gecertificeerde RABS &amp; RTPE-materialen. Totaal gerecycled materiaal 59% op basis van het artikelgewicht. Urban Vitamin-artikelen zijn gemaakt zonder PVC.<\/p>\n","protected":false},"excerpt":{"rendered":"<p>De ultieme alles-in-\u00e9\u00e9n oplaadoplossing. San Jose is een 100W telefoonhouder met een ge\u00efntegreerde intrekbare oplaadkabel die supersnelle stroom en gemak levert. Met zijn magnetische telefoonhouder en kickstand houdt de San Jose je telefoon veilig en rechtop in de perfecte hoek voor handsfree gebruik &#8211; of je nu video&#8217;s bekijkt, videogesprekken voert of CarPlay gebruikt. De [&hellip;]<\/p>\n","protected":false},"featured_media":26714,"comment_status":"closed","ping_status":"closed","template":"","meta":{"_acf_changed":false,"om_disable_all_campaigns":false},"product_cat":[57],"product_tag":[],"class_list":["post-24908","product","type-product","status-publish","has-post-thumbnail","hentry","product_cat-opladers","pa_color-black"],"acf":[],"yoast_head":"<!-- This site is optimized with the Yoast SEO plugin v27.0 - https:\/\/yoast.com\/product\/yoast-seo-wordpress\/ -->\n<title>San Jose 100W standaard met uittrekbare kabel, zwart - Urban Vitamin<\/title>\n<meta name=\"robots\" content=\"index, follow, max-snippet:-1, max-image-preview:large, max-video-preview:-1\" \/>\n<link rel=\"canonical\" href=\"https:\/\/urban-vitamin.com\/nl\/san-jose-100w-standaard-met-uittrekbare-kabel-zwart\/\" \/>\n<meta property=\"og:locale\" content=\"nl_NL\" \/>\n<meta property=\"og:type\" content=\"article\" \/>\n<meta property=\"og:title\" content=\"San Jose 100W standaard met uittrekbare kabel, zwart - Urban Vitamin\" \/>\n<meta property=\"og:description\" content=\"De ultieme alles-in-\u00e9\u00e9n oplaadoplossing. San Jose is een 100W telefoonhouder met een ge\u00efntegreerde intrekbare oplaadkabel die supersnelle stroom en gemak levert. Met zijn magnetische telefoonhouder en kickstand houdt de San Jose je telefoon veilig en rechtop in de perfecte hoek voor handsfree gebruik &#8211; of je nu video&#8217;s bekijkt, videogesprekken voert of CarPlay gebruikt. De [&hellip;]\" \/>\n<meta property=\"og:url\" content=\"https:\/\/urban-vitamin.com\/nl\/san-jose-100w-standaard-met-uittrekbare-kabel-zwart\/\" \/>\n<meta property=\"og:site_name\" content=\"Urban Vitamin\" \/>\n<meta property=\"article:modified_time\" content=\"2026-03-12T01:26:19+00:00\" \/>\n<meta property=\"og:image\" content=\"https:\/\/urban-vitamin.com\/wp-content\/uploads\/sites\/5\/2025\/10\/P302.7201__S_0__f5c83506e2e34851b1ba28dba518e332.jpg\" \/>\n\t<meta property=\"og:image:width\" content=\"1024\" \/>\n\t<meta property=\"og:image:height\" content=\"1024\" \/>\n\t<meta property=\"og:image:type\" content=\"image\/jpeg\" \/>\n<meta name=\"twitter:card\" content=\"summary_large_image\" \/>\n<meta name=\"twitter:label1\" content=\"Geschatte leestijd\" \/>\n\t<meta name=\"twitter:data1\" content=\"1 minuut\" \/>\n<script type=\"application\/ld+json\" class=\"yoast-schema-graph\">{\"@context\":\"https:\/\/schema.org\",\"@graph\":[{\"@type\":\"WebPage\",\"@id\":\"https:\/\/urban-vitamin.com\/nl\/san-jose-100w-standaard-met-uittrekbare-kabel-zwart\/\",\"url\":\"https:\/\/urban-vitamin.com\/nl\/san-jose-100w-standaard-met-uittrekbare-kabel-zwart\/\",\"name\":\"San Jose 100W standaard met uittrekbare kabel, zwart - Urban Vitamin\",\"isPartOf\":{\"@id\":\"https:\/\/urban-vitamin.com\/nl\/#website\"},\"primaryImageOfPage\":{\"@id\":\"https:\/\/urban-vitamin.com\/nl\/san-jose-100w-standaard-met-uittrekbare-kabel-zwart\/#primaryimage\"},\"image\":{\"@id\":\"https:\/\/urban-vitamin.com\/nl\/san-jose-100w-standaard-met-uittrekbare-kabel-zwart\/#primaryimage\"},\"thumbnailUrl\":\"https:\/\/urban-vitamin.com\/wp-content\/uploads\/sites\/5\/2025\/10\/P302.7201__S_0__f5c83506e2e34851b1ba28dba518e332.jpg\",\"datePublished\":\"2026-03-12T01:06:22+00:00\",\"dateModified\":\"2026-03-12T01:26:19+00:00\",\"breadcrumb\":{\"@id\":\"https:\/\/urban-vitamin.com\/nl\/san-jose-100w-standaard-met-uittrekbare-kabel-zwart\/#breadcrumb\"},\"inLanguage\":\"nl-NL\",\"potentialAction\":[{\"@type\":\"ReadAction\",\"target\":[\"https:\/\/urban-vitamin.com\/nl\/san-jose-100w-standaard-met-uittrekbare-kabel-zwart\/\"]}]},{\"@type\":\"ImageObject\",\"inLanguage\":\"nl-NL\",\"@id\":\"https:\/\/urban-vitamin.com\/nl\/san-jose-100w-standaard-met-uittrekbare-kabel-zwart\/#primaryimage\",\"url\":\"https:\/\/urban-vitamin.com\/wp-content\/uploads\/sites\/5\/2025\/10\/P302.7201__S_0__f5c83506e2e34851b1ba28dba518e332.jpg\",\"contentUrl\":\"https:\/\/urban-vitamin.com\/wp-content\/uploads\/sites\/5\/2025\/10\/P302.7201__S_0__f5c83506e2e34851b1ba28dba518e332.jpg\",\"width\":1024,\"height\":1024},{\"@type\":\"BreadcrumbList\",\"@id\":\"https:\/\/urban-vitamin.com\/nl\/san-jose-100w-standaard-met-uittrekbare-kabel-zwart\/#breadcrumb\",\"itemListElement\":[{\"@type\":\"ListItem\",\"position\":1,\"name\":\"Home\",\"item\":\"https:\/\/urban-vitamin.com\/nl\/\"},{\"@type\":\"ListItem\",\"position\":2,\"name\":\"Collectie\",\"item\":\"https:\/\/urban-vitamin.com\/nl\/collectie\/\"},{\"@type\":\"ListItem\",\"position\":3,\"name\":\"San Jose 100W standaard met uittrekbare kabel, zwart\"}]},{\"@type\":\"WebSite\",\"@id\":\"https:\/\/urban-vitamin.com\/nl\/#website\",\"url\":\"https:\/\/urban-vitamin.com\/nl\/\",\"name\":\"Urban Vitamin\",\"description\":\"Enjoy your daily dose of Urban Vitamin!\",\"potentialAction\":[{\"@type\":\"SearchAction\",\"target\":{\"@type\":\"EntryPoint\",\"urlTemplate\":\"https:\/\/urban-vitamin.com\/nl\/?s={search_term_string}\"},\"query-input\":{\"@type\":\"PropertyValueSpecification\",\"valueRequired\":true,\"valueName\":\"search_term_string\"}}],\"inLanguage\":\"nl-NL\"}]}<\/script>\n<!-- \/ Yoast SEO plugin. -->","yoast_head_json":{"title":"San Jose 100W standaard met uittrekbare kabel, zwart - Urban Vitamin","robots":{"index":"index","follow":"follow","max-snippet":"max-snippet:-1","max-image-preview":"max-image-preview:large","max-video-preview":"max-video-preview:-1"},"canonical":"https:\/\/urban-vitamin.com\/nl\/san-jose-100w-standaard-met-uittrekbare-kabel-zwart\/","og_locale":"nl_NL","og_type":"article","og_title":"San Jose 100W standaard met uittrekbare kabel, zwart - Urban Vitamin","og_description":"De ultieme alles-in-\u00e9\u00e9n oplaadoplossing. San Jose is een 100W telefoonhouder met een ge\u00efntegreerde intrekbare oplaadkabel die supersnelle stroom en gemak levert. Met zijn magnetische telefoonhouder en kickstand houdt de San Jose je telefoon veilig en rechtop in de perfecte hoek voor handsfree gebruik &#8211; of je nu video&#8217;s bekijkt, videogesprekken voert of CarPlay gebruikt. De [&hellip;]","og_url":"https:\/\/urban-vitamin.com\/nl\/san-jose-100w-standaard-met-uittrekbare-kabel-zwart\/","og_site_name":"Urban Vitamin","article_modified_time":"2026-03-12T01:26:19+00:00","og_image":[{"width":1024,"height":1024,"url":"https:\/\/urban-vitamin.com\/wp-content\/uploads\/sites\/5\/2025\/10\/P302.7201__S_0__f5c83506e2e34851b1ba28dba518e332.jpg","type":"image\/jpeg"}],"twitter_card":"summary_large_image","twitter_misc":{"Geschatte leestijd":"1 minuut"},"schema":{"@context":"https:\/\/schema.org","@graph":[{"@type":"WebPage","@id":"https:\/\/urban-vitamin.com\/nl\/san-jose-100w-standaard-met-uittrekbare-kabel-zwart\/","url":"https:\/\/urban-vitamin.com\/nl\/san-jose-100w-standaard-met-uittrekbare-kabel-zwart\/","name":"San Jose 100W standaard met uittrekbare kabel, zwart - Urban Vitamin","isPartOf":{"@id":"https:\/\/urban-vitamin.com\/nl\/#website"},"primaryImageOfPage":{"@id":"https:\/\/urban-vitamin.com\/nl\/san-jose-100w-standaard-met-uittrekbare-kabel-zwart\/#primaryimage"},"image":{"@id":"https:\/\/urban-vitamin.com\/nl\/san-jose-100w-standaard-met-uittrekbare-kabel-zwart\/#primaryimage"},"thumbnailUrl":"https:\/\/urban-vitamin.com\/wp-content\/uploads\/sites\/5\/2025\/10\/P302.7201__S_0__f5c83506e2e34851b1ba28dba518e332.jpg","datePublished":"2026-03-12T01:06:22+00:00","dateModified":"2026-03-12T01:26:19+00:00","breadcrumb":{"@id":"https:\/\/urban-vitamin.com\/nl\/san-jose-100w-standaard-met-uittrekbare-kabel-zwart\/#breadcrumb"},"inLanguage":"nl-NL","potentialAction":[{"@type":"ReadAction","target":["https:\/\/urban-vitamin.com\/nl\/san-jose-100w-standaard-met-uittrekbare-kabel-zwart\/"]}]},{"@type":"ImageObject","inLanguage":"nl-NL","@id":"https:\/\/urban-vitamin.com\/nl\/san-jose-100w-standaard-met-uittrekbare-kabel-zwart\/#primaryimage","url":"https:\/\/urban-vitamin.com\/wp-content\/uploads\/sites\/5\/2025\/10\/P302.7201__S_0__f5c83506e2e34851b1ba28dba518e332.jpg","contentUrl":"https:\/\/urban-vitamin.com\/wp-content\/uploads\/sites\/5\/2025\/10\/P302.7201__S_0__f5c83506e2e34851b1ba28dba518e332.jpg","width":1024,"height":1024},{"@type":"BreadcrumbList","@id":"https:\/\/urban-vitamin.com\/nl\/san-jose-100w-standaard-met-uittrekbare-kabel-zwart\/#breadcrumb","itemListElement":[{"@type":"ListItem","position":1,"name":"Home","item":"https:\/\/urban-vitamin.com\/nl\/"},{"@type":"ListItem","position":2,"name":"Collectie","item":"https:\/\/urban-vitamin.com\/nl\/collectie\/"},{"@type":"ListItem","position":3,"name":"San Jose 100W standaard met uittrekbare kabel, zwart"}]},{"@type":"WebSite","@id":"https:\/\/urban-vitamin.com\/nl\/#website","url":"https:\/\/urban-vitamin.com\/nl\/","name":"Urban Vitamin","description":"Enjoy your daily dose of Urban Vitamin!","potentialAction":[{"@type":"SearchAction","target":{"@type":"EntryPoint","urlTemplate":"https:\/\/urban-vitamin.com\/nl\/?s={search_term_string}"},"query-input":{"@type":"PropertyValueSpecification","valueRequired":true,"valueName":"search_term_string"}}],"inLanguage":"nl-NL"}]}},"_links":{"self":[{"href":"https:\/\/urban-vitamin.com\/nl\/wp-json\/wp\/v2\/product\/24908","targetHints":{"allow":["GET"]}}],"collection":[{"href":"https:\/\/urban-vitamin.com\/nl\/wp-json\/wp\/v2\/product"}],"about":[{"href":"https:\/\/urban-vitamin.com\/nl\/wp-json\/wp\/v2\/types\/product"}],"replies":[{"embeddable":true,"href":"https:\/\/urban-vitamin.com\/nl\/wp-json\/wp\/v2\/comments?post=24908"}],"wp:featuredmedia":[{"embeddable":true,"href":"https:\/\/urban-vitamin.com\/nl\/wp-json\/wp\/v2\/media\/26714"}],"wp:attachment":[{"href":"https:\/\/urban-vitamin.com\/nl\/wp-json\/wp\/v2\/media?parent=24908"}],"wp:term":[{"taxonomy":"product_cat","embeddable":true,"href":"https:\/\/urban-vitamin.com\/nl\/wp-json\/wp\/v2\/product_cat?post=24908"},{"taxonomy":"product_tag","embeddable":true,"href":"https:\/\/urban-vitamin.com\/nl\/wp-json\/wp\/v2\/product_tag?post=24908"}],"curies":[{"name":"wp","href":"https:\/\/api.w.org\/{rel}","templated":true}]}}