{"id":22122,"date":"2026-03-12T01:08:06","date_gmt":"2026-03-12T01:08:06","guid":{"rendered":"https:\/\/urban-vitamin.com\/menlo-park-rcs-rplastic-20-000-20wpd-powerbank-zwart\/"},"modified":"2026-03-12T01:26:51","modified_gmt":"2026-03-12T01:26:51","slug":"menlo-park-rcs-rplastic-20-000-20wpd-powerbank-zwart","status":"publish","type":"product","link":"https:\/\/urban-vitamin.com\/nl\/menlo-park-rcs-rplastic-20-000-20wpd-powerbank-zwart\/","title":{"rendered":"Menlo Park RCS rplastic 20.000 20WPD powerbank, zwart"},"content":{"rendered":"<p>Ontdek de nieuwe standaard voor draagbaar opladen. Menlo Park is een powerbank van 20.000 mAh waarmee je al je mobiele apparaten met top snelheid kunt opladen. Menlo Park laadt niet alleen met top snelheid, maar biedt ook de snelste manier om de powerbank zelf op te laden. Menlo Park is uitgerust met dubbele USB output, zodat je twee apparaten tegelijk kunt opladen. E\u00e9n via de type C-poort en \u00e9\u00e9n met een type C-kabel. Beide bieden supersnelle PD-oplaadmogelijkheden tot 20W. Menlo Park is gemaakt van RCS (Recycled Claim Standard) gecertificeerd gerecycled ABS en PC. Totaal gerecycled gehalte: 20% op basis van het totale gewicht van het item. Urban Vitamin-producten zijn gemaakt zonder PVC en verpakt in plastic gereduceerde verpakking.<\/p>\n","protected":false},"excerpt":{"rendered":"<p>Ontdek de nieuwe standaard voor draagbaar opladen. Menlo Park is een powerbank van 20.000 mAh waarmee je al je mobiele apparaten met top snelheid kunt opladen. Menlo Park laadt niet alleen met top snelheid, maar biedt ook de snelste manier om de powerbank zelf op te laden. Menlo Park is uitgerust met dubbele USB output, [&hellip;]<\/p>\n","protected":false},"featured_media":23358,"comment_status":"closed","ping_status":"closed","template":"","meta":{"_acf_changed":false,"om_disable_all_campaigns":false},"product_cat":[55],"product_tag":[],"class_list":["post-22122","product","type-product","status-publish","has-post-thumbnail","hentry","product_cat-powerbanks-nl","pa_color-black"],"acf":[],"yoast_head":"<!-- This site is optimized with the Yoast SEO plugin v27.0 - https:\/\/yoast.com\/product\/yoast-seo-wordpress\/ -->\n<title>Menlo Park RCS rplastic 20.000 20WPD powerbank, zwart - Urban Vitamin<\/title>\n<meta name=\"robots\" content=\"index, follow, max-snippet:-1, max-image-preview:large, max-video-preview:-1\" \/>\n<link rel=\"canonical\" href=\"https:\/\/urban-vitamin.com\/nl\/menlo-park-rcs-rplastic-20-000-20wpd-powerbank-zwart\/\" \/>\n<meta property=\"og:locale\" content=\"nl_NL\" \/>\n<meta property=\"og:type\" content=\"article\" \/>\n<meta property=\"og:title\" content=\"Menlo Park RCS rplastic 20.000 20WPD powerbank, zwart - Urban Vitamin\" \/>\n<meta property=\"og:description\" content=\"Ontdek de nieuwe standaard voor draagbaar opladen. Menlo Park is een powerbank van 20.000 mAh waarmee je al je mobiele apparaten met top snelheid kunt opladen. Menlo Park laadt niet alleen met top snelheid, maar biedt ook de snelste manier om de powerbank zelf op te laden. Menlo Park is uitgerust met dubbele USB output, [&hellip;]\" \/>\n<meta property=\"og:url\" content=\"https:\/\/urban-vitamin.com\/nl\/menlo-park-rcs-rplastic-20-000-20wpd-powerbank-zwart\/\" \/>\n<meta property=\"og:site_name\" content=\"Urban Vitamin\" \/>\n<meta property=\"article:modified_time\" content=\"2026-03-12T01:26:51+00:00\" \/>\n<meta property=\"og:image\" content=\"https:\/\/urban-vitamin.com\/wp-content\/uploads\/sites\/5\/2025\/02\/P322.8801__S_0__a0af84d8d40041d18ab35029cfaf621a.jpg\" \/>\n\t<meta property=\"og:image:width\" content=\"1024\" \/>\n\t<meta property=\"og:image:height\" content=\"1024\" \/>\n\t<meta property=\"og:image:type\" content=\"image\/jpeg\" \/>\n<meta name=\"twitter:card\" content=\"summary_large_image\" \/>\n<meta name=\"twitter:label1\" content=\"Geschatte leestijd\" \/>\n\t<meta name=\"twitter:data1\" content=\"1 minuut\" \/>\n<script type=\"application\/ld+json\" class=\"yoast-schema-graph\">{\"@context\":\"https:\/\/schema.org\",\"@graph\":[{\"@type\":\"WebPage\",\"@id\":\"https:\/\/urban-vitamin.com\/nl\/menlo-park-rcs-rplastic-20-000-20wpd-powerbank-zwart\/\",\"url\":\"https:\/\/urban-vitamin.com\/nl\/menlo-park-rcs-rplastic-20-000-20wpd-powerbank-zwart\/\",\"name\":\"Menlo Park RCS rplastic 20.000 20WPD powerbank, zwart - Urban Vitamin\",\"isPartOf\":{\"@id\":\"https:\/\/urban-vitamin.com\/nl\/#website\"},\"primaryImageOfPage\":{\"@id\":\"https:\/\/urban-vitamin.com\/nl\/menlo-park-rcs-rplastic-20-000-20wpd-powerbank-zwart\/#primaryimage\"},\"image\":{\"@id\":\"https:\/\/urban-vitamin.com\/nl\/menlo-park-rcs-rplastic-20-000-20wpd-powerbank-zwart\/#primaryimage\"},\"thumbnailUrl\":\"https:\/\/urban-vitamin.com\/wp-content\/uploads\/sites\/5\/2025\/02\/P322.8801__S_0__a0af84d8d40041d18ab35029cfaf621a.jpg\",\"datePublished\":\"2026-03-12T01:08:06+00:00\",\"dateModified\":\"2026-03-12T01:26:51+00:00\",\"breadcrumb\":{\"@id\":\"https:\/\/urban-vitamin.com\/nl\/menlo-park-rcs-rplastic-20-000-20wpd-powerbank-zwart\/#breadcrumb\"},\"inLanguage\":\"nl-NL\",\"potentialAction\":[{\"@type\":\"ReadAction\",\"target\":[\"https:\/\/urban-vitamin.com\/nl\/menlo-park-rcs-rplastic-20-000-20wpd-powerbank-zwart\/\"]}]},{\"@type\":\"ImageObject\",\"inLanguage\":\"nl-NL\",\"@id\":\"https:\/\/urban-vitamin.com\/nl\/menlo-park-rcs-rplastic-20-000-20wpd-powerbank-zwart\/#primaryimage\",\"url\":\"https:\/\/urban-vitamin.com\/wp-content\/uploads\/sites\/5\/2025\/02\/P322.8801__S_0__a0af84d8d40041d18ab35029cfaf621a.jpg\",\"contentUrl\":\"https:\/\/urban-vitamin.com\/wp-content\/uploads\/sites\/5\/2025\/02\/P322.8801__S_0__a0af84d8d40041d18ab35029cfaf621a.jpg\",\"width\":1024,\"height\":1024},{\"@type\":\"BreadcrumbList\",\"@id\":\"https:\/\/urban-vitamin.com\/nl\/menlo-park-rcs-rplastic-20-000-20wpd-powerbank-zwart\/#breadcrumb\",\"itemListElement\":[{\"@type\":\"ListItem\",\"position\":1,\"name\":\"Home\",\"item\":\"https:\/\/urban-vitamin.com\/nl\/\"},{\"@type\":\"ListItem\",\"position\":2,\"name\":\"Collectie\",\"item\":\"https:\/\/urban-vitamin.com\/nl\/collectie\/\"},{\"@type\":\"ListItem\",\"position\":3,\"name\":\"Menlo Park RCS rplastic 20.000 20WPD powerbank, zwart\"}]},{\"@type\":\"WebSite\",\"@id\":\"https:\/\/urban-vitamin.com\/nl\/#website\",\"url\":\"https:\/\/urban-vitamin.com\/nl\/\",\"name\":\"Urban Vitamin\",\"description\":\"Enjoy your daily dose of Urban Vitamin!\",\"potentialAction\":[{\"@type\":\"SearchAction\",\"target\":{\"@type\":\"EntryPoint\",\"urlTemplate\":\"https:\/\/urban-vitamin.com\/nl\/?s={search_term_string}\"},\"query-input\":{\"@type\":\"PropertyValueSpecification\",\"valueRequired\":true,\"valueName\":\"search_term_string\"}}],\"inLanguage\":\"nl-NL\"}]}<\/script>\n<!-- \/ Yoast SEO plugin. -->","yoast_head_json":{"title":"Menlo Park RCS rplastic 20.000 20WPD powerbank, zwart - Urban Vitamin","robots":{"index":"index","follow":"follow","max-snippet":"max-snippet:-1","max-image-preview":"max-image-preview:large","max-video-preview":"max-video-preview:-1"},"canonical":"https:\/\/urban-vitamin.com\/nl\/menlo-park-rcs-rplastic-20-000-20wpd-powerbank-zwart\/","og_locale":"nl_NL","og_type":"article","og_title":"Menlo Park RCS rplastic 20.000 20WPD powerbank, zwart - Urban Vitamin","og_description":"Ontdek de nieuwe standaard voor draagbaar opladen. Menlo Park is een powerbank van 20.000 mAh waarmee je al je mobiele apparaten met top snelheid kunt opladen. Menlo Park laadt niet alleen met top snelheid, maar biedt ook de snelste manier om de powerbank zelf op te laden. Menlo Park is uitgerust met dubbele USB output, [&hellip;]","og_url":"https:\/\/urban-vitamin.com\/nl\/menlo-park-rcs-rplastic-20-000-20wpd-powerbank-zwart\/","og_site_name":"Urban Vitamin","article_modified_time":"2026-03-12T01:26:51+00:00","og_image":[{"width":1024,"height":1024,"url":"https:\/\/urban-vitamin.com\/wp-content\/uploads\/sites\/5\/2025\/02\/P322.8801__S_0__a0af84d8d40041d18ab35029cfaf621a.jpg","type":"image\/jpeg"}],"twitter_card":"summary_large_image","twitter_misc":{"Geschatte leestijd":"1 minuut"},"schema":{"@context":"https:\/\/schema.org","@graph":[{"@type":"WebPage","@id":"https:\/\/urban-vitamin.com\/nl\/menlo-park-rcs-rplastic-20-000-20wpd-powerbank-zwart\/","url":"https:\/\/urban-vitamin.com\/nl\/menlo-park-rcs-rplastic-20-000-20wpd-powerbank-zwart\/","name":"Menlo Park RCS rplastic 20.000 20WPD powerbank, zwart - Urban Vitamin","isPartOf":{"@id":"https:\/\/urban-vitamin.com\/nl\/#website"},"primaryImageOfPage":{"@id":"https:\/\/urban-vitamin.com\/nl\/menlo-park-rcs-rplastic-20-000-20wpd-powerbank-zwart\/#primaryimage"},"image":{"@id":"https:\/\/urban-vitamin.com\/nl\/menlo-park-rcs-rplastic-20-000-20wpd-powerbank-zwart\/#primaryimage"},"thumbnailUrl":"https:\/\/urban-vitamin.com\/wp-content\/uploads\/sites\/5\/2025\/02\/P322.8801__S_0__a0af84d8d40041d18ab35029cfaf621a.jpg","datePublished":"2026-03-12T01:08:06+00:00","dateModified":"2026-03-12T01:26:51+00:00","breadcrumb":{"@id":"https:\/\/urban-vitamin.com\/nl\/menlo-park-rcs-rplastic-20-000-20wpd-powerbank-zwart\/#breadcrumb"},"inLanguage":"nl-NL","potentialAction":[{"@type":"ReadAction","target":["https:\/\/urban-vitamin.com\/nl\/menlo-park-rcs-rplastic-20-000-20wpd-powerbank-zwart\/"]}]},{"@type":"ImageObject","inLanguage":"nl-NL","@id":"https:\/\/urban-vitamin.com\/nl\/menlo-park-rcs-rplastic-20-000-20wpd-powerbank-zwart\/#primaryimage","url":"https:\/\/urban-vitamin.com\/wp-content\/uploads\/sites\/5\/2025\/02\/P322.8801__S_0__a0af84d8d40041d18ab35029cfaf621a.jpg","contentUrl":"https:\/\/urban-vitamin.com\/wp-content\/uploads\/sites\/5\/2025\/02\/P322.8801__S_0__a0af84d8d40041d18ab35029cfaf621a.jpg","width":1024,"height":1024},{"@type":"BreadcrumbList","@id":"https:\/\/urban-vitamin.com\/nl\/menlo-park-rcs-rplastic-20-000-20wpd-powerbank-zwart\/#breadcrumb","itemListElement":[{"@type":"ListItem","position":1,"name":"Home","item":"https:\/\/urban-vitamin.com\/nl\/"},{"@type":"ListItem","position":2,"name":"Collectie","item":"https:\/\/urban-vitamin.com\/nl\/collectie\/"},{"@type":"ListItem","position":3,"name":"Menlo Park RCS rplastic 20.000 20WPD powerbank, zwart"}]},{"@type":"WebSite","@id":"https:\/\/urban-vitamin.com\/nl\/#website","url":"https:\/\/urban-vitamin.com\/nl\/","name":"Urban Vitamin","description":"Enjoy your daily dose of Urban Vitamin!","potentialAction":[{"@type":"SearchAction","target":{"@type":"EntryPoint","urlTemplate":"https:\/\/urban-vitamin.com\/nl\/?s={search_term_string}"},"query-input":{"@type":"PropertyValueSpecification","valueRequired":true,"valueName":"search_term_string"}}],"inLanguage":"nl-NL"}]}},"_links":{"self":[{"href":"https:\/\/urban-vitamin.com\/nl\/wp-json\/wp\/v2\/product\/22122","targetHints":{"allow":["GET"]}}],"collection":[{"href":"https:\/\/urban-vitamin.com\/nl\/wp-json\/wp\/v2\/product"}],"about":[{"href":"https:\/\/urban-vitamin.com\/nl\/wp-json\/wp\/v2\/types\/product"}],"replies":[{"embeddable":true,"href":"https:\/\/urban-vitamin.com\/nl\/wp-json\/wp\/v2\/comments?post=22122"}],"wp:featuredmedia":[{"embeddable":true,"href":"https:\/\/urban-vitamin.com\/nl\/wp-json\/wp\/v2\/media\/23358"}],"wp:attachment":[{"href":"https:\/\/urban-vitamin.com\/nl\/wp-json\/wp\/v2\/media?parent=22122"}],"wp:term":[{"taxonomy":"product_cat","embeddable":true,"href":"https:\/\/urban-vitamin.com\/nl\/wp-json\/wp\/v2\/product_cat?post=22122"},{"taxonomy":"product_tag","embeddable":true,"href":"https:\/\/urban-vitamin.com\/nl\/wp-json\/wp\/v2\/product_tag?post=22122"}],"curies":[{"name":"wp","href":"https:\/\/api.w.org\/{rel}","templated":true}]}}