{"id":19239,"date":"2026-03-12T01:06:04","date_gmt":"2026-03-12T01:06:04","guid":{"rendered":"https:\/\/urban-vitamin.com\/urban-vitamin-oxnard-5-in-1-65w-universele-oplader-zwart\/"},"modified":"2026-03-12T01:26:10","modified_gmt":"2026-03-12T01:26:10","slug":"oxnard-5-in-1-65w-universele-oplader-zwart","status":"publish","type":"product","link":"https:\/\/urban-vitamin.com\/nl\/oxnard-5-in-1-65w-universele-oplader-zwart\/","title":{"rendered":"Oxnard 5-in-1 65W universele oplader, zwart"},"content":{"rendered":"<p>De Oxnard 5 in 1 universele oplader van 65 W is een krachtig draagbaar apparaat dat uw oplaadervaring naar nieuwe hoogten zal tillen met onge\u00ebvenaarde veelzijdigheid, gemak en krachtige prestaties, alles in \u00e9\u00e9n strak pakket. Deze oplader beschikt over een magnetische oplader van 15 W voor de nieuwste iOS- en Android-telefoons. Met een kolossale batterijcapaciteit van 15.000 mAh en een robuuste PD 65W Type-C-uitgang via de ge\u00efntegreerde type C-kabel, kunt u uw apparaten razendsnel van brandstof voorzien, inclusief laptops die een hoog vermogen vereisen. Oxnard is ook uitgerust met een snellaadtype C in\/uit-poort en een USB A-uitvoerpoort. Uitgerust met 4 soorten AC-stekkers, overwin met gemak oplaaduitdagingen in meer dan 150 landen. Zeg vaarwel tegen oplaaddilemma&#8217;s terwijl u maximaal 4 apparaten tegelijkertijd van stroom voorziet, terwijl u de oplader zelf oplaadt wanneer deze op een stopcontact is aangesloten, zodat er geen apparaat achterblijft. Perfect voor onderweg en thuis!<\/p>\n","protected":false},"excerpt":{"rendered":"<p>De Oxnard 5 in 1 universele oplader van 65 W is een krachtig draagbaar apparaat dat uw oplaadervaring naar nieuwe hoogten zal tillen met onge\u00ebvenaarde veelzijdigheid, gemak en krachtige prestaties, alles in \u00e9\u00e9n strak pakket. Deze oplader beschikt over een magnetische oplader van 15 W voor de nieuwste iOS- en Android-telefoons. Met een kolossale batterijcapaciteit [&hellip;]<\/p>\n","protected":false},"featured_media":19549,"comment_status":"closed","ping_status":"closed","template":"","meta":{"_acf_changed":false,"om_disable_all_campaigns":false},"product_cat":[88,57],"product_tag":[],"class_list":["post-19239","product","type-product","status-publish","has-post-thumbnail","hentry","product_cat-uncategorized","product_cat-opladers","pa_color-black"],"acf":[],"yoast_head":"<!-- This site is optimized with the Yoast SEO plugin v27.0 - https:\/\/yoast.com\/product\/yoast-seo-wordpress\/ -->\n<title>Oxnard 5-in-1 65W universele oplader, zwart - Urban Vitamin<\/title>\n<meta name=\"robots\" content=\"index, follow, max-snippet:-1, max-image-preview:large, max-video-preview:-1\" \/>\n<link rel=\"canonical\" href=\"https:\/\/urban-vitamin.com\/nl\/oxnard-5-in-1-65w-universele-oplader-zwart\/\" \/>\n<meta property=\"og:locale\" content=\"nl_NL\" \/>\n<meta property=\"og:type\" content=\"article\" \/>\n<meta property=\"og:title\" content=\"Oxnard 5-in-1 65W universele oplader, zwart - Urban Vitamin\" \/>\n<meta property=\"og:description\" content=\"De Oxnard 5 in 1 universele oplader van 65 W is een krachtig draagbaar apparaat dat uw oplaadervaring naar nieuwe hoogten zal tillen met onge\u00ebvenaarde veelzijdigheid, gemak en krachtige prestaties, alles in \u00e9\u00e9n strak pakket. Deze oplader beschikt over een magnetische oplader van 15 W voor de nieuwste iOS- en Android-telefoons. Met een kolossale batterijcapaciteit [&hellip;]\" \/>\n<meta property=\"og:url\" content=\"https:\/\/urban-vitamin.com\/nl\/oxnard-5-in-1-65w-universele-oplader-zwart\/\" \/>\n<meta property=\"og:site_name\" content=\"Urban Vitamin\" \/>\n<meta property=\"article:modified_time\" content=\"2026-03-12T01:26:10+00:00\" \/>\n<meta property=\"og:image\" content=\"https:\/\/urban-vitamin.com\/wp-content\/uploads\/sites\/5\/2024\/08\/P301.9601__S_0__ac694fe27d0c4dc9989af3de0a4ab7cf.jpg\" \/>\n\t<meta property=\"og:image:width\" content=\"1024\" \/>\n\t<meta property=\"og:image:height\" content=\"1024\" \/>\n\t<meta property=\"og:image:type\" content=\"image\/jpeg\" \/>\n<meta name=\"twitter:card\" content=\"summary_large_image\" \/>\n<meta name=\"twitter:label1\" content=\"Geschatte leestijd\" \/>\n\t<meta name=\"twitter:data1\" content=\"1 minuut\" \/>\n<script type=\"application\/ld+json\" class=\"yoast-schema-graph\">{\"@context\":\"https:\/\/schema.org\",\"@graph\":[{\"@type\":\"WebPage\",\"@id\":\"https:\/\/urban-vitamin.com\/nl\/oxnard-5-in-1-65w-universele-oplader-zwart\/\",\"url\":\"https:\/\/urban-vitamin.com\/nl\/oxnard-5-in-1-65w-universele-oplader-zwart\/\",\"name\":\"Oxnard 5-in-1 65W universele oplader, zwart - Urban Vitamin\",\"isPartOf\":{\"@id\":\"https:\/\/urban-vitamin.com\/nl\/#website\"},\"primaryImageOfPage\":{\"@id\":\"https:\/\/urban-vitamin.com\/nl\/oxnard-5-in-1-65w-universele-oplader-zwart\/#primaryimage\"},\"image\":{\"@id\":\"https:\/\/urban-vitamin.com\/nl\/oxnard-5-in-1-65w-universele-oplader-zwart\/#primaryimage\"},\"thumbnailUrl\":\"https:\/\/urban-vitamin.com\/wp-content\/uploads\/sites\/5\/2024\/08\/P301.9601__S_0__ac694fe27d0c4dc9989af3de0a4ab7cf.jpg\",\"datePublished\":\"2026-03-12T01:06:04+00:00\",\"dateModified\":\"2026-03-12T01:26:10+00:00\",\"breadcrumb\":{\"@id\":\"https:\/\/urban-vitamin.com\/nl\/oxnard-5-in-1-65w-universele-oplader-zwart\/#breadcrumb\"},\"inLanguage\":\"nl-NL\",\"potentialAction\":[{\"@type\":\"ReadAction\",\"target\":[\"https:\/\/urban-vitamin.com\/nl\/oxnard-5-in-1-65w-universele-oplader-zwart\/\"]}]},{\"@type\":\"ImageObject\",\"inLanguage\":\"nl-NL\",\"@id\":\"https:\/\/urban-vitamin.com\/nl\/oxnard-5-in-1-65w-universele-oplader-zwart\/#primaryimage\",\"url\":\"https:\/\/urban-vitamin.com\/wp-content\/uploads\/sites\/5\/2024\/08\/P301.9601__S_0__ac694fe27d0c4dc9989af3de0a4ab7cf.jpg\",\"contentUrl\":\"https:\/\/urban-vitamin.com\/wp-content\/uploads\/sites\/5\/2024\/08\/P301.9601__S_0__ac694fe27d0c4dc9989af3de0a4ab7cf.jpg\",\"width\":1024,\"height\":1024},{\"@type\":\"BreadcrumbList\",\"@id\":\"https:\/\/urban-vitamin.com\/nl\/oxnard-5-in-1-65w-universele-oplader-zwart\/#breadcrumb\",\"itemListElement\":[{\"@type\":\"ListItem\",\"position\":1,\"name\":\"Home\",\"item\":\"https:\/\/urban-vitamin.com\/nl\/\"},{\"@type\":\"ListItem\",\"position\":2,\"name\":\"Collectie\",\"item\":\"https:\/\/urban-vitamin.com\/nl\/collectie\/\"},{\"@type\":\"ListItem\",\"position\":3,\"name\":\"Oxnard 5-in-1 65W universele oplader, zwart\"}]},{\"@type\":\"WebSite\",\"@id\":\"https:\/\/urban-vitamin.com\/nl\/#website\",\"url\":\"https:\/\/urban-vitamin.com\/nl\/\",\"name\":\"Urban Vitamin\",\"description\":\"Enjoy your daily dose of Urban Vitamin!\",\"potentialAction\":[{\"@type\":\"SearchAction\",\"target\":{\"@type\":\"EntryPoint\",\"urlTemplate\":\"https:\/\/urban-vitamin.com\/nl\/?s={search_term_string}\"},\"query-input\":{\"@type\":\"PropertyValueSpecification\",\"valueRequired\":true,\"valueName\":\"search_term_string\"}}],\"inLanguage\":\"nl-NL\"}]}<\/script>\n<!-- \/ Yoast SEO plugin. -->","yoast_head_json":{"title":"Oxnard 5-in-1 65W universele oplader, zwart - Urban Vitamin","robots":{"index":"index","follow":"follow","max-snippet":"max-snippet:-1","max-image-preview":"max-image-preview:large","max-video-preview":"max-video-preview:-1"},"canonical":"https:\/\/urban-vitamin.com\/nl\/oxnard-5-in-1-65w-universele-oplader-zwart\/","og_locale":"nl_NL","og_type":"article","og_title":"Oxnard 5-in-1 65W universele oplader, zwart - Urban Vitamin","og_description":"De Oxnard 5 in 1 universele oplader van 65 W is een krachtig draagbaar apparaat dat uw oplaadervaring naar nieuwe hoogten zal tillen met onge\u00ebvenaarde veelzijdigheid, gemak en krachtige prestaties, alles in \u00e9\u00e9n strak pakket. Deze oplader beschikt over een magnetische oplader van 15 W voor de nieuwste iOS- en Android-telefoons. Met een kolossale batterijcapaciteit [&hellip;]","og_url":"https:\/\/urban-vitamin.com\/nl\/oxnard-5-in-1-65w-universele-oplader-zwart\/","og_site_name":"Urban Vitamin","article_modified_time":"2026-03-12T01:26:10+00:00","og_image":[{"width":1024,"height":1024,"url":"https:\/\/urban-vitamin.com\/wp-content\/uploads\/sites\/5\/2024\/08\/P301.9601__S_0__ac694fe27d0c4dc9989af3de0a4ab7cf.jpg","type":"image\/jpeg"}],"twitter_card":"summary_large_image","twitter_misc":{"Geschatte leestijd":"1 minuut"},"schema":{"@context":"https:\/\/schema.org","@graph":[{"@type":"WebPage","@id":"https:\/\/urban-vitamin.com\/nl\/oxnard-5-in-1-65w-universele-oplader-zwart\/","url":"https:\/\/urban-vitamin.com\/nl\/oxnard-5-in-1-65w-universele-oplader-zwart\/","name":"Oxnard 5-in-1 65W universele oplader, zwart - Urban Vitamin","isPartOf":{"@id":"https:\/\/urban-vitamin.com\/nl\/#website"},"primaryImageOfPage":{"@id":"https:\/\/urban-vitamin.com\/nl\/oxnard-5-in-1-65w-universele-oplader-zwart\/#primaryimage"},"image":{"@id":"https:\/\/urban-vitamin.com\/nl\/oxnard-5-in-1-65w-universele-oplader-zwart\/#primaryimage"},"thumbnailUrl":"https:\/\/urban-vitamin.com\/wp-content\/uploads\/sites\/5\/2024\/08\/P301.9601__S_0__ac694fe27d0c4dc9989af3de0a4ab7cf.jpg","datePublished":"2026-03-12T01:06:04+00:00","dateModified":"2026-03-12T01:26:10+00:00","breadcrumb":{"@id":"https:\/\/urban-vitamin.com\/nl\/oxnard-5-in-1-65w-universele-oplader-zwart\/#breadcrumb"},"inLanguage":"nl-NL","potentialAction":[{"@type":"ReadAction","target":["https:\/\/urban-vitamin.com\/nl\/oxnard-5-in-1-65w-universele-oplader-zwart\/"]}]},{"@type":"ImageObject","inLanguage":"nl-NL","@id":"https:\/\/urban-vitamin.com\/nl\/oxnard-5-in-1-65w-universele-oplader-zwart\/#primaryimage","url":"https:\/\/urban-vitamin.com\/wp-content\/uploads\/sites\/5\/2024\/08\/P301.9601__S_0__ac694fe27d0c4dc9989af3de0a4ab7cf.jpg","contentUrl":"https:\/\/urban-vitamin.com\/wp-content\/uploads\/sites\/5\/2024\/08\/P301.9601__S_0__ac694fe27d0c4dc9989af3de0a4ab7cf.jpg","width":1024,"height":1024},{"@type":"BreadcrumbList","@id":"https:\/\/urban-vitamin.com\/nl\/oxnard-5-in-1-65w-universele-oplader-zwart\/#breadcrumb","itemListElement":[{"@type":"ListItem","position":1,"name":"Home","item":"https:\/\/urban-vitamin.com\/nl\/"},{"@type":"ListItem","position":2,"name":"Collectie","item":"https:\/\/urban-vitamin.com\/nl\/collectie\/"},{"@type":"ListItem","position":3,"name":"Oxnard 5-in-1 65W universele oplader, zwart"}]},{"@type":"WebSite","@id":"https:\/\/urban-vitamin.com\/nl\/#website","url":"https:\/\/urban-vitamin.com\/nl\/","name":"Urban Vitamin","description":"Enjoy your daily dose of Urban Vitamin!","potentialAction":[{"@type":"SearchAction","target":{"@type":"EntryPoint","urlTemplate":"https:\/\/urban-vitamin.com\/nl\/?s={search_term_string}"},"query-input":{"@type":"PropertyValueSpecification","valueRequired":true,"valueName":"search_term_string"}}],"inLanguage":"nl-NL"}]}},"_links":{"self":[{"href":"https:\/\/urban-vitamin.com\/nl\/wp-json\/wp\/v2\/product\/19239","targetHints":{"allow":["GET"]}}],"collection":[{"href":"https:\/\/urban-vitamin.com\/nl\/wp-json\/wp\/v2\/product"}],"about":[{"href":"https:\/\/urban-vitamin.com\/nl\/wp-json\/wp\/v2\/types\/product"}],"replies":[{"embeddable":true,"href":"https:\/\/urban-vitamin.com\/nl\/wp-json\/wp\/v2\/comments?post=19239"}],"wp:featuredmedia":[{"embeddable":true,"href":"https:\/\/urban-vitamin.com\/nl\/wp-json\/wp\/v2\/media\/19549"}],"wp:attachment":[{"href":"https:\/\/urban-vitamin.com\/nl\/wp-json\/wp\/v2\/media?parent=19239"}],"wp:term":[{"taxonomy":"product_cat","embeddable":true,"href":"https:\/\/urban-vitamin.com\/nl\/wp-json\/wp\/v2\/product_cat?post=19239"},{"taxonomy":"product_tag","embeddable":true,"href":"https:\/\/urban-vitamin.com\/nl\/wp-json\/wp\/v2\/product_tag?post=19239"}],"curies":[{"name":"wp","href":"https:\/\/api.w.org\/{rel}","templated":true}]}}