{"id":11455,"date":"2026-03-12T01:08:24","date_gmt":"2026-03-12T01:08:24","guid":{"rendered":"https:\/\/urban-vitamin.com\/urban-vitamin-pacific-grove-rcs-rplastic-30w-speaker-ipx7-zwart\/"},"modified":"2026-03-12T01:27:09","modified_gmt":"2026-03-12T01:27:09","slug":"pacific-grove-rcs-rplastic-30w-speaker-ipx7-zwart","status":"publish","type":"product","link":"https:\/\/urban-vitamin.com\/nl\/pacific-grove-rcs-rplastic-30w-speaker-ipx7-zwart\/","title":{"rendered":"Pacific Grove RCS rplastic 30W speaker IPX7, zwart"},"content":{"rendered":"<p>De Pacific Grove draadloze luidspreker geeft je de vrijheid om van je muziek te genieten zonder beperkingen. Deze robuuste 30W luidspreker is ontworpen om verschillende omstandigheden te weerstaan en biedt alles wat je nodig hebt voor een meeslepende muziekervaring. De handige ge\u00efntegreerde lanyard en duurzame, IPX7-waterbestendige ontwerp zorgen ervoor dat je je favoriete deuntjes overal mee naartoe kunt nemen. Bovendien heb je de mogelijkheid om twee luidsprekers met elkaar te verbinden via de stereokoppelingsfunctie, waardoor je een authentieke stereogeluidservaring kunt cre\u00ebren. Een volledige lading stelt je in staat om tot 8 uur muziek af te spelen op \u00e9\u00e9n lading. De dubbele subwoofers zorgen voor een onge\u00ebvenaarde baservaring. Pacific Grove is gemaakt van RCS (Recycled Claim Standard) gecertificeerd gerecycled ABS en gerecycled PET. Totale gerecyclede inhoud: 36% op basis van het totale gewicht van het artikel. RCS-certificering garandeert een volledig gecertificeerde keten.<\/p>\n","protected":false},"excerpt":{"rendered":"<p>De Pacific Grove draadloze luidspreker geeft je de vrijheid om van je muziek te genieten zonder beperkingen. Deze robuuste 30W luidspreker is ontworpen om verschillende omstandigheden te weerstaan en biedt alles wat je nodig hebt voor een meeslepende muziekervaring. De handige ge\u00efntegreerde lanyard en duurzame, IPX7-waterbestendige ontwerp zorgen ervoor dat je je favoriete deuntjes overal [&hellip;]<\/p>\n","protected":false},"featured_media":19072,"comment_status":"closed","ping_status":"closed","template":"","meta":{"_acf_changed":false,"om_disable_all_campaigns":false},"product_cat":[54],"product_tag":[],"class_list":["post-11455","product","type-product","status-publish","has-post-thumbnail","hentry","product_cat-luidsprekers","pa_color-black"],"acf":[],"yoast_head":"<!-- This site is optimized with the Yoast SEO plugin v27.0 - https:\/\/yoast.com\/product\/yoast-seo-wordpress\/ -->\n<title>Pacific Grove RCS rplastic 30W speaker IPX7, zwart - Urban Vitamin<\/title>\n<meta name=\"robots\" content=\"index, follow, max-snippet:-1, max-image-preview:large, max-video-preview:-1\" \/>\n<link rel=\"canonical\" href=\"https:\/\/urban-vitamin.com\/nl\/pacific-grove-rcs-rplastic-30w-speaker-ipx7-zwart\/\" \/>\n<meta property=\"og:locale\" content=\"nl_NL\" \/>\n<meta property=\"og:type\" content=\"article\" \/>\n<meta property=\"og:title\" content=\"Pacific Grove RCS rplastic 30W speaker IPX7, zwart - Urban Vitamin\" \/>\n<meta property=\"og:description\" content=\"De Pacific Grove draadloze luidspreker geeft je de vrijheid om van je muziek te genieten zonder beperkingen. Deze robuuste 30W luidspreker is ontworpen om verschillende omstandigheden te weerstaan en biedt alles wat je nodig hebt voor een meeslepende muziekervaring. De handige ge\u00efntegreerde lanyard en duurzame, IPX7-waterbestendige ontwerp zorgen ervoor dat je je favoriete deuntjes overal [&hellip;]\" \/>\n<meta property=\"og:url\" content=\"https:\/\/urban-vitamin.com\/nl\/pacific-grove-rcs-rplastic-30w-speaker-ipx7-zwart\/\" \/>\n<meta property=\"og:site_name\" content=\"Urban Vitamin\" \/>\n<meta property=\"article:modified_time\" content=\"2026-03-12T01:27:09+00:00\" \/>\n<meta property=\"og:image\" content=\"https:\/\/urban-vitamin.com\/wp-content\/uploads\/sites\/5\/2024\/05\/P331.511__S_0__9014c4827f1741c1a45384ab5761777d.jpg\" \/>\n\t<meta property=\"og:image:width\" content=\"1024\" \/>\n\t<meta property=\"og:image:height\" content=\"1024\" \/>\n\t<meta property=\"og:image:type\" content=\"image\/jpeg\" \/>\n<meta name=\"twitter:card\" content=\"summary_large_image\" \/>\n<meta name=\"twitter:label1\" content=\"Geschatte leestijd\" \/>\n\t<meta name=\"twitter:data1\" content=\"1 minuut\" \/>\n<script type=\"application\/ld+json\" class=\"yoast-schema-graph\">{\"@context\":\"https:\/\/schema.org\",\"@graph\":[{\"@type\":\"WebPage\",\"@id\":\"https:\/\/urban-vitamin.com\/nl\/pacific-grove-rcs-rplastic-30w-speaker-ipx7-zwart\/\",\"url\":\"https:\/\/urban-vitamin.com\/nl\/pacific-grove-rcs-rplastic-30w-speaker-ipx7-zwart\/\",\"name\":\"Pacific Grove RCS rplastic 30W speaker IPX7, zwart - Urban Vitamin\",\"isPartOf\":{\"@id\":\"https:\/\/urban-vitamin.com\/nl\/#website\"},\"primaryImageOfPage\":{\"@id\":\"https:\/\/urban-vitamin.com\/nl\/pacific-grove-rcs-rplastic-30w-speaker-ipx7-zwart\/#primaryimage\"},\"image\":{\"@id\":\"https:\/\/urban-vitamin.com\/nl\/pacific-grove-rcs-rplastic-30w-speaker-ipx7-zwart\/#primaryimage\"},\"thumbnailUrl\":\"https:\/\/urban-vitamin.com\/wp-content\/uploads\/sites\/5\/2024\/05\/P331.511__S_0__9014c4827f1741c1a45384ab5761777d.jpg\",\"datePublished\":\"2026-03-12T01:08:24+00:00\",\"dateModified\":\"2026-03-12T01:27:09+00:00\",\"breadcrumb\":{\"@id\":\"https:\/\/urban-vitamin.com\/nl\/pacific-grove-rcs-rplastic-30w-speaker-ipx7-zwart\/#breadcrumb\"},\"inLanguage\":\"nl-NL\",\"potentialAction\":[{\"@type\":\"ReadAction\",\"target\":[\"https:\/\/urban-vitamin.com\/nl\/pacific-grove-rcs-rplastic-30w-speaker-ipx7-zwart\/\"]}]},{\"@type\":\"ImageObject\",\"inLanguage\":\"nl-NL\",\"@id\":\"https:\/\/urban-vitamin.com\/nl\/pacific-grove-rcs-rplastic-30w-speaker-ipx7-zwart\/#primaryimage\",\"url\":\"https:\/\/urban-vitamin.com\/wp-content\/uploads\/sites\/5\/2024\/05\/P331.511__S_0__9014c4827f1741c1a45384ab5761777d.jpg\",\"contentUrl\":\"https:\/\/urban-vitamin.com\/wp-content\/uploads\/sites\/5\/2024\/05\/P331.511__S_0__9014c4827f1741c1a45384ab5761777d.jpg\",\"width\":1024,\"height\":1024},{\"@type\":\"BreadcrumbList\",\"@id\":\"https:\/\/urban-vitamin.com\/nl\/pacific-grove-rcs-rplastic-30w-speaker-ipx7-zwart\/#breadcrumb\",\"itemListElement\":[{\"@type\":\"ListItem\",\"position\":1,\"name\":\"Home\",\"item\":\"https:\/\/urban-vitamin.com\/nl\/\"},{\"@type\":\"ListItem\",\"position\":2,\"name\":\"Collectie\",\"item\":\"https:\/\/urban-vitamin.com\/nl\/collectie\/\"},{\"@type\":\"ListItem\",\"position\":3,\"name\":\"Pacific Grove RCS rplastic 30W speaker IPX7, zwart\"}]},{\"@type\":\"WebSite\",\"@id\":\"https:\/\/urban-vitamin.com\/nl\/#website\",\"url\":\"https:\/\/urban-vitamin.com\/nl\/\",\"name\":\"Urban Vitamin\",\"description\":\"Enjoy your daily dose of Urban Vitamin!\",\"potentialAction\":[{\"@type\":\"SearchAction\",\"target\":{\"@type\":\"EntryPoint\",\"urlTemplate\":\"https:\/\/urban-vitamin.com\/nl\/?s={search_term_string}\"},\"query-input\":{\"@type\":\"PropertyValueSpecification\",\"valueRequired\":true,\"valueName\":\"search_term_string\"}}],\"inLanguage\":\"nl-NL\"}]}<\/script>\n<!-- \/ Yoast SEO plugin. -->","yoast_head_json":{"title":"Pacific Grove RCS rplastic 30W speaker IPX7, zwart - Urban Vitamin","robots":{"index":"index","follow":"follow","max-snippet":"max-snippet:-1","max-image-preview":"max-image-preview:large","max-video-preview":"max-video-preview:-1"},"canonical":"https:\/\/urban-vitamin.com\/nl\/pacific-grove-rcs-rplastic-30w-speaker-ipx7-zwart\/","og_locale":"nl_NL","og_type":"article","og_title":"Pacific Grove RCS rplastic 30W speaker IPX7, zwart - Urban Vitamin","og_description":"De Pacific Grove draadloze luidspreker geeft je de vrijheid om van je muziek te genieten zonder beperkingen. Deze robuuste 30W luidspreker is ontworpen om verschillende omstandigheden te weerstaan en biedt alles wat je nodig hebt voor een meeslepende muziekervaring. De handige ge\u00efntegreerde lanyard en duurzame, IPX7-waterbestendige ontwerp zorgen ervoor dat je je favoriete deuntjes overal [&hellip;]","og_url":"https:\/\/urban-vitamin.com\/nl\/pacific-grove-rcs-rplastic-30w-speaker-ipx7-zwart\/","og_site_name":"Urban Vitamin","article_modified_time":"2026-03-12T01:27:09+00:00","og_image":[{"width":1024,"height":1024,"url":"https:\/\/urban-vitamin.com\/wp-content\/uploads\/sites\/5\/2024\/05\/P331.511__S_0__9014c4827f1741c1a45384ab5761777d.jpg","type":"image\/jpeg"}],"twitter_card":"summary_large_image","twitter_misc":{"Geschatte leestijd":"1 minuut"},"schema":{"@context":"https:\/\/schema.org","@graph":[{"@type":"WebPage","@id":"https:\/\/urban-vitamin.com\/nl\/pacific-grove-rcs-rplastic-30w-speaker-ipx7-zwart\/","url":"https:\/\/urban-vitamin.com\/nl\/pacific-grove-rcs-rplastic-30w-speaker-ipx7-zwart\/","name":"Pacific Grove RCS rplastic 30W speaker IPX7, zwart - Urban Vitamin","isPartOf":{"@id":"https:\/\/urban-vitamin.com\/nl\/#website"},"primaryImageOfPage":{"@id":"https:\/\/urban-vitamin.com\/nl\/pacific-grove-rcs-rplastic-30w-speaker-ipx7-zwart\/#primaryimage"},"image":{"@id":"https:\/\/urban-vitamin.com\/nl\/pacific-grove-rcs-rplastic-30w-speaker-ipx7-zwart\/#primaryimage"},"thumbnailUrl":"https:\/\/urban-vitamin.com\/wp-content\/uploads\/sites\/5\/2024\/05\/P331.511__S_0__9014c4827f1741c1a45384ab5761777d.jpg","datePublished":"2026-03-12T01:08:24+00:00","dateModified":"2026-03-12T01:27:09+00:00","breadcrumb":{"@id":"https:\/\/urban-vitamin.com\/nl\/pacific-grove-rcs-rplastic-30w-speaker-ipx7-zwart\/#breadcrumb"},"inLanguage":"nl-NL","potentialAction":[{"@type":"ReadAction","target":["https:\/\/urban-vitamin.com\/nl\/pacific-grove-rcs-rplastic-30w-speaker-ipx7-zwart\/"]}]},{"@type":"ImageObject","inLanguage":"nl-NL","@id":"https:\/\/urban-vitamin.com\/nl\/pacific-grove-rcs-rplastic-30w-speaker-ipx7-zwart\/#primaryimage","url":"https:\/\/urban-vitamin.com\/wp-content\/uploads\/sites\/5\/2024\/05\/P331.511__S_0__9014c4827f1741c1a45384ab5761777d.jpg","contentUrl":"https:\/\/urban-vitamin.com\/wp-content\/uploads\/sites\/5\/2024\/05\/P331.511__S_0__9014c4827f1741c1a45384ab5761777d.jpg","width":1024,"height":1024},{"@type":"BreadcrumbList","@id":"https:\/\/urban-vitamin.com\/nl\/pacific-grove-rcs-rplastic-30w-speaker-ipx7-zwart\/#breadcrumb","itemListElement":[{"@type":"ListItem","position":1,"name":"Home","item":"https:\/\/urban-vitamin.com\/nl\/"},{"@type":"ListItem","position":2,"name":"Collectie","item":"https:\/\/urban-vitamin.com\/nl\/collectie\/"},{"@type":"ListItem","position":3,"name":"Pacific Grove RCS rplastic 30W speaker IPX7, zwart"}]},{"@type":"WebSite","@id":"https:\/\/urban-vitamin.com\/nl\/#website","url":"https:\/\/urban-vitamin.com\/nl\/","name":"Urban Vitamin","description":"Enjoy your daily dose of Urban Vitamin!","potentialAction":[{"@type":"SearchAction","target":{"@type":"EntryPoint","urlTemplate":"https:\/\/urban-vitamin.com\/nl\/?s={search_term_string}"},"query-input":{"@type":"PropertyValueSpecification","valueRequired":true,"valueName":"search_term_string"}}],"inLanguage":"nl-NL"}]}},"_links":{"self":[{"href":"https:\/\/urban-vitamin.com\/nl\/wp-json\/wp\/v2\/product\/11455","targetHints":{"allow":["GET"]}}],"collection":[{"href":"https:\/\/urban-vitamin.com\/nl\/wp-json\/wp\/v2\/product"}],"about":[{"href":"https:\/\/urban-vitamin.com\/nl\/wp-json\/wp\/v2\/types\/product"}],"replies":[{"embeddable":true,"href":"https:\/\/urban-vitamin.com\/nl\/wp-json\/wp\/v2\/comments?post=11455"}],"wp:featuredmedia":[{"embeddable":true,"href":"https:\/\/urban-vitamin.com\/nl\/wp-json\/wp\/v2\/media\/19072"}],"wp:attachment":[{"href":"https:\/\/urban-vitamin.com\/nl\/wp-json\/wp\/v2\/media?parent=11455"}],"wp:term":[{"taxonomy":"product_cat","embeddable":true,"href":"https:\/\/urban-vitamin.com\/nl\/wp-json\/wp\/v2\/product_cat?post=11455"},{"taxonomy":"product_tag","embeddable":true,"href":"https:\/\/urban-vitamin.com\/nl\/wp-json\/wp\/v2\/product_tag?post=11455"}],"curies":[{"name":"wp","href":"https:\/\/api.w.org\/{rel}","templated":true}]}}