{"id":8578,"date":"2026-03-12T01:08:06","date_gmt":"2026-03-12T01:08:06","guid":{"rendered":"https:\/\/urban-vitamin.com\/cuffie-anc-in-plastica-riciclata-rcs-urban-vitamin-cupertino-nero\/"},"modified":"2026-04-15T23:40:28","modified_gmt":"2026-04-15T23:40:28","slug":"cuffie-anc-in-plastica-riciclata-rcs-cupertino-nero","status":"publish","type":"product","link":"https:\/\/urban-vitamin.com\/it\/prodotto\/cuffie-anc-in-plastica-riciclata-rcs-cupertino-nero\/","title":{"rendered":"Cuffie ANC in plastica riciclata RCS Cupertino, nero"},"content":{"rendered":"<p>Un&#8217;incredibile esperienza di ascolto senza rumori fin dal primo istante. La tecnologia ANC ti consente di bloccare tutti i rumori indesiderati per goderti appieno la tua musica. L&#8217;audio profondo e chiaro ti permetter\u00e0 di goderti appieno la tua musica, podcast o video preferiti. I cuscinetti extra morbidi e confortevoli ti fanno sentire come se potessi indossare le cuffie tutto il giorno. Autonomia di ben 50 ore di riproduzione. Con microfono di qualit\u00e0 premium per rispondere alle chiamate. Il design robusto ma leggero consente una vestibilit\u00e0 perfetta e il design pieghevole ti consente di portare le cuffie ovunque tu vada. La cuffia \u00e8 realizzata con ABS riciclato certificato RCS (Recycled Claim Standard). Contenuto totale riciclato: 58 % in base al peso totale dell&#8217;articolo. La certificazione RCS garantisce una filiera completamente certificata dei materiali riciclati. Senza PVC in custodia RPET.<\/p>\n","protected":false},"excerpt":{"rendered":"<p>Un&#8217;incredibile esperienza di ascolto senza rumori fin dal primo istante. La tecnologia ANC ti consente di bloccare tutti i rumori indesiderati per goderti appieno la tua musica. L&#8217;audio profondo e chiaro ti permetter\u00e0 di goderti appieno la tua musica, podcast o video preferiti. I cuscinetti extra morbidi e confortevoli ti fanno sentire come se potessi [&hellip;]<\/p>\n","protected":false},"featured_media":14433,"comment_status":"closed","ping_status":"closed","template":"","meta":{"_acf_changed":false,"om_disable_all_campaigns":false},"product_cat":[102],"product_tag":[],"class_list":["post-8578","product","type-product","status-publish","has-post-thumbnail","hentry","product_cat-cuffie-wireless","pa_color-black"],"acf":[],"yoast_head":"<!-- This site is optimized with the Yoast SEO plugin v27.0 - https:\/\/yoast.com\/product\/yoast-seo-wordpress\/ -->\n<title>Cuffie ANC in plastica riciclata RCS Cupertino, nero - Urban Vitamin<\/title>\n<meta name=\"robots\" content=\"index, follow, max-snippet:-1, max-image-preview:large, max-video-preview:-1\" \/>\n<link rel=\"canonical\" href=\"https:\/\/urban-vitamin.com\/it\/prodotto\/cuffie-anc-in-plastica-riciclata-rcs-cupertino-nero\/\" \/>\n<meta property=\"og:locale\" content=\"it_IT\" \/>\n<meta property=\"og:type\" content=\"article\" \/>\n<meta property=\"og:title\" content=\"Cuffie ANC in plastica riciclata RCS Cupertino, nero - Urban Vitamin\" \/>\n<meta property=\"og:description\" content=\"Un&#8217;incredibile esperienza di ascolto senza rumori fin dal primo istante. La tecnologia ANC ti consente di bloccare tutti i rumori indesiderati per goderti appieno la tua musica. L&#8217;audio profondo e chiaro ti permetter\u00e0 di goderti appieno la tua musica, podcast o video preferiti. I cuscinetti extra morbidi e confortevoli ti fanno sentire come se potessi [&hellip;]\" \/>\n<meta property=\"og:url\" content=\"https:\/\/urban-vitamin.com\/it\/prodotto\/cuffie-anc-in-plastica-riciclata-rcs-cupertino-nero\/\" \/>\n<meta property=\"og:site_name\" content=\"Urban Vitamin\" \/>\n<meta property=\"article:modified_time\" content=\"2026-04-15T23:40:28+00:00\" \/>\n<meta property=\"og:image\" content=\"https:\/\/urban-vitamin.com\/wp-content\/uploads\/sites\/5\/2024\/02\/P329.571__S_0__594b71547bc84286826d3dafaaecc9d5.jpg\" \/>\n\t<meta property=\"og:image:width\" content=\"1024\" \/>\n\t<meta property=\"og:image:height\" content=\"1024\" \/>\n\t<meta property=\"og:image:type\" content=\"image\/jpeg\" \/>\n<meta name=\"twitter:card\" content=\"summary_large_image\" \/>\n<meta name=\"twitter:label1\" content=\"Tempo di lettura stimato\" \/>\n\t<meta name=\"twitter:data1\" content=\"1 minuto\" \/>\n<script type=\"application\/ld+json\" class=\"yoast-schema-graph\">{\"@context\":\"https:\/\/schema.org\",\"@graph\":[{\"@type\":\"WebPage\",\"@id\":\"https:\/\/urban-vitamin.com\/it\/prodotto\/cuffie-anc-in-plastica-riciclata-rcs-cupertino-nero\/\",\"url\":\"https:\/\/urban-vitamin.com\/it\/prodotto\/cuffie-anc-in-plastica-riciclata-rcs-cupertino-nero\/\",\"name\":\"Cuffie ANC in plastica riciclata RCS Cupertino, nero - Urban Vitamin\",\"isPartOf\":{\"@id\":\"https:\/\/urban-vitamin.com\/it\/#website\"},\"primaryImageOfPage\":{\"@id\":\"https:\/\/urban-vitamin.com\/it\/prodotto\/cuffie-anc-in-plastica-riciclata-rcs-cupertino-nero\/#primaryimage\"},\"image\":{\"@id\":\"https:\/\/urban-vitamin.com\/it\/prodotto\/cuffie-anc-in-plastica-riciclata-rcs-cupertino-nero\/#primaryimage\"},\"thumbnailUrl\":\"https:\/\/urban-vitamin.com\/wp-content\/uploads\/sites\/5\/2024\/02\/P329.571__S_0__594b71547bc84286826d3dafaaecc9d5.jpg\",\"datePublished\":\"2026-03-12T01:08:06+00:00\",\"dateModified\":\"2026-04-15T23:40:28+00:00\",\"breadcrumb\":{\"@id\":\"https:\/\/urban-vitamin.com\/it\/prodotto\/cuffie-anc-in-plastica-riciclata-rcs-cupertino-nero\/#breadcrumb\"},\"inLanguage\":\"it-IT\",\"potentialAction\":[{\"@type\":\"ReadAction\",\"target\":[\"https:\/\/urban-vitamin.com\/it\/prodotto\/cuffie-anc-in-plastica-riciclata-rcs-cupertino-nero\/\"]}]},{\"@type\":\"ImageObject\",\"inLanguage\":\"it-IT\",\"@id\":\"https:\/\/urban-vitamin.com\/it\/prodotto\/cuffie-anc-in-plastica-riciclata-rcs-cupertino-nero\/#primaryimage\",\"url\":\"https:\/\/urban-vitamin.com\/wp-content\/uploads\/sites\/5\/2024\/02\/P329.571__S_0__594b71547bc84286826d3dafaaecc9d5.jpg\",\"contentUrl\":\"https:\/\/urban-vitamin.com\/wp-content\/uploads\/sites\/5\/2024\/02\/P329.571__S_0__594b71547bc84286826d3dafaaecc9d5.jpg\",\"width\":1024,\"height\":1024},{\"@type\":\"BreadcrumbList\",\"@id\":\"https:\/\/urban-vitamin.com\/it\/prodotto\/cuffie-anc-in-plastica-riciclata-rcs-cupertino-nero\/#breadcrumb\",\"itemListElement\":[{\"@type\":\"ListItem\",\"position\":1,\"name\":\"Home\",\"item\":\"https:\/\/urban-vitamin.com\/it\/\"},{\"@type\":\"ListItem\",\"position\":2,\"name\":\"Collezione\",\"item\":\"https:\/\/urban-vitamin.com\/it\/collezione\/\"},{\"@type\":\"ListItem\",\"position\":3,\"name\":\"Cuffie ANC in plastica riciclata RCS Cupertino, nero\"}]},{\"@type\":\"WebSite\",\"@id\":\"https:\/\/urban-vitamin.com\/it\/#website\",\"url\":\"https:\/\/urban-vitamin.com\/it\/\",\"name\":\"Urban Vitamin\",\"description\":\"Enjoy your daily dose of Urban Vitamin!\",\"potentialAction\":[{\"@type\":\"SearchAction\",\"target\":{\"@type\":\"EntryPoint\",\"urlTemplate\":\"https:\/\/urban-vitamin.com\/it\/?s={search_term_string}\"},\"query-input\":{\"@type\":\"PropertyValueSpecification\",\"valueRequired\":true,\"valueName\":\"search_term_string\"}}],\"inLanguage\":\"it-IT\"}]}<\/script>\n<!-- \/ Yoast SEO plugin. -->","yoast_head_json":{"title":"Cuffie ANC in plastica riciclata RCS Cupertino, nero - Urban Vitamin","robots":{"index":"index","follow":"follow","max-snippet":"max-snippet:-1","max-image-preview":"max-image-preview:large","max-video-preview":"max-video-preview:-1"},"canonical":"https:\/\/urban-vitamin.com\/it\/prodotto\/cuffie-anc-in-plastica-riciclata-rcs-cupertino-nero\/","og_locale":"it_IT","og_type":"article","og_title":"Cuffie ANC in plastica riciclata RCS Cupertino, nero - Urban Vitamin","og_description":"Un&#8217;incredibile esperienza di ascolto senza rumori fin dal primo istante. La tecnologia ANC ti consente di bloccare tutti i rumori indesiderati per goderti appieno la tua musica. L&#8217;audio profondo e chiaro ti permetter\u00e0 di goderti appieno la tua musica, podcast o video preferiti. I cuscinetti extra morbidi e confortevoli ti fanno sentire come se potessi [&hellip;]","og_url":"https:\/\/urban-vitamin.com\/it\/prodotto\/cuffie-anc-in-plastica-riciclata-rcs-cupertino-nero\/","og_site_name":"Urban Vitamin","article_modified_time":"2026-04-15T23:40:28+00:00","og_image":[{"width":1024,"height":1024,"url":"https:\/\/urban-vitamin.com\/wp-content\/uploads\/sites\/5\/2024\/02\/P329.571__S_0__594b71547bc84286826d3dafaaecc9d5.jpg","type":"image\/jpeg"}],"twitter_card":"summary_large_image","twitter_misc":{"Tempo di lettura stimato":"1 minuto"},"schema":{"@context":"https:\/\/schema.org","@graph":[{"@type":"WebPage","@id":"https:\/\/urban-vitamin.com\/it\/prodotto\/cuffie-anc-in-plastica-riciclata-rcs-cupertino-nero\/","url":"https:\/\/urban-vitamin.com\/it\/prodotto\/cuffie-anc-in-plastica-riciclata-rcs-cupertino-nero\/","name":"Cuffie ANC in plastica riciclata RCS Cupertino, nero - Urban Vitamin","isPartOf":{"@id":"https:\/\/urban-vitamin.com\/it\/#website"},"primaryImageOfPage":{"@id":"https:\/\/urban-vitamin.com\/it\/prodotto\/cuffie-anc-in-plastica-riciclata-rcs-cupertino-nero\/#primaryimage"},"image":{"@id":"https:\/\/urban-vitamin.com\/it\/prodotto\/cuffie-anc-in-plastica-riciclata-rcs-cupertino-nero\/#primaryimage"},"thumbnailUrl":"https:\/\/urban-vitamin.com\/wp-content\/uploads\/sites\/5\/2024\/02\/P329.571__S_0__594b71547bc84286826d3dafaaecc9d5.jpg","datePublished":"2026-03-12T01:08:06+00:00","dateModified":"2026-04-15T23:40:28+00:00","breadcrumb":{"@id":"https:\/\/urban-vitamin.com\/it\/prodotto\/cuffie-anc-in-plastica-riciclata-rcs-cupertino-nero\/#breadcrumb"},"inLanguage":"it-IT","potentialAction":[{"@type":"ReadAction","target":["https:\/\/urban-vitamin.com\/it\/prodotto\/cuffie-anc-in-plastica-riciclata-rcs-cupertino-nero\/"]}]},{"@type":"ImageObject","inLanguage":"it-IT","@id":"https:\/\/urban-vitamin.com\/it\/prodotto\/cuffie-anc-in-plastica-riciclata-rcs-cupertino-nero\/#primaryimage","url":"https:\/\/urban-vitamin.com\/wp-content\/uploads\/sites\/5\/2024\/02\/P329.571__S_0__594b71547bc84286826d3dafaaecc9d5.jpg","contentUrl":"https:\/\/urban-vitamin.com\/wp-content\/uploads\/sites\/5\/2024\/02\/P329.571__S_0__594b71547bc84286826d3dafaaecc9d5.jpg","width":1024,"height":1024},{"@type":"BreadcrumbList","@id":"https:\/\/urban-vitamin.com\/it\/prodotto\/cuffie-anc-in-plastica-riciclata-rcs-cupertino-nero\/#breadcrumb","itemListElement":[{"@type":"ListItem","position":1,"name":"Home","item":"https:\/\/urban-vitamin.com\/it\/"},{"@type":"ListItem","position":2,"name":"Collezione","item":"https:\/\/urban-vitamin.com\/it\/collezione\/"},{"@type":"ListItem","position":3,"name":"Cuffie ANC in plastica riciclata RCS Cupertino, nero"}]},{"@type":"WebSite","@id":"https:\/\/urban-vitamin.com\/it\/#website","url":"https:\/\/urban-vitamin.com\/it\/","name":"Urban Vitamin","description":"Enjoy your daily dose of Urban Vitamin!","potentialAction":[{"@type":"SearchAction","target":{"@type":"EntryPoint","urlTemplate":"https:\/\/urban-vitamin.com\/it\/?s={search_term_string}"},"query-input":{"@type":"PropertyValueSpecification","valueRequired":true,"valueName":"search_term_string"}}],"inLanguage":"it-IT"}]}},"_links":{"self":[{"href":"https:\/\/urban-vitamin.com\/it\/wp-json\/wp\/v2\/product\/8578","targetHints":{"allow":["GET"]}}],"collection":[{"href":"https:\/\/urban-vitamin.com\/it\/wp-json\/wp\/v2\/product"}],"about":[{"href":"https:\/\/urban-vitamin.com\/it\/wp-json\/wp\/v2\/types\/product"}],"replies":[{"embeddable":true,"href":"https:\/\/urban-vitamin.com\/it\/wp-json\/wp\/v2\/comments?post=8578"}],"wp:featuredmedia":[{"embeddable":true,"href":"https:\/\/urban-vitamin.com\/it\/wp-json\/wp\/v2\/media\/14433"}],"wp:attachment":[{"href":"https:\/\/urban-vitamin.com\/it\/wp-json\/wp\/v2\/media?parent=8578"}],"wp:term":[{"taxonomy":"product_cat","embeddable":true,"href":"https:\/\/urban-vitamin.com\/it\/wp-json\/wp\/v2\/product_cat?post=8578"},{"taxonomy":"product_tag","embeddable":true,"href":"https:\/\/urban-vitamin.com\/it\/wp-json\/wp\/v2\/product_tag?post=8578"}],"curies":[{"name":"wp","href":"https:\/\/api.w.org\/{rel}","templated":true}]}}