{"id":7970,"date":"2026-03-12T01:08:24","date_gmt":"2026-03-12T01:08:24","guid":{"rendered":"https:\/\/urban-vitamin.com\/speaker-wireless-ipx7-urban-vitamin-hayward-nero\/"},"modified":"2026-03-12T00:42:14","modified_gmt":"2026-03-12T00:42:14","slug":"speaker-wireless-ipx7-urban-vitamin-hayward-nero","status":"publish","type":"product","link":"https:\/\/urban-vitamin.com\/it\/prodotto\/speaker-wireless-ipx7-urban-vitamin-hayward-nero\/","title":{"rendered":"Speaker wireless IPX7 Urban Vitamin Hayward, nero"},"content":{"rendered":"<p>Porta il tuo speaker ovunque tu vada. Giornata in spiaggia? Perfetto! Festa in piscina? Ottimo! Pioggia improvvisa? Non preoccuparti! Il tuo speaker \u00e8 impermeabile IPX7 fino a 1 metro di profondit\u00e0 e massimo 30 minuti! Dopo una giornata in spiaggia lo potrai facilmente risciacquare sotto nel lavandino. Lo speaker \u00e8 fornito di moschettone per poter essere attaccato al tuo zaino. Il suono potente \u00e8 sufficiente per mantenere una festa di buone dimensioni fino al sorgere del sole. Il tessuto resistente e l&#8217;alloggiamento robusto assicureranno anche che lo speaker possa sopportare piccoli urti. Goditi fino a 15 ore di musica! Microfono integrato. Gli articoli Urban Vitamin sono realizzati senza PVC e confezionati in imballaggi a ridotto contenuto di plastiche.<\/p>\n","protected":false},"excerpt":{"rendered":"<p>Porta il tuo speaker ovunque tu vada. Giornata in spiaggia? Perfetto! Festa in piscina? Ottimo! Pioggia improvvisa? Non preoccuparti! Il tuo speaker \u00e8 impermeabile IPX7 fino a 1 metro di profondit\u00e0 e massimo 30 minuti! Dopo una giornata in spiaggia lo potrai facilmente risciacquare sotto nel lavandino. Lo speaker \u00e8 fornito di moschettone per poter [&hellip;]<\/p>\n","protected":false},"featured_media":17548,"comment_status":"closed","ping_status":"closed","template":"","meta":{"_acf_changed":false,"om_disable_all_campaigns":false},"product_cat":[100],"product_tag":[],"class_list":["post-7970","product","type-product","status-publish","has-post-thumbnail","hentry","product_cat-speaker","pa_color-black"],"acf":[],"yoast_head":"<!-- This site is optimized with the Yoast SEO plugin v27.0 - https:\/\/yoast.com\/product\/yoast-seo-wordpress\/ -->\n<title>Speaker wireless IPX7 Urban Vitamin Hayward, nero - Urban Vitamin<\/title>\n<meta name=\"robots\" content=\"index, follow, max-snippet:-1, max-image-preview:large, max-video-preview:-1\" \/>\n<link rel=\"canonical\" href=\"https:\/\/urban-vitamin.com\/it\/prodotto\/speaker-wireless-ipx7-urban-vitamin-hayward-nero\/\" \/>\n<meta property=\"og:locale\" content=\"it_IT\" \/>\n<meta property=\"og:type\" content=\"article\" \/>\n<meta property=\"og:title\" content=\"Speaker wireless IPX7 Urban Vitamin Hayward, nero - Urban Vitamin\" \/>\n<meta property=\"og:description\" content=\"Porta il tuo speaker ovunque tu vada. Giornata in spiaggia? Perfetto! Festa in piscina? Ottimo! Pioggia improvvisa? Non preoccuparti! Il tuo speaker \u00e8 impermeabile IPX7 fino a 1 metro di profondit\u00e0 e massimo 30 minuti! Dopo una giornata in spiaggia lo potrai facilmente risciacquare sotto nel lavandino. Lo speaker \u00e8 fornito di moschettone per poter [&hellip;]\" \/>\n<meta property=\"og:url\" content=\"https:\/\/urban-vitamin.com\/it\/prodotto\/speaker-wireless-ipx7-urban-vitamin-hayward-nero\/\" \/>\n<meta property=\"og:site_name\" content=\"Urban Vitamin\" \/>\n<meta property=\"og:image\" content=\"https:\/\/urban-vitamin.com\/wp-content\/uploads\/sites\/5\/2024\/02\/P329.911__S_0__d4063451e8354bd499c8b58c3353a7de.jpg\" \/>\n\t<meta property=\"og:image:width\" content=\"1024\" \/>\n\t<meta property=\"og:image:height\" content=\"1024\" \/>\n\t<meta property=\"og:image:type\" content=\"image\/jpeg\" \/>\n<meta name=\"twitter:card\" content=\"summary_large_image\" \/>\n<meta name=\"twitter:label1\" content=\"Tempo di lettura stimato\" \/>\n\t<meta name=\"twitter:data1\" content=\"1 minuto\" \/>\n<script type=\"application\/ld+json\" class=\"yoast-schema-graph\">{\"@context\":\"https:\/\/schema.org\",\"@graph\":[{\"@type\":\"WebPage\",\"@id\":\"https:\/\/urban-vitamin.com\/it\/prodotto\/speaker-wireless-ipx7-urban-vitamin-hayward-nero\/\",\"url\":\"https:\/\/urban-vitamin.com\/it\/prodotto\/speaker-wireless-ipx7-urban-vitamin-hayward-nero\/\",\"name\":\"Speaker wireless IPX7 Urban Vitamin Hayward, nero - Urban Vitamin\",\"isPartOf\":{\"@id\":\"https:\/\/urban-vitamin.com\/it\/#website\"},\"primaryImageOfPage\":{\"@id\":\"https:\/\/urban-vitamin.com\/it\/prodotto\/speaker-wireless-ipx7-urban-vitamin-hayward-nero\/#primaryimage\"},\"image\":{\"@id\":\"https:\/\/urban-vitamin.com\/it\/prodotto\/speaker-wireless-ipx7-urban-vitamin-hayward-nero\/#primaryimage\"},\"thumbnailUrl\":\"https:\/\/urban-vitamin.com\/wp-content\/uploads\/sites\/5\/2024\/02\/P329.911__S_0__d4063451e8354bd499c8b58c3353a7de.jpg\",\"datePublished\":\"2026-03-12T01:08:24+00:00\",\"breadcrumb\":{\"@id\":\"https:\/\/urban-vitamin.com\/it\/prodotto\/speaker-wireless-ipx7-urban-vitamin-hayward-nero\/#breadcrumb\"},\"inLanguage\":\"it-IT\",\"potentialAction\":[{\"@type\":\"ReadAction\",\"target\":[\"https:\/\/urban-vitamin.com\/it\/prodotto\/speaker-wireless-ipx7-urban-vitamin-hayward-nero\/\"]}]},{\"@type\":\"ImageObject\",\"inLanguage\":\"it-IT\",\"@id\":\"https:\/\/urban-vitamin.com\/it\/prodotto\/speaker-wireless-ipx7-urban-vitamin-hayward-nero\/#primaryimage\",\"url\":\"https:\/\/urban-vitamin.com\/wp-content\/uploads\/sites\/5\/2024\/02\/P329.911__S_0__d4063451e8354bd499c8b58c3353a7de.jpg\",\"contentUrl\":\"https:\/\/urban-vitamin.com\/wp-content\/uploads\/sites\/5\/2024\/02\/P329.911__S_0__d4063451e8354bd499c8b58c3353a7de.jpg\",\"width\":1024,\"height\":1024},{\"@type\":\"BreadcrumbList\",\"@id\":\"https:\/\/urban-vitamin.com\/it\/prodotto\/speaker-wireless-ipx7-urban-vitamin-hayward-nero\/#breadcrumb\",\"itemListElement\":[{\"@type\":\"ListItem\",\"position\":1,\"name\":\"Home\",\"item\":\"https:\/\/urban-vitamin.com\/it\/\"},{\"@type\":\"ListItem\",\"position\":2,\"name\":\"Collezione\",\"item\":\"https:\/\/urban-vitamin.com\/it\/collezione\/\"},{\"@type\":\"ListItem\",\"position\":3,\"name\":\"Speaker wireless IPX7 Urban Vitamin Hayward, nero\"}]},{\"@type\":\"WebSite\",\"@id\":\"https:\/\/urban-vitamin.com\/it\/#website\",\"url\":\"https:\/\/urban-vitamin.com\/it\/\",\"name\":\"Urban Vitamin\",\"description\":\"Enjoy your daily dose of Urban Vitamin!\",\"potentialAction\":[{\"@type\":\"SearchAction\",\"target\":{\"@type\":\"EntryPoint\",\"urlTemplate\":\"https:\/\/urban-vitamin.com\/it\/?s={search_term_string}\"},\"query-input\":{\"@type\":\"PropertyValueSpecification\",\"valueRequired\":true,\"valueName\":\"search_term_string\"}}],\"inLanguage\":\"it-IT\"}]}<\/script>\n<!-- \/ Yoast SEO plugin. -->","yoast_head_json":{"title":"Speaker wireless IPX7 Urban Vitamin Hayward, nero - Urban Vitamin","robots":{"index":"index","follow":"follow","max-snippet":"max-snippet:-1","max-image-preview":"max-image-preview:large","max-video-preview":"max-video-preview:-1"},"canonical":"https:\/\/urban-vitamin.com\/it\/prodotto\/speaker-wireless-ipx7-urban-vitamin-hayward-nero\/","og_locale":"it_IT","og_type":"article","og_title":"Speaker wireless IPX7 Urban Vitamin Hayward, nero - Urban Vitamin","og_description":"Porta il tuo speaker ovunque tu vada. Giornata in spiaggia? Perfetto! Festa in piscina? Ottimo! Pioggia improvvisa? Non preoccuparti! Il tuo speaker \u00e8 impermeabile IPX7 fino a 1 metro di profondit\u00e0 e massimo 30 minuti! Dopo una giornata in spiaggia lo potrai facilmente risciacquare sotto nel lavandino. Lo speaker \u00e8 fornito di moschettone per poter [&hellip;]","og_url":"https:\/\/urban-vitamin.com\/it\/prodotto\/speaker-wireless-ipx7-urban-vitamin-hayward-nero\/","og_site_name":"Urban Vitamin","og_image":[{"width":1024,"height":1024,"url":"https:\/\/urban-vitamin.com\/wp-content\/uploads\/sites\/5\/2024\/02\/P329.911__S_0__d4063451e8354bd499c8b58c3353a7de.jpg","type":"image\/jpeg"}],"twitter_card":"summary_large_image","twitter_misc":{"Tempo di lettura stimato":"1 minuto"},"schema":{"@context":"https:\/\/schema.org","@graph":[{"@type":"WebPage","@id":"https:\/\/urban-vitamin.com\/it\/prodotto\/speaker-wireless-ipx7-urban-vitamin-hayward-nero\/","url":"https:\/\/urban-vitamin.com\/it\/prodotto\/speaker-wireless-ipx7-urban-vitamin-hayward-nero\/","name":"Speaker wireless IPX7 Urban Vitamin Hayward, nero - Urban Vitamin","isPartOf":{"@id":"https:\/\/urban-vitamin.com\/it\/#website"},"primaryImageOfPage":{"@id":"https:\/\/urban-vitamin.com\/it\/prodotto\/speaker-wireless-ipx7-urban-vitamin-hayward-nero\/#primaryimage"},"image":{"@id":"https:\/\/urban-vitamin.com\/it\/prodotto\/speaker-wireless-ipx7-urban-vitamin-hayward-nero\/#primaryimage"},"thumbnailUrl":"https:\/\/urban-vitamin.com\/wp-content\/uploads\/sites\/5\/2024\/02\/P329.911__S_0__d4063451e8354bd499c8b58c3353a7de.jpg","datePublished":"2026-03-12T01:08:24+00:00","breadcrumb":{"@id":"https:\/\/urban-vitamin.com\/it\/prodotto\/speaker-wireless-ipx7-urban-vitamin-hayward-nero\/#breadcrumb"},"inLanguage":"it-IT","potentialAction":[{"@type":"ReadAction","target":["https:\/\/urban-vitamin.com\/it\/prodotto\/speaker-wireless-ipx7-urban-vitamin-hayward-nero\/"]}]},{"@type":"ImageObject","inLanguage":"it-IT","@id":"https:\/\/urban-vitamin.com\/it\/prodotto\/speaker-wireless-ipx7-urban-vitamin-hayward-nero\/#primaryimage","url":"https:\/\/urban-vitamin.com\/wp-content\/uploads\/sites\/5\/2024\/02\/P329.911__S_0__d4063451e8354bd499c8b58c3353a7de.jpg","contentUrl":"https:\/\/urban-vitamin.com\/wp-content\/uploads\/sites\/5\/2024\/02\/P329.911__S_0__d4063451e8354bd499c8b58c3353a7de.jpg","width":1024,"height":1024},{"@type":"BreadcrumbList","@id":"https:\/\/urban-vitamin.com\/it\/prodotto\/speaker-wireless-ipx7-urban-vitamin-hayward-nero\/#breadcrumb","itemListElement":[{"@type":"ListItem","position":1,"name":"Home","item":"https:\/\/urban-vitamin.com\/it\/"},{"@type":"ListItem","position":2,"name":"Collezione","item":"https:\/\/urban-vitamin.com\/it\/collezione\/"},{"@type":"ListItem","position":3,"name":"Speaker wireless IPX7 Urban Vitamin Hayward, nero"}]},{"@type":"WebSite","@id":"https:\/\/urban-vitamin.com\/it\/#website","url":"https:\/\/urban-vitamin.com\/it\/","name":"Urban Vitamin","description":"Enjoy your daily dose of Urban Vitamin!","potentialAction":[{"@type":"SearchAction","target":{"@type":"EntryPoint","urlTemplate":"https:\/\/urban-vitamin.com\/it\/?s={search_term_string}"},"query-input":{"@type":"PropertyValueSpecification","valueRequired":true,"valueName":"search_term_string"}}],"inLanguage":"it-IT"}]}},"_links":{"self":[{"href":"https:\/\/urban-vitamin.com\/it\/wp-json\/wp\/v2\/product\/7970","targetHints":{"allow":["GET"]}}],"collection":[{"href":"https:\/\/urban-vitamin.com\/it\/wp-json\/wp\/v2\/product"}],"about":[{"href":"https:\/\/urban-vitamin.com\/it\/wp-json\/wp\/v2\/types\/product"}],"replies":[{"embeddable":true,"href":"https:\/\/urban-vitamin.com\/it\/wp-json\/wp\/v2\/comments?post=7970"}],"wp:featuredmedia":[{"embeddable":true,"href":"https:\/\/urban-vitamin.com\/it\/wp-json\/wp\/v2\/media\/17548"}],"wp:attachment":[{"href":"https:\/\/urban-vitamin.com\/it\/wp-json\/wp\/v2\/media?parent=7970"}],"wp:term":[{"taxonomy":"product_cat","embeddable":true,"href":"https:\/\/urban-vitamin.com\/it\/wp-json\/wp\/v2\/product_cat?post=7970"},{"taxonomy":"product_tag","embeddable":true,"href":"https:\/\/urban-vitamin.com\/it\/wp-json\/wp\/v2\/product_tag?post=7970"}],"curies":[{"name":"wp","href":"https:\/\/api.w.org\/{rel}","templated":true}]}}