{"id":7303,"date":"2026-03-12T01:06:04","date_gmt":"2026-03-12T01:06:04","guid":{"rendered":"https:\/\/urban-vitamin.com\/cavo-di-ricarica-veloce-60w-oakalnd-6in1-12m-rplastica-rcs-bianco\/"},"modified":"2026-03-12T00:40:14","modified_gmt":"2026-03-12T00:40:14","slug":"cavo-di-ricarica-veloce-60w-oakland-6in1-12m-rplastica-rcs-bianco","status":"publish","type":"product","link":"https:\/\/urban-vitamin.com\/it\/prodotto\/cavo-di-ricarica-veloce-60w-oakland-6in1-12m-rplastica-rcs-bianco\/","title":{"rendered":"Cavo di ricarica veloce 60W Oakland 6in1, 1,2m rplastica RCS, bianco"},"content":{"rendered":"<p>Ricarica sempre alla massima velocit\u00e0 grazie al cavo Oakland. La custodia \u00e8 realizzata al 100% in plastica TPE riciclata certificata RCS, il filo in TPE riciclato al 100% e strato esterno in PET riciclato al 100%. RCS (Recycled Claim Standard) \u00e8 uno standard per verificare il contenuto riciclato di un prodotto lungo l&#8217;intera filiera. RCS \u00e8 lo standard che viene utilizzato quando una parte dell&#8217;articolo \u00e8 stata realizzata con materiali riciclati. Il cavo da 120 cm ha 5 diversi connettori: USB C, USB A in, type C out, IOS out e micro USB out. Ci\u00f2 consente di utilizzare il cavo anche con dispositivi type C come smartphone di nuova generazione e computer MacBook. Il cavo ha anche un&#8217;opzione di input\/output USB A in modo che possa caricare qualsiasi dispositivo da qualsiasi sorgente di uscita. Corrente massima da type C a lighting 18W. Da type C a type C 45W. Contenuto totale riciclato: 52% in base al peso totale dell&#8217;articolo. Adatto sia alla ricarica che alla sincronizzazione dati.<\/p>\n","protected":false},"excerpt":{"rendered":"<p>Ricarica sempre alla massima velocit\u00e0 grazie al cavo Oakland. La custodia \u00e8 realizzata al 100% in plastica TPE riciclata certificata RCS, il filo in TPE riciclato al 100% e strato esterno in PET riciclato al 100%. RCS (Recycled Claim Standard) \u00e8 uno standard per verificare il contenuto riciclato di un prodotto lungo l&#8217;intera filiera. RCS [&hellip;]<\/p>\n","protected":false},"featured_media":12193,"comment_status":"closed","ping_status":"closed","template":"","meta":{"_acf_changed":false,"om_disable_all_campaigns":false},"product_cat":[96],"product_tag":[],"class_list":["post-7303","product","type-product","status-publish","has-post-thumbnail","hentry","product_cat-cavi","pa_color-white"],"acf":[],"yoast_head":"<!-- This site is optimized with the Yoast SEO plugin v27.0 - https:\/\/yoast.com\/product\/yoast-seo-wordpress\/ -->\n<title>Cavo di ricarica veloce 60W Oakland 6in1, 1,2m rplastica RCS, bianco - Urban Vitamin<\/title>\n<meta name=\"robots\" content=\"index, follow, max-snippet:-1, max-image-preview:large, max-video-preview:-1\" \/>\n<link rel=\"canonical\" href=\"https:\/\/urban-vitamin.com\/it\/prodotto\/cavo-di-ricarica-veloce-60w-oakland-6in1-12m-rplastica-rcs-bianco\/\" \/>\n<meta property=\"og:locale\" content=\"it_IT\" \/>\n<meta property=\"og:type\" content=\"article\" \/>\n<meta property=\"og:title\" content=\"Cavo di ricarica veloce 60W Oakland 6in1, 1,2m rplastica RCS, bianco - Urban Vitamin\" \/>\n<meta property=\"og:description\" content=\"Ricarica sempre alla massima velocit\u00e0 grazie al cavo Oakland. La custodia \u00e8 realizzata al 100% in plastica TPE riciclata certificata RCS, il filo in TPE riciclato al 100% e strato esterno in PET riciclato al 100%. RCS (Recycled Claim Standard) \u00e8 uno standard per verificare il contenuto riciclato di un prodotto lungo l&#8217;intera filiera. RCS [&hellip;]\" \/>\n<meta property=\"og:url\" content=\"https:\/\/urban-vitamin.com\/it\/prodotto\/cavo-di-ricarica-veloce-60w-oakland-6in1-12m-rplastica-rcs-bianco\/\" \/>\n<meta property=\"og:site_name\" content=\"Urban Vitamin\" \/>\n<meta property=\"og:image\" content=\"https:\/\/urban-vitamin.com\/wp-content\/uploads\/sites\/5\/2024\/02\/P302.703__S_0__cfa440153af54facafcd7f5626b71897.jpg\" \/>\n\t<meta property=\"og:image:width\" content=\"1024\" \/>\n\t<meta property=\"og:image:height\" content=\"1024\" \/>\n\t<meta property=\"og:image:type\" content=\"image\/jpeg\" \/>\n<meta name=\"twitter:card\" content=\"summary_large_image\" \/>\n<meta name=\"twitter:label1\" content=\"Tempo di lettura stimato\" \/>\n\t<meta name=\"twitter:data1\" content=\"1 minuto\" \/>\n<script type=\"application\/ld+json\" class=\"yoast-schema-graph\">{\"@context\":\"https:\/\/schema.org\",\"@graph\":[{\"@type\":\"WebPage\",\"@id\":\"https:\/\/urban-vitamin.com\/it\/prodotto\/cavo-di-ricarica-veloce-60w-oakland-6in1-12m-rplastica-rcs-bianco\/\",\"url\":\"https:\/\/urban-vitamin.com\/it\/prodotto\/cavo-di-ricarica-veloce-60w-oakland-6in1-12m-rplastica-rcs-bianco\/\",\"name\":\"Cavo di ricarica veloce 60W Oakland 6in1, 1,2m rplastica RCS, bianco - Urban Vitamin\",\"isPartOf\":{\"@id\":\"https:\/\/urban-vitamin.com\/it\/#website\"},\"primaryImageOfPage\":{\"@id\":\"https:\/\/urban-vitamin.com\/it\/prodotto\/cavo-di-ricarica-veloce-60w-oakland-6in1-12m-rplastica-rcs-bianco\/#primaryimage\"},\"image\":{\"@id\":\"https:\/\/urban-vitamin.com\/it\/prodotto\/cavo-di-ricarica-veloce-60w-oakland-6in1-12m-rplastica-rcs-bianco\/#primaryimage\"},\"thumbnailUrl\":\"https:\/\/urban-vitamin.com\/wp-content\/uploads\/sites\/5\/2024\/02\/P302.703__S_0__cfa440153af54facafcd7f5626b71897.jpg\",\"datePublished\":\"2026-03-12T01:06:04+00:00\",\"breadcrumb\":{\"@id\":\"https:\/\/urban-vitamin.com\/it\/prodotto\/cavo-di-ricarica-veloce-60w-oakland-6in1-12m-rplastica-rcs-bianco\/#breadcrumb\"},\"inLanguage\":\"it-IT\",\"potentialAction\":[{\"@type\":\"ReadAction\",\"target\":[\"https:\/\/urban-vitamin.com\/it\/prodotto\/cavo-di-ricarica-veloce-60w-oakland-6in1-12m-rplastica-rcs-bianco\/\"]}]},{\"@type\":\"ImageObject\",\"inLanguage\":\"it-IT\",\"@id\":\"https:\/\/urban-vitamin.com\/it\/prodotto\/cavo-di-ricarica-veloce-60w-oakland-6in1-12m-rplastica-rcs-bianco\/#primaryimage\",\"url\":\"https:\/\/urban-vitamin.com\/wp-content\/uploads\/sites\/5\/2024\/02\/P302.703__S_0__cfa440153af54facafcd7f5626b71897.jpg\",\"contentUrl\":\"https:\/\/urban-vitamin.com\/wp-content\/uploads\/sites\/5\/2024\/02\/P302.703__S_0__cfa440153af54facafcd7f5626b71897.jpg\",\"width\":1024,\"height\":1024},{\"@type\":\"BreadcrumbList\",\"@id\":\"https:\/\/urban-vitamin.com\/it\/prodotto\/cavo-di-ricarica-veloce-60w-oakland-6in1-12m-rplastica-rcs-bianco\/#breadcrumb\",\"itemListElement\":[{\"@type\":\"ListItem\",\"position\":1,\"name\":\"Home\",\"item\":\"https:\/\/urban-vitamin.com\/it\/\"},{\"@type\":\"ListItem\",\"position\":2,\"name\":\"Collezione\",\"item\":\"https:\/\/urban-vitamin.com\/it\/collezione\/\"},{\"@type\":\"ListItem\",\"position\":3,\"name\":\"Cavo di ricarica veloce 60W Oakland 6in1, 1,2m rplastica RCS, bianco\"}]},{\"@type\":\"WebSite\",\"@id\":\"https:\/\/urban-vitamin.com\/it\/#website\",\"url\":\"https:\/\/urban-vitamin.com\/it\/\",\"name\":\"Urban Vitamin\",\"description\":\"Enjoy your daily dose of Urban Vitamin!\",\"potentialAction\":[{\"@type\":\"SearchAction\",\"target\":{\"@type\":\"EntryPoint\",\"urlTemplate\":\"https:\/\/urban-vitamin.com\/it\/?s={search_term_string}\"},\"query-input\":{\"@type\":\"PropertyValueSpecification\",\"valueRequired\":true,\"valueName\":\"search_term_string\"}}],\"inLanguage\":\"it-IT\"}]}<\/script>\n<!-- \/ Yoast SEO plugin. -->","yoast_head_json":{"title":"Cavo di ricarica veloce 60W Oakland 6in1, 1,2m rplastica RCS, bianco - Urban Vitamin","robots":{"index":"index","follow":"follow","max-snippet":"max-snippet:-1","max-image-preview":"max-image-preview:large","max-video-preview":"max-video-preview:-1"},"canonical":"https:\/\/urban-vitamin.com\/it\/prodotto\/cavo-di-ricarica-veloce-60w-oakland-6in1-12m-rplastica-rcs-bianco\/","og_locale":"it_IT","og_type":"article","og_title":"Cavo di ricarica veloce 60W Oakland 6in1, 1,2m rplastica RCS, bianco - Urban Vitamin","og_description":"Ricarica sempre alla massima velocit\u00e0 grazie al cavo Oakland. La custodia \u00e8 realizzata al 100% in plastica TPE riciclata certificata RCS, il filo in TPE riciclato al 100% e strato esterno in PET riciclato al 100%. RCS (Recycled Claim Standard) \u00e8 uno standard per verificare il contenuto riciclato di un prodotto lungo l&#8217;intera filiera. RCS [&hellip;]","og_url":"https:\/\/urban-vitamin.com\/it\/prodotto\/cavo-di-ricarica-veloce-60w-oakland-6in1-12m-rplastica-rcs-bianco\/","og_site_name":"Urban Vitamin","og_image":[{"width":1024,"height":1024,"url":"https:\/\/urban-vitamin.com\/wp-content\/uploads\/sites\/5\/2024\/02\/P302.703__S_0__cfa440153af54facafcd7f5626b71897.jpg","type":"image\/jpeg"}],"twitter_card":"summary_large_image","twitter_misc":{"Tempo di lettura stimato":"1 minuto"},"schema":{"@context":"https:\/\/schema.org","@graph":[{"@type":"WebPage","@id":"https:\/\/urban-vitamin.com\/it\/prodotto\/cavo-di-ricarica-veloce-60w-oakland-6in1-12m-rplastica-rcs-bianco\/","url":"https:\/\/urban-vitamin.com\/it\/prodotto\/cavo-di-ricarica-veloce-60w-oakland-6in1-12m-rplastica-rcs-bianco\/","name":"Cavo di ricarica veloce 60W Oakland 6in1, 1,2m rplastica RCS, bianco - Urban Vitamin","isPartOf":{"@id":"https:\/\/urban-vitamin.com\/it\/#website"},"primaryImageOfPage":{"@id":"https:\/\/urban-vitamin.com\/it\/prodotto\/cavo-di-ricarica-veloce-60w-oakland-6in1-12m-rplastica-rcs-bianco\/#primaryimage"},"image":{"@id":"https:\/\/urban-vitamin.com\/it\/prodotto\/cavo-di-ricarica-veloce-60w-oakland-6in1-12m-rplastica-rcs-bianco\/#primaryimage"},"thumbnailUrl":"https:\/\/urban-vitamin.com\/wp-content\/uploads\/sites\/5\/2024\/02\/P302.703__S_0__cfa440153af54facafcd7f5626b71897.jpg","datePublished":"2026-03-12T01:06:04+00:00","breadcrumb":{"@id":"https:\/\/urban-vitamin.com\/it\/prodotto\/cavo-di-ricarica-veloce-60w-oakland-6in1-12m-rplastica-rcs-bianco\/#breadcrumb"},"inLanguage":"it-IT","potentialAction":[{"@type":"ReadAction","target":["https:\/\/urban-vitamin.com\/it\/prodotto\/cavo-di-ricarica-veloce-60w-oakland-6in1-12m-rplastica-rcs-bianco\/"]}]},{"@type":"ImageObject","inLanguage":"it-IT","@id":"https:\/\/urban-vitamin.com\/it\/prodotto\/cavo-di-ricarica-veloce-60w-oakland-6in1-12m-rplastica-rcs-bianco\/#primaryimage","url":"https:\/\/urban-vitamin.com\/wp-content\/uploads\/sites\/5\/2024\/02\/P302.703__S_0__cfa440153af54facafcd7f5626b71897.jpg","contentUrl":"https:\/\/urban-vitamin.com\/wp-content\/uploads\/sites\/5\/2024\/02\/P302.703__S_0__cfa440153af54facafcd7f5626b71897.jpg","width":1024,"height":1024},{"@type":"BreadcrumbList","@id":"https:\/\/urban-vitamin.com\/it\/prodotto\/cavo-di-ricarica-veloce-60w-oakland-6in1-12m-rplastica-rcs-bianco\/#breadcrumb","itemListElement":[{"@type":"ListItem","position":1,"name":"Home","item":"https:\/\/urban-vitamin.com\/it\/"},{"@type":"ListItem","position":2,"name":"Collezione","item":"https:\/\/urban-vitamin.com\/it\/collezione\/"},{"@type":"ListItem","position":3,"name":"Cavo di ricarica veloce 60W Oakland 6in1, 1,2m rplastica RCS, bianco"}]},{"@type":"WebSite","@id":"https:\/\/urban-vitamin.com\/it\/#website","url":"https:\/\/urban-vitamin.com\/it\/","name":"Urban Vitamin","description":"Enjoy your daily dose of Urban Vitamin!","potentialAction":[{"@type":"SearchAction","target":{"@type":"EntryPoint","urlTemplate":"https:\/\/urban-vitamin.com\/it\/?s={search_term_string}"},"query-input":{"@type":"PropertyValueSpecification","valueRequired":true,"valueName":"search_term_string"}}],"inLanguage":"it-IT"}]}},"_links":{"self":[{"href":"https:\/\/urban-vitamin.com\/it\/wp-json\/wp\/v2\/product\/7303","targetHints":{"allow":["GET"]}}],"collection":[{"href":"https:\/\/urban-vitamin.com\/it\/wp-json\/wp\/v2\/product"}],"about":[{"href":"https:\/\/urban-vitamin.com\/it\/wp-json\/wp\/v2\/types\/product"}],"replies":[{"embeddable":true,"href":"https:\/\/urban-vitamin.com\/it\/wp-json\/wp\/v2\/comments?post=7303"}],"wp:featuredmedia":[{"embeddable":true,"href":"https:\/\/urban-vitamin.com\/it\/wp-json\/wp\/v2\/media\/12193"}],"wp:attachment":[{"href":"https:\/\/urban-vitamin.com\/it\/wp-json\/wp\/v2\/media?parent=7303"}],"wp:term":[{"taxonomy":"product_cat","embeddable":true,"href":"https:\/\/urban-vitamin.com\/it\/wp-json\/wp\/v2\/product_cat?post=7303"},{"taxonomy":"product_tag","embeddable":true,"href":"https:\/\/urban-vitamin.com\/it\/wp-json\/wp\/v2\/product_tag?post=7303"}],"curies":[{"name":"wp","href":"https:\/\/api.w.org\/{rel}","templated":true}]}}