{"id":26946,"date":"2026-03-25T01:06:10","date_gmt":"2026-03-25T01:06:10","guid":{"rendered":"https:\/\/urban-vitamin.com\/powerbank-magnetica-5000-mah-qi2-2-25w-urban-vitamin-pomona-color-argento\/"},"modified":"2026-03-25T00:42:08","modified_gmt":"2026-03-25T00:42:08","slug":"powerbank-magnetica-5000-mah-qi2-2-25w-urban-vitamin-pomona-color-argento","status":"publish","type":"product","link":"https:\/\/urban-vitamin.com\/it\/prodotto\/powerbank-magnetica-5000-mah-qi2-2-25w-urban-vitamin-pomona-color-argento\/","title":{"rendered":"Powerbank magnetica 5000 mAh Qi2.2 25W Urban Vitamin Pomona, color argento"},"content":{"rendered":"<p>Grazie all&#8217;avanzata tecnologia magnetica QI2.2, Pomona si aggancia saldamente a qualsiasi dispositivo abilitato QI2, fornendo una ricarica wireless ultraveloce da 25W. Per una spinta in pi\u00f9, Pomona offre un&#8217;uscita cablata type-C da 30W e una ricarica rapida da 20W per ricaricare velocemente la powerbank stessa. Basta agganciare Pomona e la ricarica inizia immediatamente. Il lato rivolto verso il telefono \u00e8 in silicone super morbido per proteggere il dispositivo dai graffi, mentre il retro in alluminio di alta qualit\u00e0 forma un design elegante e ultrasottile di 8,3 mm. La sua batteria semisolida da 5000 mAh di alta qualit\u00e0, composta al 100% da cobalto, offre maggiore sicurezza, prestazioni stabili e fino a 1000 cicli di ricarica.<br \/>\nPomona \u00e8 inoltre completamente omologata per il trasporto a bordo di qualsiasi aereo. Realizzata con alluminio riciclato certificato RCS (Recycled Claim Standard), silicone riciclato e PC riciclato.<\/p>\n","protected":false},"excerpt":{"rendered":"<p>Grazie all&#8217;avanzata tecnologia magnetica QI2.2, Pomona si aggancia saldamente a qualsiasi dispositivo abilitato QI2, fornendo una ricarica wireless ultraveloce da 25W. Per una spinta in pi\u00f9, Pomona offre un&#8217;uscita cablata type-C da 30W e una ricarica rapida da 20W per ricaricare velocemente la powerbank stessa. Basta agganciare Pomona e la ricarica inizia immediatamente. Il lato [&hellip;]<\/p>\n","protected":false},"featured_media":27453,"comment_status":"closed","ping_status":"closed","template":"","meta":{"_acf_changed":false,"om_disable_all_campaigns":false},"product_cat":[88],"product_tag":[],"class_list":["post-26946","product","type-product","status-publish","has-post-thumbnail","hentry","product_cat-uncategorized","pa_color-silver"],"acf":[],"yoast_head":"<!-- This site is optimized with the Yoast SEO plugin v27.0 - https:\/\/yoast.com\/product\/yoast-seo-wordpress\/ -->\n<title>Powerbank magnetica 5000 mAh Qi2.2 25W Urban Vitamin Pomona, color argento - Urban Vitamin<\/title>\n<meta name=\"robots\" content=\"index, follow, max-snippet:-1, max-image-preview:large, max-video-preview:-1\" \/>\n<link rel=\"canonical\" href=\"https:\/\/urban-vitamin.com\/it\/prodotto\/powerbank-magnetica-5000-mah-qi2-2-25w-urban-vitamin-pomona-color-argento\/\" \/>\n<meta property=\"og:locale\" content=\"it_IT\" \/>\n<meta property=\"og:type\" content=\"article\" \/>\n<meta property=\"og:title\" content=\"Powerbank magnetica 5000 mAh Qi2.2 25W Urban Vitamin Pomona, color argento - Urban Vitamin\" \/>\n<meta property=\"og:description\" content=\"Grazie all&#8217;avanzata tecnologia magnetica QI2.2, Pomona si aggancia saldamente a qualsiasi dispositivo abilitato QI2, fornendo una ricarica wireless ultraveloce da 25W. Per una spinta in pi\u00f9, Pomona offre un&#8217;uscita cablata type-C da 30W e una ricarica rapida da 20W per ricaricare velocemente la powerbank stessa. Basta agganciare Pomona e la ricarica inizia immediatamente. Il lato [&hellip;]\" \/>\n<meta property=\"og:url\" content=\"https:\/\/urban-vitamin.com\/it\/prodotto\/powerbank-magnetica-5000-mah-qi2-2-25w-urban-vitamin-pomona-color-argento\/\" \/>\n<meta property=\"og:site_name\" content=\"Urban Vitamin\" \/>\n<meta property=\"og:image\" content=\"https:\/\/urban-vitamin.com\/wp-content\/uploads\/sites\/5\/2026\/03\/P322.9202__S_0__855697ceda144c769fc159d438f47953.jpg\" \/>\n\t<meta property=\"og:image:width\" content=\"1024\" \/>\n\t<meta property=\"og:image:height\" content=\"1024\" \/>\n\t<meta property=\"og:image:type\" content=\"image\/jpeg\" \/>\n<meta name=\"twitter:card\" content=\"summary_large_image\" \/>\n<meta name=\"twitter:label1\" content=\"Tempo di lettura stimato\" \/>\n\t<meta name=\"twitter:data1\" content=\"1 minuto\" \/>\n<script type=\"application\/ld+json\" class=\"yoast-schema-graph\">{\"@context\":\"https:\/\/schema.org\",\"@graph\":[{\"@type\":\"WebPage\",\"@id\":\"https:\/\/urban-vitamin.com\/it\/prodotto\/powerbank-magnetica-5000-mah-qi2-2-25w-urban-vitamin-pomona-color-argento\/\",\"url\":\"https:\/\/urban-vitamin.com\/it\/prodotto\/powerbank-magnetica-5000-mah-qi2-2-25w-urban-vitamin-pomona-color-argento\/\",\"name\":\"Powerbank magnetica 5000 mAh Qi2.2 25W Urban Vitamin Pomona, color argento - Urban Vitamin\",\"isPartOf\":{\"@id\":\"https:\/\/urban-vitamin.com\/it\/#website\"},\"primaryImageOfPage\":{\"@id\":\"https:\/\/urban-vitamin.com\/it\/prodotto\/powerbank-magnetica-5000-mah-qi2-2-25w-urban-vitamin-pomona-color-argento\/#primaryimage\"},\"image\":{\"@id\":\"https:\/\/urban-vitamin.com\/it\/prodotto\/powerbank-magnetica-5000-mah-qi2-2-25w-urban-vitamin-pomona-color-argento\/#primaryimage\"},\"thumbnailUrl\":\"https:\/\/urban-vitamin.com\/wp-content\/uploads\/sites\/5\/2026\/03\/P322.9202__S_0__855697ceda144c769fc159d438f47953.jpg\",\"datePublished\":\"2026-03-25T01:06:10+00:00\",\"breadcrumb\":{\"@id\":\"https:\/\/urban-vitamin.com\/it\/prodotto\/powerbank-magnetica-5000-mah-qi2-2-25w-urban-vitamin-pomona-color-argento\/#breadcrumb\"},\"inLanguage\":\"it-IT\",\"potentialAction\":[{\"@type\":\"ReadAction\",\"target\":[\"https:\/\/urban-vitamin.com\/it\/prodotto\/powerbank-magnetica-5000-mah-qi2-2-25w-urban-vitamin-pomona-color-argento\/\"]}]},{\"@type\":\"ImageObject\",\"inLanguage\":\"it-IT\",\"@id\":\"https:\/\/urban-vitamin.com\/it\/prodotto\/powerbank-magnetica-5000-mah-qi2-2-25w-urban-vitamin-pomona-color-argento\/#primaryimage\",\"url\":\"https:\/\/urban-vitamin.com\/wp-content\/uploads\/sites\/5\/2026\/03\/P322.9202__S_0__855697ceda144c769fc159d438f47953.jpg\",\"contentUrl\":\"https:\/\/urban-vitamin.com\/wp-content\/uploads\/sites\/5\/2026\/03\/P322.9202__S_0__855697ceda144c769fc159d438f47953.jpg\",\"width\":1024,\"height\":1024},{\"@type\":\"BreadcrumbList\",\"@id\":\"https:\/\/urban-vitamin.com\/it\/prodotto\/powerbank-magnetica-5000-mah-qi2-2-25w-urban-vitamin-pomona-color-argento\/#breadcrumb\",\"itemListElement\":[{\"@type\":\"ListItem\",\"position\":1,\"name\":\"Home\",\"item\":\"https:\/\/urban-vitamin.com\/it\/\"},{\"@type\":\"ListItem\",\"position\":2,\"name\":\"Collezione\",\"item\":\"https:\/\/urban-vitamin.com\/it\/collezione\/\"},{\"@type\":\"ListItem\",\"position\":3,\"name\":\"Powerbank magnetica 5000 mAh Qi2.2 25W Urban Vitamin Pomona, color argento\"}]},{\"@type\":\"WebSite\",\"@id\":\"https:\/\/urban-vitamin.com\/it\/#website\",\"url\":\"https:\/\/urban-vitamin.com\/it\/\",\"name\":\"Urban Vitamin\",\"description\":\"Enjoy your daily dose of Urban Vitamin!\",\"potentialAction\":[{\"@type\":\"SearchAction\",\"target\":{\"@type\":\"EntryPoint\",\"urlTemplate\":\"https:\/\/urban-vitamin.com\/it\/?s={search_term_string}\"},\"query-input\":{\"@type\":\"PropertyValueSpecification\",\"valueRequired\":true,\"valueName\":\"search_term_string\"}}],\"inLanguage\":\"it-IT\"}]}<\/script>\n<!-- \/ Yoast SEO plugin. -->","yoast_head_json":{"title":"Powerbank magnetica 5000 mAh Qi2.2 25W Urban Vitamin Pomona, color argento - Urban Vitamin","robots":{"index":"index","follow":"follow","max-snippet":"max-snippet:-1","max-image-preview":"max-image-preview:large","max-video-preview":"max-video-preview:-1"},"canonical":"https:\/\/urban-vitamin.com\/it\/prodotto\/powerbank-magnetica-5000-mah-qi2-2-25w-urban-vitamin-pomona-color-argento\/","og_locale":"it_IT","og_type":"article","og_title":"Powerbank magnetica 5000 mAh Qi2.2 25W Urban Vitamin Pomona, color argento - Urban Vitamin","og_description":"Grazie all&#8217;avanzata tecnologia magnetica QI2.2, Pomona si aggancia saldamente a qualsiasi dispositivo abilitato QI2, fornendo una ricarica wireless ultraveloce da 25W. Per una spinta in pi\u00f9, Pomona offre un&#8217;uscita cablata type-C da 30W e una ricarica rapida da 20W per ricaricare velocemente la powerbank stessa. Basta agganciare Pomona e la ricarica inizia immediatamente. Il lato [&hellip;]","og_url":"https:\/\/urban-vitamin.com\/it\/prodotto\/powerbank-magnetica-5000-mah-qi2-2-25w-urban-vitamin-pomona-color-argento\/","og_site_name":"Urban Vitamin","og_image":[{"width":1024,"height":1024,"url":"https:\/\/urban-vitamin.com\/wp-content\/uploads\/sites\/5\/2026\/03\/P322.9202__S_0__855697ceda144c769fc159d438f47953.jpg","type":"image\/jpeg"}],"twitter_card":"summary_large_image","twitter_misc":{"Tempo di lettura stimato":"1 minuto"},"schema":{"@context":"https:\/\/schema.org","@graph":[{"@type":"WebPage","@id":"https:\/\/urban-vitamin.com\/it\/prodotto\/powerbank-magnetica-5000-mah-qi2-2-25w-urban-vitamin-pomona-color-argento\/","url":"https:\/\/urban-vitamin.com\/it\/prodotto\/powerbank-magnetica-5000-mah-qi2-2-25w-urban-vitamin-pomona-color-argento\/","name":"Powerbank magnetica 5000 mAh Qi2.2 25W Urban Vitamin Pomona, color argento - Urban Vitamin","isPartOf":{"@id":"https:\/\/urban-vitamin.com\/it\/#website"},"primaryImageOfPage":{"@id":"https:\/\/urban-vitamin.com\/it\/prodotto\/powerbank-magnetica-5000-mah-qi2-2-25w-urban-vitamin-pomona-color-argento\/#primaryimage"},"image":{"@id":"https:\/\/urban-vitamin.com\/it\/prodotto\/powerbank-magnetica-5000-mah-qi2-2-25w-urban-vitamin-pomona-color-argento\/#primaryimage"},"thumbnailUrl":"https:\/\/urban-vitamin.com\/wp-content\/uploads\/sites\/5\/2026\/03\/P322.9202__S_0__855697ceda144c769fc159d438f47953.jpg","datePublished":"2026-03-25T01:06:10+00:00","breadcrumb":{"@id":"https:\/\/urban-vitamin.com\/it\/prodotto\/powerbank-magnetica-5000-mah-qi2-2-25w-urban-vitamin-pomona-color-argento\/#breadcrumb"},"inLanguage":"it-IT","potentialAction":[{"@type":"ReadAction","target":["https:\/\/urban-vitamin.com\/it\/prodotto\/powerbank-magnetica-5000-mah-qi2-2-25w-urban-vitamin-pomona-color-argento\/"]}]},{"@type":"ImageObject","inLanguage":"it-IT","@id":"https:\/\/urban-vitamin.com\/it\/prodotto\/powerbank-magnetica-5000-mah-qi2-2-25w-urban-vitamin-pomona-color-argento\/#primaryimage","url":"https:\/\/urban-vitamin.com\/wp-content\/uploads\/sites\/5\/2026\/03\/P322.9202__S_0__855697ceda144c769fc159d438f47953.jpg","contentUrl":"https:\/\/urban-vitamin.com\/wp-content\/uploads\/sites\/5\/2026\/03\/P322.9202__S_0__855697ceda144c769fc159d438f47953.jpg","width":1024,"height":1024},{"@type":"BreadcrumbList","@id":"https:\/\/urban-vitamin.com\/it\/prodotto\/powerbank-magnetica-5000-mah-qi2-2-25w-urban-vitamin-pomona-color-argento\/#breadcrumb","itemListElement":[{"@type":"ListItem","position":1,"name":"Home","item":"https:\/\/urban-vitamin.com\/it\/"},{"@type":"ListItem","position":2,"name":"Collezione","item":"https:\/\/urban-vitamin.com\/it\/collezione\/"},{"@type":"ListItem","position":3,"name":"Powerbank magnetica 5000 mAh Qi2.2 25W Urban Vitamin Pomona, color argento"}]},{"@type":"WebSite","@id":"https:\/\/urban-vitamin.com\/it\/#website","url":"https:\/\/urban-vitamin.com\/it\/","name":"Urban Vitamin","description":"Enjoy your daily dose of Urban Vitamin!","potentialAction":[{"@type":"SearchAction","target":{"@type":"EntryPoint","urlTemplate":"https:\/\/urban-vitamin.com\/it\/?s={search_term_string}"},"query-input":{"@type":"PropertyValueSpecification","valueRequired":true,"valueName":"search_term_string"}}],"inLanguage":"it-IT"}]}},"_links":{"self":[{"href":"https:\/\/urban-vitamin.com\/it\/wp-json\/wp\/v2\/product\/26946","targetHints":{"allow":["GET"]}}],"collection":[{"href":"https:\/\/urban-vitamin.com\/it\/wp-json\/wp\/v2\/product"}],"about":[{"href":"https:\/\/urban-vitamin.com\/it\/wp-json\/wp\/v2\/types\/product"}],"replies":[{"embeddable":true,"href":"https:\/\/urban-vitamin.com\/it\/wp-json\/wp\/v2\/comments?post=26946"}],"wp:featuredmedia":[{"embeddable":true,"href":"https:\/\/urban-vitamin.com\/it\/wp-json\/wp\/v2\/media\/27453"}],"wp:attachment":[{"href":"https:\/\/urban-vitamin.com\/it\/wp-json\/wp\/v2\/media?parent=26946"}],"wp:term":[{"taxonomy":"product_cat","embeddable":true,"href":"https:\/\/urban-vitamin.com\/it\/wp-json\/wp\/v2\/product_cat?post=26946"},{"taxonomy":"product_tag","embeddable":true,"href":"https:\/\/urban-vitamin.com\/it\/wp-json\/wp\/v2\/product_tag?post=26946"}],"curies":[{"name":"wp","href":"https:\/\/api.w.org\/{rel}","templated":true}]}}