{"id":26769,"date":"2026-03-12T01:06:37","date_gmt":"2026-03-12T01:06:37","guid":{"rendered":"https:\/\/urban-vitamin.com\/powerbank-20-000mah-45w-urban-vitamin-san-mateo-nero\/"},"modified":"2026-03-12T00:40:32","modified_gmt":"2026-03-12T00:40:32","slug":"owerbank-20-000mah-45w-san-mateo-nero","status":"publish","type":"product","link":"https:\/\/urban-vitamin.com\/it\/prodotto\/owerbank-20-000mah-45w-san-mateo-nero\/","title":{"rendered":"owerbank 20.000mah 45W San Mateo, nero"},"content":{"rendered":"<p>Il tuo cavo \u00e8 sempre con te cos\u00ec come la carica. San Mateo \u00e8 una powerbank da 20.000 mAh che ti consente di ricaricare tutti i tuoi dispositivi mobili alla massima velocit\u00e0 e con la massima praticit\u00e0. Grazie al cavo type C retrattile integrato da 70 cm, non dovrai pi\u00f9 cercarne uno. San Mateo non solo ricarica alla velocit\u00e0 della luce, ma offre anche il modo pi\u00f9 rapido possibile per ricaricare il powerbank stesso, che si ricarica completamente in poche ore. \u00c8 dotato di due uscite type C e una USB A, che consentono di ricaricare tre dispositivi contemporaneamente. Due tramite le porte type C\/USB A e uno utilizzando il cavo integrato. Entrambe le porte type C supportano la ricarica PD super veloce fino a 45W, rendendola abbastanza potente anche per i dispositivi che richiedono un po&#8217; pi\u00f9 di energia. San Mateo \u00e8 realizzato con ABS e PC riciclati certificati RCS (Recycled Claim Standard). Contenuto totale riciclato: 19% rispetto al peso totale dell&#8217;articolo. Gli articoli Urban Vitamin sono<\/p>\n","protected":false},"excerpt":{"rendered":"<p>Il tuo cavo \u00e8 sempre con te cos\u00ec come la carica. San Mateo \u00e8 una powerbank da 20.000 mAh che ti consente di ricaricare tutti i tuoi dispositivi mobili alla massima velocit\u00e0 e con la massima praticit\u00e0. Grazie al cavo type C retrattile integrato da 70 cm, non dovrai pi\u00f9 cercarne uno. San Mateo non [&hellip;]<\/p>\n","protected":false},"featured_media":26798,"comment_status":"closed","ping_status":"closed","template":"","meta":{"_acf_changed":false,"om_disable_all_campaigns":false},"product_cat":[99],"product_tag":[],"class_list":["post-26769","product","type-product","status-publish","has-post-thumbnail","hentry","product_cat-powerbank","pa_color-black"],"acf":[],"yoast_head":"<!-- This site is optimized with the Yoast SEO plugin v27.0 - https:\/\/yoast.com\/product\/yoast-seo-wordpress\/ -->\n<title>owerbank 20.000mah 45W San Mateo, nero - Urban Vitamin<\/title>\n<meta name=\"robots\" content=\"index, follow, max-snippet:-1, max-image-preview:large, max-video-preview:-1\" \/>\n<link rel=\"canonical\" href=\"https:\/\/urban-vitamin.com\/it\/prodotto\/owerbank-20-000mah-45w-san-mateo-nero\/\" \/>\n<meta property=\"og:locale\" content=\"it_IT\" \/>\n<meta property=\"og:type\" content=\"article\" \/>\n<meta property=\"og:title\" content=\"owerbank 20.000mah 45W San Mateo, nero - Urban Vitamin\" \/>\n<meta property=\"og:description\" content=\"Il tuo cavo \u00e8 sempre con te cos\u00ec come la carica. San Mateo \u00e8 una powerbank da 20.000 mAh che ti consente di ricaricare tutti i tuoi dispositivi mobili alla massima velocit\u00e0 e con la massima praticit\u00e0. Grazie al cavo type C retrattile integrato da 70 cm, non dovrai pi\u00f9 cercarne uno. San Mateo non [&hellip;]\" \/>\n<meta property=\"og:url\" content=\"https:\/\/urban-vitamin.com\/it\/prodotto\/owerbank-20-000mah-45w-san-mateo-nero\/\" \/>\n<meta property=\"og:site_name\" content=\"Urban Vitamin\" \/>\n<meta property=\"og:image\" content=\"https:\/\/urban-vitamin.com\/wp-content\/uploads\/sites\/5\/2026\/01\/P322.7401__S_0__e1380b90a03c4d9d8fe3d9da1c0b9b67.jpg\" \/>\n\t<meta property=\"og:image:width\" content=\"1024\" \/>\n\t<meta property=\"og:image:height\" content=\"1024\" \/>\n\t<meta property=\"og:image:type\" content=\"image\/jpeg\" \/>\n<meta name=\"twitter:card\" content=\"summary_large_image\" \/>\n<meta name=\"twitter:label1\" content=\"Tempo di lettura stimato\" \/>\n\t<meta name=\"twitter:data1\" content=\"1 minuto\" \/>\n<script type=\"application\/ld+json\" class=\"yoast-schema-graph\">{\"@context\":\"https:\/\/schema.org\",\"@graph\":[{\"@type\":\"WebPage\",\"@id\":\"https:\/\/urban-vitamin.com\/it\/prodotto\/owerbank-20-000mah-45w-san-mateo-nero\/\",\"url\":\"https:\/\/urban-vitamin.com\/it\/prodotto\/owerbank-20-000mah-45w-san-mateo-nero\/\",\"name\":\"owerbank 20.000mah 45W San Mateo, nero - Urban Vitamin\",\"isPartOf\":{\"@id\":\"https:\/\/urban-vitamin.com\/it\/#website\"},\"primaryImageOfPage\":{\"@id\":\"https:\/\/urban-vitamin.com\/it\/prodotto\/owerbank-20-000mah-45w-san-mateo-nero\/#primaryimage\"},\"image\":{\"@id\":\"https:\/\/urban-vitamin.com\/it\/prodotto\/owerbank-20-000mah-45w-san-mateo-nero\/#primaryimage\"},\"thumbnailUrl\":\"https:\/\/urban-vitamin.com\/wp-content\/uploads\/sites\/5\/2026\/01\/P322.7401__S_0__e1380b90a03c4d9d8fe3d9da1c0b9b67.jpg\",\"datePublished\":\"2026-03-12T01:06:37+00:00\",\"breadcrumb\":{\"@id\":\"https:\/\/urban-vitamin.com\/it\/prodotto\/owerbank-20-000mah-45w-san-mateo-nero\/#breadcrumb\"},\"inLanguage\":\"it-IT\",\"potentialAction\":[{\"@type\":\"ReadAction\",\"target\":[\"https:\/\/urban-vitamin.com\/it\/prodotto\/owerbank-20-000mah-45w-san-mateo-nero\/\"]}]},{\"@type\":\"ImageObject\",\"inLanguage\":\"it-IT\",\"@id\":\"https:\/\/urban-vitamin.com\/it\/prodotto\/owerbank-20-000mah-45w-san-mateo-nero\/#primaryimage\",\"url\":\"https:\/\/urban-vitamin.com\/wp-content\/uploads\/sites\/5\/2026\/01\/P322.7401__S_0__e1380b90a03c4d9d8fe3d9da1c0b9b67.jpg\",\"contentUrl\":\"https:\/\/urban-vitamin.com\/wp-content\/uploads\/sites\/5\/2026\/01\/P322.7401__S_0__e1380b90a03c4d9d8fe3d9da1c0b9b67.jpg\",\"width\":1024,\"height\":1024},{\"@type\":\"BreadcrumbList\",\"@id\":\"https:\/\/urban-vitamin.com\/it\/prodotto\/owerbank-20-000mah-45w-san-mateo-nero\/#breadcrumb\",\"itemListElement\":[{\"@type\":\"ListItem\",\"position\":1,\"name\":\"Home\",\"item\":\"https:\/\/urban-vitamin.com\/it\/\"},{\"@type\":\"ListItem\",\"position\":2,\"name\":\"Collezione\",\"item\":\"https:\/\/urban-vitamin.com\/it\/collezione\/\"},{\"@type\":\"ListItem\",\"position\":3,\"name\":\"owerbank 20.000mah 45W San Mateo, nero\"}]},{\"@type\":\"WebSite\",\"@id\":\"https:\/\/urban-vitamin.com\/it\/#website\",\"url\":\"https:\/\/urban-vitamin.com\/it\/\",\"name\":\"Urban Vitamin\",\"description\":\"Enjoy your daily dose of Urban Vitamin!\",\"potentialAction\":[{\"@type\":\"SearchAction\",\"target\":{\"@type\":\"EntryPoint\",\"urlTemplate\":\"https:\/\/urban-vitamin.com\/it\/?s={search_term_string}\"},\"query-input\":{\"@type\":\"PropertyValueSpecification\",\"valueRequired\":true,\"valueName\":\"search_term_string\"}}],\"inLanguage\":\"it-IT\"}]}<\/script>\n<!-- \/ Yoast SEO plugin. -->","yoast_head_json":{"title":"owerbank 20.000mah 45W San Mateo, nero - Urban Vitamin","robots":{"index":"index","follow":"follow","max-snippet":"max-snippet:-1","max-image-preview":"max-image-preview:large","max-video-preview":"max-video-preview:-1"},"canonical":"https:\/\/urban-vitamin.com\/it\/prodotto\/owerbank-20-000mah-45w-san-mateo-nero\/","og_locale":"it_IT","og_type":"article","og_title":"owerbank 20.000mah 45W San Mateo, nero - Urban Vitamin","og_description":"Il tuo cavo \u00e8 sempre con te cos\u00ec come la carica. San Mateo \u00e8 una powerbank da 20.000 mAh che ti consente di ricaricare tutti i tuoi dispositivi mobili alla massima velocit\u00e0 e con la massima praticit\u00e0. Grazie al cavo type C retrattile integrato da 70 cm, non dovrai pi\u00f9 cercarne uno. San Mateo non [&hellip;]","og_url":"https:\/\/urban-vitamin.com\/it\/prodotto\/owerbank-20-000mah-45w-san-mateo-nero\/","og_site_name":"Urban Vitamin","og_image":[{"width":1024,"height":1024,"url":"https:\/\/urban-vitamin.com\/wp-content\/uploads\/sites\/5\/2026\/01\/P322.7401__S_0__e1380b90a03c4d9d8fe3d9da1c0b9b67.jpg","type":"image\/jpeg"}],"twitter_card":"summary_large_image","twitter_misc":{"Tempo di lettura stimato":"1 minuto"},"schema":{"@context":"https:\/\/schema.org","@graph":[{"@type":"WebPage","@id":"https:\/\/urban-vitamin.com\/it\/prodotto\/owerbank-20-000mah-45w-san-mateo-nero\/","url":"https:\/\/urban-vitamin.com\/it\/prodotto\/owerbank-20-000mah-45w-san-mateo-nero\/","name":"owerbank 20.000mah 45W San Mateo, nero - Urban Vitamin","isPartOf":{"@id":"https:\/\/urban-vitamin.com\/it\/#website"},"primaryImageOfPage":{"@id":"https:\/\/urban-vitamin.com\/it\/prodotto\/owerbank-20-000mah-45w-san-mateo-nero\/#primaryimage"},"image":{"@id":"https:\/\/urban-vitamin.com\/it\/prodotto\/owerbank-20-000mah-45w-san-mateo-nero\/#primaryimage"},"thumbnailUrl":"https:\/\/urban-vitamin.com\/wp-content\/uploads\/sites\/5\/2026\/01\/P322.7401__S_0__e1380b90a03c4d9d8fe3d9da1c0b9b67.jpg","datePublished":"2026-03-12T01:06:37+00:00","breadcrumb":{"@id":"https:\/\/urban-vitamin.com\/it\/prodotto\/owerbank-20-000mah-45w-san-mateo-nero\/#breadcrumb"},"inLanguage":"it-IT","potentialAction":[{"@type":"ReadAction","target":["https:\/\/urban-vitamin.com\/it\/prodotto\/owerbank-20-000mah-45w-san-mateo-nero\/"]}]},{"@type":"ImageObject","inLanguage":"it-IT","@id":"https:\/\/urban-vitamin.com\/it\/prodotto\/owerbank-20-000mah-45w-san-mateo-nero\/#primaryimage","url":"https:\/\/urban-vitamin.com\/wp-content\/uploads\/sites\/5\/2026\/01\/P322.7401__S_0__e1380b90a03c4d9d8fe3d9da1c0b9b67.jpg","contentUrl":"https:\/\/urban-vitamin.com\/wp-content\/uploads\/sites\/5\/2026\/01\/P322.7401__S_0__e1380b90a03c4d9d8fe3d9da1c0b9b67.jpg","width":1024,"height":1024},{"@type":"BreadcrumbList","@id":"https:\/\/urban-vitamin.com\/it\/prodotto\/owerbank-20-000mah-45w-san-mateo-nero\/#breadcrumb","itemListElement":[{"@type":"ListItem","position":1,"name":"Home","item":"https:\/\/urban-vitamin.com\/it\/"},{"@type":"ListItem","position":2,"name":"Collezione","item":"https:\/\/urban-vitamin.com\/it\/collezione\/"},{"@type":"ListItem","position":3,"name":"owerbank 20.000mah 45W San Mateo, nero"}]},{"@type":"WebSite","@id":"https:\/\/urban-vitamin.com\/it\/#website","url":"https:\/\/urban-vitamin.com\/it\/","name":"Urban Vitamin","description":"Enjoy your daily dose of Urban Vitamin!","potentialAction":[{"@type":"SearchAction","target":{"@type":"EntryPoint","urlTemplate":"https:\/\/urban-vitamin.com\/it\/?s={search_term_string}"},"query-input":{"@type":"PropertyValueSpecification","valueRequired":true,"valueName":"search_term_string"}}],"inLanguage":"it-IT"}]}},"_links":{"self":[{"href":"https:\/\/urban-vitamin.com\/it\/wp-json\/wp\/v2\/product\/26769","targetHints":{"allow":["GET"]}}],"collection":[{"href":"https:\/\/urban-vitamin.com\/it\/wp-json\/wp\/v2\/product"}],"about":[{"href":"https:\/\/urban-vitamin.com\/it\/wp-json\/wp\/v2\/types\/product"}],"replies":[{"embeddable":true,"href":"https:\/\/urban-vitamin.com\/it\/wp-json\/wp\/v2\/comments?post=26769"}],"wp:featuredmedia":[{"embeddable":true,"href":"https:\/\/urban-vitamin.com\/it\/wp-json\/wp\/v2\/media\/26798"}],"wp:attachment":[{"href":"https:\/\/urban-vitamin.com\/it\/wp-json\/wp\/v2\/media?parent=26769"}],"wp:term":[{"taxonomy":"product_cat","embeddable":true,"href":"https:\/\/urban-vitamin.com\/it\/wp-json\/wp\/v2\/product_cat?post=26769"},{"taxonomy":"product_tag","embeddable":true,"href":"https:\/\/urban-vitamin.com\/it\/wp-json\/wp\/v2\/product_tag?post=26769"}],"curies":[{"name":"wp","href":"https:\/\/api.w.org\/{rel}","templated":true}]}}