{"id":26768,"date":"2026-03-12T01:06:37","date_gmt":"2026-03-12T01:06:37","guid":{"rendered":"https:\/\/urban-vitamin.com\/powerbank-10-000mah-20w-urban-vitamin-emeryville-nero\/"},"modified":"2026-03-12T00:40:31","modified_gmt":"2026-03-12T00:40:31","slug":"powerbank-10-000mah-20w-emeryville-nero","status":"publish","type":"product","link":"https:\/\/urban-vitamin.com\/it\/prodotto\/powerbank-10-000mah-20w-emeryville-nero\/","title":{"rendered":"Powerbank 10.000mah 20W Emeryville, nero"},"content":{"rendered":"<p>Emeryville \u00e8 una powerbank da 10.000 mAh che ti consente di ricaricare tutti i tuoi dispositivi mobili alla massima velocit\u00e0 e con la massima praticit\u00e0. Grazie al cavo type C retrattile integrato da 70 cm, non dovrai pi\u00f9 preoccuparti di cercarne uno. Emeryville non solo ricarica alla velocit\u00e0 della luce, ma offre anche il modo pi\u00f9 rapido possibile per ricaricare la powerbank stessa: solo 2 ore per una ricarica completa. \u00c8 dotato di doppio output type C, che consente di ricaricare due dispositivi contemporaneamente. Uno tramite la porta type C e uno tramite il cavo integrato. Entrambi supportano la ricarica PD super veloce fino a 20W. Emeryville \u00e8 realizzato in ABS e PC riciclati certificati RCS (Recycled Claim Standard). Contenuto totale riciclato: 24% rispetto al peso totale dell&#8217;articolo. Gli articoli Urban Vitamin sono realizzati senza PVC e confezionati in imballaggi con ridotto contenuto di plastica.<\/p>\n","protected":false},"excerpt":{"rendered":"<p>Emeryville \u00e8 una powerbank da 10.000 mAh che ti consente di ricaricare tutti i tuoi dispositivi mobili alla massima velocit\u00e0 e con la massima praticit\u00e0. Grazie al cavo type C retrattile integrato da 70 cm, non dovrai pi\u00f9 preoccuparti di cercarne uno. Emeryville non solo ricarica alla velocit\u00e0 della luce, ma offre anche il modo [&hellip;]<\/p>\n","protected":false},"featured_media":26791,"comment_status":"closed","ping_status":"closed","template":"","meta":{"_acf_changed":false,"om_disable_all_campaigns":false},"product_cat":[99],"product_tag":[],"class_list":["post-26768","product","type-product","status-publish","has-post-thumbnail","hentry","product_cat-powerbank","pa_color-black"],"acf":[],"yoast_head":"<!-- This site is optimized with the Yoast SEO plugin v27.0 - https:\/\/yoast.com\/product\/yoast-seo-wordpress\/ -->\n<title>Powerbank 10.000mah 20W Emeryville, nero - Urban Vitamin<\/title>\n<meta name=\"robots\" content=\"index, follow, max-snippet:-1, max-image-preview:large, max-video-preview:-1\" \/>\n<link rel=\"canonical\" href=\"https:\/\/urban-vitamin.com\/it\/prodotto\/powerbank-10-000mah-20w-emeryville-nero\/\" \/>\n<meta property=\"og:locale\" content=\"it_IT\" \/>\n<meta property=\"og:type\" content=\"article\" \/>\n<meta property=\"og:title\" content=\"Powerbank 10.000mah 20W Emeryville, nero - Urban Vitamin\" \/>\n<meta property=\"og:description\" content=\"Emeryville \u00e8 una powerbank da 10.000 mAh che ti consente di ricaricare tutti i tuoi dispositivi mobili alla massima velocit\u00e0 e con la massima praticit\u00e0. Grazie al cavo type C retrattile integrato da 70 cm, non dovrai pi\u00f9 preoccuparti di cercarne uno. Emeryville non solo ricarica alla velocit\u00e0 della luce, ma offre anche il modo [&hellip;]\" \/>\n<meta property=\"og:url\" content=\"https:\/\/urban-vitamin.com\/it\/prodotto\/powerbank-10-000mah-20w-emeryville-nero\/\" \/>\n<meta property=\"og:site_name\" content=\"Urban Vitamin\" \/>\n<meta property=\"og:image\" content=\"https:\/\/urban-vitamin.com\/wp-content\/uploads\/sites\/5\/2026\/01\/P322.7301__S_0__d858ee8231e14471a3a2441a4bc72396.jpg\" \/>\n\t<meta property=\"og:image:width\" content=\"1024\" \/>\n\t<meta property=\"og:image:height\" content=\"1024\" \/>\n\t<meta property=\"og:image:type\" content=\"image\/jpeg\" \/>\n<meta name=\"twitter:card\" content=\"summary_large_image\" \/>\n<meta name=\"twitter:label1\" content=\"Tempo di lettura stimato\" \/>\n\t<meta name=\"twitter:data1\" content=\"1 minuto\" \/>\n<script type=\"application\/ld+json\" class=\"yoast-schema-graph\">{\"@context\":\"https:\/\/schema.org\",\"@graph\":[{\"@type\":\"WebPage\",\"@id\":\"https:\/\/urban-vitamin.com\/it\/prodotto\/powerbank-10-000mah-20w-emeryville-nero\/\",\"url\":\"https:\/\/urban-vitamin.com\/it\/prodotto\/powerbank-10-000mah-20w-emeryville-nero\/\",\"name\":\"Powerbank 10.000mah 20W Emeryville, nero - Urban Vitamin\",\"isPartOf\":{\"@id\":\"https:\/\/urban-vitamin.com\/it\/#website\"},\"primaryImageOfPage\":{\"@id\":\"https:\/\/urban-vitamin.com\/it\/prodotto\/powerbank-10-000mah-20w-emeryville-nero\/#primaryimage\"},\"image\":{\"@id\":\"https:\/\/urban-vitamin.com\/it\/prodotto\/powerbank-10-000mah-20w-emeryville-nero\/#primaryimage\"},\"thumbnailUrl\":\"https:\/\/urban-vitamin.com\/wp-content\/uploads\/sites\/5\/2026\/01\/P322.7301__S_0__d858ee8231e14471a3a2441a4bc72396.jpg\",\"datePublished\":\"2026-03-12T01:06:37+00:00\",\"breadcrumb\":{\"@id\":\"https:\/\/urban-vitamin.com\/it\/prodotto\/powerbank-10-000mah-20w-emeryville-nero\/#breadcrumb\"},\"inLanguage\":\"it-IT\",\"potentialAction\":[{\"@type\":\"ReadAction\",\"target\":[\"https:\/\/urban-vitamin.com\/it\/prodotto\/powerbank-10-000mah-20w-emeryville-nero\/\"]}]},{\"@type\":\"ImageObject\",\"inLanguage\":\"it-IT\",\"@id\":\"https:\/\/urban-vitamin.com\/it\/prodotto\/powerbank-10-000mah-20w-emeryville-nero\/#primaryimage\",\"url\":\"https:\/\/urban-vitamin.com\/wp-content\/uploads\/sites\/5\/2026\/01\/P322.7301__S_0__d858ee8231e14471a3a2441a4bc72396.jpg\",\"contentUrl\":\"https:\/\/urban-vitamin.com\/wp-content\/uploads\/sites\/5\/2026\/01\/P322.7301__S_0__d858ee8231e14471a3a2441a4bc72396.jpg\",\"width\":1024,\"height\":1024},{\"@type\":\"BreadcrumbList\",\"@id\":\"https:\/\/urban-vitamin.com\/it\/prodotto\/powerbank-10-000mah-20w-emeryville-nero\/#breadcrumb\",\"itemListElement\":[{\"@type\":\"ListItem\",\"position\":1,\"name\":\"Home\",\"item\":\"https:\/\/urban-vitamin.com\/it\/\"},{\"@type\":\"ListItem\",\"position\":2,\"name\":\"Collezione\",\"item\":\"https:\/\/urban-vitamin.com\/it\/collezione\/\"},{\"@type\":\"ListItem\",\"position\":3,\"name\":\"Powerbank 10.000mah 20W Emeryville, nero\"}]},{\"@type\":\"WebSite\",\"@id\":\"https:\/\/urban-vitamin.com\/it\/#website\",\"url\":\"https:\/\/urban-vitamin.com\/it\/\",\"name\":\"Urban Vitamin\",\"description\":\"Enjoy your daily dose of Urban Vitamin!\",\"potentialAction\":[{\"@type\":\"SearchAction\",\"target\":{\"@type\":\"EntryPoint\",\"urlTemplate\":\"https:\/\/urban-vitamin.com\/it\/?s={search_term_string}\"},\"query-input\":{\"@type\":\"PropertyValueSpecification\",\"valueRequired\":true,\"valueName\":\"search_term_string\"}}],\"inLanguage\":\"it-IT\"}]}<\/script>\n<!-- \/ Yoast SEO plugin. -->","yoast_head_json":{"title":"Powerbank 10.000mah 20W Emeryville, nero - Urban Vitamin","robots":{"index":"index","follow":"follow","max-snippet":"max-snippet:-1","max-image-preview":"max-image-preview:large","max-video-preview":"max-video-preview:-1"},"canonical":"https:\/\/urban-vitamin.com\/it\/prodotto\/powerbank-10-000mah-20w-emeryville-nero\/","og_locale":"it_IT","og_type":"article","og_title":"Powerbank 10.000mah 20W Emeryville, nero - Urban Vitamin","og_description":"Emeryville \u00e8 una powerbank da 10.000 mAh che ti consente di ricaricare tutti i tuoi dispositivi mobili alla massima velocit\u00e0 e con la massima praticit\u00e0. Grazie al cavo type C retrattile integrato da 70 cm, non dovrai pi\u00f9 preoccuparti di cercarne uno. Emeryville non solo ricarica alla velocit\u00e0 della luce, ma offre anche il modo [&hellip;]","og_url":"https:\/\/urban-vitamin.com\/it\/prodotto\/powerbank-10-000mah-20w-emeryville-nero\/","og_site_name":"Urban Vitamin","og_image":[{"width":1024,"height":1024,"url":"https:\/\/urban-vitamin.com\/wp-content\/uploads\/sites\/5\/2026\/01\/P322.7301__S_0__d858ee8231e14471a3a2441a4bc72396.jpg","type":"image\/jpeg"}],"twitter_card":"summary_large_image","twitter_misc":{"Tempo di lettura stimato":"1 minuto"},"schema":{"@context":"https:\/\/schema.org","@graph":[{"@type":"WebPage","@id":"https:\/\/urban-vitamin.com\/it\/prodotto\/powerbank-10-000mah-20w-emeryville-nero\/","url":"https:\/\/urban-vitamin.com\/it\/prodotto\/powerbank-10-000mah-20w-emeryville-nero\/","name":"Powerbank 10.000mah 20W Emeryville, nero - Urban Vitamin","isPartOf":{"@id":"https:\/\/urban-vitamin.com\/it\/#website"},"primaryImageOfPage":{"@id":"https:\/\/urban-vitamin.com\/it\/prodotto\/powerbank-10-000mah-20w-emeryville-nero\/#primaryimage"},"image":{"@id":"https:\/\/urban-vitamin.com\/it\/prodotto\/powerbank-10-000mah-20w-emeryville-nero\/#primaryimage"},"thumbnailUrl":"https:\/\/urban-vitamin.com\/wp-content\/uploads\/sites\/5\/2026\/01\/P322.7301__S_0__d858ee8231e14471a3a2441a4bc72396.jpg","datePublished":"2026-03-12T01:06:37+00:00","breadcrumb":{"@id":"https:\/\/urban-vitamin.com\/it\/prodotto\/powerbank-10-000mah-20w-emeryville-nero\/#breadcrumb"},"inLanguage":"it-IT","potentialAction":[{"@type":"ReadAction","target":["https:\/\/urban-vitamin.com\/it\/prodotto\/powerbank-10-000mah-20w-emeryville-nero\/"]}]},{"@type":"ImageObject","inLanguage":"it-IT","@id":"https:\/\/urban-vitamin.com\/it\/prodotto\/powerbank-10-000mah-20w-emeryville-nero\/#primaryimage","url":"https:\/\/urban-vitamin.com\/wp-content\/uploads\/sites\/5\/2026\/01\/P322.7301__S_0__d858ee8231e14471a3a2441a4bc72396.jpg","contentUrl":"https:\/\/urban-vitamin.com\/wp-content\/uploads\/sites\/5\/2026\/01\/P322.7301__S_0__d858ee8231e14471a3a2441a4bc72396.jpg","width":1024,"height":1024},{"@type":"BreadcrumbList","@id":"https:\/\/urban-vitamin.com\/it\/prodotto\/powerbank-10-000mah-20w-emeryville-nero\/#breadcrumb","itemListElement":[{"@type":"ListItem","position":1,"name":"Home","item":"https:\/\/urban-vitamin.com\/it\/"},{"@type":"ListItem","position":2,"name":"Collezione","item":"https:\/\/urban-vitamin.com\/it\/collezione\/"},{"@type":"ListItem","position":3,"name":"Powerbank 10.000mah 20W Emeryville, nero"}]},{"@type":"WebSite","@id":"https:\/\/urban-vitamin.com\/it\/#website","url":"https:\/\/urban-vitamin.com\/it\/","name":"Urban Vitamin","description":"Enjoy your daily dose of Urban Vitamin!","potentialAction":[{"@type":"SearchAction","target":{"@type":"EntryPoint","urlTemplate":"https:\/\/urban-vitamin.com\/it\/?s={search_term_string}"},"query-input":{"@type":"PropertyValueSpecification","valueRequired":true,"valueName":"search_term_string"}}],"inLanguage":"it-IT"}]}},"_links":{"self":[{"href":"https:\/\/urban-vitamin.com\/it\/wp-json\/wp\/v2\/product\/26768","targetHints":{"allow":["GET"]}}],"collection":[{"href":"https:\/\/urban-vitamin.com\/it\/wp-json\/wp\/v2\/product"}],"about":[{"href":"https:\/\/urban-vitamin.com\/it\/wp-json\/wp\/v2\/types\/product"}],"replies":[{"embeddable":true,"href":"https:\/\/urban-vitamin.com\/it\/wp-json\/wp\/v2\/comments?post=26768"}],"wp:featuredmedia":[{"embeddable":true,"href":"https:\/\/urban-vitamin.com\/it\/wp-json\/wp\/v2\/media\/26791"}],"wp:attachment":[{"href":"https:\/\/urban-vitamin.com\/it\/wp-json\/wp\/v2\/media?parent=26768"}],"wp:term":[{"taxonomy":"product_cat","embeddable":true,"href":"https:\/\/urban-vitamin.com\/it\/wp-json\/wp\/v2\/product_cat?post=26768"},{"taxonomy":"product_tag","embeddable":true,"href":"https:\/\/urban-vitamin.com\/it\/wp-json\/wp\/v2\/product_tag?post=26768"}],"curies":[{"name":"wp","href":"https:\/\/api.w.org\/{rel}","templated":true}]}}