{"id":25652,"date":"2026-03-12T01:06:22","date_gmt":"2026-03-12T01:06:22","guid":{"rendered":"https:\/\/urban-vitamin.com\/caricatore-gan-105w-cavo-retrattile-urban-vitamin-sacramento-grigio\/"},"modified":"2026-03-12T00:40:25","modified_gmt":"2026-03-12T00:40:25","slug":"caricatore-gan-105w-cavo-retrattile-sacramento-grigio","status":"publish","type":"product","link":"https:\/\/urban-vitamin.com\/it\/prodotto\/caricatore-gan-105w-cavo-retrattile-sacramento-grigio\/","title":{"rendered":"Caricatore GaN 105W cavo retrattile Sacramento, grigio"},"content":{"rendered":"<p>La soluzione di ricarica all-in-one che stavi aspettando. Sacramento \u00e8 una stazione di ricarica GaN da 105W che combina la massima potenza con la praticit\u00e0 integrata. \u00c8 dotato di due cavi type C retrattili da 65W integrati, cos\u00ec avrai sempre a portata di mano una ricarica rapida, senza bisogno di cavi aggiuntivi. Hai bisogno di pi\u00f9 opzioni? Sacramento include anche una porta USB A e una type C, per un totale di quattro opzioni di output per ricaricare laptop, tablet, smartphone e altro ancora, tutto contemporaneamente. E per i tuoi dispositivi wireless, Sacramento \u00e8 dotato di un potente caricabatterie wireless magnetico da 15W che mantiene il tuo telefono saldamente in posizione, oltre a un pad wireless separato progettato specificamente per oggetti pi\u00f9 piccoli come auricolari o AirPods (5W max). Sacramento offre prestazioni elevate con un design compatto ed efficiente, generando meno calore e utilizzando l&#8217;energia in modo pi\u00f9 efficiente rispetto ai caricabatterie tradizionali. Sacrame<\/p>\n","protected":false},"excerpt":{"rendered":"<p>La soluzione di ricarica all-in-one che stavi aspettando. Sacramento \u00e8 una stazione di ricarica GaN da 105W che combina la massima potenza con la praticit\u00e0 integrata. \u00c8 dotato di due cavi type C retrattili da 65W integrati, cos\u00ec avrai sempre a portata di mano una ricarica rapida, senza bisogno di cavi aggiuntivi. Hai bisogno di [&hellip;]<\/p>\n","protected":false},"featured_media":26738,"comment_status":"closed","ping_status":"closed","template":"","meta":{"_acf_changed":false,"om_disable_all_campaigns":false},"product_cat":[97],"product_tag":[],"class_list":["post-25652","product","type-product","status-publish","has-post-thumbnail","hentry","product_cat-caricatori","pa_color-black","pa_color-grey"],"acf":[],"yoast_head":"<!-- This site is optimized with the Yoast SEO plugin v27.0 - https:\/\/yoast.com\/product\/yoast-seo-wordpress\/ -->\n<title>Caricatore GaN 105W cavo retrattile Sacramento, grigio - Urban Vitamin<\/title>\n<meta name=\"robots\" content=\"index, follow, max-snippet:-1, max-image-preview:large, max-video-preview:-1\" \/>\n<link rel=\"canonical\" href=\"https:\/\/urban-vitamin.com\/it\/prodotto\/caricatore-gan-105w-cavo-retrattile-sacramento-grigio\/\" \/>\n<meta property=\"og:locale\" content=\"it_IT\" \/>\n<meta property=\"og:type\" content=\"article\" \/>\n<meta property=\"og:title\" content=\"Caricatore GaN 105W cavo retrattile Sacramento, grigio - Urban Vitamin\" \/>\n<meta property=\"og:description\" content=\"La soluzione di ricarica all-in-one che stavi aspettando. Sacramento \u00e8 una stazione di ricarica GaN da 105W che combina la massima potenza con la praticit\u00e0 integrata. \u00c8 dotato di due cavi type C retrattili da 65W integrati, cos\u00ec avrai sempre a portata di mano una ricarica rapida, senza bisogno di cavi aggiuntivi. Hai bisogno di [&hellip;]\" \/>\n<meta property=\"og:url\" content=\"https:\/\/urban-vitamin.com\/it\/prodotto\/caricatore-gan-105w-cavo-retrattile-sacramento-grigio\/\" \/>\n<meta property=\"og:site_name\" content=\"Urban Vitamin\" \/>\n<meta property=\"og:image\" content=\"https:\/\/urban-vitamin.com\/wp-content\/uploads\/sites\/5\/2025\/10\/P309.5402__S_0__eb3eab99046e4ad6a903275685330dae.jpg\" \/>\n\t<meta property=\"og:image:width\" content=\"1024\" \/>\n\t<meta property=\"og:image:height\" content=\"1024\" \/>\n\t<meta property=\"og:image:type\" content=\"image\/jpeg\" \/>\n<meta name=\"twitter:card\" content=\"summary_large_image\" \/>\n<meta name=\"twitter:label1\" content=\"Tempo di lettura stimato\" \/>\n\t<meta name=\"twitter:data1\" content=\"1 minuto\" \/>\n<script type=\"application\/ld+json\" class=\"yoast-schema-graph\">{\"@context\":\"https:\/\/schema.org\",\"@graph\":[{\"@type\":\"WebPage\",\"@id\":\"https:\/\/urban-vitamin.com\/it\/prodotto\/caricatore-gan-105w-cavo-retrattile-sacramento-grigio\/\",\"url\":\"https:\/\/urban-vitamin.com\/it\/prodotto\/caricatore-gan-105w-cavo-retrattile-sacramento-grigio\/\",\"name\":\"Caricatore GaN 105W cavo retrattile Sacramento, grigio - Urban Vitamin\",\"isPartOf\":{\"@id\":\"https:\/\/urban-vitamin.com\/it\/#website\"},\"primaryImageOfPage\":{\"@id\":\"https:\/\/urban-vitamin.com\/it\/prodotto\/caricatore-gan-105w-cavo-retrattile-sacramento-grigio\/#primaryimage\"},\"image\":{\"@id\":\"https:\/\/urban-vitamin.com\/it\/prodotto\/caricatore-gan-105w-cavo-retrattile-sacramento-grigio\/#primaryimage\"},\"thumbnailUrl\":\"https:\/\/urban-vitamin.com\/wp-content\/uploads\/sites\/5\/2025\/10\/P309.5402__S_0__eb3eab99046e4ad6a903275685330dae.jpg\",\"datePublished\":\"2026-03-12T01:06:22+00:00\",\"breadcrumb\":{\"@id\":\"https:\/\/urban-vitamin.com\/it\/prodotto\/caricatore-gan-105w-cavo-retrattile-sacramento-grigio\/#breadcrumb\"},\"inLanguage\":\"it-IT\",\"potentialAction\":[{\"@type\":\"ReadAction\",\"target\":[\"https:\/\/urban-vitamin.com\/it\/prodotto\/caricatore-gan-105w-cavo-retrattile-sacramento-grigio\/\"]}]},{\"@type\":\"ImageObject\",\"inLanguage\":\"it-IT\",\"@id\":\"https:\/\/urban-vitamin.com\/it\/prodotto\/caricatore-gan-105w-cavo-retrattile-sacramento-grigio\/#primaryimage\",\"url\":\"https:\/\/urban-vitamin.com\/wp-content\/uploads\/sites\/5\/2025\/10\/P309.5402__S_0__eb3eab99046e4ad6a903275685330dae.jpg\",\"contentUrl\":\"https:\/\/urban-vitamin.com\/wp-content\/uploads\/sites\/5\/2025\/10\/P309.5402__S_0__eb3eab99046e4ad6a903275685330dae.jpg\",\"width\":1024,\"height\":1024},{\"@type\":\"BreadcrumbList\",\"@id\":\"https:\/\/urban-vitamin.com\/it\/prodotto\/caricatore-gan-105w-cavo-retrattile-sacramento-grigio\/#breadcrumb\",\"itemListElement\":[{\"@type\":\"ListItem\",\"position\":1,\"name\":\"Home\",\"item\":\"https:\/\/urban-vitamin.com\/it\/\"},{\"@type\":\"ListItem\",\"position\":2,\"name\":\"Collezione\",\"item\":\"https:\/\/urban-vitamin.com\/it\/collezione\/\"},{\"@type\":\"ListItem\",\"position\":3,\"name\":\"Caricatore GaN 105W cavo retrattile Sacramento, grigio\"}]},{\"@type\":\"WebSite\",\"@id\":\"https:\/\/urban-vitamin.com\/it\/#website\",\"url\":\"https:\/\/urban-vitamin.com\/it\/\",\"name\":\"Urban Vitamin\",\"description\":\"Enjoy your daily dose of Urban Vitamin!\",\"potentialAction\":[{\"@type\":\"SearchAction\",\"target\":{\"@type\":\"EntryPoint\",\"urlTemplate\":\"https:\/\/urban-vitamin.com\/it\/?s={search_term_string}\"},\"query-input\":{\"@type\":\"PropertyValueSpecification\",\"valueRequired\":true,\"valueName\":\"search_term_string\"}}],\"inLanguage\":\"it-IT\"}]}<\/script>\n<!-- \/ Yoast SEO plugin. -->","yoast_head_json":{"title":"Caricatore GaN 105W cavo retrattile Sacramento, grigio - Urban Vitamin","robots":{"index":"index","follow":"follow","max-snippet":"max-snippet:-1","max-image-preview":"max-image-preview:large","max-video-preview":"max-video-preview:-1"},"canonical":"https:\/\/urban-vitamin.com\/it\/prodotto\/caricatore-gan-105w-cavo-retrattile-sacramento-grigio\/","og_locale":"it_IT","og_type":"article","og_title":"Caricatore GaN 105W cavo retrattile Sacramento, grigio - Urban Vitamin","og_description":"La soluzione di ricarica all-in-one che stavi aspettando. Sacramento \u00e8 una stazione di ricarica GaN da 105W che combina la massima potenza con la praticit\u00e0 integrata. \u00c8 dotato di due cavi type C retrattili da 65W integrati, cos\u00ec avrai sempre a portata di mano una ricarica rapida, senza bisogno di cavi aggiuntivi. Hai bisogno di [&hellip;]","og_url":"https:\/\/urban-vitamin.com\/it\/prodotto\/caricatore-gan-105w-cavo-retrattile-sacramento-grigio\/","og_site_name":"Urban Vitamin","og_image":[{"width":1024,"height":1024,"url":"https:\/\/urban-vitamin.com\/wp-content\/uploads\/sites\/5\/2025\/10\/P309.5402__S_0__eb3eab99046e4ad6a903275685330dae.jpg","type":"image\/jpeg"}],"twitter_card":"summary_large_image","twitter_misc":{"Tempo di lettura stimato":"1 minuto"},"schema":{"@context":"https:\/\/schema.org","@graph":[{"@type":"WebPage","@id":"https:\/\/urban-vitamin.com\/it\/prodotto\/caricatore-gan-105w-cavo-retrattile-sacramento-grigio\/","url":"https:\/\/urban-vitamin.com\/it\/prodotto\/caricatore-gan-105w-cavo-retrattile-sacramento-grigio\/","name":"Caricatore GaN 105W cavo retrattile Sacramento, grigio - Urban Vitamin","isPartOf":{"@id":"https:\/\/urban-vitamin.com\/it\/#website"},"primaryImageOfPage":{"@id":"https:\/\/urban-vitamin.com\/it\/prodotto\/caricatore-gan-105w-cavo-retrattile-sacramento-grigio\/#primaryimage"},"image":{"@id":"https:\/\/urban-vitamin.com\/it\/prodotto\/caricatore-gan-105w-cavo-retrattile-sacramento-grigio\/#primaryimage"},"thumbnailUrl":"https:\/\/urban-vitamin.com\/wp-content\/uploads\/sites\/5\/2025\/10\/P309.5402__S_0__eb3eab99046e4ad6a903275685330dae.jpg","datePublished":"2026-03-12T01:06:22+00:00","breadcrumb":{"@id":"https:\/\/urban-vitamin.com\/it\/prodotto\/caricatore-gan-105w-cavo-retrattile-sacramento-grigio\/#breadcrumb"},"inLanguage":"it-IT","potentialAction":[{"@type":"ReadAction","target":["https:\/\/urban-vitamin.com\/it\/prodotto\/caricatore-gan-105w-cavo-retrattile-sacramento-grigio\/"]}]},{"@type":"ImageObject","inLanguage":"it-IT","@id":"https:\/\/urban-vitamin.com\/it\/prodotto\/caricatore-gan-105w-cavo-retrattile-sacramento-grigio\/#primaryimage","url":"https:\/\/urban-vitamin.com\/wp-content\/uploads\/sites\/5\/2025\/10\/P309.5402__S_0__eb3eab99046e4ad6a903275685330dae.jpg","contentUrl":"https:\/\/urban-vitamin.com\/wp-content\/uploads\/sites\/5\/2025\/10\/P309.5402__S_0__eb3eab99046e4ad6a903275685330dae.jpg","width":1024,"height":1024},{"@type":"BreadcrumbList","@id":"https:\/\/urban-vitamin.com\/it\/prodotto\/caricatore-gan-105w-cavo-retrattile-sacramento-grigio\/#breadcrumb","itemListElement":[{"@type":"ListItem","position":1,"name":"Home","item":"https:\/\/urban-vitamin.com\/it\/"},{"@type":"ListItem","position":2,"name":"Collezione","item":"https:\/\/urban-vitamin.com\/it\/collezione\/"},{"@type":"ListItem","position":3,"name":"Caricatore GaN 105W cavo retrattile Sacramento, grigio"}]},{"@type":"WebSite","@id":"https:\/\/urban-vitamin.com\/it\/#website","url":"https:\/\/urban-vitamin.com\/it\/","name":"Urban Vitamin","description":"Enjoy your daily dose of Urban Vitamin!","potentialAction":[{"@type":"SearchAction","target":{"@type":"EntryPoint","urlTemplate":"https:\/\/urban-vitamin.com\/it\/?s={search_term_string}"},"query-input":{"@type":"PropertyValueSpecification","valueRequired":true,"valueName":"search_term_string"}}],"inLanguage":"it-IT"}]}},"_links":{"self":[{"href":"https:\/\/urban-vitamin.com\/it\/wp-json\/wp\/v2\/product\/25652","targetHints":{"allow":["GET"]}}],"collection":[{"href":"https:\/\/urban-vitamin.com\/it\/wp-json\/wp\/v2\/product"}],"about":[{"href":"https:\/\/urban-vitamin.com\/it\/wp-json\/wp\/v2\/types\/product"}],"replies":[{"embeddable":true,"href":"https:\/\/urban-vitamin.com\/it\/wp-json\/wp\/v2\/comments?post=25652"}],"wp:featuredmedia":[{"embeddable":true,"href":"https:\/\/urban-vitamin.com\/it\/wp-json\/wp\/v2\/media\/26738"}],"wp:attachment":[{"href":"https:\/\/urban-vitamin.com\/it\/wp-json\/wp\/v2\/media?parent=25652"}],"wp:term":[{"taxonomy":"product_cat","embeddable":true,"href":"https:\/\/urban-vitamin.com\/it\/wp-json\/wp\/v2\/product_cat?post=25652"},{"taxonomy":"product_tag","embeddable":true,"href":"https:\/\/urban-vitamin.com\/it\/wp-json\/wp\/v2\/product_tag?post=25652"}],"curies":[{"name":"wp","href":"https:\/\/api.w.org\/{rel}","templated":true}]}}